{"id":11548,"date":"2025-07-16T03:16:37","date_gmt":"2025-07-16T03:16:37","guid":{"rendered":"https:\/\/moyahousehold.com\/?post_type=product&#038;p=11548"},"modified":"2026-03-27T02:30:03","modified_gmt":"2026-03-27T02:30:03","slug":"stainless-steel-food-container-with-striped-base-clear-as-lid-wide-latches-airtight-seal-ideal-for-freshness-preservation","status":"publish","type":"product","link":"https:\/\/moyahousehold.com\/pt\/produto\/stainless-steel-food-container-with-striped-base-clear-as-lid-wide-latches-airtight-seal-ideal-for-freshness-preservation\/","title":{"rendered":"Recipiente para alimentos em a\u00e7o inoxid\u00e1vel com base \u00e0s riscas Tampa transparente AS Fecho largo Fecho herm\u00e9tico Ideal para preservar a frescura"},"content":{"rendered":"<p><strong>material:<\/strong> 304 +AS Tampa <strong> cor:<\/strong> A\u00e7o\/Bege\/C\u00e1qui<\/p>\n\n\n\n<figure class=\"wp-block-table\"><table class=\"has-fixed-layout\"><tbody><tr><td>Item<\/td><td>Material<\/td><td>Cor<\/td><td>Capacidade<\/td><td>Tamanho\/PCS<\/td><td>PCS\/Caixa<\/td><td>N.W.\/PCS<\/td><td>G.W.\/Caso<\/td><\/tr><tr><td>MYJD392<\/td><td rowspan=\"10\">304+AS+PP+<br>Silicone<\/td><td rowspan=\"10\">Steel+Green\/<br>Castanho<\/td><td>520ml<\/td><td>15.4*10.5*6.5<\/td><td>80<\/td><td>0.20&nbsp;<\/td><td>17.60&nbsp;<\/td><\/tr><tr><td>MYJD393<\/td><td>720ml<\/td><td>15.4*10.5*8.4<\/td><td>60<\/td><td>0.22&nbsp;<\/td><td>14.90&nbsp;<\/td><\/tr><tr><td>MYJD394<\/td><td>900ml<\/td><td>18.5*13.8*6.5<\/td><td>56<\/td><td>0.28&nbsp;<\/td><td>17.57&nbsp;<\/td><\/tr><tr><td>MYJD395<\/td><td>1200ml<\/td><td>18.5*13.8*8.4<\/td><td>48<\/td><td>0.30&nbsp;<\/td><td>16.35&nbsp;<\/td><\/tr><tr><td>MYJD396<\/td><td>1500ml<\/td><td>22.8*17.2*6.5<\/td><td>48<\/td><td>0.42&nbsp;<\/td><td>21.97&nbsp;<\/td><\/tr><tr><td>MYJD397<\/td><td>2000ml<\/td><td>22.8*17.2*8.4<\/td><td>36<\/td><td>0.47&nbsp;<\/td><td>18.78&nbsp;<\/td><\/tr><tr><td>MYJD398<\/td><td>700ml<\/td><td>14*14*6.5<\/td><td>64<\/td><td>0.20&nbsp;<\/td><td>14.86&nbsp;<\/td><\/tr><tr><td>MYJD399<\/td><td>950ml<\/td><td>14*14*8.4<\/td><td>48<\/td><td>0.22&nbsp;<\/td><td>12.56&nbsp;<\/td><\/tr><tr><td>MYJD400<\/td><td>500ml<\/td><td>14*14*6.5<\/td><td>96<\/td><td>0.19&nbsp;<\/td><td>19.76&nbsp;<\/td><\/tr><tr><td>MYJD401<\/td><td>720ml<\/td><td>14*14*8.4<\/td><td>72<\/td><td>0.21&nbsp;<\/td><td>16.83&nbsp;<\/td><\/tr><tr><td>MYJD402<\/td><td rowspan=\"10\">304+AS+PP+<br>Silicone<\/td><td rowspan=\"10\">Bege\/caqui<\/td><td>520ml<\/td><td>15.4*10.5*6.5<\/td><td>80<\/td><td>0.20&nbsp;<\/td><td>17.76&nbsp;<\/td><\/tr><tr><td>MYJD403<\/td><td>720ml<\/td><td>15.4*10.5*8.4<\/td><td>60<\/td><td>0.22&nbsp;<\/td><td>15.08&nbsp;<\/td><\/tr><tr><td>MYJD404<\/td><td>900ml<\/td><td>18.5*13.8*6.5<\/td><td>56<\/td><td>0.28&nbsp;<\/td><td>17.90&nbsp;<\/td><\/tr><tr><td>MYJD405<\/td><td>1200ml<\/td><td>18.5*13.8*8.4<\/td><td>48<\/td><td>0.30&nbsp;<\/td><td>16.59&nbsp;<\/td><\/tr><tr><td>MYJD406<\/td><td>1500ml<\/td><td>22.8*17.2*6.5<\/td><td>48<\/td><td>0.42&nbsp;<\/td><td>21.97&nbsp;<\/td><\/tr><tr><td>MYJD407<\/td><td>2000ml<\/td><td>22.8*17.2*8.4<\/td><td>36<\/td><td>0.48&nbsp;<\/td><td>19.21&nbsp;<\/td><\/tr><tr><td>MYJD408<\/td><td>700ml<\/td><td>14*14*6.5<\/td><td>64<\/td><td>0.22&nbsp;<\/td><td>16.14&nbsp;<\/td><\/tr><tr><td>MYJD409<\/td><td>950ml<\/td><td>14*14*8.4<\/td><td>48<\/td><td>0.24&nbsp;<\/td><td>13.66&nbsp;<\/td><\/tr><tr><td>MYJD410<\/td><td>500ml<\/td><td>14*14*6.5<\/td><td>96<\/td><td>0.19&nbsp;<\/td><td>19.76&nbsp;<\/td><\/tr><tr><td>MYJD411<\/td><td>720ml<\/td><td>14*14*8.4<\/td><td>72<\/td><td>0.21&nbsp;<\/td><td>16.98&nbsp;<\/td><\/tr><\/tbody><\/table><\/figure>\n\n\n\n<h3 class=\"wp-block-heading\">Op\u00e7\u00f5es de lancheiras personalizadas<\/h3>\n\n\n\n<p><strong>Log\u00f3tipo<\/strong>: personalizar o log\u00f3tipo da sua marca na caixa bento em a\u00e7o inoxid\u00e1vel e na embalagem.<br><strong>Op\u00e7\u00f5es de log\u00f3tipo<\/strong>: log\u00f3tipo impresso, log\u00f3tipo gravado a laser, etc.<br><strong>Padr\u00e3o<\/strong>: padr\u00f5es de impress\u00e3o em produtos e embalagens.<br><strong>Tecnologia de impress\u00e3o<\/strong>: impress\u00e3o por transfer\u00eancia de \u00e1gua, impress\u00e3o por serigrafia, impress\u00e3o por transfer\u00eancia de calor, transfer\u00eancia por sublima\u00e7\u00e3o, etc.<br><strong>Embalagem:<\/strong>caixa de cor.<br><a href=\"https:\/\/moyahousehold.com\/pt\/solucao-personalizada\/\"><strong>Saiba mais sobre as solu\u00e7\u00f5es de lancheiras personalizadas.<\/strong><\/a><\/p>\n\n\n\n<div class=\"wp-block-columns is-layout-flex wp-container-core-columns-is-layout-9d6595d7 wp-block-columns-is-layout-flex\">\n<div class=\"wp-block-column is-layout-flow wp-block-column-is-layout-flow\">\n<figure class=\"wp-block-image size-full\"><img fetchpriority=\"high\" decoding=\"async\" width=\"4037\" height=\"4037\" src=\"https:\/\/moyahousehold.com\/wp-content\/uploads\/2025\/07\/AS-cover-food-storage-container.webp\" alt=\"Recipiente de armazenagem de alimentos com tampa AS\" class=\"wp-image-11497\" srcset=\"https:\/\/moyahousehold.com\/wp-content\/uploads\/2025\/07\/AS-cover-food-storage-container.webp 4037w, https:\/\/moyahousehold.com\/wp-content\/uploads\/2025\/07\/AS-cover-food-storage-container-300x300.webp 300w, https:\/\/moyahousehold.com\/wp-content\/uploads\/2025\/07\/AS-cover-food-storage-container-150x150.webp 150w, https:\/\/moyahousehold.com\/wp-content\/uploads\/2025\/07\/AS-cover-food-storage-container-768x768.webp 768w, https:\/\/moyahousehold.com\/wp-content\/uploads\/2025\/07\/AS-cover-food-storage-container-12x12.webp 12w, https:\/\/moyahousehold.com\/wp-content\/uploads\/2025\/07\/AS-cover-food-storage-container-285x285.webp 285w, https:\/\/moyahousehold.com\/wp-content\/uploads\/2025\/07\/AS-cover-food-storage-container-1600x1600.webp 1600w, https:\/\/moyahousehold.com\/wp-content\/uploads\/2025\/07\/AS-cover-food-storage-container-270x270.webp 270w, https:\/\/moyahousehold.com\/wp-content\/uploads\/2025\/07\/AS-cover-food-storage-container-540x540.webp 540w, https:\/\/moyahousehold.com\/wp-content\/uploads\/2025\/07\/AS-cover-food-storage-container-660x660.webp 660w\" sizes=\"(max-width: 4037px) 100vw, 4037px\" \/><\/figure>\n<\/div>\n\n\n\n<div class=\"wp-block-column is-layout-flow wp-block-column-is-layout-flow\">\n<figure class=\"wp-block-image size-full\"><img decoding=\"async\" width=\"3953\" height=\"3953\" src=\"https:\/\/moyahousehold.com\/wp-content\/uploads\/2025\/07\/AS-cover-food-storage-container-41.webp\" alt=\"Recipiente de armazenagem de alimentos com tampa AS\" class=\"wp-image-11496\" srcset=\"https:\/\/moyahousehold.com\/wp-content\/uploads\/2025\/07\/AS-cover-food-storage-container-41.webp 3953w, https:\/\/moyahousehold.com\/wp-content\/uploads\/2025\/07\/AS-cover-food-storage-container-41-300x300.webp 300w, https:\/\/moyahousehold.com\/wp-content\/uploads\/2025\/07\/AS-cover-food-storage-container-41-150x150.webp 150w, https:\/\/moyahousehold.com\/wp-content\/uploads\/2025\/07\/AS-cover-food-storage-container-41-768x768.webp 768w, https:\/\/moyahousehold.com\/wp-content\/uploads\/2025\/07\/AS-cover-food-storage-container-41-12x12.webp 12w, https:\/\/moyahousehold.com\/wp-content\/uploads\/2025\/07\/AS-cover-food-storage-container-41-285x285.webp 285w, https:\/\/moyahousehold.com\/wp-content\/uploads\/2025\/07\/AS-cover-food-storage-container-41-1600x1600.webp 1600w, https:\/\/moyahousehold.com\/wp-content\/uploads\/2025\/07\/AS-cover-food-storage-container-41-270x270.webp 270w, https:\/\/moyahousehold.com\/wp-content\/uploads\/2025\/07\/AS-cover-food-storage-container-41-540x540.webp 540w, https:\/\/moyahousehold.com\/wp-content\/uploads\/2025\/07\/AS-cover-food-storage-container-41-660x660.webp 660w\" sizes=\"(max-width: 3953px) 100vw, 3953px\" \/><\/figure>\n<\/div>\n<\/div>\n\n\n\n<div class=\"wp-block-columns is-layout-flex wp-container-core-columns-is-layout-9d6595d7 wp-block-columns-is-layout-flex\">\n<div class=\"wp-block-column is-layout-flow wp-block-column-is-layout-flow\">\n<figure class=\"wp-block-image size-full\"><img decoding=\"async\" width=\"3903\" height=\"3903\" src=\"https:\/\/moyahousehold.com\/wp-content\/uploads\/2025\/07\/AS-cover-food-storage-container-1.webp\" alt=\"Recipiente de armazenagem de alimentos com tampa AS\" class=\"wp-image-11454\" srcset=\"https:\/\/moyahousehold.com\/wp-content\/uploads\/2025\/07\/AS-cover-food-storage-container-1.webp 3903w, https:\/\/moyahousehold.com\/wp-content\/uploads\/2025\/07\/AS-cover-food-storage-container-1-300x300.webp 300w, https:\/\/moyahousehold.com\/wp-content\/uploads\/2025\/07\/AS-cover-food-storage-container-1-150x150.webp 150w, https:\/\/moyahousehold.com\/wp-content\/uploads\/2025\/07\/AS-cover-food-storage-container-1-768x768.webp 768w, https:\/\/moyahousehold.com\/wp-content\/uploads\/2025\/07\/AS-cover-food-storage-container-1-12x12.webp 12w, https:\/\/moyahousehold.com\/wp-content\/uploads\/2025\/07\/AS-cover-food-storage-container-1-285x285.webp 285w, https:\/\/moyahousehold.com\/wp-content\/uploads\/2025\/07\/AS-cover-food-storage-container-1-1600x1600.webp 1600w, https:\/\/moyahousehold.com\/wp-content\/uploads\/2025\/07\/AS-cover-food-storage-container-1-270x270.webp 270w, https:\/\/moyahousehold.com\/wp-content\/uploads\/2025\/07\/AS-cover-food-storage-container-1-540x540.webp 540w, https:\/\/moyahousehold.com\/wp-content\/uploads\/2025\/07\/AS-cover-food-storage-container-1-660x660.webp 660w\" sizes=\"(max-width: 3903px) 100vw, 3903px\" \/><\/figure>\n<\/div>\n\n\n\n<div class=\"wp-block-column is-layout-flow wp-block-column-is-layout-flow\">\n<figure class=\"wp-block-image size-full\"><img loading=\"lazy\" decoding=\"async\" width=\"4160\" height=\"4160\" src=\"https:\/\/moyahousehold.com\/wp-content\/uploads\/2025\/07\/AS-cover-food-storage-container-2.webp\" alt=\"Recipiente de armazenagem de alimentos com tampa AS\" class=\"wp-image-11455\" srcset=\"https:\/\/moyahousehold.com\/wp-content\/uploads\/2025\/07\/AS-cover-food-storage-container-2.webp 4160w, https:\/\/moyahousehold.com\/wp-content\/uploads\/2025\/07\/AS-cover-food-storage-container-2-300x300.webp 300w, https:\/\/moyahousehold.com\/wp-content\/uploads\/2025\/07\/AS-cover-food-storage-container-2-150x150.webp 150w, https:\/\/moyahousehold.com\/wp-content\/uploads\/2025\/07\/AS-cover-food-storage-container-2-768x768.webp 768w, https:\/\/moyahousehold.com\/wp-content\/uploads\/2025\/07\/AS-cover-food-storage-container-2-12x12.webp 12w, https:\/\/moyahousehold.com\/wp-content\/uploads\/2025\/07\/AS-cover-food-storage-container-2-285x285.webp 285w, https:\/\/moyahousehold.com\/wp-content\/uploads\/2025\/07\/AS-cover-food-storage-container-2-1600x1600.webp 1600w, https:\/\/moyahousehold.com\/wp-content\/uploads\/2025\/07\/AS-cover-food-storage-container-2-270x270.webp 270w, https:\/\/moyahousehold.com\/wp-content\/uploads\/2025\/07\/AS-cover-food-storage-container-2-540x540.webp 540w, https:\/\/moyahousehold.com\/wp-content\/uploads\/2025\/07\/AS-cover-food-storage-container-2-660x660.webp 660w\" sizes=\"(max-width: 4160px) 100vw, 4160px\" \/><\/figure>\n<\/div>\n<\/div>\n\n\n\n<p><\/p>","protected":false},"excerpt":{"rendered":"<div class=\"inter-jQQQ8P\">\n<div class=\"container-PrUkKo\">\n<div class=\"item-hGGxLi\">\n<div class=\"container-arOxqB chrome70-container\">\n<div class=\"inner-FyM8gE inner-item-swzCut\" data-target-id=\"message-box-target-id\" data-testid=\"union_message\">\n<div class=\"message-block-container-aFugD6\" data-testid=\"message-block-container\">\n<div class=\"flex flex-row w-full w-full max-w-full s-font-base text-s-color-text-secondary p-0 rounded-s-radius-s bg-transparent group data-[attr=select-mode]:-mt-10 data-[attr=select-mode]:py-10 data-[attr=select-mode]:px-16 data-[attr=select-mode]:sm:p-10 data-[attr=select-mode]:hover:bg-s-color-bg-base data-[attr=select-mode]:hover:rounded-s-radius-xs data-[attr=select-mode]:has-[:checked]:bg-s-color-bg-trans data-[attr=select-mode]:has-[:checked]:rounded-s-radius-xs data-[attr=select-mode]:pointer-events-none\" data-testid=\"receive_message\">\n<div class=\"flex flex-col flex-grow max-w-full min-w-0\">\n<div class=\"flex flex-row w-full\" data-testid=\"message_content\" data-message-id=\"12422009564245506\">\n<div class=\"w-full\" data-plugin-identifier=\"Symbol(infra:receive-message-box:text)\">\n<div class=\"container-ZYIsnH flow-markdown-body theme-samantha-Nbr9UN\" dir=\"ltr\" data-testid=\"message_text_content\" data-show-indicator=\"false\">\n<h2 class=\"header-vfC6AV auto-hide-last-sibling-br\">Qualidade superior e design pr\u00e1tico<\/h2>\n<div class=\"auto-hide-last-sibling-br paragraph-JOTKXA paragraph-element br-paragraph-space\">Fabricados em a\u00e7o inoxid\u00e1vel de qualidade alimentar, estes recipientes de armazenamento apresentam um fundo \u00e0s riscas, uma tampa AS transparente e fechos largos, ideais para manter frescos os frutos, as sobras ou os produtos secos. Perfeitos para utiliza\u00e7\u00e3o em casa, na cozinha ou no exterior, garantem que os alimentos se mant\u00eam organizados, vis\u00edveis e bem fechados. Com descontos para compras a granel e apoio \u00e0 personaliza\u00e7\u00e3o OEM e ODM, agradecemos a coopera\u00e7\u00e3o para satisfazer as suas necessidades espec\u00edficas.<\/div>\n<h2 class=\"header-vfC6AV auto-hide-last-sibling-br\">Carater\u00edsticas do recipiente de armazenamento de alimentos em a\u00e7o inoxid\u00e1vel<\/h2>\n<h3 class=\"header-vfC6AV auto-hide-last-sibling-br\">1. Design elegante e funcional<\/h3>\n<div class=\"auto-hide-last-sibling-br paragraph-JOTKXA paragraph-element br-paragraph-space\">A base \u00fanica com riscas d\u00e1 um toque est\u00e9tico e aumenta a estabilidade antiderrapante em v\u00e1rias superf\u00edcies. A tampa transparente AS permite uma f\u00e1cil identifica\u00e7\u00e3o do conte\u00fado num relance. Compacta e empilh\u00e1vel, permite poupar espa\u00e7o em frigor\u00edficos, arm\u00e1rios ou cestos de piquenique.<\/div>\n<h3 class=\"header-vfC6AV auto-hide-last-sibling-br\">2. Preserva\u00e7\u00e3o eficiente da frescura<\/h3>\n<div class=\"auto-hide-last-sibling-br paragraph-JOTKXA paragraph-element br-paragraph-space\">Os fechos largos prendem firmemente a tampa AS, juntamente com um anel de veda\u00e7\u00e3o de silicone para formar uma forte barreira herm\u00e9tica. Bloqueia o ar e a humidade, evita a mistura de odores e a deteriora\u00e7\u00e3o, e prolonga a frescura dos alimentos - adequado para refrigera\u00e7\u00e3o e armazenamento \u00e0 temperatura ambiente.<\/div>\n<h3 class=\"header-vfC6AV auto-hide-last-sibling-br\">3. Material seguro e duradouro<\/h3>\n<div class=\"auto-hide-last-sibling-br paragraph-JOTKXA paragraph-element br-paragraph-space\">Fabricado em a\u00e7o inoxid\u00e1vel de qualidade alimentar 100%, isento de BPA e de qu\u00edmicos nocivos. A tampa AS \u00e9 resistente a estilha\u00e7os, n\u00e3o t\u00f3xica e segura para contacto direto com os alimentos. Certificada pelas normas de seguran\u00e7a alimentar relevantes, garantindo uma utiliza\u00e7\u00e3o fi\u00e1vel e duradoura.<\/div>\n<h3 class=\"header-vfC6AV auto-hide-last-sibling-br\">4. Pormenores de f\u00e1cil utiliza\u00e7\u00e3o<\/h3>\n<div class=\"auto-hide-last-sibling-br paragraph-JOTKXA paragraph-element br-paragraph-space\">Os fechos largos foram concebidos para uma abertura e fecho f\u00e1ceis, exigindo um esfor\u00e7o m\u00ednimo - adequado para adultos e crian\u00e7as. O corpo em a\u00e7o inoxid\u00e1vel \u00e9 resistente \u00e0 corros\u00e3o e f\u00e1cil de limpar, enquanto a base \u00e0s riscas resiste a riscos durante a utiliza\u00e7\u00e3o di\u00e1ria.<\/div>\n<h3 class=\"header-vfC6AV auto-hide-last-sibling-br\">5. Tamanhos vers\u00e1teis<\/h3>\n<div class=\"auto-hide-last-sibling-br paragraph-JOTKXA paragraph-element br-paragraph-space\">Dispon\u00edvel numa gama de capacidades (250 ml-2,5 l), desde pequenas para condimentos ou snacks a grandes para por\u00e7\u00f5es familiares, adaptando-se a v\u00e1rias necessidades de armazenamento na vida quotidiana ou em ambientes comerciais.<\/div>\n<\/div>\n<\/div>\n<\/div>\n<\/div>\n<\/div>\n<\/div>\n<\/div>\n<\/div>\n<\/div>\n<\/div>\n<\/div>","protected":false},"featured_media":11470,"comment_status":"closed","ping_status":"closed","template":"","meta":[],"product_cat":[57],"product_tag":[87,92],"class_list":{"0":"post-11548","1":"product","2":"type-product","3":"status-publish","4":"has-post-thumbnail","6":"product_cat-food-storage-container-wholesale","7":"product_tag-wholesale-multi-compartment-lunch-box","8":"product_tag-wholesale-rectangle-lunch-box","10":"first","11":"instock","12":"shipping-taxable","13":"product-type-simple"},"_links":{"self":[{"href":"https:\/\/moyahousehold.com\/pt\/wp-json\/wp\/v2\/product\/11548","targetHints":{"allow":["GET"]}}],"collection":[{"href":"https:\/\/moyahousehold.com\/pt\/wp-json\/wp\/v2\/product"}],"about":[{"href":"https:\/\/moyahousehold.com\/pt\/wp-json\/wp\/v2\/types\/product"}],"replies":[{"embeddable":true,"href":"https:\/\/moyahousehold.com\/pt\/wp-json\/wp\/v2\/comments?post=11548"}],"version-history":[{"count":1,"href":"https:\/\/moyahousehold.com\/pt\/wp-json\/wp\/v2\/product\/11548\/revisions"}],"predecessor-version":[{"id":12089,"href":"https:\/\/moyahousehold.com\/pt\/wp-json\/wp\/v2\/product\/11548\/revisions\/12089"}],"wp:featuredmedia":[{"embeddable":true,"href":"https:\/\/moyahousehold.com\/pt\/wp-json\/wp\/v2\/media\/11470"}],"wp:attachment":[{"href":"https:\/\/moyahousehold.com\/pt\/wp-json\/wp\/v2\/media?parent=11548"}],"wp:term":[{"taxonomy":"product_cat","embeddable":true,"href":"https:\/\/moyahousehold.com\/pt\/wp-json\/wp\/v2\/product_cat?post=11548"},{"taxonomy":"product_tag","embeddable":true,"href":"https:\/\/moyahousehold.com\/pt\/wp-json\/wp\/v2\/product_tag?post=11548"}],"curies":[{"name":"wp","href":"https:\/\/api.w.org\/{rel}","templated":true}]}}