{"id":11815,"date":"2025-12-27T03:21:32","date_gmt":"2025-12-27T02:49:20","guid":{"rendered":"https:\/\/moyahousehold.com\/?post_type=product&#038;p=11815"},"modified":"2025-12-27T03:32:55","modified_gmt":"2025-12-27T03:32:55","slug":"breathable-button-stainless-steel-food-container-keep-food-fresh-longer-with-secure-seal-portable-design","status":"publish","type":"product","link":"https:\/\/moyahousehold.com\/pt\/produto\/breathable-button-stainless-steel-food-container-keep-food-fresh-longer-with-secure-seal-portable-design\/","title":{"rendered":"Recipiente para alimentos em a\u00e7o inoxid\u00e1vel com bot\u00e3o respir\u00e1vel: Mant\u00e9m os alimentos frescos durante mais tempo com um selo seguro e um design port\u00e1til"},"content":{"rendered":"<h2 class=\"wp-block-heading\">Par\u00e2metros da lancheira para crian\u00e7as com v\u00e1rios compartimentos para a escola<\/h2>\n\n\n\n<p><strong>material:<\/strong> 304 + PP+Silicone <strong> cor:<\/strong> Bege<\/p>\n\n\n\n<figure class=\"wp-block-table\"><table class=\"has-fixed-layout\"><tbody><tr><td>Item<\/td><td>Material<\/td><td>Cor<\/td><td>Capacidade<\/td><td>Tamanho\/PCS<\/td><td>PCS\/Caixa<\/td><td>N.W.\/PCS<\/td><td>G.W.\/Caso<\/td><\/tr><tr><td>MYJX362<\/td><td>304+PP+Silicone<\/td><td>Bege<\/td><td>1200-3900ML<\/td><td>72*50*52<\/td><td>48<\/td><td>0.81&nbsp;<\/td><td>24.37&nbsp;<\/td><\/tr><\/tbody><\/table><\/figure>\n\n\n\n<h3 class=\"wp-block-heading\">Op\u00e7\u00f5es de lancheiras personalizadas<\/h3>\n\n\n\n<p><strong>Log\u00f3tipo<\/strong>: personalizar o log\u00f3tipo da sua marca na caixa bento em a\u00e7o inoxid\u00e1vel e na embalagem.<br><strong>Op\u00e7\u00f5es de log\u00f3tipo<\/strong>: log\u00f3tipo impresso, log\u00f3tipo gravado a laser, etc.<br><strong>Padr\u00e3o<\/strong>: padr\u00f5es de impress\u00e3o em produtos e embalagens.<br><strong>Tecnologia de impress\u00e3o<\/strong>: impress\u00e3o por transfer\u00eancia de \u00e1gua, impress\u00e3o por serigrafia, impress\u00e3o por transfer\u00eancia de calor, transfer\u00eancia por sublima\u00e7\u00e3o, etc.<br><strong>Embalagem:<\/strong>caixa de cor.<br><a href=\"https:\/\/moyahousehold.com\/pt\/solucao-personalizada\/\"><strong>Saiba mais sobre as solu\u00e7\u00f5es de lancheiras personalizadas.<\/strong><\/a><\/p>\n\n\n\n<div class=\"wp-block-columns is-layout-flex wp-container-core-columns-is-layout-9d6595d7 wp-block-columns-is-layout-flex\">\n<div class=\"wp-block-column is-layout-flow wp-block-column-is-layout-flow\" style=\"flex-basis:100%\">\n<div class=\"wp-block-group is-nowrap is-layout-flex wp-container-core-group-is-layout-ad2f72ca wp-block-group-is-layout-flex\">\n<div class=\"wp-block-columns is-layout-flex wp-container-core-columns-is-layout-9d6595d7 wp-block-columns-is-layout-flex\">\n<div class=\"wp-block-column is-layout-flow wp-block-column-is-layout-flow\">\n<figure class=\"wp-block-image size-full\"><img fetchpriority=\"high\" decoding=\"async\" width=\"800\" height=\"800\" src=\"https:\/\/moyahousehold.com\/wp-content\/uploads\/2025\/12\/moya-Stainless-steel-304.webp\" alt=\"\" class=\"wp-image-11821\" srcset=\"https:\/\/moyahousehold.com\/wp-content\/uploads\/2025\/12\/moya-Stainless-steel-304.webp 800w, https:\/\/moyahousehold.com\/wp-content\/uploads\/2025\/12\/moya-Stainless-steel-304-300x300.webp 300w, https:\/\/moyahousehold.com\/wp-content\/uploads\/2025\/12\/moya-Stainless-steel-304-150x150.webp 150w, https:\/\/moyahousehold.com\/wp-content\/uploads\/2025\/12\/moya-Stainless-steel-304-768x768.webp 768w, https:\/\/moyahousehold.com\/wp-content\/uploads\/2025\/12\/moya-Stainless-steel-304-12x12.webp 12w, https:\/\/moyahousehold.com\/wp-content\/uploads\/2025\/12\/moya-Stainless-steel-304-285x285.webp 285w, https:\/\/moyahousehold.com\/wp-content\/uploads\/2025\/12\/moya-Stainless-steel-304-270x270.webp 270w, https:\/\/moyahousehold.com\/wp-content\/uploads\/2025\/12\/moya-Stainless-steel-304-540x540.webp 540w, https:\/\/moyahousehold.com\/wp-content\/uploads\/2025\/12\/moya-Stainless-steel-304-660x660.webp 660w\" sizes=\"(max-width: 800px) 100vw, 800px\" \/><\/figure>\n<\/div>\n\n\n\n<div class=\"wp-block-column is-layout-flow wp-block-column-is-layout-flow\">\n<figure class=\"wp-block-image size-full\"><img decoding=\"async\" width=\"800\" height=\"800\" src=\"https:\/\/moyahousehold.com\/wp-content\/uploads\/2025\/12\/Factory-wholesale-1.webp\" alt=\"\" class=\"wp-image-11819\" srcset=\"https:\/\/moyahousehold.com\/wp-content\/uploads\/2025\/12\/Factory-wholesale-1.webp 800w, https:\/\/moyahousehold.com\/wp-content\/uploads\/2025\/12\/Factory-wholesale-1-300x300.webp 300w, https:\/\/moyahousehold.com\/wp-content\/uploads\/2025\/12\/Factory-wholesale-1-150x150.webp 150w, https:\/\/moyahousehold.com\/wp-content\/uploads\/2025\/12\/Factory-wholesale-1-768x768.webp 768w, https:\/\/moyahousehold.com\/wp-content\/uploads\/2025\/12\/Factory-wholesale-1-12x12.webp 12w, https:\/\/moyahousehold.com\/wp-content\/uploads\/2025\/12\/Factory-wholesale-1-285x285.webp 285w, https:\/\/moyahousehold.com\/wp-content\/uploads\/2025\/12\/Factory-wholesale-1-270x270.webp 270w, https:\/\/moyahousehold.com\/wp-content\/uploads\/2025\/12\/Factory-wholesale-1-540x540.webp 540w, https:\/\/moyahousehold.com\/wp-content\/uploads\/2025\/12\/Factory-wholesale-1-660x660.webp 660w\" sizes=\"(max-width: 800px) 100vw, 800px\" \/><\/figure>\n<\/div>\n<\/div>\n<\/div>\n<\/div>\n<\/div>\n\n\n\n<div class=\"wp-block-columns is-layout-flex wp-container-core-columns-is-layout-9d6595d7 wp-block-columns-is-layout-flex\">\n<div class=\"wp-block-column is-layout-flow wp-block-column-is-layout-flow\">\n<figure class=\"wp-block-image size-full\"><img decoding=\"async\" width=\"800\" height=\"800\" src=\"https:\/\/moyahousehold.com\/wp-content\/uploads\/2025\/12\/food-storage-box.webp\" alt=\"\" class=\"wp-image-11820\" srcset=\"https:\/\/moyahousehold.com\/wp-content\/uploads\/2025\/12\/food-storage-box.webp 800w, https:\/\/moyahousehold.com\/wp-content\/uploads\/2025\/12\/food-storage-box-300x300.webp 300w, https:\/\/moyahousehold.com\/wp-content\/uploads\/2025\/12\/food-storage-box-150x150.webp 150w, https:\/\/moyahousehold.com\/wp-content\/uploads\/2025\/12\/food-storage-box-768x768.webp 768w, https:\/\/moyahousehold.com\/wp-content\/uploads\/2025\/12\/food-storage-box-12x12.webp 12w, https:\/\/moyahousehold.com\/wp-content\/uploads\/2025\/12\/food-storage-box-285x285.webp 285w, https:\/\/moyahousehold.com\/wp-content\/uploads\/2025\/12\/food-storage-box-270x270.webp 270w, https:\/\/moyahousehold.com\/wp-content\/uploads\/2025\/12\/food-storage-box-540x540.webp 540w, https:\/\/moyahousehold.com\/wp-content\/uploads\/2025\/12\/food-storage-box-660x660.webp 660w\" sizes=\"(max-width: 800px) 100vw, 800px\" \/><\/figure>\n<\/div>\n\n\n\n<div class=\"wp-block-column is-layout-flow wp-block-column-is-layout-flow\">\n<figure class=\"wp-block-image size-full\"><img loading=\"lazy\" decoding=\"async\" width=\"800\" height=\"800\" src=\"https:\/\/moyahousehold.com\/wp-content\/uploads\/2025\/12\/Stainless-steel-food-storage-box.webp\" alt=\"\" class=\"wp-image-11822\" srcset=\"https:\/\/moyahousehold.com\/wp-content\/uploads\/2025\/12\/Stainless-steel-food-storage-box.webp 800w, https:\/\/moyahousehold.com\/wp-content\/uploads\/2025\/12\/Stainless-steel-food-storage-box-300x300.webp 300w, https:\/\/moyahousehold.com\/wp-content\/uploads\/2025\/12\/Stainless-steel-food-storage-box-150x150.webp 150w, https:\/\/moyahousehold.com\/wp-content\/uploads\/2025\/12\/Stainless-steel-food-storage-box-768x768.webp 768w, https:\/\/moyahousehold.com\/wp-content\/uploads\/2025\/12\/Stainless-steel-food-storage-box-12x12.webp 12w, https:\/\/moyahousehold.com\/wp-content\/uploads\/2025\/12\/Stainless-steel-food-storage-box-285x285.webp 285w, https:\/\/moyahousehold.com\/wp-content\/uploads\/2025\/12\/Stainless-steel-food-storage-box-270x270.webp 270w, https:\/\/moyahousehold.com\/wp-content\/uploads\/2025\/12\/Stainless-steel-food-storage-box-540x540.webp 540w, https:\/\/moyahousehold.com\/wp-content\/uploads\/2025\/12\/Stainless-steel-food-storage-box-660x660.webp 660w\" sizes=\"(max-width: 800px) 100vw, 800px\" \/><\/figure>\n<\/div>\n<\/div>","protected":false},"excerpt":{"rendered":"<h2 class=\"header-vfC6AV auto-hide-last-sibling-br\">Qualidade superior e design pr\u00e1tico<\/h2>\n<div class=\"auto-hide-last-sibling-br paragraph-JOTKXA paragraph-element br-paragraph-space\">Fabricada em a\u00e7o inoxid\u00e1vel 304 de qualidade alimentar, esta caixa bento apresenta uma estrutura com v\u00e1rios compartimentos (dispon\u00edvel em op\u00e7\u00f5es de 4 ou 5 compartimentos), permitindo uma classifica\u00e7\u00e3o f\u00e1cil dos diferentes alimentos. Ideal para estudantes e pessoal de escrit\u00f3rio, garante que as refei\u00e7\u00f5es se mant\u00eam frescas, organizadas e sem confus\u00e3o. Com descontos para compras a granel e suporte para personaliza\u00e7\u00e3o OEM e ODM, agradecemos a coopera\u00e7\u00e3o para satisfazer as suas necessidades espec\u00edficas.<\/div>\n<h1 class=\"header-iWP5WJ auto-hide-last-sibling-br\">Lancheira port\u00e1til de a\u00e7o inoxid\u00e1vel - O seu companheiro perfeito para refei\u00e7\u00f5es em viagem<\/h1>\n<h3 class=\"header-iWP5WJ auto-hide-last-sibling-br\">Vantagem principal<\/h3>\n<div class=\"auto-hide-last-sibling-br paragraph-pP9ZLC paragraph-element br-paragraph-space\"><strong>A\u00e7o inoxid\u00e1vel de qualidade alimentar, sem BPA<\/strong>\u00a0- Resistente, sem odores, f\u00e1cil de limpar, seguro para utiliza\u00e7\u00e3o di\u00e1ria.<\/div>\n<h3 class=\"header-iWP5WJ auto-hide-last-sibling-br\">\u00c0 prova de fugas e manuten\u00e7\u00e3o de frescura<\/h3>\n<div class=\"auto-hide-last-sibling-br paragraph-pP9ZLC paragraph-element br-paragraph-space\"><strong>Veda\u00e7\u00e3o de clipes em 4 lados + junta de silicone<\/strong>\u00a0- Zero derrames;\u00a0<strong>bot\u00e3o respir\u00e1vel de liberta\u00e7\u00e3o de press\u00e3o<\/strong>\u00a0- Mant\u00e9m os alimentos frescos durante mais tempo.<\/div>\n<h3 class=\"header-iWP5WJ auto-hide-last-sibling-br\">F\u00e1cil de transportar<\/h3>\n<div class=\"auto-hide-last-sibling-br paragraph-pP9ZLC paragraph-element br-paragraph-space\"><strong>Pega ergon\u00f3mica em forma de U<\/strong>\u00a0- F\u00e1cil de agarrar e levar; o design leve adapta-se a mochilas\/sacos de viagem.<\/div>\n<h3 class=\"header-iWP5WJ auto-hide-last-sibling-br\">Design pr\u00e1tico<\/h3>\n<div class=\"auto-hide-last-sibling-br paragraph-pP9ZLC paragraph-element br-paragraph-space\"><strong>Tampa transparente<\/strong>\u00a0- Verificar o conte\u00fado sem o abrir;\u00a0<strong>divis\u00f3ria separ\u00e1vel compat\u00edvel<\/strong>\u00a0- Acabaram-se os sabores misturados.<\/div>\n<h3 class=\"header-iWP5WJ auto-hide-last-sibling-br\">Utiliza\u00e7\u00e3o em v\u00e1rias cenas<\/h3>\n<div class=\"auto-hide-last-sibling-br paragraph-pP9ZLC paragraph-element br-paragraph-space\">Perfeita para almo\u00e7os de escrit\u00f3rio, piqueniques ao ar livre, viagens e arruma\u00e7\u00e3o di\u00e1ria - Um acess\u00f3rio indispens\u00e1vel para trabalhadores ocupados e amantes do ar livre.<\/div>\n<h3 class=\"header-iWP5WJ auto-hide-last-sibling-br\">\u267b\ufe0f Escolha amiga do ambiente<\/h3>\n<div class=\"auto-hide-last-sibling-br paragraph-pP9ZLC paragraph-element br-paragraph-space\">Alternativa reutiliz\u00e1vel aos recipientes de pl\u00e1stico descart\u00e1veis - Fa\u00e7a a sua parte pelo planeta!<\/div>\n<h2 class=\"header-vfC6AV auto-hide-last-sibling-br\">Servi\u00e7os de personaliza\u00e7\u00e3o<\/h2>\n<div class=\"auto-hide-last-sibling-br paragraph-JOTKXA paragraph-element br-paragraph-space\">Como um fabricante profissional de lancheiras, n\u00f3s fornecemos solu\u00e7\u00f5es abrangentes de OEM e ODM:<\/div>\n<ul class=\"auto-hide-last-sibling-br\">\n<li><strong>OEM<\/strong>: Personalize log\u00f3tipos, impress\u00f5es ou embalagens para se alinharem com a identidade da sua marca. Tamb\u00e9m pode escolher cores diferentes para o inv\u00f3lucro exterior para combinar com o estilo da sua marca.<\/li>\n<li><strong>ODM<\/strong>: Colaboramos na conce\u00e7\u00e3o do produto, desde a disposi\u00e7\u00e3o dos compartimentos (ajustando o n\u00famero e o tamanho dos compartimentos) aos acabamentos dos materiais, para criar solu\u00e7\u00f5es \u00fanicas e orientadas para o mercado. Podemos tamb\u00e9m otimizar a estrutura de veda\u00e7\u00e3o ou acrescentar designs funcionais especiais de acordo com as suas necessidades.<\/li>\n<\/ul>","protected":false},"featured_media":11824,"comment_status":"closed","ping_status":"closed","template":"","meta":[],"product_cat":[58],"product_tag":[87,92],"class_list":{"0":"post-11815","1":"product","2":"type-product","3":"status-publish","4":"has-post-thumbnail","6":"product_cat-lunch-box-wholesale","7":"product_tag-wholesale-multi-compartment-lunch-box","8":"product_tag-wholesale-rectangle-lunch-box","10":"first","11":"instock","12":"shipping-taxable","13":"product-type-simple"},"_links":{"self":[{"href":"https:\/\/moyahousehold.com\/pt\/wp-json\/wp\/v2\/product\/11815","targetHints":{"allow":["GET"]}}],"collection":[{"href":"https:\/\/moyahousehold.com\/pt\/wp-json\/wp\/v2\/product"}],"about":[{"href":"https:\/\/moyahousehold.com\/pt\/wp-json\/wp\/v2\/types\/product"}],"replies":[{"embeddable":true,"href":"https:\/\/moyahousehold.com\/pt\/wp-json\/wp\/v2\/comments?post=11815"}],"version-history":[{"count":3,"href":"https:\/\/moyahousehold.com\/pt\/wp-json\/wp\/v2\/product\/11815\/revisions"}],"predecessor-version":[{"id":12091,"href":"https:\/\/moyahousehold.com\/pt\/wp-json\/wp\/v2\/product\/11815\/revisions\/12091"}],"wp:featuredmedia":[{"embeddable":true,"href":"https:\/\/moyahousehold.com\/pt\/wp-json\/wp\/v2\/media\/11824"}],"wp:attachment":[{"href":"https:\/\/moyahousehold.com\/pt\/wp-json\/wp\/v2\/media?parent=11815"}],"wp:term":[{"taxonomy":"product_cat","embeddable":true,"href":"https:\/\/moyahousehold.com\/pt\/wp-json\/wp\/v2\/product_cat?post=11815"},{"taxonomy":"product_tag","embeddable":true,"href":"https:\/\/moyahousehold.com\/pt\/wp-json\/wp\/v2\/product_tag?post=11815"}],"curies":[{"name":"wp","href":"https:\/\/api.w.org\/{rel}","templated":true}]}}