{"id":11864,"date":"2026-01-06T07:43:46","date_gmt":"2026-01-06T07:05:00","guid":{"rendered":"https:\/\/moyahousehold.com\/?post_type=product&#038;p=11864"},"modified":"2026-04-15T06:40:49","modified_gmt":"2026-04-15T06:40:49","slug":"304-stainless-steel-mixing-bowl-your-ultimate-kitchen-prep-tool","status":"publish","type":"product","link":"https:\/\/moyahousehold.com\/pt\/produto\/304-stainless-steel-mixing-bowl-your-ultimate-kitchen-prep-tool\/","title":{"rendered":"304 Stainless Steel Mixing Bowl | Your Ultimate Kitchen Prep Tool"},"content":{"rendered":"<figure class=\"wp-block-image size-full\"><img fetchpriority=\"high\" decoding=\"async\" width=\"800\" height=\"800\" src=\"https:\/\/moyahousehold.com\/wp-content\/uploads\/2026\/01\/durable-kitchen-bowls-for-home-cooks.webp\" alt=\"\" class=\"wp-image-11866\" srcset=\"https:\/\/moyahousehold.com\/wp-content\/uploads\/2026\/01\/durable-kitchen-bowls-for-home-cooks.webp 800w, https:\/\/moyahousehold.com\/wp-content\/uploads\/2026\/01\/durable-kitchen-bowls-for-home-cooks-300x300.webp 300w, https:\/\/moyahousehold.com\/wp-content\/uploads\/2026\/01\/durable-kitchen-bowls-for-home-cooks-150x150.webp 150w, https:\/\/moyahousehold.com\/wp-content\/uploads\/2026\/01\/durable-kitchen-bowls-for-home-cooks-768x768.webp 768w, https:\/\/moyahousehold.com\/wp-content\/uploads\/2026\/01\/durable-kitchen-bowls-for-home-cooks-12x12.webp 12w, https:\/\/moyahousehold.com\/wp-content\/uploads\/2026\/01\/durable-kitchen-bowls-for-home-cooks-285x285.webp 285w, https:\/\/moyahousehold.com\/wp-content\/uploads\/2026\/01\/durable-kitchen-bowls-for-home-cooks-270x270.webp 270w, https:\/\/moyahousehold.com\/wp-content\/uploads\/2026\/01\/durable-kitchen-bowls-for-home-cooks-540x540.webp 540w, https:\/\/moyahousehold.com\/wp-content\/uploads\/2026\/01\/durable-kitchen-bowls-for-home-cooks-660x660.webp 660w\" sizes=\"(max-width: 800px) 100vw, 800px\" \/><\/figure>\n\n\n\n<h3 class=\"wp-block-heading\">Parameters of Stainless Steel Mixing Bowl<\/h3>\n\n\n\n<p><strong>Material:<\/strong> A\u00e7o inoxid\u00e1vel 304  <strong> Cor:<\/strong> Prata<\/p>\n\n\n\n<figure class=\"wp-block-table\"><table class=\"has-fixed-layout\"><tbody><tr><td class=\"has-text-align-center\" data-align=\"center\"><strong>Item<\/strong><\/td><td><strong>Material<\/strong><\/td><td><strong>Cor<\/strong><\/td><td><strong>PCS\/Caixa<\/strong><\/td><td><strong>Capacidade<\/strong><\/td><td><strong>G.W.\/Caso<\/strong><\/td><\/tr><tr><td class=\"has-text-align-center\" data-align=\"center\">MYDS016<\/td><td rowspan=\"6\">A\u00e7o inoxid\u00e1vel 304<\/td><td rowspan=\"6\">Prata<\/td><td rowspan=\"6\">180<\/td><td>300ML<\/td><td>12.7<\/td><\/tr><tr><td class=\"has-text-align-center\" data-align=\"center\">MYDS017<\/td><td>500ML<\/td><td>19<\/td><\/tr><tr><td class=\"has-text-align-center\" data-align=\"center\">MYDS018<\/td><td>900ML<\/td><td>24.5<\/td><\/tr><tr><td class=\"has-text-align-center\" data-align=\"center\">MYDS019<\/td><td>300ML Com pega<\/td><td>16.9<\/td><\/tr><tr><td class=\"has-text-align-center\" data-align=\"center\">MYDS020<\/td><td>500ML Com pega<\/td><td>22.5<\/td><\/tr><tr><td class=\"has-text-align-center\" data-align=\"center\">MYDS021<\/td><td>900ML Com pega<\/td><td>30.5<\/td><\/tr><\/tbody><\/table><\/figure>\n\n\n\n<h3 class=\"wp-block-heading\">Op\u00e7\u00f5es de ta\u00e7as de cozedura personalizadas<\/h3>\n\n\n\n<p><strong>Log\u00f3tipo<\/strong>: personalizar o log\u00f3tipo da sua marca na ta\u00e7a de cozinha em a\u00e7o inoxid\u00e1vel e na embalagem.<br><strong>Logo Options<\/strong>: log\u00f3tipo impresso, log\u00f3tipo gravado a laser, etc.<br><strong>Padr\u00e3o<\/strong>: padr\u00f5es de impress\u00e3o em produtos e embalagens.<br><strong>Printing Technology<\/strong>: impress\u00e3o por transfer\u00eancia de \u00e1gua, impress\u00e3o por serigrafia, impress\u00e3o por transfer\u00eancia de calor, transfer\u00eancia por sublima\u00e7\u00e3o, etc.<br><strong>Embalagem:<\/strong>caixa de cor.<br><a href=\"https:\/\/moyahousehold.com\/pt\/solucao-personalizada\/\"><strong>Saiba mais sobre as solu\u00e7\u00f5es de lancheiras personalizadas.<\/strong><\/a><\/p>\n\n\n\n<div class=\"wp-block-columns is-layout-flex wp-container-core-columns-is-layout-9d6595d7 wp-block-columns-is-layout-flex\">\n<div class=\"wp-block-column is-layout-flow wp-block-column-is-layout-flow\" style=\"flex-basis:100%\">\n<div class=\"wp-block-group is-nowrap is-layout-flex wp-container-core-group-is-layout-ad2f72ca wp-block-group-is-layout-flex\">\n<div class=\"wp-block-columns is-layout-flex wp-container-core-columns-is-layout-9d6595d7 wp-block-columns-is-layout-flex\">\n<div class=\"wp-block-column is-layout-flow wp-block-column-is-layout-flow\">\n<figure class=\"wp-block-image size-full\"><img decoding=\"async\" width=\"800\" height=\"800\" src=\"https:\/\/moyahousehold.com\/wp-content\/uploads\/2026\/01\/food-grade-304-stainless-steel-mixing-bowls-with-measurements.webp\" alt=\"Ta\u00e7as misturadoras em a\u00e7o inoxid\u00e1vel 304 com pega\" class=\"wp-image-11868\" srcset=\"https:\/\/moyahousehold.com\/wp-content\/uploads\/2026\/01\/food-grade-304-stainless-steel-mixing-bowls-with-measurements.webp 800w, https:\/\/moyahousehold.com\/wp-content\/uploads\/2026\/01\/food-grade-304-stainless-steel-mixing-bowls-with-measurements-300x300.webp 300w, https:\/\/moyahousehold.com\/wp-content\/uploads\/2026\/01\/food-grade-304-stainless-steel-mixing-bowls-with-measurements-150x150.webp 150w, https:\/\/moyahousehold.com\/wp-content\/uploads\/2026\/01\/food-grade-304-stainless-steel-mixing-bowls-with-measurements-768x768.webp 768w, https:\/\/moyahousehold.com\/wp-content\/uploads\/2026\/01\/food-grade-304-stainless-steel-mixing-bowls-with-measurements-12x12.webp 12w, https:\/\/moyahousehold.com\/wp-content\/uploads\/2026\/01\/food-grade-304-stainless-steel-mixing-bowls-with-measurements-285x285.webp 285w, https:\/\/moyahousehold.com\/wp-content\/uploads\/2026\/01\/food-grade-304-stainless-steel-mixing-bowls-with-measurements-270x270.webp 270w, https:\/\/moyahousehold.com\/wp-content\/uploads\/2026\/01\/food-grade-304-stainless-steel-mixing-bowls-with-measurements-540x540.webp 540w, https:\/\/moyahousehold.com\/wp-content\/uploads\/2026\/01\/food-grade-304-stainless-steel-mixing-bowls-with-measurements-660x660.webp 660w\" sizes=\"(max-width: 800px) 100vw, 800px\" \/><\/figure>\n<\/div>\n\n\n\n<div class=\"wp-block-column is-layout-flow wp-block-column-is-layout-flow\">\n<figure class=\"wp-block-image size-full\"><img decoding=\"async\" width=\"800\" height=\"800\" src=\"https:\/\/moyahousehold.com\/wp-content\/uploads\/2026\/01\/non-deformable-kitchen-mixing-bowls-set.webp\" alt=\"\" class=\"wp-image-11869\" srcset=\"https:\/\/moyahousehold.com\/wp-content\/uploads\/2026\/01\/non-deformable-kitchen-mixing-bowls-set.webp 800w, https:\/\/moyahousehold.com\/wp-content\/uploads\/2026\/01\/non-deformable-kitchen-mixing-bowls-set-300x300.webp 300w, https:\/\/moyahousehold.com\/wp-content\/uploads\/2026\/01\/non-deformable-kitchen-mixing-bowls-set-150x150.webp 150w, https:\/\/moyahousehold.com\/wp-content\/uploads\/2026\/01\/non-deformable-kitchen-mixing-bowls-set-768x768.webp 768w, https:\/\/moyahousehold.com\/wp-content\/uploads\/2026\/01\/non-deformable-kitchen-mixing-bowls-set-12x12.webp 12w, https:\/\/moyahousehold.com\/wp-content\/uploads\/2026\/01\/non-deformable-kitchen-mixing-bowls-set-285x285.webp 285w, https:\/\/moyahousehold.com\/wp-content\/uploads\/2026\/01\/non-deformable-kitchen-mixing-bowls-set-270x270.webp 270w, https:\/\/moyahousehold.com\/wp-content\/uploads\/2026\/01\/non-deformable-kitchen-mixing-bowls-set-540x540.webp 540w, https:\/\/moyahousehold.com\/wp-content\/uploads\/2026\/01\/non-deformable-kitchen-mixing-bowls-set-660x660.webp 660w\" sizes=\"(max-width: 800px) 100vw, 800px\" \/><\/figure>\n<\/div>\n<\/div>\n<\/div>\n<\/div>\n<\/div>\n\n\n\n<p><strong>Vis\u00e3o geral r\u00e1pida: <\/strong>Procura uma ta\u00e7a de mistura dur\u00e1vel, segura e vers\u00e1til para elevar a sua experi\u00eancia de cozinhar e assar? A nossa ta\u00e7a de mistura em a\u00e7o inoxid\u00e1vel 304 \u00e9 a escolha perfeita! Fabricada em a\u00e7o inoxid\u00e1vel 304 de qualidade alimentar, com uma pega resistente ao calor e marcas de medi\u00e7\u00e3o claras, esta ta\u00e7a \u00e9 ideal para tudo, desde preparar ovos e misturar saladas at\u00e9 cozer bolos e guardar sobras. F\u00e1cil de limpar, inquebr\u00e1vel e sem odores - diga adeus \u00e0s ta\u00e7as de cozinha desarrumadas e fr\u00e1geis e ol\u00e1 \u00e0 prepara\u00e7\u00e3o de refei\u00e7\u00f5es sem esfor\u00e7o!<\/p>\n\n\n\n<figure class=\"wp-block-gallery has-nested-images columns-default is-cropped wp-block-gallery-1 is-layout-flex wp-block-gallery-is-layout-flex\">\n<figure class=\"wp-block-image size-large\"><img loading=\"lazy\" decoding=\"async\" width=\"1000\" height=\"1500\" data-id=\"11870\" src=\"https:\/\/moyahousehold.com\/wp-content\/uploads\/2026\/01\/304-stainless-steel-mixing-bowls-with-handle-1.webp\" alt=\"\" class=\"wp-image-11870\" srcset=\"https:\/\/moyahousehold.com\/wp-content\/uploads\/2026\/01\/304-stainless-steel-mixing-bowls-with-handle-1.webp 1000w, https:\/\/moyahousehold.com\/wp-content\/uploads\/2026\/01\/304-stainless-steel-mixing-bowls-with-handle-1-200x300.webp 200w, https:\/\/moyahousehold.com\/wp-content\/uploads\/2026\/01\/304-stainless-steel-mixing-bowls-with-handle-1-768x1152.webp 768w, https:\/\/moyahousehold.com\/wp-content\/uploads\/2026\/01\/304-stainless-steel-mixing-bowls-with-handle-1-8x12.webp 8w, https:\/\/moyahousehold.com\/wp-content\/uploads\/2026\/01\/304-stainless-steel-mixing-bowls-with-handle-1-285x428.webp 285w, https:\/\/moyahousehold.com\/wp-content\/uploads\/2026\/01\/304-stainless-steel-mixing-bowls-with-handle-1-440x660.webp 440w, https:\/\/moyahousehold.com\/wp-content\/uploads\/2026\/01\/304-stainless-steel-mixing-bowls-with-handle-1-100x150.webp 100w\" sizes=\"(max-width: 1000px) 100vw, 1000px\" \/><\/figure>\n\n\n\n<figure class=\"wp-block-image size-large\"><img loading=\"lazy\" decoding=\"async\" width=\"1000\" height=\"1500\" data-id=\"11871\" src=\"https:\/\/moyahousehold.com\/wp-content\/uploads\/2026\/01\/easy-clean-non-stick-mixing-bowls.webp\" alt=\"\" class=\"wp-image-11871\" srcset=\"https:\/\/moyahousehold.com\/wp-content\/uploads\/2026\/01\/easy-clean-non-stick-mixing-bowls.webp 1000w, https:\/\/moyahousehold.com\/wp-content\/uploads\/2026\/01\/easy-clean-non-stick-mixing-bowls-200x300.webp 200w, https:\/\/moyahousehold.com\/wp-content\/uploads\/2026\/01\/easy-clean-non-stick-mixing-bowls-768x1152.webp 768w, https:\/\/moyahousehold.com\/wp-content\/uploads\/2026\/01\/easy-clean-non-stick-mixing-bowls-8x12.webp 8w, https:\/\/moyahousehold.com\/wp-content\/uploads\/2026\/01\/easy-clean-non-stick-mixing-bowls-285x428.webp 285w, https:\/\/moyahousehold.com\/wp-content\/uploads\/2026\/01\/easy-clean-non-stick-mixing-bowls-440x660.webp 440w, https:\/\/moyahousehold.com\/wp-content\/uploads\/2026\/01\/easy-clean-non-stick-mixing-bowls-100x150.webp 100w\" sizes=\"(max-width: 1000px) 100vw, 1000px\" \/><\/figure>\n<\/figure>\n\n\n\n<h3 class=\"wp-block-heading\">1. A\u00e7o inoxid\u00e1vel 304 de qualidade alimentar: Seguran\u00e7a em primeiro lugar para si e para a sua fam\u00edlia<\/h3>\n\n\n\n<p>Primeira escolha saud\u00e1vel: Fabricado em a\u00e7o inoxid\u00e1vel 304 de qualidade alimentar, resistente \u00e0 corros\u00e3o, \u00e0 prova de ferrugem e n\u00e3o t\u00f3xico. Sem absor\u00e7\u00e3o de odores, mesmo com ingredientes \u00e1cidos\/alcalinos (lim\u00f5es, ovos, etc.), seguro para marinar, misturar e armazenar alimentos.<\/p>\n\n\n\n<h3 class=\"wp-block-heading\">2. Pega resistente ao calor: Seguro e est\u00e1vel de segurar, mesmo com alimentos quentes<\/h3>\n\n\n\n<p>Pega resistente ao calor: Mant\u00e9m-se fria quando segura alimentos quentes (sopas, guisados, etc.), o design ergon\u00f3mico garante uma ader\u00eancia firme. Evita escorregadelas e escald\u00f5es, conveniente para uma r\u00e1pida transfer\u00eancia de alimentos.<\/p>\n\n\n\n<h3 class=\"wp-block-heading\">3. Marcas de medi\u00e7\u00e3o incorporadas: Prepara\u00e7\u00e3o precisa em todas as ocasi\u00f5es<\/h3>\n\n\n\n<p>Esque\u00e7a os malabarismos com v\u00e1rios copos e colheres de medi\u00e7\u00e3o - a nossa ta\u00e7a de mistura tem marcas de medi\u00e7\u00e3o claras e f\u00e1ceis de ler (ml e ch\u00e1vena) impressas no interior. Quer esteja a fazer um bolo que requer quantidades exactas de leite e farinha, ou a misturar um molho que precisa de um tempero preciso, estas marcas facilitam a medi\u00e7\u00e3o diretamente na ta\u00e7a. Poupe tempo, reduza a limpeza e obtenha sempre resultados consistentes.<\/p>\n\n\n\n<h3 class=\"wp-block-heading\">4. Practical Size: Ideal for Multiple Kitchen Tasks<\/h3>\n\n\n\n<p>With a practical capacity, this mixing bowl is designed to cover most of your daily kitchen needs. Use it for prepping eggs, mixing spices, marinating small portions of meat, mixing salads, or storing leftovers. The compact design also saves space in your kitchen cabinet\u2014easy to store without cluttering shelves!<\/p>\n\n\n\n<figure class=\"wp-block-gallery has-nested-images columns-default is-cropped wp-block-gallery-2 is-layout-flex wp-block-gallery-is-layout-flex\">\n<figure class=\"wp-block-image size-large\"><img loading=\"lazy\" decoding=\"async\" width=\"1000\" height=\"1500\" data-id=\"11880\" src=\"https:\/\/moyahousehold.com\/wp-content\/uploads\/2026\/01\/measuring-mixing-bowls-set.webp\" alt=\"\" class=\"wp-image-11880\" srcset=\"https:\/\/moyahousehold.com\/wp-content\/uploads\/2026\/01\/measuring-mixing-bowls-set.webp 1000w, https:\/\/moyahousehold.com\/wp-content\/uploads\/2026\/01\/measuring-mixing-bowls-set-200x300.webp 200w, https:\/\/moyahousehold.com\/wp-content\/uploads\/2026\/01\/measuring-mixing-bowls-set-768x1152.webp 768w, https:\/\/moyahousehold.com\/wp-content\/uploads\/2026\/01\/measuring-mixing-bowls-set-8x12.webp 8w, https:\/\/moyahousehold.com\/wp-content\/uploads\/2026\/01\/measuring-mixing-bowls-set-285x428.webp 285w, https:\/\/moyahousehold.com\/wp-content\/uploads\/2026\/01\/measuring-mixing-bowls-set-440x660.webp 440w, https:\/\/moyahousehold.com\/wp-content\/uploads\/2026\/01\/measuring-mixing-bowls-set-100x150.webp 100w\" sizes=\"(max-width: 1000px) 100vw, 1000px\" \/><\/figure>\n\n\n\n<figure class=\"wp-block-image size-large\"><img loading=\"lazy\" decoding=\"async\" width=\"1000\" height=\"1500\" data-id=\"11881\" src=\"https:\/\/moyahousehold.com\/wp-content\/uploads\/2026\/01\/salad-mixing-bowls-for-cooking.webp\" alt=\"\" class=\"wp-image-11881\" srcset=\"https:\/\/moyahousehold.com\/wp-content\/uploads\/2026\/01\/salad-mixing-bowls-for-cooking.webp 1000w, https:\/\/moyahousehold.com\/wp-content\/uploads\/2026\/01\/salad-mixing-bowls-for-cooking-200x300.webp 200w, https:\/\/moyahousehold.com\/wp-content\/uploads\/2026\/01\/salad-mixing-bowls-for-cooking-768x1152.webp 768w, https:\/\/moyahousehold.com\/wp-content\/uploads\/2026\/01\/salad-mixing-bowls-for-cooking-8x12.webp 8w, https:\/\/moyahousehold.com\/wp-content\/uploads\/2026\/01\/salad-mixing-bowls-for-cooking-285x428.webp 285w, https:\/\/moyahousehold.com\/wp-content\/uploads\/2026\/01\/salad-mixing-bowls-for-cooking-440x660.webp 440w, https:\/\/moyahousehold.com\/wp-content\/uploads\/2026\/01\/salad-mixing-bowls-for-cooking-100x150.webp 100w\" sizes=\"(max-width: 1000px) 100vw, 1000px\" \/><\/figure>\n<\/figure>\n\n\n\n<p><\/p>","protected":false},"excerpt":{"rendered":"<h2 class=\"header-vfC6AV auto-hide-last-sibling-br\">Servi\u00e7os de personaliza\u00e7\u00e3o<\/h2>\n<div class=\"auto-hide-last-sibling-br paragraph-JOTKXA paragraph-element br-paragraph-space\">Como um fabricante profissional de lancheiras, n\u00f3s fornecemos solu\u00e7\u00f5es abrangentes de OEM e ODM:<\/div>\n<ul class=\"auto-hide-last-sibling-br\">\n<li><strong>OEM<\/strong>: Personalize log\u00f3tipos, impress\u00f5es ou embalagens para se alinharem com a identidade da sua marca. Tamb\u00e9m pode escolher cores diferentes para o inv\u00f3lucro exterior para combinar com o estilo da sua marca.<\/li>\n<li><strong>ODM<\/strong>: Colaboramos na conce\u00e7\u00e3o do produto, desde a disposi\u00e7\u00e3o dos compartimentos (ajustando o n\u00famero e o tamanho dos compartimentos) aos acabamentos dos materiais, para criar solu\u00e7\u00f5es \u00fanicas e orientadas para o mercado. Podemos tamb\u00e9m otimizar a estrutura de veda\u00e7\u00e3o ou acrescentar designs funcionais especiais de acordo com as suas necessidades.<\/li>\n<\/ul>","protected":false},"featured_media":11874,"comment_status":"closed","ping_status":"closed","template":"","meta":[],"product_cat":[58],"product_tag":[87,92],"class_list":{"0":"post-11864","1":"product","2":"type-product","3":"status-publish","4":"has-post-thumbnail","6":"product_cat-lunch-box-wholesale","7":"product_tag-wholesale-multi-compartment-lunch-box","8":"product_tag-wholesale-rectangle-lunch-box","10":"first","11":"instock","12":"shipping-taxable","13":"product-type-simple"},"_links":{"self":[{"href":"https:\/\/moyahousehold.com\/pt\/wp-json\/wp\/v2\/product\/11864","targetHints":{"allow":["GET"]}}],"collection":[{"href":"https:\/\/moyahousehold.com\/pt\/wp-json\/wp\/v2\/product"}],"about":[{"href":"https:\/\/moyahousehold.com\/pt\/wp-json\/wp\/v2\/types\/product"}],"replies":[{"embeddable":true,"href":"https:\/\/moyahousehold.com\/pt\/wp-json\/wp\/v2\/comments?post=11864"}],"version-history":[{"count":1,"href":"https:\/\/moyahousehold.com\/pt\/wp-json\/wp\/v2\/product\/11864\/revisions"}],"predecessor-version":[{"id":13117,"href":"https:\/\/moyahousehold.com\/pt\/wp-json\/wp\/v2\/product\/11864\/revisions\/13117"}],"wp:featuredmedia":[{"embeddable":true,"href":"https:\/\/moyahousehold.com\/pt\/wp-json\/wp\/v2\/media\/11874"}],"wp:attachment":[{"href":"https:\/\/moyahousehold.com\/pt\/wp-json\/wp\/v2\/media?parent=11864"}],"wp:term":[{"taxonomy":"product_cat","embeddable":true,"href":"https:\/\/moyahousehold.com\/pt\/wp-json\/wp\/v2\/product_cat?post=11864"},{"taxonomy":"product_tag","embeddable":true,"href":"https:\/\/moyahousehold.com\/pt\/wp-json\/wp\/v2\/product_tag?post=11864"}],"curies":[{"name":"wp","href":"https:\/\/api.w.org\/{rel}","templated":true}]}}