{"id":11885,"date":"2026-01-07T07:49:17","date_gmt":"2026-01-07T07:27:51","guid":{"rendered":"https:\/\/moyahousehold.com\/?post_type=product&#038;p=11885"},"modified":"2026-01-07T07:50:13","modified_gmt":"2026-01-07T07:50:13","slug":"moya-304-stainless-steel-deep-mixing-bowl-your-go-to-tool-for-mess-free-baking-cooking","status":"publish","type":"product","link":"https:\/\/moyahousehold.com\/pt\/produto\/moya-304-stainless-steel-deep-mixing-bowl-your-go-to-tool-for-mess-free-baking-cooking\/","title":{"rendered":"MOYA 304 Stainless Steel Deep Mixing Bowl - A sua ferramenta ideal para cozer e cozinhar sem confus\u00e3o"},"content":{"rendered":"<figure class=\"wp-block-image size-full\"><img fetchpriority=\"high\" decoding=\"async\" width=\"2000\" height=\"1328\" src=\"https:\/\/moyahousehold.com\/wp-content\/uploads\/2026\/01\/304-stainless-steel-mixing-bowl.webp\" alt=\"\" class=\"wp-image-11886\" srcset=\"https:\/\/moyahousehold.com\/wp-content\/uploads\/2026\/01\/304-stainless-steel-mixing-bowl.webp 2000w, https:\/\/moyahousehold.com\/wp-content\/uploads\/2026\/01\/304-stainless-steel-mixing-bowl-300x199.webp 300w, https:\/\/moyahousehold.com\/wp-content\/uploads\/2026\/01\/304-stainless-steel-mixing-bowl-768x510.webp 768w, https:\/\/moyahousehold.com\/wp-content\/uploads\/2026\/01\/304-stainless-steel-mixing-bowl-18x12.webp 18w, https:\/\/moyahousehold.com\/wp-content\/uploads\/2026\/01\/304-stainless-steel-mixing-bowl-285x189.webp 285w, https:\/\/moyahousehold.com\/wp-content\/uploads\/2026\/01\/304-stainless-steel-mixing-bowl-1600x1062.webp 1600w, https:\/\/moyahousehold.com\/wp-content\/uploads\/2026\/01\/304-stainless-steel-mixing-bowl-660x438.webp 660w, https:\/\/moyahousehold.com\/wp-content\/uploads\/2026\/01\/304-stainless-steel-mixing-bowl-150x100.webp 150w\" sizes=\"(max-width: 2000px) 100vw, 2000px\" \/><figcaption class=\"wp-element-caption\"><br><\/figcaption><\/figure>\n\n\n\n<p><strong>material:<\/strong> A\u00e7o inoxid\u00e1vel 304+Silicone <strong> cor:<\/strong> Prata<\/p>\n\n\n\n<h3 class=\"wp-block-heading\"><\/h3>\n\n\n\n<figure class=\"wp-block-table\"><table class=\"has-fixed-layout\"><tbody><tr><td class=\"has-text-align-center\" data-align=\"center\"><strong>Item<\/strong><\/td><td class=\"has-text-align-center\" data-align=\"center\"><strong>Material<\/strong><\/td><td class=\"has-text-align-center\" data-align=\"center\"><strong>Cor<\/strong><\/td><td class=\"has-text-align-center\" data-align=\"center\"><strong>Tamanho do produto<\/strong><\/td><td class=\"has-text-align-center\" data-align=\"center\"><strong>Tamanho do produto<\/strong><\/td><\/tr><tr><td class=\"has-text-align-center\" data-align=\"center\">MYDS022<\/td><td class=\"has-text-align-center\" data-align=\"center\" rowspan=\"2\">A\u00e7o inoxid\u00e1vel 304<\/td><td class=\"has-text-align-center\" data-align=\"center\" rowspan=\"2\">Prata<\/td><td class=\"has-text-align-center\" data-align=\"center\">3000ML<\/td><td class=\"has-text-align-center\" data-align=\"center\">19*19*13<\/td><\/tr><tr><td class=\"has-text-align-center\" data-align=\"center\">MYDS023<\/td><td class=\"has-text-align-center\" data-align=\"center\">3600ML<\/td><td class=\"has-text-align-center\" data-align=\"center\">21*21*14<\/td><\/tr><tr><td class=\"has-text-align-center\" data-align=\"center\">MYDS024<\/td><td class=\"has-text-align-center\" data-align=\"center\" rowspan=\"2\">A\u00e7o inoxid\u00e1vel 304\uff0cSilicone<\/td><td class=\"has-text-align-center\" data-align=\"center\" rowspan=\"2\">Prata+Vermelho<\/td><td class=\"has-text-align-center\" data-align=\"center\">3000ML<\/td><td class=\"has-text-align-center\" data-align=\"center\">19*19*13<\/td><\/tr><tr><td class=\"has-text-align-center\" data-align=\"center\">MYDS025<\/td><td class=\"has-text-align-center\" data-align=\"center\">3600ML<\/td><td class=\"has-text-align-center\" data-align=\"center\">21*21*14<\/td><\/tr><\/tbody><\/table><\/figure>\n\n\n\n<h3 class=\"wp-block-heading\">Op\u00e7\u00f5es de ta\u00e7as de cozedura personalizadas<\/h3>\n\n\n\n<p><strong>Log\u00f3tipo<\/strong>: personalizar o log\u00f3tipo da sua marca na ta\u00e7a de cozinha em a\u00e7o inoxid\u00e1vel e na embalagem.<br><strong>Op\u00e7\u00f5es de log\u00f3tipo<\/strong>: log\u00f3tipo impresso, log\u00f3tipo gravado a laser, etc.<br><strong>Padr\u00e3o<\/strong>: padr\u00f5es de impress\u00e3o em produtos e embalagens.<br><strong>Tecnologia de impress\u00e3o<\/strong>: impress\u00e3o por transfer\u00eancia de \u00e1gua, impress\u00e3o por serigrafia, impress\u00e3o por transfer\u00eancia de calor, transfer\u00eancia por sublima\u00e7\u00e3o, etc.<br><strong>Embalagem:<\/strong>caixa de cor.<br><a href=\"https:\/\/moyahousehold.com\/pt\/solucao-personalizada\/\"><strong>Saiba mais sobre as solu\u00e7\u00f5es de lancheiras personalizadas.<\/strong><\/a><\/p>\n\n\n\n<div class=\"wp-block-columns is-layout-flex wp-container-core-columns-is-layout-9d6595d7 wp-block-columns-is-layout-flex\">\n<div class=\"wp-block-column is-layout-flow wp-block-column-is-layout-flow\" style=\"flex-basis:100%\">\n<div class=\"wp-block-group is-nowrap is-layout-flex wp-container-core-group-is-layout-ad2f72ca wp-block-group-is-layout-flex\">\n<div class=\"wp-block-columns is-layout-flex wp-container-core-columns-is-layout-9d6595d7 wp-block-columns-is-layout-flex\">\n<div class=\"wp-block-column is-layout-flow wp-block-column-is-layout-flow\">\n<figure class=\"wp-block-image size-full\"><img decoding=\"async\" width=\"800\" height=\"800\" src=\"https:\/\/moyahousehold.com\/wp-content\/uploads\/2026\/01\/salad-mixing-bowl.webp\" alt=\"\" class=\"wp-image-11891\" srcset=\"https:\/\/moyahousehold.com\/wp-content\/uploads\/2026\/01\/salad-mixing-bowl.webp 800w, https:\/\/moyahousehold.com\/wp-content\/uploads\/2026\/01\/salad-mixing-bowl-300x300.webp 300w, https:\/\/moyahousehold.com\/wp-content\/uploads\/2026\/01\/salad-mixing-bowl-150x150.webp 150w, https:\/\/moyahousehold.com\/wp-content\/uploads\/2026\/01\/salad-mixing-bowl-768x768.webp 768w, https:\/\/moyahousehold.com\/wp-content\/uploads\/2026\/01\/salad-mixing-bowl-12x12.webp 12w, https:\/\/moyahousehold.com\/wp-content\/uploads\/2026\/01\/salad-mixing-bowl-285x285.webp 285w, https:\/\/moyahousehold.com\/wp-content\/uploads\/2026\/01\/salad-mixing-bowl-270x270.webp 270w, https:\/\/moyahousehold.com\/wp-content\/uploads\/2026\/01\/salad-mixing-bowl-540x540.webp 540w, https:\/\/moyahousehold.com\/wp-content\/uploads\/2026\/01\/salad-mixing-bowl-660x660.webp 660w\" sizes=\"(max-width: 800px) 100vw, 800px\" \/><figcaption class=\"wp-element-caption\">ta\u00e7a de prepara\u00e7\u00e3o da cozinha\n<\/figcaption><\/figure>\n<\/div>\n\n\n\n<div class=\"wp-block-column is-layout-flow wp-block-column-is-layout-flow\">\n<figure class=\"wp-block-image size-full\"><img decoding=\"async\" width=\"800\" height=\"800\" src=\"https:\/\/moyahousehold.com\/wp-content\/uploads\/2026\/01\/mess-free-mixing-bowl.webp\" alt=\"\" class=\"wp-image-11892\" srcset=\"https:\/\/moyahousehold.com\/wp-content\/uploads\/2026\/01\/mess-free-mixing-bowl.webp 800w, https:\/\/moyahousehold.com\/wp-content\/uploads\/2026\/01\/mess-free-mixing-bowl-300x300.webp 300w, https:\/\/moyahousehold.com\/wp-content\/uploads\/2026\/01\/mess-free-mixing-bowl-150x150.webp 150w, https:\/\/moyahousehold.com\/wp-content\/uploads\/2026\/01\/mess-free-mixing-bowl-768x768.webp 768w, https:\/\/moyahousehold.com\/wp-content\/uploads\/2026\/01\/mess-free-mixing-bowl-12x12.webp 12w, https:\/\/moyahousehold.com\/wp-content\/uploads\/2026\/01\/mess-free-mixing-bowl-285x285.webp 285w, https:\/\/moyahousehold.com\/wp-content\/uploads\/2026\/01\/mess-free-mixing-bowl-270x270.webp 270w, https:\/\/moyahousehold.com\/wp-content\/uploads\/2026\/01\/mess-free-mixing-bowl-540x540.webp 540w, https:\/\/moyahousehold.com\/wp-content\/uploads\/2026\/01\/mess-free-mixing-bowl-660x660.webp 660w\" sizes=\"(max-width: 800px) 100vw, 800px\" \/><figcaption class=\"wp-element-caption\"><br><\/figcaption><\/figure>\n<\/div>\n<\/div>\n<\/div>\n<\/div>\n<\/div>\n\n\n\n<div class=\"wp-block-columns is-layout-flex wp-container-core-columns-is-layout-9d6595d7 wp-block-columns-is-layout-flex\">\n<div class=\"wp-block-column is-layout-flow wp-block-column-is-layout-flow\"><\/div>\n\n\n\n<div class=\"wp-block-column is-layout-flow wp-block-column-is-layout-flow\"><\/div>\n<\/div>\n\n\n\n<p>Cansado de bancadas sujas e de claras de ovo salpicadas enquanto bate? Frustrado com medi\u00e7\u00f5es incorrectas ou tigelas inst\u00e1veis que deslizam a meio da mistura? Conhe\u00e7a a ta\u00e7a misturadora funda em a\u00e7o inoxid\u00e1vel MOYA 304 - concebida para resolver todas as suas dores de cabe\u00e7a na prepara\u00e7\u00e3o da cozinha e tornar cada sess\u00e3o de cozedura mais suave, mais limpa e mais agrad\u00e1vel.<\/p>\n\n\n\n<figure class=\"wp-block-gallery has-nested-images columns-default is-cropped wp-block-gallery-1 is-layout-flex wp-block-gallery-is-layout-flex\">\n<figure class=\"wp-block-image size-full\"><img loading=\"lazy\" decoding=\"async\" width=\"1200\" height=\"1600\" data-id=\"11893\" src=\"https:\/\/moyahousehold.com\/wp-content\/uploads\/2026\/01\/anti-splash-mixing-bowl-1.webp\" alt=\"\" class=\"wp-image-11893\" srcset=\"https:\/\/moyahousehold.com\/wp-content\/uploads\/2026\/01\/anti-splash-mixing-bowl-1.webp 1200w, https:\/\/moyahousehold.com\/wp-content\/uploads\/2026\/01\/anti-splash-mixing-bowl-1-225x300.webp 225w, https:\/\/moyahousehold.com\/wp-content\/uploads\/2026\/01\/anti-splash-mixing-bowl-1-768x1024.webp 768w, https:\/\/moyahousehold.com\/wp-content\/uploads\/2026\/01\/anti-splash-mixing-bowl-1-9x12.webp 9w, https:\/\/moyahousehold.com\/wp-content\/uploads\/2026\/01\/anti-splash-mixing-bowl-1-285x380.webp 285w, https:\/\/moyahousehold.com\/wp-content\/uploads\/2026\/01\/anti-splash-mixing-bowl-1-495x660.webp 495w, https:\/\/moyahousehold.com\/wp-content\/uploads\/2026\/01\/anti-splash-mixing-bowl-1-113x150.webp 113w\" sizes=\"(max-width: 1200px) 100vw, 1200px\" \/><\/figure>\n\n\n\n<figure class=\"wp-block-image size-full\"><img loading=\"lazy\" decoding=\"async\" width=\"1125\" height=\"1500\" data-id=\"11894\" src=\"https:\/\/moyahousehold.com\/wp-content\/uploads\/2026\/01\/deep-mixing-bowl.webp\" alt=\"\" class=\"wp-image-11894\" srcset=\"https:\/\/moyahousehold.com\/wp-content\/uploads\/2026\/01\/deep-mixing-bowl.webp 1125w, https:\/\/moyahousehold.com\/wp-content\/uploads\/2026\/01\/deep-mixing-bowl-225x300.webp 225w, https:\/\/moyahousehold.com\/wp-content\/uploads\/2026\/01\/deep-mixing-bowl-768x1024.webp 768w, https:\/\/moyahousehold.com\/wp-content\/uploads\/2026\/01\/deep-mixing-bowl-9x12.webp 9w, https:\/\/moyahousehold.com\/wp-content\/uploads\/2026\/01\/deep-mixing-bowl-285x380.webp 285w, https:\/\/moyahousehold.com\/wp-content\/uploads\/2026\/01\/deep-mixing-bowl-495x660.webp 495w, https:\/\/moyahousehold.com\/wp-content\/uploads\/2026\/01\/deep-mixing-bowl-113x150.webp 113w\" sizes=\"(max-width: 1125px) 100vw, 1125px\" \/><figcaption class=\"wp-element-caption\">ta\u00e7a para marinar ingredientes\n<\/figcaption><\/figure>\n<\/figure>\n\n\n\n<h2 class=\"wp-block-heading\">Porqu\u00ea escolher a nossa ta\u00e7a de mistura de a\u00e7o inoxid\u00e1vel 304?<\/h2>\n\n\n\n<p>Cozinhar e fazer bolos deve ser agrad\u00e1vel, n\u00e3o frustrante. Foi por isso que concebemos esta ta\u00e7a misturadora para resolver os problemas mais comuns na cozinha. Quer seja um cozinheiro dom\u00e9stico, um entusiasta da pastelaria ou um pai ocupado, esta ta\u00e7a tornar-se-\u00e1 a sua ferramenta de elei\u00e7\u00e3o para todas as tarefas de prepara\u00e7\u00e3o de refei\u00e7\u00f5es.<\/p>\n\n\n\n<figure class=\"wp-block-gallery has-nested-images columns-default is-cropped wp-block-gallery-2 is-layout-flex wp-block-gallery-is-layout-flex\">\n<figure class=\"wp-block-image size-full\"><img loading=\"lazy\" decoding=\"async\" width=\"1200\" height=\"1600\" data-id=\"11895\" src=\"https:\/\/moyahousehold.com\/wp-content\/uploads\/2026\/01\/dishwasher-safe-mixing-bowl.webp\" alt=\"\" class=\"wp-image-11895\" srcset=\"https:\/\/moyahousehold.com\/wp-content\/uploads\/2026\/01\/dishwasher-safe-mixing-bowl.webp 1200w, https:\/\/moyahousehold.com\/wp-content\/uploads\/2026\/01\/dishwasher-safe-mixing-bowl-225x300.webp 225w, https:\/\/moyahousehold.com\/wp-content\/uploads\/2026\/01\/dishwasher-safe-mixing-bowl-768x1024.webp 768w, https:\/\/moyahousehold.com\/wp-content\/uploads\/2026\/01\/dishwasher-safe-mixing-bowl-9x12.webp 9w, https:\/\/moyahousehold.com\/wp-content\/uploads\/2026\/01\/dishwasher-safe-mixing-bowl-285x380.webp 285w, https:\/\/moyahousehold.com\/wp-content\/uploads\/2026\/01\/dishwasher-safe-mixing-bowl-495x660.webp 495w, https:\/\/moyahousehold.com\/wp-content\/uploads\/2026\/01\/dishwasher-safe-mixing-bowl-113x150.webp 113w\" sizes=\"(max-width: 1200px) 100vw, 1200px\" \/><\/figure>\n<\/figure>\n\n\n\n<h3 class=\"wp-block-heading\"><strong>1. A\u00e7o inoxid\u00e1vel 304 de qualidade alimentar: Seguro e dur\u00e1vel<\/strong><\/h3>\n\n\n\n<p>Fabricado em a\u00e7o inoxid\u00e1vel 304 de alta qualidade, 100% \u00e9 seguro para alimentos, sem BPA e resistente \u00e0 ferrugem\/odor. Adequado para marinar, misturar massas ou armazenar saladas sem reagir com os alimentos.<\/p>\n\n\n\n<p><strong>2. Design anti-salpicos aprofundado<\/strong><\/p>\n\n\n\n<p>A ta\u00e7a com 5 polegadas de profundidade cont\u00e9m eficazmente os salpicos quando se batem claras de ovo, natas ou massas, mantendo a cozinha limpa e reduzindo o tempo de limpeza.<\/p>\n\n\n\n<p><strong>3. Marcas de medi\u00e7\u00e3o dupla (ml\/oz)<\/strong><\/p>\n\n\n\n<p>As escalas duplas transparentes na parede interior permitem-lhe medir com precis\u00e3o os l\u00edquidos e os ingredientes secos diretamente na ta\u00e7a, sem necessidade de copos de medi\u00e7\u00e3o adicionais.<\/p>\n\n\n\n<p><strong>4. Base de silicone antiderrapante<\/strong><\/p>\n\n\n\n<p>O anel de silicone de alta qualidade na parte inferior mant\u00e9m a ta\u00e7a est\u00e1vel em qualquer bancada, mesmo durante as vigorosas batidas ou misturas, evitando deslizes e derrames.<\/p>\n\n\n\n<p><strong>5. Empilh\u00e1vel e f\u00e1cil de limpar<\/strong><\/p>\n\n\n\n<p>Interior liso e polido para uma limpeza f\u00e1cil (pode ser lavado na m\u00e1quina de lavar loi\u00e7a). O design empilh\u00e1vel poupa espa\u00e7o no arm\u00e1rio, mantendo a sua cozinha organizada.<\/p>\n\n\n\n<figure class=\"wp-block-gallery has-nested-images columns-default is-cropped wp-block-gallery-3 is-layout-flex wp-block-gallery-is-layout-flex\">\n<figure class=\"wp-block-image size-full\"><img loading=\"lazy\" decoding=\"async\" width=\"1200\" height=\"1800\" data-id=\"11896\" src=\"https:\/\/moyahousehold.com\/wp-content\/uploads\/2026\/01\/mixing-bowl-with-measurement-marks.webp\" alt=\"\" class=\"wp-image-11896\" srcset=\"https:\/\/moyahousehold.com\/wp-content\/uploads\/2026\/01\/mixing-bowl-with-measurement-marks.webp 1200w, https:\/\/moyahousehold.com\/wp-content\/uploads\/2026\/01\/mixing-bowl-with-measurement-marks-200x300.webp 200w, https:\/\/moyahousehold.com\/wp-content\/uploads\/2026\/01\/mixing-bowl-with-measurement-marks-768x1152.webp 768w, https:\/\/moyahousehold.com\/wp-content\/uploads\/2026\/01\/mixing-bowl-with-measurement-marks-8x12.webp 8w, https:\/\/moyahousehold.com\/wp-content\/uploads\/2026\/01\/mixing-bowl-with-measurement-marks-285x428.webp 285w, https:\/\/moyahousehold.com\/wp-content\/uploads\/2026\/01\/mixing-bowl-with-measurement-marks-440x660.webp 440w, https:\/\/moyahousehold.com\/wp-content\/uploads\/2026\/01\/mixing-bowl-with-measurement-marks-100x150.webp 100w\" sizes=\"(max-width: 1200px) 100vw, 1200px\" \/><\/figure>\n\n\n\n<figure class=\"wp-block-image size-full\"><img loading=\"lazy\" decoding=\"async\" width=\"1000\" height=\"1500\" data-id=\"11897\" src=\"https:\/\/moyahousehold.com\/wp-content\/uploads\/2026\/01\/non-slip-mixing-bowl.webp\" alt=\"\" class=\"wp-image-11897\" srcset=\"https:\/\/moyahousehold.com\/wp-content\/uploads\/2026\/01\/non-slip-mixing-bowl.webp 1000w, https:\/\/moyahousehold.com\/wp-content\/uploads\/2026\/01\/non-slip-mixing-bowl-200x300.webp 200w, https:\/\/moyahousehold.com\/wp-content\/uploads\/2026\/01\/non-slip-mixing-bowl-768x1152.webp 768w, https:\/\/moyahousehold.com\/wp-content\/uploads\/2026\/01\/non-slip-mixing-bowl-8x12.webp 8w, https:\/\/moyahousehold.com\/wp-content\/uploads\/2026\/01\/non-slip-mixing-bowl-285x428.webp 285w, https:\/\/moyahousehold.com\/wp-content\/uploads\/2026\/01\/non-slip-mixing-bowl-440x660.webp 440w, https:\/\/moyahousehold.com\/wp-content\/uploads\/2026\/01\/non-slip-mixing-bowl-100x150.webp 100w\" sizes=\"(max-width: 1000px) 100vw, 1000px\" \/><\/figure>\n<\/figure>\n\n\n\n<h1 class=\"wp-block-heading\"><strong>A quem se destina esta ta\u00e7a misturadora?<\/strong><\/h1>\n\n\n\n<ul class=\"wp-block-list\">\n<li>Cozinheiros dom\u00e9sticos que pretendem uma ta\u00e7a fi\u00e1vel e duradoura para a prepara\u00e7\u00e3o di\u00e1ria de refei\u00e7\u00f5es<\/li>\n\n\n\n<li>Entusiastas da pastelaria que necessitam de medidas precisas para as suas receitas<\/li>\n\n\n\n<li>Pais ocupados que querem utens\u00edlios de cozinha f\u00e1ceis de limpar e \u00e0 prova de estilha\u00e7os<\/li>\n\n\n\n<li>Pessoas que valorizam a seguran\u00e7a alimentar e querem utens\u00edlios de cozinha sem BPA e n\u00e3o t\u00f3xicos<\/li>\n\n\n\n<li>Campistas de autocaravanas ou cozinheiros de exterior que necessitam de ta\u00e7as port\u00e1teis e duradouras<\/li>\n<\/ul>\n\n\n\n<h3 class=\"wp-block-heading\">Suficientemente vers\u00e1til para bater ovos, bater natas, misturar saladas, preparar ingredientes e at\u00e9 armazenar alimentos, a ta\u00e7a misturadora funda em a\u00e7o inoxid\u00e1vel 304 da MOYA \u00e9 mais do que uma simples ta\u00e7a - \u00e9 um divisor de \u00e1guas na sua rotina de cozinha. Quer seja um padeiro principiante, um cozinheiro experiente ou apenas algu\u00e9m que adora preparar refei\u00e7\u00f5es para a fam\u00edlia e amigos, esta ta\u00e7a tornar-se-\u00e1 rapidamente no seu utens\u00edlio de cozinha favorito.<\/h3>\n\n\n\n<p><strong>Actualize os seus utens\u00edlios de cozinha hoje mesmo com a ta\u00e7a misturadora funda MOYA - onde a funcionalidade, a seguran\u00e7a e a conveni\u00eancia se encontram!<\/strong><\/p>\n\n\n\n<p><\/p>","protected":false},"excerpt":{"rendered":"<h2 class=\"header-vfC6AV auto-hide-last-sibling-br\">Servi\u00e7os de personaliza\u00e7\u00e3o<\/h2>\n<div class=\"auto-hide-last-sibling-br paragraph-JOTKXA paragraph-element br-paragraph-space\">Como um fabricante profissional de lancheiras, n\u00f3s fornecemos solu\u00e7\u00f5es abrangentes de OEM e ODM:<\/div>\n<ul class=\"auto-hide-last-sibling-br\">\n<li><strong>OEM<\/strong>: Personalize log\u00f3tipos, impress\u00f5es ou embalagens para se alinharem com a identidade da sua marca. Tamb\u00e9m pode escolher cores diferentes para o inv\u00f3lucro exterior para combinar com o estilo da sua marca.<\/li>\n<li><strong>ODM<\/strong>: Colaboramos na conce\u00e7\u00e3o do produto, desde a disposi\u00e7\u00e3o dos compartimentos (ajustando o n\u00famero e o tamanho dos compartimentos) aos acabamentos dos materiais, para criar solu\u00e7\u00f5es \u00fanicas e orientadas para o mercado. Podemos tamb\u00e9m otimizar a estrutura de veda\u00e7\u00e3o ou acrescentar designs funcionais especiais de acordo com as suas necessidades.<\/li>\n<\/ul>","protected":false},"featured_media":11902,"comment_status":"closed","ping_status":"closed","template":"","meta":[],"product_cat":[58],"product_tag":[87,92],"class_list":{"0":"post-11885","1":"product","2":"type-product","3":"status-publish","4":"has-post-thumbnail","6":"product_cat-lunch-box-wholesale","7":"product_tag-wholesale-multi-compartment-lunch-box","8":"product_tag-wholesale-rectangle-lunch-box","10":"first","11":"instock","12":"shipping-taxable","13":"product-type-simple"},"_links":{"self":[{"href":"https:\/\/moyahousehold.com\/pt\/wp-json\/wp\/v2\/product\/11885","targetHints":{"allow":["GET"]}}],"collection":[{"href":"https:\/\/moyahousehold.com\/pt\/wp-json\/wp\/v2\/product"}],"about":[{"href":"https:\/\/moyahousehold.com\/pt\/wp-json\/wp\/v2\/types\/product"}],"replies":[{"embeddable":true,"href":"https:\/\/moyahousehold.com\/pt\/wp-json\/wp\/v2\/comments?post=11885"}],"version-history":[{"count":2,"href":"https:\/\/moyahousehold.com\/pt\/wp-json\/wp\/v2\/product\/11885\/revisions"}],"predecessor-version":[{"id":11901,"href":"https:\/\/moyahousehold.com\/pt\/wp-json\/wp\/v2\/product\/11885\/revisions\/11901"}],"wp:featuredmedia":[{"embeddable":true,"href":"https:\/\/moyahousehold.com\/pt\/wp-json\/wp\/v2\/media\/11902"}],"wp:attachment":[{"href":"https:\/\/moyahousehold.com\/pt\/wp-json\/wp\/v2\/media?parent=11885"}],"wp:term":[{"taxonomy":"product_cat","embeddable":true,"href":"https:\/\/moyahousehold.com\/pt\/wp-json\/wp\/v2\/product_cat?post=11885"},{"taxonomy":"product_tag","embeddable":true,"href":"https:\/\/moyahousehold.com\/pt\/wp-json\/wp\/v2\/product_tag?post=11885"}],"curies":[{"name":"wp","href":"https:\/\/api.w.org\/{rel}","templated":true}]}}