{"id":11926,"date":"2026-01-09T08:56:54","date_gmt":"2026-01-09T08:43:34","guid":{"rendered":"https:\/\/moyahousehold.com\/?post_type=product&#038;p=11926"},"modified":"2026-04-15T06:56:31","modified_gmt":"2026-04-15T06:56:31","slug":"sus-304-stainless-steel-vacuum-insulated-food-container-leak-proof-detachable-storage-box-with-air-vent-for-home-outdoor-picnic-commercial-use","status":"publish","type":"product","link":"https:\/\/moyahousehold.com\/pt\/produto\/sus-304-stainless-steel-vacuum-insulated-food-container-leak-proof-detachable-storage-box-with-air-vent-for-home-outdoor-picnic-commercial-use\/","title":{"rendered":"Recipiente para alimentos isolado a v\u00e1cuo em a\u00e7o inoxid\u00e1vel SUS 304 - Caixa de armazenamento destac\u00e1vel \u00e0 prova de fugas com ventila\u00e7\u00e3o para casa, piquenique ao ar livre e uso comercial"},"content":{"rendered":"<figure class=\"wp-block-image size-full is-style-default\"><img fetchpriority=\"high\" decoding=\"async\" width=\"800\" height=\"800\" src=\"https:\/\/moyahousehold.com\/wp-content\/uploads\/2026\/01\/vacuum-sealed-food-storage-container.webp\" alt=\"\" class=\"wp-image-11927\" srcset=\"https:\/\/moyahousehold.com\/wp-content\/uploads\/2026\/01\/vacuum-sealed-food-storage-container.webp 800w, https:\/\/moyahousehold.com\/wp-content\/uploads\/2026\/01\/vacuum-sealed-food-storage-container-300x300.webp 300w, https:\/\/moyahousehold.com\/wp-content\/uploads\/2026\/01\/vacuum-sealed-food-storage-container-150x150.webp 150w, https:\/\/moyahousehold.com\/wp-content\/uploads\/2026\/01\/vacuum-sealed-food-storage-container-768x768.webp 768w, https:\/\/moyahousehold.com\/wp-content\/uploads\/2026\/01\/vacuum-sealed-food-storage-container-12x12.webp 12w, https:\/\/moyahousehold.com\/wp-content\/uploads\/2026\/01\/vacuum-sealed-food-storage-container-285x285.webp 285w, https:\/\/moyahousehold.com\/wp-content\/uploads\/2026\/01\/vacuum-sealed-food-storage-container-270x270.webp 270w, https:\/\/moyahousehold.com\/wp-content\/uploads\/2026\/01\/vacuum-sealed-food-storage-container-540x540.webp 540w, https:\/\/moyahousehold.com\/wp-content\/uploads\/2026\/01\/vacuum-sealed-food-storage-container-660x660.webp 660w\" sizes=\"(max-width: 800px) 100vw, 800px\" \/><\/figure>\n\n\n\n<h3 class=\"wp-block-heading\">Parameters of Vacuum Insulated Food Container<\/h3>\n\n\n\n<p><strong>Material:<\/strong> A\u00e7o inoxid\u00e1vel 304+Silicone <strong> Cor:<\/strong> Preto<\/p>\n\n\n\n<figure class=\"wp-block-table\"><table class=\"has-fixed-layout\"><tbody><tr><td class=\"has-text-align-center\" data-align=\"center\"><strong>Item<\/strong><\/td><td class=\"has-text-align-center\" data-align=\"center\"><strong>Material<\/strong><\/td><td class=\"has-text-align-center\" data-align=\"center\"><strong>Cor<\/strong><\/td><td class=\"has-text-align-center\" data-align=\"center\"><strong>Capacidade<\/strong><\/td><td class=\"has-text-align-center\" data-align=\"center\"><strong>Tamanho do produto<\/strong><\/td><\/tr><tr><td class=\"has-text-align-center\" data-align=\"center\">MYJD380<\/td><td class=\"has-text-align-center\" data-align=\"center\" rowspan=\"10\">304+PP+Silicone<\/td><td class=\"has-text-align-center\" data-align=\"center\" rowspan=\"10\">Preto\/branco<\/td><td class=\"has-text-align-center\" data-align=\"center\">1700ML<\/td><td class=\"has-text-align-center\" data-align=\"center\">20*20*7.6<\/td><\/tr><tr><td class=\"has-text-align-center\" data-align=\"center\">MYJD381<\/td><td class=\"has-text-align-center\" data-align=\"center\">2200ML<\/td><td class=\"has-text-align-center\" data-align=\"center\">20*20*10<\/td><\/tr><tr><td class=\"has-text-align-center\" data-align=\"center\">MYJD382<\/td><td class=\"has-text-align-center\" data-align=\"center\">2400ML<\/td><td class=\"has-text-align-center\" data-align=\"center\">35*20*6<\/td><\/tr><tr><td class=\"has-text-align-center\" data-align=\"center\">MYJD383<\/td><td class=\"has-text-align-center\" data-align=\"center\">2700ML<\/td><td class=\"has-text-align-center\" data-align=\"center\">20*20*12<\/td><\/tr><tr><td class=\"has-text-align-center\" data-align=\"center\">MYJD384<\/td><td class=\"has-text-align-center\" data-align=\"center\">3200ML<\/td><td class=\"has-text-align-center\" data-align=\"center\">20*20*14<\/td><\/tr><tr><td class=\"has-text-align-center\" data-align=\"center\">MYJD385<\/td><td class=\"has-text-align-center\" data-align=\"center\">3800ML<\/td><td class=\"has-text-align-center\" data-align=\"center\">35*20*9.5<\/td><\/tr><tr><td class=\"has-text-align-center\" data-align=\"center\">MYJD386<\/td><td class=\"has-text-align-center\" data-align=\"center\">6300ML<\/td><td class=\"has-text-align-center\" data-align=\"center\">35*20*14<\/td><\/tr><tr><td class=\"has-text-align-center\" data-align=\"center\">MYJD387<\/td><td class=\"has-text-align-center\" data-align=\"center\">&nbsp;Ret\u00e2ngulo 1700ML<\/td><td class=\"has-text-align-center\" data-align=\"center\">35*20*6<\/td><\/tr><tr><td class=\"has-text-align-center\" data-align=\"center\">MYJD388<\/td><td class=\"has-text-align-center\" data-align=\"center\">&nbsp;Ret\u00e2ngulo 2200ML<\/td><td class=\"has-text-align-center\" data-align=\"center\">35*20*6<\/td><\/tr><tr><td class=\"has-text-align-center\" data-align=\"center\">MYJD389<\/td><td class=\"has-text-align-center\" data-align=\"center\">&nbsp;Ret\u00e2ngulo 2700ML<\/td><td class=\"has-text-align-center\" data-align=\"center\">35*20*6<\/td><\/tr><\/tbody><\/table><\/figure>\n\n\n\n<h3 class=\"wp-block-heading\">Op\u00e7\u00f5es de caixas de conserva\u00e7\u00e3o de produtos frescos personalizadas<\/h3>\n\n\n\n<p><strong>Log\u00f3tipo<\/strong>: personalizar o log\u00f3tipo da sua marca na ta\u00e7a de cozinha em a\u00e7o inoxid\u00e1vel e na embalagem.<br><strong>Logo Options<\/strong>: log\u00f3tipo impresso, log\u00f3tipo gravado a laser, etc.<br><strong>Padr\u00e3o<\/strong>: padr\u00f5es de impress\u00e3o em produtos e embalagens.<br><strong>Printing Technology<\/strong>: impress\u00e3o por transfer\u00eancia de \u00e1gua, impress\u00e3o por serigrafia, impress\u00e3o por transfer\u00eancia de calor, transfer\u00eancia por sublima\u00e7\u00e3o, etc.<br><strong>Embalagem:<\/strong>caixa de cor.<br><a href=\"https:\/\/moyahousehold.com\/pt\/solucao-personalizada\/\"><strong>Saiba mais sobre as solu\u00e7\u00f5es de lancheiras personalizadas.<\/strong><\/a><\/p>\n\n\n\n<div class=\"wp-block-columns is-layout-flex wp-container-core-columns-is-layout-9d6595d7 wp-block-columns-is-layout-flex\">\n<div class=\"wp-block-column is-layout-flow wp-block-column-is-layout-flow\" style=\"flex-basis:100%\">\n<div class=\"wp-block-group is-nowrap is-layout-flex wp-container-core-group-is-layout-ad2f72ca wp-block-group-is-layout-flex\">\n<div class=\"wp-block-columns is-layout-flex wp-container-core-columns-is-layout-9d6595d7 wp-block-columns-is-layout-flex\">\n<div class=\"wp-block-column is-layout-flow wp-block-column-is-layout-flow\">\n<figure class=\"wp-block-image size-full\"><img decoding=\"async\" width=\"800\" height=\"800\" src=\"https:\/\/moyahousehold.com\/wp-content\/uploads\/2026\/01\/leak-proof-stainless-steel-food-container.webp\" alt=\"\" class=\"wp-image-11928\" srcset=\"https:\/\/moyahousehold.com\/wp-content\/uploads\/2026\/01\/leak-proof-stainless-steel-food-container.webp 800w, https:\/\/moyahousehold.com\/wp-content\/uploads\/2026\/01\/leak-proof-stainless-steel-food-container-300x300.webp 300w, https:\/\/moyahousehold.com\/wp-content\/uploads\/2026\/01\/leak-proof-stainless-steel-food-container-150x150.webp 150w, https:\/\/moyahousehold.com\/wp-content\/uploads\/2026\/01\/leak-proof-stainless-steel-food-container-768x768.webp 768w, https:\/\/moyahousehold.com\/wp-content\/uploads\/2026\/01\/leak-proof-stainless-steel-food-container-12x12.webp 12w, https:\/\/moyahousehold.com\/wp-content\/uploads\/2026\/01\/leak-proof-stainless-steel-food-container-285x285.webp 285w, https:\/\/moyahousehold.com\/wp-content\/uploads\/2026\/01\/leak-proof-stainless-steel-food-container-270x270.webp 270w, https:\/\/moyahousehold.com\/wp-content\/uploads\/2026\/01\/leak-proof-stainless-steel-food-container-540x540.webp 540w, https:\/\/moyahousehold.com\/wp-content\/uploads\/2026\/01\/leak-proof-stainless-steel-food-container-660x660.webp 660w\" sizes=\"(max-width: 800px) 100vw, 800px\" \/><\/figure>\n<\/div>\n\n\n\n<div class=\"wp-block-column is-layout-flow wp-block-column-is-layout-flow\">\n<figure class=\"wp-block-image size-full\"><img decoding=\"async\" width=\"800\" height=\"800\" src=\"https:\/\/moyahousehold.com\/wp-content\/uploads\/2026\/01\/insulated-vacuum-food-container.webp\" alt=\"\" class=\"wp-image-11929\" srcset=\"https:\/\/moyahousehold.com\/wp-content\/uploads\/2026\/01\/insulated-vacuum-food-container.webp 800w, https:\/\/moyahousehold.com\/wp-content\/uploads\/2026\/01\/insulated-vacuum-food-container-300x300.webp 300w, https:\/\/moyahousehold.com\/wp-content\/uploads\/2026\/01\/insulated-vacuum-food-container-150x150.webp 150w, https:\/\/moyahousehold.com\/wp-content\/uploads\/2026\/01\/insulated-vacuum-food-container-768x768.webp 768w, https:\/\/moyahousehold.com\/wp-content\/uploads\/2026\/01\/insulated-vacuum-food-container-12x12.webp 12w, https:\/\/moyahousehold.com\/wp-content\/uploads\/2026\/01\/insulated-vacuum-food-container-285x285.webp 285w, https:\/\/moyahousehold.com\/wp-content\/uploads\/2026\/01\/insulated-vacuum-food-container-270x270.webp 270w, https:\/\/moyahousehold.com\/wp-content\/uploads\/2026\/01\/insulated-vacuum-food-container-540x540.webp 540w, https:\/\/moyahousehold.com\/wp-content\/uploads\/2026\/01\/insulated-vacuum-food-container-660x660.webp 660w\" sizes=\"(max-width: 800px) 100vw, 800px\" \/><\/figure>\n<\/div>\n<\/div>\n<\/div>\n<\/div>\n<\/div>\n\n\n\n<figure class=\"wp-block-gallery has-nested-images columns-default is-cropped wp-block-gallery-1 is-layout-flex wp-block-gallery-is-layout-flex\">\n<figure class=\"wp-block-image size-full is-style-default\"><img loading=\"lazy\" decoding=\"async\" width=\"1500\" height=\"2000\" data-id=\"11931\" src=\"https:\/\/moyahousehold.com\/wp-content\/uploads\/2026\/01\/304-stainless-steel-vacuum-insulated-food-container.webp\" alt=\"\" class=\"wp-image-11931\" srcset=\"https:\/\/moyahousehold.com\/wp-content\/uploads\/2026\/01\/304-stainless-steel-vacuum-insulated-food-container.webp 1500w, https:\/\/moyahousehold.com\/wp-content\/uploads\/2026\/01\/304-stainless-steel-vacuum-insulated-food-container-225x300.webp 225w, https:\/\/moyahousehold.com\/wp-content\/uploads\/2026\/01\/304-stainless-steel-vacuum-insulated-food-container-768x1024.webp 768w, https:\/\/moyahousehold.com\/wp-content\/uploads\/2026\/01\/304-stainless-steel-vacuum-insulated-food-container-9x12.webp 9w, https:\/\/moyahousehold.com\/wp-content\/uploads\/2026\/01\/304-stainless-steel-vacuum-insulated-food-container-285x380.webp 285w, https:\/\/moyahousehold.com\/wp-content\/uploads\/2026\/01\/304-stainless-steel-vacuum-insulated-food-container-495x660.webp 495w, https:\/\/moyahousehold.com\/wp-content\/uploads\/2026\/01\/304-stainless-steel-vacuum-insulated-food-container-113x150.webp 113w\" sizes=\"(max-width: 1500px) 100vw, 1500px\" \/><\/figure>\n\n\n\n<figure class=\"wp-block-image size-full is-style-default\"><img loading=\"lazy\" decoding=\"async\" width=\"1500\" height=\"2000\" data-id=\"11932\" src=\"https:\/\/moyahousehold.com\/wp-content\/uploads\/2026\/01\/BPA-free-stainless-steel-vacuum-food-box.webp\" alt=\"\" class=\"wp-image-11932\" srcset=\"https:\/\/moyahousehold.com\/wp-content\/uploads\/2026\/01\/BPA-free-stainless-steel-vacuum-food-box.webp 1500w, https:\/\/moyahousehold.com\/wp-content\/uploads\/2026\/01\/BPA-free-stainless-steel-vacuum-food-box-225x300.webp 225w, https:\/\/moyahousehold.com\/wp-content\/uploads\/2026\/01\/BPA-free-stainless-steel-vacuum-food-box-768x1024.webp 768w, https:\/\/moyahousehold.com\/wp-content\/uploads\/2026\/01\/BPA-free-stainless-steel-vacuum-food-box-9x12.webp 9w, https:\/\/moyahousehold.com\/wp-content\/uploads\/2026\/01\/BPA-free-stainless-steel-vacuum-food-box-285x380.webp 285w, https:\/\/moyahousehold.com\/wp-content\/uploads\/2026\/01\/BPA-free-stainless-steel-vacuum-food-box-495x660.webp 495w, https:\/\/moyahousehold.com\/wp-content\/uploads\/2026\/01\/BPA-free-stainless-steel-vacuum-food-box-113x150.webp 113w\" sizes=\"(max-width: 1500px) 100vw, 1500px\" \/><\/figure>\n<\/figure>\n\n\n\n<h3 class=\"wp-block-heading\">1. A\u00e7o inoxid\u00e1vel SUS 304 de qualidade alimentar: Seguran\u00e7a e durabilidade combinadas<\/h3>\n\n\n\n<p>Fabricado em a\u00e7o inoxid\u00e1vel SUS 304 de qualidade alimentar 100%, o nosso recipiente de v\u00e1cuo n\u00e3o cont\u00e9m BPA, ftalatos e outros qu\u00edmicos nocivos. \u00c9 resistente \u00e0 ferrugem, \u00e0 prova de estilha\u00e7os e sem odores, garantindo que os seus alimentos permanecem puros e frescos sem absorverem quaisquer sabores met\u00e1licos. Ao contr\u00e1rio dos recipientes de pl\u00e1stico que racham ou deformam com o tempo, esta caixa de a\u00e7o inoxid\u00e1vel resistente foi constru\u00edda para durar anos, o que a torna uma alternativa sustent\u00e1vel aos produtos de pl\u00e1stico de utiliza\u00e7\u00e3o \u00fanica. Perfeita para armazenar frutas, legumes, refei\u00e7\u00f5es cozinhadas, molhos e muito mais - segura para toda a fam\u00edlia.<\/p>\n\n\n\n<h3 class=\"wp-block-heading\">2. Selagem a v\u00e1cuo com um clique: Mant\u00e9m a frescura durante semanas<\/h3>\n\n\n\n<p>Equipado com uma sa\u00edda de ar incorporada, o nosso recipiente permite uma selagem a v\u00e1cuo f\u00e1cil com um clique. Basta premir a abertura para expulsar todo o ar da caixa, criando uma veda\u00e7\u00e3o herm\u00e9tica que bloqueia o oxig\u00e9nio e as bact\u00e9rias. Esta inovadora tecnologia de v\u00e1cuo prolonga a frescura dos alimentos at\u00e9 3x mais do que os recipientes normais, reduzindo o desperd\u00edcio de alimentos e poupando-lhe dinheiro. Acabaram-se as saladas encharcadas, os legumes murchos ou as sobras estragadas - os seus alimentos ter\u00e3o um sabor t\u00e3o fresco como no dia em que os guardou.<\/p>\n\n\n\n<h3 class=\"wp-block-heading\">3. Fun\u00e7\u00e3o de isolamento duplo: Reten\u00e7\u00e3o de calor e frio para todas as esta\u00e7\u00f5es<\/h3>\n\n\n\n<p>O nosso recipiente de v\u00e1cuo n\u00e3o serve apenas para manter a frescura - tamb\u00e9m possui um excelente desempenho de isolamento para manter os seus alimentos \u00e0 temperatura perfeita. Desfrute de sopas quentes, guisados ou arroz que se mant\u00eam quentes at\u00e9 12 horas, ou de saladas frias, batidos ou frutas que se mant\u00eam frescas at\u00e9 24 horas. Este design de isolamento duplo torna-o ideal para desloca\u00e7\u00f5es no inverno, piqueniques de ver\u00e3o ou prepara\u00e7\u00e3o de refei\u00e7\u00f5es di\u00e1rias. Acabaram-se os almo\u00e7os mornos ou as sobremesas derretidas - a sua comida estar\u00e1 sempre \u00e0 temperatura ideal.<\/p>\n\n\n\n<h3 class=\"wp-block-heading\">4. Design \u00e0 prova de fugas e destac\u00e1vel: F\u00e1cil de limpar e sem sujidade<\/h3>\n\n\n\n<p>Diga adeus aos derrames sujos com o nosso vedante avan\u00e7ado \u00e0 prova de fugas. A veda\u00e7\u00e3o estanque a v\u00e1cuo e a tampa refor\u00e7ada garantem que mesmo os produtos l\u00edquidos, como sopa, molho ou sumo, n\u00e3o vertem, mesmo quando o recipiente \u00e9 virado ao contr\u00e1rio ou agitado. Al\u00e9m disso, toda a tampa e o vedante s\u00e3o totalmente amov\u00edveis sem necessidade de ferramentas adicionais. Este design permite uma limpeza completa, eliminando a sujidade e as bact\u00e9rias escondidas nos cantos mortos. Pode ser lavado na m\u00e1quina de lavar lou\u00e7a para maior comodidade, tornando a limpeza muito f\u00e1cil.<\/p>\n\n\n\n<figure class=\"wp-block-gallery has-nested-images columns-default is-cropped wp-block-gallery-2 is-layout-flex wp-block-gallery-is-layout-flex\">\n<figure class=\"wp-block-image size-full\"><img loading=\"lazy\" decoding=\"async\" width=\"1500\" height=\"2000\" data-id=\"11933\" src=\"https:\/\/moyahousehold.com\/wp-content\/uploads\/2026\/01\/detachable-vacuum-freshness-box.webp\" alt=\"\" class=\"wp-image-11933\" srcset=\"https:\/\/moyahousehold.com\/wp-content\/uploads\/2026\/01\/detachable-vacuum-freshness-box.webp 1500w, https:\/\/moyahousehold.com\/wp-content\/uploads\/2026\/01\/detachable-vacuum-freshness-box-225x300.webp 225w, https:\/\/moyahousehold.com\/wp-content\/uploads\/2026\/01\/detachable-vacuum-freshness-box-768x1024.webp 768w, https:\/\/moyahousehold.com\/wp-content\/uploads\/2026\/01\/detachable-vacuum-freshness-box-9x12.webp 9w, https:\/\/moyahousehold.com\/wp-content\/uploads\/2026\/01\/detachable-vacuum-freshness-box-285x380.webp 285w, https:\/\/moyahousehold.com\/wp-content\/uploads\/2026\/01\/detachable-vacuum-freshness-box-495x660.webp 495w, https:\/\/moyahousehold.com\/wp-content\/uploads\/2026\/01\/detachable-vacuum-freshness-box-113x150.webp 113w\" sizes=\"(max-width: 1500px) 100vw, 1500px\" \/><\/figure>\n\n\n\n<figure class=\"wp-block-image size-full\"><img loading=\"lazy\" decoding=\"async\" width=\"1500\" height=\"2000\" data-id=\"11934\" src=\"https:\/\/moyahousehold.com\/wp-content\/uploads\/2026\/01\/food-grade-vacuum-sealed-storage-container.webp\" alt=\"\" class=\"wp-image-11934\" srcset=\"https:\/\/moyahousehold.com\/wp-content\/uploads\/2026\/01\/food-grade-vacuum-sealed-storage-container.webp 1500w, https:\/\/moyahousehold.com\/wp-content\/uploads\/2026\/01\/food-grade-vacuum-sealed-storage-container-225x300.webp 225w, https:\/\/moyahousehold.com\/wp-content\/uploads\/2026\/01\/food-grade-vacuum-sealed-storage-container-768x1024.webp 768w, https:\/\/moyahousehold.com\/wp-content\/uploads\/2026\/01\/food-grade-vacuum-sealed-storage-container-9x12.webp 9w, https:\/\/moyahousehold.com\/wp-content\/uploads\/2026\/01\/food-grade-vacuum-sealed-storage-container-285x380.webp 285w, https:\/\/moyahousehold.com\/wp-content\/uploads\/2026\/01\/food-grade-vacuum-sealed-storage-container-495x660.webp 495w, https:\/\/moyahousehold.com\/wp-content\/uploads\/2026\/01\/food-grade-vacuum-sealed-storage-container-113x150.webp 113w\" sizes=\"(max-width: 1500px) 100vw, 1500px\" \/><\/figure>\n<\/figure>\n\n\n\n<p><\/p>","protected":false},"excerpt":{"rendered":"<h2 class=\"header-vfC6AV auto-hide-last-sibling-br\">Servi\u00e7os de personaliza\u00e7\u00e3o<\/h2>\n<div class=\"auto-hide-last-sibling-br paragraph-JOTKXA paragraph-element br-paragraph-space\">Como um fabricante profissional de lancheiras, n\u00f3s fornecemos solu\u00e7\u00f5es abrangentes de OEM e ODM:<\/div>\n<ul class=\"auto-hide-last-sibling-br\">\n<li><strong>OEM<\/strong>: Personalize log\u00f3tipos, impress\u00f5es ou embalagens para se alinharem com a identidade da sua marca. Tamb\u00e9m pode escolher cores diferentes para o inv\u00f3lucro exterior para combinar com o estilo da sua marca.<\/li>\n<li><strong>ODM<\/strong>: Colaboramos na conce\u00e7\u00e3o do produto, desde a disposi\u00e7\u00e3o dos compartimentos (ajustando o n\u00famero e o tamanho dos compartimentos) aos acabamentos dos materiais, para criar solu\u00e7\u00f5es \u00fanicas e orientadas para o mercado. Podemos tamb\u00e9m otimizar a estrutura de veda\u00e7\u00e3o ou acrescentar designs funcionais especiais de acordo com as suas necessidades.<\/li>\n<\/ul>","protected":false},"featured_media":11930,"comment_status":"closed","ping_status":"closed","template":"","meta":[],"product_cat":[58],"product_tag":[87,92],"class_list":{"0":"post-11926","1":"product","2":"type-product","3":"status-publish","4":"has-post-thumbnail","6":"product_cat-lunch-box-wholesale","7":"product_tag-wholesale-multi-compartment-lunch-box","8":"product_tag-wholesale-rectangle-lunch-box","10":"first","11":"instock","12":"shipping-taxable","13":"product-type-simple"},"_links":{"self":[{"href":"https:\/\/moyahousehold.com\/pt\/wp-json\/wp\/v2\/product\/11926","targetHints":{"allow":["GET"]}}],"collection":[{"href":"https:\/\/moyahousehold.com\/pt\/wp-json\/wp\/v2\/product"}],"about":[{"href":"https:\/\/moyahousehold.com\/pt\/wp-json\/wp\/v2\/types\/product"}],"replies":[{"embeddable":true,"href":"https:\/\/moyahousehold.com\/pt\/wp-json\/wp\/v2\/comments?post=11926"}],"version-history":[{"count":1,"href":"https:\/\/moyahousehold.com\/pt\/wp-json\/wp\/v2\/product\/11926\/revisions"}],"predecessor-version":[{"id":13123,"href":"https:\/\/moyahousehold.com\/pt\/wp-json\/wp\/v2\/product\/11926\/revisions\/13123"}],"wp:featuredmedia":[{"embeddable":true,"href":"https:\/\/moyahousehold.com\/pt\/wp-json\/wp\/v2\/media\/11930"}],"wp:attachment":[{"href":"https:\/\/moyahousehold.com\/pt\/wp-json\/wp\/v2\/media?parent=11926"}],"wp:term":[{"taxonomy":"product_cat","embeddable":true,"href":"https:\/\/moyahousehold.com\/pt\/wp-json\/wp\/v2\/product_cat?post=11926"},{"taxonomy":"product_tag","embeddable":true,"href":"https:\/\/moyahousehold.com\/pt\/wp-json\/wp\/v2\/product_tag?post=11926"}],"curies":[{"name":"wp","href":"https:\/\/api.w.org\/{rel}","templated":true}]}}