{"id":11936,"date":"2026-01-09T09:30:08","date_gmt":"2026-01-09T09:16:39","guid":{"rendered":"https:\/\/moyahousehold.com\/?post_type=product&#038;p=11936"},"modified":"2026-01-09T09:31:10","modified_gmt":"2026-01-09T09:31:10","slug":"sus-304-stainless-steel-creamy-white-tri-ply-steel-cookware-set-detachable-handle-deepened-design","status":"publish","type":"product","link":"https:\/\/moyahousehold.com\/pt\/produto\/sus-304-stainless-steel-creamy-white-tri-ply-steel-cookware-set-detachable-handle-deepened-design\/","title":{"rendered":"Conjunto de panelas em a\u00e7o inoxid\u00e1vel SUS 304 branco cremoso com tr\u00eas camadas - cabo amov\u00edvel e design aprofundado"},"content":{"rendered":"<p>Tachos e panelas All-in-One para uma cozinha segura e com estilo<\/p>\n\n\n\n<figure class=\"wp-block-image size-full is-style-default\"><img fetchpriority=\"high\" decoding=\"async\" width=\"800\" height=\"800\" src=\"https:\/\/moyahousehold.com\/wp-content\/uploads\/2026\/01\/4-piece-cookware-set.webp\" alt=\"\" class=\"wp-image-11937\" srcset=\"https:\/\/moyahousehold.com\/wp-content\/uploads\/2026\/01\/4-piece-cookware-set.webp 800w, https:\/\/moyahousehold.com\/wp-content\/uploads\/2026\/01\/4-piece-cookware-set-300x300.webp 300w, https:\/\/moyahousehold.com\/wp-content\/uploads\/2026\/01\/4-piece-cookware-set-150x150.webp 150w, https:\/\/moyahousehold.com\/wp-content\/uploads\/2026\/01\/4-piece-cookware-set-768x768.webp 768w, https:\/\/moyahousehold.com\/wp-content\/uploads\/2026\/01\/4-piece-cookware-set-12x12.webp 12w, https:\/\/moyahousehold.com\/wp-content\/uploads\/2026\/01\/4-piece-cookware-set-285x285.webp 285w, https:\/\/moyahousehold.com\/wp-content\/uploads\/2026\/01\/4-piece-cookware-set-270x270.webp 270w, https:\/\/moyahousehold.com\/wp-content\/uploads\/2026\/01\/4-piece-cookware-set-540x540.webp 540w, https:\/\/moyahousehold.com\/wp-content\/uploads\/2026\/01\/4-piece-cookware-set-660x660.webp 660w\" sizes=\"(max-width: 800px) 100vw, 800px\" \/><figcaption class=\"wp-element-caption\">recipiente para alimentos em a\u00e7o inoxid\u00e1vel amov\u00edvel e f\u00e1cil de limpar para preparar refei\u00e7\u00f5es<\/figcaption><\/figure>\n\n\n\n<p><strong>material:<\/strong> A\u00e7o inoxid\u00e1vel 304+Tr\u00eas camadas de a\u00e7o <strong> cor:<\/strong> Bege<\/p>\n\n\n\n<h3 class=\"wp-block-heading\"><\/h3>\n\n\n\n<figure class=\"wp-block-table\"><table class=\"has-fixed-layout\"><tbody><tr><td class=\"has-text-align-center\" data-align=\"center\"><strong>Item<\/strong><\/td><td class=\"has-text-align-center\" data-align=\"center\"><strong>Material<\/strong><\/td><td class=\"has-text-align-center\" data-align=\"center\"><strong>Cor<\/strong><\/td><\/tr><tr><td class=\"has-text-align-center\" data-align=\"center\">MYHL031<\/td><td class=\"has-text-align-center\" data-align=\"center\" rowspan=\"3\">SUS304\uff0cTr\u00eas camadas de a\u00e7o<\/td><td class=\"has-text-align-center\" data-align=\"center\" rowspan=\"3\">Bege<\/td><\/tr><tr><td class=\"has-text-align-center\" data-align=\"center\">MYHL032<\/td><\/tr><tr><td class=\"has-text-align-center\" data-align=\"center\">MYHL033<\/td><\/tr><\/tbody><\/table><\/figure>\n\n\n\n<h3 class=\"wp-block-heading\">Op\u00e7\u00f5es de vasos personalizados<\/h3>\n\n\n\n<p><strong>Log\u00f3tipo<\/strong>: personalizar o log\u00f3tipo da sua marca na panela de a\u00e7o inoxid\u00e1vel e na embalagem.<br><strong>Op\u00e7\u00f5es de log\u00f3tipo<\/strong>: log\u00f3tipo impresso, log\u00f3tipo gravado a laser, etc.<br><strong>Padr\u00e3o<\/strong>: padr\u00f5es de impress\u00e3o em produtos e embalagens.<br><strong>Tecnologia de impress\u00e3o<\/strong>: impress\u00e3o por transfer\u00eancia de \u00e1gua, impress\u00e3o por serigrafia, impress\u00e3o por transfer\u00eancia de calor, transfer\u00eancia por sublima\u00e7\u00e3o, etc.<br><strong>Embalagem:<\/strong>caixa de cor.<br><a href=\"https:\/\/moyahousehold.com\/pt\/solucao-personalizada\/\"><strong>Saiba mais sobre solu\u00e7\u00f5es personalizadas para vasos.<\/strong><\/a><\/p>\n\n\n\n<div class=\"wp-block-columns is-layout-flex wp-container-core-columns-is-layout-9d6595d7 wp-block-columns-is-layout-flex\">\n<div class=\"wp-block-column is-layout-flow wp-block-column-is-layout-flow\" style=\"flex-basis:100%\">\n<div class=\"wp-block-group is-nowrap is-layout-flex wp-container-core-group-is-layout-ad2f72ca wp-block-group-is-layout-flex\">\n<div class=\"wp-block-columns is-layout-flex wp-container-core-columns-is-layout-9d6595d7 wp-block-columns-is-layout-flex\">\n<div class=\"wp-block-column is-layout-flow wp-block-column-is-layout-flow\">\n<figure class=\"wp-block-image size-full\"><img decoding=\"async\" width=\"800\" height=\"800\" src=\"https:\/\/moyahousehold.com\/wp-content\/uploads\/2026\/01\/Creamy-white-cookware-set.webp\" alt=\"\" class=\"wp-image-11940\" srcset=\"https:\/\/moyahousehold.com\/wp-content\/uploads\/2026\/01\/Creamy-white-cookware-set.webp 800w, https:\/\/moyahousehold.com\/wp-content\/uploads\/2026\/01\/Creamy-white-cookware-set-300x300.webp 300w, https:\/\/moyahousehold.com\/wp-content\/uploads\/2026\/01\/Creamy-white-cookware-set-150x150.webp 150w, https:\/\/moyahousehold.com\/wp-content\/uploads\/2026\/01\/Creamy-white-cookware-set-768x768.webp 768w, https:\/\/moyahousehold.com\/wp-content\/uploads\/2026\/01\/Creamy-white-cookware-set-12x12.webp 12w, https:\/\/moyahousehold.com\/wp-content\/uploads\/2026\/01\/Creamy-white-cookware-set-285x285.webp 285w, https:\/\/moyahousehold.com\/wp-content\/uploads\/2026\/01\/Creamy-white-cookware-set-270x270.webp 270w, https:\/\/moyahousehold.com\/wp-content\/uploads\/2026\/01\/Creamy-white-cookware-set-540x540.webp 540w, https:\/\/moyahousehold.com\/wp-content\/uploads\/2026\/01\/Creamy-white-cookware-set-660x660.webp 660w\" sizes=\"(max-width: 800px) 100vw, 800px\" \/><\/figure>\n<\/div>\n\n\n\n<div class=\"wp-block-column is-layout-flow wp-block-column-is-layout-flow\">\n<figure class=\"wp-block-image size-full\"><img decoding=\"async\" width=\"800\" height=\"800\" src=\"https:\/\/moyahousehold.com\/wp-content\/uploads\/2026\/01\/Detachable-handle-cookware.webp\" alt=\"\" class=\"wp-image-11941\" srcset=\"https:\/\/moyahousehold.com\/wp-content\/uploads\/2026\/01\/Detachable-handle-cookware.webp 800w, https:\/\/moyahousehold.com\/wp-content\/uploads\/2026\/01\/Detachable-handle-cookware-300x300.webp 300w, https:\/\/moyahousehold.com\/wp-content\/uploads\/2026\/01\/Detachable-handle-cookware-150x150.webp 150w, https:\/\/moyahousehold.com\/wp-content\/uploads\/2026\/01\/Detachable-handle-cookware-768x768.webp 768w, https:\/\/moyahousehold.com\/wp-content\/uploads\/2026\/01\/Detachable-handle-cookware-12x12.webp 12w, https:\/\/moyahousehold.com\/wp-content\/uploads\/2026\/01\/Detachable-handle-cookware-285x285.webp 285w, https:\/\/moyahousehold.com\/wp-content\/uploads\/2026\/01\/Detachable-handle-cookware-270x270.webp 270w, https:\/\/moyahousehold.com\/wp-content\/uploads\/2026\/01\/Detachable-handle-cookware-540x540.webp 540w, https:\/\/moyahousehold.com\/wp-content\/uploads\/2026\/01\/Detachable-handle-cookware-660x660.webp 660w\" sizes=\"(max-width: 800px) 100vw, 800px\" \/><\/figure>\n<\/div>\n<\/div>\n<\/div>\n<\/div>\n<\/div>\n\n\n\n<div class=\"wp-block-columns is-layout-flex wp-container-core-columns-is-layout-9d6595d7 wp-block-columns-is-layout-flex\">\n<div class=\"wp-block-column is-layout-flow wp-block-column-is-layout-flow\"><\/div>\n\n\n\n<div class=\"wp-block-column is-layout-flow wp-block-column-is-layout-flow\"><\/div>\n<\/div>\n\n\n\n<p>Eleve a sua experi\u00eancia na cozinha com o conjunto de panelas de a\u00e7o Tri-Ply branco cremoso \ud83c\udf1f<\/p>\n\n\n\n<p>Cansado de arm\u00e1rios de cozinha desarrumados? Irritado por ter as m\u00e3os a escaldar enquanto cozinha? Frustrado com os utens\u00edlios de cozinha dif\u00edceis de limpar? O nosso conjunto de panelas de a\u00e7o de 4 pe\u00e7as Tri-Ply est\u00e1 aqui para resolver todos os seus problemas de cozinha! Combinando materiais de primeira qualidade, design pr\u00e1tico e est\u00e9tica elegante, n\u00e3o \u00e9 apenas um utens\u00edlio de cozinha - \u00e9 um complemento perfeito para a sua casa moderna.<\/p>\n\n\n\n<figure class=\"wp-block-gallery has-nested-images columns-default is-cropped wp-block-gallery-1 is-layout-flex wp-block-gallery-is-layout-flex\">\n<figure class=\"wp-block-image size-full is-style-default\"><img loading=\"lazy\" decoding=\"async\" width=\"1500\" height=\"2000\" data-id=\"11942\" src=\"https:\/\/moyahousehold.com\/wp-content\/uploads\/2026\/01\/4-piece-tri-ply-steel-cookware-set-milk-pot-soup-pot-frying-pan.webp\" alt=\"\" class=\"wp-image-11942\" srcset=\"https:\/\/moyahousehold.com\/wp-content\/uploads\/2026\/01\/4-piece-tri-ply-steel-cookware-set-milk-pot-soup-pot-frying-pan.webp 1500w, https:\/\/moyahousehold.com\/wp-content\/uploads\/2026\/01\/4-piece-tri-ply-steel-cookware-set-milk-pot-soup-pot-frying-pan-225x300.webp 225w, https:\/\/moyahousehold.com\/wp-content\/uploads\/2026\/01\/4-piece-tri-ply-steel-cookware-set-milk-pot-soup-pot-frying-pan-768x1024.webp 768w, https:\/\/moyahousehold.com\/wp-content\/uploads\/2026\/01\/4-piece-tri-ply-steel-cookware-set-milk-pot-soup-pot-frying-pan-9x12.webp 9w, https:\/\/moyahousehold.com\/wp-content\/uploads\/2026\/01\/4-piece-tri-ply-steel-cookware-set-milk-pot-soup-pot-frying-pan-285x380.webp 285w, https:\/\/moyahousehold.com\/wp-content\/uploads\/2026\/01\/4-piece-tri-ply-steel-cookware-set-milk-pot-soup-pot-frying-pan-495x660.webp 495w, https:\/\/moyahousehold.com\/wp-content\/uploads\/2026\/01\/4-piece-tri-ply-steel-cookware-set-milk-pot-soup-pot-frying-pan-113x150.webp 113w\" sizes=\"(max-width: 1500px) 100vw, 1500px\" \/><\/figure>\n\n\n\n<figure class=\"wp-block-image size-full is-style-default\"><img loading=\"lazy\" decoding=\"async\" width=\"1500\" height=\"2000\" data-id=\"11943\" src=\"https:\/\/moyahousehold.com\/wp-content\/uploads\/2026\/01\/Creamy-white-deepened-pot-cookware-set.webp\" alt=\"\" class=\"wp-image-11943\" srcset=\"https:\/\/moyahousehold.com\/wp-content\/uploads\/2026\/01\/Creamy-white-deepened-pot-cookware-set.webp 1500w, https:\/\/moyahousehold.com\/wp-content\/uploads\/2026\/01\/Creamy-white-deepened-pot-cookware-set-225x300.webp 225w, https:\/\/moyahousehold.com\/wp-content\/uploads\/2026\/01\/Creamy-white-deepened-pot-cookware-set-768x1024.webp 768w, https:\/\/moyahousehold.com\/wp-content\/uploads\/2026\/01\/Creamy-white-deepened-pot-cookware-set-9x12.webp 9w, https:\/\/moyahousehold.com\/wp-content\/uploads\/2026\/01\/Creamy-white-deepened-pot-cookware-set-285x380.webp 285w, https:\/\/moyahousehold.com\/wp-content\/uploads\/2026\/01\/Creamy-white-deepened-pot-cookware-set-495x660.webp 495w, https:\/\/moyahousehold.com\/wp-content\/uploads\/2026\/01\/Creamy-white-deepened-pot-cookware-set-113x150.webp 113w\" sizes=\"(max-width: 1500px) 100vw, 1500px\" \/><\/figure>\n<\/figure>\n\n\n\n<h2 class=\"wp-block-heading\"><\/h2>\n\n\n\n<h3 class=\"wp-block-heading\"><\/h3>\n\n\n\n<p><strong>Vantagens fundamentais que fazem a diferen\u00e7a<\/strong><\/p>\n\n\n\n<h3 class=\"wp-block-heading\">1. Base de a\u00e7o tripla de qualidade superior - Aquecimento uniforme e duradouro<\/h3>\n\n\n\n<p>Fabricado com a\u00e7o de tr\u00eas camadas de alta qualidade, o utens\u00edlio de cozinha assegura uma distribui\u00e7\u00e3o r\u00e1pida e uniforme do calor, eliminando os pontos quentes que queimam os alimentos. A constru\u00e7\u00e3o robusta em a\u00e7o garante uma utiliza\u00e7\u00e3o a longo prazo, resistindo \u00e0 deforma\u00e7\u00e3o e ao desgaste. Seguro para contacto com os alimentos, \u00e9 a escolha fi\u00e1vel para cozinhar em fam\u00edlia.<\/p>\n\n\n\n<h3 class=\"wp-block-heading\">2. Pega amov\u00edvel - Poupa espa\u00e7o e \u00e9 flex\u00edvel<\/h3>\n\n\n\n<p>O design da pega amov\u00edvel permite-lhe retir\u00e1-la sem esfor\u00e7o depois de cozinhar. Empilhe as panelas e frigideiras de forma organizada no arm\u00e1rio, poupando 50% de espa\u00e7o de arruma\u00e7\u00e3o - ideal para cozinhas pequenas, apartamentos ou autocaravanas. A pega tem tamb\u00e9m um design ergon\u00f3mico, com um punho antiderrapante que se mant\u00e9m frio ao toque, garantindo uma utiliza\u00e7\u00e3o confort\u00e1vel e segura.<\/p>\n\n\n\n<h3 class=\"wp-block-heading\">3. Corpo da panela aprofundado - anti-respingos e anti-escaldamento<\/h3>\n\n\n\n<p>A cavidade da panela especialmente aprofundada evita salpicos de \u00f3leo durante a fritura e a cozedura, mantendo a sua cozinha limpa. Ao mesmo tempo, o design aprofundado aumenta a dist\u00e2ncia entre as suas m\u00e3os e a fonte de calor, evitando efetivamente escald\u00f5es e tornando a cozinha mais segura para todos.<\/p>\n\n\n\n<h3 class=\"wp-block-heading\">4. Revestimento branco mate cremoso - elegante e f\u00e1cil de limpar<\/h3>\n\n\n\n<p>O elegante exterior branco mate acrescenta um toque de minimalismo \u00e0 sua cozinha, combinando com todos os estilos de decora\u00e7\u00e3o de cozinha. O revestimento liso \u00e9 muito f\u00e1cil de limpar - basta passar um pano h\u00famido ou enxaguar com \u00e1gua, sem necessidade de esfregar, poupando-lhe tempo e esfor\u00e7o.<\/p>\n\n\n\n<h3 class=\"wp-block-heading\">5. Conjunto completo de 6 pe\u00e7as - Cobre todos os cen\u00e1rios de cozedura<\/h3>\n\n\n\n<p>O conjunto inclui uma panela de leite, uma panela de sopa, uma frigideira rasa e uma frigideira funda, satisfazendo todas as suas necessidades culin\u00e1rias di\u00e1rias - desde ferver leite, fazer sopa, fritar ovos at\u00e9 fritar legumes. Adequado para fog\u00f5es a g\u00e1s, fog\u00f5es de indu\u00e7\u00e3o e outros fog\u00f5es comuns, vers\u00e1til e pr\u00e1tico.<\/p>\n\n\n\n<figure class=\"wp-block-gallery has-nested-images columns-default is-cropped wp-block-gallery-2 is-layout-flex wp-block-gallery-is-layout-flex\">\n<figure class=\"wp-block-image size-full\"><img loading=\"lazy\" decoding=\"async\" width=\"1500\" height=\"2000\" data-id=\"11944\" src=\"https:\/\/moyahousehold.com\/wp-content\/uploads\/2026\/01\/Detachable-handle-cookware-set-for-small-kitchen.webp\" alt=\"\" class=\"wp-image-11944\" srcset=\"https:\/\/moyahousehold.com\/wp-content\/uploads\/2026\/01\/Detachable-handle-cookware-set-for-small-kitchen.webp 1500w, https:\/\/moyahousehold.com\/wp-content\/uploads\/2026\/01\/Detachable-handle-cookware-set-for-small-kitchen-225x300.webp 225w, https:\/\/moyahousehold.com\/wp-content\/uploads\/2026\/01\/Detachable-handle-cookware-set-for-small-kitchen-768x1024.webp 768w, https:\/\/moyahousehold.com\/wp-content\/uploads\/2026\/01\/Detachable-handle-cookware-set-for-small-kitchen-9x12.webp 9w, https:\/\/moyahousehold.com\/wp-content\/uploads\/2026\/01\/Detachable-handle-cookware-set-for-small-kitchen-285x380.webp 285w, https:\/\/moyahousehold.com\/wp-content\/uploads\/2026\/01\/Detachable-handle-cookware-set-for-small-kitchen-495x660.webp 495w, https:\/\/moyahousehold.com\/wp-content\/uploads\/2026\/01\/Detachable-handle-cookware-set-for-small-kitchen-113x150.webp 113w\" sizes=\"(max-width: 1500px) 100vw, 1500px\" \/><\/figure>\n\n\n\n<figure class=\"wp-block-image size-full\"><img loading=\"lazy\" decoding=\"async\" width=\"1500\" height=\"2000\" data-id=\"11945\" src=\"https:\/\/moyahousehold.com\/wp-content\/uploads\/2026\/01\/Deepened-anti-scald-tri-ply-steel-cookware.webp\" alt=\"\" class=\"wp-image-11945\" srcset=\"https:\/\/moyahousehold.com\/wp-content\/uploads\/2026\/01\/Deepened-anti-scald-tri-ply-steel-cookware.webp 1500w, https:\/\/moyahousehold.com\/wp-content\/uploads\/2026\/01\/Deepened-anti-scald-tri-ply-steel-cookware-225x300.webp 225w, https:\/\/moyahousehold.com\/wp-content\/uploads\/2026\/01\/Deepened-anti-scald-tri-ply-steel-cookware-768x1024.webp 768w, https:\/\/moyahousehold.com\/wp-content\/uploads\/2026\/01\/Deepened-anti-scald-tri-ply-steel-cookware-9x12.webp 9w, https:\/\/moyahousehold.com\/wp-content\/uploads\/2026\/01\/Deepened-anti-scald-tri-ply-steel-cookware-285x380.webp 285w, https:\/\/moyahousehold.com\/wp-content\/uploads\/2026\/01\/Deepened-anti-scald-tri-ply-steel-cookware-495x660.webp 495w, https:\/\/moyahousehold.com\/wp-content\/uploads\/2026\/01\/Deepened-anti-scald-tri-ply-steel-cookware-113x150.webp 113w\" sizes=\"(max-width: 1500px) 100vw, 1500px\" \/><\/figure>\n<\/figure>\n\n\n\n<h3 class=\"wp-block-heading\"><\/h3>\n\n\n\n<p>Porqu\u00ea escolher o nosso conjunto de panelas?<\/p>\n\n\n\n<p>Conjunto completo de 4 pe\u00e7as para todas as necessidades culin\u00e1rias<\/p>\n\n\n\n<p>A\u00e7o de qualidade superior com tr\u00eas camadas para uma cozedura segura e eficiente<\/p>\n\n\n\n<p>Pega amov\u00edvel para poupar espa\u00e7o na arruma\u00e7\u00e3o<\/p>\n\n\n\n<p>Design aprofundado para prote\u00e7\u00e3o anti-respingos e anti-queimaduras<\/p>\n\n\n\n<p>Elegante aspeto branco cremoso que decora a sua cozinha<\/p>\n\n\n\n<p>F\u00e1cil de limpar e compat\u00edvel com v\u00e1rios fog\u00f5es<\/p>\n\n\n\n<figure class=\"wp-block-gallery has-nested-images columns-default is-cropped wp-block-gallery-3 is-layout-flex wp-block-gallery-is-layout-flex\">\n<figure class=\"wp-block-image size-large\"><img loading=\"lazy\" decoding=\"async\" width=\"1500\" height=\"2000\" data-id=\"11947\" src=\"https:\/\/moyahousehold.com\/wp-content\/uploads\/2026\/01\/Easy-clean-tri-ply-steel-cookware-for-home-1.webp\" alt=\"\" class=\"wp-image-11947\" srcset=\"https:\/\/moyahousehold.com\/wp-content\/uploads\/2026\/01\/Easy-clean-tri-ply-steel-cookware-for-home-1.webp 1500w, https:\/\/moyahousehold.com\/wp-content\/uploads\/2026\/01\/Easy-clean-tri-ply-steel-cookware-for-home-1-225x300.webp 225w, https:\/\/moyahousehold.com\/wp-content\/uploads\/2026\/01\/Easy-clean-tri-ply-steel-cookware-for-home-1-768x1024.webp 768w, https:\/\/moyahousehold.com\/wp-content\/uploads\/2026\/01\/Easy-clean-tri-ply-steel-cookware-for-home-1-9x12.webp 9w, https:\/\/moyahousehold.com\/wp-content\/uploads\/2026\/01\/Easy-clean-tri-ply-steel-cookware-for-home-1-285x380.webp 285w, https:\/\/moyahousehold.com\/wp-content\/uploads\/2026\/01\/Easy-clean-tri-ply-steel-cookware-for-home-1-495x660.webp 495w, https:\/\/moyahousehold.com\/wp-content\/uploads\/2026\/01\/Easy-clean-tri-ply-steel-cookware-for-home-1-113x150.webp 113w\" sizes=\"(max-width: 1500px) 100vw, 1500px\" \/><\/figure>\n\n\n\n<figure class=\"wp-block-image size-large\"><img loading=\"lazy\" decoding=\"async\" width=\"1500\" height=\"2000\" data-id=\"11948\" src=\"https:\/\/moyahousehold.com\/wp-content\/uploads\/2026\/01\/Modern-creamy-white-kitchen-cookware-set.webp\" alt=\"\" class=\"wp-image-11948\" srcset=\"https:\/\/moyahousehold.com\/wp-content\/uploads\/2026\/01\/Modern-creamy-white-kitchen-cookware-set.webp 1500w, https:\/\/moyahousehold.com\/wp-content\/uploads\/2026\/01\/Modern-creamy-white-kitchen-cookware-set-225x300.webp 225w, https:\/\/moyahousehold.com\/wp-content\/uploads\/2026\/01\/Modern-creamy-white-kitchen-cookware-set-768x1024.webp 768w, https:\/\/moyahousehold.com\/wp-content\/uploads\/2026\/01\/Modern-creamy-white-kitchen-cookware-set-9x12.webp 9w, https:\/\/moyahousehold.com\/wp-content\/uploads\/2026\/01\/Modern-creamy-white-kitchen-cookware-set-285x380.webp 285w, https:\/\/moyahousehold.com\/wp-content\/uploads\/2026\/01\/Modern-creamy-white-kitchen-cookware-set-495x660.webp 495w, https:\/\/moyahousehold.com\/wp-content\/uploads\/2026\/01\/Modern-creamy-white-kitchen-cookware-set-113x150.webp 113w\" sizes=\"(max-width: 1500px) 100vw, 1500px\" \/><\/figure>\n<\/figure>\n\n\n\n<p>Quer seja um cozinheiro principiante ou um chefe de cozinha experiente, este conjunto de utens\u00edlios de cozinha tornar\u00e1 a sua vida na cozinha mais f\u00e1cil e mais agrad\u00e1vel. N\u00e3o se trata apenas de um utens\u00edlio, mas de um companheiro que acrescenta calor \u00e0s suas refei\u00e7\u00f5es di\u00e1rias.<\/p>\n\n\n\n<p><strong>\ud83d\udc49 Adicione ao carrinho agora e transforme a sua cozinha!<\/strong><\/p>\n\n\n\n<p><\/p>","protected":false},"excerpt":{"rendered":"<h2 class=\"header-vfC6AV auto-hide-last-sibling-br\">Servi\u00e7os de personaliza\u00e7\u00e3o<\/h2>\n<div class=\"auto-hide-last-sibling-br paragraph-JOTKXA paragraph-element br-paragraph-space\">Como um fabricante profissional de lancheiras, n\u00f3s fornecemos solu\u00e7\u00f5es abrangentes de OEM e ODM:<\/div>\n<ul class=\"auto-hide-last-sibling-br\">\n<li><strong>OEM<\/strong>: Personalize log\u00f3tipos, impress\u00f5es ou embalagens para se alinharem com a identidade da sua marca. Tamb\u00e9m pode escolher cores diferentes para o inv\u00f3lucro exterior para combinar com o estilo da sua marca.<\/li>\n<li><strong>ODM<\/strong>: Colaboramos na conce\u00e7\u00e3o do produto, desde a disposi\u00e7\u00e3o dos compartimentos (ajustando o n\u00famero e o tamanho dos compartimentos) aos acabamentos dos materiais, para criar solu\u00e7\u00f5es \u00fanicas e orientadas para o mercado. Podemos tamb\u00e9m otimizar a estrutura de veda\u00e7\u00e3o ou acrescentar designs funcionais especiais de acordo com as suas necessidades.<\/li>\n<\/ul>","protected":false},"featured_media":11938,"comment_status":"closed","ping_status":"closed","template":"","meta":[],"product_cat":[58],"product_tag":[87,92],"class_list":{"0":"post-11936","1":"product","2":"type-product","3":"status-publish","4":"has-post-thumbnail","6":"product_cat-lunch-box-wholesale","7":"product_tag-wholesale-multi-compartment-lunch-box","8":"product_tag-wholesale-rectangle-lunch-box","10":"first","11":"instock","12":"shipping-taxable","13":"product-type-simple"},"_links":{"self":[{"href":"https:\/\/moyahousehold.com\/pt\/wp-json\/wp\/v2\/product\/11936","targetHints":{"allow":["GET"]}}],"collection":[{"href":"https:\/\/moyahousehold.com\/pt\/wp-json\/wp\/v2\/product"}],"about":[{"href":"https:\/\/moyahousehold.com\/pt\/wp-json\/wp\/v2\/types\/product"}],"replies":[{"embeddable":true,"href":"https:\/\/moyahousehold.com\/pt\/wp-json\/wp\/v2\/comments?post=11936"}],"version-history":[{"count":1,"href":"https:\/\/moyahousehold.com\/pt\/wp-json\/wp\/v2\/product\/11936\/revisions"}],"predecessor-version":[{"id":11949,"href":"https:\/\/moyahousehold.com\/pt\/wp-json\/wp\/v2\/product\/11936\/revisions\/11949"}],"wp:featuredmedia":[{"embeddable":true,"href":"https:\/\/moyahousehold.com\/pt\/wp-json\/wp\/v2\/media\/11938"}],"wp:attachment":[{"href":"https:\/\/moyahousehold.com\/pt\/wp-json\/wp\/v2\/media?parent=11936"}],"wp:term":[{"taxonomy":"product_cat","embeddable":true,"href":"https:\/\/moyahousehold.com\/pt\/wp-json\/wp\/v2\/product_cat?post=11936"},{"taxonomy":"product_tag","embeddable":true,"href":"https:\/\/moyahousehold.com\/pt\/wp-json\/wp\/v2\/product_tag?post=11936"}],"curies":[{"name":"wp","href":"https:\/\/api.w.org\/{rel}","templated":true}]}}