{"id":11950,"date":"2026-01-12T10:12:44","date_gmt":"2026-01-12T09:54:34","guid":{"rendered":"https:\/\/moyahousehold.com\/?post_type=product&#038;p=11950"},"modified":"2026-04-06T01:24:09","modified_gmt":"2026-04-06T01:24:09","slug":"moya-304-stainless-steel-food-containers-with-glass-lid-leak-proof-microwave-safe-for-kitchen-meal-prep","status":"publish","type":"product","link":"https:\/\/moyahousehold.com\/pt\/produto\/moya-304-stainless-steel-food-containers-with-glass-lid-leak-proof-microwave-safe-for-kitchen-meal-prep\/","title":{"rendered":"MOYA 304 Recipientes para alimentos em a\u00e7o inoxid\u00e1vel com tampa de vidro - \u00e0 prova de fugas, seguros para micro-ondas para cozinha e prepara\u00e7\u00e3o de refei\u00e7\u00f5es"},"content":{"rendered":"<figure class=\"wp-block-image size-full\"><img fetchpriority=\"high\" decoding=\"async\" width=\"2141\" height=\"2854\" src=\"https:\/\/moyahousehold.com\/wp-content\/uploads\/2026\/01\/304-stainless-steel-food-containers.webp\" alt=\"\" class=\"wp-image-11951\" srcset=\"https:\/\/moyahousehold.com\/wp-content\/uploads\/2026\/01\/304-stainless-steel-food-containers.webp 2141w, https:\/\/moyahousehold.com\/wp-content\/uploads\/2026\/01\/304-stainless-steel-food-containers-225x300.webp 225w, https:\/\/moyahousehold.com\/wp-content\/uploads\/2026\/01\/304-stainless-steel-food-containers-768x1024.webp 768w, https:\/\/moyahousehold.com\/wp-content\/uploads\/2026\/01\/304-stainless-steel-food-containers-9x12.webp 9w, https:\/\/moyahousehold.com\/wp-content\/uploads\/2026\/01\/304-stainless-steel-food-containers-285x380.webp 285w, https:\/\/moyahousehold.com\/wp-content\/uploads\/2026\/01\/304-stainless-steel-food-containers-1600x2133.webp 1600w, https:\/\/moyahousehold.com\/wp-content\/uploads\/2026\/01\/304-stainless-steel-food-containers-495x660.webp 495w, https:\/\/moyahousehold.com\/wp-content\/uploads\/2026\/01\/304-stainless-steel-food-containers-113x150.webp 113w\" sizes=\"(max-width: 2141px) 100vw, 2141px\" \/><\/figure>\n\n\n\n<p><strong>Material:<\/strong> A\u00e7o inoxid\u00e1vel 304+Silicone+Vidro <strong> Cor:<\/strong> Bege<\/p>\n\n\n\n<figure class=\"wp-block-table\"><table class=\"has-fixed-layout\"><tbody><tr><td class=\"has-text-align-center\" data-align=\"center\"><strong>Item<\/strong><\/td><td class=\"has-text-align-center\" data-align=\"center\"><strong>Material<\/strong><\/td><td class=\"has-text-align-center\" data-align=\"center\"><strong>Cor<\/strong><\/td><td class=\"has-text-align-center\" data-align=\"center\"><strong>Capacidade<\/strong><\/td><\/tr><tr><td class=\"has-text-align-center\" data-align=\"center\">MYJD390<\/td><td class=\"has-text-align-center\" data-align=\"center\" rowspan=\"9\">304+Vidro+Silicone<\/td><td class=\"has-text-align-center\" data-align=\"center\" rowspan=\"9\">Bege<\/td><td class=\"has-text-align-center\" data-align=\"center\">300ML<\/td><\/tr><tr><td class=\"has-text-align-center\" data-align=\"center\">MYJD391<\/td><td class=\"has-text-align-center\" data-align=\"center\">500ML<\/td><\/tr><tr><td class=\"has-text-align-center\" data-align=\"center\">MYJD392<\/td><td class=\"has-text-align-center\" data-align=\"center\">600ML<\/td><\/tr><tr><td class=\"has-text-align-center\" data-align=\"center\">MYJD393<\/td><td class=\"has-text-align-center\" data-align=\"center\">700ML<\/td><\/tr><tr><td class=\"has-text-align-center\" data-align=\"center\">MYJD394<\/td><td class=\"has-text-align-center\" data-align=\"center\">1100ML<\/td><\/tr><tr><td class=\"has-text-align-center\" data-align=\"center\">MYJD395<\/td><td class=\"has-text-align-center\" data-align=\"center\">1400ML<\/td><\/tr><tr><td class=\"has-text-align-center\" data-align=\"center\">MYJD396<\/td><td class=\"has-text-align-center\" data-align=\"center\">1700ML<\/td><\/tr><tr><td class=\"has-text-align-center\" data-align=\"center\">MYJD397<\/td><td class=\"has-text-align-center\" data-align=\"center\">2400ML<\/td><\/tr><tr><td class=\"has-text-align-center\" data-align=\"center\">MYJD398<\/td><td class=\"has-text-align-center\" data-align=\"center\">3200ML<\/td><\/tr><\/tbody><\/table><\/figure>\n\n\n\n<h3 class=\"wp-block-heading\">Op\u00e7\u00f5es de caixas de conserva\u00e7\u00e3o de produtos frescos personalizadas<\/h3>\n\n\n\n<p><strong>Log\u00f3tipo<\/strong>: Customize your brand logo on the stainless steel cooking bowl and packaging.<br><strong>Logo Options<\/strong>: Printed logo, laser engraved logo, etc.<br><strong>Padr\u00e3o<\/strong>: Printing patterns on products and packaging.<br><strong>Printing Technology<\/strong>: Water transfer printing, silk screen printing, heat transfer printing, sublimation transfer, etc.<br><strong>Embalagem:<\/strong> Color box.<br><a href=\"https:\/\/moyahousehold.com\/pt\/solucao-personalizada\/\"><strong>Saiba mais sobre as solu\u00e7\u00f5es de lancheiras personalizadas.<\/strong><\/a><\/p>\n\n\n\n<div class=\"wp-block-columns is-layout-flex wp-container-core-columns-is-layout-9d6595d7 wp-block-columns-is-layout-flex\">\n<div class=\"wp-block-column is-layout-flow wp-block-column-is-layout-flow\" style=\"flex-basis:100%\">\n<div class=\"wp-block-group is-nowrap is-layout-flex wp-container-core-group-is-layout-ad2f72ca wp-block-group-is-layout-flex\">\n<div class=\"wp-block-columns is-layout-flex wp-container-core-columns-is-layout-9d6595d7 wp-block-columns-is-layout-flex\">\n<div class=\"wp-block-column is-layout-flow wp-block-column-is-layout-flow\">\n<figure class=\"wp-block-image size-full\"><img decoding=\"async\" width=\"800\" height=\"800\" src=\"https:\/\/moyahousehold.com\/wp-content\/uploads\/2026\/01\/easy-open-food-containers-with-glass-lid.webp\" alt=\"\" class=\"wp-image-11952\" srcset=\"https:\/\/moyahousehold.com\/wp-content\/uploads\/2026\/01\/easy-open-food-containers-with-glass-lid.webp 800w, https:\/\/moyahousehold.com\/wp-content\/uploads\/2026\/01\/easy-open-food-containers-with-glass-lid-300x300.webp 300w, https:\/\/moyahousehold.com\/wp-content\/uploads\/2026\/01\/easy-open-food-containers-with-glass-lid-150x150.webp 150w, https:\/\/moyahousehold.com\/wp-content\/uploads\/2026\/01\/easy-open-food-containers-with-glass-lid-768x768.webp 768w, https:\/\/moyahousehold.com\/wp-content\/uploads\/2026\/01\/easy-open-food-containers-with-glass-lid-12x12.webp 12w, https:\/\/moyahousehold.com\/wp-content\/uploads\/2026\/01\/easy-open-food-containers-with-glass-lid-285x285.webp 285w, https:\/\/moyahousehold.com\/wp-content\/uploads\/2026\/01\/easy-open-food-containers-with-glass-lid-270x270.webp 270w, https:\/\/moyahousehold.com\/wp-content\/uploads\/2026\/01\/easy-open-food-containers-with-glass-lid-540x540.webp 540w, https:\/\/moyahousehold.com\/wp-content\/uploads\/2026\/01\/easy-open-food-containers-with-glass-lid-660x660.webp 660w\" sizes=\"(max-width: 800px) 100vw, 800px\" \/><\/figure>\n<\/div>\n\n\n\n<div class=\"wp-block-column is-layout-flow wp-block-column-is-layout-flow\">\n<figure class=\"wp-block-image size-full\"><img decoding=\"async\" width=\"800\" height=\"800\" src=\"https:\/\/moyahousehold.com\/wp-content\/uploads\/2026\/01\/multi-size-food-storage-set.webp\" alt=\"\" class=\"wp-image-11953\" srcset=\"https:\/\/moyahousehold.com\/wp-content\/uploads\/2026\/01\/multi-size-food-storage-set.webp 800w, https:\/\/moyahousehold.com\/wp-content\/uploads\/2026\/01\/multi-size-food-storage-set-300x300.webp 300w, https:\/\/moyahousehold.com\/wp-content\/uploads\/2026\/01\/multi-size-food-storage-set-150x150.webp 150w, https:\/\/moyahousehold.com\/wp-content\/uploads\/2026\/01\/multi-size-food-storage-set-768x768.webp 768w, https:\/\/moyahousehold.com\/wp-content\/uploads\/2026\/01\/multi-size-food-storage-set-12x12.webp 12w, https:\/\/moyahousehold.com\/wp-content\/uploads\/2026\/01\/multi-size-food-storage-set-285x285.webp 285w, https:\/\/moyahousehold.com\/wp-content\/uploads\/2026\/01\/multi-size-food-storage-set-270x270.webp 270w, https:\/\/moyahousehold.com\/wp-content\/uploads\/2026\/01\/multi-size-food-storage-set-540x540.webp 540w, https:\/\/moyahousehold.com\/wp-content\/uploads\/2026\/01\/multi-size-food-storage-set-660x660.webp 660w\" sizes=\"(max-width: 800px) 100vw, 800px\" \/><\/figure>\n<\/div>\n<\/div>\n<\/div>\n<\/div>\n<\/div>\n\n\n\n<p>Cansado de ter de lidar com recipientes de pl\u00e1stico malcheirosos, fugas na sua mala ou de se preocupar com a infiltra\u00e7\u00e3o de qu\u00edmicos nocivos nos seus alimentos? Quer esteja a preparar refei\u00e7\u00f5es semanais para o trabalho, a guardar restos no frigor\u00edfico ou a embalar snacks para um passeio em fam\u00edlia, o recipiente para alimentos certo pode transformar o caos em ordem. O nosso recipiente para alimentos em a\u00e7o inoxid\u00e1vel 304 com tampa de vidro foi concebido para resolver todos estes problemas - combinando materiais seguros para os alimentos, veda\u00e7\u00e3o fi\u00e1vel e versatilidade em v\u00e1rios cen\u00e1rios para tornar a sua vida di\u00e1ria mais f\u00e1cil e saud\u00e1vel.<\/p>\n\n\n\n<figure class=\"wp-block-gallery has-nested-images columns-default is-cropped wp-block-gallery-1 is-layout-flex wp-block-gallery-is-layout-flex\">\n<figure class=\"wp-block-image size-full is-style-default\"><img loading=\"lazy\" decoding=\"async\" width=\"1650\" height=\"2200\" data-id=\"11956\" src=\"https:\/\/moyahousehold.com\/wp-content\/uploads\/2026\/01\/food-grade-stainless-steel-storage-containers-for-kitchen.webp\" alt=\"\" class=\"wp-image-11956\" srcset=\"https:\/\/moyahousehold.com\/wp-content\/uploads\/2026\/01\/food-grade-stainless-steel-storage-containers-for-kitchen.webp 1650w, https:\/\/moyahousehold.com\/wp-content\/uploads\/2026\/01\/food-grade-stainless-steel-storage-containers-for-kitchen-225x300.webp 225w, https:\/\/moyahousehold.com\/wp-content\/uploads\/2026\/01\/food-grade-stainless-steel-storage-containers-for-kitchen-768x1024.webp 768w, https:\/\/moyahousehold.com\/wp-content\/uploads\/2026\/01\/food-grade-stainless-steel-storage-containers-for-kitchen-9x12.webp 9w, https:\/\/moyahousehold.com\/wp-content\/uploads\/2026\/01\/food-grade-stainless-steel-storage-containers-for-kitchen-285x380.webp 285w, https:\/\/moyahousehold.com\/wp-content\/uploads\/2026\/01\/food-grade-stainless-steel-storage-containers-for-kitchen-1600x2133.webp 1600w, https:\/\/moyahousehold.com\/wp-content\/uploads\/2026\/01\/food-grade-stainless-steel-storage-containers-for-kitchen-495x660.webp 495w, https:\/\/moyahousehold.com\/wp-content\/uploads\/2026\/01\/food-grade-stainless-steel-storage-containers-for-kitchen-113x150.webp 113w\" sizes=\"(max-width: 1650px) 100vw, 1650px\" \/><\/figure>\n\n\n\n<figure class=\"wp-block-image size-full is-style-default\"><img loading=\"lazy\" decoding=\"async\" width=\"1650\" height=\"2200\" data-id=\"11957\" src=\"https:\/\/moyahousehold.com\/wp-content\/uploads\/2026\/01\/glass-lid-food-storage-boxes.webp\" alt=\"\" class=\"wp-image-11957\" srcset=\"https:\/\/moyahousehold.com\/wp-content\/uploads\/2026\/01\/glass-lid-food-storage-boxes.webp 1650w, https:\/\/moyahousehold.com\/wp-content\/uploads\/2026\/01\/glass-lid-food-storage-boxes-225x300.webp 225w, https:\/\/moyahousehold.com\/wp-content\/uploads\/2026\/01\/glass-lid-food-storage-boxes-768x1024.webp 768w, https:\/\/moyahousehold.com\/wp-content\/uploads\/2026\/01\/glass-lid-food-storage-boxes-9x12.webp 9w, https:\/\/moyahousehold.com\/wp-content\/uploads\/2026\/01\/glass-lid-food-storage-boxes-285x380.webp 285w, https:\/\/moyahousehold.com\/wp-content\/uploads\/2026\/01\/glass-lid-food-storage-boxes-1600x2133.webp 1600w, https:\/\/moyahousehold.com\/wp-content\/uploads\/2026\/01\/glass-lid-food-storage-boxes-495x660.webp 495w, https:\/\/moyahousehold.com\/wp-content\/uploads\/2026\/01\/glass-lid-food-storage-boxes-113x150.webp 113w\" sizes=\"(max-width: 1650px) 100vw, 1650px\" \/><\/figure>\n<\/figure>\n\n\n\n<p><strong>Corpo em a\u00e7o inoxid\u00e1vel 304 de qualidade alimentar<\/strong>: Fabricado em a\u00e7o inoxid\u00e1vel 304 de alta qualidade, este recipiente n\u00e3o \u00e9 t\u00f3xico, n\u00e3o tem cheiro e \u00e9 resistente \u00e0 corros\u00e3o. N\u00e3o enferruja nem se deforma mesmo com uma utiliza\u00e7\u00e3o prolongada, garantindo que os seus alimentos permanecem puros e seguros em todas as refei\u00e7\u00f5es.<\/p>\n\n\n\n<p><strong>Tampa de vidro transparente com ventila\u00e7\u00e3o de silicone<\/strong>: A tampa de vidro transparente permite-lhe verificar o conte\u00fado num relance sem abrir - n\u00e3o precisa de remexer no frigor\u00edfico! O orif\u00edcio de silicone incorporado pode ser premido para libertar press\u00e3o, facilitando a abertura ap\u00f3s o aquecimento e evitando o entupimento quando se guardam alimentos quentes.<\/p>\n\n\n\n<p><strong>Design de veda\u00e7\u00e3o \u00e0 prova de fugas<\/strong>: Equipado com uma junta de silicone de primeira qualidade e uma estrutura bem ajustada, proporciona uma prote\u00e7\u00e3o dupla contra fugas e derrames. Sinta-se confiante ao transportar sopas, molhos ou guisados na sua mala - acabaram-se os acidentes.<\/p>\n\n\n\n<p><strong>Cofre para micro-ondas e frigor\u00edfico<\/strong>: Alterna facilmente entre armazenamento e aquecimento. Pode ser utilizado com seguran\u00e7a no micro-ondas (se necess\u00e1rio, retire a tampa) e no frigor\u00edfico, suportando sem esfor\u00e7o temperaturas altas e baixas. Um recipiente para todas as suas necessidades - sem necessidade de alternar entre v\u00e1rios pratos.<\/p>\n\n\n\n<p><strong>Empilh\u00e1vel para poupar espa\u00e7o<\/strong>: Concebidos com dimens\u00f5es uniformes, os recipientes m\u00faltiplos podem ser empilhados ordenadamente no seu frigor\u00edfico ou arm\u00e1rio, maximizando o espa\u00e7o de armazenamento e mantendo a sua cozinha organizada. Dispon\u00edvel em v\u00e1rios tamanhos para se adaptar a diferentes por\u00e7\u00f5es de refei\u00e7\u00f5es, frutas ou produtos secos.<\/p>\n\n\n\n<p><strong>F\u00e1cil de limpar e dur\u00e1vel<\/strong>: A superf\u00edcie lisa do corpo de a\u00e7o inoxid\u00e1vel e da tampa de vidro n\u00e3o deixa cantos mortos, pelo que pode limp\u00e1-los em segundos com um simples enxaguamento. Ao contr\u00e1rio dos fr\u00e1geis recipientes de pl\u00e1stico, a combina\u00e7\u00e3o a\u00e7o-vidro \u00e9 resistente a estilha\u00e7os e a quedas, oferecendo uma utiliza\u00e7\u00e3o duradoura e poupando-lhe dinheiro a longo prazo.<\/p>\n\n\n\n<figure class=\"wp-block-gallery has-nested-images columns-default is-cropped wp-block-gallery-2 is-layout-flex wp-block-gallery-is-layout-flex\">\n<figure class=\"wp-block-image size-full\"><img loading=\"lazy\" decoding=\"async\" width=\"1650\" height=\"2200\" data-id=\"11958\" src=\"https:\/\/moyahousehold.com\/wp-content\/uploads\/2026\/01\/glass-lid-leak-proof-meal-prep-containers.webp\" alt=\"\" class=\"wp-image-11958\" srcset=\"https:\/\/moyahousehold.com\/wp-content\/uploads\/2026\/01\/glass-lid-leak-proof-meal-prep-containers.webp 1650w, https:\/\/moyahousehold.com\/wp-content\/uploads\/2026\/01\/glass-lid-leak-proof-meal-prep-containers-225x300.webp 225w, https:\/\/moyahousehold.com\/wp-content\/uploads\/2026\/01\/glass-lid-leak-proof-meal-prep-containers-768x1024.webp 768w, https:\/\/moyahousehold.com\/wp-content\/uploads\/2026\/01\/glass-lid-leak-proof-meal-prep-containers-9x12.webp 9w, https:\/\/moyahousehold.com\/wp-content\/uploads\/2026\/01\/glass-lid-leak-proof-meal-prep-containers-285x380.webp 285w, https:\/\/moyahousehold.com\/wp-content\/uploads\/2026\/01\/glass-lid-leak-proof-meal-prep-containers-1600x2133.webp 1600w, https:\/\/moyahousehold.com\/wp-content\/uploads\/2026\/01\/glass-lid-leak-proof-meal-prep-containers-495x660.webp 495w, https:\/\/moyahousehold.com\/wp-content\/uploads\/2026\/01\/glass-lid-leak-proof-meal-prep-containers-113x150.webp 113w\" sizes=\"(max-width: 1650px) 100vw, 1650px\" \/><\/figure>\n\n\n\n<figure class=\"wp-block-image size-full\"><img loading=\"lazy\" decoding=\"async\" width=\"1650\" height=\"2200\" data-id=\"11959\" src=\"https:\/\/moyahousehold.com\/wp-content\/uploads\/2026\/01\/leak-proof-food-containers.webp\" alt=\"\" class=\"wp-image-11959\" srcset=\"https:\/\/moyahousehold.com\/wp-content\/uploads\/2026\/01\/leak-proof-food-containers.webp 1650w, https:\/\/moyahousehold.com\/wp-content\/uploads\/2026\/01\/leak-proof-food-containers-225x300.webp 225w, https:\/\/moyahousehold.com\/wp-content\/uploads\/2026\/01\/leak-proof-food-containers-768x1024.webp 768w, https:\/\/moyahousehold.com\/wp-content\/uploads\/2026\/01\/leak-proof-food-containers-9x12.webp 9w, https:\/\/moyahousehold.com\/wp-content\/uploads\/2026\/01\/leak-proof-food-containers-285x380.webp 285w, https:\/\/moyahousehold.com\/wp-content\/uploads\/2026\/01\/leak-proof-food-containers-1600x2133.webp 1600w, https:\/\/moyahousehold.com\/wp-content\/uploads\/2026\/01\/leak-proof-food-containers-495x660.webp 495w, https:\/\/moyahousehold.com\/wp-content\/uploads\/2026\/01\/leak-proof-food-containers-113x150.webp 113w\" sizes=\"(max-width: 1650px) 100vw, 1650px\" \/><\/figure>\n<\/figure>\n\n\n\n<p><\/p>","protected":false},"excerpt":{"rendered":"<h2 class=\"header-vfC6AV auto-hide-last-sibling-br\">Servi\u00e7os de personaliza\u00e7\u00e3o<\/h2>\n<div class=\"auto-hide-last-sibling-br paragraph-JOTKXA paragraph-element br-paragraph-space\">Como um fabricante profissional de lancheiras, n\u00f3s fornecemos solu\u00e7\u00f5es abrangentes de OEM e ODM:<\/div>\n<ul class=\"auto-hide-last-sibling-br\">\n<li><strong>OEM<\/strong>: Personalize log\u00f3tipos, impress\u00f5es ou embalagens para se alinharem com a identidade da sua marca. Tamb\u00e9m pode escolher cores diferentes para o inv\u00f3lucro exterior para combinar com o estilo da sua marca.<\/li>\n<li><strong>ODM<\/strong>: Colaboramos na conce\u00e7\u00e3o do produto, desde a disposi\u00e7\u00e3o dos compartimentos (ajustando o n\u00famero e o tamanho dos compartimentos) aos acabamentos dos materiais, para criar solu\u00e7\u00f5es \u00fanicas e orientadas para o mercado. Podemos tamb\u00e9m otimizar a estrutura de veda\u00e7\u00e3o ou acrescentar designs funcionais especiais de acordo com as suas necessidades.<\/li>\n<\/ul>","protected":false},"featured_media":12616,"comment_status":"closed","ping_status":"closed","template":"","meta":[],"product_cat":[58],"product_tag":[87,92],"class_list":{"0":"post-11950","1":"product","2":"type-product","3":"status-publish","4":"has-post-thumbnail","6":"product_cat-lunch-box-wholesale","7":"product_tag-wholesale-multi-compartment-lunch-box","8":"product_tag-wholesale-rectangle-lunch-box","10":"first","11":"instock","12":"shipping-taxable","13":"product-type-simple"},"_links":{"self":[{"href":"https:\/\/moyahousehold.com\/pt\/wp-json\/wp\/v2\/product\/11950","targetHints":{"allow":["GET"]}}],"collection":[{"href":"https:\/\/moyahousehold.com\/pt\/wp-json\/wp\/v2\/product"}],"about":[{"href":"https:\/\/moyahousehold.com\/pt\/wp-json\/wp\/v2\/types\/product"}],"replies":[{"embeddable":true,"href":"https:\/\/moyahousehold.com\/pt\/wp-json\/wp\/v2\/comments?post=11950"}],"version-history":[{"count":2,"href":"https:\/\/moyahousehold.com\/pt\/wp-json\/wp\/v2\/product\/11950\/revisions"}],"predecessor-version":[{"id":12621,"href":"https:\/\/moyahousehold.com\/pt\/wp-json\/wp\/v2\/product\/11950\/revisions\/12621"}],"wp:featuredmedia":[{"embeddable":true,"href":"https:\/\/moyahousehold.com\/pt\/wp-json\/wp\/v2\/media\/12616"}],"wp:attachment":[{"href":"https:\/\/moyahousehold.com\/pt\/wp-json\/wp\/v2\/media?parent=11950"}],"wp:term":[{"taxonomy":"product_cat","embeddable":true,"href":"https:\/\/moyahousehold.com\/pt\/wp-json\/wp\/v2\/product_cat?post=11950"},{"taxonomy":"product_tag","embeddable":true,"href":"https:\/\/moyahousehold.com\/pt\/wp-json\/wp\/v2\/product_tag?post=11950"}],"curies":[{"name":"wp","href":"https:\/\/api.w.org\/{rel}","templated":true}]}}