{"id":12012,"date":"2026-03-27T02:43:25","date_gmt":"2026-03-26T02:18:41","guid":{"rendered":"https:\/\/moyahousehold.com\/?post_type=product&#038;p=12012"},"modified":"2026-04-15T07:17:45","modified_gmt":"2026-04-15T07:17:45","slug":"moya-304-stainless-steel-food-containers-glass-lid-leak-proof-microwave-safe","status":"publish","type":"product","link":"https:\/\/moyahousehold.com\/pt\/produto\/moya-304-stainless-steel-food-containers-glass-lid-leak-proof-microwave-safe\/","title":{"rendered":"MOYA 304 Stainless Steel Food Containers | Glass Lid | Leak-Proof &amp; Microwave Safe"},"content":{"rendered":"<figure class=\"wp-block-image size-full\"><img fetchpriority=\"high\" decoding=\"async\" width=\"2109\" height=\"2813\" src=\"https:\/\/moyahousehold.com\/wp-content\/uploads\/2026\/03\/8.jpg\" alt=\"Recipientes para alimentos em a\u00e7o inoxid\u00e1vel 304 com ventila\u00e7\u00e3o de silicone\" class=\"wp-image-12041\" srcset=\"https:\/\/moyahousehold.com\/wp-content\/uploads\/2026\/03\/8.jpg 2109w, https:\/\/moyahousehold.com\/wp-content\/uploads\/2026\/03\/8-225x300.jpg 225w, https:\/\/moyahousehold.com\/wp-content\/uploads\/2026\/03\/8-768x1024.jpg 768w, https:\/\/moyahousehold.com\/wp-content\/uploads\/2026\/03\/8-9x12.jpg 9w, https:\/\/moyahousehold.com\/wp-content\/uploads\/2026\/03\/8-285x380.jpg 285w, https:\/\/moyahousehold.com\/wp-content\/uploads\/2026\/03\/8-1600x2134.jpg 1600w, https:\/\/moyahousehold.com\/wp-content\/uploads\/2026\/03\/8-495x660.jpg 495w, https:\/\/moyahousehold.com\/wp-content\/uploads\/2026\/03\/8-112x150.jpg 112w\" sizes=\"(max-width: 2109px) 100vw, 2109px\" \/><\/figure>\n\n\n\n<h3 class=\"wp-block-heading\">Food Container Size &amp; Material Specifications<\/h3>\n\n\n\n<p><strong>Material:<\/strong> A\u00e7o inoxid\u00e1vel 304+Silicone+Vidro <strong> Cor:<\/strong> Nature<\/p>\n\n\n\n<figure class=\"wp-block-table\"><table class=\"has-fixed-layout\"><tbody><tr><td class=\"has-text-align-center\" data-align=\"center\"><strong>Item<\/strong><\/td><td class=\"has-text-align-center\" data-align=\"center\"><strong>Material<\/strong><\/td><td class=\"has-text-align-center\" data-align=\"center\"><strong>Cor<\/strong><\/td><td class=\"has-text-align-center\" data-align=\"center\"><strong>Capacidade<\/strong><\/td><\/tr><tr><td class=\"has-text-align-center\" data-align=\"center\">MYJD399<\/td><td class=\"has-text-align-center\" data-align=\"center\" rowspan=\"9\">304+Vidro+Silicone<\/td><td class=\"has-text-align-center\" data-align=\"center\" rowspan=\"9\">Nature<\/td><td class=\"has-text-align-center\" data-align=\"center\">300ML<\/td><\/tr><tr><td class=\"has-text-align-center\" data-align=\"center\">MYJD400<\/td><td class=\"has-text-align-center\" data-align=\"center\">500ML<\/td><\/tr><tr><td class=\"has-text-align-center\" data-align=\"center\">MYJD401<\/td><td class=\"has-text-align-center\" data-align=\"center\">600ML<\/td><\/tr><tr><td class=\"has-text-align-center\" data-align=\"center\">MYJD402<\/td><td class=\"has-text-align-center\" data-align=\"center\">700ML<\/td><\/tr><tr><td class=\"has-text-align-center\" data-align=\"center\">MYJD403<\/td><td class=\"has-text-align-center\" data-align=\"center\">1100ML<\/td><\/tr><tr><td class=\"has-text-align-center\" data-align=\"center\">MYJD404<\/td><td class=\"has-text-align-center\" data-align=\"center\">1400ML<\/td><\/tr><tr><td class=\"has-text-align-center\" data-align=\"center\">MYJD405<\/td><td class=\"has-text-align-center\" data-align=\"center\">1700ML<\/td><\/tr><tr><td class=\"has-text-align-center\" data-align=\"center\">MYJD406<\/td><td class=\"has-text-align-center\" data-align=\"center\">2400ML<\/td><\/tr><tr><td class=\"has-text-align-center\" data-align=\"center\">MYJD407<\/td><td class=\"has-text-align-center\" data-align=\"center\">3200ML<\/td><\/tr><\/tbody><\/table><\/figure>\n\n\n\n<h3 class=\"wp-block-heading\">Op\u00e7\u00f5es de caixas de conserva\u00e7\u00e3o de produtos frescos personalizadas<\/h3>\n\n\n\n<p><strong>Log\u00f3tipo<\/strong>: personalizar o log\u00f3tipo da sua marca na ta\u00e7a de cozinha em a\u00e7o inoxid\u00e1vel e na embalagem.<br><strong>Op\u00e7\u00f5es de log\u00f3tipo<\/strong>: log\u00f3tipo impresso, log\u00f3tipo gravado a laser, etc.<br><strong>Padr\u00e3o<\/strong>: padr\u00f5es de impress\u00e3o em produtos e embalagens.<br><strong>Tecnologia de impress\u00e3o<\/strong>: impress\u00e3o por transfer\u00eancia de \u00e1gua, impress\u00e3o por serigrafia, impress\u00e3o por transfer\u00eancia de calor, transfer\u00eancia por sublima\u00e7\u00e3o, etc.<br><strong>Embalagem:<\/strong>caixa de cor.<br><a href=\"https:\/\/moyahousehold.com\/pt\/solucao-personalizada\/\"><strong>Saiba mais sobre as solu\u00e7\u00f5es de lancheiras personalizadas.<\/strong><\/a><\/p>\n\n\n\n<div class=\"wp-block-columns is-layout-flex wp-container-core-columns-is-layout-9d6595d7 wp-block-columns-is-layout-flex\">\n<div class=\"wp-block-column is-layout-flow wp-block-column-is-layout-flow\" style=\"flex-basis:100%\">\n<div class=\"wp-block-group is-nowrap is-layout-flex wp-container-core-group-is-layout-ad2f72ca wp-block-group-is-layout-flex\">\n<div class=\"wp-block-columns is-layout-flex wp-container-core-columns-is-layout-9d6595d7 wp-block-columns-is-layout-flex\">\n<div class=\"wp-block-column is-layout-flow wp-block-column-is-layout-flow\">\n<figure class=\"wp-block-image size-full\"><img decoding=\"async\" width=\"800\" height=\"800\" src=\"https:\/\/moyahousehold.com\/wp-content\/uploads\/2026\/03\/4_1.png\" alt=\"easy-open food containers with glass lid\" class=\"wp-image-12015\" srcset=\"https:\/\/moyahousehold.com\/wp-content\/uploads\/2026\/03\/4_1.png 800w, https:\/\/moyahousehold.com\/wp-content\/uploads\/2026\/03\/4_1-300x300.png 300w, https:\/\/moyahousehold.com\/wp-content\/uploads\/2026\/03\/4_1-150x150.png 150w, https:\/\/moyahousehold.com\/wp-content\/uploads\/2026\/03\/4_1-768x768.png 768w, https:\/\/moyahousehold.com\/wp-content\/uploads\/2026\/03\/4_1-12x12.png 12w, https:\/\/moyahousehold.com\/wp-content\/uploads\/2026\/03\/4_1-285x285.png 285w, https:\/\/moyahousehold.com\/wp-content\/uploads\/2026\/03\/4_1-270x270.png 270w, https:\/\/moyahousehold.com\/wp-content\/uploads\/2026\/03\/4_1-540x540.png 540w, https:\/\/moyahousehold.com\/wp-content\/uploads\/2026\/03\/4_1-660x660.png 660w\" sizes=\"(max-width: 800px) 100vw, 800px\" \/><\/figure>\n<\/div>\n\n\n\n<div class=\"wp-block-column is-layout-flow wp-block-column-is-layout-flow\">\n<figure class=\"wp-block-image size-full\"><img decoding=\"async\" width=\"800\" height=\"800\" src=\"https:\/\/moyahousehold.com\/wp-content\/uploads\/2026\/03\/3_1.png\" alt=\"multi-size food storage set\" class=\"wp-image-12016\" srcset=\"https:\/\/moyahousehold.com\/wp-content\/uploads\/2026\/03\/3_1.png 800w, https:\/\/moyahousehold.com\/wp-content\/uploads\/2026\/03\/3_1-300x300.png 300w, https:\/\/moyahousehold.com\/wp-content\/uploads\/2026\/03\/3_1-150x150.png 150w, https:\/\/moyahousehold.com\/wp-content\/uploads\/2026\/03\/3_1-768x768.png 768w, https:\/\/moyahousehold.com\/wp-content\/uploads\/2026\/03\/3_1-12x12.png 12w, https:\/\/moyahousehold.com\/wp-content\/uploads\/2026\/03\/3_1-285x285.png 285w, https:\/\/moyahousehold.com\/wp-content\/uploads\/2026\/03\/3_1-270x270.png 270w, https:\/\/moyahousehold.com\/wp-content\/uploads\/2026\/03\/3_1-540x540.png 540w, https:\/\/moyahousehold.com\/wp-content\/uploads\/2026\/03\/3_1-660x660.png 660w\" sizes=\"(max-width: 800px) 100vw, 800px\" \/><\/figure>\n<\/div>\n<\/div>\n<\/div>\n<\/div>\n<\/div>\n\n\n\n<figure class=\"wp-block-gallery has-nested-images columns-default is-cropped wp-block-gallery-1 is-layout-flex wp-block-gallery-is-layout-flex\">\n<figure class=\"wp-block-image size-full is-style-default\"><img loading=\"lazy\" decoding=\"async\" width=\"1650\" height=\"2250\" data-id=\"12017\" src=\"https:\/\/moyahousehold.com\/wp-content\/uploads\/2026\/03\/4.png\" alt=\"glass lid food storage boxes\" class=\"wp-image-12017\" srcset=\"https:\/\/moyahousehold.com\/wp-content\/uploads\/2026\/03\/4.png 1650w, https:\/\/moyahousehold.com\/wp-content\/uploads\/2026\/03\/4-220x300.png 220w, https:\/\/moyahousehold.com\/wp-content\/uploads\/2026\/03\/4-768x1047.png 768w, https:\/\/moyahousehold.com\/wp-content\/uploads\/2026\/03\/4-9x12.png 9w, https:\/\/moyahousehold.com\/wp-content\/uploads\/2026\/03\/4-285x389.png 285w, https:\/\/moyahousehold.com\/wp-content\/uploads\/2026\/03\/4-1600x2182.png 1600w, https:\/\/moyahousehold.com\/wp-content\/uploads\/2026\/03\/4-484x660.png 484w, https:\/\/moyahousehold.com\/wp-content\/uploads\/2026\/03\/4-110x150.png 110w\" sizes=\"(max-width: 1650px) 100vw, 1650px\" \/><\/figure>\n\n\n\n<figure class=\"wp-block-image size-full is-style-default\"><img loading=\"lazy\" decoding=\"async\" width=\"1650\" height=\"2250\" data-id=\"12018\" src=\"https:\/\/moyahousehold.com\/wp-content\/uploads\/2026\/03\/6.png\" alt=\"food-grade stainless steel storage containers for kitchen\" class=\"wp-image-12018\" srcset=\"https:\/\/moyahousehold.com\/wp-content\/uploads\/2026\/03\/6.png 1650w, https:\/\/moyahousehold.com\/wp-content\/uploads\/2026\/03\/6-220x300.png 220w, https:\/\/moyahousehold.com\/wp-content\/uploads\/2026\/03\/6-768x1047.png 768w, https:\/\/moyahousehold.com\/wp-content\/uploads\/2026\/03\/6-9x12.png 9w, https:\/\/moyahousehold.com\/wp-content\/uploads\/2026\/03\/6-285x389.png 285w, https:\/\/moyahousehold.com\/wp-content\/uploads\/2026\/03\/6-1600x2182.png 1600w, https:\/\/moyahousehold.com\/wp-content\/uploads\/2026\/03\/6-484x660.png 484w, https:\/\/moyahousehold.com\/wp-content\/uploads\/2026\/03\/6-110x150.png 110w\" sizes=\"(max-width: 1650px) 100vw, 1650px\" \/><\/figure>\n<\/figure>\n\n\n\n<p><strong>Corpo em a\u00e7o inoxid\u00e1vel 304 de qualidade alimentar<\/strong>: Fabricado em a\u00e7o inoxid\u00e1vel 304 de alta qualidade, este recipiente n\u00e3o \u00e9 t\u00f3xico, n\u00e3o tem cheiro e \u00e9 resistente \u00e0 corros\u00e3o. N\u00e3o enferruja nem se deforma mesmo com uma utiliza\u00e7\u00e3o prolongada, garantindo que os seus alimentos permanecem puros e seguros em todas as refei\u00e7\u00f5es.<\/p>\n\n\n\n<p><strong>Tampa de vidro transparente com ventila\u00e7\u00e3o de silicone<\/strong>: A tampa de vidro transparente permite-lhe verificar o conte\u00fado num relance sem abrir - n\u00e3o precisa de remexer no frigor\u00edfico! O orif\u00edcio de silicone incorporado pode ser premido para libertar press\u00e3o, facilitando a abertura ap\u00f3s o aquecimento e evitando o entupimento quando se guardam alimentos quentes.<\/p>\n\n\n\n<p><strong>Design de veda\u00e7\u00e3o \u00e0 prova de fugas<\/strong>: Equipado com uma junta de silicone de primeira qualidade e uma estrutura bem ajustada, proporciona uma prote\u00e7\u00e3o dupla contra fugas e derrames. Sinta-se confiante ao transportar sopas, molhos ou guisados na sua mala - acabaram-se os acidentes.<\/p>\n\n\n\n<p><strong>Cofre para micro-ondas e frigor\u00edfico<\/strong>: Alterna facilmente entre armazenamento e aquecimento. Pode ser utilizado com seguran\u00e7a no micro-ondas (se necess\u00e1rio, retire a tampa) e no frigor\u00edfico, suportando sem esfor\u00e7o temperaturas altas e baixas. Um recipiente para todas as suas necessidades - sem necessidade de alternar entre v\u00e1rios pratos.<\/p>\n\n\n\n<p><\/p>","protected":false},"excerpt":{"rendered":"<h2 class=\"header-vfC6AV auto-hide-last-sibling-br\">Servi\u00e7os de personaliza\u00e7\u00e3o<\/h2>\n<div class=\"auto-hide-last-sibling-br paragraph-JOTKXA paragraph-element br-paragraph-space\">Como um fabricante profissional de lancheiras, n\u00f3s fornecemos solu\u00e7\u00f5es abrangentes de OEM e ODM:<\/div>\n<ul class=\"auto-hide-last-sibling-br\">\n<li><strong>OEM<\/strong>: Personalize log\u00f3tipos, impress\u00f5es ou embalagens para se alinharem com a identidade da sua marca. Tamb\u00e9m pode escolher cores diferentes para o inv\u00f3lucro exterior para combinar com o estilo da sua marca.<\/li>\n<li><strong>ODM<\/strong>: Colaboramos na conce\u00e7\u00e3o do produto, desde a disposi\u00e7\u00e3o dos compartimentos (ajustando o n\u00famero e o tamanho dos compartimentos) aos acabamentos dos materiais, para criar solu\u00e7\u00f5es \u00fanicas e orientadas para o mercado. Podemos tamb\u00e9m otimizar a estrutura de veda\u00e7\u00e3o ou acrescentar designs funcionais especiais de acordo com as suas necessidades.<\/li>\n<\/ul>","protected":false},"featured_media":12022,"comment_status":"closed","ping_status":"closed","template":"","meta":[],"product_cat":[58],"product_tag":[87,92],"class_list":{"0":"post-12012","1":"product","2":"type-product","3":"status-publish","4":"has-post-thumbnail","6":"product_cat-lunch-box-wholesale","7":"product_tag-wholesale-multi-compartment-lunch-box","8":"product_tag-wholesale-rectangle-lunch-box","10":"first","11":"instock","12":"shipping-taxable","13":"product-type-simple"},"_links":{"self":[{"href":"https:\/\/moyahousehold.com\/pt\/wp-json\/wp\/v2\/product\/12012","targetHints":{"allow":["GET"]}}],"collection":[{"href":"https:\/\/moyahousehold.com\/pt\/wp-json\/wp\/v2\/product"}],"about":[{"href":"https:\/\/moyahousehold.com\/pt\/wp-json\/wp\/v2\/types\/product"}],"replies":[{"embeddable":true,"href":"https:\/\/moyahousehold.com\/pt\/wp-json\/wp\/v2\/comments?post=12012"}],"version-history":[{"count":1,"href":"https:\/\/moyahousehold.com\/pt\/wp-json\/wp\/v2\/product\/12012\/revisions"}],"predecessor-version":[{"id":13131,"href":"https:\/\/moyahousehold.com\/pt\/wp-json\/wp\/v2\/product\/12012\/revisions\/13131"}],"wp:featuredmedia":[{"embeddable":true,"href":"https:\/\/moyahousehold.com\/pt\/wp-json\/wp\/v2\/media\/12022"}],"wp:attachment":[{"href":"https:\/\/moyahousehold.com\/pt\/wp-json\/wp\/v2\/media?parent=12012"}],"wp:term":[{"taxonomy":"product_cat","embeddable":true,"href":"https:\/\/moyahousehold.com\/pt\/wp-json\/wp\/v2\/product_cat?post=12012"},{"taxonomy":"product_tag","embeddable":true,"href":"https:\/\/moyahousehold.com\/pt\/wp-json\/wp\/v2\/product_tag?post=12012"}],"curies":[{"name":"wp","href":"https:\/\/api.w.org\/{rel}","templated":true}]}}