{"id":12073,"date":"2026-03-27T02:59:28","date_gmt":"2026-03-27T01:21:00","guid":{"rendered":"https:\/\/moyahousehold.com\/?post_type=product&#038;p=12073"},"modified":"2026-03-27T03:39:25","modified_gmt":"2026-03-27T03:39:25","slug":"moya-800ml-304-stainless-steel-mixing-bowl-leak-proof-food-container-with-handle-measurement-markings","status":"publish","type":"product","link":"https:\/\/moyahousehold.com\/pt\/produto\/moya-800ml-304-stainless-steel-mixing-bowl-leak-proof-food-container-with-handle-measurement-markings\/","title":{"rendered":"MOYA 800ml 304 Stainless Steel Mixing Bowl | Leak-Proof Food Container with Handle &amp; Measurement Markings"},"content":{"rendered":"<figure class=\"wp-block-image size-full\"><img fetchpriority=\"high\" decoding=\"async\" width=\"800\" height=\"800\" src=\"https:\/\/moyahousehold.com\/wp-content\/uploads\/2026\/03\/4-1.png\" alt=\"Ta\u00e7as misturadoras em a\u00e7o inoxid\u00e1vel 304 com pega\" class=\"wp-image-12074\" srcset=\"https:\/\/moyahousehold.com\/wp-content\/uploads\/2026\/03\/4-1.png 800w, https:\/\/moyahousehold.com\/wp-content\/uploads\/2026\/03\/4-1-300x300.png 300w, https:\/\/moyahousehold.com\/wp-content\/uploads\/2026\/03\/4-1-150x150.png 150w, https:\/\/moyahousehold.com\/wp-content\/uploads\/2026\/03\/4-1-768x768.png 768w, https:\/\/moyahousehold.com\/wp-content\/uploads\/2026\/03\/4-1-12x12.png 12w, https:\/\/moyahousehold.com\/wp-content\/uploads\/2026\/03\/4-1-285x285.png 285w, https:\/\/moyahousehold.com\/wp-content\/uploads\/2026\/03\/4-1-270x270.png 270w, https:\/\/moyahousehold.com\/wp-content\/uploads\/2026\/03\/4-1-540x540.png 540w, https:\/\/moyahousehold.com\/wp-content\/uploads\/2026\/03\/4-1-660x660.png 660w\" sizes=\"(max-width: 800px) 100vw, 800px\" \/><\/figure>\n\n\n\n<p><strong>Material:<\/strong> A\u00e7o inoxid\u00e1vel 304 <strong> Cor:<\/strong> Prata<\/p>\n\n\n\n<figure class=\"wp-block-table\"><table class=\"has-fixed-layout\"><tbody><tr><td class=\"has-text-align-center\" data-align=\"center\"><strong>Item<\/strong><\/td><td><strong>Material<\/strong><\/td><td><strong>Capacidade<\/strong><\/td><\/tr><tr><td class=\"has-text-align-center\" data-align=\"center\">MYBX014<\/td><td rowspan=\"6\">A\u00e7o inoxid\u00e1vel 304<\/td><td>220ML<\/td><\/tr><tr><td class=\"has-text-align-center\" data-align=\"center\">MYBX015<\/td><td>800ML With handle<\/td><\/tr><\/tbody><\/table><\/figure>\n\n\n\n<h3 class=\"wp-block-heading\">Custom Cooking Bowl Options<\/h3>\n\n\n\n<p><strong>Log\u00f3tipo<\/strong>: personalizar o log\u00f3tipo da sua marca na ta\u00e7a de cozinha em a\u00e7o inoxid\u00e1vel e na embalagem.<br><strong>Op\u00e7\u00f5es de log\u00f3tipo<\/strong>: log\u00f3tipo impresso, log\u00f3tipo gravado a laser, etc.<br><strong>Padr\u00e3o<\/strong>: padr\u00f5es de impress\u00e3o em produtos e embalagens.<br><strong>Tecnologia de impress\u00e3o<\/strong>: impress\u00e3o por transfer\u00eancia de \u00e1gua, impress\u00e3o por serigrafia, impress\u00e3o por transfer\u00eancia de calor, transfer\u00eancia por sublima\u00e7\u00e3o, etc.<br><strong>Embalagem:<\/strong>caixa de cor.<br><a href=\"https:\/\/moyahousehold.com\/pt\/solucao-personalizada\/\"><strong>Saiba mais sobre as solu\u00e7\u00f5es de lancheiras personalizadas.<\/strong><\/a><\/p>\n\n\n\n<div class=\"wp-block-columns is-layout-flex wp-container-core-columns-is-layout-9d6595d7 wp-block-columns-is-layout-flex\">\n<div class=\"wp-block-column is-layout-flow wp-block-column-is-layout-flow\" style=\"flex-basis:100%\">\n<div class=\"wp-block-group is-nowrap is-layout-flex wp-container-core-group-is-layout-ad2f72ca wp-block-group-is-layout-flex\">\n<div class=\"wp-block-columns is-layout-flex wp-container-core-columns-is-layout-9d6595d7 wp-block-columns-is-layout-flex\">\n<div class=\"wp-block-column is-layout-flow wp-block-column-is-layout-flow\">\n<figure class=\"wp-block-image size-full\"><img decoding=\"async\" width=\"800\" height=\"800\" src=\"https:\/\/moyahousehold.com\/wp-content\/uploads\/2026\/03\/6-1.png\" alt=\"Ta\u00e7as misturadoras em a\u00e7o inoxid\u00e1vel 304 com pega\" class=\"wp-image-12076\" srcset=\"https:\/\/moyahousehold.com\/wp-content\/uploads\/2026\/03\/6-1.png 800w, https:\/\/moyahousehold.com\/wp-content\/uploads\/2026\/03\/6-1-300x300.png 300w, https:\/\/moyahousehold.com\/wp-content\/uploads\/2026\/03\/6-1-150x150.png 150w, https:\/\/moyahousehold.com\/wp-content\/uploads\/2026\/03\/6-1-768x768.png 768w, https:\/\/moyahousehold.com\/wp-content\/uploads\/2026\/03\/6-1-12x12.png 12w, https:\/\/moyahousehold.com\/wp-content\/uploads\/2026\/03\/6-1-285x285.png 285w, https:\/\/moyahousehold.com\/wp-content\/uploads\/2026\/03\/6-1-270x270.png 270w, https:\/\/moyahousehold.com\/wp-content\/uploads\/2026\/03\/6-1-540x540.png 540w, https:\/\/moyahousehold.com\/wp-content\/uploads\/2026\/03\/6-1-660x660.png 660w\" sizes=\"(max-width: 800px) 100vw, 800px\" \/><\/figure>\n<\/div>\n\n\n\n<div class=\"wp-block-column is-layout-flow wp-block-column-is-layout-flow\">\n<figure class=\"wp-block-image size-full\"><img decoding=\"async\" width=\"800\" height=\"800\" src=\"https:\/\/moyahousehold.com\/wp-content\/uploads\/2026\/03\/5-2.png\" alt=\"Ta\u00e7as misturadoras em a\u00e7o inoxid\u00e1vel 304 com pega\" class=\"wp-image-12075\" srcset=\"https:\/\/moyahousehold.com\/wp-content\/uploads\/2026\/03\/5-2.png 800w, https:\/\/moyahousehold.com\/wp-content\/uploads\/2026\/03\/5-2-300x300.png 300w, https:\/\/moyahousehold.com\/wp-content\/uploads\/2026\/03\/5-2-150x150.png 150w, https:\/\/moyahousehold.com\/wp-content\/uploads\/2026\/03\/5-2-768x768.png 768w, https:\/\/moyahousehold.com\/wp-content\/uploads\/2026\/03\/5-2-12x12.png 12w, https:\/\/moyahousehold.com\/wp-content\/uploads\/2026\/03\/5-2-285x285.png 285w, https:\/\/moyahousehold.com\/wp-content\/uploads\/2026\/03\/5-2-270x270.png 270w, https:\/\/moyahousehold.com\/wp-content\/uploads\/2026\/03\/5-2-540x540.png 540w, https:\/\/moyahousehold.com\/wp-content\/uploads\/2026\/03\/5-2-660x660.png 660w\" sizes=\"(max-width: 800px) 100vw, 800px\" \/><\/figure>\n<\/div>\n<\/div>\n<\/div>\n<\/div>\n<\/div>\n\n\n\n<p><strong>Vis\u00e3o geral r\u00e1pida: <\/strong>Procura uma ta\u00e7a de mistura dur\u00e1vel, segura e vers\u00e1til para elevar a sua experi\u00eancia de cozinhar e assar? A nossa ta\u00e7a de mistura em a\u00e7o inoxid\u00e1vel 304 \u00e9 a escolha perfeita! Fabricada em a\u00e7o inoxid\u00e1vel 304 de qualidade alimentar, com uma pega resistente ao calor e marcas de medi\u00e7\u00e3o claras, esta ta\u00e7a \u00e9 ideal para tudo, desde preparar ovos e misturar saladas at\u00e9 cozer bolos e guardar sobras. F\u00e1cil de limpar, inquebr\u00e1vel e sem odores - diga adeus \u00e0s ta\u00e7as de cozinha desarrumadas e fr\u00e1geis e ol\u00e1 \u00e0 prepara\u00e7\u00e3o de refei\u00e7\u00f5es sem esfor\u00e7o!<\/p>\n\n\n\n<figure class=\"wp-block-gallery has-nested-images columns-default is-cropped wp-block-gallery-2 is-layout-flex wp-block-gallery-is-layout-flex\">\n<figure class=\"wp-block-image size-full is-style-default\"><img loading=\"lazy\" decoding=\"async\" width=\"3840\" height=\"5760\" data-id=\"12081\" src=\"https:\/\/moyahousehold.com\/wp-content\/uploads\/2026\/03\/2-3.jpg\" alt=\"Ta\u00e7as misturadoras em a\u00e7o inoxid\u00e1vel 304 com pega\" class=\"wp-image-12081\" srcset=\"https:\/\/moyahousehold.com\/wp-content\/uploads\/2026\/03\/2-3.jpg 3840w, https:\/\/moyahousehold.com\/wp-content\/uploads\/2026\/03\/2-3-200x300.jpg 200w, https:\/\/moyahousehold.com\/wp-content\/uploads\/2026\/03\/2-3-768x1152.jpg 768w, https:\/\/moyahousehold.com\/wp-content\/uploads\/2026\/03\/2-3-8x12.jpg 8w, https:\/\/moyahousehold.com\/wp-content\/uploads\/2026\/03\/2-3-285x428.jpg 285w, https:\/\/moyahousehold.com\/wp-content\/uploads\/2026\/03\/2-3-1600x2400.jpg 1600w, https:\/\/moyahousehold.com\/wp-content\/uploads\/2026\/03\/2-3-440x660.jpg 440w, https:\/\/moyahousehold.com\/wp-content\/uploads\/2026\/03\/2-3-100x150.jpg 100w\" sizes=\"(max-width: 3840px) 100vw, 3840px\" \/><\/figure>\n\n\n\n<figure class=\"wp-block-image size-full wp-duotone-unset-1\"><img loading=\"lazy\" decoding=\"async\" width=\"3840\" height=\"5760\" data-id=\"12083\" src=\"https:\/\/moyahousehold.com\/wp-content\/uploads\/2026\/03\/4-4.jpg\" alt=\"Ta\u00e7as misturadoras em a\u00e7o inoxid\u00e1vel 304 com pega\" class=\"wp-image-12083\" srcset=\"https:\/\/moyahousehold.com\/wp-content\/uploads\/2026\/03\/4-4.jpg 3840w, https:\/\/moyahousehold.com\/wp-content\/uploads\/2026\/03\/4-4-200x300.jpg 200w, https:\/\/moyahousehold.com\/wp-content\/uploads\/2026\/03\/4-4-768x1152.jpg 768w, https:\/\/moyahousehold.com\/wp-content\/uploads\/2026\/03\/4-4-8x12.jpg 8w, https:\/\/moyahousehold.com\/wp-content\/uploads\/2026\/03\/4-4-285x428.jpg 285w, https:\/\/moyahousehold.com\/wp-content\/uploads\/2026\/03\/4-4-1600x2400.jpg 1600w, https:\/\/moyahousehold.com\/wp-content\/uploads\/2026\/03\/4-4-440x660.jpg 440w, https:\/\/moyahousehold.com\/wp-content\/uploads\/2026\/03\/4-4-100x150.jpg 100w\" sizes=\"(max-width: 3840px) 100vw, 3840px\" \/><\/figure>\n<\/figure>\n\n\n\n<h2 class=\"wp-block-heading\">Porqu\u00ea escolher a nossa ta\u00e7a de mistura de a\u00e7o inoxid\u00e1vel 304?<\/h2>\n\n\n\n<p>Cozinhar e fazer bolos deve ser agrad\u00e1vel, n\u00e3o frustrante. Foi por isso que concebemos esta ta\u00e7a misturadora para resolver os problemas mais comuns na cozinha. Quer seja um cozinheiro dom\u00e9stico, um entusiasta da pastelaria ou um pai ocupado, esta ta\u00e7a tornar-se-\u00e1 a sua ferramenta de elei\u00e7\u00e3o para todas as tarefas de prepara\u00e7\u00e3o de refei\u00e7\u00f5es.<\/p>\n\n\n\n<div class=\"wp-block-columns is-layout-flex wp-container-core-columns-is-layout-9d6595d7 wp-block-columns-is-layout-flex\">\n<div class=\"wp-block-column is-layout-flow wp-block-column-is-layout-flow\">\n<figure class=\"wp-block-image size-full\"><img loading=\"lazy\" decoding=\"async\" width=\"3840\" height=\"5760\" src=\"https:\/\/moyahousehold.com\/wp-content\/uploads\/2026\/03\/3-3.jpg\" alt=\"Ta\u00e7as misturadoras em a\u00e7o inoxid\u00e1vel 304 com pega\" class=\"wp-image-12082\" srcset=\"https:\/\/moyahousehold.com\/wp-content\/uploads\/2026\/03\/3-3.jpg 3840w, https:\/\/moyahousehold.com\/wp-content\/uploads\/2026\/03\/3-3-200x300.jpg 200w, https:\/\/moyahousehold.com\/wp-content\/uploads\/2026\/03\/3-3-768x1152.jpg 768w, https:\/\/moyahousehold.com\/wp-content\/uploads\/2026\/03\/3-3-8x12.jpg 8w, https:\/\/moyahousehold.com\/wp-content\/uploads\/2026\/03\/3-3-285x428.jpg 285w, https:\/\/moyahousehold.com\/wp-content\/uploads\/2026\/03\/3-3-1600x2400.jpg 1600w, https:\/\/moyahousehold.com\/wp-content\/uploads\/2026\/03\/3-3-440x660.jpg 440w, https:\/\/moyahousehold.com\/wp-content\/uploads\/2026\/03\/3-3-100x150.jpg 100w\" sizes=\"(max-width: 3840px) 100vw, 3840px\" \/><\/figure>\n<\/div>\n\n\n\n<div class=\"wp-block-column is-layout-flow wp-block-column-is-layout-flow\">\n<figure class=\"wp-block-image size-full\"><img loading=\"lazy\" decoding=\"async\" width=\"3840\" height=\"5760\" src=\"https:\/\/moyahousehold.com\/wp-content\/uploads\/2026\/03\/5-3.jpg\" alt=\"Ta\u00e7as misturadoras em a\u00e7o inoxid\u00e1vel 304 com pega\" class=\"wp-image-12084\" srcset=\"https:\/\/moyahousehold.com\/wp-content\/uploads\/2026\/03\/5-3.jpg 3840w, https:\/\/moyahousehold.com\/wp-content\/uploads\/2026\/03\/5-3-200x300.jpg 200w, https:\/\/moyahousehold.com\/wp-content\/uploads\/2026\/03\/5-3-768x1152.jpg 768w, https:\/\/moyahousehold.com\/wp-content\/uploads\/2026\/03\/5-3-8x12.jpg 8w, https:\/\/moyahousehold.com\/wp-content\/uploads\/2026\/03\/5-3-285x428.jpg 285w, https:\/\/moyahousehold.com\/wp-content\/uploads\/2026\/03\/5-3-1600x2400.jpg 1600w, https:\/\/moyahousehold.com\/wp-content\/uploads\/2026\/03\/5-3-440x660.jpg 440w, https:\/\/moyahousehold.com\/wp-content\/uploads\/2026\/03\/5-3-100x150.jpg 100w\" sizes=\"(max-width: 3840px) 100vw, 3840px\" \/><\/figure>\n<\/div>\n<\/div>\n\n\n\n<h3 class=\"wp-block-heading\">1. A\u00e7o inoxid\u00e1vel 304 de qualidade alimentar: Seguran\u00e7a em primeiro lugar para si e para a sua fam\u00edlia<\/h3>\n\n\n\n<p>Primeira escolha saud\u00e1vel: Fabricado em a\u00e7o inoxid\u00e1vel 304 de qualidade alimentar, resistente \u00e0 corros\u00e3o, \u00e0 prova de ferrugem e n\u00e3o t\u00f3xico. Sem absor\u00e7\u00e3o de odores, mesmo com ingredientes \u00e1cidos\/alcalinos (lim\u00f5es, ovos, etc.), seguro para marinar, misturar e armazenar alimentos.<\/p>\n\n\n\n<h3 class=\"wp-block-heading\">2. Pega resistente ao calor: Seguro e est\u00e1vel de segurar, mesmo com alimentos quentes<\/h3>\n\n\n\n<p>Pega resistente ao calor: Mant\u00e9m-se fria quando segura alimentos quentes (sopas, guisados, etc.), o design ergon\u00f3mico garante uma ader\u00eancia firme. Evita escorregadelas e escald\u00f5es, conveniente para uma r\u00e1pida transfer\u00eancia de alimentos.<\/p>\n\n\n\n<h3 class=\"wp-block-heading\">3. Marcas de medi\u00e7\u00e3o incorporadas: Prepara\u00e7\u00e3o precisa em todas as ocasi\u00f5es<\/h3>\n\n\n\n<p>Esque\u00e7a os malabarismos com v\u00e1rios copos e colheres de medi\u00e7\u00e3o - a nossa ta\u00e7a de mistura tem marcas de medi\u00e7\u00e3o claras e f\u00e1ceis de ler (ml e ch\u00e1vena) impressas no interior. Quer esteja a fazer um bolo que requer quantidades exactas de leite e farinha, ou a misturar um molho que precisa de um tempero preciso, estas marcas facilitam a medi\u00e7\u00e3o diretamente na ta\u00e7a. Poupe tempo, reduza a limpeza e obtenha sempre resultados consistentes.<\/p>\n\n\n\n<h3 class=\"wp-block-heading\">4. Engrossado e \u00e0 prova de estilha\u00e7os: Dur\u00e1vel para uso di\u00e1rio<\/h3>\n\n\n\n<p>As cozinhas podem ser ca\u00f3ticas, mas a sua ta\u00e7a n\u00e3o tem de ser fr\u00e1gil. A nossa ta\u00e7a para misturar \u00e9 espessada para maior durabilidade - n\u00e3o se dobra, n\u00e3o se deforma nem racha, mesmo que a deixe cair acidentalmente (sim, mesmo que os seus filhos a derrubem da bancada!). Ao contr\u00e1rio das ta\u00e7as de vidro ou cer\u00e2mica que se estilha\u00e7am facilmente, esta ta\u00e7a em a\u00e7o inoxid\u00e1vel foi concebida para durar anos de utiliza\u00e7\u00e3o di\u00e1ria. Perfeita para fam\u00edlias ocupadas, autocaravanas ou para cozinhar ao ar livre.<\/p>\n\n\n\n<h3 class=\"wp-block-heading\">5. F\u00e1cil de limpar e \u00f3leo antiaderente: Menos tempo a esfregar, mais tempo a desfrutar<\/h3>\n\n\n\n<p>Ningu\u00e9m gosta de passar horas a esfregar a loi\u00e7a suja. A superf\u00edcie lisa da nossa ta\u00e7a em a\u00e7o inoxid\u00e1vel 304 \u00e9 anti-aderente ao \u00f3leo e aos res\u00edduos alimentares - basta passar por \u00e1gua e limpar com um pano, e ficar\u00e1 limpa em segundos. Tamb\u00e9m pode ser lavada na m\u00e1quina de lavar loi\u00e7a, pelo que pode coloc\u00e1-la na m\u00e1quina de lavar loi\u00e7a para uma limpeza sem complica\u00e7\u00f5es. \u00d3timo para quando est\u00e1 a organizar um jantar ou a cozinhar uma grande refei\u00e7\u00e3o e n\u00e3o tem tempo para lavar a loi\u00e7a \u00e0 m\u00e3o.<\/p>\n\n\n\n<h3 class=\"wp-block-heading\">6. Tamanho pr\u00e1tico: Ideal para v\u00e1rias tarefas na cozinha<\/h3>\n\n\n\n<p>With a practical capacity (220ML\/800ML), this mixing bowl is designed to cover most of your daily kitchen needs. Use it for prepping eggs, mixing spices, marinating small portions of meat, mixing salads, or storing leftovers. The compact design also saves space in your kitchen cabinet\u2014easy to store without cluttering shelves!<\/p>\n\n\n\n<p><\/p>","protected":false},"excerpt":{"rendered":"<h2 class=\"header-vfC6AV auto-hide-last-sibling-br\">Servi\u00e7os de personaliza\u00e7\u00e3o<\/h2>\n<div class=\"auto-hide-last-sibling-br paragraph-JOTKXA paragraph-element br-paragraph-space\">Como um fabricante profissional de lancheiras, n\u00f3s fornecemos solu\u00e7\u00f5es abrangentes de OEM e ODM:<\/div>\n<ul class=\"auto-hide-last-sibling-br\">\n<li><strong>OEM<\/strong>: Personalize log\u00f3tipos, impress\u00f5es ou embalagens para se alinharem com a identidade da sua marca. Tamb\u00e9m pode escolher cores diferentes para o inv\u00f3lucro exterior para combinar com o estilo da sua marca.<\/li>\n<li><strong>ODM<\/strong>: Colaboramos na conce\u00e7\u00e3o do produto, desde a disposi\u00e7\u00e3o dos compartimentos (ajustando o n\u00famero e o tamanho dos compartimentos) aos acabamentos dos materiais, para criar solu\u00e7\u00f5es \u00fanicas e orientadas para o mercado. Podemos tamb\u00e9m otimizar a estrutura de veda\u00e7\u00e3o ou acrescentar designs funcionais especiais de acordo com as suas necessidades.<\/li>\n<\/ul>","protected":false},"featured_media":12077,"comment_status":"closed","ping_status":"closed","template":"","meta":[],"product_cat":[55],"product_tag":[113,111,112,110],"class_list":{"0":"post-12073","1":"product","2":"type-product","3":"status-publish","4":"has-post-thumbnail","6":"product_cat-salad-bowl-wholesale","7":"product_tag-breakfast-cup","8":"product_tag-cooking-bowl","9":"product_tag-mixing-bowl","10":"product_tag-salad-bowl","12":"first","13":"instock","14":"shipping-taxable","15":"product-type-simple"},"_links":{"self":[{"href":"https:\/\/moyahousehold.com\/pt\/wp-json\/wp\/v2\/product\/12073","targetHints":{"allow":["GET"]}}],"collection":[{"href":"https:\/\/moyahousehold.com\/pt\/wp-json\/wp\/v2\/product"}],"about":[{"href":"https:\/\/moyahousehold.com\/pt\/wp-json\/wp\/v2\/types\/product"}],"replies":[{"embeddable":true,"href":"https:\/\/moyahousehold.com\/pt\/wp-json\/wp\/v2\/comments?post=12073"}],"version-history":[{"count":0,"href":"https:\/\/moyahousehold.com\/pt\/wp-json\/wp\/v2\/product\/12073\/revisions"}],"wp:featuredmedia":[{"embeddable":true,"href":"https:\/\/moyahousehold.com\/pt\/wp-json\/wp\/v2\/media\/12077"}],"wp:attachment":[{"href":"https:\/\/moyahousehold.com\/pt\/wp-json\/wp\/v2\/media?parent=12073"}],"wp:term":[{"taxonomy":"product_cat","embeddable":true,"href":"https:\/\/moyahousehold.com\/pt\/wp-json\/wp\/v2\/product_cat?post=12073"},{"taxonomy":"product_tag","embeddable":true,"href":"https:\/\/moyahousehold.com\/pt\/wp-json\/wp\/v2\/product_tag?post=12073"}],"curies":[{"name":"wp","href":"https:\/\/api.w.org\/{rel}","templated":true}]}}