{"id":12112,"date":"2026-03-27T07:40:33","date_gmt":"2026-03-27T07:01:25","guid":{"rendered":"https:\/\/moyahousehold.com\/?post_type=product&#038;p=12112"},"modified":"2026-03-27T07:42:39","modified_gmt":"2026-03-27T07:42:39","slug":"wholesale-304-stainless-steel-bento-box-fresh-keeping-lunch-box-with-pe-lid-for-fridge-kitchen-storage","status":"publish","type":"product","link":"https:\/\/moyahousehold.com\/pt\/produto\/wholesale-304-stainless-steel-bento-box-fresh-keeping-lunch-box-with-pe-lid-for-fridge-kitchen-storage\/","title":{"rendered":"Wholesale 304 Stainless Steel Bento Box | Fresh-Keeping Lunch Box with PE Lid for Fridge &amp; Kitchen Storage"},"content":{"rendered":"<div class=\"wp-block-columns is-layout-flex wp-container-core-columns-is-layout-9d6595d7 wp-block-columns-is-layout-flex\">\n<div class=\"wp-block-column is-layout-flow wp-block-column-is-layout-flow\">\n<h3 class=\"wp-block-heading\">Par\u00e2metros dos recipientes para alimentos para restaurantes<\/h3>\n\n\n\n<figure class=\"wp-block-table\"><table><tbody><tr><td>Item NO<\/td><td>Capacidade<\/td><td>Tamanho\/PCS<\/td><td>PCS\/Caixa<\/td><td>N.W.\/CTN<\/td><td>G.W.\/PCS<\/td><\/tr><tr><td>MYJD323<\/td><td>580ml<\/td><td>17*10.6*5.2<\/td><td>80<\/td><td>13.8<\/td><td>0.15<\/td><\/tr><tr><td>MYJD324<\/td><td>880ml<\/td><td>17*10.6*7.7<\/td><td>60<\/td><td>13.3<\/td><td>0.19<\/td><\/tr><tr><td>MYJD325<\/td><td>1180ml<\/td><td>17*10.6*10.3<\/td><td>50<\/td><td>13.6<\/td><td>0.23<\/td><\/tr><tr><td>MYJD326<\/td><td>1000ml<\/td><td>20.8*14.1*5.2<\/td><td>56<\/td><td>14.6<\/td><td>0.23<\/td><\/tr><tr><td>MYJD327<\/td><td>1600ml<\/td><td>20.8*14.1*7.7<\/td><td>40<\/td><td>12.7<\/td><td>0.27<\/td><\/tr><tr><td>MYJD328<\/td><td>2100ml<\/td><td>20.8*14.1*10.3<\/td><td>32<\/td><td>12.9<\/td><td>0.34<\/td><\/tr><tr><td>MYJD329<\/td><td>1500ml<\/td><td>24.3*17.5*5.2<\/td><td>48<\/td><td>16<\/td><td>0.29<\/td><\/tr><tr><td>MYJD330<\/td><td>2300ml<\/td><td>24.3*17.5*7.7<\/td><td>36<\/td><td>14.1<\/td><td>0.34<\/td><\/tr><tr><td>MYJD331<\/td><td>3100ml<\/td><td>24.3*17.2*10.3<\/td><td>24<\/td><td>11<\/td><td>0.38<\/td><\/tr><\/tbody><\/table><\/figure>\n<\/div>\n<\/div>\n\n\n\n<h3 class=\"wp-block-heading\">Op\u00e7\u00f5es de recipientes para alimentos personalizados<\/h3>\n\n\n\n<p><strong>Log\u00f3tipo:<\/strong> personalize o log\u00f3tipo da sua marca em recipientes e embalagens para armazenamento de alimentos.<br><strong>Tampa: <\/strong>PP lid<br><strong>Op\u00e7\u00f5es de log\u00f3tipo:<\/strong> log\u00f3tipo impresso, log\u00f3tipo gravado a laser, etc.<br><strong>Padr\u00e3o:<\/strong> padr\u00f5es de impress\u00e3o em recipientes de armazenamento de alimentos.<br><strong>Tecnologia de impress\u00e3o:<\/strong> impress\u00e3o por transfer\u00eancia de \u00e1gua, serigrafia, impress\u00e3o por transfer\u00eancia de calor, etc.<br><strong>Embalagem:<\/strong>caixa de cor<br><a href=\"https:\/\/moyahousehold.com\/pt\/solucao-personalizada\/\" data-type=\"page\" data-id=\"2817\"><strong>Saiba mais sobre as op\u00e7\u00f5es de recipientes para alimentos personalizados<\/strong><\/a>.<\/p>\n\n\n\n<div class=\"wp-block-columns is-layout-flex wp-container-core-columns-is-layout-9d6595d7 wp-block-columns-is-layout-flex\">\n<div class=\"wp-block-column is-layout-flow wp-block-column-is-layout-flow\">\n<figure class=\"wp-block-image size-full\"><img fetchpriority=\"high\" decoding=\"async\" width=\"800\" height=\"800\" src=\"https:\/\/moyahousehold.com\/wp-content\/uploads\/2026\/03\/1-6.jpg\" alt=\"MOYA 304 Stainless Steel Food Storage Container with PE Lid, Single Box in Medium Size\" class=\"wp-image-12114\" srcset=\"https:\/\/moyahousehold.com\/wp-content\/uploads\/2026\/03\/1-6.jpg 800w, https:\/\/moyahousehold.com\/wp-content\/uploads\/2026\/03\/1-6-300x300.jpg 300w, https:\/\/moyahousehold.com\/wp-content\/uploads\/2026\/03\/1-6-150x150.jpg 150w, https:\/\/moyahousehold.com\/wp-content\/uploads\/2026\/03\/1-6-768x768.jpg 768w, https:\/\/moyahousehold.com\/wp-content\/uploads\/2026\/03\/1-6-12x12.jpg 12w, https:\/\/moyahousehold.com\/wp-content\/uploads\/2026\/03\/1-6-285x285.jpg 285w, https:\/\/moyahousehold.com\/wp-content\/uploads\/2026\/03\/1-6-270x270.jpg 270w, https:\/\/moyahousehold.com\/wp-content\/uploads\/2026\/03\/1-6-540x540.jpg 540w, https:\/\/moyahousehold.com\/wp-content\/uploads\/2026\/03\/1-6-660x660.jpg 660w\" sizes=\"(max-width: 800px) 100vw, 800px\" \/><\/figure>\n<\/div>\n\n\n\n<div class=\"wp-block-column is-layout-flow wp-block-column-is-layout-flow\">\n<figure class=\"wp-block-image size-full\"><img decoding=\"async\" width=\"800\" height=\"800\" src=\"https:\/\/moyahousehold.com\/wp-content\/uploads\/2026\/03\/4-6.jpg\" alt=\"MOYA 304 Stainless Steel Food Storage Container with PE Lid, Single Box in Medium Size\" class=\"wp-image-12117\" srcset=\"https:\/\/moyahousehold.com\/wp-content\/uploads\/2026\/03\/4-6.jpg 800w, https:\/\/moyahousehold.com\/wp-content\/uploads\/2026\/03\/4-6-300x300.jpg 300w, https:\/\/moyahousehold.com\/wp-content\/uploads\/2026\/03\/4-6-150x150.jpg 150w, https:\/\/moyahousehold.com\/wp-content\/uploads\/2026\/03\/4-6-768x768.jpg 768w, https:\/\/moyahousehold.com\/wp-content\/uploads\/2026\/03\/4-6-12x12.jpg 12w, https:\/\/moyahousehold.com\/wp-content\/uploads\/2026\/03\/4-6-285x285.jpg 285w, https:\/\/moyahousehold.com\/wp-content\/uploads\/2026\/03\/4-6-270x270.jpg 270w, https:\/\/moyahousehold.com\/wp-content\/uploads\/2026\/03\/4-6-540x540.jpg 540w, https:\/\/moyahousehold.com\/wp-content\/uploads\/2026\/03\/4-6-660x660.jpg 660w\" sizes=\"(max-width: 800px) 100vw, 800px\" \/><\/figure>\n<\/div>\n<\/div>\n\n\n\n<div class=\"wp-block-columns is-layout-flex wp-container-core-columns-is-layout-9d6595d7 wp-block-columns-is-layout-flex\">\n<div class=\"wp-block-column is-layout-flow wp-block-column-is-layout-flow\">\n<figure class=\"wp-block-image size-full\"><img decoding=\"async\" width=\"800\" height=\"800\" src=\"https:\/\/moyahousehold.com\/wp-content\/uploads\/2026\/03\/2-6.jpg\" alt=\"MOYA 304 Stainless Steel Food Storage Container with PE Lid, Single Box in Medium Size\" class=\"wp-image-12121\" srcset=\"https:\/\/moyahousehold.com\/wp-content\/uploads\/2026\/03\/2-6.jpg 800w, https:\/\/moyahousehold.com\/wp-content\/uploads\/2026\/03\/2-6-300x300.jpg 300w, https:\/\/moyahousehold.com\/wp-content\/uploads\/2026\/03\/2-6-150x150.jpg 150w, https:\/\/moyahousehold.com\/wp-content\/uploads\/2026\/03\/2-6-768x768.jpg 768w, https:\/\/moyahousehold.com\/wp-content\/uploads\/2026\/03\/2-6-12x12.jpg 12w, https:\/\/moyahousehold.com\/wp-content\/uploads\/2026\/03\/2-6-285x285.jpg 285w, https:\/\/moyahousehold.com\/wp-content\/uploads\/2026\/03\/2-6-270x270.jpg 270w, https:\/\/moyahousehold.com\/wp-content\/uploads\/2026\/03\/2-6-540x540.jpg 540w, https:\/\/moyahousehold.com\/wp-content\/uploads\/2026\/03\/2-6-660x660.jpg 660w\" sizes=\"(max-width: 800px) 100vw, 800px\" \/><\/figure>\n<\/div>\n\n\n\n<div class=\"wp-block-column is-layout-flow wp-block-column-is-layout-flow\">\n<figure class=\"wp-block-image size-full\"><img loading=\"lazy\" decoding=\"async\" width=\"800\" height=\"800\" src=\"https:\/\/moyahousehold.com\/wp-content\/uploads\/2026\/03\/1-7.jpg\" alt=\"MOYA 304 Stainless Steel Food Storage Container with PE Lid, Single Box in Medium Size\" class=\"wp-image-12120\" srcset=\"https:\/\/moyahousehold.com\/wp-content\/uploads\/2026\/03\/1-7.jpg 800w, https:\/\/moyahousehold.com\/wp-content\/uploads\/2026\/03\/1-7-300x300.jpg 300w, https:\/\/moyahousehold.com\/wp-content\/uploads\/2026\/03\/1-7-150x150.jpg 150w, https:\/\/moyahousehold.com\/wp-content\/uploads\/2026\/03\/1-7-768x768.jpg 768w, https:\/\/moyahousehold.com\/wp-content\/uploads\/2026\/03\/1-7-12x12.jpg 12w, https:\/\/moyahousehold.com\/wp-content\/uploads\/2026\/03\/1-7-285x285.jpg 285w, https:\/\/moyahousehold.com\/wp-content\/uploads\/2026\/03\/1-7-270x270.jpg 270w, https:\/\/moyahousehold.com\/wp-content\/uploads\/2026\/03\/1-7-540x540.jpg 540w, https:\/\/moyahousehold.com\/wp-content\/uploads\/2026\/03\/1-7-660x660.jpg 660w\" sizes=\"(max-width: 800px) 100vw, 800px\" \/><\/figure>\n<\/div>\n<\/div>\n\n\n\n<div class=\"wp-block-columns is-layout-flex wp-container-core-columns-is-layout-9d6595d7 wp-block-columns-is-layout-flex\">\n<div class=\"wp-block-column is-layout-flow wp-block-column-is-layout-flow\">\n<figure class=\"wp-block-image size-full\"><img loading=\"lazy\" decoding=\"async\" width=\"800\" height=\"800\" src=\"https:\/\/moyahousehold.com\/wp-content\/uploads\/2026\/03\/4-7.jpg\" alt=\"MOYA 304 Stainless Steel Food Storage Container with PE Lid, Single Box in Medium Size\" class=\"wp-image-12123\" srcset=\"https:\/\/moyahousehold.com\/wp-content\/uploads\/2026\/03\/4-7.jpg 800w, https:\/\/moyahousehold.com\/wp-content\/uploads\/2026\/03\/4-7-300x300.jpg 300w, https:\/\/moyahousehold.com\/wp-content\/uploads\/2026\/03\/4-7-150x150.jpg 150w, https:\/\/moyahousehold.com\/wp-content\/uploads\/2026\/03\/4-7-768x768.jpg 768w, https:\/\/moyahousehold.com\/wp-content\/uploads\/2026\/03\/4-7-12x12.jpg 12w, https:\/\/moyahousehold.com\/wp-content\/uploads\/2026\/03\/4-7-285x285.jpg 285w, https:\/\/moyahousehold.com\/wp-content\/uploads\/2026\/03\/4-7-270x270.jpg 270w, https:\/\/moyahousehold.com\/wp-content\/uploads\/2026\/03\/4-7-540x540.jpg 540w, https:\/\/moyahousehold.com\/wp-content\/uploads\/2026\/03\/4-7-660x660.jpg 660w\" sizes=\"(max-width: 800px) 100vw, 800px\" \/><\/figure>\n<\/div>\n\n\n\n<div class=\"wp-block-column is-layout-flow wp-block-column-is-layout-flow\">\n<figure class=\"wp-block-image size-full\"><img loading=\"lazy\" decoding=\"async\" width=\"800\" height=\"800\" src=\"https:\/\/moyahousehold.com\/wp-content\/uploads\/2026\/03\/3-6.jpg\" alt=\"MOYA 304 Stainless Steel Food Storage Container with PE Lid, Single Box in Medium Size\" class=\"wp-image-12124\" srcset=\"https:\/\/moyahousehold.com\/wp-content\/uploads\/2026\/03\/3-6.jpg 800w, https:\/\/moyahousehold.com\/wp-content\/uploads\/2026\/03\/3-6-300x300.jpg 300w, https:\/\/moyahousehold.com\/wp-content\/uploads\/2026\/03\/3-6-150x150.jpg 150w, https:\/\/moyahousehold.com\/wp-content\/uploads\/2026\/03\/3-6-768x768.jpg 768w, https:\/\/moyahousehold.com\/wp-content\/uploads\/2026\/03\/3-6-12x12.jpg 12w, https:\/\/moyahousehold.com\/wp-content\/uploads\/2026\/03\/3-6-285x285.jpg 285w, https:\/\/moyahousehold.com\/wp-content\/uploads\/2026\/03\/3-6-270x270.jpg 270w, https:\/\/moyahousehold.com\/wp-content\/uploads\/2026\/03\/3-6-540x540.jpg 540w, https:\/\/moyahousehold.com\/wp-content\/uploads\/2026\/03\/3-6-660x660.jpg 660w\" sizes=\"(max-width: 800px) 100vw, 800px\" \/><\/figure>\n<\/div>\n<\/div>","protected":false},"excerpt":{"rendered":"<p>Recipiente para alimentos para restaurante em a\u00e7o inoxid\u00e1vel para micro-ondas por atacado. Este recipiente de a\u00e7o inoxid\u00e1vel para alimentos \u00e9 dur\u00e1vel, pr\u00e1tico e bonito, adequado para casa, restaurante e uso ao ar livre. Comercialmente, pode reduzir o custo de substitui\u00e7\u00e3o de utens\u00edlios de mesa e melhorar a imagem da marca. Ao mesmo tempo, como um profissional <a href=\"https:\/\/moyahousehold.com\/pt\/categoria-do-produto\/food-storage-container-wholesale\/\" target=\"_blank\" rel=\"noopener\"><strong>fabricante de recipientes para alimentos<\/strong><\/a>A nossa empresa apoia a produ\u00e7\u00e3o em massa e os servi\u00e7os de personaliza\u00e7\u00e3o, e pode ajustar o tamanho, a forma ou a fun\u00e7\u00e3o da tampa de acordo com as necessidades dos clientes comerciais para satisfazer as necessidades de personaliza\u00e7\u00e3o.<\/p>\n<h3>Carater\u00edsticas dos contentores para comida de restaurante<\/h3>\n<p><strong>A\u00e7o inoxid\u00e1vel de alta qualidade:<\/strong> Este recipiente para alimentos de restaurante \u00e9 fabricado com materiais de alta qualidade e pode facilmente resistir a riscos, corros\u00e3o e desgaste di\u00e1rio, tendo um bom desempenho tanto para uso dom\u00e9stico como comercial.<\/p>\n<p>&nbsp;<\/p>\n<p><strong>Design \u00fanico de empilhamento:<\/strong> Maximiza a utiliza\u00e7\u00e3o do espa\u00e7o durante a arruma\u00e7\u00e3o e utiliza\u00e7\u00e3o, especialmente adequado para cozinhas e frigor\u00edficos com espa\u00e7o limitado, poupando espa\u00e7o e mantendo a arruma\u00e7\u00e3o.<\/p>\n<p>&nbsp;<\/p>\n<p><strong>Especifica\u00e7\u00f5es m\u00faltiplas:<\/strong> Este recipiente para alimentos em a\u00e7o inoxid\u00e1vel tem uma variedade de designs de produtos, abrangendo uma variedade de especifica\u00e7\u00f5es, desde pequenos snacks a grandes pratos principais, satisfazendo v\u00e1rias necessidades de armazenamento, quer se trate de uma mesa de jantar familiar, piquenique ao ar livre ou cozinha de restaurante, pode encontrar uma escolha adequada.<\/p>\n<p>&nbsp;<\/p>\n<p><strong>F\u00e1cil de limpar:<\/strong> A superf\u00edcie de a\u00e7o inoxid\u00e1vel \u00e9 lisa e resistente a manchas, e as manchas de \u00f3leo podem ser facilmente removidas. Tamb\u00e9m \u00e9 compat\u00edvel com m\u00e1quinas de lavar lou\u00e7a, tornando a limpeza mais r\u00e1pida e sem preocupa\u00e7\u00f5es.<\/p>\n<p>&nbsp;<\/p>\n<p><strong>Design de tampa transparente:<\/strong> \u00c9 poss\u00edvel ver rapidamente os alimentos no recipiente, evitar a oxida\u00e7\u00e3o dos alimentos causada pela abertura frequente da tampa e manter os alimentos frescos.<\/p>","protected":false},"featured_media":12113,"comment_status":"closed","ping_status":"closed","template":"","meta":[],"product_cat":[57],"product_tag":[95,106,99],"class_list":{"0":"post-12112","1":"product","2":"type-product","3":"status-publish","4":"has-post-thumbnail","6":"product_cat-food-storage-container-wholesale","7":"product_tag-wholesale-food-storage-containers-with-date-dial","8":"product_tag-microwavable-food-storage-containers","9":"product_tag-wholesale-rectangle-food-storage-containers","11":"first","12":"instock","13":"shipping-taxable","14":"product-type-simple"},"_links":{"self":[{"href":"https:\/\/moyahousehold.com\/pt\/wp-json\/wp\/v2\/product\/12112","targetHints":{"allow":["GET"]}}],"collection":[{"href":"https:\/\/moyahousehold.com\/pt\/wp-json\/wp\/v2\/product"}],"about":[{"href":"https:\/\/moyahousehold.com\/pt\/wp-json\/wp\/v2\/types\/product"}],"replies":[{"embeddable":true,"href":"https:\/\/moyahousehold.com\/pt\/wp-json\/wp\/v2\/comments?post=12112"}],"version-history":[{"count":0,"href":"https:\/\/moyahousehold.com\/pt\/wp-json\/wp\/v2\/product\/12112\/revisions"}],"wp:featuredmedia":[{"embeddable":true,"href":"https:\/\/moyahousehold.com\/pt\/wp-json\/wp\/v2\/media\/12113"}],"wp:attachment":[{"href":"https:\/\/moyahousehold.com\/pt\/wp-json\/wp\/v2\/media?parent=12112"}],"wp:term":[{"taxonomy":"product_cat","embeddable":true,"href":"https:\/\/moyahousehold.com\/pt\/wp-json\/wp\/v2\/product_cat?post=12112"},{"taxonomy":"product_tag","embeddable":true,"href":"https:\/\/moyahousehold.com\/pt\/wp-json\/wp\/v2\/product_tag?post=12112"}],"curies":[{"name":"wp","href":"https:\/\/api.w.org\/{rel}","templated":true}]}}