{"id":12128,"date":"2026-03-27T08:46:25","date_gmt":"2026-03-27T07:50:35","guid":{"rendered":"https:\/\/moyahousehold.com\/?post_type=product&#038;p=12128"},"modified":"2026-03-27T08:49:44","modified_gmt":"2026-03-27T08:49:44","slug":"moya-food-grade-304-stainless-steel-airtight-storage-box-multi-grid-insulated-fresh-keeping-container","status":"publish","type":"product","link":"https:\/\/moyahousehold.com\/pt\/produto\/moya-food-grade-304-stainless-steel-airtight-storage-box-multi-grid-insulated-fresh-keeping-container\/","title":{"rendered":"MOYA Food-Grade 304 Stainless Steel Airtight Storage Box | Multi-Grid Insulated Fresh-Keeping Container"},"content":{"rendered":"<h2 class=\"wp-block-heading\">Parameters of Multi-Grid Lunch Box<\/h2>\n\n\n\n<p><strong>Material:<\/strong> SUS304 + PP + Silicone <strong> Cor:<\/strong> Bege\/caqui<\/p>\n\n\n\n<figure class=\"wp-block-table\"><table class=\"has-fixed-layout\"><tbody><tr><td>Item<\/td><td>Capacidade<\/td><td>Tamanho\/PCS<\/td><td>N.W.\/PCS<\/td><td>G.W.\/CTN<\/td><\/tr><tr><td>MYJD442<\/td><td>740ML\/3 Grids<\/td><td>22.5*15.2*7<\/td><td>0.46<\/td><td>18.6<\/td><\/tr><tr><td>MYJD443<\/td><td>700ML\/4 Grids<\/td><td>22.5*15.2*7<\/td><td>0.46<\/td><td>18.6<\/td><\/tr><tr><td>MYJD444<\/td><td>720ML\/2 Grids<\/td><td>27.3*11.2*6.5<\/td><td>0.42<\/td><td>22.2<\/td><\/tr><tr><td>MYJD445<\/td><td>650ML\/3 Grids<\/td><td>27.3*11.2*6.5<\/td><td>0.43<\/td><td>22.5<\/td><\/tr><tr><td>MYJD446<\/td><td>1400ML\/4 Grids<\/td><td>27*21.1*7.2<\/td><td>0.77<\/td><td>20.5<\/td><\/tr><tr><td>MYJD447<\/td><td>1350ML\/5 Grids<\/td><td>27*21.1*7.2<\/td><td>0.77<\/td><td>20.5<\/td><\/tr><\/tbody><\/table><\/figure>\n\n\n\n<h3 class=\"wp-block-heading\">Op\u00e7\u00f5es de lancheiras personalizadas<\/h3>\n\n\n\n<p><strong>Log\u00f3tipo<\/strong>: personalizar o log\u00f3tipo da sua marca na caixa bento em a\u00e7o inoxid\u00e1vel e na embalagem.<br><strong>Op\u00e7\u00f5es de log\u00f3tipo<\/strong>: log\u00f3tipo impresso, log\u00f3tipo gravado a laser, etc.<br><strong>Padr\u00e3o<\/strong>: Impress\u00e3o de padr\u00f5es personalizados em produtos e embalagens.<br><strong>Tecnologia de impress\u00e3o<\/strong>: impress\u00e3o por transfer\u00eancia de \u00e1gua, impress\u00e3o por serigrafia, impress\u00e3o por transfer\u00eancia de calor, transfer\u00eancia por sublima\u00e7\u00e3o, etc.<br><strong>Embalagem<\/strong>:caixa de cor.<br><a href=\"https:\/\/moyahousehold.com\/pt\/solucao-personalizada\/\"><strong>Saiba mais sobre as solu\u00e7\u00f5es de lancheiras personalizadas.<\/strong><\/a><\/p>\n\n\n\n<div class=\"wp-block-columns is-layout-flex wp-container-core-columns-is-layout-9d6595d7 wp-block-columns-is-layout-flex\">\n<div class=\"wp-block-column is-layout-flow wp-block-column-is-layout-flow\">\n<figure class=\"wp-block-image size-full\"><img fetchpriority=\"high\" decoding=\"async\" width=\"800\" height=\"800\" src=\"https:\/\/moyahousehold.com\/wp-content\/uploads\/2026\/03\/2-7.jpg\" alt=\"MOYA 304 Stainless Steel Bento Box with Open Compartments\" class=\"wp-image-12132\" srcset=\"https:\/\/moyahousehold.com\/wp-content\/uploads\/2026\/03\/2-7.jpg 800w, https:\/\/moyahousehold.com\/wp-content\/uploads\/2026\/03\/2-7-300x300.jpg 300w, https:\/\/moyahousehold.com\/wp-content\/uploads\/2026\/03\/2-7-150x150.jpg 150w, https:\/\/moyahousehold.com\/wp-content\/uploads\/2026\/03\/2-7-768x768.jpg 768w, https:\/\/moyahousehold.com\/wp-content\/uploads\/2026\/03\/2-7-12x12.jpg 12w, https:\/\/moyahousehold.com\/wp-content\/uploads\/2026\/03\/2-7-285x285.jpg 285w, https:\/\/moyahousehold.com\/wp-content\/uploads\/2026\/03\/2-7-270x270.jpg 270w, https:\/\/moyahousehold.com\/wp-content\/uploads\/2026\/03\/2-7-540x540.jpg 540w, https:\/\/moyahousehold.com\/wp-content\/uploads\/2026\/03\/2-7-660x660.jpg 660w\" sizes=\"(max-width: 800px) 100vw, 800px\" \/><\/figure>\n<\/div>\n\n\n\n<div class=\"wp-block-column is-layout-flow wp-block-column-is-layout-flow\">\n<figure class=\"wp-block-image size-full\"><img decoding=\"async\" width=\"800\" height=\"800\" src=\"https:\/\/moyahousehold.com\/wp-content\/uploads\/2026\/03\/5-6.jpg\" alt=\"MOYA 304 Stainless Steel Bento Box with Open Compartments\" class=\"wp-image-12135\" srcset=\"https:\/\/moyahousehold.com\/wp-content\/uploads\/2026\/03\/5-6.jpg 800w, https:\/\/moyahousehold.com\/wp-content\/uploads\/2026\/03\/5-6-300x300.jpg 300w, https:\/\/moyahousehold.com\/wp-content\/uploads\/2026\/03\/5-6-150x150.jpg 150w, https:\/\/moyahousehold.com\/wp-content\/uploads\/2026\/03\/5-6-768x768.jpg 768w, https:\/\/moyahousehold.com\/wp-content\/uploads\/2026\/03\/5-6-12x12.jpg 12w, https:\/\/moyahousehold.com\/wp-content\/uploads\/2026\/03\/5-6-285x285.jpg 285w, https:\/\/moyahousehold.com\/wp-content\/uploads\/2026\/03\/5-6-270x270.jpg 270w, https:\/\/moyahousehold.com\/wp-content\/uploads\/2026\/03\/5-6-540x540.jpg 540w, https:\/\/moyahousehold.com\/wp-content\/uploads\/2026\/03\/5-6-660x660.jpg 660w\" sizes=\"(max-width: 800px) 100vw, 800px\" \/><\/figure>\n<\/div>\n<\/div>\n\n\n\n<div class=\"wp-block-columns is-layout-flex wp-container-core-columns-is-layout-9d6595d7 wp-block-columns-is-layout-flex\">\n<div class=\"wp-block-column is-layout-flow wp-block-column-is-layout-flow\">\n<figure class=\"wp-block-image size-full\"><img decoding=\"async\" width=\"4160\" height=\"6240\" src=\"https:\/\/moyahousehold.com\/wp-content\/uploads\/2026\/03\/4-9.jpg\" alt=\"MOYA 304 Stainless Steel Bento Box with Open Compartments\" class=\"wp-image-12139\" srcset=\"https:\/\/moyahousehold.com\/wp-content\/uploads\/2026\/03\/4-9.jpg 4160w, https:\/\/moyahousehold.com\/wp-content\/uploads\/2026\/03\/4-9-200x300.jpg 200w, https:\/\/moyahousehold.com\/wp-content\/uploads\/2026\/03\/4-9-768x1152.jpg 768w, https:\/\/moyahousehold.com\/wp-content\/uploads\/2026\/03\/4-9-8x12.jpg 8w, https:\/\/moyahousehold.com\/wp-content\/uploads\/2026\/03\/4-9-285x428.jpg 285w, https:\/\/moyahousehold.com\/wp-content\/uploads\/2026\/03\/4-9-1600x2400.jpg 1600w, https:\/\/moyahousehold.com\/wp-content\/uploads\/2026\/03\/4-9-440x660.jpg 440w, https:\/\/moyahousehold.com\/wp-content\/uploads\/2026\/03\/4-9-100x150.jpg 100w\" sizes=\"(max-width: 4160px) 100vw, 4160px\" \/><\/figure>\n<\/div>\n\n\n\n<div class=\"wp-block-column is-layout-flow wp-block-column-is-layout-flow\">\n<figure class=\"wp-block-image size-full\"><img loading=\"lazy\" decoding=\"async\" width=\"4160\" height=\"6240\" src=\"https:\/\/moyahousehold.com\/wp-content\/uploads\/2026\/03\/3-8.jpg\" alt=\"MOYA 304 Stainless Steel Bento Box with Open Compartments\" class=\"wp-image-12138\" srcset=\"https:\/\/moyahousehold.com\/wp-content\/uploads\/2026\/03\/3-8.jpg 4160w, https:\/\/moyahousehold.com\/wp-content\/uploads\/2026\/03\/3-8-200x300.jpg 200w, https:\/\/moyahousehold.com\/wp-content\/uploads\/2026\/03\/3-8-768x1152.jpg 768w, https:\/\/moyahousehold.com\/wp-content\/uploads\/2026\/03\/3-8-8x12.jpg 8w, https:\/\/moyahousehold.com\/wp-content\/uploads\/2026\/03\/3-8-285x428.jpg 285w, https:\/\/moyahousehold.com\/wp-content\/uploads\/2026\/03\/3-8-1600x2400.jpg 1600w, https:\/\/moyahousehold.com\/wp-content\/uploads\/2026\/03\/3-8-440x660.jpg 440w, https:\/\/moyahousehold.com\/wp-content\/uploads\/2026\/03\/3-8-100x150.jpg 100w\" sizes=\"(max-width: 4160px) 100vw, 4160px\" \/><\/figure>\n<\/div>\n<\/div>\n\n\n\n<div class=\"wp-block-columns is-layout-flex wp-container-core-columns-is-layout-9d6595d7 wp-block-columns-is-layout-flex\">\n<div class=\"wp-block-column is-layout-flow wp-block-column-is-layout-flow\">\n<figure class=\"wp-block-image size-full\"><img loading=\"lazy\" decoding=\"async\" width=\"4160\" height=\"6240\" src=\"https:\/\/moyahousehold.com\/wp-content\/uploads\/2026\/03\/1-9.jpg\" alt=\"MOYA 304 Stainless Steel Bento Box with Open Compartments\" class=\"wp-image-12136\" srcset=\"https:\/\/moyahousehold.com\/wp-content\/uploads\/2026\/03\/1-9.jpg 4160w, https:\/\/moyahousehold.com\/wp-content\/uploads\/2026\/03\/1-9-200x300.jpg 200w, https:\/\/moyahousehold.com\/wp-content\/uploads\/2026\/03\/1-9-768x1152.jpg 768w, https:\/\/moyahousehold.com\/wp-content\/uploads\/2026\/03\/1-9-8x12.jpg 8w, https:\/\/moyahousehold.com\/wp-content\/uploads\/2026\/03\/1-9-285x428.jpg 285w, https:\/\/moyahousehold.com\/wp-content\/uploads\/2026\/03\/1-9-1600x2400.jpg 1600w, https:\/\/moyahousehold.com\/wp-content\/uploads\/2026\/03\/1-9-440x660.jpg 440w, https:\/\/moyahousehold.com\/wp-content\/uploads\/2026\/03\/1-9-100x150.jpg 100w\" sizes=\"(max-width: 4160px) 100vw, 4160px\" \/><\/figure>\n<\/div>\n\n\n\n<div class=\"wp-block-column is-layout-flow wp-block-column-is-layout-flow\">\n<figure class=\"wp-block-image size-full\"><img loading=\"lazy\" decoding=\"async\" width=\"4160\" height=\"6240\" src=\"https:\/\/moyahousehold.com\/wp-content\/uploads\/2026\/03\/2-8.jpg\" alt=\"MOYA 304 Stainless Steel Bento Box with Open Compartments\" class=\"wp-image-12137\" srcset=\"https:\/\/moyahousehold.com\/wp-content\/uploads\/2026\/03\/2-8.jpg 4160w, https:\/\/moyahousehold.com\/wp-content\/uploads\/2026\/03\/2-8-200x300.jpg 200w, https:\/\/moyahousehold.com\/wp-content\/uploads\/2026\/03\/2-8-768x1152.jpg 768w, https:\/\/moyahousehold.com\/wp-content\/uploads\/2026\/03\/2-8-8x12.jpg 8w, https:\/\/moyahousehold.com\/wp-content\/uploads\/2026\/03\/2-8-285x428.jpg 285w, https:\/\/moyahousehold.com\/wp-content\/uploads\/2026\/03\/2-8-1600x2400.jpg 1600w, https:\/\/moyahousehold.com\/wp-content\/uploads\/2026\/03\/2-8-440x660.jpg 440w, https:\/\/moyahousehold.com\/wp-content\/uploads\/2026\/03\/2-8-100x150.jpg 100w\" sizes=\"(max-width: 4160px) 100vw, 4160px\" \/><\/figure>\n<\/div>\n<\/div>","protected":false},"excerpt":{"rendered":"<p>Wholesale stainless steel Multi-grid lunch box, with a portable design, suitable for taking out. The multi-grid design allows users to easily bring a variety of food. As a professional lunch box manufacturer, we provide wholesale and customized lunch box services. Wholesalers, retailers and schools with relevant needs are welcome to contact us.<\/p>\n<h3>Parameters Of Stainless Steel Multi-Grid Lunch Box<\/h3>\n<p><strong>Materiais de alta qualidade:<\/strong> Esta lancheira \u00e9 feita de a\u00e7o inoxid\u00e1vel 304 de alta qualidade, que n\u00e3o cont\u00e9m BPA e \u00e9 muito adequada para armazenar uma variedade de alimentos quentes e frios durante muito tempo.<\/p>\n<p>&nbsp;<\/p>\n<p><strong>F\u00e1cil de limpar:<\/strong> A superf\u00edcie interior da lancheira \u00e9 polida. Para a limpeza di\u00e1ria, basta enxaguar ou passar um pano para remover facilmente as manchas. Al\u00e9m disso, pode ser colocada na m\u00e1quina de lavar loi\u00e7a para ajudar a poupar tempo.<\/p>\n<p>&nbsp;<\/p>\n<p><strong>Multi-Grid design:<\/strong> This stainless steel lunch box has multi grid to store wet and dry foods separately, keeping each food fresh and original.<\/p>\n<p>&nbsp;<\/p>\n<p><strong>Aplica\u00e7\u00e3o em v\u00e1rios cen\u00e1rios:<\/strong> Esta lancheira de a\u00e7o inoxid\u00e1vel \u00e9 f\u00e1cil de transportar e adequada para utiliza\u00e7\u00e3o em casa e no escrit\u00f3rio, bem como para viagens e refei\u00e7\u00f5es fora de casa.<\/p>\n<p>&nbsp;<\/p>\n<p><strong>Conce\u00e7\u00e3o pr\u00e1tica:<\/strong> Esta lancheira de a\u00e7o inoxid\u00e1vel tem um anel de veda\u00e7\u00e3o de silicone de qualidade alimentar incorporado e um design de fecho firme para impedir eficazmente a fuga de sopa e outros l\u00edquidos, tornando-a muito adequada para transportar.<\/p>\n<p>&nbsp;<\/p>\n<p><strong>Personaliza\u00e7\u00e3o OEM&amp;ODM:<\/strong> Como um fabricante de lancheiras por atacado, n\u00f3s fornecemos solu\u00e7\u00f5es abrangentes de lancheiras personalizadas. Incluindo cor de apar\u00eancia personalizada, design de capacidade e logotipo da marca.<\/p>","protected":false},"featured_media":12131,"comment_status":"closed","ping_status":"closed","template":"","meta":[],"product_cat":[58],"product_tag":[87,92],"class_list":{"0":"post-12128","1":"product","2":"type-product","3":"status-publish","4":"has-post-thumbnail","6":"product_cat-lunch-box-wholesale","7":"product_tag-wholesale-multi-compartment-lunch-box","8":"product_tag-wholesale-rectangle-lunch-box","10":"first","11":"instock","12":"shipping-taxable","13":"product-type-simple"},"_links":{"self":[{"href":"https:\/\/moyahousehold.com\/pt\/wp-json\/wp\/v2\/product\/12128","targetHints":{"allow":["GET"]}}],"collection":[{"href":"https:\/\/moyahousehold.com\/pt\/wp-json\/wp\/v2\/product"}],"about":[{"href":"https:\/\/moyahousehold.com\/pt\/wp-json\/wp\/v2\/types\/product"}],"replies":[{"embeddable":true,"href":"https:\/\/moyahousehold.com\/pt\/wp-json\/wp\/v2\/comments?post=12128"}],"version-history":[{"count":0,"href":"https:\/\/moyahousehold.com\/pt\/wp-json\/wp\/v2\/product\/12128\/revisions"}],"wp:featuredmedia":[{"embeddable":true,"href":"https:\/\/moyahousehold.com\/pt\/wp-json\/wp\/v2\/media\/12131"}],"wp:attachment":[{"href":"https:\/\/moyahousehold.com\/pt\/wp-json\/wp\/v2\/media?parent=12128"}],"wp:term":[{"taxonomy":"product_cat","embeddable":true,"href":"https:\/\/moyahousehold.com\/pt\/wp-json\/wp\/v2\/product_cat?post=12128"},{"taxonomy":"product_tag","embeddable":true,"href":"https:\/\/moyahousehold.com\/pt\/wp-json\/wp\/v2\/product_tag?post=12128"}],"curies":[{"name":"wp","href":"https:\/\/api.w.org\/{rel}","templated":true}]}}