{"id":12162,"date":"2026-03-28T03:22:27","date_gmt":"2026-03-28T02:56:09","guid":{"rendered":"https:\/\/moyahousehold.com\/?post_type=product&#038;p=12162"},"modified":"2026-03-28T03:23:19","modified_gmt":"2026-03-28T03:23:19","slug":"round-304-stainless-steel-food-storage-jars-with-airtight-lids-premium-bulk-food-canisters-for-kitchen-organization","status":"publish","type":"product","link":"https:\/\/moyahousehold.com\/pt\/produto\/round-304-stainless-steel-food-storage-jars-with-airtight-lids-premium-bulk-food-canisters-for-kitchen-organization\/","title":{"rendered":"Round 304 Stainless Steel Food Storage Jars with Airtight Lids | Premium Bulk Food Canisters for Kitchen Organization"},"content":{"rendered":"<div class=\"wp-block-columns is-layout-flex wp-container-core-columns-is-layout-9d6595d7 wp-block-columns-is-layout-flex\">\n<div class=\"wp-block-column is-layout-flow wp-block-column-is-layout-flow\">\n<h3 class=\"wp-block-heading\">Par\u00e2metros dos frascos de armazenagem de alimentos com tampa<\/h3>\n\n\n\n<figure class=\"wp-block-table\"><table class=\"has-fixed-layout\"><tbody><tr><td>Item<\/td><td>Material<\/td><td>Capacidade<\/td><td>Tamanho\/PCS<\/td><td>N.W.\/PCS<\/td><\/tr><tr><td>MYJD448<\/td><td>304+PP+Silicone<\/td><td>350ml<\/td><td>10.5*10.5*6<\/td><td>0.09<\/td><\/tr><tr><td>MYJD449<\/td><td>304+PP+Silicone<\/td><td>550ml<\/td><td>13*13*6.5<\/td><td>0.13<\/td><\/tr><\/tbody><\/table><\/figure>\n<\/div>\n<\/div>\n\n\n\n<h3 class=\"wp-block-heading\">Op\u00e7\u00f5es de recipientes para alimentos personalizados<\/h3>\n\n\n\n<p><strong>Log\u00f3tipo<\/strong>: personalizar o log\u00f3tipo da sua marca nos produtos e nas embalagens.<br><strong>Tampa<\/strong>: PP lid<br><strong>Op\u00e7\u00f5es de log\u00f3tipo<\/strong>: log\u00f3tipo impresso, log\u00f3tipo gravado a laser, etc.<br><strong>Padr\u00e3o<\/strong>: padr\u00f5es de impress\u00e3o em recipientes de armazenagem de alimentos.<br><strong>Tecnologia de impress\u00e3o<\/strong>: impress\u00e3o por transfer\u00eancia de \u00e1gua, serigrafia, impress\u00e3o por transfer\u00eancia de calor, etc.<br><strong>Embalagem:<\/strong> Caixa de cores.<br><a href=\"https:\/\/moyahousehold.com\/pt\/solucao-personalizada\/\" data-type=\"page\" data-id=\"2817\" target=\"_blank\" rel=\"noreferrer noopener\"><strong>Explore mais solu\u00e7\u00f5es personalizadas de contentores para alimentos.<\/strong><\/a><\/p>\n\n\n\n<div class=\"wp-block-columns is-layout-flex wp-container-core-columns-is-layout-9d6595d7 wp-block-columns-is-layout-flex\">\n<div class=\"wp-block-column is-layout-flow wp-block-column-is-layout-flow\">\n<figure class=\"wp-block-image size-full\"><img fetchpriority=\"high\" decoding=\"async\" width=\"800\" height=\"800\" src=\"https:\/\/moyahousehold.com\/wp-content\/uploads\/2026\/03\/2-9.jpg\" alt=\"MOYA 304 Stainless Steel Airtight Food Storage Containers with Lids, Leakproof Stackable Lunch Boxes for Fridge Freezer Office Student Use\" class=\"wp-image-12167\" srcset=\"https:\/\/moyahousehold.com\/wp-content\/uploads\/2026\/03\/2-9.jpg 800w, https:\/\/moyahousehold.com\/wp-content\/uploads\/2026\/03\/2-9-300x300.jpg 300w, https:\/\/moyahousehold.com\/wp-content\/uploads\/2026\/03\/2-9-150x150.jpg 150w, https:\/\/moyahousehold.com\/wp-content\/uploads\/2026\/03\/2-9-768x768.jpg 768w, https:\/\/moyahousehold.com\/wp-content\/uploads\/2026\/03\/2-9-12x12.jpg 12w, https:\/\/moyahousehold.com\/wp-content\/uploads\/2026\/03\/2-9-285x285.jpg 285w, https:\/\/moyahousehold.com\/wp-content\/uploads\/2026\/03\/2-9-270x270.jpg 270w, https:\/\/moyahousehold.com\/wp-content\/uploads\/2026\/03\/2-9-540x540.jpg 540w, https:\/\/moyahousehold.com\/wp-content\/uploads\/2026\/03\/2-9-660x660.jpg 660w\" sizes=\"(max-width: 800px) 100vw, 800px\" \/><\/figure>\n<\/div>\n\n\n\n<div class=\"wp-block-column is-layout-flow wp-block-column-is-layout-flow\">\n<figure class=\"wp-block-image size-full\"><img decoding=\"async\" width=\"800\" height=\"800\" src=\"https:\/\/moyahousehold.com\/wp-content\/uploads\/2026\/03\/5-7.jpg\" alt=\"MOYA 304 Stainless Steel Airtight Food Storage Containers with Lids, Leakproof Stackable Lunch Boxes for Fridge Freezer Office Student Use\" class=\"wp-image-12164\" srcset=\"https:\/\/moyahousehold.com\/wp-content\/uploads\/2026\/03\/5-7.jpg 800w, https:\/\/moyahousehold.com\/wp-content\/uploads\/2026\/03\/5-7-300x300.jpg 300w, https:\/\/moyahousehold.com\/wp-content\/uploads\/2026\/03\/5-7-150x150.jpg 150w, https:\/\/moyahousehold.com\/wp-content\/uploads\/2026\/03\/5-7-768x768.jpg 768w, https:\/\/moyahousehold.com\/wp-content\/uploads\/2026\/03\/5-7-12x12.jpg 12w, https:\/\/moyahousehold.com\/wp-content\/uploads\/2026\/03\/5-7-285x285.jpg 285w, https:\/\/moyahousehold.com\/wp-content\/uploads\/2026\/03\/5-7-270x270.jpg 270w, https:\/\/moyahousehold.com\/wp-content\/uploads\/2026\/03\/5-7-540x540.jpg 540w, https:\/\/moyahousehold.com\/wp-content\/uploads\/2026\/03\/5-7-660x660.jpg 660w\" sizes=\"(max-width: 800px) 100vw, 800px\" \/><\/figure>\n<\/div>\n<\/div>\n\n\n\n<div class=\"wp-block-columns is-layout-flex wp-container-core-columns-is-layout-9d6595d7 wp-block-columns-is-layout-flex\">\n<div class=\"wp-block-column is-layout-flow wp-block-column-is-layout-flow\">\n<div class=\"wp-block-columns is-layout-flex wp-container-core-columns-is-layout-9d6595d7 wp-block-columns-is-layout-flex\">\n<div class=\"wp-block-column is-layout-flow wp-block-column-is-layout-flow\">\n<figure class=\"wp-block-image size-full\"><img decoding=\"async\" width=\"800\" height=\"800\" src=\"https:\/\/moyahousehold.com\/wp-content\/uploads\/2026\/03\/3-9.jpg\" alt=\"MOYA 304 Stainless Steel Airtight Food Storage Containers with Lids, Leakproof Stackable Lunch Boxes for Fridge Freezer Office Student Use\" class=\"wp-image-12168\" srcset=\"https:\/\/moyahousehold.com\/wp-content\/uploads\/2026\/03\/3-9.jpg 800w, https:\/\/moyahousehold.com\/wp-content\/uploads\/2026\/03\/3-9-300x300.jpg 300w, https:\/\/moyahousehold.com\/wp-content\/uploads\/2026\/03\/3-9-150x150.jpg 150w, https:\/\/moyahousehold.com\/wp-content\/uploads\/2026\/03\/3-9-768x768.jpg 768w, https:\/\/moyahousehold.com\/wp-content\/uploads\/2026\/03\/3-9-12x12.jpg 12w, https:\/\/moyahousehold.com\/wp-content\/uploads\/2026\/03\/3-9-285x285.jpg 285w, https:\/\/moyahousehold.com\/wp-content\/uploads\/2026\/03\/3-9-270x270.jpg 270w, https:\/\/moyahousehold.com\/wp-content\/uploads\/2026\/03\/3-9-540x540.jpg 540w, https:\/\/moyahousehold.com\/wp-content\/uploads\/2026\/03\/3-9-660x660.jpg 660w\" sizes=\"(max-width: 800px) 100vw, 800px\" \/><\/figure>\n<\/div>\n\n\n\n<div class=\"wp-block-column is-layout-flow wp-block-column-is-layout-flow\">\n<figure class=\"wp-block-image size-full\"><img loading=\"lazy\" decoding=\"async\" width=\"800\" height=\"800\" src=\"https:\/\/moyahousehold.com\/wp-content\/uploads\/2026\/03\/4-10.jpg\" alt=\"MOYA 304 Stainless Steel Airtight Food Storage Containers with Lids, Leakproof Stackable Lunch Boxes for Fridge Freezer Office Student Use\" class=\"wp-image-12163\" srcset=\"https:\/\/moyahousehold.com\/wp-content\/uploads\/2026\/03\/4-10.jpg 800w, https:\/\/moyahousehold.com\/wp-content\/uploads\/2026\/03\/4-10-300x300.jpg 300w, https:\/\/moyahousehold.com\/wp-content\/uploads\/2026\/03\/4-10-150x150.jpg 150w, https:\/\/moyahousehold.com\/wp-content\/uploads\/2026\/03\/4-10-768x768.jpg 768w, https:\/\/moyahousehold.com\/wp-content\/uploads\/2026\/03\/4-10-12x12.jpg 12w, https:\/\/moyahousehold.com\/wp-content\/uploads\/2026\/03\/4-10-285x285.jpg 285w, https:\/\/moyahousehold.com\/wp-content\/uploads\/2026\/03\/4-10-270x270.jpg 270w, https:\/\/moyahousehold.com\/wp-content\/uploads\/2026\/03\/4-10-540x540.jpg 540w, https:\/\/moyahousehold.com\/wp-content\/uploads\/2026\/03\/4-10-660x660.jpg 660w\" sizes=\"(max-width: 800px) 100vw, 800px\" \/><\/figure>\n<\/div>\n<\/div>\n<\/div>\n<\/div>","protected":false},"excerpt":{"rendered":"<p>Wholesale bulk food storage jars with lids, can effectively store dry goods, spices, grains, nuts and other foods, keep food fresh and flavorful, is an ideal choice for retailers, catering and commercial kitchens. This food jar has a cute design and we provide a variety of capacity options, welcome B2B buyers to contact us.<\/p>\n<h3>Carater\u00edsticas dos frascos de armazenamento de alimentos com tampa<\/h3>\n<p><strong>Sa\u00fade e seguran\u00e7a:<\/strong> O frasco para alimentos \u00e9 feito de a\u00e7o inoxid\u00e1vel e vidro de qualidade alimentar, sem BPA, muito seguro, adequado para ch\u00e1, caf\u00e9 em gr\u00e3o e outros alimentos. A alimenta\u00e7\u00e3o da fam\u00edlia \u00e9 saud\u00e1vel.<\/p>\n<p><strong>Bom desempenho de veda\u00e7\u00e3o:<\/strong> Equipado com an\u00e9is de veda\u00e7\u00e3o avan\u00e7ados, a tampa e o frasco s\u00e3o muito apertados, o ar, a humidade e o p\u00f3 n\u00e3o podem entrar, pelo que os alimentos podem manter-se frescos e durar mais tempo.<\/p>\n<p><strong>V\u00e1rias capacidades dispon\u00edveis:<\/strong> Existem muitos tamanhos diferentes de frascos \u00e0 escolha, os pequenos podem ser utilizados para refei\u00e7\u00f5es ligeiras e os grandes podem ser utilizados para alimentos b\u00e1sicos. Quer seja para uso pessoal, para piqueniques ou para grande armazenamento, pode encontrar o frasco certo.<\/p>\n<p><strong>Suporte \u00e0 personaliza\u00e7\u00e3o:<\/strong> Podemos personalizar os produtos de acordo com os requisitos do cliente, como alterar as cores, imprimir o LOGOTIPO ou otimizar as fun\u00e7\u00f5es. Especialmente adequado para clientes que compram em grandes quantidades, como retalhistas ou comerciantes de presentes.<\/p>","protected":false},"featured_media":12166,"comment_status":"closed","ping_status":"closed","template":"","meta":[],"product_cat":[57],"product_tag":[98],"class_list":{"0":"post-12162","1":"product","2":"type-product","3":"status-publish","4":"has-post-thumbnail","6":"product_cat-food-storage-container-wholesale","7":"product_tag-wholesale-round-food-storage-containers","9":"first","10":"instock","11":"shipping-taxable","12":"product-type-simple"},"_links":{"self":[{"href":"https:\/\/moyahousehold.com\/pt\/wp-json\/wp\/v2\/product\/12162","targetHints":{"allow":["GET"]}}],"collection":[{"href":"https:\/\/moyahousehold.com\/pt\/wp-json\/wp\/v2\/product"}],"about":[{"href":"https:\/\/moyahousehold.com\/pt\/wp-json\/wp\/v2\/types\/product"}],"replies":[{"embeddable":true,"href":"https:\/\/moyahousehold.com\/pt\/wp-json\/wp\/v2\/comments?post=12162"}],"version-history":[{"count":0,"href":"https:\/\/moyahousehold.com\/pt\/wp-json\/wp\/v2\/product\/12162\/revisions"}],"wp:featuredmedia":[{"embeddable":true,"href":"https:\/\/moyahousehold.com\/pt\/wp-json\/wp\/v2\/media\/12166"}],"wp:attachment":[{"href":"https:\/\/moyahousehold.com\/pt\/wp-json\/wp\/v2\/media?parent=12162"}],"wp:term":[{"taxonomy":"product_cat","embeddable":true,"href":"https:\/\/moyahousehold.com\/pt\/wp-json\/wp\/v2\/product_cat?post=12162"},{"taxonomy":"product_tag","embeddable":true,"href":"https:\/\/moyahousehold.com\/pt\/wp-json\/wp\/v2\/product_tag?post=12162"}],"curies":[{"name":"wp","href":"https:\/\/api.w.org\/{rel}","templated":true}]}}