{"id":12172,"date":"2026-03-28T06:04:17","date_gmt":"2026-03-28T03:43:11","guid":{"rendered":"https:\/\/moyahousehold.com\/?post_type=product&#038;p=12172"},"modified":"2026-03-28T06:05:37","modified_gmt":"2026-03-28T06:05:37","slug":"colorful-304-stainless-steel-food-storage-containers-with-clear-lids-handle-leakproof-meal-prep-bento-lunch-boxes-for-kitchen-office-travel","status":"publish","type":"product","link":"https:\/\/moyahousehold.com\/pt\/produto\/colorful-304-stainless-steel-food-storage-containers-with-clear-lids-handle-leakproof-meal-prep-bento-lunch-boxes-for-kitchen-office-travel\/","title":{"rendered":"Colorful 304 Stainless Steel Food Storage Containers with Clear Lids &amp; Handle | Leakproof Meal Prep Bento Lunch Boxes for Kitchen, Office &amp; Travel"},"content":{"rendered":"<div class=\"wp-block-columns is-layout-flex wp-container-core-columns-is-layout-9d6595d7 wp-block-columns-is-layout-flex\">\n<div class=\"wp-block-column is-layout-flow wp-block-column-is-layout-flow\">\n<h3 class=\"wp-block-heading\">Par\u00e2metros do grande contentor de a\u00e7o Stainlees<\/h3>\n\n\n\n<figure class=\"wp-block-table\"><table><tbody><tr><td>Item NO<\/td><td>Capacidade<\/td><td>Tamanho\/PCS<\/td><td>PCS\/Caixa<\/td><td>N.W.\/PCS<\/td><td>G.W.\/Ctn<\/td><\/tr><tr><td>MYJD103<\/td><td>850ml<\/td><td>13.5*9.5*8.5<\/td><td>96<\/td><td>0.21<\/td><td>22.2<\/td><\/tr><tr><td>MYJD104<\/td><td>1500ml<\/td><td>16*11*9.5<\/td><td>60<\/td><td>0.28<\/td><td>18.8<\/td><\/tr><tr><td>MYJD105<\/td><td>2800ml\/with handle<\/td><td>19*13*12.5<\/td><td>36<\/td><td>0.47<\/td><td>18.9<\/td><\/tr><\/tbody><\/table><\/figure>\n<\/div>\n<\/div>\n\n\n\n<h3 class=\"wp-block-heading\">Op\u00e7\u00f5es de recipientes para alimentos grandes em a\u00e7o inoxid\u00e1vel personalizados<\/h3>\n\n\n\n<p><strong>Log\u00f3tipo<\/strong>: personalizar o log\u00f3tipo da sua marca no produto e na embalagem.<br><strong>Tampa<\/strong>: PP lid<br><strong>Op\u00e7\u00f5es de log\u00f3tipo<\/strong>: log\u00f3tipo impresso, log\u00f3tipo gravado a laser, etc.<br><strong>Padr\u00e3o<\/strong>: padr\u00f5es de impress\u00e3o em recipientes de armazenamento de alimentos.<br><strong>Tecnologia de impress\u00e3o<\/strong>: impress\u00e3o por transfer\u00eancia de \u00e1gua, serigrafia, impress\u00e3o por transfer\u00eancia de calor, etc.<br><strong>Embalagem<\/strong>:caixa de cor<br><a href=\"https:\/\/moyahousehold.com\/pt\/solucao-personalizada\/\" data-type=\"page\" data-id=\"2817\"><strong>Explorar mais personaliza\u00e7\u00e3o<\/strong><\/a><\/p>\n\n\n\n<div class=\"wp-block-columns is-layout-flex wp-container-core-columns-is-layout-9d6595d7 wp-block-columns-is-layout-flex\">\n<div class=\"wp-block-column is-layout-flow wp-block-column-is-layout-flow\">\n<figure class=\"wp-block-image size-full\"><img fetchpriority=\"high\" decoding=\"async\" width=\"4881\" height=\"4881\" src=\"https:\/\/moyahousehold.com\/wp-content\/uploads\/2026\/03\/JD-\u5c0f\u659c\u8fb9\u4fdd\u9c9c\u76d2\u65b0\u8272-3.jpg\" alt=\"MOYA Colorful Stainless Steel Food Storage Containers with Clear Lids &amp; Handle | Stackable Airtight Meal Prep Bento Boxes for Kitchen\" class=\"wp-image-12181\" srcset=\"https:\/\/moyahousehold.com\/wp-content\/uploads\/2026\/03\/JD-\u5c0f\u659c\u8fb9\u4fdd\u9c9c\u76d2\u65b0\u8272-3.jpg 4881w, https:\/\/moyahousehold.com\/wp-content\/uploads\/2026\/03\/JD-\u5c0f\u659c\u8fb9\u4fdd\u9c9c\u76d2\u65b0\u8272-3-300x300.jpg 300w, https:\/\/moyahousehold.com\/wp-content\/uploads\/2026\/03\/JD-\u5c0f\u659c\u8fb9\u4fdd\u9c9c\u76d2\u65b0\u8272-3-150x150.jpg 150w, https:\/\/moyahousehold.com\/wp-content\/uploads\/2026\/03\/JD-\u5c0f\u659c\u8fb9\u4fdd\u9c9c\u76d2\u65b0\u8272-3-768x768.jpg 768w, https:\/\/moyahousehold.com\/wp-content\/uploads\/2026\/03\/JD-\u5c0f\u659c\u8fb9\u4fdd\u9c9c\u76d2\u65b0\u8272-3-12x12.jpg 12w, https:\/\/moyahousehold.com\/wp-content\/uploads\/2026\/03\/JD-\u5c0f\u659c\u8fb9\u4fdd\u9c9c\u76d2\u65b0\u8272-3-285x285.jpg 285w, https:\/\/moyahousehold.com\/wp-content\/uploads\/2026\/03\/JD-\u5c0f\u659c\u8fb9\u4fdd\u9c9c\u76d2\u65b0\u8272-3-1600x1600.jpg 1600w, https:\/\/moyahousehold.com\/wp-content\/uploads\/2026\/03\/JD-\u5c0f\u659c\u8fb9\u4fdd\u9c9c\u76d2\u65b0\u8272-3-270x270.jpg 270w, https:\/\/moyahousehold.com\/wp-content\/uploads\/2026\/03\/JD-\u5c0f\u659c\u8fb9\u4fdd\u9c9c\u76d2\u65b0\u8272-3-540x540.jpg 540w, https:\/\/moyahousehold.com\/wp-content\/uploads\/2026\/03\/JD-\u5c0f\u659c\u8fb9\u4fdd\u9c9c\u76d2\u65b0\u8272-3-660x660.jpg 660w\" sizes=\"(max-width: 4881px) 100vw, 4881px\" \/><\/figure>\n<\/div>\n\n\n\n<div class=\"wp-block-column is-layout-flow wp-block-column-is-layout-flow\">\n<figure class=\"wp-block-image size-full\"><img decoding=\"async\" width=\"4600\" height=\"4600\" src=\"https:\/\/moyahousehold.com\/wp-content\/uploads\/2026\/03\/JD-\u5c0f\u659c\u8fb9\u4fdd\u9c9c\u76d2\u65b0\u8272-21.jpg\" alt=\"MOYA Colorful Stainless Steel Food Storage Containers with Clear Lids &amp; Handle | Stackable Airtight Meal Prep Bento Boxes for Kitchen\" class=\"wp-image-12175\" srcset=\"https:\/\/moyahousehold.com\/wp-content\/uploads\/2026\/03\/JD-\u5c0f\u659c\u8fb9\u4fdd\u9c9c\u76d2\u65b0\u8272-21.jpg 4600w, https:\/\/moyahousehold.com\/wp-content\/uploads\/2026\/03\/JD-\u5c0f\u659c\u8fb9\u4fdd\u9c9c\u76d2\u65b0\u8272-21-300x300.jpg 300w, https:\/\/moyahousehold.com\/wp-content\/uploads\/2026\/03\/JD-\u5c0f\u659c\u8fb9\u4fdd\u9c9c\u76d2\u65b0\u8272-21-150x150.jpg 150w, https:\/\/moyahousehold.com\/wp-content\/uploads\/2026\/03\/JD-\u5c0f\u659c\u8fb9\u4fdd\u9c9c\u76d2\u65b0\u8272-21-768x768.jpg 768w, https:\/\/moyahousehold.com\/wp-content\/uploads\/2026\/03\/JD-\u5c0f\u659c\u8fb9\u4fdd\u9c9c\u76d2\u65b0\u8272-21-12x12.jpg 12w, https:\/\/moyahousehold.com\/wp-content\/uploads\/2026\/03\/JD-\u5c0f\u659c\u8fb9\u4fdd\u9c9c\u76d2\u65b0\u8272-21-285x285.jpg 285w, https:\/\/moyahousehold.com\/wp-content\/uploads\/2026\/03\/JD-\u5c0f\u659c\u8fb9\u4fdd\u9c9c\u76d2\u65b0\u8272-21-1600x1600.jpg 1600w, https:\/\/moyahousehold.com\/wp-content\/uploads\/2026\/03\/JD-\u5c0f\u659c\u8fb9\u4fdd\u9c9c\u76d2\u65b0\u8272-21-270x270.jpg 270w, https:\/\/moyahousehold.com\/wp-content\/uploads\/2026\/03\/JD-\u5c0f\u659c\u8fb9\u4fdd\u9c9c\u76d2\u65b0\u8272-21-540x540.jpg 540w, https:\/\/moyahousehold.com\/wp-content\/uploads\/2026\/03\/JD-\u5c0f\u659c\u8fb9\u4fdd\u9c9c\u76d2\u65b0\u8272-21-660x660.jpg 660w\" sizes=\"(max-width: 4600px) 100vw, 4600px\" \/><\/figure>\n<\/div>\n<\/div>\n\n\n\n<div class=\"wp-block-columns is-layout-flex wp-container-core-columns-is-layout-9d6595d7 wp-block-columns-is-layout-flex\">\n<div class=\"wp-block-column is-layout-flow wp-block-column-is-layout-flow\">\n<figure class=\"wp-block-image size-full\"><img decoding=\"async\" width=\"5073\" height=\"5073\" src=\"https:\/\/moyahousehold.com\/wp-content\/uploads\/2026\/03\/JD-\u5c0f\u659c\u8fb9\u4fdd\u9c9c\u76d2\u65b0\u8272-22.jpg\" alt=\"MOYA Colorful Stainless Steel Food Storage Containers with Clear Lids &amp; Handle | Stackable Airtight Meal Prep Bento Boxes for Kitchen\" class=\"wp-image-12176\" srcset=\"https:\/\/moyahousehold.com\/wp-content\/uploads\/2026\/03\/JD-\u5c0f\u659c\u8fb9\u4fdd\u9c9c\u76d2\u65b0\u8272-22.jpg 5073w, https:\/\/moyahousehold.com\/wp-content\/uploads\/2026\/03\/JD-\u5c0f\u659c\u8fb9\u4fdd\u9c9c\u76d2\u65b0\u8272-22-300x300.jpg 300w, https:\/\/moyahousehold.com\/wp-content\/uploads\/2026\/03\/JD-\u5c0f\u659c\u8fb9\u4fdd\u9c9c\u76d2\u65b0\u8272-22-150x150.jpg 150w, https:\/\/moyahousehold.com\/wp-content\/uploads\/2026\/03\/JD-\u5c0f\u659c\u8fb9\u4fdd\u9c9c\u76d2\u65b0\u8272-22-768x768.jpg 768w, https:\/\/moyahousehold.com\/wp-content\/uploads\/2026\/03\/JD-\u5c0f\u659c\u8fb9\u4fdd\u9c9c\u76d2\u65b0\u8272-22-12x12.jpg 12w, https:\/\/moyahousehold.com\/wp-content\/uploads\/2026\/03\/JD-\u5c0f\u659c\u8fb9\u4fdd\u9c9c\u76d2\u65b0\u8272-22-285x285.jpg 285w, https:\/\/moyahousehold.com\/wp-content\/uploads\/2026\/03\/JD-\u5c0f\u659c\u8fb9\u4fdd\u9c9c\u76d2\u65b0\u8272-22-1600x1600.jpg 1600w, https:\/\/moyahousehold.com\/wp-content\/uploads\/2026\/03\/JD-\u5c0f\u659c\u8fb9\u4fdd\u9c9c\u76d2\u65b0\u8272-22-270x270.jpg 270w, https:\/\/moyahousehold.com\/wp-content\/uploads\/2026\/03\/JD-\u5c0f\u659c\u8fb9\u4fdd\u9c9c\u76d2\u65b0\u8272-22-540x540.jpg 540w, https:\/\/moyahousehold.com\/wp-content\/uploads\/2026\/03\/JD-\u5c0f\u659c\u8fb9\u4fdd\u9c9c\u76d2\u65b0\u8272-22-660x660.jpg 660w\" sizes=\"(max-width: 5073px) 100vw, 5073px\" \/><\/figure>\n<\/div>\n\n\n\n<div class=\"wp-block-column is-layout-flow wp-block-column-is-layout-flow\">\n<figure class=\"wp-block-image size-full\"><img loading=\"lazy\" decoding=\"async\" width=\"4983\" height=\"4983\" src=\"https:\/\/moyahousehold.com\/wp-content\/uploads\/2026\/03\/JD-\u5c0f\u659c\u8fb9\u4fdd\u9c9c\u76d2\u65b0\u8272-13.jpg\" alt=\"MOYA Colorful Stainless Steel Food Storage Containers with Clear Lids &amp; Handle | Stackable Airtight Meal Prep Bento Boxes for Kitchen\" class=\"wp-image-12173\" srcset=\"https:\/\/moyahousehold.com\/wp-content\/uploads\/2026\/03\/JD-\u5c0f\u659c\u8fb9\u4fdd\u9c9c\u76d2\u65b0\u8272-13.jpg 4983w, https:\/\/moyahousehold.com\/wp-content\/uploads\/2026\/03\/JD-\u5c0f\u659c\u8fb9\u4fdd\u9c9c\u76d2\u65b0\u8272-13-300x300.jpg 300w, https:\/\/moyahousehold.com\/wp-content\/uploads\/2026\/03\/JD-\u5c0f\u659c\u8fb9\u4fdd\u9c9c\u76d2\u65b0\u8272-13-150x150.jpg 150w, https:\/\/moyahousehold.com\/wp-content\/uploads\/2026\/03\/JD-\u5c0f\u659c\u8fb9\u4fdd\u9c9c\u76d2\u65b0\u8272-13-768x768.jpg 768w, https:\/\/moyahousehold.com\/wp-content\/uploads\/2026\/03\/JD-\u5c0f\u659c\u8fb9\u4fdd\u9c9c\u76d2\u65b0\u8272-13-12x12.jpg 12w, https:\/\/moyahousehold.com\/wp-content\/uploads\/2026\/03\/JD-\u5c0f\u659c\u8fb9\u4fdd\u9c9c\u76d2\u65b0\u8272-13-285x285.jpg 285w, https:\/\/moyahousehold.com\/wp-content\/uploads\/2026\/03\/JD-\u5c0f\u659c\u8fb9\u4fdd\u9c9c\u76d2\u65b0\u8272-13-1600x1600.jpg 1600w, https:\/\/moyahousehold.com\/wp-content\/uploads\/2026\/03\/JD-\u5c0f\u659c\u8fb9\u4fdd\u9c9c\u76d2\u65b0\u8272-13-270x270.jpg 270w, https:\/\/moyahousehold.com\/wp-content\/uploads\/2026\/03\/JD-\u5c0f\u659c\u8fb9\u4fdd\u9c9c\u76d2\u65b0\u8272-13-540x540.jpg 540w, https:\/\/moyahousehold.com\/wp-content\/uploads\/2026\/03\/JD-\u5c0f\u659c\u8fb9\u4fdd\u9c9c\u76d2\u65b0\u8272-13-660x660.jpg 660w\" sizes=\"(max-width: 4983px) 100vw, 4983px\" \/><\/figure>\n<\/div>\n<\/div>\n\n\n\n<p><\/p>","protected":false},"excerpt":{"rendered":"<p>Oferecemos grandes recipientes para alimentos em a\u00e7o inoxid\u00e1vel a pre\u00e7os de f\u00e1brica, com uma variedade de capacidades e designs \u00e0 escolha. A grande capacidade \u00e9 perfeita para armazenar v\u00e1rios tipos de alimentos, e os grandes recipientes de a\u00e7o inoxid\u00e1vel numa variedade de formas podem ser razoavelmente combinados para separar diferentes alimentos, incluindo rectangulares e quadrados. \u00c9 uma solu\u00e7\u00e3o de armazenamento perfeita para cozinhas dom\u00e9sticas e restaurantes comerciais. Este grande recipiente de a\u00e7o para alimentos tem um design bonito e elegante, e pode ser perfeitamente integrado em v\u00e1rios estilos de cozinha. N\u00f3s tamb\u00e9m fornecemos servi\u00e7os de recipientes para alimentos personalizados OEM e ODM. Se precisar de um recipiente de a\u00e7o inoxid\u00e1vel maior, pode contactar-nos para personaliza\u00e7\u00e3o.<\/p>\n<h3>Carater\u00edsticas e vantagens do recipiente para alimentos grande em a\u00e7o inoxid\u00e1vel<\/h3>\n<p>1. os grandes recipientes de a\u00e7o para alimentos t\u00eam boa resist\u00eancia a \u00e1cidos e \u00e1lcalis e s\u00e3o adequados para armazenar v\u00e1rios alimentos \u00e1cidos e alcalinos.<\/p>\n<p>2. os grandes contentores de a\u00e7o inoxid\u00e1vel s\u00e3o feitos de material de a\u00e7o inoxid\u00e1vel 304;<\/p>\n<p>3. o design espesso do recipiente para alimentos aumenta a resist\u00eancia ao impacto do recipiente, tornando-o menos suscet\u00edvel de se deformar e mais seguro de utilizar.<\/p>\n<p>4. atualizado e engrossado, resistente a altas temperaturas e \u00e0 corros\u00e3o; f\u00e1cil de limpar e mais dur\u00e1vel;<\/p>\n<p>5. mesmo ap\u00f3s uma utiliza\u00e7\u00e3o prolongada, estes grandes recipientes para alimentos em a\u00e7o inoxid\u00e1vel podem permanecer t\u00e3o brilhantes e limpos como novos.<\/p>\n<p>6. o processo eletrol\u00edtico no interior da caixa \u00e9 suave e redondo, f\u00e1cil de limpar e n\u00e3o h\u00e1 odor residual quando se armazenam alimentos;<\/p>\n<p>7. anel de silicone de veda\u00e7\u00e3o alargado, bem ajustado, \u00e0 prova de fugas em toda a volta, fresco e \u00e0 prova de humidade, \u00e0 prova de fugas;<\/p>\n<p>8. a tampa da caixa espessada do recipiente de a\u00e7o inoxid\u00e1vel n\u00e3o \u00e9 facilmente deformada;<\/p>\n<p>9.As a professional food container manufacturer,we provice OEM&amp;ODM customized stainless steel food containers solution.<\/a><\/strong><\/p>","protected":false},"featured_media":12185,"comment_status":"open","ping_status":"closed","template":"","meta":[],"product_cat":[57],"product_tag":[95,99,100],"class_list":{"0":"post-12172","1":"product","2":"type-product","3":"status-publish","4":"has-post-thumbnail","6":"product_cat-food-storage-container-wholesale","7":"product_tag-wholesale-food-storage-containers-with-date-dial","8":"product_tag-wholesale-rectangle-food-storage-containers","9":"product_tag-wholesale-square-food-storage-containers","11":"first","12":"instock","13":"shipping-taxable","14":"product-type-simple"},"_links":{"self":[{"href":"https:\/\/moyahousehold.com\/pt\/wp-json\/wp\/v2\/product\/12172","targetHints":{"allow":["GET"]}}],"collection":[{"href":"https:\/\/moyahousehold.com\/pt\/wp-json\/wp\/v2\/product"}],"about":[{"href":"https:\/\/moyahousehold.com\/pt\/wp-json\/wp\/v2\/types\/product"}],"replies":[{"embeddable":true,"href":"https:\/\/moyahousehold.com\/pt\/wp-json\/wp\/v2\/comments?post=12172"}],"version-history":[{"count":0,"href":"https:\/\/moyahousehold.com\/pt\/wp-json\/wp\/v2\/product\/12172\/revisions"}],"wp:featuredmedia":[{"embeddable":true,"href":"https:\/\/moyahousehold.com\/pt\/wp-json\/wp\/v2\/media\/12185"}],"wp:attachment":[{"href":"https:\/\/moyahousehold.com\/pt\/wp-json\/wp\/v2\/media?parent=12172"}],"wp:term":[{"taxonomy":"product_cat","embeddable":true,"href":"https:\/\/moyahousehold.com\/pt\/wp-json\/wp\/v2\/product_cat?post=12172"},{"taxonomy":"product_tag","embeddable":true,"href":"https:\/\/moyahousehold.com\/pt\/wp-json\/wp\/v2\/product_tag?post=12172"}],"curies":[{"name":"wp","href":"https:\/\/api.w.org\/{rel}","templated":true}]}}