{"id":12241,"date":"2026-03-30T02:27:13","date_gmt":"2026-03-30T02:01:38","guid":{"rendered":"https:\/\/moyahousehold.com\/?post_type=product&#038;p=12241"},"modified":"2026-04-15T06:20:26","modified_gmt":"2026-04-15T06:20:26","slug":"moya-eco-friendly-304-stainless-steel-steamer-anti-scald-splash-proof-lid-dishwasher-safe-kitchen-cookware","status":"publish","type":"product","link":"https:\/\/moyahousehold.com\/pt\/produto\/moya-eco-friendly-304-stainless-steel-steamer-anti-scald-splash-proof-lid-dishwasher-safe-kitchen-cookware\/","title":{"rendered":"MOYA Eco-Friendly 304 Stainless Steel Steamer | Anti-Scald &amp; Splash-Proof Lid | Dishwasher Safe Kitchen Cookware"},"content":{"rendered":"<figure class=\"wp-block-image size-full is-style-default\"><img fetchpriority=\"high\" decoding=\"async\" width=\"800\" height=\"800\" src=\"https:\/\/moyahousehold.com\/wp-content\/uploads\/2026\/03\/1-2.png\" alt=\"304 Stainless Steel Steamer Pot with Steamer Basket, Glass Lid &amp; Anti-Scald Handles for Kitchen Cooking\" class=\"wp-image-12248\" srcset=\"https:\/\/moyahousehold.com\/wp-content\/uploads\/2026\/03\/1-2.png 800w, https:\/\/moyahousehold.com\/wp-content\/uploads\/2026\/03\/1-2-300x300.png 300w, https:\/\/moyahousehold.com\/wp-content\/uploads\/2026\/03\/1-2-150x150.png 150w, https:\/\/moyahousehold.com\/wp-content\/uploads\/2026\/03\/1-2-768x768.png 768w, https:\/\/moyahousehold.com\/wp-content\/uploads\/2026\/03\/1-2-12x12.png 12w, https:\/\/moyahousehold.com\/wp-content\/uploads\/2026\/03\/1-2-285x285.png 285w, https:\/\/moyahousehold.com\/wp-content\/uploads\/2026\/03\/1-2-270x270.png 270w, https:\/\/moyahousehold.com\/wp-content\/uploads\/2026\/03\/1-2-540x540.png 540w, https:\/\/moyahousehold.com\/wp-content\/uploads\/2026\/03\/1-2-660x660.png 660w\" sizes=\"(max-width: 800px) 100vw, 800px\" \/><\/figure>\n\n\n\n<h3 class=\"wp-block-heading\">Parameters of Stainless Steel Steamer<\/h3>\n\n\n\n<p><strong>Material:<\/strong> 304 Stainless Steel+Glass+ Wood <strong> Cor:<\/strong> Nature<\/p>\n\n\n\n<figure class=\"wp-block-table\"><table class=\"has-fixed-layout\"><tbody><tr><td class=\"has-text-align-center\" data-align=\"center\"><strong>Item<\/strong><\/td><td class=\"has-text-align-center\" data-align=\"center\"><strong>Material<\/strong><\/td><td class=\"has-text-align-center\" data-align=\"center\"><strong>Cor<\/strong><\/td><td class=\"has-text-align-center\" data-align=\"center\"><strong>Capacidade<\/strong><\/td><td class=\"has-text-align-center\" data-align=\"center\"><strong>Tamanho<\/strong><\/td><td class=\"has-text-align-center\" data-align=\"center\"><strong>Embalagem<\/strong><br><strong>tamanho<\/strong><\/td><td class=\"has-text-align-center\" data-align=\"center\"><strong>N.W.\/PCS<\/strong><\/td><\/tr><tr><td class=\"has-text-align-center\" data-align=\"center\">MYHL030<\/td><td class=\"has-text-align-center\" data-align=\"center\" rowspan=\"10\">304 Stainless Steel+Glass+<br>Wood<\/td><td class=\"has-text-align-center\" data-align=\"center\" rowspan=\"10\">Nature<\/td><td class=\"has-text-align-center\" data-align=\"center\">9L<\/td><td class=\"has-text-align-center\" data-align=\"center\">26cm<\/td><td class=\"has-text-align-center\" data-align=\"center\">27.6*27.9*30.1<\/td><td class=\"has-text-align-center\" data-align=\"center\">4.21<\/td><\/tr><tr><td class=\"has-text-align-center\" data-align=\"center\">MYHL030<\/td><td class=\"has-text-align-center\" data-align=\"center\">11L<\/td><td class=\"has-text-align-center\" data-align=\"center\">28 cm<\/td><td class=\"has-text-align-center\" data-align=\"center\">29.6*29.9*30.2<\/td><td class=\"has-text-align-center\" data-align=\"center\">4.62<\/td><\/tr><\/tbody><\/table><\/figure>\n\n\n\n<h3 class=\"wp-block-heading\">Op\u00e7\u00f5es de vasos personalizados<\/h3>\n\n\n\n<p><strong>Log\u00f3tipo<\/strong>: personalizar o log\u00f3tipo da sua marca na panela de a\u00e7o inoxid\u00e1vel e na embalagem.<br><strong>Logo Options<\/strong>: log\u00f3tipo impresso, log\u00f3tipo gravado a laser, etc.<br><strong>Padr\u00e3o<\/strong>: padr\u00f5es de impress\u00e3o em produtos e embalagens.<br><strong>Printing Technology<\/strong>: impress\u00e3o por transfer\u00eancia de \u00e1gua, impress\u00e3o por serigrafia, impress\u00e3o por transfer\u00eancia de calor, transfer\u00eancia por sublima\u00e7\u00e3o, etc.<br><strong>Embalagem:<\/strong> caixa de cor.<br><a href=\"https:\/\/moyahousehold.com\/pt\/solucao-personalizada\/\"><strong>Saiba mais sobre solu\u00e7\u00f5es personalizadas para vasos.<\/strong><\/a><\/p>\n\n\n\n<div class=\"wp-block-columns is-layout-flex wp-container-core-columns-is-layout-9d6595d7 wp-block-columns-is-layout-flex\">\n<div class=\"wp-block-column is-layout-flow wp-block-column-is-layout-flow\" style=\"flex-basis:100%\">\n<div class=\"wp-block-group is-nowrap is-layout-flex wp-container-core-group-is-layout-ad2f72ca wp-block-group-is-layout-flex\">\n<div class=\"wp-block-columns is-layout-flex wp-container-core-columns-is-layout-9d6595d7 wp-block-columns-is-layout-flex\">\n<div class=\"wp-block-column is-layout-flow wp-block-column-is-layout-flow\">\n<figure class=\"wp-block-image\"><img decoding=\"async\" width=\"800\" height=\"800\" src=\"https:\/\/moyahousehold.com\/wp-content\/uploads\/2026\/03\/2-2.png\" alt=\"304 Stainless Steel Steamer Pot with Steamer Basket, Glass Lid &amp; Anti-Scald Handles for Kitchen Cooking\" class=\"wp-image-12249\" srcset=\"https:\/\/moyahousehold.com\/wp-content\/uploads\/2026\/03\/2-2.png 800w, https:\/\/moyahousehold.com\/wp-content\/uploads\/2026\/03\/2-2-300x300.png 300w, https:\/\/moyahousehold.com\/wp-content\/uploads\/2026\/03\/2-2-150x150.png 150w, https:\/\/moyahousehold.com\/wp-content\/uploads\/2026\/03\/2-2-768x768.png 768w, https:\/\/moyahousehold.com\/wp-content\/uploads\/2026\/03\/2-2-12x12.png 12w, https:\/\/moyahousehold.com\/wp-content\/uploads\/2026\/03\/2-2-285x285.png 285w, https:\/\/moyahousehold.com\/wp-content\/uploads\/2026\/03\/2-2-270x270.png 270w, https:\/\/moyahousehold.com\/wp-content\/uploads\/2026\/03\/2-2-540x540.png 540w, https:\/\/moyahousehold.com\/wp-content\/uploads\/2026\/03\/2-2-660x660.png 660w\" sizes=\"(max-width: 800px) 100vw, 800px\" \/><\/figure>\n<\/div>\n\n\n\n<div class=\"wp-block-column is-layout-flow wp-block-column-is-layout-flow\">\n<figure class=\"wp-block-image size-full\"><img decoding=\"async\" width=\"800\" height=\"800\" src=\"https:\/\/moyahousehold.com\/wp-content\/uploads\/2026\/03\/6-4.png\" alt=\"304 Stainless Steel Steamer Pot with Steamer Basket, Glass Lid &amp; Anti-Scald Handles for Kitchen Cooking\" class=\"wp-image-12244\" srcset=\"https:\/\/moyahousehold.com\/wp-content\/uploads\/2026\/03\/6-4.png 800w, https:\/\/moyahousehold.com\/wp-content\/uploads\/2026\/03\/6-4-300x300.png 300w, https:\/\/moyahousehold.com\/wp-content\/uploads\/2026\/03\/6-4-150x150.png 150w, https:\/\/moyahousehold.com\/wp-content\/uploads\/2026\/03\/6-4-768x768.png 768w, https:\/\/moyahousehold.com\/wp-content\/uploads\/2026\/03\/6-4-12x12.png 12w, https:\/\/moyahousehold.com\/wp-content\/uploads\/2026\/03\/6-4-285x285.png 285w, https:\/\/moyahousehold.com\/wp-content\/uploads\/2026\/03\/6-4-270x270.png 270w, https:\/\/moyahousehold.com\/wp-content\/uploads\/2026\/03\/6-4-540x540.png 540w, https:\/\/moyahousehold.com\/wp-content\/uploads\/2026\/03\/6-4-660x660.png 660w\" sizes=\"(max-width: 800px) 100vw, 800px\" \/><\/figure>\n<\/div>\n<\/div>\n<\/div>\n<\/div>\n<\/div>\n\n\n\n<div class=\"wp-block-columns is-layout-flex wp-container-core-columns-is-layout-9d6595d7 wp-block-columns-is-layout-flex\">\n<div class=\"wp-block-column is-layout-flow wp-block-column-is-layout-flow\">\n<figure class=\"wp-block-image size-full\"><img loading=\"lazy\" decoding=\"async\" width=\"800\" height=\"800\" src=\"https:\/\/moyahousehold.com\/wp-content\/uploads\/2026\/03\/7-1.png\" alt=\"304 Stainless Steel Steamer Pot with Steamer Basket, Glass Lid &amp; Anti-Scald Handles for Kitchen Cooking\" class=\"wp-image-12245\" srcset=\"https:\/\/moyahousehold.com\/wp-content\/uploads\/2026\/03\/7-1.png 800w, https:\/\/moyahousehold.com\/wp-content\/uploads\/2026\/03\/7-1-300x300.png 300w, https:\/\/moyahousehold.com\/wp-content\/uploads\/2026\/03\/7-1-150x150.png 150w, https:\/\/moyahousehold.com\/wp-content\/uploads\/2026\/03\/7-1-768x768.png 768w, https:\/\/moyahousehold.com\/wp-content\/uploads\/2026\/03\/7-1-12x12.png 12w, https:\/\/moyahousehold.com\/wp-content\/uploads\/2026\/03\/7-1-285x285.png 285w, https:\/\/moyahousehold.com\/wp-content\/uploads\/2026\/03\/7-1-270x270.png 270w, https:\/\/moyahousehold.com\/wp-content\/uploads\/2026\/03\/7-1-540x540.png 540w, https:\/\/moyahousehold.com\/wp-content\/uploads\/2026\/03\/7-1-660x660.png 660w\" sizes=\"(max-width: 800px) 100vw, 800px\" \/><\/figure>\n<\/div>\n\n\n\n<div class=\"wp-block-column is-layout-flow wp-block-column-is-layout-flow\">\n<figure class=\"wp-block-image size-full\"><img loading=\"lazy\" decoding=\"async\" width=\"800\" height=\"800\" src=\"https:\/\/moyahousehold.com\/wp-content\/uploads\/2026\/03\/3-3.png\" alt=\"304 Stainless Steel Steamer Pot with Steamer Basket, Glass Lid &amp; Anti-Scald Handles for Kitchen Cooking\" class=\"wp-image-12250\" srcset=\"https:\/\/moyahousehold.com\/wp-content\/uploads\/2026\/03\/3-3.png 800w, https:\/\/moyahousehold.com\/wp-content\/uploads\/2026\/03\/3-3-300x300.png 300w, https:\/\/moyahousehold.com\/wp-content\/uploads\/2026\/03\/3-3-150x150.png 150w, https:\/\/moyahousehold.com\/wp-content\/uploads\/2026\/03\/3-3-768x768.png 768w, https:\/\/moyahousehold.com\/wp-content\/uploads\/2026\/03\/3-3-12x12.png 12w, https:\/\/moyahousehold.com\/wp-content\/uploads\/2026\/03\/3-3-285x285.png 285w, https:\/\/moyahousehold.com\/wp-content\/uploads\/2026\/03\/3-3-270x270.png 270w, https:\/\/moyahousehold.com\/wp-content\/uploads\/2026\/03\/3-3-540x540.png 540w, https:\/\/moyahousehold.com\/wp-content\/uploads\/2026\/03\/3-3-660x660.png 660w\" sizes=\"(max-width: 800px) 100vw, 800px\" \/><\/figure>\n<\/div>\n<\/div>\n\n\n\n<p>\ud83c\udf1f Elevate Your Kitchen with Our Nature 304 Tri-Ply Pot &amp; Steamer Set \ud83c\udf1f<\/p>\n\n\n\n<p>Est\u00e1 \u00e0 procura de utens\u00edlios de cozinha que se misturem na perfei\u00e7\u00e3o com <strong>eleg\u00e2ncia<\/strong>, <strong>durabilidade<\/strong> e <strong>versatilidade<\/strong>? Look no further than our 304 tri-ply pot and steamer set \u2014 the perfect addition to transform your daily cooking into a delightful experience. Whether you\u2019re simmering a warm bowl of soup, steaming fresh veggies, this set has got you covered.<\/p>\n\n\n\n<figure class=\"wp-block-gallery has-nested-images columns-default is-cropped wp-block-gallery-1 is-layout-flex wp-block-gallery-is-layout-flex\">\n<figure class=\"wp-block-image size-full is-style-default\"><img loading=\"lazy\" decoding=\"async\" width=\"4893\" height=\"6523\" data-id=\"12253\" src=\"https:\/\/moyahousehold.com\/wp-content\/uploads\/2026\/03\/1-14.jpg\" alt=\"304 Stainless Steel Steamer Pot with Steamer Basket, Glass Lid &amp; Anti-Scald Handles for Kitchen Cooking\" class=\"wp-image-12253\" srcset=\"https:\/\/moyahousehold.com\/wp-content\/uploads\/2026\/03\/1-14.jpg 4893w, https:\/\/moyahousehold.com\/wp-content\/uploads\/2026\/03\/1-14-225x300.jpg 225w, https:\/\/moyahousehold.com\/wp-content\/uploads\/2026\/03\/1-14-768x1024.jpg 768w, https:\/\/moyahousehold.com\/wp-content\/uploads\/2026\/03\/1-14-9x12.jpg 9w, https:\/\/moyahousehold.com\/wp-content\/uploads\/2026\/03\/1-14-285x380.jpg 285w, https:\/\/moyahousehold.com\/wp-content\/uploads\/2026\/03\/1-14-1600x2133.jpg 1600w, https:\/\/moyahousehold.com\/wp-content\/uploads\/2026\/03\/1-14-495x660.jpg 495w, https:\/\/moyahousehold.com\/wp-content\/uploads\/2026\/03\/1-14-113x150.jpg 113w\" sizes=\"(max-width: 4893px) 100vw, 4893px\" \/><\/figure>\n\n\n\n<figure class=\"wp-block-image size-full is-style-default\"><img loading=\"lazy\" decoding=\"async\" width=\"4633\" height=\"6177\" data-id=\"12252\" src=\"https:\/\/moyahousehold.com\/wp-content\/uploads\/2026\/03\/2-12.jpg\" alt=\"304 Stainless Steel Steamer Pot with Steamer Basket, Glass Lid &amp; Anti-Scald Handles for Kitchen Cooking\" class=\"wp-image-12252\" srcset=\"https:\/\/moyahousehold.com\/wp-content\/uploads\/2026\/03\/2-12.jpg 4633w, https:\/\/moyahousehold.com\/wp-content\/uploads\/2026\/03\/2-12-225x300.jpg 225w, https:\/\/moyahousehold.com\/wp-content\/uploads\/2026\/03\/2-12-768x1024.jpg 768w, https:\/\/moyahousehold.com\/wp-content\/uploads\/2026\/03\/2-12-9x12.jpg 9w, https:\/\/moyahousehold.com\/wp-content\/uploads\/2026\/03\/2-12-285x380.jpg 285w, https:\/\/moyahousehold.com\/wp-content\/uploads\/2026\/03\/2-12-1600x2133.jpg 1600w, https:\/\/moyahousehold.com\/wp-content\/uploads\/2026\/03\/2-12-495x660.jpg 495w, https:\/\/moyahousehold.com\/wp-content\/uploads\/2026\/03\/2-12-113x150.jpg 113w\" sizes=\"(max-width: 4633px) 100vw, 4633px\" \/><\/figure>\n<\/figure>\n\n\n\n<h2 class=\"wp-block-heading\"><\/h2>\n\n\n\n<p><strong>Vantagens fundamentais que fazem a diferen\u00e7a<\/strong><\/p>\n\n\n\n<h3 class=\"wp-block-heading\"><strong>Constru\u00e7\u00e3o Premium 304 Tri-Ply<\/strong><\/h3>\n\n\n\n<p>Fabricado em a\u00e7o inoxid\u00e1vel 304 de qualidade alimentar e com uma base de tr\u00eas camadas, este utens\u00edlio de cozinha garante <strong>distribui\u00e7\u00e3o uniforme do calor<\/strong> em toda a superf\u00edcie, eliminando os pontos quentes que queimam os alimentos. \u00c9 resistente \u00e0 corros\u00e3o, \u00e0 prova de ferrugem e 100% seguro para todas as suas cria\u00e7\u00f5es culin\u00e1rias.<\/p>\n\n\n\n<p><strong>Cabo ergon\u00f3mico resistente ao calor<\/strong><\/p>\n\n\n\n<p>A pega de design exclusivo possui um excelente isolamento t\u00e9rmico, mantendo as suas m\u00e3os a salvo de escald\u00f5es, mesmo durante sess\u00f5es de cozedura prolongadas. A sua forma ergon\u00f3mica adapta-se confortavelmente \u00e0 palma da m\u00e3o, permitindo levantar e verter facilmente sem for\u00e7ar os pulsos.<\/p>\n\n\n\n<p><strong>Fun\u00e7\u00e3o de cozedura a vapor e de ebuli\u00e7\u00e3o tudo-em-um<\/strong><\/p>\n\n\n\n<p>Inclu\u00eddo no conjunto de panelas est\u00e1 um vaporizador a condizer, que lhe permite alternar entre a cozedura e a cozedura a vapor em segundos. Cozinhe um guisado saud\u00e1vel enquanto coze bolinhos a vapor por cima - poupe tempo e energia e facilite as refei\u00e7\u00f5es com v\u00e1rios pratos.<\/p>\n\n\n\n<p><strong>F\u00e1cil de limpar e universal para fog\u00f5es<\/strong><\/p>\n\n\n\n<p>A superf\u00edcie lisa e n\u00e3o porosa evita que os alimentos se colem, tornando a limpeza t\u00e3o simples como um r\u00e1pido enxaguamento com \u00e1gua. \u00c9 compat\u00edvel com fog\u00f5es a g\u00e1s, el\u00e9ctricos, de cer\u00e2mica e de indu\u00e7\u00e3o, pelo que pode ser utilizado independentemente do tipo de placa de fog\u00e3o que tiver.<\/p>\n\n\n\n<figure class=\"wp-block-gallery has-nested-images columns-default is-cropped wp-block-gallery-2 is-layout-flex wp-block-gallery-is-layout-flex\">\n<figure class=\"wp-block-image size-full\"><img loading=\"lazy\" decoding=\"async\" width=\"5097\" height=\"6796\" data-id=\"12255\" src=\"https:\/\/moyahousehold.com\/wp-content\/uploads\/2026\/03\/6-12.jpg\" alt=\"304 Stainless Steel Steamer Pot with Steamer Basket, Glass Lid &amp; Anti-Scald Handles for Kitchen Cooking\" class=\"wp-image-12255\" srcset=\"https:\/\/moyahousehold.com\/wp-content\/uploads\/2026\/03\/6-12.jpg 5097w, https:\/\/moyahousehold.com\/wp-content\/uploads\/2026\/03\/6-12-225x300.jpg 225w, https:\/\/moyahousehold.com\/wp-content\/uploads\/2026\/03\/6-12-768x1024.jpg 768w, https:\/\/moyahousehold.com\/wp-content\/uploads\/2026\/03\/6-12-9x12.jpg 9w, https:\/\/moyahousehold.com\/wp-content\/uploads\/2026\/03\/6-12-285x380.jpg 285w, https:\/\/moyahousehold.com\/wp-content\/uploads\/2026\/03\/6-12-1600x2133.jpg 1600w, https:\/\/moyahousehold.com\/wp-content\/uploads\/2026\/03\/6-12-495x660.jpg 495w, https:\/\/moyahousehold.com\/wp-content\/uploads\/2026\/03\/6-12-113x150.jpg 113w\" sizes=\"(max-width: 5097px) 100vw, 5097px\" \/><\/figure>\n\n\n\n<figure class=\"wp-block-image size-full\"><img loading=\"lazy\" decoding=\"async\" width=\"5007\" height=\"6676\" data-id=\"12254\" src=\"https:\/\/moyahousehold.com\/wp-content\/uploads\/2026\/03\/5-10.jpg\" alt=\"304 Stainless Steel Steamer Pot with Steamer Basket, Glass Lid &amp; Anti-Scald Handles for Kitchen Cooking\" class=\"wp-image-12254\" srcset=\"https:\/\/moyahousehold.com\/wp-content\/uploads\/2026\/03\/5-10.jpg 5007w, https:\/\/moyahousehold.com\/wp-content\/uploads\/2026\/03\/5-10-225x300.jpg 225w, https:\/\/moyahousehold.com\/wp-content\/uploads\/2026\/03\/5-10-768x1024.jpg 768w, https:\/\/moyahousehold.com\/wp-content\/uploads\/2026\/03\/5-10-9x12.jpg 9w, https:\/\/moyahousehold.com\/wp-content\/uploads\/2026\/03\/5-10-285x380.jpg 285w, https:\/\/moyahousehold.com\/wp-content\/uploads\/2026\/03\/5-10-1600x2133.jpg 1600w, https:\/\/moyahousehold.com\/wp-content\/uploads\/2026\/03\/5-10-495x660.jpg 495w, https:\/\/moyahousehold.com\/wp-content\/uploads\/2026\/03\/5-10-113x150.jpg 113w\" sizes=\"(max-width: 5007px) 100vw, 5007px\" \/><\/figure>\n<\/figure>\n\n\n\n<p><\/p>","protected":false},"excerpt":{"rendered":"<h2 class=\"header-vfC6AV auto-hide-last-sibling-br\">Servi\u00e7os de personaliza\u00e7\u00e3o<\/h2>\n<div class=\"auto-hide-last-sibling-br paragraph-JOTKXA paragraph-element br-paragraph-space\">As a professional kitchenware manufacturer, we provide comprehensive OEM &amp; ODM solutions:<\/div>\n<ul class=\"auto-hide-last-sibling-br\">\n<li><strong>OEM<\/strong>: Personalize log\u00f3tipos, impress\u00f5es ou embalagens para se alinharem com a identidade da sua marca. Tamb\u00e9m pode escolher cores diferentes para o inv\u00f3lucro exterior para combinar com o estilo da sua marca.<\/li>\n<li><strong>ODM<\/strong>: Colaboramos na conce\u00e7\u00e3o do produto, desde a disposi\u00e7\u00e3o dos compartimentos (ajustando o n\u00famero e o tamanho dos compartimentos) aos acabamentos dos materiais, para criar solu\u00e7\u00f5es \u00fanicas e orientadas para o mercado. Podemos tamb\u00e9m otimizar a estrutura de veda\u00e7\u00e3o ou acrescentar designs funcionais especiais de acordo com as suas necessidades.<\/li>\n<\/ul>","protected":false},"featured_media":12251,"comment_status":"closed","ping_status":"closed","template":"","meta":[],"product_cat":[58],"product_tag":[87,92],"class_list":{"0":"post-12241","1":"product","2":"type-product","3":"status-publish","4":"has-post-thumbnail","6":"product_cat-lunch-box-wholesale","7":"product_tag-wholesale-multi-compartment-lunch-box","8":"product_tag-wholesale-rectangle-lunch-box","10":"first","11":"instock","12":"shipping-taxable","13":"product-type-simple"},"_links":{"self":[{"href":"https:\/\/moyahousehold.com\/pt\/wp-json\/wp\/v2\/product\/12241","targetHints":{"allow":["GET"]}}],"collection":[{"href":"https:\/\/moyahousehold.com\/pt\/wp-json\/wp\/v2\/product"}],"about":[{"href":"https:\/\/moyahousehold.com\/pt\/wp-json\/wp\/v2\/types\/product"}],"replies":[{"embeddable":true,"href":"https:\/\/moyahousehold.com\/pt\/wp-json\/wp\/v2\/comments?post=12241"}],"version-history":[{"count":1,"href":"https:\/\/moyahousehold.com\/pt\/wp-json\/wp\/v2\/product\/12241\/revisions"}],"predecessor-version":[{"id":13108,"href":"https:\/\/moyahousehold.com\/pt\/wp-json\/wp\/v2\/product\/12241\/revisions\/13108"}],"wp:featuredmedia":[{"embeddable":true,"href":"https:\/\/moyahousehold.com\/pt\/wp-json\/wp\/v2\/media\/12251"}],"wp:attachment":[{"href":"https:\/\/moyahousehold.com\/pt\/wp-json\/wp\/v2\/media?parent=12241"}],"wp:term":[{"taxonomy":"product_cat","embeddable":true,"href":"https:\/\/moyahousehold.com\/pt\/wp-json\/wp\/v2\/product_cat?post=12241"},{"taxonomy":"product_tag","embeddable":true,"href":"https:\/\/moyahousehold.com\/pt\/wp-json\/wp\/v2\/product_tag?post=12241"}],"curies":[{"name":"wp","href":"https:\/\/api.w.org\/{rel}","templated":true}]}}