{"id":12310,"date":"2026-03-30T10:02:02","date_gmt":"2026-03-30T08:47:48","guid":{"rendered":"https:\/\/moyahousehold.com\/?post_type=product&#038;p=12310"},"modified":"2026-03-30T10:04:09","modified_gmt":"2026-03-30T10:04:09","slug":"moya-multi-functional-stainless-steel-colander-bowl-set-food-grade-eco-friendly-with-pp-lids-for-kitchen-fruit-storage","status":"publish","type":"product","link":"https:\/\/moyahousehold.com\/pt\/produto\/moya-multi-functional-stainless-steel-colander-bowl-set-food-grade-eco-friendly-with-pp-lids-for-kitchen-fruit-storage\/","title":{"rendered":"MOYA Multi-Functional Stainless Steel Colander Bowl Set | Food-Grade, Eco-Friendly with PP Lids for Kitchen Fruit Storage"},"content":{"rendered":"<div class=\"wp-block-columns is-layout-flex wp-container-core-columns-is-layout-9d6595d7 wp-block-columns-is-layout-flex\">\n<div class=\"wp-block-column is-layout-flow wp-block-column-is-layout-flow\">\n<h3 class=\"wp-block-heading\">Parameters of Customizable Colander Bowl Set<\/h3>\n\n\n\n<figure class=\"wp-block-table\"><table class=\"has-fixed-layout\"><tbody><tr><td>Item<\/td><td>Material<\/td><td>Cor<\/td><td>Capacidade<\/td><td>N.W.\/PCS<\/td><\/tr><tr><td>MYJX001<\/td><td rowspan=\"15\">SUS201<\/td><td rowspan=\"5\">Nature + Black transparent lid<\/td><td>22 cm<\/td><td>0.35<\/td><\/tr><tr><td>MYJX002<\/td><td>24 cm<\/td><td>0.40<\/td><\/tr><tr><td>MYJX003<\/td><td>26cm<\/td><td>0.45<\/td><\/tr><tr><td>MYJX004<\/td><td>28 cm<\/td><td>0.54<\/td><\/tr><tr><td>MYJX005<\/td><td>30cm<\/td><td>0.7<\/td><\/tr><tr><td>MYJX006<\/td><td rowspan=\"5\">Nature<\/td><td>22 cm<\/td><td>0.25<\/td><\/tr><tr><td>MYJX007<\/td><td>24 cm<\/td><td>0.29<\/td><\/tr><tr><td>MYJX008<\/td><td>26cm<\/td><td>0.32<\/td><\/tr><tr><td>MYJX009<\/td><td>28 cm<\/td><td>0.38<\/td><\/tr><tr><td>MYJX010<\/td><td>30cm<\/td><td>0.47<\/td><\/tr><tr><td>MYJX011<\/td><td rowspan=\"5\">Nature<\/td><td>22 cm<\/td><td>0.24<\/td><\/tr><tr><td>MYJX012<\/td><td>24 cm<\/td><td>0.28<\/td><\/tr><tr><td>MYJX013<\/td><td>26cm<\/td><td>0.32<\/td><\/tr><tr><td>MYJX014<\/td><td>28 cm<\/td><td>0.37<\/td><\/tr><tr><td>MYJX015<\/td><td>30cm<\/td><td>0.46<\/td><\/tr><\/tbody><\/table><\/figure>\n\n\n\n<h3 class=\"wp-block-heading\">Custom Colander Bowl Set Options<\/h3>\n\n\n\n<p><strong>Log\u00f3tipo<\/strong>: Custom your brand logo on food containers and package.<br><strong>Op\u00e7\u00f5es de log\u00f3tipo<\/strong>: Fornecemos-lhe m\u00e9todos de grava\u00e7\u00e3o a laser ou de transfer\u00eancia de calor para adicionar o seu log\u00f3tipo \u00e0 saladeira.<br><strong>Padr\u00e3o<\/strong>: Printing patterns on colander bowl set.<br><strong>Tecnologia de impress\u00e3o<\/strong>: Fornecemos transfer\u00eancia de ecr\u00e3, transfer\u00eancia de calor e impress\u00e3o por transfer\u00eancia de \u00e1gua para adicionar padr\u00f5es aos seus produtos.<br><strong>Embalagem<\/strong>Pode enviar-nos o ficheiro e n\u00f3s personalizaremos a caixa de cores da saladeira para si.<br><a href=\"https:\/\/moyahousehold.com\/pt\/solucao-personalizada\/\"><strong>Explorar mais personaliza\u00e7\u00e3o<\/strong><\/a><\/p>\n<\/div>\n<\/div>\n\n\n\n<div class=\"wp-block-columns is-layout-flex wp-container-core-columns-is-layout-9d6595d7 wp-block-columns-is-layout-flex\">\n<div class=\"wp-block-column is-layout-flow wp-block-column-is-layout-flow\">\n<figure class=\"wp-block-image size-full\"><img fetchpriority=\"high\" decoding=\"async\" width=\"3260\" height=\"3260\" src=\"https:\/\/moyahousehold.com\/wp-content\/uploads\/2026\/03\/\u4e3b\u56felogo04.jpg\" alt=\"MOYA 304 Stainless Steel Nesting Colander Bowl Set with Clear Lids, Multi-Use Food Strainer for Kitchen Washing &amp; Storage\" class=\"wp-image-12316\" srcset=\"https:\/\/moyahousehold.com\/wp-content\/uploads\/2026\/03\/\u4e3b\u56felogo04.jpg 3260w, https:\/\/moyahousehold.com\/wp-content\/uploads\/2026\/03\/\u4e3b\u56felogo04-300x300.jpg 300w, https:\/\/moyahousehold.com\/wp-content\/uploads\/2026\/03\/\u4e3b\u56felogo04-150x150.jpg 150w, https:\/\/moyahousehold.com\/wp-content\/uploads\/2026\/03\/\u4e3b\u56felogo04-768x768.jpg 768w, https:\/\/moyahousehold.com\/wp-content\/uploads\/2026\/03\/\u4e3b\u56felogo04-12x12.jpg 12w, https:\/\/moyahousehold.com\/wp-content\/uploads\/2026\/03\/\u4e3b\u56felogo04-285x285.jpg 285w, https:\/\/moyahousehold.com\/wp-content\/uploads\/2026\/03\/\u4e3b\u56felogo04-1600x1600.jpg 1600w, https:\/\/moyahousehold.com\/wp-content\/uploads\/2026\/03\/\u4e3b\u56felogo04-270x270.jpg 270w, https:\/\/moyahousehold.com\/wp-content\/uploads\/2026\/03\/\u4e3b\u56felogo04-540x540.jpg 540w, https:\/\/moyahousehold.com\/wp-content\/uploads\/2026\/03\/\u4e3b\u56felogo04-660x660.jpg 660w\" sizes=\"(max-width: 3260px) 100vw, 3260px\" \/><\/figure>\n<\/div>\n\n\n\n<div class=\"wp-block-column is-layout-flow wp-block-column-is-layout-flow\">\n<figure class=\"wp-block-image size-full\"><img decoding=\"async\" width=\"2771\" height=\"2771\" src=\"https:\/\/moyahousehold.com\/wp-content\/uploads\/2026\/03\/\u4e3b\u56felogo02.jpg\" alt=\"MOYA 304 Stainless Steel Nesting Colander Bowl Set with Clear Lids, Multi-Use Food Strainer for Kitchen Washing &amp; Storage\" class=\"wp-image-12314\" srcset=\"https:\/\/moyahousehold.com\/wp-content\/uploads\/2026\/03\/\u4e3b\u56felogo02.jpg 2771w, https:\/\/moyahousehold.com\/wp-content\/uploads\/2026\/03\/\u4e3b\u56felogo02-300x300.jpg 300w, https:\/\/moyahousehold.com\/wp-content\/uploads\/2026\/03\/\u4e3b\u56felogo02-150x150.jpg 150w, https:\/\/moyahousehold.com\/wp-content\/uploads\/2026\/03\/\u4e3b\u56felogo02-768x768.jpg 768w, https:\/\/moyahousehold.com\/wp-content\/uploads\/2026\/03\/\u4e3b\u56felogo02-12x12.jpg 12w, https:\/\/moyahousehold.com\/wp-content\/uploads\/2026\/03\/\u4e3b\u56felogo02-285x285.jpg 285w, https:\/\/moyahousehold.com\/wp-content\/uploads\/2026\/03\/\u4e3b\u56felogo02-1600x1600.jpg 1600w, https:\/\/moyahousehold.com\/wp-content\/uploads\/2026\/03\/\u4e3b\u56felogo02-270x270.jpg 270w, https:\/\/moyahousehold.com\/wp-content\/uploads\/2026\/03\/\u4e3b\u56felogo02-540x540.jpg 540w, https:\/\/moyahousehold.com\/wp-content\/uploads\/2026\/03\/\u4e3b\u56felogo02-660x660.jpg 660w\" sizes=\"(max-width: 2771px) 100vw, 2771px\" \/><\/figure>\n<\/div>\n<\/div>\n\n\n\n<div class=\"wp-block-columns is-layout-flex wp-container-core-columns-is-layout-9d6595d7 wp-block-columns-is-layout-flex\">\n<div class=\"wp-block-column is-layout-flow wp-block-column-is-layout-flow\">\n<figure class=\"wp-block-image size-full\"><img decoding=\"async\" width=\"3224\" height=\"3224\" src=\"https:\/\/moyahousehold.com\/wp-content\/uploads\/2026\/03\/\u4e3b\u56felogo09.jpg\" alt=\"MOYA 304 Stainless Steel Nesting Colander Bowl Set with Clear Lids, Multi-Use Food Strainer for Kitchen Washing &amp; Storage\" class=\"wp-image-12312\" srcset=\"https:\/\/moyahousehold.com\/wp-content\/uploads\/2026\/03\/\u4e3b\u56felogo09.jpg 3224w, https:\/\/moyahousehold.com\/wp-content\/uploads\/2026\/03\/\u4e3b\u56felogo09-300x300.jpg 300w, https:\/\/moyahousehold.com\/wp-content\/uploads\/2026\/03\/\u4e3b\u56felogo09-150x150.jpg 150w, https:\/\/moyahousehold.com\/wp-content\/uploads\/2026\/03\/\u4e3b\u56felogo09-768x768.jpg 768w, https:\/\/moyahousehold.com\/wp-content\/uploads\/2026\/03\/\u4e3b\u56felogo09-12x12.jpg 12w, https:\/\/moyahousehold.com\/wp-content\/uploads\/2026\/03\/\u4e3b\u56felogo09-285x285.jpg 285w, https:\/\/moyahousehold.com\/wp-content\/uploads\/2026\/03\/\u4e3b\u56felogo09-1600x1600.jpg 1600w, https:\/\/moyahousehold.com\/wp-content\/uploads\/2026\/03\/\u4e3b\u56felogo09-270x270.jpg 270w, https:\/\/moyahousehold.com\/wp-content\/uploads\/2026\/03\/\u4e3b\u56felogo09-540x540.jpg 540w, https:\/\/moyahousehold.com\/wp-content\/uploads\/2026\/03\/\u4e3b\u56felogo09-660x660.jpg 660w\" sizes=\"(max-width: 3224px) 100vw, 3224px\" \/><\/figure>\n<\/div>\n\n\n\n<div class=\"wp-block-column is-layout-flow wp-block-column-is-layout-flow\">\n<figure class=\"wp-block-image size-full\"><img loading=\"lazy\" decoding=\"async\" width=\"3448\" height=\"3448\" src=\"https:\/\/moyahousehold.com\/wp-content\/uploads\/2026\/03\/\u4e3b\u56felogo08.jpg\" alt=\"MOYA 304 Stainless Steel Nesting Colander Bowl Set with Clear Lids, Multi-Use Food Strainer for Kitchen Washing &amp; Storage\" class=\"wp-image-12311\" srcset=\"https:\/\/moyahousehold.com\/wp-content\/uploads\/2026\/03\/\u4e3b\u56felogo08.jpg 3448w, https:\/\/moyahousehold.com\/wp-content\/uploads\/2026\/03\/\u4e3b\u56felogo08-300x300.jpg 300w, https:\/\/moyahousehold.com\/wp-content\/uploads\/2026\/03\/\u4e3b\u56felogo08-150x150.jpg 150w, https:\/\/moyahousehold.com\/wp-content\/uploads\/2026\/03\/\u4e3b\u56felogo08-768x768.jpg 768w, https:\/\/moyahousehold.com\/wp-content\/uploads\/2026\/03\/\u4e3b\u56felogo08-12x12.jpg 12w, https:\/\/moyahousehold.com\/wp-content\/uploads\/2026\/03\/\u4e3b\u56felogo08-285x285.jpg 285w, https:\/\/moyahousehold.com\/wp-content\/uploads\/2026\/03\/\u4e3b\u56felogo08-1600x1600.jpg 1600w, https:\/\/moyahousehold.com\/wp-content\/uploads\/2026\/03\/\u4e3b\u56felogo08-270x270.jpg 270w, https:\/\/moyahousehold.com\/wp-content\/uploads\/2026\/03\/\u4e3b\u56felogo08-540x540.jpg 540w, https:\/\/moyahousehold.com\/wp-content\/uploads\/2026\/03\/\u4e3b\u56felogo08-660x660.jpg 660w\" sizes=\"(max-width: 3448px) 100vw, 3448px\" \/><\/figure>\n<\/div>\n<\/div>\n\n\n\n<div class=\"wp-block-columns is-layout-flex wp-container-core-columns-is-layout-9d6595d7 wp-block-columns-is-layout-flex\">\n<div class=\"wp-block-column is-layout-flow wp-block-column-is-layout-flow\">\n<figure class=\"wp-block-image size-full\"><img loading=\"lazy\" decoding=\"async\" width=\"3448\" height=\"4844\" src=\"https:\/\/moyahousehold.com\/wp-content\/uploads\/2026\/03\/\u8be6\u60c5\u5356\u70b91.jpg\" alt=\"MOYA 304 Stainless Steel Nesting Colander Bowl Set with Clear Lids, Multi-Use Food Strainer for Kitchen Washing &amp; Storage\" class=\"wp-image-12324\" srcset=\"https:\/\/moyahousehold.com\/wp-content\/uploads\/2026\/03\/\u8be6\u60c5\u5356\u70b91.jpg 3448w, https:\/\/moyahousehold.com\/wp-content\/uploads\/2026\/03\/\u8be6\u60c5\u5356\u70b91-214x300.jpg 214w, https:\/\/moyahousehold.com\/wp-content\/uploads\/2026\/03\/\u8be6\u60c5\u5356\u70b91-768x1079.jpg 768w, https:\/\/moyahousehold.com\/wp-content\/uploads\/2026\/03\/\u8be6\u60c5\u5356\u70b91-9x12.jpg 9w, https:\/\/moyahousehold.com\/wp-content\/uploads\/2026\/03\/\u8be6\u60c5\u5356\u70b91-285x400.jpg 285w, https:\/\/moyahousehold.com\/wp-content\/uploads\/2026\/03\/\u8be6\u60c5\u5356\u70b91-1600x2248.jpg 1600w, https:\/\/moyahousehold.com\/wp-content\/uploads\/2026\/03\/\u8be6\u60c5\u5356\u70b91-470x660.jpg 470w, https:\/\/moyahousehold.com\/wp-content\/uploads\/2026\/03\/\u8be6\u60c5\u5356\u70b91-107x150.jpg 107w\" sizes=\"(max-width: 3448px) 100vw, 3448px\" \/><\/figure>\n<\/div>\n\n\n\n<div class=\"wp-block-column is-layout-flow wp-block-column-is-layout-flow\">\n<figure class=\"wp-block-image size-full\"><img loading=\"lazy\" decoding=\"async\" width=\"3448\" height=\"4832\" src=\"https:\/\/moyahousehold.com\/wp-content\/uploads\/2026\/03\/\u8be6\u60c5\u5356\u70b95.jpg\" alt=\"MOYA 304 Stainless Steel Nesting Colander Bowl Set with Clear Lids, Multi-Use Food Strainer for Kitchen Washing &amp; Storage\" class=\"wp-image-12323\" srcset=\"https:\/\/moyahousehold.com\/wp-content\/uploads\/2026\/03\/\u8be6\u60c5\u5356\u70b95.jpg 3448w, https:\/\/moyahousehold.com\/wp-content\/uploads\/2026\/03\/\u8be6\u60c5\u5356\u70b95-214x300.jpg 214w, https:\/\/moyahousehold.com\/wp-content\/uploads\/2026\/03\/\u8be6\u60c5\u5356\u70b95-768x1076.jpg 768w, https:\/\/moyahousehold.com\/wp-content\/uploads\/2026\/03\/\u8be6\u60c5\u5356\u70b95-9x12.jpg 9w, https:\/\/moyahousehold.com\/wp-content\/uploads\/2026\/03\/\u8be6\u60c5\u5356\u70b95-285x399.jpg 285w, https:\/\/moyahousehold.com\/wp-content\/uploads\/2026\/03\/\u8be6\u60c5\u5356\u70b95-1600x2242.jpg 1600w, https:\/\/moyahousehold.com\/wp-content\/uploads\/2026\/03\/\u8be6\u60c5\u5356\u70b95-471x660.jpg 471w, https:\/\/moyahousehold.com\/wp-content\/uploads\/2026\/03\/\u8be6\u60c5\u5356\u70b95-107x150.jpg 107w\" sizes=\"(max-width: 3448px) 100vw, 3448px\" \/><\/figure>\n<\/div>\n<\/div>\n\n\n\n<p><\/p>","protected":false},"excerpt":{"rendered":"<div class=\"inter-jQQQ8P\">\n<div class=\"container-PrUkKo\">\n<div class=\"item-hGGxLi\">\n<div class=\"container-arOxqB chrome70-container\">\n<div class=\"inner-FyM8gE inner-item-swzCut\" data-target-id=\"message-box-target-id\" data-testid=\"union_message\">\n<div class=\"message-block-container-aFugD6\" data-testid=\"message-block-container\">\n<div class=\"flex flex-row w-full w-full max-w-full s-font-base text-s-color-text-secondary p-0 rounded-s-radius-s bg-transparent group data-[attr=select-mode]:-mt-10 data-[attr=select-mode]:py-10 data-[attr=select-mode]:px-16 data-[attr=select-mode]:sm:p-10 data-[attr=select-mode]:hover:bg-s-color-bg-base data-[attr=select-mode]:hover:rounded-s-radius-xs data-[attr=select-mode]:has-[:checked]:bg-s-color-bg-trans data-[attr=select-mode]:has-[:checked]:rounded-s-radius-xs data-[attr=select-mode]:pointer-events-none\" data-testid=\"receive_message\">\n<div class=\"flex flex-col flex-grow max-w-full min-w-0\">\n<div class=\"flex flex-row w-full\" data-testid=\"message_content\" data-message-id=\"12338308568531714\">\n<div class=\"w-full\" data-plugin-identifier=\"Symbol(infra:receive-message-box:text)\">\n<div class=\"container-ZYIsnH flow-markdown-body theme-samantha-Nbr9UN\" dir=\"ltr\" data-testid=\"message_text_content\" data-show-indicator=\"false\">\n<h3 class=\"header-vfC6AV auto-hide-last-sibling-br\">Features and Benefits of Customizable Colander Bowl Set<\/h3>\n<h3 class=\"header-vfC6AV auto-hide-last-sibling-br\">Material em a\u00e7o inoxid\u00e1vel 304<\/h3>\n<div class=\"auto-hide-last-sibling-br paragraph-JOTKXA paragraph-element br-paragraph-space\">Fabricado em a\u00e7o inoxid\u00e1vel 304 de alta qualidade, com a parede interior polida. Evita eficazmente que os alimentos se colem, facilitando a limpeza e garantindo uma longa durabilidade.<\/div>\n<h3 class=\"header-vfC6AV auto-hide-last-sibling-br\">Marca\u00e7\u00f5es de volume incorporadas<\/h3>\n<div class=\"auto-hide-last-sibling-br paragraph-JOTKXA paragraph-element br-paragraph-space\">This Colander Bowl Set comes with clear and easy &#8211; to &#8211; read built &#8211; in volume markings. It helps you precisely control ingredient amounts, avoid waste, and guarantee perfect flavors for every dish.<\/div>\n<h3 class=\"header-vfC6AV auto-hide-last-sibling-br\">Utiliza\u00e7\u00e3o vers\u00e1til<\/h3>\n<div class=\"auto-hide-last-sibling-br paragraph-JOTKXA paragraph-element br-paragraph-space\">Ideal for washing rice, cleaning vegetables, fruits, or straining small &#8211; grained ingredients, meeting various kitchen needs.<\/div>\n<h3 class=\"header-vfC6AV auto-hide-last-sibling-br\">Servi\u00e7os de personaliza\u00e7\u00e3o<\/h3>\n<div class=\"auto-hide-last-sibling-br paragraph-JOTKXA paragraph-element br-paragraph-space\">As a manufacturer, we offer OEM &amp; ODM options. Customize appearance, size, and logo to create your unique, brand &#8211; aligned drain basket. Contact us for tailored solutions.<\/div>\n<\/div>\n<\/div>\n<\/div>\n<\/div>\n<\/div>\n<\/div>\n<\/div>\n<\/div>\n<\/div>\n<\/div>\n<\/div>","protected":false},"featured_media":12321,"comment_status":"open","ping_status":"closed","template":"","meta":[],"product_cat":[56],"product_tag":[120,122,121],"class_list":{"0":"post-12310","1":"product","2":"type-product","3":"status-publish","4":"has-post-thumbnail","6":"product_cat-stainless-steel-cookware-wholesale","7":"product_tag-drain-basket","8":"product_tag-fruit-basket","9":"product_tag-vegetable-basin","11":"first","12":"instock","13":"shipping-taxable","14":"product-type-simple"},"_links":{"self":[{"href":"https:\/\/moyahousehold.com\/pt\/wp-json\/wp\/v2\/product\/12310","targetHints":{"allow":["GET"]}}],"collection":[{"href":"https:\/\/moyahousehold.com\/pt\/wp-json\/wp\/v2\/product"}],"about":[{"href":"https:\/\/moyahousehold.com\/pt\/wp-json\/wp\/v2\/types\/product"}],"replies":[{"embeddable":true,"href":"https:\/\/moyahousehold.com\/pt\/wp-json\/wp\/v2\/comments?post=12310"}],"version-history":[{"count":0,"href":"https:\/\/moyahousehold.com\/pt\/wp-json\/wp\/v2\/product\/12310\/revisions"}],"wp:featuredmedia":[{"embeddable":true,"href":"https:\/\/moyahousehold.com\/pt\/wp-json\/wp\/v2\/media\/12321"}],"wp:attachment":[{"href":"https:\/\/moyahousehold.com\/pt\/wp-json\/wp\/v2\/media?parent=12310"}],"wp:term":[{"taxonomy":"product_cat","embeddable":true,"href":"https:\/\/moyahousehold.com\/pt\/wp-json\/wp\/v2\/product_cat?post=12310"},{"taxonomy":"product_tag","embeddable":true,"href":"https:\/\/moyahousehold.com\/pt\/wp-json\/wp\/v2\/product_tag?post=12310"}],"curies":[{"name":"wp","href":"https:\/\/api.w.org\/{rel}","templated":true}]}}