{"id":12328,"date":"2026-03-31T03:47:44","date_gmt":"2026-03-31T01:36:51","guid":{"rendered":"https:\/\/moyahousehold.com\/?post_type=product&#038;p=12328"},"modified":"2026-04-15T06:17:39","modified_gmt":"2026-04-15T06:17:39","slug":"moya-creative-stainless-steel-vacuum-container-colorful-rectangle-food-coffee-bean-storage-with-heat-retention","status":"publish","type":"product","link":"https:\/\/moyahousehold.com\/pt\/produto\/moya-creative-stainless-steel-vacuum-container-colorful-rectangle-food-coffee-bean-storage-with-heat-retention\/","title":{"rendered":"MOYA Creative Stainless Steel Vacuum Container | Colorful Rectangle Food &amp; Coffee Bean Storage with Heat Retention"},"content":{"rendered":"<h3 class=\"wp-block-heading\">Parameters of Stackable Vacuum Container<\/h3>\n\n\n\n<p><strong>Material:<\/strong> 304 + PP  <strong> Cor:<\/strong> Rosa\/Verde\/Bege\/A\u00e7o<\/p>\n\n\n\n<figure class=\"wp-block-table\"><table class=\"has-fixed-layout\"><tbody><tr><td><strong>Item<\/strong><\/td><td><strong>Material<\/strong><\/td><td><strong>Capacidade<\/strong><\/td><td><strong>Tamanho\/PCS<\/strong><\/td><td><strong>PCS\/Caixa<\/strong><\/td><td><strong>N.W.\/PCS<\/strong><\/td><\/tr><tr><td>MYHL001<\/td><td rowspan=\"3\">SUS304 + PP<\/td><td>750ML<\/td><td>14.3*14.3*9.3<\/td><td>48<\/td><td>0.32<\/td><\/tr><tr><td>MYHL002<\/td><td>1100ML<\/td><td>14.3*14.3*11.7<\/td><td>48<\/td><td>0.35<\/td><\/tr><tr><td>MYHL003<\/td><td>1600ML<\/td><td>14.3*14.3*14.7<\/td><td>48<\/td><td>0.4<\/td><\/tr><\/tbody><\/table><\/figure>\n\n\n\n<h3 class=\"wp-block-heading\">Customized Vacuum Container Options<\/h3>\n\n\n\n<p><strong>Log\u00f3tipo: <\/strong>Personalize o log\u00f3tipo da sua marca em caixas e embalagens bento.<br><strong>Logo Options:<\/strong> Printed logo, laser engraved logo, etc.<br><strong>Padr\u00e3o: <\/strong>Padr\u00f5es de impress\u00e3o <br><strong>Printing Technology: <\/strong>Water transfer printing, silk screen printing, heat transfer printing, sublimation transfer, etc.<br><strong>Embalagem: <\/strong>Color box<br><a href=\"https:\/\/moyahousehold.com\/pt\/solucao-personalizada\/\"><strong>Saiba mais sobre as solu\u00e7\u00f5es de caixas bento personalizadas<\/strong><\/a><\/p>\n\n\n\n<div class=\"wp-block-columns is-layout-flex wp-container-core-columns-is-layout-9d6595d7 wp-block-columns-is-layout-flex\">\n<div class=\"wp-block-column is-layout-flow wp-block-column-is-layout-flow\">\n<figure class=\"wp-block-image size-full\"><img fetchpriority=\"high\" decoding=\"async\" width=\"800\" height=\"800\" src=\"https:\/\/moyahousehold.com\/wp-content\/uploads\/2026\/03\/ML-\u771f\u7a7a\u5bc6\u5c01\u7f50-19.jpg\" alt=\"MOYA Stainless Steel Vacuum Airtight Canister Set for Coffee Beans, Tea &amp; Food Storage with Colorful Options\" class=\"wp-image-12332\" srcset=\"https:\/\/moyahousehold.com\/wp-content\/uploads\/2026\/03\/ML-\u771f\u7a7a\u5bc6\u5c01\u7f50-19.jpg 800w, https:\/\/moyahousehold.com\/wp-content\/uploads\/2026\/03\/ML-\u771f\u7a7a\u5bc6\u5c01\u7f50-19-300x300.jpg 300w, https:\/\/moyahousehold.com\/wp-content\/uploads\/2026\/03\/ML-\u771f\u7a7a\u5bc6\u5c01\u7f50-19-150x150.jpg 150w, https:\/\/moyahousehold.com\/wp-content\/uploads\/2026\/03\/ML-\u771f\u7a7a\u5bc6\u5c01\u7f50-19-768x768.jpg 768w, https:\/\/moyahousehold.com\/wp-content\/uploads\/2026\/03\/ML-\u771f\u7a7a\u5bc6\u5c01\u7f50-19-12x12.jpg 12w, https:\/\/moyahousehold.com\/wp-content\/uploads\/2026\/03\/ML-\u771f\u7a7a\u5bc6\u5c01\u7f50-19-285x285.jpg 285w, https:\/\/moyahousehold.com\/wp-content\/uploads\/2026\/03\/ML-\u771f\u7a7a\u5bc6\u5c01\u7f50-19-270x270.jpg 270w, https:\/\/moyahousehold.com\/wp-content\/uploads\/2026\/03\/ML-\u771f\u7a7a\u5bc6\u5c01\u7f50-19-540x540.jpg 540w, https:\/\/moyahousehold.com\/wp-content\/uploads\/2026\/03\/ML-\u771f\u7a7a\u5bc6\u5c01\u7f50-19-660x660.jpg 660w\" sizes=\"(max-width: 800px) 100vw, 800px\" \/><\/figure>\n<\/div>\n\n\n\n<div class=\"wp-block-column is-layout-flow wp-block-column-is-layout-flow\">\n<figure class=\"wp-block-image size-full\"><img decoding=\"async\" width=\"800\" height=\"800\" src=\"https:\/\/moyahousehold.com\/wp-content\/uploads\/2026\/03\/ML-\u771f\u7a7a\u5bc6\u5c01\u7f50-15.jpg\" alt=\"MOYA Stainless Steel Vacuum Airtight Canister Set for Coffee Beans, Tea &amp; Food Storage with Colorful Options\" class=\"wp-image-12331\" srcset=\"https:\/\/moyahousehold.com\/wp-content\/uploads\/2026\/03\/ML-\u771f\u7a7a\u5bc6\u5c01\u7f50-15.jpg 800w, https:\/\/moyahousehold.com\/wp-content\/uploads\/2026\/03\/ML-\u771f\u7a7a\u5bc6\u5c01\u7f50-15-300x300.jpg 300w, https:\/\/moyahousehold.com\/wp-content\/uploads\/2026\/03\/ML-\u771f\u7a7a\u5bc6\u5c01\u7f50-15-150x150.jpg 150w, https:\/\/moyahousehold.com\/wp-content\/uploads\/2026\/03\/ML-\u771f\u7a7a\u5bc6\u5c01\u7f50-15-768x768.jpg 768w, https:\/\/moyahousehold.com\/wp-content\/uploads\/2026\/03\/ML-\u771f\u7a7a\u5bc6\u5c01\u7f50-15-12x12.jpg 12w, https:\/\/moyahousehold.com\/wp-content\/uploads\/2026\/03\/ML-\u771f\u7a7a\u5bc6\u5c01\u7f50-15-285x285.jpg 285w, https:\/\/moyahousehold.com\/wp-content\/uploads\/2026\/03\/ML-\u771f\u7a7a\u5bc6\u5c01\u7f50-15-270x270.jpg 270w, https:\/\/moyahousehold.com\/wp-content\/uploads\/2026\/03\/ML-\u771f\u7a7a\u5bc6\u5c01\u7f50-15-540x540.jpg 540w, https:\/\/moyahousehold.com\/wp-content\/uploads\/2026\/03\/ML-\u771f\u7a7a\u5bc6\u5c01\u7f50-15-660x660.jpg 660w\" sizes=\"(max-width: 800px) 100vw, 800px\" \/><\/figure>\n<\/div>\n<\/div>\n\n\n\n<div class=\"wp-block-columns is-layout-flex wp-container-core-columns-is-layout-9d6595d7 wp-block-columns-is-layout-flex\">\n<div class=\"wp-block-column is-layout-flow wp-block-column-is-layout-flow\">\n<figure class=\"wp-block-image size-full\"><img decoding=\"async\" width=\"800\" height=\"800\" src=\"https:\/\/moyahousehold.com\/wp-content\/uploads\/2026\/03\/\u771f\u7a7a\u5bc6\u5c01\u7f50-7.jpg\" alt=\"MOYA Stainless Steel Vacuum Airtight Canister Set for Coffee Beans, Tea &amp; Food Storage with Colorful Options\" class=\"wp-image-12340\" srcset=\"https:\/\/moyahousehold.com\/wp-content\/uploads\/2026\/03\/\u771f\u7a7a\u5bc6\u5c01\u7f50-7.jpg 800w, https:\/\/moyahousehold.com\/wp-content\/uploads\/2026\/03\/\u771f\u7a7a\u5bc6\u5c01\u7f50-7-300x300.jpg 300w, https:\/\/moyahousehold.com\/wp-content\/uploads\/2026\/03\/\u771f\u7a7a\u5bc6\u5c01\u7f50-7-150x150.jpg 150w, https:\/\/moyahousehold.com\/wp-content\/uploads\/2026\/03\/\u771f\u7a7a\u5bc6\u5c01\u7f50-7-768x768.jpg 768w, https:\/\/moyahousehold.com\/wp-content\/uploads\/2026\/03\/\u771f\u7a7a\u5bc6\u5c01\u7f50-7-12x12.jpg 12w, https:\/\/moyahousehold.com\/wp-content\/uploads\/2026\/03\/\u771f\u7a7a\u5bc6\u5c01\u7f50-7-285x285.jpg 285w, https:\/\/moyahousehold.com\/wp-content\/uploads\/2026\/03\/\u771f\u7a7a\u5bc6\u5c01\u7f50-7-270x270.jpg 270w, https:\/\/moyahousehold.com\/wp-content\/uploads\/2026\/03\/\u771f\u7a7a\u5bc6\u5c01\u7f50-7-540x540.jpg 540w, https:\/\/moyahousehold.com\/wp-content\/uploads\/2026\/03\/\u771f\u7a7a\u5bc6\u5c01\u7f50-7-660x660.jpg 660w\" sizes=\"(max-width: 800px) 100vw, 800px\" \/><\/figure>\n<\/div>\n\n\n\n<div class=\"wp-block-column is-layout-flow wp-block-column-is-layout-flow\">\n<figure class=\"wp-block-image size-full\"><img loading=\"lazy\" decoding=\"async\" width=\"800\" height=\"800\" src=\"https:\/\/moyahousehold.com\/wp-content\/uploads\/2026\/03\/ML-\u771f\u7a7a\u5bc6\u5c01\u7f50-38.jpg\" alt=\"MOYA Stainless Steel Vacuum Airtight Canister Set for Coffee Beans, Tea &amp; Food Storage with Colorful Options\" class=\"wp-image-12335\" srcset=\"https:\/\/moyahousehold.com\/wp-content\/uploads\/2026\/03\/ML-\u771f\u7a7a\u5bc6\u5c01\u7f50-38.jpg 800w, https:\/\/moyahousehold.com\/wp-content\/uploads\/2026\/03\/ML-\u771f\u7a7a\u5bc6\u5c01\u7f50-38-300x300.jpg 300w, https:\/\/moyahousehold.com\/wp-content\/uploads\/2026\/03\/ML-\u771f\u7a7a\u5bc6\u5c01\u7f50-38-150x150.jpg 150w, https:\/\/moyahousehold.com\/wp-content\/uploads\/2026\/03\/ML-\u771f\u7a7a\u5bc6\u5c01\u7f50-38-768x768.jpg 768w, https:\/\/moyahousehold.com\/wp-content\/uploads\/2026\/03\/ML-\u771f\u7a7a\u5bc6\u5c01\u7f50-38-12x12.jpg 12w, https:\/\/moyahousehold.com\/wp-content\/uploads\/2026\/03\/ML-\u771f\u7a7a\u5bc6\u5c01\u7f50-38-285x285.jpg 285w, https:\/\/moyahousehold.com\/wp-content\/uploads\/2026\/03\/ML-\u771f\u7a7a\u5bc6\u5c01\u7f50-38-270x270.jpg 270w, https:\/\/moyahousehold.com\/wp-content\/uploads\/2026\/03\/ML-\u771f\u7a7a\u5bc6\u5c01\u7f50-38-540x540.jpg 540w, https:\/\/moyahousehold.com\/wp-content\/uploads\/2026\/03\/ML-\u771f\u7a7a\u5bc6\u5c01\u7f50-38-660x660.jpg 660w\" sizes=\"(max-width: 800px) 100vw, 800px\" \/><\/figure>\n<\/div>\n<\/div>\n\n\n\n<div class=\"wp-block-columns is-layout-flex wp-container-core-columns-is-layout-9d6595d7 wp-block-columns-is-layout-flex\">\n<div class=\"wp-block-column is-layout-flow wp-block-column-is-layout-flow\">\n<figure class=\"wp-block-image size-full\"><img loading=\"lazy\" decoding=\"async\" width=\"3170\" height=\"4226\" src=\"https:\/\/moyahousehold.com\/wp-content\/uploads\/2026\/03\/ML-\u771f\u7a7a\u5bc6\u5c01\u7f50-93.jpg\" alt=\"MOYA Stainless Steel Vacuum Airtight Canister Set for Coffee Beans, Tea &amp; Food Storage with Colorful Options\" class=\"wp-image-12344\" srcset=\"https:\/\/moyahousehold.com\/wp-content\/uploads\/2026\/03\/ML-\u771f\u7a7a\u5bc6\u5c01\u7f50-93.jpg 3170w, https:\/\/moyahousehold.com\/wp-content\/uploads\/2026\/03\/ML-\u771f\u7a7a\u5bc6\u5c01\u7f50-93-225x300.jpg 225w, https:\/\/moyahousehold.com\/wp-content\/uploads\/2026\/03\/ML-\u771f\u7a7a\u5bc6\u5c01\u7f50-93-768x1024.jpg 768w, https:\/\/moyahousehold.com\/wp-content\/uploads\/2026\/03\/ML-\u771f\u7a7a\u5bc6\u5c01\u7f50-93-9x12.jpg 9w, https:\/\/moyahousehold.com\/wp-content\/uploads\/2026\/03\/ML-\u771f\u7a7a\u5bc6\u5c01\u7f50-93-285x380.jpg 285w, https:\/\/moyahousehold.com\/wp-content\/uploads\/2026\/03\/ML-\u771f\u7a7a\u5bc6\u5c01\u7f50-93-1600x2133.jpg 1600w, https:\/\/moyahousehold.com\/wp-content\/uploads\/2026\/03\/ML-\u771f\u7a7a\u5bc6\u5c01\u7f50-93-495x660.jpg 495w, https:\/\/moyahousehold.com\/wp-content\/uploads\/2026\/03\/ML-\u771f\u7a7a\u5bc6\u5c01\u7f50-93-113x150.jpg 113w\" sizes=\"(max-width: 3170px) 100vw, 3170px\" \/><\/figure>\n<\/div>\n\n\n\n<div class=\"wp-block-column is-layout-flow wp-block-column-is-layout-flow\">\n<figure class=\"wp-block-image size-full\"><img loading=\"lazy\" decoding=\"async\" width=\"3571\" height=\"4761\" src=\"https:\/\/moyahousehold.com\/wp-content\/uploads\/2026\/03\/ML-\u771f\u7a7a\u5bc6\u5c01\u7f50-92.jpg\" alt=\"MOYA Stainless Steel Vacuum Airtight Canister Set for Coffee Beans, Tea &amp; Food Storage with Colorful Options\" class=\"wp-image-12343\" srcset=\"https:\/\/moyahousehold.com\/wp-content\/uploads\/2026\/03\/ML-\u771f\u7a7a\u5bc6\u5c01\u7f50-92.jpg 3571w, https:\/\/moyahousehold.com\/wp-content\/uploads\/2026\/03\/ML-\u771f\u7a7a\u5bc6\u5c01\u7f50-92-225x300.jpg 225w, https:\/\/moyahousehold.com\/wp-content\/uploads\/2026\/03\/ML-\u771f\u7a7a\u5bc6\u5c01\u7f50-92-768x1024.jpg 768w, https:\/\/moyahousehold.com\/wp-content\/uploads\/2026\/03\/ML-\u771f\u7a7a\u5bc6\u5c01\u7f50-92-9x12.jpg 9w, https:\/\/moyahousehold.com\/wp-content\/uploads\/2026\/03\/ML-\u771f\u7a7a\u5bc6\u5c01\u7f50-92-285x380.jpg 285w, https:\/\/moyahousehold.com\/wp-content\/uploads\/2026\/03\/ML-\u771f\u7a7a\u5bc6\u5c01\u7f50-92-1600x2133.jpg 1600w, https:\/\/moyahousehold.com\/wp-content\/uploads\/2026\/03\/ML-\u771f\u7a7a\u5bc6\u5c01\u7f50-92-495x660.jpg 495w, https:\/\/moyahousehold.com\/wp-content\/uploads\/2026\/03\/ML-\u771f\u7a7a\u5bc6\u5c01\u7f50-92-113x150.jpg 113w\" sizes=\"(max-width: 3571px) 100vw, 3571px\" \/><\/figure>\n<\/div>\n<\/div>","protected":false},"excerpt":{"rendered":"<h3 class=\"header-ZWWO7s auto-hide-last-sibling-br\">Wholesale Detachable Liner Vacuum Container with Ceramic, Glass &amp; Stainless Steel Options<\/h3>\n<div class=\"auto-hide-last-sibling-br paragraph-jgxDqs paragraph-element br-paragraph-space\">Discover our versatile Vacuum Container featuring detachable liners in premium ceramic, and stainless steel\u2014designed for modern lifestyles that demand functionality, hygiene, and style. Perfect for meal prepping, on-the-go dining, or eco-conscious consumers, these Vacuum Container combine durability with easy maintenance. We offer wholesale pricing and full customization services for bulk orders\u2014contact us to explore partnership opportunities!<\/div>\n<h3 class=\"header-ZWWO7s auto-hide-last-sibling-br\">Principais carater\u00edsticas e vantagens<\/h3>\n<h4 class=\"header-ZWWO7s auto-hide-last-sibling-br\">1.\u00a0<strong>Revestimento em a\u00e7o inoxid\u00e1vel<\/strong>:<\/h4>\n<ul class=\"auto-hide-last-sibling-br\">\n<li style=\"list-style-type: none\">\n<ul class=\"auto-hide-last-sibling-br\">\n<li>O a\u00e7o 304 de qualidade alimentar garante durabilidade e resist\u00eancia \u00e0 corros\u00e3o.<\/li>\n<li>Leve e perfeito para refei\u00e7\u00f5es frias, snacks ou armazenamento \u00e0 prova de fugas.<\/li>\n<\/ul>\n<\/li>\n<\/ul>\n<h4 class=\"header-ZWWO7s auto-hide-last-sibling-br\">2.\u00a0<strong>Design amov\u00edvel para uma manuten\u00e7\u00e3o f\u00e1cil<\/strong><\/h4>\n<ul class=\"auto-hide-last-sibling-br\">\n<li>Os forros separam-se do revestimento exterior para uma limpeza completa (sem cantos dif\u00edceis de alcan\u00e7ar).<\/li>\n<li>Os revestimentos substitu\u00edveis prolongam a vida \u00fatil do produto - troque os materiais com base nos tipos de refei\u00e7\u00f5es ou prefer\u00eancias.<\/li>\n<\/ul>\n<h4 class=\"header-ZWWO7s auto-hide-last-sibling-br\">3.\u00a0<strong>Constru\u00e7\u00e3o isolada e \u00e0 prova de fugas<\/strong><\/h4>\n<ul class=\"auto-hide-last-sibling-br\">\n<li>As tampas seladas com silicone evitam derrames, adequadas para sopas, saladas ou molhos.<\/li>\n<li>Walled outer shells provide thermal insulation:\n<ul class=\"auto-hide-last-sibling-br\">\n<li>Mant\u00e9m a comida quente durante 4-6 horas*<\/li>\n<li>Maintains cold items fresh for 6\u20138 hours<\/li>\n<\/ul>\n<\/li>\n<\/ul>\n<p>&nbsp;<\/p>\n<div class=\"auto-hide-last-sibling-br paragraph-jgxDqs paragraph-element br-paragraph-space\">\n<h4 class=\"header-ZWWO7s auto-hide-last-sibling-br\">4.\u00a0<strong>Materiais ecol\u00f3gicos e seguros<\/strong><\/h4>\n<ul class=\"auto-hide-last-sibling-br\">\n<li>Todos os revestimentos e conchas n\u00e3o cont\u00eam BPA, s\u00e3o certificados pela FDA e cumprem as normas de seguran\u00e7a alimentar da UE.<\/li>\n<li>Os revestimentos em cer\u00e2mica e vidro n\u00e3o s\u00e3o t\u00f3xicos e n\u00e3o cont\u00eam metais pesados, sendo ideais para utilizadores preocupados com a sa\u00fade.<\/li>\n<\/ul>\n<h3 class=\"header-ZWWO7s auto-hide-last-sibling-br\">Servi\u00e7os de venda por grosso e personaliza\u00e7\u00e3o<\/h3>\n<div class=\"auto-hide-last-sibling-br paragraph-jgxDqs paragraph-element br-paragraph-space\">Como um fabricante l\u00edder, n\u00f3s oferecemos:<\/div>\n<p>&nbsp;<\/p>\n<ul class=\"auto-hide-last-sibling-br\">\n<li><strong>Descontos para encomendas em massa<\/strong>: Pre\u00e7os competitivos para encomendas \u2265200 unidades, com or\u00e7amentos \u00e0 medida para compras em grande escala.<\/li>\n<li><strong>Capacidades OEM\/ODM<\/strong>:\n<ul class=\"auto-hide-last-sibling-br\">\n<li><strong>Marca<\/strong>: Incorpora\u00e7\u00e3o de log\u00f3tipos atrav\u00e9s de grava\u00e7\u00e3o a laser, serigrafia ou etiquetas em relevo.<\/li>\n<li><strong>Revestimentos personalizados<\/strong>: Obter materiais espec\u00edficos (por exemplo, cer\u00e2mica colorida, vidro com padr\u00e3o) ou ajustar a espessura do revestimento.<\/li>\n<li><strong>Embalagem<\/strong>: Conceber caixas personalizadas, inser\u00e7\u00f5es ou inv\u00f3lucros ecol\u00f3gicos para aumentar a atratividade da venda a retalho.<\/li>\n<\/ul>\n<\/li>\n<li><strong>Teste de amostras<\/strong>: Solicite amostras gr\u00e1tis para avaliar a qualidade do material, a funcionalidade e o design antes de efetuar encomendas em massa.<\/li>\n<\/ul>\n<\/div>","protected":false},"featured_media":12330,"comment_status":"closed","ping_status":"closed","template":"","meta":[],"product_cat":[58],"product_tag":[86,124,91,123],"class_list":{"0":"post-12328","1":"product","2":"type-product","3":"status-publish","4":"has-post-thumbnail","6":"product_cat-lunch-box-wholesale","7":"product_tag-wholesale-insulated-lunch-box","8":"product_tag-luch-box","9":"product_tag-wholesale-round-lunch-box","10":"product_tag-vacuum-container","12":"first","13":"instock","14":"shipping-taxable","15":"product-type-simple"},"_links":{"self":[{"href":"https:\/\/moyahousehold.com\/pt\/wp-json\/wp\/v2\/product\/12328","targetHints":{"allow":["GET"]}}],"collection":[{"href":"https:\/\/moyahousehold.com\/pt\/wp-json\/wp\/v2\/product"}],"about":[{"href":"https:\/\/moyahousehold.com\/pt\/wp-json\/wp\/v2\/types\/product"}],"replies":[{"embeddable":true,"href":"https:\/\/moyahousehold.com\/pt\/wp-json\/wp\/v2\/comments?post=12328"}],"version-history":[{"count":2,"href":"https:\/\/moyahousehold.com\/pt\/wp-json\/wp\/v2\/product\/12328\/revisions"}],"predecessor-version":[{"id":13105,"href":"https:\/\/moyahousehold.com\/pt\/wp-json\/wp\/v2\/product\/12328\/revisions\/13105"}],"wp:featuredmedia":[{"embeddable":true,"href":"https:\/\/moyahousehold.com\/pt\/wp-json\/wp\/v2\/media\/12330"}],"wp:attachment":[{"href":"https:\/\/moyahousehold.com\/pt\/wp-json\/wp\/v2\/media?parent=12328"}],"wp:term":[{"taxonomy":"product_cat","embeddable":true,"href":"https:\/\/moyahousehold.com\/pt\/wp-json\/wp\/v2\/product_cat?post=12328"},{"taxonomy":"product_tag","embeddable":true,"href":"https:\/\/moyahousehold.com\/pt\/wp-json\/wp\/v2\/product_tag?post=12328"}],"curies":[{"name":"wp","href":"https:\/\/api.w.org\/{rel}","templated":true}]}}