{"id":12477,"date":"2026-04-02T02:08:57","date_gmt":"2026-04-02T01:13:18","guid":{"rendered":"https:\/\/moyahousehold.com\/?post_type=product&#038;p=12477"},"modified":"2026-04-15T05:59:15","modified_gmt":"2026-04-15T05:59:15","slug":"moya-polished-stainless-steel-salad-bowl-set-with-grater-transparent-lids-nestable-kitchen-storage","status":"publish","type":"product","link":"https:\/\/moyahousehold.com\/pt\/produto\/moya-polished-stainless-steel-salad-bowl-set-with-grater-transparent-lids-nestable-kitchen-storage\/","title":{"rendered":"MOYA Polished Stainless Steel Salad Bowl Set with Grater &amp; Transparent Lids | Nestable Kitchen Storage"},"content":{"rendered":"<figure class=\"wp-block-image size-full\"><img fetchpriority=\"high\" decoding=\"async\" width=\"3360\" height=\"2240\" src=\"https:\/\/moyahousehold.com\/wp-content\/uploads\/2026\/04\/9.jpg\" alt=\"MOYA Stainless Steel Salad Bowl Set with 3 Grater Plates &amp; Transparent Lids\" class=\"wp-image-12483\" srcset=\"https:\/\/moyahousehold.com\/wp-content\/uploads\/2026\/04\/9.jpg 3360w, https:\/\/moyahousehold.com\/wp-content\/uploads\/2026\/04\/9-300x200.jpg 300w, https:\/\/moyahousehold.com\/wp-content\/uploads\/2026\/04\/9-768x512.jpg 768w, https:\/\/moyahousehold.com\/wp-content\/uploads\/2026\/04\/9-18x12.jpg 18w, https:\/\/moyahousehold.com\/wp-content\/uploads\/2026\/04\/9-285x190.jpg 285w, https:\/\/moyahousehold.com\/wp-content\/uploads\/2026\/04\/9-1600x1067.jpg 1600w, https:\/\/moyahousehold.com\/wp-content\/uploads\/2026\/04\/9-660x440.jpg 660w, https:\/\/moyahousehold.com\/wp-content\/uploads\/2026\/04\/9-150x100.jpg 150w\" sizes=\"(max-width: 3360px) 100vw, 3360px\" \/><\/figure>\n\n\n\n<div class=\"wp-block-columns is-layout-flex wp-container-core-columns-is-layout-9d6595d7 wp-block-columns-is-layout-flex\">\n<div class=\"wp-block-column is-layout-flow wp-block-column-is-layout-flow\">\n<h3 class=\"wp-block-heading\">Par\u00e2metros da saladeira personaliz\u00e1vel<\/h3>\n\n\n\n<figure class=\"wp-block-table\"><table class=\"has-fixed-layout\"><tbody><tr><td><strong>Item<\/strong><\/td><td><strong>Material<\/strong><\/td><td><strong>Cor<\/strong><\/td><td><strong>Capacidade<\/strong><\/td><td><strong>Tamanho\/PCS<\/strong><\/td><td><strong>N.W.\/PCS<\/strong><\/td><td><strong>G.W.\/Caso<\/strong><\/td><\/tr><tr><td>MYDS027<\/td><td rowspan=\"5\">Bowl:201<br>Planer:430<br>Lid:AS+PE<\/td><td rowspan=\"5\">A\u00e7o<\/td><td>16\/20\/24cm<\/td><td>16cm:17.36*10.2<br>20cm:21.4*12.6<br>24cm:25.4*14.3<\/td><td>1.54<\/td><td>2.04<\/td><\/tr><\/tbody><\/table><\/figure>\n\n\n\n<h3 class=\"wp-block-heading\">Op\u00e7\u00f5es de saladeiras personalizadas<\/h3>\n\n\n\n<p><strong>Log\u00f3tipo<\/strong>: Custom your brand logo on food containers and package.<br><strong>Logo Options<\/strong>: Printed logo, laser engraved logo, etc.<br><strong>Padr\u00e3o<\/strong>: Printing patterns on salad bowl.<br><strong>Printing Technology<\/strong>: screen transfer, heat transfer, water transfer printing to add patterns to your products.<br><strong>Embalagem<\/strong>: caixa de cor<br><a href=\"https:\/\/moyahousehold.com\/pt\/solucao-personalizada\/\"><strong>Explorar mais personaliza\u00e7\u00e3o<\/strong><\/a><\/p>\n<\/div>\n<\/div>\n\n\n\n<div class=\"wp-block-columns is-layout-flex wp-container-core-columns-is-layout-9d6595d7 wp-block-columns-is-layout-flex\">\n<div class=\"wp-block-column is-layout-flow wp-block-column-is-layout-flow\">\n<figure class=\"wp-block-image size-full\"><img decoding=\"async\" width=\"800\" height=\"800\" src=\"https:\/\/moyahousehold.com\/wp-content\/uploads\/2026\/04\/1-5.jpg\" alt=\"MOYA Multifunctional Stainless Steel Mixing Bowls with Non-Slip Base, Handle &amp; Grater Attachments\" class=\"wp-image-12482\" srcset=\"https:\/\/moyahousehold.com\/wp-content\/uploads\/2026\/04\/1-5.jpg 800w, https:\/\/moyahousehold.com\/wp-content\/uploads\/2026\/04\/1-5-300x300.jpg 300w, https:\/\/moyahousehold.com\/wp-content\/uploads\/2026\/04\/1-5-150x150.jpg 150w, https:\/\/moyahousehold.com\/wp-content\/uploads\/2026\/04\/1-5-768x768.jpg 768w, https:\/\/moyahousehold.com\/wp-content\/uploads\/2026\/04\/1-5-12x12.jpg 12w, https:\/\/moyahousehold.com\/wp-content\/uploads\/2026\/04\/1-5-285x285.jpg 285w, https:\/\/moyahousehold.com\/wp-content\/uploads\/2026\/04\/1-5-270x270.jpg 270w, https:\/\/moyahousehold.com\/wp-content\/uploads\/2026\/04\/1-5-540x540.jpg 540w, https:\/\/moyahousehold.com\/wp-content\/uploads\/2026\/04\/1-5-660x660.jpg 660w\" sizes=\"(max-width: 800px) 100vw, 800px\" \/><\/figure>\n<\/div>\n\n\n\n<div class=\"wp-block-column is-layout-flow wp-block-column-is-layout-flow\">\n<figure class=\"wp-block-image size-full\"><img decoding=\"async\" width=\"800\" height=\"800\" src=\"https:\/\/moyahousehold.com\/wp-content\/uploads\/2026\/04\/6-2.jpg\" alt=\"MOYA Stainless Steel Salad Bowl Set with 3 Grater Plates &amp; Transparent Lids\" class=\"wp-image-12489\" srcset=\"https:\/\/moyahousehold.com\/wp-content\/uploads\/2026\/04\/6-2.jpg 800w, https:\/\/moyahousehold.com\/wp-content\/uploads\/2026\/04\/6-2-300x300.jpg 300w, https:\/\/moyahousehold.com\/wp-content\/uploads\/2026\/04\/6-2-150x150.jpg 150w, https:\/\/moyahousehold.com\/wp-content\/uploads\/2026\/04\/6-2-768x768.jpg 768w, https:\/\/moyahousehold.com\/wp-content\/uploads\/2026\/04\/6-2-12x12.jpg 12w, https:\/\/moyahousehold.com\/wp-content\/uploads\/2026\/04\/6-2-285x285.jpg 285w, https:\/\/moyahousehold.com\/wp-content\/uploads\/2026\/04\/6-2-270x270.jpg 270w, https:\/\/moyahousehold.com\/wp-content\/uploads\/2026\/04\/6-2-540x540.jpg 540w, https:\/\/moyahousehold.com\/wp-content\/uploads\/2026\/04\/6-2-660x660.jpg 660w\" sizes=\"(max-width: 800px) 100vw, 800px\" \/><\/figure>\n<\/div>\n<\/div>\n\n\n\n<div class=\"wp-block-columns is-layout-flex wp-container-core-columns-is-layout-9d6595d7 wp-block-columns-is-layout-flex\">\n<div class=\"wp-block-column is-layout-flow wp-block-column-is-layout-flow\">\n<figure class=\"wp-block-image size-full\"><img loading=\"lazy\" decoding=\"async\" width=\"800\" height=\"800\" src=\"https:\/\/moyahousehold.com\/wp-content\/uploads\/2026\/04\/8.jpg\" alt=\"MOYA Stainless Steel Salad Bowl Set with 3 Grater Plates &amp; Transparent Lids\" class=\"wp-image-12485\" srcset=\"https:\/\/moyahousehold.com\/wp-content\/uploads\/2026\/04\/8.jpg 800w, https:\/\/moyahousehold.com\/wp-content\/uploads\/2026\/04\/8-300x300.jpg 300w, https:\/\/moyahousehold.com\/wp-content\/uploads\/2026\/04\/8-150x150.jpg 150w, https:\/\/moyahousehold.com\/wp-content\/uploads\/2026\/04\/8-768x768.jpg 768w, https:\/\/moyahousehold.com\/wp-content\/uploads\/2026\/04\/8-12x12.jpg 12w, https:\/\/moyahousehold.com\/wp-content\/uploads\/2026\/04\/8-285x285.jpg 285w, https:\/\/moyahousehold.com\/wp-content\/uploads\/2026\/04\/8-270x270.jpg 270w, https:\/\/moyahousehold.com\/wp-content\/uploads\/2026\/04\/8-540x540.jpg 540w, https:\/\/moyahousehold.com\/wp-content\/uploads\/2026\/04\/8-660x660.jpg 660w\" sizes=\"(max-width: 800px) 100vw, 800px\" \/><\/figure>\n<\/div>\n\n\n\n<div class=\"wp-block-column is-layout-flow wp-block-column-is-layout-flow\">\n<figure class=\"wp-block-image size-full\"><img loading=\"lazy\" decoding=\"async\" width=\"800\" height=\"800\" src=\"https:\/\/moyahousehold.com\/wp-content\/uploads\/2026\/04\/2-3.jpg\" alt=\"MOYA Stainless Steel Salad Bowl Set with 3 Grater Plates &amp; Transparent Lids\" class=\"wp-image-12484\" srcset=\"https:\/\/moyahousehold.com\/wp-content\/uploads\/2026\/04\/2-3.jpg 800w, https:\/\/moyahousehold.com\/wp-content\/uploads\/2026\/04\/2-3-300x300.jpg 300w, https:\/\/moyahousehold.com\/wp-content\/uploads\/2026\/04\/2-3-150x150.jpg 150w, https:\/\/moyahousehold.com\/wp-content\/uploads\/2026\/04\/2-3-768x768.jpg 768w, https:\/\/moyahousehold.com\/wp-content\/uploads\/2026\/04\/2-3-12x12.jpg 12w, https:\/\/moyahousehold.com\/wp-content\/uploads\/2026\/04\/2-3-285x285.jpg 285w, https:\/\/moyahousehold.com\/wp-content\/uploads\/2026\/04\/2-3-270x270.jpg 270w, https:\/\/moyahousehold.com\/wp-content\/uploads\/2026\/04\/2-3-540x540.jpg 540w, https:\/\/moyahousehold.com\/wp-content\/uploads\/2026\/04\/2-3-660x660.jpg 660w\" sizes=\"(max-width: 800px) 100vw, 800px\" \/><\/figure>\n<\/div>\n<\/div>\n\n\n\n<div class=\"wp-block-columns is-layout-flex wp-container-core-columns-is-layout-9d6595d7 wp-block-columns-is-layout-flex\">\n<div class=\"wp-block-column is-layout-flow wp-block-column-is-layout-flow\">\n<figure class=\"wp-block-image size-full\"><img loading=\"lazy\" decoding=\"async\" width=\"4160\" height=\"6240\" src=\"https:\/\/moyahousehold.com\/wp-content\/uploads\/2026\/04\/6-1.jpg\" alt=\"MOYA Stainless Steel Salad Bowl Set with 3 Grater Plates &amp; Transparent Lids\" class=\"wp-image-12486\" srcset=\"https:\/\/moyahousehold.com\/wp-content\/uploads\/2026\/04\/6-1.jpg 4160w, https:\/\/moyahousehold.com\/wp-content\/uploads\/2026\/04\/6-1-200x300.jpg 200w, https:\/\/moyahousehold.com\/wp-content\/uploads\/2026\/04\/6-1-768x1152.jpg 768w, https:\/\/moyahousehold.com\/wp-content\/uploads\/2026\/04\/6-1-8x12.jpg 8w, https:\/\/moyahousehold.com\/wp-content\/uploads\/2026\/04\/6-1-285x428.jpg 285w, https:\/\/moyahousehold.com\/wp-content\/uploads\/2026\/04\/6-1-1600x2400.jpg 1600w, https:\/\/moyahousehold.com\/wp-content\/uploads\/2026\/04\/6-1-440x660.jpg 440w, https:\/\/moyahousehold.com\/wp-content\/uploads\/2026\/04\/6-1-100x150.jpg 100w\" sizes=\"(max-width: 4160px) 100vw, 4160px\" \/><\/figure>\n<\/div>\n\n\n\n<div class=\"wp-block-column is-layout-flow wp-block-column-is-layout-flow\">\n<figure class=\"wp-block-image size-full\"><img loading=\"lazy\" decoding=\"async\" width=\"4160\" height=\"6240\" src=\"https:\/\/moyahousehold.com\/wp-content\/uploads\/2026\/04\/4-3.jpg\" alt=\"MOYA Stainless Steel Salad Bowl Set with 3 Grater Plates &amp; Transparent Lids\" class=\"wp-image-12487\" srcset=\"https:\/\/moyahousehold.com\/wp-content\/uploads\/2026\/04\/4-3.jpg 4160w, https:\/\/moyahousehold.com\/wp-content\/uploads\/2026\/04\/4-3-200x300.jpg 200w, https:\/\/moyahousehold.com\/wp-content\/uploads\/2026\/04\/4-3-768x1152.jpg 768w, https:\/\/moyahousehold.com\/wp-content\/uploads\/2026\/04\/4-3-8x12.jpg 8w, https:\/\/moyahousehold.com\/wp-content\/uploads\/2026\/04\/4-3-285x428.jpg 285w, https:\/\/moyahousehold.com\/wp-content\/uploads\/2026\/04\/4-3-1600x2400.jpg 1600w, https:\/\/moyahousehold.com\/wp-content\/uploads\/2026\/04\/4-3-440x660.jpg 440w, https:\/\/moyahousehold.com\/wp-content\/uploads\/2026\/04\/4-3-100x150.jpg 100w\" sizes=\"(max-width: 4160px) 100vw, 4160px\" \/><\/figure>\n<\/div>\n<\/div>\n\n\n\n<p><\/p>","protected":false},"excerpt":{"rendered":"<div class=\"inter-jQQQ8P\">\n<div class=\"container-PrUkKo\">\n<div class=\"item-hGGxLi\">\n<div class=\"container-arOxqB chrome70-container\">\n<div class=\"inner-FyM8gE inner-item-swzCut\" data-target-id=\"message-box-target-id\" data-testid=\"union_message\">\n<div class=\"message-block-container-aFugD6\" data-testid=\"message-block-container\">\n<div class=\"flex flex-row w-full w-full max-w-full s-font-base text-s-color-text-secondary p-0 rounded-s-radius-s bg-transparent group data-[attr=select-mode]:-mt-10 data-[attr=select-mode]:py-10 data-[attr=select-mode]:px-16 data-[attr=select-mode]:sm:p-10 data-[attr=select-mode]:hover:bg-s-color-bg-base data-[attr=select-mode]:hover:rounded-s-radius-xs data-[attr=select-mode]:has-[:checked]:bg-s-color-bg-trans data-[attr=select-mode]:has-[:checked]:rounded-s-radius-xs data-[attr=select-mode]:pointer-events-none\" data-testid=\"receive_message\">\n<div class=\"flex flex-col flex-grow max-w-full min-w-0\">\n<div class=\"flex flex-row w-full\" data-testid=\"message_content\" data-message-id=\"12338308568531714\">\n<div class=\"w-full\" data-plugin-identifier=\"Symbol(infra:receive-message-box:text)\">\n<div class=\"container-ZYIsnH flow-markdown-body theme-samantha-Nbr9UN\" dir=\"ltr\" data-testid=\"message_text_content\" data-show-indicator=\"false\">\n<h3 class=\"header-vfC6AV auto-hide-last-sibling-br\">Carater\u00edsticas e vantagens da saladeira personaliz\u00e1vel<\/h3>\n<h3 class=\"header-vfC6AV auto-hide-last-sibling-br\">201 Stainless Steel Material<\/h3>\n<div class=\"auto-hide-last-sibling-br paragraph-JOTKXA paragraph-element br-paragraph-space\">Crafted from high &#8211; quality 201 stainless steel, with the inner wall polished. It effectively prevents food from sticking, making cleaning a breeze, and ensures long &#8211; lasting durability.<\/div>\n<h3 class=\"header-vfC6AV auto-hide-last-sibling-br\">Marca\u00e7\u00f5es de volume incorporadas<\/h3>\n<div class=\"auto-hide-last-sibling-br paragraph-JOTKXA paragraph-element br-paragraph-space\">Esta saladeira vem com marca\u00e7\u00f5es de volume claras e f\u00e1ceis de ler. Ajuda-o a controlar com precis\u00e3o as quantidades dos ingredientes, a evitar desperd\u00edcios e a garantir sabores perfeitos para cada prato.<\/div>\n<h3 class=\"header-vfC6AV auto-hide-last-sibling-br\">Utiliza\u00e7\u00e3o vers\u00e1til<\/h3>\n<div class=\"auto-hide-last-sibling-br paragraph-JOTKXA paragraph-element br-paragraph-space\">N\u00e3o apenas para saladas! Ideal para lavar arroz, limpar legumes, frutas ou coar ingredientes de gr\u00e3o pequeno, satisfazendo v\u00e1rias necessidades na cozinha.<\/div>\n<h3 class=\"header-vfC6AV auto-hide-last-sibling-br\">Design da tampa selada<\/h3>\n<div class=\"auto-hide-last-sibling-br paragraph-JOTKXA paragraph-element br-paragraph-space\">Equipado com uma tampa bem ajustada, forma um espa\u00e7o herm\u00e9tico. Mant\u00e9m o conte\u00fado fresco, quer seja para armazenar ingredientes preparados ou sobras de saladas.<\/div>\n<h3 class=\"header-vfC6AV auto-hide-last-sibling-br\">Servi\u00e7os de personaliza\u00e7\u00e3o<\/h3>\n<div class=\"auto-hide-last-sibling-br paragraph-JOTKXA paragraph-element br-paragraph-space\">Como fabricante, oferecemos op\u00e7\u00f5es OEM e ODM. Personalize o aspeto, o tamanho e o log\u00f3tipo para criar a sua saladeira \u00fanica e alinhada com a marca. Contacte-nos para obter solu\u00e7\u00f5es \u00e0 medida.<\/div>\n<\/div>\n<\/div>\n<\/div>\n<\/div>\n<\/div>\n<\/div>\n<\/div>\n<\/div>\n<\/div>\n<\/div>\n<\/div>","protected":false},"featured_media":12479,"comment_status":"open","ping_status":"closed","template":"","meta":[],"product_cat":[55],"product_tag":[114,112,110],"class_list":{"0":"post-12477","1":"product","2":"type-product","3":"status-publish","4":"has-post-thumbnail","6":"product_cat-salad-bowl-wholesale","7":"product_tag-breakfest-cup","8":"product_tag-mixing-bowl","9":"product_tag-salad-bowl","11":"first","12":"instock","13":"shipping-taxable","14":"product-type-simple"},"_links":{"self":[{"href":"https:\/\/moyahousehold.com\/pt\/wp-json\/wp\/v2\/product\/12477","targetHints":{"allow":["GET"]}}],"collection":[{"href":"https:\/\/moyahousehold.com\/pt\/wp-json\/wp\/v2\/product"}],"about":[{"href":"https:\/\/moyahousehold.com\/pt\/wp-json\/wp\/v2\/types\/product"}],"replies":[{"embeddable":true,"href":"https:\/\/moyahousehold.com\/pt\/wp-json\/wp\/v2\/comments?post=12477"}],"version-history":[{"count":1,"href":"https:\/\/moyahousehold.com\/pt\/wp-json\/wp\/v2\/product\/12477\/revisions"}],"predecessor-version":[{"id":13099,"href":"https:\/\/moyahousehold.com\/pt\/wp-json\/wp\/v2\/product\/12477\/revisions\/13099"}],"wp:featuredmedia":[{"embeddable":true,"href":"https:\/\/moyahousehold.com\/pt\/wp-json\/wp\/v2\/media\/12479"}],"wp:attachment":[{"href":"https:\/\/moyahousehold.com\/pt\/wp-json\/wp\/v2\/media?parent=12477"}],"wp:term":[{"taxonomy":"product_cat","embeddable":true,"href":"https:\/\/moyahousehold.com\/pt\/wp-json\/wp\/v2\/product_cat?post=12477"},{"taxonomy":"product_tag","embeddable":true,"href":"https:\/\/moyahousehold.com\/pt\/wp-json\/wp\/v2\/product_tag?post=12477"}],"curies":[{"name":"wp","href":"https:\/\/api.w.org\/{rel}","templated":true}]}}