{"id":12664,"date":"2026-04-07T08:22:54","date_gmt":"2026-04-07T05:57:26","guid":{"rendered":"https:\/\/moyahousehold.com\/?post_type=product&#038;p=12664"},"modified":"2026-04-07T08:25:56","modified_gmt":"2026-04-07T08:25:56","slug":"wholesale-food-container-supplier-introducing-korean-style-lunch-box-series","status":"publish","type":"product","link":"https:\/\/moyahousehold.com\/pt\/produto\/wholesale-food-container-supplier-introducing-korean-style-lunch-box-series\/","title":{"rendered":"Wholesale Food Container Supplier \u2014 Introducing Korean Style Lunch Box Series"},"content":{"rendered":"<p><strong>Material:<\/strong> 304 + PP<strong> Cor:<\/strong> Steel\/Beige\/Khaki\/Mint Green\/Deep Green<\/p>\n\n\n\n<figure class=\"wp-block-table\"><table class=\"has-fixed-layout\"><tbody><tr><td>Item<\/td><td>Material<\/td><td>Cor<\/td><td>Capacidade<\/td><td>Tamanho\/PCS<\/td><td>PCS\/Caixa<\/td><td>N.W.\/PCS<\/td><td>G.W.\/Caso<\/td><\/tr><tr><td>MYJD227<\/td><td rowspan=\"6\">304 + PP<\/td><td rowspan=\"3\">Steel+Transparent cover with white\/yellow hook<\/td><td>600ml<\/td><td>14.5*11*7<\/td><td>80<\/td><td>0.2<\/td><td>18.0<\/td><\/tr><tr><td>MYJD228<\/td><td>900ml<\/td><td>17*12.5*8<\/td><td>60<\/td><td>0.26<\/td><td>17.6\u00a0<\/td><\/tr><tr><td>MYJD229<\/td><td>1500ml<\/td><td>19.5*14*9<\/td><td>60<\/td><td>0.36<\/td><td>23.6<\/td><\/tr><tr><td>MYJD230<\/td><td rowspan=\"3\">Beige\/Khaki\/Mint green\/Deep Green<br>coating body<\/td><td>600ml<\/td><td>14.5*11*7<\/td><td>80<\/td><td>0.2<\/td><td>18.0\u00a0<\/td><\/tr><tr><td>MYJD231<\/td><td>900ml<\/td><td>17*12.5*8<\/td><td>60<\/td><td>0.26<\/td><td>17.6\u00a0<\/td><\/tr><tr><td>MYJD232<\/td><td>1500ml<\/td><td>19.5*14*9<\/td><td>60<\/td><td>0.36<\/td><td>23.6\u00a0<\/td><\/tr><\/tbody><\/table><\/figure>\n\n\n\n<h3 class=\"wp-block-heading\">Op\u00e7\u00f5es de lancheiras personalizadas<\/h3>\n\n\n\n<p><strong>Log\u00f3tipo<\/strong>: Customize your brand logo on the stainless steel bento box and packaging.<br><strong>Logo Options<\/strong>: Printed logo, laser engraved logo, etc.<br><strong>Padr\u00e3o<\/strong>: Printing patterns on products and packaging.<br><strong>Printing Technology<\/strong>: Water transfer printing, silk screen printing, heat transfer printing,sublimation transfer, etc.<br><strong>Embalagem:<\/strong> Color box.<br><a href=\"https:\/\/moyahousehold.com\/pt\/solucao-personalizada\/\"><strong>Saiba mais sobre as solu\u00e7\u00f5es de lancheiras personalizadas.<\/strong><\/a><\/p>\n\n\n\n<div class=\"wp-block-columns is-layout-flex wp-container-core-columns-is-layout-9d6595d7 wp-block-columns-is-layout-flex\">\n<div class=\"wp-block-column is-layout-flow wp-block-column-is-layout-flow\">\n<div class=\"wp-block-columns is-layout-flex wp-container-core-columns-is-layout-9d6595d7 wp-block-columns-is-layout-flex\">\n<div class=\"wp-block-column is-layout-flow wp-block-column-is-layout-flow\">\n<figure class=\"wp-block-image size-full\"><img fetchpriority=\"high\" decoding=\"async\" width=\"4095\" height=\"4095\" src=\"https:\/\/moyahousehold.com\/wp-content\/uploads\/2026\/04\/wholesale-food-container-suppliers-11.jpg\" alt=\"Korean Style Rectangular Food Containers | Stainless Steel\/Plastic with Airtight Lids, Solid Color (Beige\/Brown) &amp; Spray-Painted Design, for Meal Prep, Fridge Storage, Leftovers\" class=\"wp-image-12667\" srcset=\"https:\/\/moyahousehold.com\/wp-content\/uploads\/2026\/04\/wholesale-food-container-suppliers-11.jpg 4095w, https:\/\/moyahousehold.com\/wp-content\/uploads\/2026\/04\/wholesale-food-container-suppliers-11-300x300.jpg 300w, https:\/\/moyahousehold.com\/wp-content\/uploads\/2026\/04\/wholesale-food-container-suppliers-11-150x150.jpg 150w, https:\/\/moyahousehold.com\/wp-content\/uploads\/2026\/04\/wholesale-food-container-suppliers-11-768x768.jpg 768w, https:\/\/moyahousehold.com\/wp-content\/uploads\/2026\/04\/wholesale-food-container-suppliers-11-12x12.jpg 12w, https:\/\/moyahousehold.com\/wp-content\/uploads\/2026\/04\/wholesale-food-container-suppliers-11-285x285.jpg 285w, https:\/\/moyahousehold.com\/wp-content\/uploads\/2026\/04\/wholesale-food-container-suppliers-11-1600x1600.jpg 1600w, https:\/\/moyahousehold.com\/wp-content\/uploads\/2026\/04\/wholesale-food-container-suppliers-11-270x270.jpg 270w, https:\/\/moyahousehold.com\/wp-content\/uploads\/2026\/04\/wholesale-food-container-suppliers-11-540x540.jpg 540w, https:\/\/moyahousehold.com\/wp-content\/uploads\/2026\/04\/wholesale-food-container-suppliers-11-660x660.jpg 660w\" sizes=\"(max-width: 4095px) 100vw, 4095px\" \/><\/figure>\n<\/div>\n\n\n\n<div class=\"wp-block-column is-layout-flow wp-block-column-is-layout-flow\">\n<figure class=\"wp-block-image size-full\"><img decoding=\"async\" width=\"4122\" height=\"4122\" src=\"https:\/\/moyahousehold.com\/wp-content\/uploads\/2026\/04\/wholesale-food-container-suppliers-9.jpg\" alt=\"Korean Style Rectangular Food Containers | Stainless Steel\/Plastic with Airtight Lids, Solid Color (Beige\/Brown) &amp; Spray-Painted Design, for Meal Prep, Fridge Storage, Leftovers\" class=\"wp-image-12665\" srcset=\"https:\/\/moyahousehold.com\/wp-content\/uploads\/2026\/04\/wholesale-food-container-suppliers-9.jpg 4122w, https:\/\/moyahousehold.com\/wp-content\/uploads\/2026\/04\/wholesale-food-container-suppliers-9-300x300.jpg 300w, https:\/\/moyahousehold.com\/wp-content\/uploads\/2026\/04\/wholesale-food-container-suppliers-9-150x150.jpg 150w, https:\/\/moyahousehold.com\/wp-content\/uploads\/2026\/04\/wholesale-food-container-suppliers-9-768x768.jpg 768w, https:\/\/moyahousehold.com\/wp-content\/uploads\/2026\/04\/wholesale-food-container-suppliers-9-12x12.jpg 12w, https:\/\/moyahousehold.com\/wp-content\/uploads\/2026\/04\/wholesale-food-container-suppliers-9-285x285.jpg 285w, https:\/\/moyahousehold.com\/wp-content\/uploads\/2026\/04\/wholesale-food-container-suppliers-9-1600x1600.jpg 1600w, https:\/\/moyahousehold.com\/wp-content\/uploads\/2026\/04\/wholesale-food-container-suppliers-9-270x270.jpg 270w, https:\/\/moyahousehold.com\/wp-content\/uploads\/2026\/04\/wholesale-food-container-suppliers-9-540x540.jpg 540w, https:\/\/moyahousehold.com\/wp-content\/uploads\/2026\/04\/wholesale-food-container-suppliers-9-660x660.jpg 660w\" sizes=\"(max-width: 4122px) 100vw, 4122px\" \/><\/figure>\n<\/div>\n<\/div>\n<\/div>\n<\/div>\n\n\n\n<div class=\"wp-block-columns is-layout-flex wp-container-core-columns-is-layout-9d6595d7 wp-block-columns-is-layout-flex\">\n<div class=\"wp-block-column is-layout-flow wp-block-column-is-layout-flow\">\n<figure class=\"wp-block-image size-full\"><img decoding=\"async\" width=\"4131\" height=\"4131\" src=\"https:\/\/moyahousehold.com\/wp-content\/uploads\/2026\/04\/wholesale-food-container-suppliers-8.jpg\" alt=\"Korean Style Rectangular Food Containers | Stainless Steel\/Plastic with Airtight Lids, Solid Color (Beige\/Brown) &amp; Spray-Painted Design, for Meal Prep, Fridge Storage, Leftovers\" class=\"wp-image-12668\" srcset=\"https:\/\/moyahousehold.com\/wp-content\/uploads\/2026\/04\/wholesale-food-container-suppliers-8.jpg 4131w, https:\/\/moyahousehold.com\/wp-content\/uploads\/2026\/04\/wholesale-food-container-suppliers-8-300x300.jpg 300w, https:\/\/moyahousehold.com\/wp-content\/uploads\/2026\/04\/wholesale-food-container-suppliers-8-150x150.jpg 150w, https:\/\/moyahousehold.com\/wp-content\/uploads\/2026\/04\/wholesale-food-container-suppliers-8-768x768.jpg 768w, https:\/\/moyahousehold.com\/wp-content\/uploads\/2026\/04\/wholesale-food-container-suppliers-8-12x12.jpg 12w, https:\/\/moyahousehold.com\/wp-content\/uploads\/2026\/04\/wholesale-food-container-suppliers-8-285x285.jpg 285w, https:\/\/moyahousehold.com\/wp-content\/uploads\/2026\/04\/wholesale-food-container-suppliers-8-1600x1600.jpg 1600w, https:\/\/moyahousehold.com\/wp-content\/uploads\/2026\/04\/wholesale-food-container-suppliers-8-270x270.jpg 270w, https:\/\/moyahousehold.com\/wp-content\/uploads\/2026\/04\/wholesale-food-container-suppliers-8-540x540.jpg 540w, https:\/\/moyahousehold.com\/wp-content\/uploads\/2026\/04\/wholesale-food-container-suppliers-8-660x660.jpg 660w\" sizes=\"(max-width: 4131px) 100vw, 4131px\" \/><\/figure>\n<\/div>\n\n\n\n<div class=\"wp-block-column is-layout-flow wp-block-column-is-layout-flow\">\n<figure class=\"wp-block-image size-full\"><img loading=\"lazy\" decoding=\"async\" width=\"3981\" height=\"3981\" src=\"https:\/\/moyahousehold.com\/wp-content\/uploads\/2026\/04\/wholesale-food-container-suppliers-3.jpg\" alt=\"Korean Style Rectangular Food Containers | Stainless Steel\/Plastic with Airtight Lids, Solid Color (Beige\/Brown) &amp; Spray-Painted Design, for Meal Prep, Fridge Storage, Leftovers\" class=\"wp-image-12666\" srcset=\"https:\/\/moyahousehold.com\/wp-content\/uploads\/2026\/04\/wholesale-food-container-suppliers-3.jpg 3981w, https:\/\/moyahousehold.com\/wp-content\/uploads\/2026\/04\/wholesale-food-container-suppliers-3-300x300.jpg 300w, https:\/\/moyahousehold.com\/wp-content\/uploads\/2026\/04\/wholesale-food-container-suppliers-3-150x150.jpg 150w, https:\/\/moyahousehold.com\/wp-content\/uploads\/2026\/04\/wholesale-food-container-suppliers-3-768x768.jpg 768w, https:\/\/moyahousehold.com\/wp-content\/uploads\/2026\/04\/wholesale-food-container-suppliers-3-12x12.jpg 12w, https:\/\/moyahousehold.com\/wp-content\/uploads\/2026\/04\/wholesale-food-container-suppliers-3-285x285.jpg 285w, https:\/\/moyahousehold.com\/wp-content\/uploads\/2026\/04\/wholesale-food-container-suppliers-3-1600x1600.jpg 1600w, https:\/\/moyahousehold.com\/wp-content\/uploads\/2026\/04\/wholesale-food-container-suppliers-3-270x270.jpg 270w, https:\/\/moyahousehold.com\/wp-content\/uploads\/2026\/04\/wholesale-food-container-suppliers-3-540x540.jpg 540w, https:\/\/moyahousehold.com\/wp-content\/uploads\/2026\/04\/wholesale-food-container-suppliers-3-660x660.jpg 660w\" sizes=\"(max-width: 3981px) 100vw, 3981px\" \/><\/figure>\n<\/div>\n<\/div>\n\n\n\n<div class=\"wp-block-group\"><div class=\"wp-block-group__inner-container is-layout-constrained wp-block-group-is-layout-constrained\">\n<div class=\"wp-block-columns is-layout-flex wp-container-core-columns-is-layout-9d6595d7 wp-block-columns-is-layout-flex\">\n<div class=\"wp-block-column is-layout-flow wp-block-column-is-layout-flow\">\n<div class=\"wp-block-columns is-layout-flex wp-container-core-columns-is-layout-9d6595d7 wp-block-columns-is-layout-flex\">\n<div class=\"wp-block-column is-layout-flow wp-block-column-is-layout-flow\">\n<figure class=\"wp-block-image size-full\"><img loading=\"lazy\" decoding=\"async\" width=\"4160\" height=\"6240\" src=\"https:\/\/moyahousehold.com\/wp-content\/uploads\/2026\/04\/JD-\u97e9\u5f0f\u957f\u65b9\u5f62\u4fdd\u9c9c\u76d2-12.jpg\" alt=\"Korean Style Rectangular Food Containers | Stainless Steel\/Plastic with Airtight Lids, Solid Color (Beige\/Brown) &amp; Spray-Painted Design, for Meal Prep, Fridge Storage, Leftovers\" class=\"wp-image-12669\" srcset=\"https:\/\/moyahousehold.com\/wp-content\/uploads\/2026\/04\/JD-\u97e9\u5f0f\u957f\u65b9\u5f62\u4fdd\u9c9c\u76d2-12.jpg 4160w, https:\/\/moyahousehold.com\/wp-content\/uploads\/2026\/04\/JD-\u97e9\u5f0f\u957f\u65b9\u5f62\u4fdd\u9c9c\u76d2-12-200x300.jpg 200w, https:\/\/moyahousehold.com\/wp-content\/uploads\/2026\/04\/JD-\u97e9\u5f0f\u957f\u65b9\u5f62\u4fdd\u9c9c\u76d2-12-768x1152.jpg 768w, https:\/\/moyahousehold.com\/wp-content\/uploads\/2026\/04\/JD-\u97e9\u5f0f\u957f\u65b9\u5f62\u4fdd\u9c9c\u76d2-12-8x12.jpg 8w, https:\/\/moyahousehold.com\/wp-content\/uploads\/2026\/04\/JD-\u97e9\u5f0f\u957f\u65b9\u5f62\u4fdd\u9c9c\u76d2-12-285x428.jpg 285w, https:\/\/moyahousehold.com\/wp-content\/uploads\/2026\/04\/JD-\u97e9\u5f0f\u957f\u65b9\u5f62\u4fdd\u9c9c\u76d2-12-1600x2400.jpg 1600w, https:\/\/moyahousehold.com\/wp-content\/uploads\/2026\/04\/JD-\u97e9\u5f0f\u957f\u65b9\u5f62\u4fdd\u9c9c\u76d2-12-440x660.jpg 440w, https:\/\/moyahousehold.com\/wp-content\/uploads\/2026\/04\/JD-\u97e9\u5f0f\u957f\u65b9\u5f62\u4fdd\u9c9c\u76d2-12-100x150.jpg 100w\" sizes=\"(max-width: 4160px) 100vw, 4160px\" \/><\/figure>\n<\/div>\n\n\n\n<div class=\"wp-block-column is-layout-flow wp-block-column-is-layout-flow\">\n<figure class=\"wp-block-image size-full\"><img loading=\"lazy\" decoding=\"async\" width=\"4160\" height=\"6240\" src=\"https:\/\/moyahousehold.com\/wp-content\/uploads\/2026\/04\/JD-\u97e9\u5f0f\u957f\u65b9\u5f62\u4fdd\u9c9c\u76d2-13-1.jpg\" alt=\"\" class=\"wp-image-12684\" srcset=\"https:\/\/moyahousehold.com\/wp-content\/uploads\/2026\/04\/JD-\u97e9\u5f0f\u957f\u65b9\u5f62\u4fdd\u9c9c\u76d2-13-1.jpg 4160w, https:\/\/moyahousehold.com\/wp-content\/uploads\/2026\/04\/JD-\u97e9\u5f0f\u957f\u65b9\u5f62\u4fdd\u9c9c\u76d2-13-1-200x300.jpg 200w, https:\/\/moyahousehold.com\/wp-content\/uploads\/2026\/04\/JD-\u97e9\u5f0f\u957f\u65b9\u5f62\u4fdd\u9c9c\u76d2-13-1-768x1152.jpg 768w, https:\/\/moyahousehold.com\/wp-content\/uploads\/2026\/04\/JD-\u97e9\u5f0f\u957f\u65b9\u5f62\u4fdd\u9c9c\u76d2-13-1-8x12.jpg 8w, https:\/\/moyahousehold.com\/wp-content\/uploads\/2026\/04\/JD-\u97e9\u5f0f\u957f\u65b9\u5f62\u4fdd\u9c9c\u76d2-13-1-285x428.jpg 285w, https:\/\/moyahousehold.com\/wp-content\/uploads\/2026\/04\/JD-\u97e9\u5f0f\u957f\u65b9\u5f62\u4fdd\u9c9c\u76d2-13-1-1600x2400.jpg 1600w, https:\/\/moyahousehold.com\/wp-content\/uploads\/2026\/04\/JD-\u97e9\u5f0f\u957f\u65b9\u5f62\u4fdd\u9c9c\u76d2-13-1-440x660.jpg 440w, https:\/\/moyahousehold.com\/wp-content\/uploads\/2026\/04\/JD-\u97e9\u5f0f\u957f\u65b9\u5f62\u4fdd\u9c9c\u76d2-13-1-100x150.jpg 100w\" sizes=\"(max-width: 4160px) 100vw, 4160px\" \/><\/figure>\n<\/div>\n<\/div>\n<\/div>\n<\/div>\n<\/div><\/div>\n\n\n\n<p><\/p>","protected":false},"excerpt":{"rendered":"<h1 class=\"header-vfC6AV auto-hide-last-sibling-br\">Wholesale Striped &#8211; Bottom Stainless Steel Fresh &#8211; keeping Containers<\/h1>\n<h2 class=\"header-vfC6AV auto-hide-last-sibling-br\">Vantagens do produto principal<\/h2>\n<h3 class=\"header-vfC6AV auto-hide-last-sibling-br\">Material em a\u00e7o inoxid\u00e1vel de qualidade alimentar<\/h3>\n<div class=\"auto-hide-last-sibling-br paragraph-JOTKXA paragraph-element br-paragraph-space\">Fabricado em a\u00e7o inoxid\u00e1vel de qualidade alimentar de primeira qualidade, certificado por organismos autorizados. N\u00e3o t\u00f3xico, resistente \u00e0 corros\u00e3o, sem odores. F\u00e1cil de limpar, seguro para contacto direto com os alimentos, protegendo a sa\u00fade alimentar.<\/div>\n<h3 class=\"header-vfC6AV auto-hide-last-sibling-br\">Diversos tamanhos e especifica\u00e7\u00f5es<\/h3>\n<div class=\"auto-hide-last-sibling-br paragraph-JOTKXA paragraph-element br-paragraph-space\">Oferece uma gama de tamanhos, desde mini para molhos\/snacks a grandes para refei\u00e7\u00f5es familiares. Adapta-se a diferentes necessidades de arruma\u00e7\u00e3o.<\/div>\n<h3 class=\"header-vfC6AV auto-hide-last-sibling-br\">Servi\u00e7os de personaliza\u00e7\u00e3o<\/h3>\n<div class=\"auto-hide-last-sibling-br paragraph-JOTKXA paragraph-element br-paragraph-space\">Supports OEM &amp; ODM: Customize lid patterns, container colors, logos. Ideal for personal use, corporate gifts, creating exclusive products.<\/div>\n<h3 class=\"header-vfC6AV auto-hide-last-sibling-br\">Descontos para compras em massa<\/h3>\n<div class=\"auto-hide-last-sibling-br paragraph-JOTKXA paragraph-element br-paragraph-space\">Pre\u00e7os atractivos para grossistas, retalhistas e empresas. Encomendas maiores, descontos maiores. Modelos flex\u00edveis reduzem os custos de aquisi\u00e7\u00e3o.<\/div>","protected":false},"featured_media":12677,"comment_status":"closed","ping_status":"closed","template":"","meta":[],"product_cat":[57],"product_tag":[142,87,92],"class_list":{"0":"post-12664","1":"product","2":"type-product","3":"status-publish","4":"has-post-thumbnail","6":"product_cat-food-storage-container-wholesale","7":"product_tag-food-container","8":"product_tag-wholesale-multi-compartment-lunch-box","9":"product_tag-wholesale-rectangle-lunch-box","11":"first","12":"instock","13":"shipping-taxable","14":"product-type-simple"},"_links":{"self":[{"href":"https:\/\/moyahousehold.com\/pt\/wp-json\/wp\/v2\/product\/12664","targetHints":{"allow":["GET"]}}],"collection":[{"href":"https:\/\/moyahousehold.com\/pt\/wp-json\/wp\/v2\/product"}],"about":[{"href":"https:\/\/moyahousehold.com\/pt\/wp-json\/wp\/v2\/types\/product"}],"replies":[{"embeddable":true,"href":"https:\/\/moyahousehold.com\/pt\/wp-json\/wp\/v2\/comments?post=12664"}],"version-history":[{"count":8,"href":"https:\/\/moyahousehold.com\/pt\/wp-json\/wp\/v2\/product\/12664\/revisions"}],"predecessor-version":[{"id":12692,"href":"https:\/\/moyahousehold.com\/pt\/wp-json\/wp\/v2\/product\/12664\/revisions\/12692"}],"wp:featuredmedia":[{"embeddable":true,"href":"https:\/\/moyahousehold.com\/pt\/wp-json\/wp\/v2\/media\/12677"}],"wp:attachment":[{"href":"https:\/\/moyahousehold.com\/pt\/wp-json\/wp\/v2\/media?parent=12664"}],"wp:term":[{"taxonomy":"product_cat","embeddable":true,"href":"https:\/\/moyahousehold.com\/pt\/wp-json\/wp\/v2\/product_cat?post=12664"},{"taxonomy":"product_tag","embeddable":true,"href":"https:\/\/moyahousehold.com\/pt\/wp-json\/wp\/v2\/product_tag?post=12664"}],"curies":[{"name":"wp","href":"https:\/\/api.w.org\/{rel}","templated":true}]}}