{"id":3048,"date":"2024-04-20T09:40:32","date_gmt":"2024-04-20T09:40:32","guid":{"rendered":"https:\/\/moyahousehold.com\/?post_type=product&#038;p=3048"},"modified":"2026-04-08T03:30:03","modified_gmt":"2026-04-08T03:30:03","slug":"wholesale-vacuum-bottle-long-my0809","status":"publish","type":"product","link":"https:\/\/moyahousehold.com\/pt\/produto\/garrafa-de-vacuo-longa-my0809\/","title":{"rendered":"Garrafa de v\u00e1cuo de a\u00e7o inoxid\u00e1vel de 350 ml por atacado, garrafas de \u00e1gua isoladas bonitas a granel, suporte OEM e ODM"},"content":{"rendered":"<div class=\"wp-block-columns is-layout-flex wp-container-core-columns-is-layout-9d6595d7 wp-block-columns-is-layout-flex\">\n<div class=\"wp-block-column is-layout-flow wp-block-column-is-layout-flow\">\n<figure class=\"wp-block-image size-full\"><img fetchpriority=\"high\" decoding=\"async\" width=\"6106\" height=\"4071\" src=\"https:\/\/moyahousehold.com\/wp-content\/uploads\/2024\/04\/\u5927\u5408\u7167-2.jpg\" alt=\"Matte green 350ml stainless steel vacuum bottle on a wooden desk, next to a laptop and a plant, showing compact daily use\" class=\"wp-image-12715\" srcset=\"https:\/\/moyahousehold.com\/wp-content\/uploads\/2024\/04\/\u5927\u5408\u7167-2.jpg 6106w, https:\/\/moyahousehold.com\/wp-content\/uploads\/2024\/04\/\u5927\u5408\u7167-2-300x200.jpg 300w, https:\/\/moyahousehold.com\/wp-content\/uploads\/2024\/04\/\u5927\u5408\u7167-2-768x512.jpg 768w, https:\/\/moyahousehold.com\/wp-content\/uploads\/2024\/04\/\u5927\u5408\u7167-2-18x12.jpg 18w, https:\/\/moyahousehold.com\/wp-content\/uploads\/2024\/04\/\u5927\u5408\u7167-2-285x190.jpg 285w, https:\/\/moyahousehold.com\/wp-content\/uploads\/2024\/04\/\u5927\u5408\u7167-2-1600x1067.jpg 1600w, https:\/\/moyahousehold.com\/wp-content\/uploads\/2024\/04\/\u5927\u5408\u7167-2-660x440.jpg 660w, https:\/\/moyahousehold.com\/wp-content\/uploads\/2024\/04\/\u5927\u5408\u7167-2-150x100.jpg 150w\" sizes=\"(max-width: 6106px) 100vw, 6106px\" \/><\/figure>\n\n\n\n<h3 class=\"wp-block-heading\">Par\u00e2metros da garrafa de v\u00e1cuo de a\u00e7o inoxid\u00e1vel de 350 ml<\/h3>\n\n\n\n<figure class=\"wp-block-table\"><table class=\"has-fixed-layout\"><tbody><tr><td>Item<\/td><td>Capacidade<\/td><td>Cor<\/td><td>Material<\/td><td>Dimens\u00f5es<\/td><td>G.W.\/PCS<\/td><\/tr><tr><td>MY0809<\/td><td>350ML<\/td><td>Black\/White\/Dark green<\/td><td>304 + PP + Silica gel<\/td><td>7*7*19.2<\/td><td>0,4 kg<\/td><\/tr><\/tbody><\/table><\/figure>\n<\/div>\n<\/div>\n\n\n\n<h3 class=\"wp-block-heading\">Op\u00e7\u00f5es de garrafas de v\u00e1cuo personalizadas em a\u00e7o acetinado<\/h3>\n\n\n\n<p><strong>Tampas: <\/strong>Stainless steel pressure lid, handle lid, wooden lid.<br><strong>Log\u00f3tipo:<\/strong> Custom your brand logo on product and package.<br><strong>Logo Options:<\/strong> Printed logo, laser engraved logo, etc.<br><strong>Padr\u00e3o:<\/strong> Impress\u00e3o de padr\u00f5es em garrafas de v\u00e1cuo.<br><strong>Printing Technology:<\/strong> Water transfer printing,silk screen printing, heat transfer printing,sublimation transfer, etc.<br><strong>Embalagem:<\/strong> Color box<\/p>\n\n\n\n<div class=\"wp-block-columns is-layout-flex wp-container-core-columns-is-layout-9d6595d7 wp-block-columns-is-layout-flex\">\n<div class=\"wp-block-column is-layout-flow wp-block-column-is-layout-flow\">\n<figure class=\"wp-block-image size-full\"><img decoding=\"async\" width=\"1600\" height=\"1600\" src=\"https:\/\/moyahousehold.com\/wp-content\/uploads\/2024\/04\/350mL-Stainless-Steel-Vacuum-Bottle-Details-5.webp\" alt=\"Detalhes do frasco de v\u00e1cuo em a\u00e7o inoxid\u00e1vel de 350 ml (5)\" class=\"wp-image-10339\" srcset=\"https:\/\/moyahousehold.com\/wp-content\/uploads\/2024\/04\/350mL-Stainless-Steel-Vacuum-Bottle-Details-5.webp 1600w, https:\/\/moyahousehold.com\/wp-content\/uploads\/2024\/04\/350mL-Stainless-Steel-Vacuum-Bottle-Details-5-300x300.webp 300w, https:\/\/moyahousehold.com\/wp-content\/uploads\/2024\/04\/350mL-Stainless-Steel-Vacuum-Bottle-Details-5-150x150.webp 150w, https:\/\/moyahousehold.com\/wp-content\/uploads\/2024\/04\/350mL-Stainless-Steel-Vacuum-Bottle-Details-5-768x768.webp 768w, https:\/\/moyahousehold.com\/wp-content\/uploads\/2024\/04\/350mL-Stainless-Steel-Vacuum-Bottle-Details-5-12x12.webp 12w, https:\/\/moyahousehold.com\/wp-content\/uploads\/2024\/04\/350mL-Stainless-Steel-Vacuum-Bottle-Details-5-285x285.webp 285w, https:\/\/moyahousehold.com\/wp-content\/uploads\/2024\/04\/350mL-Stainless-Steel-Vacuum-Bottle-Details-5-270x270.webp 270w, https:\/\/moyahousehold.com\/wp-content\/uploads\/2024\/04\/350mL-Stainless-Steel-Vacuum-Bottle-Details-5-540x540.webp 540w, https:\/\/moyahousehold.com\/wp-content\/uploads\/2024\/04\/350mL-Stainless-Steel-Vacuum-Bottle-Details-5-660x660.webp 660w\" sizes=\"(max-width: 1600px) 100vw, 1600px\" \/><\/figure>\n<\/div>\n\n\n\n<div class=\"wp-block-column is-layout-flow wp-block-column-is-layout-flow\">\n<figure class=\"wp-block-image size-full\"><img decoding=\"async\" width=\"1600\" height=\"1600\" src=\"https:\/\/moyahousehold.com\/wp-content\/uploads\/2024\/04\/350mL-Stainless-Steel-Vacuum-Bottle-Details-6.webp\" alt=\"Detalhes do frasco de v\u00e1cuo em a\u00e7o inoxid\u00e1vel de 350 ml (6)\" class=\"wp-image-10340\" srcset=\"https:\/\/moyahousehold.com\/wp-content\/uploads\/2024\/04\/350mL-Stainless-Steel-Vacuum-Bottle-Details-6.webp 1600w, https:\/\/moyahousehold.com\/wp-content\/uploads\/2024\/04\/350mL-Stainless-Steel-Vacuum-Bottle-Details-6-300x300.webp 300w, https:\/\/moyahousehold.com\/wp-content\/uploads\/2024\/04\/350mL-Stainless-Steel-Vacuum-Bottle-Details-6-150x150.webp 150w, https:\/\/moyahousehold.com\/wp-content\/uploads\/2024\/04\/350mL-Stainless-Steel-Vacuum-Bottle-Details-6-768x768.webp 768w, https:\/\/moyahousehold.com\/wp-content\/uploads\/2024\/04\/350mL-Stainless-Steel-Vacuum-Bottle-Details-6-12x12.webp 12w, https:\/\/moyahousehold.com\/wp-content\/uploads\/2024\/04\/350mL-Stainless-Steel-Vacuum-Bottle-Details-6-285x285.webp 285w, https:\/\/moyahousehold.com\/wp-content\/uploads\/2024\/04\/350mL-Stainless-Steel-Vacuum-Bottle-Details-6-270x270.webp 270w, https:\/\/moyahousehold.com\/wp-content\/uploads\/2024\/04\/350mL-Stainless-Steel-Vacuum-Bottle-Details-6-540x540.webp 540w, https:\/\/moyahousehold.com\/wp-content\/uploads\/2024\/04\/350mL-Stainless-Steel-Vacuum-Bottle-Details-6-660x660.webp 660w\" sizes=\"(max-width: 1600px) 100vw, 1600px\" \/><\/figure>\n<\/div>\n<\/div>\n\n\n\n<div class=\"wp-block-columns is-layout-flex wp-container-core-columns-is-layout-9d6595d7 wp-block-columns-is-layout-flex\">\n<div class=\"wp-block-column is-layout-flow wp-block-column-is-layout-flow\">\n<figure class=\"wp-block-image size-full\"><img loading=\"lazy\" decoding=\"async\" width=\"4160\" height=\"6240\" src=\"https:\/\/moyahousehold.com\/wp-content\/uploads\/2024\/04\/JS-\u968f\u624b\u676f-48.jpg\" alt=\"Matte green 350ml stainless steel vacuum bottle on a wooden desk, next to a laptop and a plant, showing compact daily use\" class=\"wp-image-12716\" srcset=\"https:\/\/moyahousehold.com\/wp-content\/uploads\/2024\/04\/JS-\u968f\u624b\u676f-48.jpg 4160w, https:\/\/moyahousehold.com\/wp-content\/uploads\/2024\/04\/JS-\u968f\u624b\u676f-48-200x300.jpg 200w, https:\/\/moyahousehold.com\/wp-content\/uploads\/2024\/04\/JS-\u968f\u624b\u676f-48-768x1152.jpg 768w, https:\/\/moyahousehold.com\/wp-content\/uploads\/2024\/04\/JS-\u968f\u624b\u676f-48-8x12.jpg 8w, https:\/\/moyahousehold.com\/wp-content\/uploads\/2024\/04\/JS-\u968f\u624b\u676f-48-285x428.jpg 285w, https:\/\/moyahousehold.com\/wp-content\/uploads\/2024\/04\/JS-\u968f\u624b\u676f-48-1600x2400.jpg 1600w, https:\/\/moyahousehold.com\/wp-content\/uploads\/2024\/04\/JS-\u968f\u624b\u676f-48-440x660.jpg 440w, https:\/\/moyahousehold.com\/wp-content\/uploads\/2024\/04\/JS-\u968f\u624b\u676f-48-100x150.jpg 100w\" sizes=\"(max-width: 4160px) 100vw, 4160px\" \/><\/figure>\n<\/div>\n\n\n\n<div class=\"wp-block-column is-layout-flow wp-block-column-is-layout-flow\">\n<figure class=\"wp-block-image size-full\"><img loading=\"lazy\" decoding=\"async\" width=\"4160\" height=\"6240\" src=\"https:\/\/moyahousehold.com\/wp-content\/uploads\/2024\/04\/JS-\u968f\u624b\u676f-54.jpg\" alt=\"\" class=\"wp-image-12717\" srcset=\"https:\/\/moyahousehold.com\/wp-content\/uploads\/2024\/04\/JS-\u968f\u624b\u676f-54.jpg 4160w, https:\/\/moyahousehold.com\/wp-content\/uploads\/2024\/04\/JS-\u968f\u624b\u676f-54-200x300.jpg 200w, https:\/\/moyahousehold.com\/wp-content\/uploads\/2024\/04\/JS-\u968f\u624b\u676f-54-768x1152.jpg 768w, https:\/\/moyahousehold.com\/wp-content\/uploads\/2024\/04\/JS-\u968f\u624b\u676f-54-8x12.jpg 8w, https:\/\/moyahousehold.com\/wp-content\/uploads\/2024\/04\/JS-\u968f\u624b\u676f-54-285x428.jpg 285w, https:\/\/moyahousehold.com\/wp-content\/uploads\/2024\/04\/JS-\u968f\u624b\u676f-54-1600x2400.jpg 1600w, https:\/\/moyahousehold.com\/wp-content\/uploads\/2024\/04\/JS-\u968f\u624b\u676f-54-440x660.jpg 440w, https:\/\/moyahousehold.com\/wp-content\/uploads\/2024\/04\/JS-\u968f\u624b\u676f-54-100x150.jpg 100w\" sizes=\"(max-width: 4160px) 100vw, 4160px\" \/><\/figure>\n<\/div>\n<\/div>\n\n\n\n<p><\/p>","protected":false},"excerpt":{"rendered":"<p>Garrafa de v\u00e1cuo de a\u00e7o inoxid\u00e1vel de 350mL por atacado, feita de a\u00e7o inoxid\u00e1vel 304 de qualidade alimentar, n\u00e3o cont\u00e9m produtos qu\u00edmicos nocivos, adequada para uso a longo prazo por fam\u00edlias e indiv\u00edduos. Uma variedade de cores est\u00e1 dispon\u00edvel para atender \u00e0s prefer\u00eancias de diferentes utilizadores. Suporte OEM e ODM, entre em contato conosco para uma cota\u00e7\u00e3o.<\/p>\n<h3>Carater\u00edsticas e vantagens da garrafa de v\u00e1cuo de a\u00e7o inoxid\u00e1vel de 350 ml<\/h3>\n<div>\n<p><strong>Excelente desempenho de isolamento:<\/strong> A garrafa de v\u00e1cuo de a\u00e7o inoxid\u00e1vel adopta um design eficiente de dupla camada de a\u00e7o inoxid\u00e1vel, que tem um excelente desempenho de isolamento e pode manter as bebidas quentes quentes durante mais de 12 horas.<\/p>\n<p><strong>Aspeto da moda:<\/strong> A garrafa de v\u00e1cuo de a\u00e7o inoxid\u00e1vel tem um design simples e elegante e oferece uma variedade de op\u00e7\u00f5es de cores, adequadas para diferentes utilizadores, o que \u00e9 pr\u00e1tico e bonito.<\/p>\n<p><strong>F\u00e1cil de limpar:<\/strong> A tampa superior do copo da garrafa de v\u00e1cuo em a\u00e7o inoxid\u00e1vel \u00e9 amov\u00edvel e o interior \u00e9 liso e f\u00e1cil de limpar.<\/p>\n<p><strong>F\u00e1cil de deitar \u00e1gua:<\/strong> A garrafa de v\u00e1cuo em a\u00e7o inoxid\u00e1vel pode libertar \u00e1gua a 360 graus com apenas uma ligeira press\u00e3o na tampa do copo, garantindo um fluxo de \u00e1gua suave e sem fugas de \u00e1gua ap\u00f3s o fecho.<\/p>\n<p><strong>Servi\u00e7o grossista:<\/strong> Fornecemos servi\u00e7o de garrafa de v\u00e1cuo por atacado a pre\u00e7os de f\u00e1brica, amostras gr\u00e1tis e podemos personalizar a impress\u00e3o da garrafa de acordo com as necessidades para ajud\u00e1-lo a melhorar a sua imagem de marca,<\/p>\n<\/div>\n<p><a href=\"https:\/\/moyahousehold.com\/pt\/solucao-personalizada\/\">Fornecimento de solu\u00e7\u00f5es personalizadas de garrafas de v\u00e1cuo em a\u00e7o inoxid\u00e1vel OEM&amp;ODM.<\/a><\/p>","protected":false},"featured_media":10332,"comment_status":"closed","ping_status":"closed","template":"","meta":[],"product_cat":[53],"product_tag":[104,146],"class_list":{"0":"post-3048","1":"product","2":"type-product","3":"status-publish","4":"has-post-thumbnail","6":"product_cat-vacuum-bottle-wholesale","7":"product_tag-wholesale-350ml-insulated-water-bottles","8":"product_tag-stainless-steel-water-bottle","10":"first","11":"instock","12":"shipping-taxable","13":"product-type-simple"},"_links":{"self":[{"href":"https:\/\/moyahousehold.com\/pt\/wp-json\/wp\/v2\/product\/3048","targetHints":{"allow":["GET"]}}],"collection":[{"href":"https:\/\/moyahousehold.com\/pt\/wp-json\/wp\/v2\/product"}],"about":[{"href":"https:\/\/moyahousehold.com\/pt\/wp-json\/wp\/v2\/types\/product"}],"replies":[{"embeddable":true,"href":"https:\/\/moyahousehold.com\/pt\/wp-json\/wp\/v2\/comments?post=3048"}],"version-history":[{"count":2,"href":"https:\/\/moyahousehold.com\/pt\/wp-json\/wp\/v2\/product\/3048\/revisions"}],"predecessor-version":[{"id":12720,"href":"https:\/\/moyahousehold.com\/pt\/wp-json\/wp\/v2\/product\/3048\/revisions\/12720"}],"wp:featuredmedia":[{"embeddable":true,"href":"https:\/\/moyahousehold.com\/pt\/wp-json\/wp\/v2\/media\/10332"}],"wp:attachment":[{"href":"https:\/\/moyahousehold.com\/pt\/wp-json\/wp\/v2\/media?parent=3048"}],"wp:term":[{"taxonomy":"product_cat","embeddable":true,"href":"https:\/\/moyahousehold.com\/pt\/wp-json\/wp\/v2\/product_cat?post=3048"},{"taxonomy":"product_tag","embeddable":true,"href":"https:\/\/moyahousehold.com\/pt\/wp-json\/wp\/v2\/product_tag?post=3048"}],"curies":[{"name":"wp","href":"https:\/\/api.w.org\/{rel}","templated":true}]}}