{"id":3080,"date":"2024-04-20T15:39:59","date_gmt":"2024-04-20T15:39:59","guid":{"rendered":"https:\/\/moyahousehold.com\/?post_type=product&#038;p=3080"},"modified":"2025-02-06T10:16:35","modified_gmt":"2025-02-06T10:16:35","slug":"wholesale-500ml-insulated-water-bottles","status":"publish","type":"product","link":"https:\/\/moyahousehold.com\/pt\/produto\/wholesale-500ml-insulated-water-bottles\/","title":{"rendered":"Garrafas de \u00e1gua isoladas de 500mL por atacado, v\u00e1rias cores dispon\u00edveis, suporte OEM e ODM"},"content":{"rendered":"<div class=\"wp-block-columns is-layout-flex wp-container-core-columns-is-layout-9d6595d7 wp-block-columns-is-layout-flex\">\n<div class=\"wp-block-column is-layout-flow wp-block-column-is-layout-flow\">\n<h3 class=\"wp-block-heading\">Par\u00e2metros da garrafa de \u00e1gua isolada 500mL<\/h3>\n\n\n\n<figure class=\"wp-block-table\"><table class=\"has-fixed-layout\"><tbody><tr><td>Produto&nbsp;<\/td><td>Capacidade<\/td><td>Modelo<\/td><td>Cor<\/td><td>Material<\/td><td>Dimens\u00f5es<\/td><td>Peso bruto<\/td><\/tr><tr><td>500ML Estilo simples<br>garrafa de \u00e1gua com isolamento<\/td><td>500mL<\/td><td>MY0616<\/td><td>preto,<br>branco,<br>verde escuro,<br>cor-de-rosa<\/td><td>PP, a\u00e7o inoxid\u00e1vel 304, gel de s\u00edlica<\/td><td>73x73x233mm<\/td><td>0,4 kg<\/td><\/tr><\/tbody><\/table><\/figure>\n<\/div>\n<\/div>\n\n\n\n<h3 class=\"wp-block-heading\">Op\u00e7\u00e3o de garrafa de \u00e1gua com isolamento t\u00e9rmico personalizada<\/h3>\n\n\n\n<p><strong>Tampas:<\/strong> tampa de press\u00e3o em a\u00e7o inoxid\u00e1vel, tampa com pega, tampa de madeira.<br><strong>Log\u00f3tipo: <\/strong>personalizar o log\u00f3tipo da sua marca nos produtos e nas embalagens.<br><strong>Op\u00e7\u00f5es de log\u00f3tipo:<\/strong> log\u00f3tipo impresso, log\u00f3tipo gravado a laser, etc.<br><strong>Padr\u00f5es:<\/strong> padr\u00f5es de impress\u00e3o em garrafas de \u00e1gua isoladas.<br><strong>Tecnologia de impress\u00e3o:<\/strong> impress\u00e3o por transfer\u00eancia de \u00e1gua, impress\u00e3o serigr\u00e1fica, impress\u00e3o por transfer\u00eancia de calor, transfer\u00eancia por sublima\u00e7\u00e3o e muito mais.<br><strong>Embalagem:<\/strong> caixa de cor.<br><a href=\"https:\/\/moyahousehold.com\/pt\/solucao-personalizada\/\" data-type=\"page\" data-id=\"2817\" target=\"_blank\" rel=\"noreferrer noopener\"><strong>Saiba mais sobre as solu\u00e7\u00f5es personalizadas de garrafas de \u00e1gua com isolamento t\u00e9rmico.<\/strong><\/a><\/p>\n\n\n\n<div class=\"wp-block-columns is-layout-flex wp-container-core-columns-is-layout-9d6595d7 wp-block-columns-is-layout-flex\">\n<div class=\"wp-block-column is-layout-flow wp-block-column-is-layout-flow\">\n<figure class=\"wp-block-image size-full\"><img fetchpriority=\"high\" decoding=\"async\" width=\"1600\" height=\"1600\" src=\"https:\/\/moyahousehold.com\/wp-content\/uploads\/2024\/04\/wholesale-insulated-water-bottle-details-3.webp\" alt=\"detalhes da garrafa de \u00e1gua isolada por atacado (3)\" class=\"wp-image-10279\" srcset=\"https:\/\/moyahousehold.com\/wp-content\/uploads\/2024\/04\/wholesale-insulated-water-bottle-details-3.webp 1600w, https:\/\/moyahousehold.com\/wp-content\/uploads\/2024\/04\/wholesale-insulated-water-bottle-details-3-300x300.webp 300w, https:\/\/moyahousehold.com\/wp-content\/uploads\/2024\/04\/wholesale-insulated-water-bottle-details-3-150x150.webp 150w, https:\/\/moyahousehold.com\/wp-content\/uploads\/2024\/04\/wholesale-insulated-water-bottle-details-3-768x768.webp 768w, https:\/\/moyahousehold.com\/wp-content\/uploads\/2024\/04\/wholesale-insulated-water-bottle-details-3-12x12.webp 12w, https:\/\/moyahousehold.com\/wp-content\/uploads\/2024\/04\/wholesale-insulated-water-bottle-details-3-285x285.webp 285w, https:\/\/moyahousehold.com\/wp-content\/uploads\/2024\/04\/wholesale-insulated-water-bottle-details-3-270x270.webp 270w, https:\/\/moyahousehold.com\/wp-content\/uploads\/2024\/04\/wholesale-insulated-water-bottle-details-3-540x540.webp 540w, https:\/\/moyahousehold.com\/wp-content\/uploads\/2024\/04\/wholesale-insulated-water-bottle-details-3-660x660.webp 660w\" sizes=\"(max-width: 1600px) 100vw, 1600px\" \/><\/figure>\n<\/div>\n\n\n\n<div class=\"wp-block-column is-layout-flow wp-block-column-is-layout-flow\">\n<figure class=\"wp-block-image size-full\"><img decoding=\"async\" width=\"1600\" height=\"1600\" src=\"https:\/\/moyahousehold.com\/wp-content\/uploads\/2024\/04\/wholesale-insulated-water-bottle-details-4.webp\" alt=\"detalhes da garrafa de \u00e1gua isolada por atacado (4)\" class=\"wp-image-10280\" srcset=\"https:\/\/moyahousehold.com\/wp-content\/uploads\/2024\/04\/wholesale-insulated-water-bottle-details-4.webp 1600w, https:\/\/moyahousehold.com\/wp-content\/uploads\/2024\/04\/wholesale-insulated-water-bottle-details-4-300x300.webp 300w, https:\/\/moyahousehold.com\/wp-content\/uploads\/2024\/04\/wholesale-insulated-water-bottle-details-4-150x150.webp 150w, https:\/\/moyahousehold.com\/wp-content\/uploads\/2024\/04\/wholesale-insulated-water-bottle-details-4-768x768.webp 768w, https:\/\/moyahousehold.com\/wp-content\/uploads\/2024\/04\/wholesale-insulated-water-bottle-details-4-12x12.webp 12w, https:\/\/moyahousehold.com\/wp-content\/uploads\/2024\/04\/wholesale-insulated-water-bottle-details-4-285x285.webp 285w, https:\/\/moyahousehold.com\/wp-content\/uploads\/2024\/04\/wholesale-insulated-water-bottle-details-4-270x270.webp 270w, https:\/\/moyahousehold.com\/wp-content\/uploads\/2024\/04\/wholesale-insulated-water-bottle-details-4-540x540.webp 540w, https:\/\/moyahousehold.com\/wp-content\/uploads\/2024\/04\/wholesale-insulated-water-bottle-details-4-660x660.webp 660w\" sizes=\"(max-width: 1600px) 100vw, 1600px\" \/><\/figure>\n<\/div>\n<\/div>","protected":false},"excerpt":{"rendered":"<p>Fabricante de garrafas de \u00e1gua MOYA, garrafas de \u00e1gua isoladas de estilo simples por atacado, feitas de a\u00e7o inoxid\u00e1vel SUS304 de alta qualidade, saud\u00e1veis e inofensivas, garantindo a seguran\u00e7a das bebidas. A capacidade est\u00e1 dispon\u00edvel em 350ml e 500ml, e uma variedade de cores est\u00e3o dispon\u00edveis. N\u00f3s fornecemos servi\u00e7os de personaliza\u00e7\u00e3o OEM e ODM, bem-vindo ordens por atacado e pequenos lotes.<\/p>\n<h3>Carater\u00edsticas e vantagens da garrafa de \u00e1gua com isolamento t\u00e9rmico de 500 ml<\/h3>\n<p><strong>Design simples:<\/strong> A garrafa de \u00e1gua com isolamento t\u00e9rmico tem um aspeto delicado e simples, \u00e9 f\u00e1cil de transportar e tem uma variedade de cores \u00e0 escolha, adequada para utilizadores com diferentes prefer\u00eancias.<\/p>\n<p><strong>Material saud\u00e1vel:<\/strong> A garrafa de \u00e1gua isolada \u00e9 feita de a\u00e7o inoxid\u00e1vel 304 de qualidade alimentar, que tem boa durabilidade e resist\u00eancia \u00e0 corros\u00e3o, n\u00e3o cont\u00e9m BPA e \u00e9 segura para beber.<\/p>\n<p><strong>Efeito de isolamento de alta qualidade:<\/strong> A garrafa de \u00e1gua isolada adopta a tecnologia de isolamento a v\u00e1cuo de camada dupla, que pode manter eficazmente a temperatura da bebida e \u00e9 adequada para armazenar bebidas quentes e geladas.<\/p>\n<p><strong>Servi\u00e7o personalizado:<\/strong> O fabricante de garrafas de \u00e1gua MOYA suporta a personaliza\u00e7\u00e3o OEM&amp;ODM e fornece solu\u00e7\u00f5es de personaliza\u00e7\u00e3o personalizadas para a sua marca.<\/p>\n<p><strong>Servi\u00e7o grossista:<\/strong> N\u00f3s fornecemos servi\u00e7o de garrafas de \u00e1gua isoladas por atacado a pre\u00e7os de f\u00e1brica, e nossa forte capacidade de produ\u00e7\u00e3o suporta compras em grande escala e pedidos de pequenos lotes.<\/p>\n<p><a href=\"https:\/\/moyahousehold.com\/pt\/solucao-personalizada\/\"><strong>Saiba mais sobre as solu\u00e7\u00f5es de garrafas de \u00e1gua com isolamento t\u00e9rmico personalizadas OEM e ODM.<\/strong><\/a><\/p>","protected":false},"featured_media":10273,"comment_status":"closed","ping_status":"closed","template":"","meta":[],"product_cat":[53],"product_tag":[105],"class_list":{"0":"post-3080","1":"product","2":"type-product","3":"status-publish","4":"has-post-thumbnail","6":"product_cat-vacuum-bottle-wholesale","7":"product_tag-wholesale-500ml-insulated-water-bottles","9":"first","10":"instock","11":"shipping-taxable","12":"product-type-simple"},"_links":{"self":[{"href":"https:\/\/moyahousehold.com\/pt\/wp-json\/wp\/v2\/product\/3080","targetHints":{"allow":["GET"]}}],"collection":[{"href":"https:\/\/moyahousehold.com\/pt\/wp-json\/wp\/v2\/product"}],"about":[{"href":"https:\/\/moyahousehold.com\/pt\/wp-json\/wp\/v2\/types\/product"}],"replies":[{"embeddable":true,"href":"https:\/\/moyahousehold.com\/pt\/wp-json\/wp\/v2\/comments?post=3080"}],"version-history":[{"count":0,"href":"https:\/\/moyahousehold.com\/pt\/wp-json\/wp\/v2\/product\/3080\/revisions"}],"wp:featuredmedia":[{"embeddable":true,"href":"https:\/\/moyahousehold.com\/pt\/wp-json\/wp\/v2\/media\/10273"}],"wp:attachment":[{"href":"https:\/\/moyahousehold.com\/pt\/wp-json\/wp\/v2\/media?parent=3080"}],"wp:term":[{"taxonomy":"product_cat","embeddable":true,"href":"https:\/\/moyahousehold.com\/pt\/wp-json\/wp\/v2\/product_cat?post=3080"},{"taxonomy":"product_tag","embeddable":true,"href":"https:\/\/moyahousehold.com\/pt\/wp-json\/wp\/v2\/product_tag?post=3080"}],"curies":[{"name":"wp","href":"https:\/\/api.w.org\/{rel}","templated":true}]}}