{"id":3272,"date":"2024-04-21T08:06:23","date_gmt":"2024-04-21T08:06:23","guid":{"rendered":"https:\/\/moyahousehold.com\/?post_type=product&#038;p=3272"},"modified":"2025-02-06T10:15:53","modified_gmt":"2025-02-06T10:15:53","slug":"stylish-wholesale-thermos-bottles-with-elegant-wooden-lids","status":"publish","type":"product","link":"https:\/\/moyahousehold.com\/pt\/produto\/stylish-wholesale-thermos-bottles-with-elegant-wooden-lids\/","title":{"rendered":"Garrafas t\u00e9rmicas por grosso de 350 ml com tampas de madeira elegantes"},"content":{"rendered":"<div class=\"wp-block-columns is-layout-flex wp-container-core-columns-is-layout-9d6595d7 wp-block-columns-is-layout-flex\">\n<div class=\"wp-block-column is-layout-flow wp-block-column-is-layout-flow\">\n<h3 class=\"wp-block-heading\">Par\u00e2metros das garrafas t\u00e9rmicas por atacado<\/h3>\n\n\n\n<figure class=\"wp-block-table\"><table class=\"has-fixed-layout\"><tbody><tr><td>Produto&nbsp;<\/td><td>Capacidade<\/td><td>Modelo<\/td><td>Cor<\/td><td>Material<\/td><td>Dimens\u00f5es<\/td><td>Peso bruto<\/td><\/tr><tr><td>Garrafa t\u00e9rmica elegante de 350 ml com tampa de madeira<\/td><td>350mL<\/td><td>MY0893<\/td><td>preto,<br>branco,<br>cor-de-rosa,<br>bege,<br>vermelho chin\u00eas<\/td><td>PP, a\u00e7o inoxid\u00e1vel 304 \uff0c gel de s\u00edlica,<br>faia<\/td><td>73x73x175mm<\/td><td>0,6 kg<\/td><\/tr><\/tbody><\/table><\/figure>\n<\/div>\n<\/div>\n\n\n\n<h3 class=\"wp-block-heading\">Op\u00e7\u00f5es de garrafas t\u00e9rmicas personalizadas<\/h3>\n\n\n\n<p><strong>Tampas<\/strong>: tampa de press\u00e3o em a\u00e7o inoxid\u00e1vel, tampa com pega, tampa de madeira.<br><strong>Log\u00f3tipo<\/strong>: personalizar o log\u00f3tipo da sua marca nos produtos e nas embalagens.<br><strong>Op\u00e7\u00f5es de log\u00f3tipo<\/strong>: log\u00f3tipo impresso, log\u00f3tipo gravado a laser, etc.<br><strong>Padr\u00f5es<\/strong>: padr\u00f5es de impress\u00e3o em garrafas t\u00e9rmicas.<br><strong>Tecnologia de impress\u00e3o<\/strong>: impress\u00e3o por transfer\u00eancia de \u00e1gua, impress\u00e3o por serigrafia, impress\u00e3o por transfer\u00eancia de calor, transfer\u00eancia por sublima\u00e7\u00e3o, etc.<br><strong>Embalagem<\/strong>: caixa de cor.<br><a href=\"https:\/\/moyahousehold.com\/pt\/solucao-personalizada\/\" data-type=\"page\" data-id=\"2817\" target=\"_blank\" rel=\"noreferrer noopener\"><strong>Saiba mais sobre as solu\u00e7\u00f5es personalizadas para garrafas t\u00e9rmicas.<\/strong><\/a><\/p>\n\n\n\n<div class=\"wp-block-columns is-layout-flex wp-container-core-columns-is-layout-9d6595d7 wp-block-columns-is-layout-flex\">\n<div class=\"wp-block-column is-layout-flow wp-block-column-is-layout-flow\">\n<figure class=\"wp-block-image size-full\"><img fetchpriority=\"high\" decoding=\"async\" width=\"1600\" height=\"1600\" src=\"https:\/\/moyahousehold.com\/wp-content\/uploads\/2024\/04\/350mL-thermos-bottle-details-1.webp\" alt=\"Detalhes da garrafa t\u00e9rmica de 350 ml (1)\" class=\"wp-image-10306\" srcset=\"https:\/\/moyahousehold.com\/wp-content\/uploads\/2024\/04\/350mL-thermos-bottle-details-1.webp 1600w, https:\/\/moyahousehold.com\/wp-content\/uploads\/2024\/04\/350mL-thermos-bottle-details-1-300x300.webp 300w, https:\/\/moyahousehold.com\/wp-content\/uploads\/2024\/04\/350mL-thermos-bottle-details-1-150x150.webp 150w, https:\/\/moyahousehold.com\/wp-content\/uploads\/2024\/04\/350mL-thermos-bottle-details-1-768x768.webp 768w, https:\/\/moyahousehold.com\/wp-content\/uploads\/2024\/04\/350mL-thermos-bottle-details-1-12x12.webp 12w, https:\/\/moyahousehold.com\/wp-content\/uploads\/2024\/04\/350mL-thermos-bottle-details-1-285x285.webp 285w, https:\/\/moyahousehold.com\/wp-content\/uploads\/2024\/04\/350mL-thermos-bottle-details-1-270x270.webp 270w, https:\/\/moyahousehold.com\/wp-content\/uploads\/2024\/04\/350mL-thermos-bottle-details-1-540x540.webp 540w, https:\/\/moyahousehold.com\/wp-content\/uploads\/2024\/04\/350mL-thermos-bottle-details-1-660x660.webp 660w\" sizes=\"(max-width: 1600px) 100vw, 1600px\" \/><\/figure>\n<\/div>\n\n\n\n<div class=\"wp-block-column is-layout-flow wp-block-column-is-layout-flow\">\n<figure class=\"wp-block-image size-full\"><img decoding=\"async\" width=\"1600\" height=\"1600\" src=\"https:\/\/moyahousehold.com\/wp-content\/uploads\/2024\/04\/350mL-thermos-bottle-details-2.webp\" alt=\"Detalhes da garrafa t\u00e9rmica de 350 ml (2)\" class=\"wp-image-10307\" srcset=\"https:\/\/moyahousehold.com\/wp-content\/uploads\/2024\/04\/350mL-thermos-bottle-details-2.webp 1600w, https:\/\/moyahousehold.com\/wp-content\/uploads\/2024\/04\/350mL-thermos-bottle-details-2-300x300.webp 300w, https:\/\/moyahousehold.com\/wp-content\/uploads\/2024\/04\/350mL-thermos-bottle-details-2-150x150.webp 150w, https:\/\/moyahousehold.com\/wp-content\/uploads\/2024\/04\/350mL-thermos-bottle-details-2-768x768.webp 768w, https:\/\/moyahousehold.com\/wp-content\/uploads\/2024\/04\/350mL-thermos-bottle-details-2-12x12.webp 12w, https:\/\/moyahousehold.com\/wp-content\/uploads\/2024\/04\/350mL-thermos-bottle-details-2-285x285.webp 285w, https:\/\/moyahousehold.com\/wp-content\/uploads\/2024\/04\/350mL-thermos-bottle-details-2-270x270.webp 270w, https:\/\/moyahousehold.com\/wp-content\/uploads\/2024\/04\/350mL-thermos-bottle-details-2-540x540.webp 540w, https:\/\/moyahousehold.com\/wp-content\/uploads\/2024\/04\/350mL-thermos-bottle-details-2-660x660.webp 660w\" sizes=\"(max-width: 1600px) 100vw, 1600px\" \/><\/figure>\n<\/div>\n<\/div>","protected":false},"excerpt":{"rendered":"<p>Como um dos melhores fabricantes de garrafas t\u00e9rmicas na China, oferecemos um servi\u00e7o profissional de garrafas t\u00e9rmicas por atacado. Esta garrafa t\u00e9rmica com tampa de bordo, \u00e9 requintada e elegante, com beleza cl\u00e1ssica. Design de corda pendurada para uma recolha mais elegante. Fornecemos uma variedade de cores personalizadas para atender \u00e0s prefer\u00eancias de todos. Se voc\u00ea quiser mais op\u00e7\u00f5es, oferecemos uma solu\u00e7\u00e3o abrangente de garrafa t\u00e9rmica personalizada.<\/p>\n<h3>Carater\u00edsticas e benef\u00edcios das garrafas t\u00e9rmicas por atacado<\/h3>\n<div>1. este corpo de garrafas t\u00e9rmicas por atacado \u00e9 feito de a\u00e7o inoxid\u00e1vel 304, com isolamento 24 horas e isolamento frio.<\/div>\n<p>&nbsp;<\/p>\n<div>2. Equipada com uma tampa em madeira de \u00e1cer e uma correia em pele PU, \u00e9 f\u00e1cil de transportar e de levar em viagem.<\/div>\n<p>&nbsp;<\/p>\n<div>3. as garrafas t\u00e9rmicas por atacado t\u00eam um design simples, e s\u00e3o dur\u00e1veis com uma apar\u00eancia requintada e compacta.<\/p>\n<p>4. as garrafas t\u00e9rmicas por atacado apresentam uma textura mate e oferecem uma ader\u00eancia natural e confort\u00e1vel.<\/div>\n<p>&nbsp;<\/p>\n<div>5. Rodar a tampa para repor a humidade em qualquer altura e em qualquer lugar.<\/p>\n<p>6. Est\u00e3o dispon\u00edveis v\u00e1rias cores para sele\u00e7\u00e3o.<\/div>\n<p>&nbsp;<\/p>\n<p><strong><a href=\"https:\/\/moyahousehold.com\/pt\/solucao-personalizada\/\" target=\"_blank\" rel=\"noopener\">7. suporte a solu\u00e7\u00e3o de garrafa t\u00e9rmica personalizada OEM&amp;ODM.<\/a><\/p>\n<p><\/strong><br \/><strong><br \/><\/strong><\/p>","protected":false},"featured_media":7444,"comment_status":"open","ping_status":"closed","template":"","meta":[],"product_cat":[53],"product_tag":[104],"class_list":{"0":"post-3272","1":"product","2":"type-product","3":"status-publish","4":"has-post-thumbnail","6":"product_cat-vacuum-bottle-wholesale","7":"product_tag-wholesale-350ml-insulated-water-bottles","9":"first","10":"instock","11":"shipping-taxable","12":"product-type-simple"},"_links":{"self":[{"href":"https:\/\/moyahousehold.com\/pt\/wp-json\/wp\/v2\/product\/3272","targetHints":{"allow":["GET"]}}],"collection":[{"href":"https:\/\/moyahousehold.com\/pt\/wp-json\/wp\/v2\/product"}],"about":[{"href":"https:\/\/moyahousehold.com\/pt\/wp-json\/wp\/v2\/types\/product"}],"replies":[{"embeddable":true,"href":"https:\/\/moyahousehold.com\/pt\/wp-json\/wp\/v2\/comments?post=3272"}],"version-history":[{"count":0,"href":"https:\/\/moyahousehold.com\/pt\/wp-json\/wp\/v2\/product\/3272\/revisions"}],"wp:featuredmedia":[{"embeddable":true,"href":"https:\/\/moyahousehold.com\/pt\/wp-json\/wp\/v2\/media\/7444"}],"wp:attachment":[{"href":"https:\/\/moyahousehold.com\/pt\/wp-json\/wp\/v2\/media?parent=3272"}],"wp:term":[{"taxonomy":"product_cat","embeddable":true,"href":"https:\/\/moyahousehold.com\/pt\/wp-json\/wp\/v2\/product_cat?post=3272"},{"taxonomy":"product_tag","embeddable":true,"href":"https:\/\/moyahousehold.com\/pt\/wp-json\/wp\/v2\/product_tag?post=3272"}],"curies":[{"name":"wp","href":"https:\/\/api.w.org\/{rel}","templated":true}]}}