{"id":3393,"date":"2024-04-21T10:41:42","date_gmt":"2024-04-21T10:41:42","guid":{"rendered":"https:\/\/moyahousehold.com\/?post_type=product&#038;p=3393"},"modified":"2025-04-24T06:06:13","modified_gmt":"2025-04-24T06:06:13","slug":"wholesale-1000ml-cute-thermal-carafe","status":"publish","type":"product","link":"https:\/\/moyahousehold.com\/pt\/produto\/infusor-de-jarro-de-cha-isolado-por-atacado\/","title":{"rendered":"Garrafa t\u00e9rmica de 1000 ml por atacado, dispon\u00edvel em v\u00e1rias cores, suporte OEM e ODM"},"content":{"rendered":"<div class=\"wp-block-columns is-layout-flex wp-container-core-columns-is-layout-9d6595d7 wp-block-columns-is-layout-flex\">\n<div class=\"wp-block-column is-layout-flow wp-block-column-is-layout-flow\">\n<h3 class=\"wp-block-heading\">Par\u00e2metros do jarro t\u00e9rmico Cute de 1000 ml<\/h3>\n\n\n\n<p><strong>N\u00famero do modelo:<\/strong> MY830<br><strong>Material: <\/strong>borossilicato + PP + Silicagel <br><strong>Peso bruto:<\/strong>1kg<br><strong>Dimens\u00e3o:<\/strong> 183x126x241mm<br><strong>Cor:<\/strong> cor-de-rosa\/carmesim\/preto\/verde escuro\/bege<br><strong>Sem BPA<\/strong><\/p>\n<\/div>\n\n\n\n<div class=\"wp-block-column is-layout-flow wp-block-column-is-layout-flow\">\n<h3 class=\"wp-block-heading\">Op\u00e7\u00f5es de jarro t\u00e9rmico personalizado<\/h3>\n\n\n\n<p><strong>Tampas: <\/strong>tampa de press\u00e3o em a\u00e7o inoxid\u00e1vel<br><strong>Log\u00f3tipo:<\/strong> personalizar o log\u00f3tipo da sua marca no produto e na embalagem.<br><strong>Op\u00e7\u00f5es de log\u00f3tipo:<\/strong> log\u00f3tipo impresso, log\u00f3tipo gravado a laser, etc.<br><strong>Padr\u00e3o: <\/strong>impress\u00e3o de padr\u00f5es no jarro de v\u00e1cuo.<br><strong>Tecnologia de impress\u00e3o:<\/strong> impress\u00e3o por transfer\u00eancia de \u00e1gua, impress\u00e3o por serigrafia, impress\u00e3o por transfer\u00eancia de calor, transfer\u00eancia por sublima\u00e7\u00e3o, etc.<br><strong>Embalagem:<\/strong> caixa de cor<br><a href=\"https:\/\/moyahousehold.com\/pt\/solucao-personalizada\/\"><strong>Explore mais solu\u00e7\u00f5es personalizadas de jarros t\u00e9rmicos <\/strong><\/a><\/p>\n\n\n\n<p><br><\/p>\n<\/div>\n<\/div>\n\n\n\n<div class=\"wp-block-columns is-layout-flex wp-container-core-columns-is-layout-9d6595d7 wp-block-columns-is-layout-flex\">\n<div class=\"wp-block-column is-layout-flow wp-block-column-is-layout-flow\">\n<figure class=\"wp-block-image size-full\"><img fetchpriority=\"high\" decoding=\"async\" width=\"660\" height=\"660\" src=\"https:\/\/moyahousehold.com\/wp-content\/uploads\/2024\/04\/1000ml-cute-thermal-carafe-details-3.jpg\" alt=\"Detalhes do jarro t\u00e9rmico giro de 1000 ml (3)\" class=\"wp-image-10184\" srcset=\"https:\/\/moyahousehold.com\/wp-content\/uploads\/2024\/04\/1000ml-cute-thermal-carafe-details-3.jpg 660w, https:\/\/moyahousehold.com\/wp-content\/uploads\/2024\/04\/1000ml-cute-thermal-carafe-details-3-300x300.jpg 300w, https:\/\/moyahousehold.com\/wp-content\/uploads\/2024\/04\/1000ml-cute-thermal-carafe-details-3-150x150.jpg 150w, https:\/\/moyahousehold.com\/wp-content\/uploads\/2024\/04\/1000ml-cute-thermal-carafe-details-3-12x12.jpg 12w, https:\/\/moyahousehold.com\/wp-content\/uploads\/2024\/04\/1000ml-cute-thermal-carafe-details-3-285x285.jpg 285w, https:\/\/moyahousehold.com\/wp-content\/uploads\/2024\/04\/1000ml-cute-thermal-carafe-details-3-270x270.jpg 270w, https:\/\/moyahousehold.com\/wp-content\/uploads\/2024\/04\/1000ml-cute-thermal-carafe-details-3-540x540.jpg 540w\" sizes=\"(max-width: 660px) 100vw, 660px\" \/><\/figure>\n<\/div>\n\n\n\n<div class=\"wp-block-column is-layout-flow wp-block-column-is-layout-flow\">\n<figure class=\"wp-block-image size-full\"><img decoding=\"async\" width=\"660\" height=\"660\" src=\"https:\/\/moyahousehold.com\/wp-content\/uploads\/2024\/04\/1000ml-cute-thermal-carafe-details-4.jpg\" alt=\"Detalhes do jarro t\u00e9rmico giro de 1000 ml (4)\" class=\"wp-image-10185\" srcset=\"https:\/\/moyahousehold.com\/wp-content\/uploads\/2024\/04\/1000ml-cute-thermal-carafe-details-4.jpg 660w, https:\/\/moyahousehold.com\/wp-content\/uploads\/2024\/04\/1000ml-cute-thermal-carafe-details-4-300x300.jpg 300w, https:\/\/moyahousehold.com\/wp-content\/uploads\/2024\/04\/1000ml-cute-thermal-carafe-details-4-150x150.jpg 150w, https:\/\/moyahousehold.com\/wp-content\/uploads\/2024\/04\/1000ml-cute-thermal-carafe-details-4-12x12.jpg 12w, https:\/\/moyahousehold.com\/wp-content\/uploads\/2024\/04\/1000ml-cute-thermal-carafe-details-4-285x285.jpg 285w, https:\/\/moyahousehold.com\/wp-content\/uploads\/2024\/04\/1000ml-cute-thermal-carafe-details-4-270x270.jpg 270w, https:\/\/moyahousehold.com\/wp-content\/uploads\/2024\/04\/1000ml-cute-thermal-carafe-details-4-540x540.jpg 540w\" sizes=\"(max-width: 660px) 100vw, 660px\" \/><\/figure>\n<\/div>\n<\/div>","protected":false},"excerpt":{"rendered":"<p>Garraf\u00e3o t\u00e9rmico giro de 1,0L por atacado, este garraf\u00e3o t\u00e9rmico giro tem um design simples e criativo, adequado para um estilo de casa moderno. A capacidade \u00e9 de 1 litro, e h\u00e1 uma variedade de cores para escolher para atender \u00e0s necessidades de diferentes utilizadores. Apoiamos solu\u00e7\u00f5es personalizadas OEM e ODM, entre em contacto connosco.<\/p>\n<h3>Carater\u00edsticas da Jarra T\u00e9rmica Cute de 1,0L<\/h3>\n<div>\n<p><strong>Excelente desempenho de isolamento:<\/strong> O bonito jarro t\u00e9rmico adopta a tecnologia de isolamento a v\u00e1cuo de camada dupla para manter a temperatura da \u00e1gua quente ou fria durante muito tempo.<\/p>\n<p><strong>Material sem BPA:<\/strong> O inv\u00f3lucro em pp de qualidade alimentar e a tampa sem BPA s\u00e3o selecionados para garantir uma utiliza\u00e7\u00e3o segura e fi\u00e1vel, adequada para utiliza\u00e7\u00e3o como garrafa t\u00e9rmica, bule de ch\u00e1 e cafeteira isolada.<\/p>\n<p><strong>F\u00e1cil de limpar:<\/strong> O jarro t\u00e9rmico tem um fundo destac\u00e1vel e o revestimento interior pode ser facilmente removido, o que \u00e9 muito f\u00e1cil de limpar e adequado para armazenar leite, sumo, ch\u00e1 e outras bebidas.<\/p>\n<p><strong>Design giro:<\/strong> O bonito jarro t\u00e9rmico tem um aspeto arredondado e uma forma bonita, o que o torna uma escolha ideal para presente.<\/p>\n<p><strong>Servi\u00e7o personalizado:<\/strong> Como um fabricante profissional de jarras t\u00e9rmicas, fornecemos servi\u00e7os abrangentes e personalizados de jarras t\u00e9rmicas para atender \u00e0s necessidades de diferentes mercados ou marcas.<\/p>\n<p><a href=\"https:\/\/moyahousehold.com\/pt\/wholesale-cute-thermal-coffee-carafe\/\" target=\"_blank\" rel=\"noopener\"><strong>Saiba mais sobre o jarro t\u00e9rmico para caf\u00e9 de 1,0 L.<\/strong><\/a><\/p>\n<\/div>","protected":false},"featured_media":10186,"comment_status":"closed","ping_status":"closed","template":"","meta":[],"product_cat":[54],"product_tag":[66,84],"class_list":{"0":"post-3393","1":"product","2":"type-product","3":"status-publish","4":"has-post-thumbnail","6":"product_cat-thermal-carafe-wholesale","7":"product_tag-wholesale-1000ml-thermos-carafe","8":"product_tag-wholesale-glass-liner-thermos-carafe","10":"first","11":"instock","12":"shipping-taxable","13":"product-type-simple"},"_links":{"self":[{"href":"https:\/\/moyahousehold.com\/pt\/wp-json\/wp\/v2\/product\/3393","targetHints":{"allow":["GET"]}}],"collection":[{"href":"https:\/\/moyahousehold.com\/pt\/wp-json\/wp\/v2\/product"}],"about":[{"href":"https:\/\/moyahousehold.com\/pt\/wp-json\/wp\/v2\/types\/product"}],"replies":[{"embeddable":true,"href":"https:\/\/moyahousehold.com\/pt\/wp-json\/wp\/v2\/comments?post=3393"}],"version-history":[{"count":0,"href":"https:\/\/moyahousehold.com\/pt\/wp-json\/wp\/v2\/product\/3393\/revisions"}],"wp:featuredmedia":[{"embeddable":true,"href":"https:\/\/moyahousehold.com\/pt\/wp-json\/wp\/v2\/media\/10186"}],"wp:attachment":[{"href":"https:\/\/moyahousehold.com\/pt\/wp-json\/wp\/v2\/media?parent=3393"}],"wp:term":[{"taxonomy":"product_cat","embeddable":true,"href":"https:\/\/moyahousehold.com\/pt\/wp-json\/wp\/v2\/product_cat?post=3393"},{"taxonomy":"product_tag","embeddable":true,"href":"https:\/\/moyahousehold.com\/pt\/wp-json\/wp\/v2\/product_tag?post=3393"}],"curies":[{"name":"wp","href":"https:\/\/api.w.org\/{rel}","templated":true}]}}