{"id":3418,"date":"2024-04-21T11:06:57","date_gmt":"2024-04-21T11:06:57","guid":{"rendered":"https:\/\/moyahousehold.com\/?post_type=product&#038;p=3418"},"modified":"2025-04-19T09:33:53","modified_gmt":"2025-04-19T09:33:53","slug":"wholesale-thermos-kettle-fiji-style","status":"publish","type":"product","link":"https:\/\/moyahousehold.com\/pt\/produto\/wholesale-thermos-kettle-fiji-style\/","title":{"rendered":"Chaleira t\u00e9rmica de 1,0 L mundialmente popular (estilo Fiji), garrafa t\u00e9rmica elegante a granel para venda"},"content":{"rendered":"<div class=\"wp-block-columns is-layout-flex wp-container-core-columns-is-layout-9d6595d7 wp-block-columns-is-layout-flex\">\n<div class=\"wp-block-column is-layout-flow wp-block-column-is-layout-flow\">\n<h3 class=\"wp-block-heading\">Par\u00e2metros da chaleira t\u00e9rmica 1.0L<\/h3>\n\n\n\n<p><strong>N\u00famero do modelo<\/strong>: MY800<br><strong>Material<\/strong>: borosilicato + PP + Silicagel <br><strong>Peso bruto<\/strong>: 0,9 kg<br><strong>Dimens\u00e3o<\/strong>: 170x124x248mm<br><strong>Cor<\/strong>: branco\/rosa\/verde menta\/cinzento claro<br><strong>Sem BPA<\/strong><\/p>\n<\/div>\n\n\n\n<div class=\"wp-block-column is-layout-flow wp-block-column-is-layout-flow\">\n<h3 class=\"wp-block-heading\">Op\u00e7\u00f5es de chaleiras t\u00e9rmicas personalizadas<\/h3>\n\n\n\n<p><strong>Tampas<\/strong>: tampa de press\u00e3o em a\u00e7o inoxid\u00e1vel<br><strong>Log\u00f3tipo<\/strong>: personalizar o log\u00f3tipo da sua marca no produto e na embalagem.<br><strong>Op\u00e7\u00f5es de log\u00f3tipo<\/strong>: log\u00f3tipo impresso, log\u00f3tipo gravado a laser, etc.<br><strong>Padr\u00e3o<\/strong>: padr\u00f5es de impress\u00e3o em chaleiras t\u00e9rmicas.<br><strong>Tecnologia de impress\u00e3o<\/strong>: impress\u00e3o por transfer\u00eancia de \u00e1gua, impress\u00e3o por serigrafia, impress\u00e3o por transfer\u00eancia de calor, transfer\u00eancia por sublima\u00e7\u00e3o, etc.<br><strong>Embalagem<\/strong>: caixa de cor<br><a href=\"https:\/\/moyahousehold.com\/pt\/solucao-personalizada\/\" target=\"_blank\" rel=\"noreferrer noopener\"><strong>Saiba mais sobre as solu\u00e7\u00f5es personalizadas de chaleiras t\u00e9rmicas.<\/strong><\/a><\/p>\n\n\n\n<p><br><\/p>\n<\/div>\n<\/div>\n\n\n\n<div class=\"wp-block-columns is-layout-flex wp-container-core-columns-is-layout-9d6595d7 wp-block-columns-is-layout-flex\">\n<div class=\"wp-block-column is-layout-flow wp-block-column-is-layout-flow\">\n<figure class=\"wp-block-image size-full\"><img fetchpriority=\"high\" decoding=\"async\" width=\"1500\" height=\"1500\" src=\"https:\/\/moyahousehold.com\/wp-content\/uploads\/2024\/04\/Thermos-Kettle-Detail-3.jpg\" alt=\"Garrafa t\u00e9rmica-Detalhe-3\" class=\"wp-image-9852\" srcset=\"https:\/\/moyahousehold.com\/wp-content\/uploads\/2024\/04\/Thermos-Kettle-Detail-3.jpg 1500w, https:\/\/moyahousehold.com\/wp-content\/uploads\/2024\/04\/Thermos-Kettle-Detail-3-300x300.jpg 300w, https:\/\/moyahousehold.com\/wp-content\/uploads\/2024\/04\/Thermos-Kettle-Detail-3-150x150.jpg 150w, https:\/\/moyahousehold.com\/wp-content\/uploads\/2024\/04\/Thermos-Kettle-Detail-3-768x768.jpg 768w, https:\/\/moyahousehold.com\/wp-content\/uploads\/2024\/04\/Thermos-Kettle-Detail-3-12x12.jpg 12w, https:\/\/moyahousehold.com\/wp-content\/uploads\/2024\/04\/Thermos-Kettle-Detail-3-285x285.jpg 285w, https:\/\/moyahousehold.com\/wp-content\/uploads\/2024\/04\/Thermos-Kettle-Detail-3-270x270.jpg 270w, https:\/\/moyahousehold.com\/wp-content\/uploads\/2024\/04\/Thermos-Kettle-Detail-3-540x540.jpg 540w, https:\/\/moyahousehold.com\/wp-content\/uploads\/2024\/04\/Thermos-Kettle-Detail-3-660x660.jpg 660w\" sizes=\"(max-width: 1500px) 100vw, 1500px\" \/><\/figure>\n<\/div>\n\n\n\n<div class=\"wp-block-column is-layout-flow wp-block-column-is-layout-flow\">\n<figure class=\"wp-block-image size-full\"><img decoding=\"async\" width=\"1500\" height=\"1501\" src=\"https:\/\/moyahousehold.com\/wp-content\/uploads\/2024\/04\/Fiji-Thermos-Kettle-Detail-5-1.jpg\" alt=\"Fiji-Thermos-Caldeira-Detalhe-5\" class=\"wp-image-9846\" srcset=\"https:\/\/moyahousehold.com\/wp-content\/uploads\/2024\/04\/Fiji-Thermos-Kettle-Detail-5-1.jpg 1500w, https:\/\/moyahousehold.com\/wp-content\/uploads\/2024\/04\/Fiji-Thermos-Kettle-Detail-5-1-300x300.jpg 300w, https:\/\/moyahousehold.com\/wp-content\/uploads\/2024\/04\/Fiji-Thermos-Kettle-Detail-5-1-150x150.jpg 150w, https:\/\/moyahousehold.com\/wp-content\/uploads\/2024\/04\/Fiji-Thermos-Kettle-Detail-5-1-768x769.jpg 768w, https:\/\/moyahousehold.com\/wp-content\/uploads\/2024\/04\/Fiji-Thermos-Kettle-Detail-5-1-12x12.jpg 12w, https:\/\/moyahousehold.com\/wp-content\/uploads\/2024\/04\/Fiji-Thermos-Kettle-Detail-5-1-285x285.jpg 285w, https:\/\/moyahousehold.com\/wp-content\/uploads\/2024\/04\/Fiji-Thermos-Kettle-Detail-5-1-270x270.jpg 270w, https:\/\/moyahousehold.com\/wp-content\/uploads\/2024\/04\/Fiji-Thermos-Kettle-Detail-5-1-540x540.jpg 540w, https:\/\/moyahousehold.com\/wp-content\/uploads\/2024\/04\/Fiji-Thermos-Kettle-Detail-5-1-660x660.jpg 660w\" sizes=\"(max-width: 1500px) 100vw, 1500px\" \/><\/figure>\n<\/div>\n<\/div>","protected":false},"excerpt":{"rendered":"<p>Chaleira t\u00e9rmica estilo Fiji por atacado, jarro t\u00e9rmico. A chaleira t\u00e9rmica Fiji usa um revestimento interno de vidro, pode atingir isolamento e resfriamento 24 horas por dia. N\u00f3s apoiamos a ordem a granel e OEM &amp; ODM personalizado servi\u00e7os de garrafa t\u00e9rmica, entre em contato conosco.<\/p>\n<h3>Carater\u00edsticas e vantagens da chaleira t\u00e9rmica estilo Fiji de 1,0 L<\/h3>\n<p><strong>Design de apar\u00eancia simples:<\/strong> Simples, mas n\u00e3o simples, este jarro t\u00e9rmico adopta um conceito de design moderno e minimalista, que pode ser integrado em v\u00e1rias decora\u00e7\u00f5es de casa e \u00e9 adequado para uma variedade de cen\u00e1rios.<\/p>\n<p><strong>Desempenho de isolamento eficiente:<\/strong> Este jarro t\u00e9rmico tem um revestimento de vidro vermelho galvanizado incorporado, que permite conservar o calor ou o frio durante 24 horas, satisfazendo as necessidades de \u00e1gua pot\u00e1vel em todas as condi\u00e7\u00f5es climat\u00e9ricas.<\/p>\n<p><strong>Design de bico anti-fuga lateral:<\/strong> Este jarro t\u00e9rmico adopta um design de bico \u00fanico para garantir um fluxo de \u00e1gua suave, evitando fugas laterais e queimaduras provocadas pela \u00e1gua a ferver, sendo seguro e fi\u00e1vel de utilizar.<\/p>\n<p><strong>Verter com um s\u00f3 bot\u00e3o:<\/strong> Equipado com uma tampa de press\u00e3o de um bot\u00e3o, pode ser facilmente operado com uma m\u00e3o, o que poupa trabalho e \u00e9 conveniente.<\/p>\n<p><strong>Pega confort\u00e1vel:<\/strong> Adopta uma pega em PP, que \u00e9 globalmente leve, confort\u00e1vel de segurar e n\u00e3o se cansa facilmente ap\u00f3s uma utiliza\u00e7\u00e3o prolongada.<\/p>\n<p><a href=\"https:\/\/moyahousehold.com\/pt\/wholesale-fiji-style-stylish-thermos-kettle\/\" target=\"_blank\" rel=\"noopener\"><strong>Saiba mais sobre a chaleira t\u00e9rmica estilo Fiji.<\/strong><\/a><\/p>","protected":false},"featured_media":9848,"comment_status":"open","ping_status":"closed","template":"","meta":[],"product_cat":[54],"product_tag":[66,84],"class_list":{"0":"post-3418","1":"product","2":"type-product","3":"status-publish","4":"has-post-thumbnail","6":"product_cat-thermal-carafe-wholesale","7":"product_tag-wholesale-1000ml-thermos-carafe","8":"product_tag-wholesale-glass-liner-thermos-carafe","10":"first","11":"instock","12":"shipping-taxable","13":"product-type-simple"},"_links":{"self":[{"href":"https:\/\/moyahousehold.com\/pt\/wp-json\/wp\/v2\/product\/3418","targetHints":{"allow":["GET"]}}],"collection":[{"href":"https:\/\/moyahousehold.com\/pt\/wp-json\/wp\/v2\/product"}],"about":[{"href":"https:\/\/moyahousehold.com\/pt\/wp-json\/wp\/v2\/types\/product"}],"replies":[{"embeddable":true,"href":"https:\/\/moyahousehold.com\/pt\/wp-json\/wp\/v2\/comments?post=3418"}],"version-history":[{"count":0,"href":"https:\/\/moyahousehold.com\/pt\/wp-json\/wp\/v2\/product\/3418\/revisions"}],"wp:featuredmedia":[{"embeddable":true,"href":"https:\/\/moyahousehold.com\/pt\/wp-json\/wp\/v2\/media\/9848"}],"wp:attachment":[{"href":"https:\/\/moyahousehold.com\/pt\/wp-json\/wp\/v2\/media?parent=3418"}],"wp:term":[{"taxonomy":"product_cat","embeddable":true,"href":"https:\/\/moyahousehold.com\/pt\/wp-json\/wp\/v2\/product_cat?post=3418"},{"taxonomy":"product_tag","embeddable":true,"href":"https:\/\/moyahousehold.com\/pt\/wp-json\/wp\/v2\/product_tag?post=3418"}],"curies":[{"name":"wp","href":"https:\/\/api.w.org\/{rel}","templated":true}]}}