{"id":3419,"date":"2024-04-21T11:07:00","date_gmt":"2024-04-21T11:07:00","guid":{"rendered":"https:\/\/moyahousehold.com\/?post_type=product&#038;p=3419"},"modified":"2026-04-10T08:47:03","modified_gmt":"2026-04-10T08:47:03","slug":"wholesale-custom-thermos-flask","status":"publish","type":"product","link":"https:\/\/moyahousehold.com\/pt\/produto\/garrafa-termica-personalizada-por-atacado\/","title":{"rendered":"Wholesale Custom Thermos Flask, Bulk 1000ml Fashionable Thermos Carafe, Support OEM &amp; ODM"},"content":{"rendered":"<figure class=\"wp-block-image size-full\"><img fetchpriority=\"high\" decoding=\"async\" width=\"800\" height=\"800\" src=\"https:\/\/moyahousehold.com\/wp-content\/uploads\/2024\/04\/\u672a\u6807\u9898-1.jpg\" alt=\"MOYA  1L Thermal Carafe \u2013 4 Colors, Double-Wall Insulation, Japanese Minimalist Style\" class=\"wp-image-12878\" srcset=\"https:\/\/moyahousehold.com\/wp-content\/uploads\/2024\/04\/\u672a\u6807\u9898-1.jpg 800w, https:\/\/moyahousehold.com\/wp-content\/uploads\/2024\/04\/\u672a\u6807\u9898-1-300x300.jpg 300w, https:\/\/moyahousehold.com\/wp-content\/uploads\/2024\/04\/\u672a\u6807\u9898-1-150x150.jpg 150w, https:\/\/moyahousehold.com\/wp-content\/uploads\/2024\/04\/\u672a\u6807\u9898-1-768x768.jpg 768w, https:\/\/moyahousehold.com\/wp-content\/uploads\/2024\/04\/\u672a\u6807\u9898-1-12x12.jpg 12w, https:\/\/moyahousehold.com\/wp-content\/uploads\/2024\/04\/\u672a\u6807\u9898-1-285x285.jpg 285w, https:\/\/moyahousehold.com\/wp-content\/uploads\/2024\/04\/\u672a\u6807\u9898-1-270x270.jpg 270w, https:\/\/moyahousehold.com\/wp-content\/uploads\/2024\/04\/\u672a\u6807\u9898-1-540x540.jpg 540w, https:\/\/moyahousehold.com\/wp-content\/uploads\/2024\/04\/\u672a\u6807\u9898-1-660x660.jpg 660w\" sizes=\"(max-width: 800px) 100vw, 800px\" \/><\/figure>\n\n\n\n<h3 class=\"wp-block-heading\">Par\u00e2metros do frasco t\u00e9rmico<\/h3>\n\n\n\n<figure class=\"wp-block-table\"><table class=\"has-fixed-layout\"><tbody><tr><td><strong>Item<\/strong><\/td><td><strong>Material<\/strong><\/td><td><strong>Cor<\/strong><\/td><td><strong>Dimens\u00e3o<\/strong><\/td><td><strong>G.W.\/PCS<\/strong><\/td><\/tr><tr><td>MY808<\/td><td>Borosilicate + PP + Silica Gel<\/td><td>Beige\/Pink\/Light Grey\/Black<\/td><td>7*7*19<\/td><td>0.9<\/td><\/tr><\/tbody><\/table><\/figure>\n\n\n\n<div class=\"wp-block-columns is-layout-flex wp-container-core-columns-is-layout-9d6595d7 wp-block-columns-is-layout-flex\">\n<div class=\"wp-block-column is-layout-flow wp-block-column-is-layout-flow\">\n<h3 class=\"wp-block-heading\">Op\u00e7\u00f5es de frascos t\u00e9rmicos personalizados<\/h3>\n\n\n\n<p><strong>Tampas:<\/strong> Stainless steel pressure lid<br><strong>Log\u00f3tipo:<\/strong> Custom your brand logo on product and package.<br><strong>Logo Options:<\/strong> Printed logo, laser engraved logo, etc.<br><strong>Padr\u00e3o:<\/strong> Printing patterns on insulated carafes.<br><strong>Printing Technology:<\/strong> Water transfer printing, silk screen printing, heat transfer printing, sublimation transfer, etc.<br><strong>Embalagem:<\/strong> Color box<br><a href=\"https:\/\/moyahousehold.com\/pt\/solucao-personalizada\/\"><strong>Explore mais solu\u00e7\u00f5es personalizadas de garrafas t\u00e9rmicas<\/strong><\/a><\/p>\n<\/div>\n<\/div>\n\n\n\n<div class=\"wp-block-columns is-layout-flex wp-container-core-columns-is-layout-9d6595d7 wp-block-columns-is-layout-flex\">\n<div class=\"wp-block-column is-layout-flow wp-block-column-is-layout-flow\">\n<figure class=\"wp-block-image size-full\"><img decoding=\"async\" width=\"660\" height=\"660\" src=\"https:\/\/moyahousehold.com\/wp-content\/uploads\/2024\/04\/Wholesale-Thermos-Flask-Display-2.webp\" alt=\"Expositor de frascos t\u00e9rmicos por atacado (2)\" class=\"wp-image-9927\" srcset=\"https:\/\/moyahousehold.com\/wp-content\/uploads\/2024\/04\/Wholesale-Thermos-Flask-Display-2.webp 660w, https:\/\/moyahousehold.com\/wp-content\/uploads\/2024\/04\/Wholesale-Thermos-Flask-Display-2-300x300.webp 300w, https:\/\/moyahousehold.com\/wp-content\/uploads\/2024\/04\/Wholesale-Thermos-Flask-Display-2-150x150.webp 150w, https:\/\/moyahousehold.com\/wp-content\/uploads\/2024\/04\/Wholesale-Thermos-Flask-Display-2-12x12.webp 12w, https:\/\/moyahousehold.com\/wp-content\/uploads\/2024\/04\/Wholesale-Thermos-Flask-Display-2-285x285.webp 285w, https:\/\/moyahousehold.com\/wp-content\/uploads\/2024\/04\/Wholesale-Thermos-Flask-Display-2-270x270.webp 270w, https:\/\/moyahousehold.com\/wp-content\/uploads\/2024\/04\/Wholesale-Thermos-Flask-Display-2-540x540.webp 540w\" sizes=\"(max-width: 660px) 100vw, 660px\" \/><\/figure>\n<\/div>\n\n\n\n<div class=\"wp-block-column is-layout-flow wp-block-column-is-layout-flow\">\n<figure class=\"wp-block-image size-full\"><img decoding=\"async\" width=\"660\" height=\"660\" src=\"https:\/\/moyahousehold.com\/wp-content\/uploads\/2024\/04\/Wholesale-Thermos-Flask-Display-3.webp\" alt=\"Expositor de frascos t\u00e9rmicos por atacado (3)\" class=\"wp-image-9928\" srcset=\"https:\/\/moyahousehold.com\/wp-content\/uploads\/2024\/04\/Wholesale-Thermos-Flask-Display-3.webp 660w, https:\/\/moyahousehold.com\/wp-content\/uploads\/2024\/04\/Wholesale-Thermos-Flask-Display-3-300x300.webp 300w, https:\/\/moyahousehold.com\/wp-content\/uploads\/2024\/04\/Wholesale-Thermos-Flask-Display-3-150x150.webp 150w, https:\/\/moyahousehold.com\/wp-content\/uploads\/2024\/04\/Wholesale-Thermos-Flask-Display-3-12x12.webp 12w, https:\/\/moyahousehold.com\/wp-content\/uploads\/2024\/04\/Wholesale-Thermos-Flask-Display-3-285x285.webp 285w, https:\/\/moyahousehold.com\/wp-content\/uploads\/2024\/04\/Wholesale-Thermos-Flask-Display-3-270x270.webp 270w, https:\/\/moyahousehold.com\/wp-content\/uploads\/2024\/04\/Wholesale-Thermos-Flask-Display-3-540x540.webp 540w\" sizes=\"(max-width: 660px) 100vw, 660px\" \/><\/figure>\n<\/div>\n<\/div>\n\n\n\n<p><\/p>","protected":false},"excerpt":{"rendered":"<p>Frascos t\u00e9rmicos personaliz\u00e1veis por atacado, a MOYA oferece uma variedade de estilos \u00e0 escolha. Esta garrafa t\u00e9rmica tem um revestimento de vidro vermelho, que pode efetivamente manter-se quente at\u00e9 24 horas. \u00c9 uma escolha ideal para uso dom\u00e9stico, equipamento de escrit\u00f3rio ou para a ind\u00fastria hoteleira e de restaura\u00e7\u00e3o. N\u00f3s fornecemos servi\u00e7o de garrafa t\u00e9rmica personalizada OEM e ODM, apoiando apar\u00eancia personalizada, material, cor, logotipo da marca e configura\u00e7\u00e3o funcional. Bem-vindo a contactar-nos.<\/p>\n<h3>Features of Customizable Thermos Flask<\/h3>\n<p><strong>Multiple Color Options:<\/strong> Este frasco t\u00e9rmico est\u00e1 dispon\u00edvel em quatro cores, incluindo preto cl\u00e1ssico, branco elegante ou amarelo e rosa vibrantes, para satisfazer as necessidades personalizadas de diferentes consumidores.<\/p>\n<p><strong>High-Quality Materials:<\/strong> Este frasco t\u00e9rmico tem um revestimento de vidro vermelho incorporado, que tem um melhor isolamento do que o revestimento de vidro normal e proporciona at\u00e9 24 horas de isolamento.<\/p>\n<p><strong>Easy to Clean and Replace:<\/strong> O fundo deste frasco t\u00e9rmico \u00e9 amov\u00edvel e o revestimento pode ser facilmente substitu\u00eddo e limpo para garantir a higiene e a limpeza internas.<\/p>\n<p><strong>Practical Design:<\/strong> A sa\u00edda de \u00e1gua pode ser ligada e desligada premindo um bot\u00e3o na parte superior, e a coluna de \u00e1gua converge suavemente para evitar que a \u00e1gua se derrame.<\/p>\n<p><strong>Customization Service<\/strong>: Fornecemos servi\u00e7os de garrafas t\u00e9rmicas personalizadas OEM e ODM, fornecemos uma vasta gama de op\u00e7\u00f5es de personaliza\u00e7\u00e3o e apoiamos encomendas de pequenos lotes.<\/p>","protected":false},"featured_media":9923,"comment_status":"closed","ping_status":"closed","template":"","meta":[],"product_cat":[54],"product_tag":[66,84],"class_list":{"0":"post-3419","1":"product","2":"type-product","3":"status-publish","4":"has-post-thumbnail","6":"product_cat-thermal-carafe-wholesale","7":"product_tag-wholesale-1000ml-thermos-carafe","8":"product_tag-wholesale-glass-liner-thermos-carafe","10":"first","11":"instock","12":"shipping-taxable","13":"product-type-simple"},"_links":{"self":[{"href":"https:\/\/moyahousehold.com\/pt\/wp-json\/wp\/v2\/product\/3419","targetHints":{"allow":["GET"]}}],"collection":[{"href":"https:\/\/moyahousehold.com\/pt\/wp-json\/wp\/v2\/product"}],"about":[{"href":"https:\/\/moyahousehold.com\/pt\/wp-json\/wp\/v2\/types\/product"}],"replies":[{"embeddable":true,"href":"https:\/\/moyahousehold.com\/pt\/wp-json\/wp\/v2\/comments?post=3419"}],"version-history":[{"count":0,"href":"https:\/\/moyahousehold.com\/pt\/wp-json\/wp\/v2\/product\/3419\/revisions"}],"wp:featuredmedia":[{"embeddable":true,"href":"https:\/\/moyahousehold.com\/pt\/wp-json\/wp\/v2\/media\/9923"}],"wp:attachment":[{"href":"https:\/\/moyahousehold.com\/pt\/wp-json\/wp\/v2\/media?parent=3419"}],"wp:term":[{"taxonomy":"product_cat","embeddable":true,"href":"https:\/\/moyahousehold.com\/pt\/wp-json\/wp\/v2\/product_cat?post=3419"},{"taxonomy":"product_tag","embeddable":true,"href":"https:\/\/moyahousehold.com\/pt\/wp-json\/wp\/v2\/product_tag?post=3419"}],"curies":[{"name":"wp","href":"https:\/\/api.w.org\/{rel}","templated":true}]}}