{"id":3493,"date":"2024-04-21T13:49:11","date_gmt":"2024-04-21T13:49:11","guid":{"rendered":"https:\/\/moyahousehold.com\/?post_type=product&#038;p=3493"},"modified":"2026-04-10T10:05:36","modified_gmt":"2026-04-10T10:05:36","slug":"wholesale-ll-thermos-kettle-with-diamond-shape-design","status":"publish","type":"product","link":"https:\/\/moyahousehold.com\/pt\/produto\/wholesale-ll-thermos-kettle-with-diamond-shape-design\/","title":{"rendered":"Wholesale l.0L Thermos Kettle with Simple Style and Diamond Shape Design | Support OEM and OEM"},"content":{"rendered":"<figure class=\"wp-block-image size-full\"><img fetchpriority=\"high\" decoding=\"async\" width=\"5520\" height=\"2967\" src=\"https:\/\/moyahousehold.com\/wp-content\/uploads\/2024\/04\/JS-\u94bb\u77f3\u58f6-61.jpg\" alt=\"MOYA 1.0L Minimalist Thermal Pot, Perfect for Home, Office, or Tea\/Coffee\" class=\"wp-image-12899\" srcset=\"https:\/\/moyahousehold.com\/wp-content\/uploads\/2024\/04\/JS-\u94bb\u77f3\u58f6-61.jpg 5520w, https:\/\/moyahousehold.com\/wp-content\/uploads\/2024\/04\/JS-\u94bb\u77f3\u58f6-61-300x161.jpg 300w, https:\/\/moyahousehold.com\/wp-content\/uploads\/2024\/04\/JS-\u94bb\u77f3\u58f6-61-768x413.jpg 768w, https:\/\/moyahousehold.com\/wp-content\/uploads\/2024\/04\/JS-\u94bb\u77f3\u58f6-61-18x10.jpg 18w, https:\/\/moyahousehold.com\/wp-content\/uploads\/2024\/04\/JS-\u94bb\u77f3\u58f6-61-285x153.jpg 285w, https:\/\/moyahousehold.com\/wp-content\/uploads\/2024\/04\/JS-\u94bb\u77f3\u58f6-61-1600x860.jpg 1600w, https:\/\/moyahousehold.com\/wp-content\/uploads\/2024\/04\/JS-\u94bb\u77f3\u58f6-61-660x355.jpg 660w, https:\/\/moyahousehold.com\/wp-content\/uploads\/2024\/04\/JS-\u94bb\u77f3\u58f6-61-150x81.jpg 150w\" sizes=\"(max-width: 5520px) 100vw, 5520px\" \/><\/figure>\n\n\n\n<h3 class=\"wp-block-heading\">Par\u00e2metros da chaleira t\u00e9rmica l.0L<\/h3>\n\n\n\n<figure class=\"wp-block-table\"><table class=\"has-fixed-layout\"><tbody><tr><td><strong>Item<\/strong><\/td><td><strong>Material<\/strong><\/td><td><strong>Cor<\/strong><\/td><td><strong>Dimens\u00e3o<\/strong><\/td><td><strong>G.W.\/PCS<\/strong><\/td><\/tr><tr><td>MY0251<\/td><td>Borosilicate + PP + Silica Gel<\/td><td>White\/Black\/Silver<\/td><td>20.1*14.8*20.2<\/td><td>1.3<\/td><\/tr><\/tbody><\/table><\/figure>\n\n\n\n<div class=\"wp-block-columns is-layout-flex wp-container-core-columns-is-layout-9d6595d7 wp-block-columns-is-layout-flex\">\n<div class=\"wp-block-column is-layout-flow wp-block-column-is-layout-flow\">\n<h3 class=\"wp-block-heading\">Op\u00e7\u00f5es de chaleiras t\u00e9rmicas personalizadas<\/h3>\n\n\n\n<p><strong>Tampas:<\/strong> Stainless steel pressure lid<br><strong>Log\u00f3tipo: <\/strong>Customize your brand logo on product and package.<br><strong>Logo Options:<\/strong> Printed logo, laser engraved logo, etc.<br><strong>Padr\u00e3o: <\/strong>Customize printing on thermos kettles.<br><strong>Printing Technology:<\/strong> Water transfer printing, silk screen printing, heat transfer printing, sublimation transfer, etc.<br><strong>Embalagem:<\/strong> Color box<br><a href=\"https:\/\/moyahousehold.com\/pt\/solucao-personalizada\/\"><strong>Saiba mais sobre as solu\u00e7\u00f5es personalizadas de chaleiras t\u00e9rmicas.<\/strong><\/a><\/p>\n<\/div>\n<\/div>\n\n\n\n<div class=\"wp-block-columns is-layout-flex wp-container-core-columns-is-layout-9d6595d7 wp-block-columns-is-layout-flex\">\n<div class=\"wp-block-column is-layout-flow wp-block-column-is-layout-flow\">\n<figure class=\"wp-block-image size-full\"><img decoding=\"async\" width=\"1500\" height=\"1500\" src=\"https:\/\/moyahousehold.com\/wp-content\/uploads\/2024\/04\/Diamond-design-thermos-kettle-display-1.webp\" alt=\"Expositor de chaleira t\u00e9rmica com design de diamante (1)\" class=\"wp-image-9990\" srcset=\"https:\/\/moyahousehold.com\/wp-content\/uploads\/2024\/04\/Diamond-design-thermos-kettle-display-1.webp 1500w, https:\/\/moyahousehold.com\/wp-content\/uploads\/2024\/04\/Diamond-design-thermos-kettle-display-1-300x300.webp 300w, https:\/\/moyahousehold.com\/wp-content\/uploads\/2024\/04\/Diamond-design-thermos-kettle-display-1-150x150.webp 150w, https:\/\/moyahousehold.com\/wp-content\/uploads\/2024\/04\/Diamond-design-thermos-kettle-display-1-768x768.webp 768w, https:\/\/moyahousehold.com\/wp-content\/uploads\/2024\/04\/Diamond-design-thermos-kettle-display-1-12x12.webp 12w, https:\/\/moyahousehold.com\/wp-content\/uploads\/2024\/04\/Diamond-design-thermos-kettle-display-1-285x285.webp 285w, https:\/\/moyahousehold.com\/wp-content\/uploads\/2024\/04\/Diamond-design-thermos-kettle-display-1-270x270.webp 270w, https:\/\/moyahousehold.com\/wp-content\/uploads\/2024\/04\/Diamond-design-thermos-kettle-display-1-540x540.webp 540w, https:\/\/moyahousehold.com\/wp-content\/uploads\/2024\/04\/Diamond-design-thermos-kettle-display-1-660x660.webp 660w\" sizes=\"(max-width: 1500px) 100vw, 1500px\" \/><\/figure>\n<\/div>\n\n\n\n<div class=\"wp-block-column is-layout-flow wp-block-column-is-layout-flow\">\n<figure class=\"wp-block-image size-full\"><img decoding=\"async\" width=\"1500\" height=\"1500\" src=\"https:\/\/moyahousehold.com\/wp-content\/uploads\/2024\/04\/Diamond-design-thermos-kettle-display-2.webp\" alt=\"Expositor de chaleira t\u00e9rmica com design de diamante (2)\" class=\"wp-image-9991\" srcset=\"https:\/\/moyahousehold.com\/wp-content\/uploads\/2024\/04\/Diamond-design-thermos-kettle-display-2.webp 1500w, https:\/\/moyahousehold.com\/wp-content\/uploads\/2024\/04\/Diamond-design-thermos-kettle-display-2-300x300.webp 300w, https:\/\/moyahousehold.com\/wp-content\/uploads\/2024\/04\/Diamond-design-thermos-kettle-display-2-150x150.webp 150w, https:\/\/moyahousehold.com\/wp-content\/uploads\/2024\/04\/Diamond-design-thermos-kettle-display-2-768x768.webp 768w, https:\/\/moyahousehold.com\/wp-content\/uploads\/2024\/04\/Diamond-design-thermos-kettle-display-2-12x12.webp 12w, https:\/\/moyahousehold.com\/wp-content\/uploads\/2024\/04\/Diamond-design-thermos-kettle-display-2-285x285.webp 285w, https:\/\/moyahousehold.com\/wp-content\/uploads\/2024\/04\/Diamond-design-thermos-kettle-display-2-270x270.webp 270w, https:\/\/moyahousehold.com\/wp-content\/uploads\/2024\/04\/Diamond-design-thermos-kettle-display-2-540x540.webp 540w, https:\/\/moyahousehold.com\/wp-content\/uploads\/2024\/04\/Diamond-design-thermos-kettle-display-2-660x660.webp 660w\" sizes=\"(max-width: 1500px) 100vw, 1500px\" \/><\/figure>\n<\/div>\n<\/div>\n\n\n\n<div class=\"wp-block-columns is-layout-flex wp-container-core-columns-is-layout-9d6595d7 wp-block-columns-is-layout-flex\">\n<div class=\"wp-block-column is-layout-flow wp-block-column-is-layout-flow\"><\/div>\n\n\n\n<div class=\"wp-block-column is-layout-flow wp-block-column-is-layout-flow\"><\/div>\n<\/div>","protected":false},"excerpt":{"rendered":"<p>Garrafas t\u00e9rmicas com aspeto de diamante, design \u00fanico, perfeitas para a sua cozinha ou restaurante. Esta chaleira t\u00e9rmica, com revestimento de vidro incorporado, pode manter a temperatura at\u00e9 24 horas. Fornecemos servi\u00e7os de chaleiras t\u00e9rmicas personalizadas OEM e ODM, quer necessite de encomendas de pequenos lotes ou de grandes quantidades. Bem-vindo a contactar-nos.<\/p>\n<h3>Carater\u00edsticas da Chaleira t\u00e9rmica Wholesale l.0L\u00a0<\/h3>\n<div>\n<p><strong>Unique Design:<\/strong> As chaleiras t\u00e9rmicas por atacado adoptam uma geometria de poliedro de diamante, elegante e moderna, adequada a todos os tipos de estilos de casa.<\/p>\n<p><strong>Practical Design:<\/strong> A chaleira t\u00e9rmica tem um bico bem concebido, que \u00e9 pr\u00e1tico para verter l\u00edquidos, evita fugas e \u00e9 mais seguro de utilizar.<\/p>\n<p><strong>Long-term Heat Preservation:<\/strong> O forro das chaleiras t\u00e9rmicas por atacado adopta o forro de vidro de gal\u00e3o vermelho, que pode manter o calor durante 24 horas.<\/p>\n<p><strong>Servi\u00e7o grossista:<\/strong> We provide the best wholesale thermos kettle service and after-sales service and accept small batch orders. <\/p>\n<p><strong>OEM &amp; ODM Customization Support:<\/strong> A MOYA fornece-lhe uma solu\u00e7\u00e3o \u00fanica de chaleira t\u00e9rmica personalizada, abrangendo o design, a produ\u00e7\u00e3o de amostras e a produ\u00e7\u00e3o em massa, para criar uma chaleira t\u00e9rmica de marca personalizada para si. <\/p>\n<\/div>\n<p><strong><a href=\"https:\/\/moyahousehold.com\/pt\/solucao-personalizada\/\" target=\"_blank\" rel=\"noopener\">Saiba mais sobre as solu\u00e7\u00f5es de chaleiras t\u00e9rmicas personalizadas OEM&amp;ODM.\u00a0<\/a><\/strong><\/p>","protected":false},"featured_media":9992,"comment_status":"closed","ping_status":"closed","template":"","meta":[],"product_cat":[54],"product_tag":[66,84],"class_list":{"0":"post-3493","1":"product","2":"type-product","3":"status-publish","4":"has-post-thumbnail","6":"product_cat-thermal-carafe-wholesale","7":"product_tag-wholesale-1000ml-thermos-carafe","8":"product_tag-wholesale-glass-liner-thermos-carafe","10":"first","11":"instock","12":"shipping-taxable","13":"product-type-simple"},"_links":{"self":[{"href":"https:\/\/moyahousehold.com\/pt\/wp-json\/wp\/v2\/product\/3493","targetHints":{"allow":["GET"]}}],"collection":[{"href":"https:\/\/moyahousehold.com\/pt\/wp-json\/wp\/v2\/product"}],"about":[{"href":"https:\/\/moyahousehold.com\/pt\/wp-json\/wp\/v2\/types\/product"}],"replies":[{"embeddable":true,"href":"https:\/\/moyahousehold.com\/pt\/wp-json\/wp\/v2\/comments?post=3493"}],"version-history":[{"count":2,"href":"https:\/\/moyahousehold.com\/pt\/wp-json\/wp\/v2\/product\/3493\/revisions"}],"predecessor-version":[{"id":12901,"href":"https:\/\/moyahousehold.com\/pt\/wp-json\/wp\/v2\/product\/3493\/revisions\/12901"}],"wp:featuredmedia":[{"embeddable":true,"href":"https:\/\/moyahousehold.com\/pt\/wp-json\/wp\/v2\/media\/9992"}],"wp:attachment":[{"href":"https:\/\/moyahousehold.com\/pt\/wp-json\/wp\/v2\/media?parent=3493"}],"wp:term":[{"taxonomy":"product_cat","embeddable":true,"href":"https:\/\/moyahousehold.com\/pt\/wp-json\/wp\/v2\/product_cat?post=3493"},{"taxonomy":"product_tag","embeddable":true,"href":"https:\/\/moyahousehold.com\/pt\/wp-json\/wp\/v2\/product_tag?post=3493"}],"curies":[{"name":"wp","href":"https:\/\/api.w.org\/{rel}","templated":true}]}}