{"id":3506,"date":"2024-04-21T14:19:14","date_gmt":"2024-04-21T14:19:14","guid":{"rendered":"https:\/\/moyahousehold.com\/?post_type=product&#038;p=3506"},"modified":"2025-04-19T09:43:34","modified_gmt":"2025-04-19T09:43:34","slug":"custom-thermal-carafe-mala-style","status":"publish","type":"product","link":"https:\/\/moyahousehold.com\/pt\/produto\/custom-thermal-carafe-mala-style\/","title":{"rendered":"Atacado 1.0L Carafes de caf\u00e9 t\u00e9rmico com estilo (estilo MALA), cafeteira a granel para venda, suporte OEM e ODM"},"content":{"rendered":"<div class=\"wp-block-columns is-layout-flex wp-container-core-columns-is-layout-9d6595d7 wp-block-columns-is-layout-flex\">\n<div class=\"wp-block-column is-layout-flow wp-block-column-is-layout-flow\">\n<h3 class=\"wp-block-heading\">Par\u00e2metros dos recipientes t\u00e9rmicos<\/h3>\n\n\n\n<p><strong>N\u00famero do modelo<\/strong>:MY0251<br><strong>Material<\/strong>:borosilicato +PP + s\u00edlica gel <br><strong>Peso bruto<\/strong>:0,5kg<br><strong>Dimens\u00e3o<\/strong>:162x162x242mm<br><strong>Cor<\/strong>cor-de-rosa\/verde-menta\/bege<br><strong>Sem BPA<\/strong><\/p>\n<\/div>\n\n\n\n<div class=\"wp-block-column is-layout-flow wp-block-column-is-layout-flow\">\n<h3 class=\"wp-block-heading\">Op\u00e7\u00f5es de jarro t\u00e9rmico personalizado<\/h3>\n\n\n\n<p><strong>Tampas:<\/strong> tampa de press\u00e3o em a\u00e7o inoxid\u00e1vel.<br><strong>Log\u00f3tipo: <\/strong>Personalize o log\u00f3tipo da sua marca no produto e na embalagem.<br><strong>Op\u00e7\u00f5es de log\u00f3tipo: <\/strong>log\u00f3tipo impresso, log\u00f3tipo gravado a laser, etc.<br><strong>Padr\u00e3o:<\/strong> padr\u00f5es de impress\u00e3o em garrafas t\u00e9rmicas.<br><strong>Tecnologia de impress\u00e3o: <\/strong>impress\u00e3o por transfer\u00eancia de \u00e1gua, impress\u00e3o serigr\u00e1fica, impress\u00e3o por transfer\u00eancia de calor, transfer\u00eancia por sublima\u00e7\u00e3o, etc.<br><strong>Embalagem: <\/strong>caixa de cor<br><a href=\"https:\/\/moyahousehold.com\/pt\/solucao-personalizada\/\" target=\"_blank\" rel=\"noreferrer noopener\"><strong>Saiba mais sobre as solu\u00e7\u00f5es personalizadas de jarros t\u00e9rmicos <\/strong><\/a><\/p>\n\n\n\n<p><br><\/p>\n<\/div>\n<\/div>\n\n\n\n<div class=\"wp-block-columns is-layout-flex wp-container-core-columns-is-layout-9d6595d7 wp-block-columns-is-layout-flex\">\n<div class=\"wp-block-column is-layout-flow wp-block-column-is-layout-flow\">\n<figure class=\"wp-block-image size-full\"><img fetchpriority=\"high\" decoding=\"async\" width=\"605\" height=\"605\" src=\"https:\/\/moyahousehold.com\/wp-content\/uploads\/2024\/04\/Thermal-Carafe-Detail-1.jpg\" alt=\"\" class=\"wp-image-9867\" srcset=\"https:\/\/moyahousehold.com\/wp-content\/uploads\/2024\/04\/Thermal-Carafe-Detail-1.jpg 605w, https:\/\/moyahousehold.com\/wp-content\/uploads\/2024\/04\/Thermal-Carafe-Detail-1-300x300.jpg 300w, https:\/\/moyahousehold.com\/wp-content\/uploads\/2024\/04\/Thermal-Carafe-Detail-1-150x150.jpg 150w, https:\/\/moyahousehold.com\/wp-content\/uploads\/2024\/04\/Thermal-Carafe-Detail-1-12x12.jpg 12w, https:\/\/moyahousehold.com\/wp-content\/uploads\/2024\/04\/Thermal-Carafe-Detail-1-285x285.jpg 285w, https:\/\/moyahousehold.com\/wp-content\/uploads\/2024\/04\/Thermal-Carafe-Detail-1-270x270.jpg 270w, https:\/\/moyahousehold.com\/wp-content\/uploads\/2024\/04\/Thermal-Carafe-Detail-1-540x540.jpg 540w\" sizes=\"(max-width: 605px) 100vw, 605px\" \/><\/figure>\n<\/div>\n\n\n\n<div class=\"wp-block-column is-layout-flow wp-block-column-is-layout-flow\">\n<figure class=\"wp-block-image size-full\"><img decoding=\"async\" width=\"540\" height=\"540\" src=\"https:\/\/moyahousehold.com\/wp-content\/uploads\/2024\/04\/Thermal-Carafe-Detail-2.jpg\" alt=\"Detalhe do jarro t\u00e9rmico (2)\" class=\"wp-image-9868\" srcset=\"https:\/\/moyahousehold.com\/wp-content\/uploads\/2024\/04\/Thermal-Carafe-Detail-2.jpg 540w, https:\/\/moyahousehold.com\/wp-content\/uploads\/2024\/04\/Thermal-Carafe-Detail-2-300x300.jpg 300w, https:\/\/moyahousehold.com\/wp-content\/uploads\/2024\/04\/Thermal-Carafe-Detail-2-150x150.jpg 150w, https:\/\/moyahousehold.com\/wp-content\/uploads\/2024\/04\/Thermal-Carafe-Detail-2-12x12.jpg 12w, https:\/\/moyahousehold.com\/wp-content\/uploads\/2024\/04\/Thermal-Carafe-Detail-2-285x285.jpg 285w, https:\/\/moyahousehold.com\/wp-content\/uploads\/2024\/04\/Thermal-Carafe-Detail-2-270x270.jpg 270w\" sizes=\"(max-width: 540px) 100vw, 540px\" \/><\/figure>\n<\/div>\n<\/div>","protected":false},"excerpt":{"rendered":"<p>Garrafa t\u00e9rmica requintada de estilo MALA por grosso. Este \u00e9 um novo design de chaleira t\u00e9rmica, apar\u00eancia simples, luxuosa e atraente. O interior usa um forro de vidro, que pode manter quente ou frio por at\u00e9 24 horas. Suporte OEM e ODM, entre em contato conosco.<\/p>\n<h3>Carater\u00edsticas e vantagens do jarro t\u00e9rmico MALA de 1,0 L<\/h3>\n<p><strong>Design totalmente novo:<\/strong> O novo jarro t\u00e9rmico do estilo MALA tem um aspeto elegante e luxuoso, que se integra perfeitamente na decora\u00e7\u00e3o moderna da casa.<\/p>\n<p><strong>V\u00e1rias op\u00e7\u00f5es de cores:<\/strong> Para este jarro t\u00e9rmico, oferecemos uma variedade de op\u00e7\u00f5es de cores, incluindo amarelo quente, verde esmeralda e rosa encantador.<\/p>\n<p><strong>Excelente desempenho de isolamento t\u00e9rmico:<\/strong> O revestimento interior deste jarro t\u00e9rmico \u00e9 feito de vidro galvanizado vermelho, que pode proporcionar um isolamento do calor e do frio durante 24 horas.<\/p>\n<p><strong>Design anti-fugas laterais:<\/strong> O bico deste jarro t\u00e9rmico adopta um design em forma de bico de \u00e1guia e a coluna de \u00e1gua converge e n\u00e3o \u00e9 f\u00e1cil de dispersar, evitando eficazmente os escald\u00f5es.<\/p>\n<p><strong>F\u00e1cil de utilizar:<\/strong> Basta uma leve press\u00e3o para deitar \u00e1gua, o que \u00e9 simples e poupa trabalho.<\/p>\n<p><strong>Servi\u00e7o personalizado OEM e ODM:<\/strong> Fornecemos solu\u00e7\u00f5es profissionais de jarras t\u00e9rmicas personalizadas OEM e ODM para criar diferentes estilos de jarras t\u00e9rmicas de marca para si.<\/p>","protected":false},"featured_media":9874,"comment_status":"closed","ping_status":"closed","template":"","meta":[],"product_cat":[54],"product_tag":[66,84],"class_list":{"0":"post-3506","1":"product","2":"type-product","3":"status-publish","4":"has-post-thumbnail","6":"product_cat-thermal-carafe-wholesale","7":"product_tag-wholesale-1000ml-thermos-carafe","8":"product_tag-wholesale-glass-liner-thermos-carafe","10":"first","11":"instock","12":"shipping-taxable","13":"product-type-simple"},"_links":{"self":[{"href":"https:\/\/moyahousehold.com\/pt\/wp-json\/wp\/v2\/product\/3506","targetHints":{"allow":["GET"]}}],"collection":[{"href":"https:\/\/moyahousehold.com\/pt\/wp-json\/wp\/v2\/product"}],"about":[{"href":"https:\/\/moyahousehold.com\/pt\/wp-json\/wp\/v2\/types\/product"}],"replies":[{"embeddable":true,"href":"https:\/\/moyahousehold.com\/pt\/wp-json\/wp\/v2\/comments?post=3506"}],"version-history":[{"count":0,"href":"https:\/\/moyahousehold.com\/pt\/wp-json\/wp\/v2\/product\/3506\/revisions"}],"wp:featuredmedia":[{"embeddable":true,"href":"https:\/\/moyahousehold.com\/pt\/wp-json\/wp\/v2\/media\/9874"}],"wp:attachment":[{"href":"https:\/\/moyahousehold.com\/pt\/wp-json\/wp\/v2\/media?parent=3506"}],"wp:term":[{"taxonomy":"product_cat","embeddable":true,"href":"https:\/\/moyahousehold.com\/pt\/wp-json\/wp\/v2\/product_cat?post=3506"},{"taxonomy":"product_tag","embeddable":true,"href":"https:\/\/moyahousehold.com\/pt\/wp-json\/wp\/v2\/product_tag?post=3506"}],"curies":[{"name":"wp","href":"https:\/\/api.w.org\/{rel}","templated":true}]}}