{"id":3671,"date":"2024-04-22T05:23:57","date_gmt":"2024-04-22T05:23:57","guid":{"rendered":"https:\/\/moyahousehold.com\/?post_type=product&#038;p=3671"},"modified":"2025-02-05T06:27:08","modified_gmt":"2025-02-05T06:27:08","slug":"wholesale-insulated-water-dispenser-2500ml","status":"publish","type":"product","link":"https:\/\/moyahousehold.com\/pt\/produto\/wholesale-insulated-water-dispenser-2500ml\/","title":{"rendered":"Distribuidor de \u00e1gua isolado por atacado 2500ML: isolamento t\u00e9rmico eficiente para casa, escrit\u00f3rio e uso comercial"},"content":{"rendered":"<div class=\"wp-block-columns is-layout-flex wp-container-core-columns-is-layout-9d6595d7 wp-block-columns-is-layout-flex\">\n<div class=\"wp-block-column is-layout-flow wp-block-column-is-layout-flow\">\n<h3 class=\"wp-block-heading\">Par\u00e2metros do distribuidor de \u00e1gua isolado<\/h3>\n\n\n\n<p><strong>N\u00famero do modelo<\/strong>:MY0840<br><strong>Material<\/strong>:304 a\u00e7o inoxid\u00e1vel +PP + PE + ABS + s\u00edlica gel <br><strong>Peso bruto<\/strong>:2,5kg<br><strong>Dimens\u00e3o:<\/strong>238x160x280mm<br><strong>Cor<\/strong>:preto\/bege<br><strong>Sem BPA<\/strong><\/p>\n\n\n\n<h3 class=\"wp-block-heading\">Op\u00e7\u00f5es de garrafas t\u00e9rmicas personalizadas<\/h3>\n\n\n\n<p><strong>Log\u00f3tipo<\/strong>: personalizar o log\u00f3tipo da sua marca no produto e na embalagem.<br><strong>Op\u00e7\u00f5es de log\u00f3tipo<\/strong>: log\u00f3tipo impresso, log\u00f3tipo gravado a laser, etc.<br><strong>Padr\u00e3o<\/strong>: padr\u00f5es de impress\u00e3o.<br><strong>Tecnologia de impress\u00e3o<\/strong>: impress\u00e3o por transfer\u00eancia de \u00e1gua, impress\u00e3o por serigrafia, impress\u00e3o por transfer\u00eancia de calor, transfer\u00eancia por sublima\u00e7\u00e3o, etc.<br><strong>Embalagem:<\/strong> caixa de cor<br><a href=\"https:\/\/moyahousehold.com\/pt\/solucao-personalizada\/\" target=\"_blank\" rel=\"noreferrer noopener\"><strong>Saiba mais sobre as solu\u00e7\u00f5es de garrafas t\u00e9rmicas personalizadas<\/strong><\/a><\/p>\n<\/div>\n<\/div>\n\n\n\n<div class=\"wp-block-columns is-layout-flex wp-container-core-columns-is-layout-9d6595d7 wp-block-columns-is-layout-flex\">\n<div class=\"wp-block-column is-layout-flow wp-block-column-is-layout-flow\">\n<figure class=\"wp-block-image size-full\"><img fetchpriority=\"high\" decoding=\"async\" width=\"670\" height=\"1080\" src=\"https:\/\/moyahousehold.com\/wp-content\/uploads\/2024\/04\/Insulated-Water-Dispenser-Detail-1.jpg\" alt=\"Detalhe do distribuidor de \u00e1gua isolado (1)\" class=\"wp-image-9796\" srcset=\"https:\/\/moyahousehold.com\/wp-content\/uploads\/2024\/04\/Insulated-Water-Dispenser-Detail-1.jpg 670w, https:\/\/moyahousehold.com\/wp-content\/uploads\/2024\/04\/Insulated-Water-Dispenser-Detail-1-186x300.jpg 186w, https:\/\/moyahousehold.com\/wp-content\/uploads\/2024\/04\/Insulated-Water-Dispenser-Detail-1-7x12.jpg 7w, https:\/\/moyahousehold.com\/wp-content\/uploads\/2024\/04\/Insulated-Water-Dispenser-Detail-1-285x459.jpg 285w, https:\/\/moyahousehold.com\/wp-content\/uploads\/2024\/04\/Insulated-Water-Dispenser-Detail-1-409x660.jpg 409w, https:\/\/moyahousehold.com\/wp-content\/uploads\/2024\/04\/Insulated-Water-Dispenser-Detail-1-93x150.jpg 93w\" sizes=\"(max-width: 670px) 100vw, 670px\" \/><\/figure>\n<\/div>\n\n\n\n<div class=\"wp-block-column is-layout-flow wp-block-column-is-layout-flow\">\n<figure class=\"wp-block-image size-full\"><img decoding=\"async\" width=\"670\" height=\"1080\" src=\"https:\/\/moyahousehold.com\/wp-content\/uploads\/2024\/04\/Insulated-Water-Dispenser-Detail2.jpg\" alt=\"Detalhe do distribuidor de \u00e1gua isolado(2)\" class=\"wp-image-9797\" srcset=\"https:\/\/moyahousehold.com\/wp-content\/uploads\/2024\/04\/Insulated-Water-Dispenser-Detail2.jpg 670w, https:\/\/moyahousehold.com\/wp-content\/uploads\/2024\/04\/Insulated-Water-Dispenser-Detail2-186x300.jpg 186w, https:\/\/moyahousehold.com\/wp-content\/uploads\/2024\/04\/Insulated-Water-Dispenser-Detail2-7x12.jpg 7w, https:\/\/moyahousehold.com\/wp-content\/uploads\/2024\/04\/Insulated-Water-Dispenser-Detail2-285x459.jpg 285w, https:\/\/moyahousehold.com\/wp-content\/uploads\/2024\/04\/Insulated-Water-Dispenser-Detail2-409x660.jpg 409w, https:\/\/moyahousehold.com\/wp-content\/uploads\/2024\/04\/Insulated-Water-Dispenser-Detail2-93x150.jpg 93w\" sizes=\"(max-width: 670px) 100vw, 670px\" \/><\/figure>\n<\/div>\n<\/div>","protected":false},"excerpt":{"rendered":"<p>O dispensador de \u00e1gua com isolamento t\u00e9rmico de 2500 ml pode manter a temperatura interna da bebida durante muito tempo. Este dispensador de \u00e1gua isolado \u00e9 projetado para ser leve e equipado com uma al\u00e7a confort\u00e1vel, tornando-o muito conveniente para transportar com voc\u00ea. Pode ser utilizado por muitas pessoas em reuni\u00f5es familiares, escrit\u00f3rios ou actividades ao ar livre.<\/p>\n<h3>Carater\u00edsticas do Distribuidor de \u00e1gua isolado 2500ML\u00a0<\/h3>\n<div>\n<p><strong>F\u00e1cil de utilizar:<\/strong> Basta premir o bot\u00e3o e a \u00e1gua ou as bebidas sair\u00e3o automaticamente, tornando o ato de servir bebidas extremamente r\u00e1pido e pr\u00e1tico.<\/p>\n<p><strong>Excelente desempenho de isolamento:<\/strong> Este dispensador de \u00e1gua isolado utiliza a tecnologia de isolamento a v\u00e1cuo de camada dupla para manter eficazmente a temperatura adequada das bebidas quentes ou frias.<\/p>\n<p><strong>Grande capacidade:<\/strong> Este dispensador de \u00e1gua isolado tem uma capacidade de 2,5 litros, que pode satisfazer as necessidades regulares de bebidas em festas e evitar o problema do reabastecimento frequente de \u00e1gua.<\/p>\n<p><strong>F\u00e1cil de transportar:<\/strong> Este dispensador de \u00e1gua isolado foi concebido para ser leve e a sua forma compacta e design f\u00e1cil de transportar fazem dele a escolha ideal para actividades ao ar livre, viagens ou campismo.<\/p>\n<p><strong>F\u00e1cil de limpar:<\/strong> O dispensador de \u00e1gua isolado pode ser facilmente desmontado e os utilizadores podem limpar facilmente todos os cantos durante a utiliza\u00e7\u00e3o.<\/p>\n<p><strong>Design amigo do ambiente:<\/strong> O seu conceito de design n\u00e3o s\u00f3 se concentra na praticidade, mas tamb\u00e9m adere aos princ\u00edpios de prote\u00e7\u00e3o ambiental. Pode ser utilizado v\u00e1rias vezes. Este dispensador de \u00e1gua com isolamento t\u00e9rmico ajuda a reduzir a utiliza\u00e7\u00e3o de garrafas de pl\u00e1stico descart\u00e1veis<\/p>\n<p><\/p>\n<p>&nbsp;<\/p>\n<\/div>","protected":false},"featured_media":7445,"comment_status":"closed","ping_status":"closed","template":"","meta":[],"product_cat":[54],"product_tag":[85],"class_list":{"0":"post-3671","1":"product","2":"type-product","3":"status-publish","4":"has-post-thumbnail","6":"product_cat-thermal-carafe-wholesale","7":"product_tag-wholesale-stainless-steel-liner-thermos-carafe","9":"first","10":"instock","11":"shipping-taxable","12":"product-type-simple"},"_links":{"self":[{"href":"https:\/\/moyahousehold.com\/pt\/wp-json\/wp\/v2\/product\/3671","targetHints":{"allow":["GET"]}}],"collection":[{"href":"https:\/\/moyahousehold.com\/pt\/wp-json\/wp\/v2\/product"}],"about":[{"href":"https:\/\/moyahousehold.com\/pt\/wp-json\/wp\/v2\/types\/product"}],"replies":[{"embeddable":true,"href":"https:\/\/moyahousehold.com\/pt\/wp-json\/wp\/v2\/comments?post=3671"}],"version-history":[{"count":0,"href":"https:\/\/moyahousehold.com\/pt\/wp-json\/wp\/v2\/product\/3671\/revisions"}],"wp:featuredmedia":[{"embeddable":true,"href":"https:\/\/moyahousehold.com\/pt\/wp-json\/wp\/v2\/media\/7445"}],"wp:attachment":[{"href":"https:\/\/moyahousehold.com\/pt\/wp-json\/wp\/v2\/media?parent=3671"}],"wp:term":[{"taxonomy":"product_cat","embeddable":true,"href":"https:\/\/moyahousehold.com\/pt\/wp-json\/wp\/v2\/product_cat?post=3671"},{"taxonomy":"product_tag","embeddable":true,"href":"https:\/\/moyahousehold.com\/pt\/wp-json\/wp\/v2\/product_tag?post=3671"}],"curies":[{"name":"wp","href":"https:\/\/api.w.org\/{rel}","templated":true}]}}