{"id":3702,"date":"2024-04-22T06:24:04","date_gmt":"2024-04-22T06:24:04","guid":{"rendered":"https:\/\/moyahousehold.com\/?post_type=product&#038;p=3702"},"modified":"2024-08-07T01:03:08","modified_gmt":"2024-08-07T01:03:08","slug":"wholesale-colorful-salad-bowl","status":"publish","type":"product","link":"https:\/\/moyahousehold.com\/pt\/produto\/wholesale-colorful-salad-bowl\/","title":{"rendered":"Saladeira personalizada com aspeto colorido Para dar um toque de divers\u00e3o \u00e0 cozinha"},"content":{"rendered":"<div class=\"wp-block-columns is-layout-flex wp-container-core-columns-is-layout-9d6595d7 wp-block-columns-is-layout-flex\">\n<div class=\"wp-block-column is-layout-flow wp-block-column-is-layout-flow\">\n<h3 class=\"wp-block-heading\">Par\u00e2metros da saladeira<\/h3>\n\n\n\n<p>Material:A\u00e7o inoxid\u00e1vel 201 <br>Cor: a\u00e7o<br><strong>N\u00famero do modelo:MYQH001<\/strong><br>Peso l\u00edquido: 0,24 kg<br>Peso bruto por caixa: 14,4 kg<br>Capacidade:20cm<br>Dimens\u00e3o do produto:21x21x9,8cm<br>Dimens\u00e3o da caixa:43x22x39cm<br><strong>N\u00famero do modelo:MYQH002<\/strong><br>Peso l\u00edquido: 0,25 kg<br>Peso bruto por caixa:12kg<br>Capacidade:24cm<br>Dimens\u00e3o do produto:25,2\u00d725,2\u00d710,6cm<br>Dimens\u00e3o da caixa: 51x26x50cm<br><strong>N\u00famero do modelo:MYQH003<\/strong><br>Peso l\u00edquido: 0,45 kg<br>Peso bruto por caixa: 11,6 kg<br>Capacidade:28cm<br>Dimens\u00e3o do produto:28,9\u00d728,9\u00d711,8cm<br>Dimens\u00e3o da caixa:59x30x55cm<br><\/p>\n<\/div>\n\n\n\n<div class=\"wp-block-column is-layout-flow wp-block-column-is-layout-flow\">\n<h3 class=\"wp-block-heading\">Saladeira personalizada<\/h3>\n\n\n\n<p>Log\u00f3tipo: personalizar o log\u00f3tipo da sua marca no produto e na embalagem.<br>Op\u00e7\u00f5es de log\u00f3tipo: log\u00f3tipo impresso, log\u00f3tipo gravado a laser, etc.<br>Padr\u00e3o: Padr\u00f5es de impress\u00e3o na saladeira.<br>Tecnologia de impress\u00e3o: transfer\u00eancia de \u00e1gua.<br>impress\u00e3o, impress\u00e3o serigr\u00e1fica, impress\u00e3o por transfer\u00eancia t\u00e9rmica, etc.<br>Embalagem: caixa a cores.<br><a href=\"https:\/\/moyahousehold.com\/pt\/solucao-personalizada\/\"><strong>Explorar mais personaliza\u00e7\u00e3o<\/strong><\/a><\/p>\n\n\n\n<p><br><\/p>\n<\/div>\n<\/div>\n\n\n\n<div class=\"wp-block-columns is-layout-flex wp-container-core-columns-is-layout-9d6595d7 wp-block-columns-is-layout-flex\">\n<div class=\"wp-block-column is-layout-flow wp-block-column-is-layout-flow\">\n<figure class=\"wp-block-image size-full\"><img fetchpriority=\"high\" decoding=\"async\" width=\"4160\" height=\"4160\" src=\"https:\/\/moyahousehold.com\/wp-content\/uploads\/2024\/04\/Wholesale-salad-bowl-real-picture-1.webp\" alt=\"Imagem real da saladeira por atacado (1)\" class=\"wp-image-7866\" srcset=\"https:\/\/moyahousehold.com\/wp-content\/uploads\/2024\/04\/Wholesale-salad-bowl-real-picture-1.webp 4160w, https:\/\/moyahousehold.com\/wp-content\/uploads\/2024\/04\/Wholesale-salad-bowl-real-picture-1-300x300.webp 300w, https:\/\/moyahousehold.com\/wp-content\/uploads\/2024\/04\/Wholesale-salad-bowl-real-picture-1-150x150.webp 150w, https:\/\/moyahousehold.com\/wp-content\/uploads\/2024\/04\/Wholesale-salad-bowl-real-picture-1-768x768.webp 768w, https:\/\/moyahousehold.com\/wp-content\/uploads\/2024\/04\/Wholesale-salad-bowl-real-picture-1-12x12.webp 12w, https:\/\/moyahousehold.com\/wp-content\/uploads\/2024\/04\/Wholesale-salad-bowl-real-picture-1-285x285.webp 285w, https:\/\/moyahousehold.com\/wp-content\/uploads\/2024\/04\/Wholesale-salad-bowl-real-picture-1-1600x1600.webp 1600w, https:\/\/moyahousehold.com\/wp-content\/uploads\/2024\/04\/Wholesale-salad-bowl-real-picture-1-270x270.webp 270w, https:\/\/moyahousehold.com\/wp-content\/uploads\/2024\/04\/Wholesale-salad-bowl-real-picture-1-540x540.webp 540w, https:\/\/moyahousehold.com\/wp-content\/uploads\/2024\/04\/Wholesale-salad-bowl-real-picture-1-660x660.webp 660w\" sizes=\"(max-width: 4160px) 100vw, 4160px\" \/><\/figure>\n<\/div>\n\n\n\n<div class=\"wp-block-column is-layout-flow wp-block-column-is-layout-flow\">\n<figure class=\"wp-block-image size-full\"><img decoding=\"async\" width=\"4160\" height=\"4160\" src=\"https:\/\/moyahousehold.com\/wp-content\/uploads\/2024\/04\/Wholesale-salad-bowl-real-picture-2.webp\" alt=\"Imagem real da saladeira por atacado (2)\" class=\"wp-image-7867\" srcset=\"https:\/\/moyahousehold.com\/wp-content\/uploads\/2024\/04\/Wholesale-salad-bowl-real-picture-2.webp 4160w, https:\/\/moyahousehold.com\/wp-content\/uploads\/2024\/04\/Wholesale-salad-bowl-real-picture-2-300x300.webp 300w, https:\/\/moyahousehold.com\/wp-content\/uploads\/2024\/04\/Wholesale-salad-bowl-real-picture-2-150x150.webp 150w, https:\/\/moyahousehold.com\/wp-content\/uploads\/2024\/04\/Wholesale-salad-bowl-real-picture-2-768x768.webp 768w, https:\/\/moyahousehold.com\/wp-content\/uploads\/2024\/04\/Wholesale-salad-bowl-real-picture-2-12x12.webp 12w, https:\/\/moyahousehold.com\/wp-content\/uploads\/2024\/04\/Wholesale-salad-bowl-real-picture-2-285x285.webp 285w, https:\/\/moyahousehold.com\/wp-content\/uploads\/2024\/04\/Wholesale-salad-bowl-real-picture-2-1600x1600.webp 1600w, https:\/\/moyahousehold.com\/wp-content\/uploads\/2024\/04\/Wholesale-salad-bowl-real-picture-2-270x270.webp 270w, https:\/\/moyahousehold.com\/wp-content\/uploads\/2024\/04\/Wholesale-salad-bowl-real-picture-2-540x540.webp 540w, https:\/\/moyahousehold.com\/wp-content\/uploads\/2024\/04\/Wholesale-salad-bowl-real-picture-2-660x660.webp 660w\" sizes=\"(max-width: 4160px) 100vw, 4160px\" \/><\/figure>\n<\/div>\n<\/div>\n\n\n\n<div class=\"wp-block-columns is-layout-flex wp-container-core-columns-is-layout-9d6595d7 wp-block-columns-is-layout-flex\">\n<div class=\"wp-block-column is-layout-flow wp-block-column-is-layout-flow\"><\/div>\n\n\n\n<div class=\"wp-block-column is-layout-flow wp-block-column-is-layout-flow\"><\/div>\n<\/div>","protected":false},"excerpt":{"rendered":"<p>Bem-vindo \u00e0 compra de ta\u00e7as de salada por grosso. Existem v\u00e1rias especifica\u00e7\u00f5es \u00e0 escolha, para satisfazer as suas necessidades. O a\u00e7o inoxid\u00e1vel de qualidade alimentar garante seguran\u00e7a e sa\u00fade.\u00a0 \u00a0<\/p>\n<h3>Carater\u00edsticas e vantagens da Saladeira<\/h3>\n<div>1. material de a\u00e7o inoxid\u00e1vel de qualidade alimentar, desfrutando plenamente do sabor saud\u00e1vel;<\/p>\n<p>&nbsp;<\/p>\n<p>2. processo de desenho mate, polimento fino, textura vis\u00edvel;<\/p>\n<p>&nbsp;<\/p>\n<p>3. reconhecimento de marcas, controlo f\u00e1cil da utiliza\u00e7\u00e3o dos alimentos;<\/p>\n<p>&nbsp;<\/p>\n<p>4. o design da porta de desvio garante uma inclina\u00e7\u00e3o suave e evita fugas;<\/p>\n<p>&nbsp;<\/p>\n<\/div>\n<p><strong><a href=\"https:\/\/moyahousehold.com\/pt\/solucao-personalizada\/\">suporte OEM&amp;ODM<\/a><\/strong><\/p>","protected":false},"featured_media":7856,"comment_status":"open","ping_status":"closed","template":"","meta":[],"product_cat":[55],"product_tag":[],"class_list":{"0":"post-3702","1":"product","2":"type-product","3":"status-publish","4":"has-post-thumbnail","6":"product_cat-salad-bowl-wholesale","8":"first","9":"instock","10":"shipping-taxable","11":"product-type-simple"},"_links":{"self":[{"href":"https:\/\/moyahousehold.com\/pt\/wp-json\/wp\/v2\/product\/3702","targetHints":{"allow":["GET"]}}],"collection":[{"href":"https:\/\/moyahousehold.com\/pt\/wp-json\/wp\/v2\/product"}],"about":[{"href":"https:\/\/moyahousehold.com\/pt\/wp-json\/wp\/v2\/types\/product"}],"replies":[{"embeddable":true,"href":"https:\/\/moyahousehold.com\/pt\/wp-json\/wp\/v2\/comments?post=3702"}],"version-history":[{"count":0,"href":"https:\/\/moyahousehold.com\/pt\/wp-json\/wp\/v2\/product\/3702\/revisions"}],"wp:featuredmedia":[{"embeddable":true,"href":"https:\/\/moyahousehold.com\/pt\/wp-json\/wp\/v2\/media\/7856"}],"wp:attachment":[{"href":"https:\/\/moyahousehold.com\/pt\/wp-json\/wp\/v2\/media?parent=3702"}],"wp:term":[{"taxonomy":"product_cat","embeddable":true,"href":"https:\/\/moyahousehold.com\/pt\/wp-json\/wp\/v2\/product_cat?post=3702"},{"taxonomy":"product_tag","embeddable":true,"href":"https:\/\/moyahousehold.com\/pt\/wp-json\/wp\/v2\/product_tag?post=3702"}],"curies":[{"name":"wp","href":"https:\/\/api.w.org\/{rel}","templated":true}]}}