{"id":3721,"date":"2024-04-22T07:22:40","date_gmt":"2024-04-22T07:22:40","guid":{"rendered":"https:\/\/moyahousehold.com\/?post_type=product&#038;p=3721"},"modified":"2025-01-09T02:49:16","modified_gmt":"2025-01-09T02:49:16","slug":"wholesale-high-quality-salad-bowls","status":"publish","type":"product","link":"https:\/\/moyahousehold.com\/pt\/produto\/wholesale-high-quality-salad-bowls\/","title":{"rendered":"Saladeira personalizada por atacado com cesto de filtro, suporte OEM e ODM"},"content":{"rendered":"<div class=\"wp-block-columns is-layout-flex wp-container-core-columns-is-layout-9d6595d7 wp-block-columns-is-layout-flex\">\n<div class=\"wp-block-column is-layout-flow wp-block-column-is-layout-flow\">\n<h3 class=\"wp-block-heading\">Par\u00e2metros da saladeira personaliz\u00e1vel<\/h3>\n\n\n\n<figure class=\"wp-block-table\"><table class=\"has-fixed-layout\"><tbody><tr><td>N\u00famero do modelo<\/td><td>Material<\/td><td>Cor<\/td><td>Capacidade<\/td><td>Tamanho do produto\/cm<\/td><td>Tamanho da caixa exterior\/cm<\/td><td>N.W.\/kg<\/td><td>Peso bruto\/kg\/por caixa<\/td><\/tr><tr><td>MYTY001<\/td><td rowspan=\"5\">304<\/td><td rowspan=\"5\">A\u00e7o<\/td><td>16 cm<\/td><td>16*16*7<\/td><td>32*16*27<\/td><td>0.13<\/td><td>39.6<\/td><\/tr><tr><td>MYTY002<\/td><td>19 cm<\/td><td>19*19*8<\/td><td>38*19*29<\/td><td>0.2<\/td><td>40<\/td><\/tr><tr><td>MYTY003<\/td><td>22 cm<\/td><td>22*22*10<\/td><td>22*22*37<\/td><td>0.24<\/td><td>35.2<\/td><\/tr><tr><td>MYTY004<\/td><td>25 cm<\/td><td>25*25*10.5<\/td><td>25*25*32<\/td><td>0.34<\/td><td>32.4<\/td><\/tr><tr><td>MYTY005<\/td><td>28 cm<\/td><td>28*28*12<\/td><td>28*28*26<\/td><td>0.43<\/td><td>25.2<\/td><\/tr><\/tbody><\/table><\/figure>\n\n\n\n<h3 class=\"wp-block-heading\">Op\u00e7\u00f5es de saladeiras personalizadas<\/h3>\n\n\n\n<p><strong>Log\u00f3tipo<\/strong>: personalizar o log\u00f3tipo da sua marca em recipientes e embalagens de alimentos.<br><strong>Op\u00e7\u00f5es de log\u00f3tipo<\/strong>: Fornecemos-lhe m\u00e9todos de grava\u00e7\u00e3o a laser ou de transfer\u00eancia de calor para adicionar o seu log\u00f3tipo \u00e0 saladeira.<br><strong>Padr\u00e3o<\/strong>: impress\u00e3o de motivos na saladeira.<br><strong>Tecnologia de impress\u00e3o<\/strong>: Fornecemos transfer\u00eancia de ecr\u00e3, transfer\u00eancia de calor e impress\u00e3o por transfer\u00eancia de \u00e1gua para adicionar padr\u00f5es aos seus produtos.<br><strong>Embalagem<\/strong>Pode enviar-nos o ficheiro e n\u00f3s personalizaremos a caixa de cores da saladeira para si.<br><a href=\"https:\/\/moyahousehold.com\/pt\/solucao-personalizada\/\"><strong>Explorar mais personaliza\u00e7\u00e3o<\/strong><\/a><\/p>\n<\/div>\n<\/div>\n\n\n\n<div class=\"wp-block-columns is-layout-flex wp-container-core-columns-is-layout-9d6595d7 wp-block-columns-is-layout-flex\">\n<div class=\"wp-block-column is-layout-flow wp-block-column-is-layout-flow\">\n<figure class=\"wp-block-image size-full\"><img fetchpriority=\"high\" decoding=\"async\" width=\"3587\" height=\"3587\" src=\"https:\/\/moyahousehold.com\/wp-content\/uploads\/2024\/04\/custom-salad-bowl-detail-1.webp\" alt=\"pormenor da saladeira personalizada (1)\" class=\"wp-image-7923\" srcset=\"https:\/\/moyahousehold.com\/wp-content\/uploads\/2024\/04\/custom-salad-bowl-detail-1.webp 3587w, https:\/\/moyahousehold.com\/wp-content\/uploads\/2024\/04\/custom-salad-bowl-detail-1-300x300.webp 300w, https:\/\/moyahousehold.com\/wp-content\/uploads\/2024\/04\/custom-salad-bowl-detail-1-150x150.webp 150w, https:\/\/moyahousehold.com\/wp-content\/uploads\/2024\/04\/custom-salad-bowl-detail-1-768x768.webp 768w, https:\/\/moyahousehold.com\/wp-content\/uploads\/2024\/04\/custom-salad-bowl-detail-1-12x12.webp 12w, https:\/\/moyahousehold.com\/wp-content\/uploads\/2024\/04\/custom-salad-bowl-detail-1-285x285.webp 285w, https:\/\/moyahousehold.com\/wp-content\/uploads\/2024\/04\/custom-salad-bowl-detail-1-1600x1600.webp 1600w, https:\/\/moyahousehold.com\/wp-content\/uploads\/2024\/04\/custom-salad-bowl-detail-1-270x270.webp 270w, https:\/\/moyahousehold.com\/wp-content\/uploads\/2024\/04\/custom-salad-bowl-detail-1-540x540.webp 540w, https:\/\/moyahousehold.com\/wp-content\/uploads\/2024\/04\/custom-salad-bowl-detail-1-660x660.webp 660w\" sizes=\"(max-width: 3587px) 100vw, 3587px\" \/><\/figure>\n<\/div>\n\n\n\n<div class=\"wp-block-column is-layout-flow wp-block-column-is-layout-flow\">\n<figure class=\"wp-block-image size-full\"><img decoding=\"async\" width=\"3441\" height=\"3441\" src=\"https:\/\/moyahousehold.com\/wp-content\/uploads\/2024\/04\/custom-salad-bowl-detail.webp\" alt=\"pormenor da saladeira personalizada\" class=\"wp-image-7924\" srcset=\"https:\/\/moyahousehold.com\/wp-content\/uploads\/2024\/04\/custom-salad-bowl-detail.webp 3441w, https:\/\/moyahousehold.com\/wp-content\/uploads\/2024\/04\/custom-salad-bowl-detail-300x300.webp 300w, https:\/\/moyahousehold.com\/wp-content\/uploads\/2024\/04\/custom-salad-bowl-detail-150x150.webp 150w, https:\/\/moyahousehold.com\/wp-content\/uploads\/2024\/04\/custom-salad-bowl-detail-768x768.webp 768w, https:\/\/moyahousehold.com\/wp-content\/uploads\/2024\/04\/custom-salad-bowl-detail-12x12.webp 12w, https:\/\/moyahousehold.com\/wp-content\/uploads\/2024\/04\/custom-salad-bowl-detail-285x285.webp 285w, https:\/\/moyahousehold.com\/wp-content\/uploads\/2024\/04\/custom-salad-bowl-detail-1600x1600.webp 1600w, https:\/\/moyahousehold.com\/wp-content\/uploads\/2024\/04\/custom-salad-bowl-detail-270x270.webp 270w, https:\/\/moyahousehold.com\/wp-content\/uploads\/2024\/04\/custom-salad-bowl-detail-540x540.webp 540w, https:\/\/moyahousehold.com\/wp-content\/uploads\/2024\/04\/custom-salad-bowl-detail-660x660.webp 660w\" sizes=\"(max-width: 3441px) 100vw, 3441px\" \/><\/figure>\n<\/div>\n<\/div>\n\n\n\n<div class=\"wp-block-columns is-layout-flex wp-container-core-columns-is-layout-9d6595d7 wp-block-columns-is-layout-flex\">\n<div class=\"wp-block-column is-layout-flow wp-block-column-is-layout-flow\"><\/div>\n\n\n\n<div class=\"wp-block-column is-layout-flow wp-block-column-is-layout-flow\"><\/div>\n<\/div>","protected":false},"excerpt":{"rendered":"<p>Saladeiras personalizadas por atacado com cesto coador eficiente, adequadas para misturar salada de legumes e lavar arroz. Oferecemos uma variedade de op\u00e7\u00f5es de personaliza\u00e7\u00e3o, voc\u00ea pode escolher seu padr\u00e3o e cor favoritos para personalizar uma saladeira exclusiva. Contacte-nos agora.<\/p>\n<h3>Carater\u00edsticas e vantagens da saladeira personaliz\u00e1vel<\/h3>\n<div>\n<p><strong>Material em a\u00e7o inoxid\u00e1vel 304:<\/strong> Esta saladeira \u00e9 feita de a\u00e7o inoxid\u00e1vel 304 de alta qualidade e a parede interior \u00e9 polida para evitar eficazmente que os alimentos se colem e facilitar a limpeza.<\/p>\n<p><strong>Marca\u00e7\u00f5es de escala incorporadas:<\/strong> Esta saladeira personaliz\u00e1vel tem incorporadas marca\u00e7\u00f5es de escala claras e f\u00e1ceis de ler para o ajudar a controlar com precis\u00e3o a quantidade de ingredientes, evitar desperd\u00edcios e garantir que cada prato tem o sabor certo.<\/p>\n<p><strong>Versatilidade:<\/strong> N\u00e3o s\u00f3 pode ser utilizada como tigela de sala, como tamb\u00e9m \u00e9 adequada para lavar arroz, lavar legumes, frutas ou outros ingredientes de gr\u00e3o pequeno, com v\u00e1rias fun\u00e7\u00f5es.<\/p>\n<p><strong>Cesto de filtro de drenagem eficaz:<\/strong> Equipado com um cesto de filtro em a\u00e7o inoxid\u00e1vel, o filtro tem orif\u00edcios de filtragem finos, que podem drenar a \u00e1gua de forma r\u00e1pida e eficaz e evitar a perda de gr\u00e3os de arroz.<\/p>\n<p><strong>Servi\u00e7o de saladeiras personalizadas OEM e ODM:<\/strong> Como fabricante de saladeiras, fornecemos solu\u00e7\u00f5es de saladeiras personalizadas de n\u00edvel profissional para o ajudar a criar a melhor saladeira de marca a partir de v\u00e1rias dimens\u00f5es.<\/p>\n<p>7. Como fabricante de saladeiras, podemos personalizar a apar\u00eancia, o tamanho e o log\u00f3tipo da saladeira para si. Por favor contacte-nos para solu\u00e7\u00f5es personalizadas.<\/div>","protected":false},"featured_media":9832,"comment_status":"open","ping_status":"closed","template":"","meta":[],"product_cat":[55],"product_tag":[],"class_list":{"0":"post-3721","1":"product","2":"type-product","3":"status-publish","4":"has-post-thumbnail","6":"product_cat-salad-bowl-wholesale","8":"first","9":"instock","10":"shipping-taxable","11":"product-type-simple"},"_links":{"self":[{"href":"https:\/\/moyahousehold.com\/pt\/wp-json\/wp\/v2\/product\/3721","targetHints":{"allow":["GET"]}}],"collection":[{"href":"https:\/\/moyahousehold.com\/pt\/wp-json\/wp\/v2\/product"}],"about":[{"href":"https:\/\/moyahousehold.com\/pt\/wp-json\/wp\/v2\/types\/product"}],"replies":[{"embeddable":true,"href":"https:\/\/moyahousehold.com\/pt\/wp-json\/wp\/v2\/comments?post=3721"}],"version-history":[{"count":1,"href":"https:\/\/moyahousehold.com\/pt\/wp-json\/wp\/v2\/product\/3721\/revisions"}],"predecessor-version":[{"id":12941,"href":"https:\/\/moyahousehold.com\/pt\/wp-json\/wp\/v2\/product\/3721\/revisions\/12941"}],"wp:featuredmedia":[{"embeddable":true,"href":"https:\/\/moyahousehold.com\/pt\/wp-json\/wp\/v2\/media\/9832"}],"wp:attachment":[{"href":"https:\/\/moyahousehold.com\/pt\/wp-json\/wp\/v2\/media?parent=3721"}],"wp:term":[{"taxonomy":"product_cat","embeddable":true,"href":"https:\/\/moyahousehold.com\/pt\/wp-json\/wp\/v2\/product_cat?post=3721"},{"taxonomy":"product_tag","embeddable":true,"href":"https:\/\/moyahousehold.com\/pt\/wp-json\/wp\/v2\/product_tag?post=3721"}],"curies":[{"name":"wp","href":"https:\/\/api.w.org\/{rel}","templated":true}]}}