{"id":3772,"date":"2024-04-22T13:41:38","date_gmt":"2024-04-22T13:41:38","guid":{"rendered":"https:\/\/moyahousehold.com\/?post_type=product&#038;p=3772"},"modified":"2025-02-05T08:44:36","modified_gmt":"2025-02-05T08:44:36","slug":"custom-bento-box-wholesale","status":"publish","type":"product","link":"https:\/\/moyahousehold.com\/pt\/produto\/custom-bento-box-wholesale\/","title":{"rendered":"Caixa Bento personalizada por atacado com pega port\u00e1til e aspeto giro"},"content":{"rendered":"<div class=\"wp-block-columns is-layout-flex wp-container-core-columns-is-layout-9d6595d7 wp-block-columns-is-layout-flex\">\n<div class=\"wp-block-column is-layout-flow wp-block-column-is-layout-flow\">\n<h3 class=\"wp-block-heading\">Par\u00e2metros da caixa Bento<\/h3>\n\n\n\n<p>N\u00famero do modelo: MYJD001<br>Material: A\u00e7o inoxid\u00e1vel 304 + PP  <br>Cor: Bege\/C\u00e1qui<br>Capacidade: 920ml<br>Dimens\u00e3o do produto: 21,5x15x8cm<br>Tamanho da caixa exterior: 62x38x68cm<br>Quantidade por caixa: 48<br>Peso l\u00edquido\uff1a0,43kg<br>Peso bruto por caixa: 26 kg<br><\/p>\n<\/div>\n\n\n\n<div class=\"wp-block-column is-layout-flow wp-block-column-is-layout-flow\">\n<h3 class=\"wp-block-heading\">Caixa Bento personalizada<\/h3>\n\n\n\n<p>Log\u00f3tipo: personalizar o log\u00f3tipo da sua marca no produto e na embalagem.<br>Op\u00e7\u00f5es de log\u00f3tipo: log\u00f3tipo impresso, log\u00f3tipo gravado a laser, etc.<br>Padr\u00e3o: Padr\u00f5es de impress\u00e3o em caixas Bento<br>Tecnologia de impress\u00e3o: impress\u00e3o por transfer\u00eancia de \u00e1gua, impress\u00e3o por serigrafia, impress\u00e3o por transfer\u00eancia de calor, transfer\u00eancia por sublima\u00e7\u00e3o, etc.<br>Embalagem:caixa a cores<br><a href=\"https:\/\/moyahousehold.com\/pt\/solucao-personalizada\/\"><strong>Explorar mais personaliza\u00e7\u00e3o<\/strong><\/a><\/p>\n\n\n\n<p><br><\/p>\n<\/div>\n<\/div>\n\n\n\n<div class=\"wp-block-columns is-layout-flex wp-container-core-columns-is-layout-9d6595d7 wp-block-columns-is-layout-flex\">\n<div class=\"wp-block-column is-layout-flow wp-block-column-is-layout-flow\">\n<figure class=\"wp-block-image size-full is-resized\"><img fetchpriority=\"high\" decoding=\"async\" width=\"800\" height=\"800\" src=\"https:\/\/moyahousehold.com\/wp-content\/uploads\/2024\/04\/wholesale-lunch-box-8-1.webp\" alt=\"lancheira por atacado (8)\" class=\"wp-image-4684\" style=\"width:344px;height:auto\" srcset=\"https:\/\/moyahousehold.com\/wp-content\/uploads\/2024\/04\/wholesale-lunch-box-8-1.webp 800w, https:\/\/moyahousehold.com\/wp-content\/uploads\/2024\/04\/wholesale-lunch-box-8-1-300x300.webp 300w, https:\/\/moyahousehold.com\/wp-content\/uploads\/2024\/04\/wholesale-lunch-box-8-1-150x150.webp 150w, https:\/\/moyahousehold.com\/wp-content\/uploads\/2024\/04\/wholesale-lunch-box-8-1-768x768.webp 768w, https:\/\/moyahousehold.com\/wp-content\/uploads\/2024\/04\/wholesale-lunch-box-8-1-285x285.webp 285w, https:\/\/moyahousehold.com\/wp-content\/uploads\/2024\/04\/wholesale-lunch-box-8-1-270x270.webp 270w, https:\/\/moyahousehold.com\/wp-content\/uploads\/2024\/04\/wholesale-lunch-box-8-1-540x540.webp 540w, https:\/\/moyahousehold.com\/wp-content\/uploads\/2024\/04\/wholesale-lunch-box-8-1-660x660.webp 660w\" sizes=\"(max-width: 800px) 100vw, 800px\" \/><\/figure>\n\n\n\n<figure class=\"wp-block-image size-full is-resized\"><img decoding=\"async\" width=\"800\" height=\"800\" src=\"https:\/\/moyahousehold.com\/wp-content\/uploads\/2024\/04\/wholesale-lunch-box-1.jpg\" alt=\"lancheira por atacado (1)\" class=\"wp-image-4678\" style=\"width:356px;height:auto\" srcset=\"https:\/\/moyahousehold.com\/wp-content\/uploads\/2024\/04\/wholesale-lunch-box-1.jpg 800w, https:\/\/moyahousehold.com\/wp-content\/uploads\/2024\/04\/wholesale-lunch-box-1-300x300.jpg 300w, https:\/\/moyahousehold.com\/wp-content\/uploads\/2024\/04\/wholesale-lunch-box-1-150x150.jpg 150w, https:\/\/moyahousehold.com\/wp-content\/uploads\/2024\/04\/wholesale-lunch-box-1-768x768.jpg 768w, https:\/\/moyahousehold.com\/wp-content\/uploads\/2024\/04\/wholesale-lunch-box-1-285x285.jpg 285w, https:\/\/moyahousehold.com\/wp-content\/uploads\/2024\/04\/wholesale-lunch-box-1-270x270.jpg 270w, https:\/\/moyahousehold.com\/wp-content\/uploads\/2024\/04\/wholesale-lunch-box-1-540x540.jpg 540w, https:\/\/moyahousehold.com\/wp-content\/uploads\/2024\/04\/wholesale-lunch-box-1-660x660.jpg 660w\" sizes=\"(max-width: 800px) 100vw, 800px\" \/><\/figure>\n<\/div>\n\n\n\n<div class=\"wp-block-column is-layout-flow wp-block-column-is-layout-flow\">\n<figure class=\"wp-block-image size-full is-resized\"><img decoding=\"async\" width=\"1024\" height=\"1024\" src=\"https:\/\/moyahousehold.com\/wp-content\/uploads\/2024\/04\/wholesale-lunch-box-2-1.jpg\" alt=\"lancheira por atacado\" class=\"wp-image-4687\" style=\"width:404px;height:auto\" srcset=\"https:\/\/moyahousehold.com\/wp-content\/uploads\/2024\/04\/wholesale-lunch-box-2-1.jpg 1024w, https:\/\/moyahousehold.com\/wp-content\/uploads\/2024\/04\/wholesale-lunch-box-2-1-300x300.jpg 300w, https:\/\/moyahousehold.com\/wp-content\/uploads\/2024\/04\/wholesale-lunch-box-2-1-150x150.jpg 150w, https:\/\/moyahousehold.com\/wp-content\/uploads\/2024\/04\/wholesale-lunch-box-2-1-768x768.jpg 768w, https:\/\/moyahousehold.com\/wp-content\/uploads\/2024\/04\/wholesale-lunch-box-2-1-285x285.jpg 285w, https:\/\/moyahousehold.com\/wp-content\/uploads\/2024\/04\/wholesale-lunch-box-2-1-270x270.jpg 270w, https:\/\/moyahousehold.com\/wp-content\/uploads\/2024\/04\/wholesale-lunch-box-2-1-540x540.jpg 540w, https:\/\/moyahousehold.com\/wp-content\/uploads\/2024\/04\/wholesale-lunch-box-2-1-660x660.jpg 660w\" sizes=\"(max-width: 1024px) 100vw, 1024px\" \/><\/figure>\n\n\n\n<figure class=\"wp-block-image size-full is-resized\"><img loading=\"lazy\" decoding=\"async\" width=\"1024\" height=\"1024\" src=\"https:\/\/moyahousehold.com\/wp-content\/uploads\/2024\/04\/wholesale-lunch-box-3-2.webp\" alt=\"lancheira por atacado (3)\" class=\"wp-image-4683\" style=\"width:434px;height:auto\" srcset=\"https:\/\/moyahousehold.com\/wp-content\/uploads\/2024\/04\/wholesale-lunch-box-3-2.webp 1024w, https:\/\/moyahousehold.com\/wp-content\/uploads\/2024\/04\/wholesale-lunch-box-3-2-300x300.webp 300w, https:\/\/moyahousehold.com\/wp-content\/uploads\/2024\/04\/wholesale-lunch-box-3-2-150x150.webp 150w, https:\/\/moyahousehold.com\/wp-content\/uploads\/2024\/04\/wholesale-lunch-box-3-2-768x768.webp 768w, https:\/\/moyahousehold.com\/wp-content\/uploads\/2024\/04\/wholesale-lunch-box-3-2-285x285.webp 285w, https:\/\/moyahousehold.com\/wp-content\/uploads\/2024\/04\/wholesale-lunch-box-3-2-270x270.webp 270w, https:\/\/moyahousehold.com\/wp-content\/uploads\/2024\/04\/wholesale-lunch-box-3-2-540x540.webp 540w, https:\/\/moyahousehold.com\/wp-content\/uploads\/2024\/04\/wholesale-lunch-box-3-2-660x660.webp 660w\" sizes=\"(max-width: 1024px) 100vw, 1024px\" \/><\/figure>\n<\/div>\n<\/div>\n\n\n\n<div class=\"wp-block-columns is-layout-flex wp-container-core-columns-is-layout-9d6595d7 wp-block-columns-is-layout-flex\">\n<div class=\"wp-block-column is-layout-flow wp-block-column-is-layout-flow\"><\/div>\n\n\n\n<div class=\"wp-block-column is-layout-flow wp-block-column-is-layout-flow\"><\/div>\n<\/div>","protected":false},"excerpt":{"rendered":"<p>As caixas bento s\u00e3o feitas de a\u00e7o inoxid\u00e1vel de alta qualidade, leves e f\u00e1ceis de transportar, sendo muito adequadas para piqueniques ao ar livre. Apertadas em todos os lados, n\u00e3o h\u00e1 necessidade de se preocupar com derrames.\u00a0\u00a0<\/p>\n<h3>Carater\u00edsticas e vantagens da Bento Box<\/h3>\n<div>1.304 revestimento interior em a\u00e7o inoxid\u00e1vel, resistente e dur\u00e1vel; F\u00e1cil de limpar;<\/p>\n<p>&nbsp;<\/p>\n<p>2. anel de silicone incorporado; fivela de quatro lados; selado firmemente;<\/p>\n<p>&nbsp;<\/p>\n<p>3. al\u00e7a oculta, f\u00e1cil de mover e transportar para f\u00e1cil acesso;<\/p>\n<p>&nbsp;<\/p>\n<\/div>\n<p><strong><a href=\"https:\/\/moyahousehold.com\/pt\/solucao-personalizada\/\">suporte OEM&amp;ODM<\/a><\/strong><\/p>","protected":false},"featured_media":8885,"comment_status":"closed","ping_status":"closed","template":"","meta":[],"product_cat":[58],"product_tag":[87,92],"class_list":{"0":"post-3772","1":"product","2":"type-product","3":"status-publish","4":"has-post-thumbnail","6":"product_cat-lunch-box-wholesale","7":"product_tag-wholesale-multi-compartment-lunch-box","8":"product_tag-wholesale-rectangle-lunch-box","10":"first","11":"instock","12":"shipping-taxable","13":"product-type-simple"},"_links":{"self":[{"href":"https:\/\/moyahousehold.com\/pt\/wp-json\/wp\/v2\/product\/3772","targetHints":{"allow":["GET"]}}],"collection":[{"href":"https:\/\/moyahousehold.com\/pt\/wp-json\/wp\/v2\/product"}],"about":[{"href":"https:\/\/moyahousehold.com\/pt\/wp-json\/wp\/v2\/types\/product"}],"replies":[{"embeddable":true,"href":"https:\/\/moyahousehold.com\/pt\/wp-json\/wp\/v2\/comments?post=3772"}],"version-history":[{"count":0,"href":"https:\/\/moyahousehold.com\/pt\/wp-json\/wp\/v2\/product\/3772\/revisions"}],"wp:featuredmedia":[{"embeddable":true,"href":"https:\/\/moyahousehold.com\/pt\/wp-json\/wp\/v2\/media\/8885"}],"wp:attachment":[{"href":"https:\/\/moyahousehold.com\/pt\/wp-json\/wp\/v2\/media?parent=3772"}],"wp:term":[{"taxonomy":"product_cat","embeddable":true,"href":"https:\/\/moyahousehold.com\/pt\/wp-json\/wp\/v2\/product_cat?post=3772"},{"taxonomy":"product_tag","embeddable":true,"href":"https:\/\/moyahousehold.com\/pt\/wp-json\/wp\/v2\/product_tag?post=3772"}],"curies":[{"name":"wp","href":"https:\/\/api.w.org\/{rel}","templated":true}]}}