{"id":3794,"date":"2024-04-23T00:41:19","date_gmt":"2024-04-23T00:41:19","guid":{"rendered":"https:\/\/moyahousehold.com\/?post_type=product&#038;p=3794"},"modified":"2025-02-05T10:24:58","modified_gmt":"2025-02-05T10:24:58","slug":"wholesale-environmentally-friendly-food-storage-containers","status":"publish","type":"product","link":"https:\/\/moyahousehold.com\/pt\/produto\/recipiente-de-armazenamento-de-alimentos-por-atacado\/","title":{"rendered":"Recipientes de armazenamento de alimentos ecol\u00f3gicos por atacado: Os recipientes reutiliz\u00e1veis para alimentos"},"content":{"rendered":"<div class=\"wp-block-columns is-layout-flex wp-container-core-columns-is-layout-9d6595d7 wp-block-columns-is-layout-flex\">\n<div class=\"wp-block-column is-layout-flow wp-block-column-is-layout-flow\">\n<h3 class=\"wp-block-heading\">Par\u00e2metros dos recipientes para alimentos reutiliz\u00e1veis em a\u00e7o inoxid\u00e1vel<\/h3>\n\n\n\n<figure class=\"wp-block-table\"><table class=\"has-fixed-layout\"><tbody><tr><td>N\u00famero do modelo<\/td><td>Material<\/td><td>Cor<\/td><td>Capacidade<\/td><td>Tamanho do produto<\/td><td>Dimens\u00f5es da caixa exterior<\/td><td>QTY\/CTN<\/td><td>N.W.<\/td><td>G.W.<\/td><\/tr><tr><td>MYJD016<\/td><td rowspan=\"3\">304+PP<\/td><td rowspan=\"3\">Tampa preta<br>corpo de a\u00e7o<\/td><td>350ml<\/td><td>14.5*11.5*5<\/td><td>58*45*56<\/td><td>160<\/td><td>0.13&nbsp;<\/td><td>23.8<\/td><\/tr><tr><td>MYJD017<\/td><td>550ml<\/td><td>16.5*12.5*5.5<\/td><td>64*50*50<\/td><td>120<\/td><td>0.16&nbsp;<\/td><td>22.2<\/td><\/tr><tr><td>MYJD018<\/td><td>850ml<\/td><td>19.5*14.5*6.5<\/td><td>76*54*43<\/td><td>96<\/td><td>0.23&nbsp;<\/td><td>25.08<\/td><\/tr><\/tbody><\/table><\/figure>\n<\/div>\n<\/div>\n\n\n\n<div class=\"wp-block-columns is-layout-flex wp-container-core-columns-is-layout-9d6595d7 wp-block-columns-is-layout-flex\">\n<div class=\"wp-block-column is-layout-flow wp-block-column-is-layout-flow\">\n<h3 class=\"wp-block-heading\">Op\u00e7\u00f5es de recipientes para alimentos personalizados<\/h3>\n\n\n\n<p><strong>Log\u00f3tipo<\/strong>: personalize o log\u00f3tipo da sua marca em recipientes e embalagens para alimentos.<br><strong>Tampa<\/strong>: tampas de vidro \/ tampas PP<br><strong>Op\u00e7\u00f5es de log\u00f3tipo<\/strong>: Fornecemos m\u00e9todos de grava\u00e7\u00e3o a laser ou de transfer\u00eancia t\u00e9rmica para adicionar o seu log\u00f3tipo aos recipientes para alimentos<br><strong>Padr\u00e3o<\/strong>: padr\u00f5es de impress\u00e3o em recipientes para alimentos.<br><strong>Tecnologia de impress\u00e3o<\/strong>: Fornecemos transfer\u00eancia de ecr\u00e3, transfer\u00eancia de calor e impress\u00e3o por transfer\u00eancia de \u00e1gua para adicionar padr\u00f5es aos seus produtos.<br><strong>Embalagem<\/strong>Caixa de cor<br><a href=\"https:\/\/moyahousehold.com\/pt\/solucao-personalizada\/\"><strong>Explore mais solu\u00e7\u00f5es personalizadas de contentores para alimentos. <\/strong><\/a><\/p>\n<\/div>\n<\/div>\n\n\n\n<div class=\"wp-block-columns is-layout-flex wp-container-core-columns-is-layout-9d6595d7 wp-block-columns-is-layout-flex\">\n<div class=\"wp-block-column is-layout-flow wp-block-column-is-layout-flow\">\n<figure class=\"wp-block-image size-full\"><img fetchpriority=\"high\" decoding=\"async\" width=\"1500\" height=\"1500\" src=\"https:\/\/moyahousehold.com\/wp-content\/uploads\/2024\/04\/Wholesale-Environmentally-Friendly-Food-Storage-Containers-1.jpg\" alt=\"Recipientes de armazenamento de alimentos ecol\u00f3gicos por atacado (1)\" class=\"wp-image-9277\" srcset=\"https:\/\/moyahousehold.com\/wp-content\/uploads\/2024\/04\/Wholesale-Environmentally-Friendly-Food-Storage-Containers-1.jpg 1500w, https:\/\/moyahousehold.com\/wp-content\/uploads\/2024\/04\/Wholesale-Environmentally-Friendly-Food-Storage-Containers-1-300x300.jpg 300w, https:\/\/moyahousehold.com\/wp-content\/uploads\/2024\/04\/Wholesale-Environmentally-Friendly-Food-Storage-Containers-1-150x150.jpg 150w, https:\/\/moyahousehold.com\/wp-content\/uploads\/2024\/04\/Wholesale-Environmentally-Friendly-Food-Storage-Containers-1-768x768.jpg 768w, https:\/\/moyahousehold.com\/wp-content\/uploads\/2024\/04\/Wholesale-Environmentally-Friendly-Food-Storage-Containers-1-12x12.jpg 12w, https:\/\/moyahousehold.com\/wp-content\/uploads\/2024\/04\/Wholesale-Environmentally-Friendly-Food-Storage-Containers-1-285x285.jpg 285w, https:\/\/moyahousehold.com\/wp-content\/uploads\/2024\/04\/Wholesale-Environmentally-Friendly-Food-Storage-Containers-1-270x270.jpg 270w, https:\/\/moyahousehold.com\/wp-content\/uploads\/2024\/04\/Wholesale-Environmentally-Friendly-Food-Storage-Containers-1-540x540.jpg 540w, https:\/\/moyahousehold.com\/wp-content\/uploads\/2024\/04\/Wholesale-Environmentally-Friendly-Food-Storage-Containers-1-660x660.jpg 660w\" sizes=\"(max-width: 1500px) 100vw, 1500px\" \/><\/figure>\n<\/div>\n\n\n\n<div class=\"wp-block-column is-layout-flow wp-block-column-is-layout-flow\">\n<figure class=\"wp-block-image size-full\"><img decoding=\"async\" width=\"1500\" height=\"1500\" src=\"https:\/\/moyahousehold.com\/wp-content\/uploads\/2024\/04\/Wholesale-Environmentally-Friendly-Food-Storage-Containers-2.jpg\" alt=\"Recipientes de armazenamento de alimentos ecol\u00f3gicos por atacado (2)\" class=\"wp-image-9278\" srcset=\"https:\/\/moyahousehold.com\/wp-content\/uploads\/2024\/04\/Wholesale-Environmentally-Friendly-Food-Storage-Containers-2.jpg 1500w, https:\/\/moyahousehold.com\/wp-content\/uploads\/2024\/04\/Wholesale-Environmentally-Friendly-Food-Storage-Containers-2-300x300.jpg 300w, https:\/\/moyahousehold.com\/wp-content\/uploads\/2024\/04\/Wholesale-Environmentally-Friendly-Food-Storage-Containers-2-150x150.jpg 150w, https:\/\/moyahousehold.com\/wp-content\/uploads\/2024\/04\/Wholesale-Environmentally-Friendly-Food-Storage-Containers-2-768x768.jpg 768w, https:\/\/moyahousehold.com\/wp-content\/uploads\/2024\/04\/Wholesale-Environmentally-Friendly-Food-Storage-Containers-2-12x12.jpg 12w, https:\/\/moyahousehold.com\/wp-content\/uploads\/2024\/04\/Wholesale-Environmentally-Friendly-Food-Storage-Containers-2-285x285.jpg 285w, https:\/\/moyahousehold.com\/wp-content\/uploads\/2024\/04\/Wholesale-Environmentally-Friendly-Food-Storage-Containers-2-270x270.jpg 270w, https:\/\/moyahousehold.com\/wp-content\/uploads\/2024\/04\/Wholesale-Environmentally-Friendly-Food-Storage-Containers-2-540x540.jpg 540w, https:\/\/moyahousehold.com\/wp-content\/uploads\/2024\/04\/Wholesale-Environmentally-Friendly-Food-Storage-Containers-2-660x660.jpg 660w\" sizes=\"(max-width: 1500px) 100vw, 1500px\" \/><\/figure>\n<\/div>\n<\/div>","protected":false},"excerpt":{"rendered":"<p>Recipientes de armazenamento de alimentos ecol\u00f3gicos de a\u00e7o inoxid\u00e1vel por atacado Os nossos recipientes de armazenamento de alimentos de a\u00e7o inoxid\u00e1vel s\u00e3o conhecidos pela sua reutiliza\u00e7\u00e3o ecol\u00f3gica e multifuncionalidade. Os recipientes t\u00eam um excelente desempenho de veda\u00e7\u00e3o e s\u00e3o adequados para armazenar uma variedade de alimentos, incluindo alimentos frescos, alimentos cozinhados, sopas, etc., ao mesmo tempo que suportam refrigera\u00e7\u00e3o, congela\u00e7\u00e3o e micro-ondas, substituindo eficazmente os recipientes de pl\u00e1stico descart\u00e1veis. Fornecemos uma variedade de especifica\u00e7\u00f5es e op\u00e7\u00f5es de venda por atacado, e apoiamos servi\u00e7os de personaliza\u00e7\u00e3o OEM e ODM, n\u00e3o hesite em contactar-nos.<\/p>\n<h3>Carater\u00edsticas e vantagens do recipiente de armazenagem de alimentos<\/h3>\n<p><strong>Amigo do ambiente e reutiliz\u00e1vel: <\/strong>Fabricado em a\u00e7o inoxid\u00e1vel de qualidade alimentar espessado de alta qualidade, \u00e9 reutiliz\u00e1vel e tem uma longa vida \u00fatil, reduzindo efetivamente a utiliza\u00e7\u00e3o de embalagens alimentares descart\u00e1veis anualmente.<\/p>\n<p><strong>Design \u00e0 prova de fugas:<\/strong> Esta tampa de recipiente para alimentos em a\u00e7o inoxid\u00e1vel adopta um mecanismo de fecho de quatro lados e est\u00e1 equipada com um anel de veda\u00e7\u00e3o de silicone flex\u00edvel no interior para garantir que os alimentos n\u00e3o s\u00e3o derramados.<\/p>\n<p><strong>F\u00e1cil de limpar:<\/strong> A superf\u00edcie do a\u00e7o inoxid\u00e1vel \u00e9 tratada com um processo eletrol\u00edtico, que n\u00e3o \u00e9 f\u00e1cil de manchar com manchas de \u00f3leo, e o anel de silicone incorporado pode ser facilmente removido, tornando este recipiente para alimentos f\u00e1cil de limpar.<\/p>\n<p><strong>Polivalente:<\/strong> Este recipiente para alimentos pode ser utilizado para armazenar ingredientes e restos de refei\u00e7\u00f5es, e tamb\u00e9m suporta refrigera\u00e7\u00e3o e congela\u00e7\u00e3o para manter os alimentos frescos.<\/p>\n<p><strong>Aquecimento por micro-ondas:<\/strong> O seu design especial pode ser utilizado diretamente para aquecimento no micro-ondas sem mudar o recipiente, o que o torna um parceiro perfeito para a sua cozinha e vida quotidiana.<\/p>","protected":false},"featured_media":9274,"comment_status":"closed","ping_status":"closed","template":"","meta":[],"product_cat":[57],"product_tag":[99],"class_list":{"0":"post-3794","1":"product","2":"type-product","3":"status-publish","4":"has-post-thumbnail","6":"product_cat-food-storage-container-wholesale","7":"product_tag-wholesale-rectangle-food-storage-containers","9":"first","10":"instock","11":"shipping-taxable","12":"product-type-simple"},"_links":{"self":[{"href":"https:\/\/moyahousehold.com\/pt\/wp-json\/wp\/v2\/product\/3794","targetHints":{"allow":["GET"]}}],"collection":[{"href":"https:\/\/moyahousehold.com\/pt\/wp-json\/wp\/v2\/product"}],"about":[{"href":"https:\/\/moyahousehold.com\/pt\/wp-json\/wp\/v2\/types\/product"}],"replies":[{"embeddable":true,"href":"https:\/\/moyahousehold.com\/pt\/wp-json\/wp\/v2\/comments?post=3794"}],"version-history":[{"count":0,"href":"https:\/\/moyahousehold.com\/pt\/wp-json\/wp\/v2\/product\/3794\/revisions"}],"wp:featuredmedia":[{"embeddable":true,"href":"https:\/\/moyahousehold.com\/pt\/wp-json\/wp\/v2\/media\/9274"}],"wp:attachment":[{"href":"https:\/\/moyahousehold.com\/pt\/wp-json\/wp\/v2\/media?parent=3794"}],"wp:term":[{"taxonomy":"product_cat","embeddable":true,"href":"https:\/\/moyahousehold.com\/pt\/wp-json\/wp\/v2\/product_cat?post=3794"},{"taxonomy":"product_tag","embeddable":true,"href":"https:\/\/moyahousehold.com\/pt\/wp-json\/wp\/v2\/product_tag?post=3794"}],"curies":[{"name":"wp","href":"https:\/\/api.w.org\/{rel}","templated":true}]}}