{"id":3814,"date":"2024-04-23T03:07:09","date_gmt":"2024-04-23T03:07:09","guid":{"rendered":"https:\/\/moyahousehold.com\/?post_type=product&#038;p=3814"},"modified":"2026-04-13T07:49:05","modified_gmt":"2026-04-13T07:49:05","slug":"wholesale-milk-pot","status":"publish","type":"product","link":"https:\/\/moyahousehold.com\/pt\/produto\/wholesale-milk-pot\/","title":{"rendered":"Wholesale Stainless Steel Milk Pot, High Quality Boiling Milk Pot for Stove and Microwave Oven"},"content":{"rendered":"<figure class=\"wp-block-image size-full\"><img fetchpriority=\"high\" decoding=\"async\" width=\"5472\" height=\"3648\" src=\"https:\/\/moyahousehold.com\/wp-content\/uploads\/2024\/04\/ML-\u83ab\u5229\u4e9a-5.jpg\" alt=\"MOLIJIA 304 Stainless Steel Steamer Pot with Built-in Steam Rack, Steaming Pumpkin and Vegetables on Induction Cooktop\" class=\"wp-image-12961\" srcset=\"https:\/\/moyahousehold.com\/wp-content\/uploads\/2024\/04\/ML-\u83ab\u5229\u4e9a-5.jpg 5472w, https:\/\/moyahousehold.com\/wp-content\/uploads\/2024\/04\/ML-\u83ab\u5229\u4e9a-5-300x200.jpg 300w, https:\/\/moyahousehold.com\/wp-content\/uploads\/2024\/04\/ML-\u83ab\u5229\u4e9a-5-768x512.jpg 768w, https:\/\/moyahousehold.com\/wp-content\/uploads\/2024\/04\/ML-\u83ab\u5229\u4e9a-5-18x12.jpg 18w, https:\/\/moyahousehold.com\/wp-content\/uploads\/2024\/04\/ML-\u83ab\u5229\u4e9a-5-285x190.jpg 285w, https:\/\/moyahousehold.com\/wp-content\/uploads\/2024\/04\/ML-\u83ab\u5229\u4e9a-5-1600x1067.jpg 1600w, https:\/\/moyahousehold.com\/wp-content\/uploads\/2024\/04\/ML-\u83ab\u5229\u4e9a-5-660x440.jpg 660w, https:\/\/moyahousehold.com\/wp-content\/uploads\/2024\/04\/ML-\u83ab\u5229\u4e9a-5-150x100.jpg 150w\" sizes=\"(max-width: 5472px) 100vw, 5472px\" \/><\/figure>\n\n\n\n<div class=\"wp-block-columns is-layout-flex wp-container-core-columns-is-layout-9d6595d7 wp-block-columns-is-layout-flex\">\n<div class=\"wp-block-column is-layout-flow wp-block-column-is-layout-flow\">\n<h3 class=\"wp-block-heading\">Par\u00e2metros do recipiente para leite em a\u00e7o inoxid\u00e1vel<\/h3>\n\n\n\n<figure class=\"wp-block-table\"><table class=\"has-fixed-layout\"><tbody><tr><td><strong>Item<\/strong><\/td><td><strong>Material<\/strong><\/td><td><strong>Com vaporizador<\/strong><\/td><td><strong>Capacidade<\/strong><\/td><td><strong>Dimens\u00e3o<\/strong><\/td><td><strong>PCS\/Caixa<\/strong><\/td><td><strong>N.W.\/PCS<\/strong><\/td><\/tr><tr><td>MYHL001<\/td><td rowspan=\"2\">Body: 304 three-layer steel<br>Handle: 201<br>Lid: Glass + Silicone<\/td><td>N\u00e3o<\/td><td>2L<\/td><td>18*18*10<\/td><td>12<\/td><td>1.28<\/td><\/tr><tr><td>MYHL002<\/td><td>Sim<\/td><td>2L<\/td><td>18*18*10<\/td><td>12<\/td><td>1.53<\/td><\/tr><\/tbody><\/table><\/figure>\n\n\n\n<h2 class=\"wp-block-heading\">Op\u00e7\u00f5es de utens\u00edlios de cozinha personalizados<\/h2>\n\n\n\n<p><strong>Log\u00f3tipo: <\/strong>Customize your brand logo on cookware products and packaging.<br><strong>Logo Options:<\/strong> Printed logo, laser engraved logo, etc.<br><strong>External Surface: <\/strong>Customize the appearance of your cookware.<br><strong>Embalagem: <\/strong>Color box<br><strong>Tamanho e capacidade<\/strong>: Customize cookware size and capacity<br><strong><a href=\"https:\/\/moyahousehold.com\/pt\/solucao-personalizada\/\" target=\"_blank\" rel=\"noreferrer noopener\">Saiba mais sobre as solu\u00e7\u00f5es de utens\u00edlios de cozinha personalizados<\/a><\/strong><\/p>\n<\/div>\n<\/div>\n\n\n\n<div class=\"wp-block-columns is-layout-flex wp-container-core-columns-is-layout-9d6595d7 wp-block-columns-is-layout-flex\">\n<div class=\"wp-block-column is-layout-flow wp-block-column-is-layout-flow\">\n<figure class=\"wp-block-image size-full\"><img decoding=\"async\" width=\"3592\" height=\"3592\" src=\"https:\/\/moyahousehold.com\/wp-content\/uploads\/2024\/04\/ML-\u83ab\u5229\u4e9a-4.jpg\" alt=\"MOLIJIA 304 Stainless Steel Steamer Pot with Built-in Steam Rack, Steaming Pumpkin and Vegetables on Induction Cooktop\" class=\"wp-image-12962\" srcset=\"https:\/\/moyahousehold.com\/wp-content\/uploads\/2024\/04\/ML-\u83ab\u5229\u4e9a-4.jpg 3592w, https:\/\/moyahousehold.com\/wp-content\/uploads\/2024\/04\/ML-\u83ab\u5229\u4e9a-4-300x300.jpg 300w, https:\/\/moyahousehold.com\/wp-content\/uploads\/2024\/04\/ML-\u83ab\u5229\u4e9a-4-150x150.jpg 150w, https:\/\/moyahousehold.com\/wp-content\/uploads\/2024\/04\/ML-\u83ab\u5229\u4e9a-4-768x768.jpg 768w, https:\/\/moyahousehold.com\/wp-content\/uploads\/2024\/04\/ML-\u83ab\u5229\u4e9a-4-12x12.jpg 12w, https:\/\/moyahousehold.com\/wp-content\/uploads\/2024\/04\/ML-\u83ab\u5229\u4e9a-4-285x285.jpg 285w, https:\/\/moyahousehold.com\/wp-content\/uploads\/2024\/04\/ML-\u83ab\u5229\u4e9a-4-1600x1600.jpg 1600w, https:\/\/moyahousehold.com\/wp-content\/uploads\/2024\/04\/ML-\u83ab\u5229\u4e9a-4-270x270.jpg 270w, https:\/\/moyahousehold.com\/wp-content\/uploads\/2024\/04\/ML-\u83ab\u5229\u4e9a-4-540x540.jpg 540w, https:\/\/moyahousehold.com\/wp-content\/uploads\/2024\/04\/ML-\u83ab\u5229\u4e9a-4-660x660.jpg 660w\" sizes=\"(max-width: 3592px) 100vw, 3592px\" \/><\/figure>\n<\/div>\n\n\n\n<div class=\"wp-block-column is-layout-flow wp-block-column-is-layout-flow\">\n<figure class=\"wp-block-image size-full\"><img decoding=\"async\" width=\"3454\" height=\"3454\" src=\"https:\/\/moyahousehold.com\/wp-content\/uploads\/2024\/04\/ML-\u83ab\u5229\u4e9a-49.jpg\" alt=\"MOLIJIA 304 Stainless Steel Steamer Pot with Built-in Steam Rack, Steaming Pumpkin and Vegetables on Induction Cooktop\" class=\"wp-image-12964\" srcset=\"https:\/\/moyahousehold.com\/wp-content\/uploads\/2024\/04\/ML-\u83ab\u5229\u4e9a-49.jpg 3454w, https:\/\/moyahousehold.com\/wp-content\/uploads\/2024\/04\/ML-\u83ab\u5229\u4e9a-49-300x300.jpg 300w, https:\/\/moyahousehold.com\/wp-content\/uploads\/2024\/04\/ML-\u83ab\u5229\u4e9a-49-150x150.jpg 150w, https:\/\/moyahousehold.com\/wp-content\/uploads\/2024\/04\/ML-\u83ab\u5229\u4e9a-49-768x768.jpg 768w, https:\/\/moyahousehold.com\/wp-content\/uploads\/2024\/04\/ML-\u83ab\u5229\u4e9a-49-12x12.jpg 12w, https:\/\/moyahousehold.com\/wp-content\/uploads\/2024\/04\/ML-\u83ab\u5229\u4e9a-49-285x285.jpg 285w, https:\/\/moyahousehold.com\/wp-content\/uploads\/2024\/04\/ML-\u83ab\u5229\u4e9a-49-1600x1600.jpg 1600w, https:\/\/moyahousehold.com\/wp-content\/uploads\/2024\/04\/ML-\u83ab\u5229\u4e9a-49-270x270.jpg 270w, https:\/\/moyahousehold.com\/wp-content\/uploads\/2024\/04\/ML-\u83ab\u5229\u4e9a-49-540x540.jpg 540w, https:\/\/moyahousehold.com\/wp-content\/uploads\/2024\/04\/ML-\u83ab\u5229\u4e9a-49-660x660.jpg 660w\" sizes=\"(max-width: 3454px) 100vw, 3454px\" \/><\/figure>\n<\/div>\n<\/div>\n\n\n\n<div class=\"wp-block-columns is-layout-flex wp-container-core-columns-is-layout-9d6595d7 wp-block-columns-is-layout-flex\">\n<div class=\"wp-block-column is-layout-flow wp-block-column-is-layout-flow\">\n<figure class=\"wp-block-image size-full\"><img loading=\"lazy\" decoding=\"async\" width=\"3648\" height=\"5472\" src=\"https:\/\/moyahousehold.com\/wp-content\/uploads\/2024\/04\/ML-\u83ab\u5229\u4e9a-7.jpg\" alt=\"MOLIJIA 304 Stainless Steel Steamer Pot with Built-in Steam Rack, Steaming Pumpkin and Vegetables on Induction Cooktop\" class=\"wp-image-12966\" srcset=\"https:\/\/moyahousehold.com\/wp-content\/uploads\/2024\/04\/ML-\u83ab\u5229\u4e9a-7.jpg 3648w, https:\/\/moyahousehold.com\/wp-content\/uploads\/2024\/04\/ML-\u83ab\u5229\u4e9a-7-200x300.jpg 200w, https:\/\/moyahousehold.com\/wp-content\/uploads\/2024\/04\/ML-\u83ab\u5229\u4e9a-7-768x1152.jpg 768w, https:\/\/moyahousehold.com\/wp-content\/uploads\/2024\/04\/ML-\u83ab\u5229\u4e9a-7-8x12.jpg 8w, https:\/\/moyahousehold.com\/wp-content\/uploads\/2024\/04\/ML-\u83ab\u5229\u4e9a-7-285x428.jpg 285w, https:\/\/moyahousehold.com\/wp-content\/uploads\/2024\/04\/ML-\u83ab\u5229\u4e9a-7-1600x2400.jpg 1600w, https:\/\/moyahousehold.com\/wp-content\/uploads\/2024\/04\/ML-\u83ab\u5229\u4e9a-7-440x660.jpg 440w, https:\/\/moyahousehold.com\/wp-content\/uploads\/2024\/04\/ML-\u83ab\u5229\u4e9a-7-100x150.jpg 100w\" sizes=\"(max-width: 3648px) 100vw, 3648px\" \/><\/figure>\n<\/div>\n\n\n\n<div class=\"wp-block-column is-layout-flow wp-block-column-is-layout-flow\">\n<figure class=\"wp-block-image size-full\"><img loading=\"lazy\" decoding=\"async\" width=\"3648\" height=\"5472\" src=\"https:\/\/moyahousehold.com\/wp-content\/uploads\/2024\/04\/ML-\u83ab\u5229\u4e9a-46.jpg\" alt=\"MOLIJIA 304 Stainless Steel Steamer Pot with Built-in Steam Rack, Steaming Pumpkin and Vegetables on Induction Cooktop\" class=\"wp-image-12965\" srcset=\"https:\/\/moyahousehold.com\/wp-content\/uploads\/2024\/04\/ML-\u83ab\u5229\u4e9a-46.jpg 3648w, https:\/\/moyahousehold.com\/wp-content\/uploads\/2024\/04\/ML-\u83ab\u5229\u4e9a-46-200x300.jpg 200w, https:\/\/moyahousehold.com\/wp-content\/uploads\/2024\/04\/ML-\u83ab\u5229\u4e9a-46-768x1152.jpg 768w, https:\/\/moyahousehold.com\/wp-content\/uploads\/2024\/04\/ML-\u83ab\u5229\u4e9a-46-8x12.jpg 8w, https:\/\/moyahousehold.com\/wp-content\/uploads\/2024\/04\/ML-\u83ab\u5229\u4e9a-46-285x428.jpg 285w, https:\/\/moyahousehold.com\/wp-content\/uploads\/2024\/04\/ML-\u83ab\u5229\u4e9a-46-1600x2400.jpg 1600w, https:\/\/moyahousehold.com\/wp-content\/uploads\/2024\/04\/ML-\u83ab\u5229\u4e9a-46-440x660.jpg 440w, https:\/\/moyahousehold.com\/wp-content\/uploads\/2024\/04\/ML-\u83ab\u5229\u4e9a-46-100x150.jpg 100w\" sizes=\"(max-width: 3648px) 100vw, 3648px\" \/><\/figure>\n<\/div>\n<\/div>","protected":false},"excerpt":{"rendered":"<p>Frasco de leite em a\u00e7o inoxid\u00e1vel com estilo por grosso. Feito de a\u00e7o inoxid\u00e1vel triplo, este pote de leite tem um bom efeito de recolha de calor e \u00e9 utilizado para aquecer leite, cozinhar sopas e molhos. \u00c9 uma escolha ideal para cozinhas dom\u00e9sticas e comerciais. Bem-vindo a contactar-nos para um or\u00e7amento.<\/p>\n<h3>Features of Milk Pot<\/h3>\n<p><strong>Multi-layer Composite Pot Bottom<\/strong>: The bottom of this stainless-steel milk pot is designed with a multi-layer composite material, so that the food in the pot can be heated quickly and cooked evenly.<\/p>\n<p><strong>Fashionable Appearance Design<\/strong>: Este pote de leite tem um aspeto bege e \u00e9 muito ornamental. O aspeto requintado do pote faz com que se apaixone pela cozinha e traz mais divers\u00e3o \u00e0 cozinha.<\/p>\n<p><strong>Applicable to a Variety of Stoves:<\/strong> Este pote de leite pode ser utilizado em diferentes tipos de fog\u00f5es, incluindo fog\u00f5es de indu\u00e7\u00e3o e fog\u00f5es a g\u00e1s, adequados para diferentes tipos de cozinhas.<\/p>\n<p><strong>Equipped with a Steaming Pot:<\/strong> Esta leiteira est\u00e1 equipada com um vaporizador, que pode ferver leite e cozer p\u00e3ezinhos a vapor, adequado para a cozinha di\u00e1ria da fam\u00edlia ou para uma utiliza\u00e7\u00e3o polivalente na cozinha.<\/p>\n<p><strong>Support OEM &amp; ODM Customization:<\/strong> Fornecemos servi\u00e7os flex\u00edveis de personaliza\u00e7\u00e3o OEM e ODM, e podemos personalizar diferentes capacidades, cores ou log\u00f3tipos de marca de acordo com as necessidades do cliente.<\/p>","protected":false},"featured_media":12983,"comment_status":"open","ping_status":"closed","template":"","meta":[],"product_cat":[56],"product_tag":[160,161],"class_list":{"0":"post-3814","1":"product","2":"type-product","3":"status-publish","4":"has-post-thumbnail","6":"product_cat-stainless-steel-cookware-wholesale","7":"product_tag-2-0l-milk-pot","8":"product_tag-2-0l-steamer","10":"first","11":"instock","12":"shipping-taxable","13":"product-type-simple"},"_links":{"self":[{"href":"https:\/\/moyahousehold.com\/pt\/wp-json\/wp\/v2\/product\/3814","targetHints":{"allow":["GET"]}}],"collection":[{"href":"https:\/\/moyahousehold.com\/pt\/wp-json\/wp\/v2\/product"}],"about":[{"href":"https:\/\/moyahousehold.com\/pt\/wp-json\/wp\/v2\/types\/product"}],"replies":[{"embeddable":true,"href":"https:\/\/moyahousehold.com\/pt\/wp-json\/wp\/v2\/comments?post=3814"}],"version-history":[{"count":5,"href":"https:\/\/moyahousehold.com\/pt\/wp-json\/wp\/v2\/product\/3814\/revisions"}],"predecessor-version":[{"id":12994,"href":"https:\/\/moyahousehold.com\/pt\/wp-json\/wp\/v2\/product\/3814\/revisions\/12994"}],"wp:featuredmedia":[{"embeddable":true,"href":"https:\/\/moyahousehold.com\/pt\/wp-json\/wp\/v2\/media\/12983"}],"wp:attachment":[{"href":"https:\/\/moyahousehold.com\/pt\/wp-json\/wp\/v2\/media?parent=3814"}],"wp:term":[{"taxonomy":"product_cat","embeddable":true,"href":"https:\/\/moyahousehold.com\/pt\/wp-json\/wp\/v2\/product_cat?post=3814"},{"taxonomy":"product_tag","embeddable":true,"href":"https:\/\/moyahousehold.com\/pt\/wp-json\/wp\/v2\/product_tag?post=3814"}],"curies":[{"name":"wp","href":"https:\/\/api.w.org\/{rel}","templated":true}]}}