{"id":3890,"date":"2024-04-30T07:53:19","date_gmt":"2024-04-30T07:53:19","guid":{"rendered":"https:\/\/moyahousehold.com\/?post_type=product&#038;p=3890"},"modified":"2024-12-04T08:09:49","modified_gmt":"2024-12-04T08:09:49","slug":"wholesale-steamer-pot","status":"publish","type":"product","link":"https:\/\/moyahousehold.com\/pt\/produto\/panela-a-vapor-por-atacado\/","title":{"rendered":"Pote de vapor de a\u00e7o inoxid\u00e1vel por atacado, pote de vapor multiuso e eficiente em termos de calor para venda"},"content":{"rendered":"<div class=\"wp-block-columns is-layout-flex wp-container-core-columns-is-layout-9d6595d7 wp-block-columns-is-layout-flex\">\n<div class=\"wp-block-column is-layout-flow wp-block-column-is-layout-flow\">\n<h3 class=\"wp-block-heading\">Par\u00e2metros da panela de a\u00e7o inoxid\u00e1vel para vapor<\/h3>\n\n\n\n<figure class=\"wp-block-table\"><table class=\"has-fixed-layout\"><tbody><tr><td>N\u00famero do modelo<\/td><td>Capacidade<\/td><td>Dimens\u00e3o do produto<\/td><td>Tamanho da caixa exterior<\/td><td>Quantidade por caixa<\/td><td>Peso l\u00edquido<\/td><td>Peso bruto por caixa<\/td><\/tr><tr><td>MYHL003<\/td><td>4L<\/td><td>24x24x11 cm<\/td><td>57x30x55 cm<\/td><td>8<\/td><td>2,09 kg<\/td><td>18,72 kg<\/td><\/tr><tr><td>MYHL004<\/td><td>4L<\/td><td>28x28x20,5 cm<\/td><td>56x42x56 cm<\/td><td>8<\/td><td>2,55 kg<\/td><td>22,4 kg<\/td><\/tr><\/tbody><\/table><\/figure>\n\n\n\n<h3 class=\"wp-block-heading\">Op\u00e7\u00f5es de utens\u00edlios de cozinha personalizados<\/h3>\n\n\n\n<p><strong>Log\u00f3tipo:\u00a0<\/strong>personalizar o log\u00f3tipo da sua marca em produtos e embalagens de utens\u00edlios de cozinha.<br><strong>op\u00e7\u00f5es de log\u00f3tipo personalizado:<\/strong>\u00a0log\u00f3tipo impresso, log\u00f3tipo gravado a laser, etc.<br><strong>Superf\u00edcie exterior:\u00a0<\/strong>personalizar o aspeto dos seus utens\u00edlios de cozinha.<br><strong>Embalagem:\u00a0<\/strong>caixa de cor<br><strong>Tamanho e capacidade<\/strong>: personalizar o tamanho e a capacidade dos utens\u00edlios de cozinha<br><strong><a href=\"https:\/\/moyahousehold.com\/pt\/solucao-personalizada\/\" target=\"_blank\" rel=\"noreferrer noopener\">Saiba mais sobre as solu\u00e7\u00f5es de utens\u00edlios de cozinha personalizados.<\/a><\/strong><\/p>\n\n\n\n<div class=\"wp-block-columns is-layout-flex wp-container-core-columns-is-layout-9d6595d7 wp-block-columns-is-layout-flex\">\n<div class=\"wp-block-column is-layout-flow wp-block-column-is-layout-flow\">\n<figure class=\"wp-block-image size-full\"><img fetchpriority=\"high\" decoding=\"async\" width=\"1024\" height=\"1024\" src=\"https:\/\/moyahousehold.com\/wp-content\/uploads\/2024\/04\/Stainless-Steel-Steamer-Pot-Detail-1.webp\" alt=\"Detalhe da panela de a\u00e7o inoxid\u00e1vel para cozer a vapor (1)\" class=\"wp-image-9708\" srcset=\"https:\/\/moyahousehold.com\/wp-content\/uploads\/2024\/04\/Stainless-Steel-Steamer-Pot-Detail-1.webp 1024w, https:\/\/moyahousehold.com\/wp-content\/uploads\/2024\/04\/Stainless-Steel-Steamer-Pot-Detail-1-300x300.webp 300w, https:\/\/moyahousehold.com\/wp-content\/uploads\/2024\/04\/Stainless-Steel-Steamer-Pot-Detail-1-150x150.webp 150w, https:\/\/moyahousehold.com\/wp-content\/uploads\/2024\/04\/Stainless-Steel-Steamer-Pot-Detail-1-768x768.webp 768w, https:\/\/moyahousehold.com\/wp-content\/uploads\/2024\/04\/Stainless-Steel-Steamer-Pot-Detail-1-12x12.webp 12w, https:\/\/moyahousehold.com\/wp-content\/uploads\/2024\/04\/Stainless-Steel-Steamer-Pot-Detail-1-285x285.webp 285w, https:\/\/moyahousehold.com\/wp-content\/uploads\/2024\/04\/Stainless-Steel-Steamer-Pot-Detail-1-270x270.webp 270w, https:\/\/moyahousehold.com\/wp-content\/uploads\/2024\/04\/Stainless-Steel-Steamer-Pot-Detail-1-540x540.webp 540w, https:\/\/moyahousehold.com\/wp-content\/uploads\/2024\/04\/Stainless-Steel-Steamer-Pot-Detail-1-660x660.webp 660w\" sizes=\"(max-width: 1024px) 100vw, 1024px\" \/><\/figure>\n<\/div>\n\n\n\n<div class=\"wp-block-column is-layout-flow wp-block-column-is-layout-flow\">\n<figure class=\"wp-block-image size-full\"><img decoding=\"async\" width=\"1024\" height=\"1024\" src=\"https:\/\/moyahousehold.com\/wp-content\/uploads\/2024\/04\/Stainless-Steel-Steamer-Pot-Detail-2.webp\" alt=\"Detalhe da panela de a\u00e7o inoxid\u00e1vel para cozer a vapor (2)\" class=\"wp-image-9709\" srcset=\"https:\/\/moyahousehold.com\/wp-content\/uploads\/2024\/04\/Stainless-Steel-Steamer-Pot-Detail-2.webp 1024w, https:\/\/moyahousehold.com\/wp-content\/uploads\/2024\/04\/Stainless-Steel-Steamer-Pot-Detail-2-300x300.webp 300w, https:\/\/moyahousehold.com\/wp-content\/uploads\/2024\/04\/Stainless-Steel-Steamer-Pot-Detail-2-150x150.webp 150w, https:\/\/moyahousehold.com\/wp-content\/uploads\/2024\/04\/Stainless-Steel-Steamer-Pot-Detail-2-768x768.webp 768w, https:\/\/moyahousehold.com\/wp-content\/uploads\/2024\/04\/Stainless-Steel-Steamer-Pot-Detail-2-12x12.webp 12w, https:\/\/moyahousehold.com\/wp-content\/uploads\/2024\/04\/Stainless-Steel-Steamer-Pot-Detail-2-285x285.webp 285w, https:\/\/moyahousehold.com\/wp-content\/uploads\/2024\/04\/Stainless-Steel-Steamer-Pot-Detail-2-270x270.webp 270w, https:\/\/moyahousehold.com\/wp-content\/uploads\/2024\/04\/Stainless-Steel-Steamer-Pot-Detail-2-540x540.webp 540w, https:\/\/moyahousehold.com\/wp-content\/uploads\/2024\/04\/Stainless-Steel-Steamer-Pot-Detail-2-660x660.webp 660w\" sizes=\"(max-width: 1024px) 100vw, 1024px\" \/><\/figure>\n<\/div>\n<\/div>\n<\/div>\n<\/div>\n\n\n\n<div class=\"wp-block-columns is-layout-flex wp-container-core-columns-is-layout-9d6595d7 wp-block-columns-is-layout-flex\">\n<div class=\"wp-block-column is-layout-flow wp-block-column-is-layout-flow\"><\/div>\n\n\n\n<div class=\"wp-block-column is-layout-flow wp-block-column-is-layout-flow\"><\/div>\n<\/div>\n\n\n\n<div class=\"wp-block-columns is-layout-flex wp-container-core-columns-is-layout-9d6595d7 wp-block-columns-is-layout-flex\">\n<div class=\"wp-block-column is-layout-flow wp-block-column-is-layout-flow\"><\/div>\n\n\n\n<div class=\"wp-block-column is-layout-flow wp-block-column-is-layout-flow\"><\/div>\n<\/div>","protected":false},"excerpt":{"rendered":"<p>Vaporizador de a\u00e7o inoxid\u00e1vel elegante por atacado, com design moderno e excelentes fun\u00e7\u00f5es, feito de material de a\u00e7o inoxid\u00e1vel de alta qualidade, com boa durabilidade, o uso a longo prazo n\u00e3o \u00e9 f\u00e1cil de usar. O fundo de a\u00e7o inoxid\u00e1vel composto fornece excelente condutividade de calor, ajudando a cozinhar rapidamente uma variedade de deliciosos. \u00c9 uma escolha ideal para restaurantes e cozinhas dom\u00e9sticas. Bem-vindo a contactar-nos para um or\u00e7amento.<\/p>\n<h3>Carater\u00edsticas e vantagens da panela a vapor<\/h3>\n<p><strong>Design elegante e simples:<\/strong> Esta panela a vapor em a\u00e7o inoxid\u00e1vel tem um aspeto simples e elegante, que pode real\u00e7ar a beleza geral da cozinha e fazer com que se apaixone pela cozinha.<\/p>\n<p><strong>Multi-fun\u00e7\u00f5es:<\/strong> Esta panela de a\u00e7o inoxid\u00e1vel para cozer a vapor combina as fun\u00e7\u00f5es de uma panela de vapor e de uma panela de sopa. Os utilizadores podem cozer alimentos a vapor e fazer sopa ao mesmo tempo, poupando tempo de cozedura.<\/p>\n<p><strong>Material espessado:<\/strong> O corpo da panela \u00e9 concebido com a\u00e7o inoxid\u00e1vel espessado, o que melhora a estabilidade e a durabilidade e prolonga a vida \u00fatil.<\/p>\n<p><strong>Fundo de panela em comp\u00f3sito:<\/strong> O fundo da panela \u00e9 feito de a\u00e7o inoxid\u00e1vel de v\u00e1rias camadas, o que faz com que a panela aque\u00e7a mais uniformemente e os alimentos possam ser aquecidos ou cozinhados a vapor mais rapidamente, adequado para cozinhas dom\u00e9sticas e comerciais.<\/p>\n<p><strong>Servi\u00e7o OEM&amp;ODM:<\/strong> Como um fabricante profissional de utens\u00edlios de cozinha, a MOYA fornece solu\u00e7\u00f5es \u00fanicas de utens\u00edlios de cozinha personalizados OEM&amp;ODM, abrangendo materiais de utens\u00edlios de cozinha personalizados, tamanhos, embalagens e muito mais.<\/p>","protected":false},"featured_media":9712,"comment_status":"open","ping_status":"closed","template":"","meta":[],"product_cat":[56],"product_tag":[],"class_list":{"0":"post-3890","1":"product","2":"type-product","3":"status-publish","4":"has-post-thumbnail","6":"product_cat-stainless-steel-cookware-wholesale","8":"first","9":"instock","10":"shipping-taxable","11":"product-type-simple"},"_links":{"self":[{"href":"https:\/\/moyahousehold.com\/pt\/wp-json\/wp\/v2\/product\/3890","targetHints":{"allow":["GET"]}}],"collection":[{"href":"https:\/\/moyahousehold.com\/pt\/wp-json\/wp\/v2\/product"}],"about":[{"href":"https:\/\/moyahousehold.com\/pt\/wp-json\/wp\/v2\/types\/product"}],"replies":[{"embeddable":true,"href":"https:\/\/moyahousehold.com\/pt\/wp-json\/wp\/v2\/comments?post=3890"}],"version-history":[{"count":0,"href":"https:\/\/moyahousehold.com\/pt\/wp-json\/wp\/v2\/product\/3890\/revisions"}],"wp:featuredmedia":[{"embeddable":true,"href":"https:\/\/moyahousehold.com\/pt\/wp-json\/wp\/v2\/media\/9712"}],"wp:attachment":[{"href":"https:\/\/moyahousehold.com\/pt\/wp-json\/wp\/v2\/media?parent=3890"}],"wp:term":[{"taxonomy":"product_cat","embeddable":true,"href":"https:\/\/moyahousehold.com\/pt\/wp-json\/wp\/v2\/product_cat?post=3890"},{"taxonomy":"product_tag","embeddable":true,"href":"https:\/\/moyahousehold.com\/pt\/wp-json\/wp\/v2\/product_tag?post=3890"}],"curies":[{"name":"wp","href":"https:\/\/api.w.org\/{rel}","templated":true}]}}