{"id":3908,"date":"2024-04-30T08:35:41","date_gmt":"2024-04-30T08:35:41","guid":{"rendered":"https:\/\/moyahousehold.com\/?post_type=product&#038;p=3908"},"modified":"2025-01-09T01:37:42","modified_gmt":"2025-01-09T01:37:42","slug":"wholesale-rice-washer-strainer-bowl","status":"publish","type":"product","link":"https:\/\/moyahousehold.com\/pt\/produto\/wholesale-rice-washer-strainer-bowl\/","title":{"rendered":"Tigela de limpeza de arroz colorido por atacado \uff0c Tigela de mistura a granel para venda"},"content":{"rendered":"<div class=\"wp-block-columns is-layout-flex wp-container-core-columns-is-layout-9d6595d7 wp-block-columns-is-layout-flex\">\n<div class=\"wp-block-column is-layout-flow wp-block-column-is-layout-flow\">\n<h2 class=\"wp-block-heading\">Par\u00e2metros do recipiente de limpeza de arroz<\/h2>\n\n\n\n<figure class=\"wp-block-table\"><table class=\"has-fixed-layout\"><tbody><tr><td>N\u00famero do modelo<\/td><td>Material<\/td><td>Cor<\/td><td>Capacidade<\/td><td>Tamanho do produto\/cm<\/td><td>Tamanho da caixa exterior\/cm<\/td><td>N.W.\/kg<\/td><td>Peso bruto\/kg\/por caixa<\/td><\/tr><tr><td>MYJD112<\/td><td rowspan=\"3\">304+PP<\/td><td rowspan=\"3\">Bege\/caqui\/amarelo\/branco<\/td><td>19CM<\/td><td>19*19*8<\/td><td>38*19*29<\/td><td>0.2<\/td><td>40<\/td><\/tr><tr><td>MYJD113<\/td><td>21CM<\/td><td>21*21*9<\/td><td>24*23*33<\/td><td>0.23<\/td><td>43<\/td><\/tr><tr><td>MYJD114<\/td><td>24CM<\/td><td>24*24*10.5<\/td><td>31*31*17.5<\/td><td>0.4<\/td><td>60<\/td><\/tr><\/tbody><\/table><\/figure>\n\n\n\n<h2 class=\"wp-block-heading\" style=\"font-size:25px\">Op\u00e7\u00f5es de ta\u00e7as de limpeza de arroz personalizadas<\/h2>\n\n\n\n<p><strong>Log\u00f3tipo<\/strong>: personalizar o log\u00f3tipo da sua marca no produto e na embalagem.<br><strong>Op\u00e7\u00f5es de log\u00f3tipo<\/strong>: log\u00f3tipo impresso, log\u00f3tipo gravado a laser, etc.<br><strong>Padr\u00e3o<\/strong>: Padr\u00f5es de impress\u00e3o.<br><strong>Tecnologia de impress\u00e3o<\/strong>: impress\u00e3o por transfer\u00eancia de \u00e1gua, serigrafia, impress\u00e3o por transfer\u00eancia de calor, etc.<br><strong>Embalagem<\/strong>:caixa de cor.<br><a href=\"https:\/\/moyahousehold.com\/pt\/solucao-personalizada\/\" target=\"_blank\" rel=\"noreferrer noopener\"><strong>Explorar mais personaliza\u00e7\u00e3o<\/strong><\/a><\/p>\n<\/div>\n<\/div>\n\n\n\n<div class=\"wp-block-columns is-layout-flex wp-container-core-columns-is-layout-9d6595d7 wp-block-columns-is-layout-flex\">\n<div class=\"wp-block-column is-layout-flow wp-block-column-is-layout-flow\">\n<figure class=\"wp-block-image size-full\"><img fetchpriority=\"high\" decoding=\"async\" width=\"761\" height=\"761\" src=\"https:\/\/moyahousehold.com\/wp-content\/uploads\/2024\/05\/wholesale-rice-washer-strainer-bowl-14.webp\" alt=\"\" class=\"wp-image-4747\" srcset=\"https:\/\/moyahousehold.com\/wp-content\/uploads\/2024\/05\/wholesale-rice-washer-strainer-bowl-14.webp 761w, https:\/\/moyahousehold.com\/wp-content\/uploads\/2024\/05\/wholesale-rice-washer-strainer-bowl-14-300x300.webp 300w, https:\/\/moyahousehold.com\/wp-content\/uploads\/2024\/05\/wholesale-rice-washer-strainer-bowl-14-150x150.webp 150w, https:\/\/moyahousehold.com\/wp-content\/uploads\/2024\/05\/wholesale-rice-washer-strainer-bowl-14-285x285.webp 285w, https:\/\/moyahousehold.com\/wp-content\/uploads\/2024\/05\/wholesale-rice-washer-strainer-bowl-14-270x270.webp 270w, https:\/\/moyahousehold.com\/wp-content\/uploads\/2024\/05\/wholesale-rice-washer-strainer-bowl-14-540x540.webp 540w, https:\/\/moyahousehold.com\/wp-content\/uploads\/2024\/05\/wholesale-rice-washer-strainer-bowl-14-660x660.webp 660w\" sizes=\"(max-width: 761px) 100vw, 761px\" \/><\/figure>\n<\/div>\n\n\n\n<div class=\"wp-block-column is-layout-flow wp-block-column-is-layout-flow\">\n<figure class=\"wp-block-image size-full\"><img decoding=\"async\" width=\"703\" height=\"703\" src=\"https:\/\/moyahousehold.com\/wp-content\/uploads\/2024\/04\/wholesale-rice-washer-strainer-bowl-1.jpg\" alt=\"ta\u00e7a de coador para m\u00e1quina de lavar arroz por atacado \" class=\"wp-image-4748\" srcset=\"https:\/\/moyahousehold.com\/wp-content\/uploads\/2024\/04\/wholesale-rice-washer-strainer-bowl-1.jpg 703w, https:\/\/moyahousehold.com\/wp-content\/uploads\/2024\/04\/wholesale-rice-washer-strainer-bowl-1-300x300.jpg 300w, https:\/\/moyahousehold.com\/wp-content\/uploads\/2024\/04\/wholesale-rice-washer-strainer-bowl-1-150x150.jpg 150w, https:\/\/moyahousehold.com\/wp-content\/uploads\/2024\/04\/wholesale-rice-washer-strainer-bowl-1-285x285.jpg 285w, https:\/\/moyahousehold.com\/wp-content\/uploads\/2024\/04\/wholesale-rice-washer-strainer-bowl-1-270x270.jpg 270w, https:\/\/moyahousehold.com\/wp-content\/uploads\/2024\/04\/wholesale-rice-washer-strainer-bowl-1-540x540.jpg 540w, https:\/\/moyahousehold.com\/wp-content\/uploads\/2024\/04\/wholesale-rice-washer-strainer-bowl-1-660x660.jpg 660w\" sizes=\"(max-width: 703px) 100vw, 703px\" \/><\/figure>\n<\/div>\n<\/div>","protected":false},"excerpt":{"rendered":"<p>Tigela de limpeza de arroz por atacado, feita de a\u00e7o inoxid\u00e1vel de alta qualidade, com uma variedade de cores e especifica\u00e7\u00f5es \u00e0 escolha. \u00c9 o seu melhor assistente para lavar arroz, lavar legumes e misturar saladas. \u00c9 adequado para cozinhas dom\u00e9sticas e comerciais.<\/p>\n<h3>Carater\u00edsticas e vantagens da ta\u00e7a do coador da m\u00e1quina de lavar arroz<\/h3>\n<p><strong>Material de qualidade alimentar:<\/strong> Esta ta\u00e7a de limpeza de arroz \u00e9 feita de a\u00e7o inoxid\u00e1vel 304 de qualidade alimentar para garantir a sa\u00fade e a seguran\u00e7a da limpeza dos alimentos.<\/p>\n<p><strong>Marca\u00e7\u00f5es de escala claras<\/strong>: A parede interior desta ta\u00e7a de limpeza de arroz est\u00e1 equipada com marcas de escala claras para ajudar a determinar com exatid\u00e3o a quantidade de ingredientes, para que cada prato tenha o sabor certo.<\/p>\n<p><strong>Design aberto de grande capacidade:<\/strong> Pode ser utilizada como saladeira. Tem uma grande capacidade e um design aberto, proporcionando um amplo espa\u00e7o para mexer e misturar facilmente uma variedade de ingredientes, adequado para reuni\u00f5es familiares e necessidades culin\u00e1rias de festas.<\/p>\n<p><strong>Equipado com um cesto de filtro melhorado:<\/strong> O cesto do filtro adopta um design perfurado, o que torna a drenagem mais r\u00e1pida e eficiente, proporcionando grande comodidade para as opera\u00e7\u00f5es de cozinha.<\/p>\n<p><strong>Design do suporte inferior:<\/strong> O suporte inferior da Tigela de Limpeza de Arroz eleva a tigela de lavagem para evitar o contacto direto com a mesa ou o balc\u00e3o, mantendo o fundo higi\u00e9nico e f\u00e1cil de limpar.<\/p>\n<p><strong><a href=\"https:\/\/moyahousehold.com\/pt\/solucao-personalizada\/\" target=\"_blank\" rel=\"noopener\">Apoiamos solu\u00e7\u00f5es personalizadas OEM&amp;ODM.<\/a>\u00a0<\/strong><\/p>","protected":false},"featured_media":7905,"comment_status":"open","ping_status":"closed","template":"","meta":[],"product_cat":[55],"product_tag":[],"class_list":{"0":"post-3908","1":"product","2":"type-product","3":"status-publish","4":"has-post-thumbnail","6":"product_cat-salad-bowl-wholesale","8":"first","9":"instock","10":"shipping-taxable","11":"product-type-simple"},"_links":{"self":[{"href":"https:\/\/moyahousehold.com\/pt\/wp-json\/wp\/v2\/product\/3908","targetHints":{"allow":["GET"]}}],"collection":[{"href":"https:\/\/moyahousehold.com\/pt\/wp-json\/wp\/v2\/product"}],"about":[{"href":"https:\/\/moyahousehold.com\/pt\/wp-json\/wp\/v2\/types\/product"}],"replies":[{"embeddable":true,"href":"https:\/\/moyahousehold.com\/pt\/wp-json\/wp\/v2\/comments?post=3908"}],"version-history":[{"count":0,"href":"https:\/\/moyahousehold.com\/pt\/wp-json\/wp\/v2\/product\/3908\/revisions"}],"wp:featuredmedia":[{"embeddable":true,"href":"https:\/\/moyahousehold.com\/pt\/wp-json\/wp\/v2\/media\/7905"}],"wp:attachment":[{"href":"https:\/\/moyahousehold.com\/pt\/wp-json\/wp\/v2\/media?parent=3908"}],"wp:term":[{"taxonomy":"product_cat","embeddable":true,"href":"https:\/\/moyahousehold.com\/pt\/wp-json\/wp\/v2\/product_cat?post=3908"},{"taxonomy":"product_tag","embeddable":true,"href":"https:\/\/moyahousehold.com\/pt\/wp-json\/wp\/v2\/product_tag?post=3908"}],"curies":[{"name":"wp","href":"https:\/\/api.w.org\/{rel}","templated":true}]}}