{"id":3975,"date":"2024-04-30T10:16:39","date_gmt":"2024-04-30T10:16:39","guid":{"rendered":"https:\/\/moyahousehold.com\/?post_type=product&#038;p=3975"},"modified":"2026-04-13T08:31:50","modified_gmt":"2026-04-13T08:31:50","slug":"wholesale-beautiful-stainless-steel-mixing-bowls","status":"publish","type":"product","link":"https:\/\/moyahousehold.com\/pt\/produto\/wholesale-beautiful-stainless-steel-mixing-bowls\/","title":{"rendered":"Tigelas de mistura de a\u00e7o inoxid\u00e1vel bonitas para cozinhas profissionais e uso dom\u00e9stico"},"content":{"rendered":"<h3 class=\"wp-block-heading\">Par\u00e2metros da ta\u00e7a de mistura bonita<\/h3>\n\n\n\n<figure class=\"wp-block-table\"><table class=\"has-fixed-layout\"><tbody><tr><td><strong>Item<\/strong><\/td><td><strong>Material<\/strong><\/td><td><strong>Cor<\/strong><\/td><td><strong>Capacidade<\/strong><\/td><td><strong>Dimens\u00e3o<\/strong><\/td><td><strong>N.W.\/PCS<\/strong><\/td><\/tr><tr><td>MYTY006<\/td><td rowspan=\"5\">304<\/td><td rowspan=\"5\">Bege\/caqui<\/td><td>16 cm<\/td><td>16*16*7cm<\/td><td>0.13<\/td><\/tr><tr><td>MYTY007<\/td><td>19 cm<\/td><td>19*19*8cm<\/td><td>0.2<\/td><\/tr><tr><td>MYTY008<\/td><td>22 cm<\/td><td>22*22*10<\/td><td>0.24<\/td><\/tr><tr><td>MYTY009<\/td><td>25 cm<\/td><td>25x25x10.5cm<\/td><td>0.34<\/td><\/tr><tr><td>MYTY010<\/td><td>28 cm<\/td><td>28x28x12cm<\/td><td>0.43<\/td><\/tr><\/tbody><\/table><\/figure>\n\n\n\n<div class=\"wp-block-columns is-layout-flex wp-container-core-columns-is-layout-9d6595d7 wp-block-columns-is-layout-flex\">\n<div class=\"wp-block-column is-layout-flow wp-block-column-is-layout-flow\">\n<h3 class=\"wp-block-heading\">Op\u00e7\u00f5es de ta\u00e7as de mistura personalizadas<\/h3>\n\n\n\n<p><strong>Log\u00f3tipo:<\/strong> Custom your brand logo on product and package.<br><strong>Logo Options:<\/strong> Printed logo, laser engraved logo, etc.<br><strong>Padr\u00e3o:<\/strong> Padr\u00f5es de impress\u00e3o na saladeira.<br><strong>Printing Technology: <\/strong>Water transfer, printing, silk screen printing, heat transfer printing, etc.<br><strong>Embalagem:<\/strong> Color box.<br><a href=\"https:\/\/moyahousehold.com\/pt\/solucao-personalizada\/\"><strong>Explore mais solu\u00e7\u00f5es personalizadas para saladeiras<\/strong><\/a><\/p>\n<\/div>\n<\/div>\n\n\n\n<div class=\"wp-block-columns is-layout-flex wp-container-core-columns-is-layout-9d6595d7 wp-block-columns-is-layout-flex\">\n<div class=\"wp-block-column is-layout-flow wp-block-column-is-layout-flow\">\n<figure class=\"wp-block-image size-full\"><img fetchpriority=\"high\" decoding=\"async\" width=\"3584\" height=\"3339\" src=\"https:\/\/moyahousehold.com\/wp-content\/uploads\/2024\/04\/actual-mixing-bowl-photo.webp\" alt=\"fotografia real da ta\u00e7a de mistura\" class=\"wp-image-7900\" srcset=\"https:\/\/moyahousehold.com\/wp-content\/uploads\/2024\/04\/actual-mixing-bowl-photo.webp 3584w, https:\/\/moyahousehold.com\/wp-content\/uploads\/2024\/04\/actual-mixing-bowl-photo-300x279.webp 300w, https:\/\/moyahousehold.com\/wp-content\/uploads\/2024\/04\/actual-mixing-bowl-photo-768x716.webp 768w, https:\/\/moyahousehold.com\/wp-content\/uploads\/2024\/04\/actual-mixing-bowl-photo-13x12.webp 13w, https:\/\/moyahousehold.com\/wp-content\/uploads\/2024\/04\/actual-mixing-bowl-photo-285x266.webp 285w, https:\/\/moyahousehold.com\/wp-content\/uploads\/2024\/04\/actual-mixing-bowl-photo-1600x1491.webp 1600w, https:\/\/moyahousehold.com\/wp-content\/uploads\/2024\/04\/actual-mixing-bowl-photo-660x615.webp 660w, https:\/\/moyahousehold.com\/wp-content\/uploads\/2024\/04\/actual-mixing-bowl-photo-150x140.webp 150w\" sizes=\"(max-width: 3584px) 100vw, 3584px\" \/><\/figure>\n<\/div>\n\n\n\n<div class=\"wp-block-column is-layout-flow wp-block-column-is-layout-flow\">\n<figure class=\"wp-block-image size-full\"><img decoding=\"async\" width=\"3553\" height=\"3293\" src=\"https:\/\/moyahousehold.com\/wp-content\/uploads\/2024\/04\/actual-mixing-bowl-photo-2.webp\" alt=\"fotografia da ta\u00e7a de mistura atual (2)\" class=\"wp-image-7899\" srcset=\"https:\/\/moyahousehold.com\/wp-content\/uploads\/2024\/04\/actual-mixing-bowl-photo-2.webp 3553w, https:\/\/moyahousehold.com\/wp-content\/uploads\/2024\/04\/actual-mixing-bowl-photo-2-300x278.webp 300w, https:\/\/moyahousehold.com\/wp-content\/uploads\/2024\/04\/actual-mixing-bowl-photo-2-768x712.webp 768w, https:\/\/moyahousehold.com\/wp-content\/uploads\/2024\/04\/actual-mixing-bowl-photo-2-13x12.webp 13w, https:\/\/moyahousehold.com\/wp-content\/uploads\/2024\/04\/actual-mixing-bowl-photo-2-285x264.webp 285w, https:\/\/moyahousehold.com\/wp-content\/uploads\/2024\/04\/actual-mixing-bowl-photo-2-1600x1483.webp 1600w, https:\/\/moyahousehold.com\/wp-content\/uploads\/2024\/04\/actual-mixing-bowl-photo-2-660x612.webp 660w, https:\/\/moyahousehold.com\/wp-content\/uploads\/2024\/04\/actual-mixing-bowl-photo-2-150x139.webp 150w\" sizes=\"(max-width: 3553px) 100vw, 3553px\" \/><\/figure>\n<\/div>\n<\/div>\n\n\n\n<div class=\"wp-block-columns is-layout-flex wp-container-core-columns-is-layout-9d6595d7 wp-block-columns-is-layout-flex\">\n<div class=\"wp-block-column is-layout-flow wp-block-column-is-layout-flow\">\n<figure class=\"wp-block-image size-full\"><img decoding=\"async\" width=\"3476\" height=\"3246\" src=\"https:\/\/moyahousehold.com\/wp-content\/uploads\/2024\/04\/TY-\u6c99\u62c9\u76c6-14.jpg\" alt=\"5-Piece Stainless Steel Mixing Bowls Set - Non-Slip, Insulated, Stackable Salad\/Cooking Bowls for Kitchen (Pastel Colors)\" class=\"wp-image-12996\" srcset=\"https:\/\/moyahousehold.com\/wp-content\/uploads\/2024\/04\/TY-\u6c99\u62c9\u76c6-14.jpg 3476w, https:\/\/moyahousehold.com\/wp-content\/uploads\/2024\/04\/TY-\u6c99\u62c9\u76c6-14-300x280.jpg 300w, https:\/\/moyahousehold.com\/wp-content\/uploads\/2024\/04\/TY-\u6c99\u62c9\u76c6-14-768x717.jpg 768w, https:\/\/moyahousehold.com\/wp-content\/uploads\/2024\/04\/TY-\u6c99\u62c9\u76c6-14-13x12.jpg 13w, https:\/\/moyahousehold.com\/wp-content\/uploads\/2024\/04\/TY-\u6c99\u62c9\u76c6-14-285x266.jpg 285w, https:\/\/moyahousehold.com\/wp-content\/uploads\/2024\/04\/TY-\u6c99\u62c9\u76c6-14-1600x1494.jpg 1600w, https:\/\/moyahousehold.com\/wp-content\/uploads\/2024\/04\/TY-\u6c99\u62c9\u76c6-14-660x616.jpg 660w, https:\/\/moyahousehold.com\/wp-content\/uploads\/2024\/04\/TY-\u6c99\u62c9\u76c6-14-150x140.jpg 150w\" sizes=\"(max-width: 3476px) 100vw, 3476px\" \/><\/figure>\n<\/div>\n\n\n\n<div class=\"wp-block-column is-layout-flow wp-block-column-is-layout-flow\">\n<figure class=\"wp-block-image size-full\"><img loading=\"lazy\" decoding=\"async\" width=\"3680\" height=\"3588\" src=\"https:\/\/moyahousehold.com\/wp-content\/uploads\/2024\/04\/TY-\u6c99\u62c9\u76c6-32.jpg\" alt=\"5-Piece Stainless Steel Mixing Bowls Set - Non-Slip, Insulated, Stackable Salad\/Cooking Bowls for Kitchen (Pastel Colors)\" class=\"wp-image-12997\" srcset=\"https:\/\/moyahousehold.com\/wp-content\/uploads\/2024\/04\/TY-\u6c99\u62c9\u76c6-32.jpg 3680w, https:\/\/moyahousehold.com\/wp-content\/uploads\/2024\/04\/TY-\u6c99\u62c9\u76c6-32-300x293.jpg 300w, https:\/\/moyahousehold.com\/wp-content\/uploads\/2024\/04\/TY-\u6c99\u62c9\u76c6-32-768x749.jpg 768w, https:\/\/moyahousehold.com\/wp-content\/uploads\/2024\/04\/TY-\u6c99\u62c9\u76c6-32-12x12.jpg 12w, https:\/\/moyahousehold.com\/wp-content\/uploads\/2024\/04\/TY-\u6c99\u62c9\u76c6-32-285x278.jpg 285w, https:\/\/moyahousehold.com\/wp-content\/uploads\/2024\/04\/TY-\u6c99\u62c9\u76c6-32-1600x1560.jpg 1600w, https:\/\/moyahousehold.com\/wp-content\/uploads\/2024\/04\/TY-\u6c99\u62c9\u76c6-32-660x644.jpg 660w, https:\/\/moyahousehold.com\/wp-content\/uploads\/2024\/04\/TY-\u6c99\u62c9\u76c6-32-150x146.jpg 150w\" sizes=\"(max-width: 3680px) 100vw, 3680px\" \/><\/figure>\n<\/div>\n<\/div>\n\n\n\n<p><\/p>","protected":false},"excerpt":{"rendered":"<p>MOYA mixing bowl manufacturer provides wholesale mixing bowls. This beautiful mixing bowl has a variety of different capacity designs, which is convenient for accommodating a variety of fresh vegetables and fruits. The exquisite exterior adds a sense of fashion to the kitchen. We support OEM &amp; ODM customization, welcome to contact us.<\/p>\n<h3>Caracter\u00edsticas e vantagens da ta\u00e7a misturadora<\/h3>\n<p><strong>Durable Material:<\/strong> Esta bonita tigela de mistura utiliza a\u00e7o inoxid\u00e1vel de alta qualidade e um material exterior resistente para garantir que a saladeira n\u00e3o se danifica facilmente na utiliza\u00e7\u00e3o di\u00e1ria e tem uma longa vida \u00fatil.<\/p>\n<p><strong>Beautiful Design:<\/strong> Esta ta\u00e7a misturadora adopta um design simples e elegante, que pode ser combinado com v\u00e1rios estilos de cozinha para real\u00e7ar a beleza geral da cozinha.<\/p>\n<p><strong>F\u00e1cil de limpar:<\/strong> A parede interior lisa e o design exterior da ta\u00e7a misturadora facilitam a limpeza, quer seja lavada \u00e0 m\u00e3o ou colocada na m\u00e1quina de lavar lou\u00e7a.<\/p>\n<p><strong>Multifunctional Use:<\/strong> Para al\u00e9m de servir salada, tamb\u00e9m pode ser utilizada como ta\u00e7a para misturar, demolhar ingredientes ou misturar v\u00e1rios ingredientes, com v\u00e1rias fun\u00e7\u00f5es.<\/p>\n<p><strong>Stacking Design:<\/strong> Fornecemos 5 tamanhos de ta\u00e7as de mistura, que podem ser empilhadas umas sobre as outras para poupar espa\u00e7o de arruma\u00e7\u00e3o e manter a cozinha limpa e arrumada.<\/p>\n<p><strong>Measuring Cup Scale:<\/strong> A parede interior do recipiente de mistura tem uma escala de medi\u00e7\u00e3o clara, que \u00e9 conveniente para medir com precis\u00e3o os l\u00edquidos e os ingredientes.<\/p>","protected":false},"featured_media":9840,"comment_status":"closed","ping_status":"closed","template":"","meta":[],"product_cat":[55],"product_tag":[],"class_list":{"0":"post-3975","1":"product","2":"type-product","3":"status-publish","4":"has-post-thumbnail","6":"product_cat-salad-bowl-wholesale","8":"first","9":"instock","10":"shipping-taxable","11":"product-type-simple"},"_links":{"self":[{"href":"https:\/\/moyahousehold.com\/pt\/wp-json\/wp\/v2\/product\/3975","targetHints":{"allow":["GET"]}}],"collection":[{"href":"https:\/\/moyahousehold.com\/pt\/wp-json\/wp\/v2\/product"}],"about":[{"href":"https:\/\/moyahousehold.com\/pt\/wp-json\/wp\/v2\/types\/product"}],"replies":[{"embeddable":true,"href":"https:\/\/moyahousehold.com\/pt\/wp-json\/wp\/v2\/comments?post=3975"}],"version-history":[{"count":2,"href":"https:\/\/moyahousehold.com\/pt\/wp-json\/wp\/v2\/product\/3975\/revisions"}],"predecessor-version":[{"id":13001,"href":"https:\/\/moyahousehold.com\/pt\/wp-json\/wp\/v2\/product\/3975\/revisions\/13001"}],"wp:featuredmedia":[{"embeddable":true,"href":"https:\/\/moyahousehold.com\/pt\/wp-json\/wp\/v2\/media\/9840"}],"wp:attachment":[{"href":"https:\/\/moyahousehold.com\/pt\/wp-json\/wp\/v2\/media?parent=3975"}],"wp:term":[{"taxonomy":"product_cat","embeddable":true,"href":"https:\/\/moyahousehold.com\/pt\/wp-json\/wp\/v2\/product_cat?post=3975"},{"taxonomy":"product_tag","embeddable":true,"href":"https:\/\/moyahousehold.com\/pt\/wp-json\/wp\/v2\/product_tag?post=3975"}],"curies":[{"name":"wp","href":"https:\/\/api.w.org\/{rel}","templated":true}]}}