{"id":4695,"date":"2024-05-14T14:29:08","date_gmt":"2024-05-14T14:29:08","guid":{"rendered":"https:\/\/moyahousehold.com\/?post_type=product&#038;p=4695"},"modified":"2026-04-13T09:03:34","modified_gmt":"2026-04-13T09:03:34","slug":"wholesale-thermos-jug-korean-style","status":"publish","type":"product","link":"https:\/\/moyahousehold.com\/pt\/produto\/jarro-termico-por-atacado-estilo-coreano\/","title":{"rendered":"Wholesale 800ML Thermos Jug Korean Style with Comfortable Handle Easy to Hold"},"content":{"rendered":"<figure class=\"wp-block-image size-full\"><img fetchpriority=\"high\" decoding=\"async\" width=\"5961\" height=\"3355\" src=\"https:\/\/moyahousehold.com\/wp-content\/uploads\/2024\/05\/JS-\u97e9\u5f0f\u58f6\u5927\u5408\u7167.jpg\" alt=\"Portable Stainless Steel Vacuum Insulated Thermos Pot with Cylindrical Wooden Handle\" class=\"wp-image-12465\" srcset=\"https:\/\/moyahousehold.com\/wp-content\/uploads\/2024\/05\/JS-\u97e9\u5f0f\u58f6\u5927\u5408\u7167.jpg 5961w, https:\/\/moyahousehold.com\/wp-content\/uploads\/2024\/05\/JS-\u97e9\u5f0f\u58f6\u5927\u5408\u7167-300x169.jpg 300w, https:\/\/moyahousehold.com\/wp-content\/uploads\/2024\/05\/JS-\u97e9\u5f0f\u58f6\u5927\u5408\u7167-768x432.jpg 768w, https:\/\/moyahousehold.com\/wp-content\/uploads\/2024\/05\/JS-\u97e9\u5f0f\u58f6\u5927\u5408\u7167-18x10.jpg 18w, https:\/\/moyahousehold.com\/wp-content\/uploads\/2024\/05\/JS-\u97e9\u5f0f\u58f6\u5927\u5408\u7167-285x160.jpg 285w, https:\/\/moyahousehold.com\/wp-content\/uploads\/2024\/05\/JS-\u97e9\u5f0f\u58f6\u5927\u5408\u7167-1600x901.jpg 1600w, https:\/\/moyahousehold.com\/wp-content\/uploads\/2024\/05\/JS-\u97e9\u5f0f\u58f6\u5927\u5408\u7167-660x371.jpg 660w, https:\/\/moyahousehold.com\/wp-content\/uploads\/2024\/05\/JS-\u97e9\u5f0f\u58f6\u5927\u5408\u7167-150x84.jpg 150w\" sizes=\"(max-width: 5961px) 100vw, 5961px\" \/><\/figure>\n\n\n\n<h3 class=\"wp-block-heading\">Par\u00e2metros do jarro t\u00e9rmico<\/h3>\n\n\n\n<figure class=\"wp-block-table\"><table class=\"has-fixed-layout\"><tbody><tr><td><strong>Item<\/strong><\/td><td><strong>Material<\/strong><\/td><td><strong>Cor<\/strong><\/td><td><strong>Dimens\u00e3o<\/strong><\/td><td><strong>G.W.\/PCS<\/strong><\/td><\/tr><tr><td>MY0838<\/td><td>Borosilicate +PP + Silica Gel + Acrylic\/Beech<\/td><td>White\/Black\/Natural<\/td><td>19.1*10.3*18cm<\/td><td>0.6<\/td><\/tr><\/tbody><\/table><\/figure>\n\n\n\n<div class=\"wp-block-columns is-layout-flex wp-container-core-columns-is-layout-9d6595d7 wp-block-columns-is-layout-flex\">\n<div class=\"wp-block-column is-layout-flow wp-block-column-is-layout-flow\">\n<h2 class=\"wp-block-heading\">Custom Thermos Jug Options<\/h2>\n\n\n\n<p><strong>Tampas<\/strong>: Stainless steel pressure lid.<br><strong>Log\u00f3tipo<\/strong>: Custom your brand logo on product and package.<br><strong>Logo Options<\/strong>: Printed logo, laser engraved logo, etc.<br><strong>Padr\u00e3o<\/strong>: Padr\u00f5es de impress\u00e3o no jarro t\u00e9rmico.<br><strong>Tecnologia de impress\u00e3o<\/strong>: Water transfer printing, silk screen printing, heat transfer printing, sublimation transfer, etc.<br><strong>Embalagem<\/strong>: Caixa de cor<br><a href=\"https:\/\/moyahousehold.com\/pt\/solucao-personalizada\/\"><strong>Explorar mais personaliza\u00e7\u00e3o<\/strong><\/a><\/p>\n<\/div>\n<\/div>\n\n\n\n<div class=\"wp-block-columns is-layout-flex wp-container-core-columns-is-layout-9d6595d7 wp-block-columns-is-layout-flex\">\n<div class=\"wp-block-column is-layout-flow wp-block-column-is-layout-flow\">\n<figure class=\"wp-block-image size-full\"><img decoding=\"async\" width=\"800\" height=\"800\" src=\"https:\/\/moyahousehold.com\/wp-content\/uploads\/2024\/05\/JS-\u97e9\u5f0f\u58f6-18.jpg\" alt=\"Portable Stainless Steel Vacuum Insulated Thermos Pot with Cylindrical Wooden Handle\" class=\"wp-image-12468\" srcset=\"https:\/\/moyahousehold.com\/wp-content\/uploads\/2024\/05\/JS-\u97e9\u5f0f\u58f6-18.jpg 800w, https:\/\/moyahousehold.com\/wp-content\/uploads\/2024\/05\/JS-\u97e9\u5f0f\u58f6-18-300x300.jpg 300w, https:\/\/moyahousehold.com\/wp-content\/uploads\/2024\/05\/JS-\u97e9\u5f0f\u58f6-18-150x150.jpg 150w, https:\/\/moyahousehold.com\/wp-content\/uploads\/2024\/05\/JS-\u97e9\u5f0f\u58f6-18-768x768.jpg 768w, https:\/\/moyahousehold.com\/wp-content\/uploads\/2024\/05\/JS-\u97e9\u5f0f\u58f6-18-12x12.jpg 12w, https:\/\/moyahousehold.com\/wp-content\/uploads\/2024\/05\/JS-\u97e9\u5f0f\u58f6-18-285x285.jpg 285w, https:\/\/moyahousehold.com\/wp-content\/uploads\/2024\/05\/JS-\u97e9\u5f0f\u58f6-18-270x270.jpg 270w, https:\/\/moyahousehold.com\/wp-content\/uploads\/2024\/05\/JS-\u97e9\u5f0f\u58f6-18-540x540.jpg 540w, https:\/\/moyahousehold.com\/wp-content\/uploads\/2024\/05\/JS-\u97e9\u5f0f\u58f6-18-660x660.jpg 660w\" sizes=\"(max-width: 800px) 100vw, 800px\" \/><\/figure>\n<\/div>\n\n\n\n<div class=\"wp-block-column is-layout-flow wp-block-column-is-layout-flow\">\n<figure class=\"wp-block-image size-full\"><img decoding=\"async\" width=\"3776\" height=\"3776\" src=\"https:\/\/moyahousehold.com\/wp-content\/uploads\/2024\/05\/0.8L-black-thermos-jug-detail-2.jpg\" alt=\"Detalhe do jarro t\u00e9rmico preto de 0,8L (2)\" class=\"wp-image-7461\" srcset=\"https:\/\/moyahousehold.com\/wp-content\/uploads\/2024\/05\/0.8L-black-thermos-jug-detail-2.jpg 3776w, https:\/\/moyahousehold.com\/wp-content\/uploads\/2024\/05\/0.8L-black-thermos-jug-detail-2-300x300.jpg 300w, https:\/\/moyahousehold.com\/wp-content\/uploads\/2024\/05\/0.8L-black-thermos-jug-detail-2-150x150.jpg 150w, https:\/\/moyahousehold.com\/wp-content\/uploads\/2024\/05\/0.8L-black-thermos-jug-detail-2-768x768.jpg 768w, https:\/\/moyahousehold.com\/wp-content\/uploads\/2024\/05\/0.8L-black-thermos-jug-detail-2-12x12.jpg 12w, https:\/\/moyahousehold.com\/wp-content\/uploads\/2024\/05\/0.8L-black-thermos-jug-detail-2-285x285.jpg 285w, https:\/\/moyahousehold.com\/wp-content\/uploads\/2024\/05\/0.8L-black-thermos-jug-detail-2-1600x1600.jpg 1600w, https:\/\/moyahousehold.com\/wp-content\/uploads\/2024\/05\/0.8L-black-thermos-jug-detail-2-270x270.jpg 270w, https:\/\/moyahousehold.com\/wp-content\/uploads\/2024\/05\/0.8L-black-thermos-jug-detail-2-540x540.jpg 540w, https:\/\/moyahousehold.com\/wp-content\/uploads\/2024\/05\/0.8L-black-thermos-jug-detail-2-660x660.jpg 660w\" sizes=\"(max-width: 3776px) 100vw, 3776px\" \/><\/figure>\n<\/div>\n<\/div>\n\n\n\n<div class=\"wp-block-columns is-layout-flex wp-container-core-columns-is-layout-9d6595d7 wp-block-columns-is-layout-flex\">\n<div class=\"wp-block-column is-layout-flow wp-block-column-is-layout-flow\">\n<figure class=\"wp-block-image size-full\"><img loading=\"lazy\" decoding=\"async\" width=\"800\" height=\"800\" src=\"https:\/\/moyahousehold.com\/wp-content\/uploads\/2024\/05\/7-1.jpg\" alt=\"Portable Stainless Steel Vacuum Insulated Thermos Pot with Cylindrical Wooden Handle\" class=\"wp-image-12463\" srcset=\"https:\/\/moyahousehold.com\/wp-content\/uploads\/2024\/05\/7-1.jpg 800w, https:\/\/moyahousehold.com\/wp-content\/uploads\/2024\/05\/7-1-300x300.jpg 300w, https:\/\/moyahousehold.com\/wp-content\/uploads\/2024\/05\/7-1-150x150.jpg 150w, https:\/\/moyahousehold.com\/wp-content\/uploads\/2024\/05\/7-1-768x768.jpg 768w, https:\/\/moyahousehold.com\/wp-content\/uploads\/2024\/05\/7-1-12x12.jpg 12w, https:\/\/moyahousehold.com\/wp-content\/uploads\/2024\/05\/7-1-285x285.jpg 285w, https:\/\/moyahousehold.com\/wp-content\/uploads\/2024\/05\/7-1-270x270.jpg 270w, https:\/\/moyahousehold.com\/wp-content\/uploads\/2024\/05\/7-1-540x540.jpg 540w, https:\/\/moyahousehold.com\/wp-content\/uploads\/2024\/05\/7-1-660x660.jpg 660w\" sizes=\"(max-width: 800px) 100vw, 800px\" \/><\/figure>\n<\/div>\n\n\n\n<div class=\"wp-block-column is-layout-flow wp-block-column-is-layout-flow\">\n<figure class=\"wp-block-image size-full\"><img loading=\"lazy\" decoding=\"async\" width=\"800\" height=\"800\" src=\"https:\/\/moyahousehold.com\/wp-content\/uploads\/2024\/05\/6-1.jpg\" alt=\"Portable Stainless Steel Vacuum Insulated Thermos Pot with Cylindrical Wooden Handle\" class=\"wp-image-12464\" srcset=\"https:\/\/moyahousehold.com\/wp-content\/uploads\/2024\/05\/6-1.jpg 800w, https:\/\/moyahousehold.com\/wp-content\/uploads\/2024\/05\/6-1-300x300.jpg 300w, https:\/\/moyahousehold.com\/wp-content\/uploads\/2024\/05\/6-1-150x150.jpg 150w, https:\/\/moyahousehold.com\/wp-content\/uploads\/2024\/05\/6-1-768x768.jpg 768w, https:\/\/moyahousehold.com\/wp-content\/uploads\/2024\/05\/6-1-12x12.jpg 12w, https:\/\/moyahousehold.com\/wp-content\/uploads\/2024\/05\/6-1-285x285.jpg 285w, https:\/\/moyahousehold.com\/wp-content\/uploads\/2024\/05\/6-1-270x270.jpg 270w, https:\/\/moyahousehold.com\/wp-content\/uploads\/2024\/05\/6-1-540x540.jpg 540w, https:\/\/moyahousehold.com\/wp-content\/uploads\/2024\/05\/6-1-660x660.jpg 660w\" sizes=\"(max-width: 800px) 100vw, 800px\" \/><\/figure>\n<\/div>\n<\/div>\n\n\n\n<p><\/p>","protected":false},"excerpt":{"rendered":"<p>Este elegante jarro t\u00e9rmico colorido n\u00e3o s\u00f3 tem um design minimalista e moderno ao estilo coreano, como tamb\u00e9m atrair\u00e1 as aten\u00e7\u00f5es onde quer que v\u00e1. A pega de madeira confort\u00e1vel proporciona aos utilizadores uma melhor experi\u00eancia de utiliza\u00e7\u00e3o, \u00e9 quente e natural e \u00e9 f\u00e1cil de utilizar. O jarro t\u00e9rmico est\u00e1 equipado com um revestimento de isolamento eficiente para garantir um desempenho de super isolamento e manter a temperatura da bebida durante muito tempo. Quer seja no escrit\u00f3rio, em casa ou ao ar livre, este jarro t\u00e9rmico \u00e9 a escolha ideal que combina beleza e praticidade, permitindo-lhe desfrutar do calor e das del\u00edcias das bebidas quentes em qualquer altura e em qualquer lugar.<\/p>\n<h3>Features and Benefits of Thermos Jug<\/h3>\n<div><strong>Conserva\u00e7\u00e3o do calor e do frio a longo prazo<\/strong>: Com o revestimento de vidro de melhor desempenho e a tecnologia de isolamento a v\u00e1cuo de camada dupla, o tempo de preserva\u00e7\u00e3o do calor pode ser de at\u00e9 24 horas, garantindo sempre o fornecimento de \u00e1gua quente.<\/div>\n<div><strong>Duas especifica\u00e7\u00f5es<\/strong>: Fornecemos jarros t\u00e9rmicos de 0,8L e 1,2L para satisfazer as suas necessidades de capacidade. <\/div>\n<div><strong>Wooden Handle:<\/strong> A pega do jarro t\u00e9rmico \u00e9 feita de madeira de alta qualidade, que \u00e9 confort\u00e1vel de segurar e evita queimaduras durante a utiliza\u00e7\u00e3o. <\/div>\n<div><strong>Minimalist Design<\/strong>: A forma geral adopta um design minimalista, que \u00e9 muito adequado para o ambiente de escrit\u00f3rio, casa ou restaurante, acrescentando beleza ao ambiente circundante. <\/div>\n<div><strong>Anti-slip Design<\/strong>: O fundo tem um design antiderrapante e o jarro t\u00e9rmico pode ser colocado de forma est\u00e1vel na mesa, o que \u00e9 seguro e fi\u00e1vel para utiliza\u00e7\u00e3o. <\/div>\n<div><strong>Amostra de disposi\u00e7\u00e3o<\/strong>: Fornecemos amostras para o ajudar a compreender melhor os nossos produtos e a tomar decis\u00f5es razo\u00e1veis. <\/div>\n<div><strong>Customization Plan<\/strong>: Podemos personalizar o log\u00f3tipo e a embalagem do produto para o ajudar a melhorar a sua imagem de marca. <\/div>\n<p>&nbsp;<\/p>","protected":false},"featured_media":7458,"comment_status":"open","ping_status":"closed","template":"","meta":[],"product_cat":[54],"product_tag":[83,73,85],"class_list":{"0":"post-4695","1":"product","2":"type-product","3":"status-publish","4":"has-post-thumbnail","6":"product_cat-thermal-carafe-wholesale","7":"product_tag-wholesale-800ml-thermos-carafe","8":"product_tag-wholesale-1200ml-thermos-carafe","9":"product_tag-wholesale-stainless-steel-liner-thermos-carafe","11":"first","12":"instock","13":"shipping-taxable","14":"product-type-simple"},"_links":{"self":[{"href":"https:\/\/moyahousehold.com\/pt\/wp-json\/wp\/v2\/product\/4695","targetHints":{"allow":["GET"]}}],"collection":[{"href":"https:\/\/moyahousehold.com\/pt\/wp-json\/wp\/v2\/product"}],"about":[{"href":"https:\/\/moyahousehold.com\/pt\/wp-json\/wp\/v2\/types\/product"}],"replies":[{"embeddable":true,"href":"https:\/\/moyahousehold.com\/pt\/wp-json\/wp\/v2\/comments?post=4695"}],"version-history":[{"count":2,"href":"https:\/\/moyahousehold.com\/pt\/wp-json\/wp\/v2\/product\/4695\/revisions"}],"predecessor-version":[{"id":13013,"href":"https:\/\/moyahousehold.com\/pt\/wp-json\/wp\/v2\/product\/4695\/revisions\/13013"}],"wp:featuredmedia":[{"embeddable":true,"href":"https:\/\/moyahousehold.com\/pt\/wp-json\/wp\/v2\/media\/7458"}],"wp:attachment":[{"href":"https:\/\/moyahousehold.com\/pt\/wp-json\/wp\/v2\/media?parent=4695"}],"wp:term":[{"taxonomy":"product_cat","embeddable":true,"href":"https:\/\/moyahousehold.com\/pt\/wp-json\/wp\/v2\/product_cat?post=4695"},{"taxonomy":"product_tag","embeddable":true,"href":"https:\/\/moyahousehold.com\/pt\/wp-json\/wp\/v2\/product_tag?post=4695"}],"curies":[{"name":"wp","href":"https:\/\/api.w.org\/{rel}","templated":true}]}}