{"id":4696,"date":"2024-05-14T14:29:10","date_gmt":"2024-05-14T14:29:10","guid":{"rendered":"https:\/\/moyahousehold.com\/?post_type=product&#038;p=4696"},"modified":"2025-04-19T09:52:58","modified_gmt":"2025-04-19T09:52:58","slug":"wholesale-japanese-style-thermos-carafe","status":"publish","type":"product","link":"https:\/\/moyahousehold.com\/pt\/produto\/wholesale-japanese-style-thermos-carafe\/","title":{"rendered":"Garrafa t\u00e9rmica de estilo japon\u00eas de 1.2L por atacado, Garrafa t\u00e9rmica de caf\u00e9 a granel para venda"},"content":{"rendered":"<div class=\"wp-block-columns is-layout-flex wp-container-core-columns-is-layout-9d6595d7 wp-block-columns-is-layout-flex\">\n<div class=\"wp-block-column is-layout-flow wp-block-column-is-layout-flow\">\n<h3 class=\"wp-block-heading\">Par\u00e2metros do Garraf\u00e3o t\u00e9rmico com pega de madeira <\/h3>\n\n\n\n<p><strong>N\u00famero do modelo:<\/strong> MY0880<br><strong>Material:<\/strong> borossilicato +PP + s\u00edlica gel + praia<br><strong>Peso bruto:<\/strong> 1kg<br><strong>Dimens\u00e3o:<\/strong> 204x130x212mm<br><strong>Cor: <\/strong>bege\/caqui\/branco\/preto\/cinzento claro<br><strong>Sem BPA<\/strong><\/p>\n<\/div>\n\n\n\n<div class=\"wp-block-column is-layout-flow wp-block-column-is-layout-flow\">\n<h3 class=\"wp-block-heading\">Op\u00e7\u00f5es de garrafas t\u00e9rmicas personalizadas<\/h3>\n\n\n\n<p><strong>Tampas:<\/strong> tampa de press\u00e3o em a\u00e7o inoxid\u00e1vel.<br><strong>Log\u00f3tipo: <\/strong>personalizar o log\u00f3tipo da sua marca no produto e na embalagem.<br><strong>Op\u00e7\u00f5es de log\u00f3tipo:<\/strong> log\u00f3tipo impresso, log\u00f3tipo gravado a laser, etc.<br><strong>Padr\u00e3o:<\/strong> padr\u00f5es de impress\u00e3o no jarro t\u00e9rmico.<br><strong>Tecnologia de impress\u00e3o:<\/strong> impress\u00e3o por transfer\u00eancia de \u00e1gua, impress\u00e3o por serigrafia, impress\u00e3o por transfer\u00eancia de calor, transfer\u00eancia por sublima\u00e7\u00e3o, etc.<br><strong>Embalagem:<\/strong> caixa de cor<br><a href=\"https:\/\/moyahousehold.com\/pt\/solucao-personalizada\/\" target=\"_blank\" rel=\"noreferrer noopener\"><strong>Saiba mais sobre as solu\u00e7\u00f5es personalizadas de garrafas t\u00e9rmicas<\/strong><\/a><\/p>\n\n\n\n<p><br><\/p>\n<\/div>\n<\/div>\n\n\n\n<div class=\"wp-block-columns is-layout-flex wp-container-core-columns-is-layout-9d6595d7 wp-block-columns-is-layout-flex\">\n<div class=\"wp-block-column is-layout-flow wp-block-column-is-layout-flow\">\n<figure class=\"wp-block-image size-full\"><img fetchpriority=\"high\" decoding=\"async\" width=\"523\" height=\"523\" src=\"https:\/\/moyahousehold.com\/wp-content\/uploads\/2024\/05\/Exquisite-Thermos-Carafe-Display-3.webp\" alt=\"Expositor de garrafa t\u00e9rmica requintado (3)\" class=\"wp-image-9934\" srcset=\"https:\/\/moyahousehold.com\/wp-content\/uploads\/2024\/05\/Exquisite-Thermos-Carafe-Display-3.webp 523w, https:\/\/moyahousehold.com\/wp-content\/uploads\/2024\/05\/Exquisite-Thermos-Carafe-Display-3-300x300.webp 300w, https:\/\/moyahousehold.com\/wp-content\/uploads\/2024\/05\/Exquisite-Thermos-Carafe-Display-3-150x150.webp 150w, https:\/\/moyahousehold.com\/wp-content\/uploads\/2024\/05\/Exquisite-Thermos-Carafe-Display-3-12x12.webp 12w, https:\/\/moyahousehold.com\/wp-content\/uploads\/2024\/05\/Exquisite-Thermos-Carafe-Display-3-285x285.webp 285w, https:\/\/moyahousehold.com\/wp-content\/uploads\/2024\/05\/Exquisite-Thermos-Carafe-Display-3-270x270.webp 270w\" sizes=\"(max-width: 523px) 100vw, 523px\" \/><\/figure>\n<\/div>\n\n\n\n<div class=\"wp-block-column is-layout-flow wp-block-column-is-layout-flow\">\n<figure class=\"wp-block-image size-full\"><img decoding=\"async\" width=\"488\" height=\"488\" src=\"https:\/\/moyahousehold.com\/wp-content\/uploads\/2024\/05\/Exquisite-Thermos-Carafe-Display-4.webp\" alt=\"Expositor de garrafa t\u00e9rmica requintado (4)\" class=\"wp-image-9935\" srcset=\"https:\/\/moyahousehold.com\/wp-content\/uploads\/2024\/05\/Exquisite-Thermos-Carafe-Display-4.webp 488w, https:\/\/moyahousehold.com\/wp-content\/uploads\/2024\/05\/Exquisite-Thermos-Carafe-Display-4-300x300.webp 300w, https:\/\/moyahousehold.com\/wp-content\/uploads\/2024\/05\/Exquisite-Thermos-Carafe-Display-4-150x150.webp 150w, https:\/\/moyahousehold.com\/wp-content\/uploads\/2024\/05\/Exquisite-Thermos-Carafe-Display-4-12x12.webp 12w, https:\/\/moyahousehold.com\/wp-content\/uploads\/2024\/05\/Exquisite-Thermos-Carafe-Display-4-285x285.webp 285w, https:\/\/moyahousehold.com\/wp-content\/uploads\/2024\/05\/Exquisite-Thermos-Carafe-Display-4-270x270.webp 270w\" sizes=\"(max-width: 488px) 100vw, 488px\" \/><\/figure>\n<\/div>\n<\/div>","protected":false},"excerpt":{"rendered":"<p>Garrafa t\u00e9rmica de estilo japon\u00eas por atacado, com um aspeto simples e bonito, combinada com uma elegante pega de madeira isolada, adequada para todos os tipos de estilos de casa. Os materiais de revestimento de alta qualidade permitem-lhe manter as coisas quentes e frias durante muito tempo. Adequado para restaurantes, hot\u00e9is e uso dom\u00e9stico. Suporte OEM e ODM. Bem-vindo a contactar-nos para um or\u00e7amento.<\/p>\n<h3>Carater\u00edsticas e vantagens do termo de caf\u00e9 Customizbale<\/h3>\n<div>\n<p><strong>Design \u00fanico:<\/strong> Este jarro t\u00e9rmico combina um estilo moderno e minimalista com elementos naturais, e a pega de madeira acrescenta uma sensa\u00e7\u00e3o de calor, que \u00e9 simultaneamente pr\u00e1tica e bonita.<\/p>\n<p><strong>Design c\u00f3modo para a sa\u00edda de \u00e1gua:<\/strong> O jarro t\u00e9rmico adopta um design de interrutor de um toque, que \u00e9 pr\u00e1tico e r\u00e1pido para verter \u00e1gua, evita o transbordo e torna a experi\u00eancia de utiliza\u00e7\u00e3o mais confort\u00e1vel.<\/p>\n<p><strong>Pega humanizada:<\/strong> O cabo de madeira n\u00e3o \u00e9 apenas bonito, mas tamb\u00e9m proporciona uma boa ader\u00eancia, o que \u00e9 mais confort\u00e1vel quando utilizado e evita que escorregue.<\/p>\n<p><strong>Polivalente:<\/strong> Este jarro t\u00e9rmico \u00e9 adequado para conter uma variedade de bebidas, como \u00e1gua, ch\u00e1, sumo, etc., para satisfazer uma variedade de estilos de vida. O fundo pode ser removido para retirar o dep\u00f3sito interior para facilitar a limpeza.<\/p>\n<p><strong>Design amov\u00edvel:<\/strong> A tampa pode ser desmontada em tr\u00eas partes para limpeza e n\u00e3o esconde a sujidade.<\/p>\n<\/div>\n<p><a href=\"https:\/\/moyahousehold.com\/pt\/wholesale-japanese-style-thermos-coffee-carafe-series\/\" target=\"_blank\" rel=\"noopener\"><strong>Saiba mais sobre o jarro de caf\u00e9 t\u00e9rmico de estilo japon\u00eas.<\/strong><\/a><\/p>","protected":false},"featured_media":9943,"comment_status":"closed","ping_status":"closed","template":"","meta":[],"product_cat":[54],"product_tag":[73,85],"class_list":{"0":"post-4696","1":"product","2":"type-product","3":"status-publish","4":"has-post-thumbnail","6":"product_cat-thermal-carafe-wholesale","7":"product_tag-wholesale-1200ml-thermos-carafe","8":"product_tag-wholesale-stainless-steel-liner-thermos-carafe","10":"first","11":"instock","12":"shipping-taxable","13":"product-type-simple"},"_links":{"self":[{"href":"https:\/\/moyahousehold.com\/pt\/wp-json\/wp\/v2\/product\/4696","targetHints":{"allow":["GET"]}}],"collection":[{"href":"https:\/\/moyahousehold.com\/pt\/wp-json\/wp\/v2\/product"}],"about":[{"href":"https:\/\/moyahousehold.com\/pt\/wp-json\/wp\/v2\/types\/product"}],"replies":[{"embeddable":true,"href":"https:\/\/moyahousehold.com\/pt\/wp-json\/wp\/v2\/comments?post=4696"}],"version-history":[{"count":0,"href":"https:\/\/moyahousehold.com\/pt\/wp-json\/wp\/v2\/product\/4696\/revisions"}],"wp:featuredmedia":[{"embeddable":true,"href":"https:\/\/moyahousehold.com\/pt\/wp-json\/wp\/v2\/media\/9943"}],"wp:attachment":[{"href":"https:\/\/moyahousehold.com\/pt\/wp-json\/wp\/v2\/media?parent=4696"}],"wp:term":[{"taxonomy":"product_cat","embeddable":true,"href":"https:\/\/moyahousehold.com\/pt\/wp-json\/wp\/v2\/product_cat?post=4696"},{"taxonomy":"product_tag","embeddable":true,"href":"https:\/\/moyahousehold.com\/pt\/wp-json\/wp\/v2\/product_tag?post=4696"}],"curies":[{"name":"wp","href":"https:\/\/api.w.org\/{rel}","templated":true}]}}