{"id":4720,"date":"2024-05-14T15:52:22","date_gmt":"2024-05-14T15:52:22","guid":{"rendered":"https:\/\/moyahousehold.com\/?post_type=product&#038;p=4720"},"modified":"2026-04-13T10:07:05","modified_gmt":"2026-04-13T10:07:05","slug":"wholesale-minimalist-style-insulated-kettle","status":"publish","type":"product","link":"https:\/\/moyahousehold.com\/pt\/produto\/wholesale-minimalist-style-insulated-kettle\/","title":{"rendered":"Wholesale Korean Style Insulated Kettle 1.2L, Bulk Stylish Thermal Carafe, Support OEM &amp; ODM"},"content":{"rendered":"<figure class=\"wp-block-image size-full\"><img fetchpriority=\"high\" decoding=\"async\" width=\"5961\" height=\"3355\" src=\"https:\/\/moyahousehold.com\/wp-content\/uploads\/2024\/05\/JS-\u97e9\u5f0f\u58f6\u5927\u5408\u7167-1.jpg\" alt=\"MOYA Korean Thermal Carafe with Wooden Handle \u2013 Double Wall Stainless Steel, Ideal for Hot Beverages\" class=\"wp-image-13014\" srcset=\"https:\/\/moyahousehold.com\/wp-content\/uploads\/2024\/05\/JS-\u97e9\u5f0f\u58f6\u5927\u5408\u7167-1.jpg 5961w, https:\/\/moyahousehold.com\/wp-content\/uploads\/2024\/05\/JS-\u97e9\u5f0f\u58f6\u5927\u5408\u7167-1-300x169.jpg 300w, https:\/\/moyahousehold.com\/wp-content\/uploads\/2024\/05\/JS-\u97e9\u5f0f\u58f6\u5927\u5408\u7167-1-768x432.jpg 768w, https:\/\/moyahousehold.com\/wp-content\/uploads\/2024\/05\/JS-\u97e9\u5f0f\u58f6\u5927\u5408\u7167-1-18x10.jpg 18w, https:\/\/moyahousehold.com\/wp-content\/uploads\/2024\/05\/JS-\u97e9\u5f0f\u58f6\u5927\u5408\u7167-1-285x160.jpg 285w, https:\/\/moyahousehold.com\/wp-content\/uploads\/2024\/05\/JS-\u97e9\u5f0f\u58f6\u5927\u5408\u7167-1-1600x901.jpg 1600w, https:\/\/moyahousehold.com\/wp-content\/uploads\/2024\/05\/JS-\u97e9\u5f0f\u58f6\u5927\u5408\u7167-1-660x371.jpg 660w, https:\/\/moyahousehold.com\/wp-content\/uploads\/2024\/05\/JS-\u97e9\u5f0f\u58f6\u5927\u5408\u7167-1-150x84.jpg 150w\" sizes=\"(max-width: 5961px) 100vw, 5961px\" \/><\/figure>\n\n\n\n<h3 class=\"wp-block-heading\">Par\u00e2metros da chaleira isolada por atacado<\/h3>\n\n\n\n<figure class=\"wp-block-table\"><table class=\"has-fixed-layout\"><tbody><tr><td><strong>Item<\/strong><\/td><td><strong>Material<\/strong><\/td><td><strong>Cor<\/strong><\/td><td><strong>Capacidade<\/strong><\/td><td><strong>Dimens\u00e3o<\/strong><\/td><td><strong>G.W.\/PCS<\/strong><\/td><\/tr><tr><td>MY0897<\/td><td>Borosilicate +PP + Silica Gel + Beech<\/td><td>Black\/Dark Gery\/Pink\/White\/Mint Green\/Chinese Red<\/td><td>1.2L<\/td><td>19.1*10.3*24cm<\/td><td>0.8<\/td><\/tr><\/tbody><\/table><\/figure>\n\n\n\n<div class=\"wp-block-columns is-layout-flex wp-container-core-columns-is-layout-9d6595d7 wp-block-columns-is-layout-flex\">\n<div class=\"wp-block-column is-layout-flow wp-block-column-is-layout-flow\">\n<h3 class=\"wp-block-heading\">Op\u00e7\u00f5es de chaleira de \u00e1gua isolada personalizada<\/h3>\n\n\n\n<p><strong>Tampas:<\/strong> Stainless steel pressure lid.<br><strong>Log\u00f3tipo:<\/strong> Personalize o log\u00f3tipo da sua marca no produto e na embalagem.<br><strong>Logo Options:<\/strong> Printed logo, laser engraved logo, etc.<br><strong>Padr\u00e3o:<\/strong> Printing patterns on thermos carafe.<br><strong>Printing Technology:<\/strong> Water transfer printing, silk screen printing, heat transfer printing, sublimation transfer, etc.<br><strong>Embalagem: <\/strong>Color box<br><a href=\"https:\/\/moyahousehold.com\/pt\/solucao-personalizada\/\"><strong>Saiba mais sobre o servi\u00e7o de chaleira com isolamento personalizado<\/strong><\/a><\/p>\n<\/div>\n<\/div>\n\n\n\n<div class=\"wp-block-columns is-layout-flex wp-container-core-columns-is-layout-9d6595d7 wp-block-columns-is-layout-flex\">\n<div class=\"wp-block-column is-layout-flow wp-block-column-is-layout-flow\">\n<figure class=\"wp-block-image size-full\"><img decoding=\"async\" width=\"4022\" height=\"4022\" src=\"https:\/\/moyahousehold.com\/wp-content\/uploads\/2024\/05\/wholesale-insulated-kettle-2.webp\" alt=\"chaleira isolada por atacado (2)\" class=\"wp-image-10018\" srcset=\"https:\/\/moyahousehold.com\/wp-content\/uploads\/2024\/05\/wholesale-insulated-kettle-2.webp 4022w, https:\/\/moyahousehold.com\/wp-content\/uploads\/2024\/05\/wholesale-insulated-kettle-2-300x300.webp 300w, https:\/\/moyahousehold.com\/wp-content\/uploads\/2024\/05\/wholesale-insulated-kettle-2-150x150.webp 150w, https:\/\/moyahousehold.com\/wp-content\/uploads\/2024\/05\/wholesale-insulated-kettle-2-768x768.webp 768w, https:\/\/moyahousehold.com\/wp-content\/uploads\/2024\/05\/wholesale-insulated-kettle-2-12x12.webp 12w, https:\/\/moyahousehold.com\/wp-content\/uploads\/2024\/05\/wholesale-insulated-kettle-2-285x285.webp 285w, https:\/\/moyahousehold.com\/wp-content\/uploads\/2024\/05\/wholesale-insulated-kettle-2-1600x1600.webp 1600w, https:\/\/moyahousehold.com\/wp-content\/uploads\/2024\/05\/wholesale-insulated-kettle-2-270x270.webp 270w, https:\/\/moyahousehold.com\/wp-content\/uploads\/2024\/05\/wholesale-insulated-kettle-2-540x540.webp 540w, https:\/\/moyahousehold.com\/wp-content\/uploads\/2024\/05\/wholesale-insulated-kettle-2-660x660.webp 660w\" sizes=\"(max-width: 4022px) 100vw, 4022px\" \/><\/figure>\n<\/div>\n\n\n\n<div class=\"wp-block-column is-layout-flow wp-block-column-is-layout-flow\">\n<figure class=\"wp-block-image size-full\"><img decoding=\"async\" width=\"4074\" height=\"4074\" src=\"https:\/\/moyahousehold.com\/wp-content\/uploads\/2024\/05\/JS-\u97e9\u5f0f\u58f6-15.jpg\" alt=\"MOYA Korean Thermal Carafe with Wooden Handle \u2013 Double Wall Stainless Steel, Ideal for Hot Beverages\" class=\"wp-image-13015\" srcset=\"https:\/\/moyahousehold.com\/wp-content\/uploads\/2024\/05\/JS-\u97e9\u5f0f\u58f6-15.jpg 4074w, https:\/\/moyahousehold.com\/wp-content\/uploads\/2024\/05\/JS-\u97e9\u5f0f\u58f6-15-300x300.jpg 300w, https:\/\/moyahousehold.com\/wp-content\/uploads\/2024\/05\/JS-\u97e9\u5f0f\u58f6-15-150x150.jpg 150w, https:\/\/moyahousehold.com\/wp-content\/uploads\/2024\/05\/JS-\u97e9\u5f0f\u58f6-15-768x768.jpg 768w, https:\/\/moyahousehold.com\/wp-content\/uploads\/2024\/05\/JS-\u97e9\u5f0f\u58f6-15-12x12.jpg 12w, https:\/\/moyahousehold.com\/wp-content\/uploads\/2024\/05\/JS-\u97e9\u5f0f\u58f6-15-285x285.jpg 285w, https:\/\/moyahousehold.com\/wp-content\/uploads\/2024\/05\/JS-\u97e9\u5f0f\u58f6-15-1600x1600.jpg 1600w, https:\/\/moyahousehold.com\/wp-content\/uploads\/2024\/05\/JS-\u97e9\u5f0f\u58f6-15-270x270.jpg 270w, https:\/\/moyahousehold.com\/wp-content\/uploads\/2024\/05\/JS-\u97e9\u5f0f\u58f6-15-540x540.jpg 540w, https:\/\/moyahousehold.com\/wp-content\/uploads\/2024\/05\/JS-\u97e9\u5f0f\u58f6-15-660x660.jpg 660w\" sizes=\"(max-width: 4074px) 100vw, 4074px\" \/><\/figure>\n<\/div>\n<\/div>\n\n\n\n<div class=\"wp-block-columns is-layout-flex wp-container-core-columns-is-layout-9d6595d7 wp-block-columns-is-layout-flex\">\n<div class=\"wp-block-column is-layout-flow wp-block-column-is-layout-flow\">\n<figure class=\"wp-block-image size-full\"><img loading=\"lazy\" decoding=\"async\" width=\"2240\" height=\"2240\" src=\"https:\/\/moyahousehold.com\/wp-content\/uploads\/2024\/05\/\u97e9\u5f0f\u4fdd\u6e29\u58f6-6-2.jpg\" alt=\"MOYA Korean Thermal Carafe with Wooden Handle \u2013 Double Wall Stainless Steel, Ideal for Hot Beverages\" class=\"wp-image-13016\" srcset=\"https:\/\/moyahousehold.com\/wp-content\/uploads\/2024\/05\/\u97e9\u5f0f\u4fdd\u6e29\u58f6-6-2.jpg 2240w, https:\/\/moyahousehold.com\/wp-content\/uploads\/2024\/05\/\u97e9\u5f0f\u4fdd\u6e29\u58f6-6-2-300x300.jpg 300w, https:\/\/moyahousehold.com\/wp-content\/uploads\/2024\/05\/\u97e9\u5f0f\u4fdd\u6e29\u58f6-6-2-150x150.jpg 150w, https:\/\/moyahousehold.com\/wp-content\/uploads\/2024\/05\/\u97e9\u5f0f\u4fdd\u6e29\u58f6-6-2-768x768.jpg 768w, https:\/\/moyahousehold.com\/wp-content\/uploads\/2024\/05\/\u97e9\u5f0f\u4fdd\u6e29\u58f6-6-2-12x12.jpg 12w, https:\/\/moyahousehold.com\/wp-content\/uploads\/2024\/05\/\u97e9\u5f0f\u4fdd\u6e29\u58f6-6-2-285x285.jpg 285w, https:\/\/moyahousehold.com\/wp-content\/uploads\/2024\/05\/\u97e9\u5f0f\u4fdd\u6e29\u58f6-6-2-1600x1600.jpg 1600w, https:\/\/moyahousehold.com\/wp-content\/uploads\/2024\/05\/\u97e9\u5f0f\u4fdd\u6e29\u58f6-6-2-270x270.jpg 270w, https:\/\/moyahousehold.com\/wp-content\/uploads\/2024\/05\/\u97e9\u5f0f\u4fdd\u6e29\u58f6-6-2-540x540.jpg 540w, https:\/\/moyahousehold.com\/wp-content\/uploads\/2024\/05\/\u97e9\u5f0f\u4fdd\u6e29\u58f6-6-2-660x660.jpg 660w\" sizes=\"(max-width: 2240px) 100vw, 2240px\" \/><\/figure>\n<\/div>\n\n\n\n<div class=\"wp-block-column is-layout-flow wp-block-column-is-layout-flow\">\n<figure class=\"wp-block-image size-full\"><img loading=\"lazy\" decoding=\"async\" width=\"3716\" height=\"3716\" src=\"https:\/\/moyahousehold.com\/wp-content\/uploads\/2024\/05\/JS-\u97e9\u5f0f\u58f6-8.jpg\" alt=\"MOYA Korean Thermal Carafe with Wooden Handle \u2013 Double Wall Stainless Steel, Ideal for Hot Beverages\" class=\"wp-image-13017\" srcset=\"https:\/\/moyahousehold.com\/wp-content\/uploads\/2024\/05\/JS-\u97e9\u5f0f\u58f6-8.jpg 3716w, https:\/\/moyahousehold.com\/wp-content\/uploads\/2024\/05\/JS-\u97e9\u5f0f\u58f6-8-300x300.jpg 300w, https:\/\/moyahousehold.com\/wp-content\/uploads\/2024\/05\/JS-\u97e9\u5f0f\u58f6-8-150x150.jpg 150w, https:\/\/moyahousehold.com\/wp-content\/uploads\/2024\/05\/JS-\u97e9\u5f0f\u58f6-8-768x768.jpg 768w, https:\/\/moyahousehold.com\/wp-content\/uploads\/2024\/05\/JS-\u97e9\u5f0f\u58f6-8-12x12.jpg 12w, https:\/\/moyahousehold.com\/wp-content\/uploads\/2024\/05\/JS-\u97e9\u5f0f\u58f6-8-285x285.jpg 285w, https:\/\/moyahousehold.com\/wp-content\/uploads\/2024\/05\/JS-\u97e9\u5f0f\u58f6-8-1600x1600.jpg 1600w, https:\/\/moyahousehold.com\/wp-content\/uploads\/2024\/05\/JS-\u97e9\u5f0f\u58f6-8-270x270.jpg 270w, https:\/\/moyahousehold.com\/wp-content\/uploads\/2024\/05\/JS-\u97e9\u5f0f\u58f6-8-540x540.jpg 540w, https:\/\/moyahousehold.com\/wp-content\/uploads\/2024\/05\/JS-\u97e9\u5f0f\u58f6-8-660x660.jpg 660w\" sizes=\"(max-width: 3716px) 100vw, 3716px\" \/><\/figure>\n<\/div>\n<\/div>","protected":false},"excerpt":{"rendered":"<p>Chaleira com isolamento t\u00e9rmico minimalista por grosso. A nossa chaleira com isolamento possui um interior em a\u00e7o inoxid\u00e1vel que mant\u00e9m as suas bebidas quentes durante 24 horas. Inclui tamb\u00e9m uma pega de madeira para facilitar a utiliza\u00e7\u00e3o. \u00c9 a escolha ideal para as suas necessidades de bebidas quentes em casa ou em viagem. Contacte-nos para um or\u00e7amento.<\/p>\n<h3>Carater\u00edsticas e vantagens da chaleira isolada de estilo minimalista<\/h3>\n<div>\n<p><strong>Capacity Options:<\/strong> Esta chaleira isolada de estilo minimalista est\u00e1 dispon\u00edvel nas capacidades de 0,8 L e 1,2 L para se adaptar a diferentes necessidades.<\/p>\n<p><strong>Wooden Handle:<\/strong> Esta chaleira com isolamento t\u00e9rmico est\u00e1 equipada com uma pega de madeira, que \u00e9 confort\u00e1vel de segurar e pode ser facilmente acionada com uma m\u00e3o.<\/p>\n<p><strong>Easy Water f<\/strong>Illing: This insulated kettle is equipped with a well-designed lid, which can be filled with water with a simple twist and is also very easy to clean.<\/p>\n<p><strong>Press Design:<\/strong> A tampa desta chaleira com isolamento adopta um design de press\u00e3o de um bot\u00e3o, o que torna o despejo de \u00e1gua suave e f\u00e1cil de utilizar. <\/p>\n<p><strong>Servi\u00e7o grossista:<\/strong> N\u00f3s fornecemos chaleira isolada por atacado a pre\u00e7os de f\u00e1brica e fornecemos suporte de amostra. <\/p>\n<p><strong>Customized Solutions:<\/strong> Fornecemos solu\u00e7\u00f5es de chaleira isolada personalizadas OEM e ODM para criar a sua pr\u00f3pria chaleira isolada de marca. <\/p>\n<\/div>","protected":false},"featured_media":10020,"comment_status":"closed","ping_status":"closed","template":"","meta":[],"product_cat":[54],"product_tag":[83,73,85],"class_list":{"0":"post-4720","1":"product","2":"type-product","3":"status-publish","4":"has-post-thumbnail","6":"product_cat-thermal-carafe-wholesale","7":"product_tag-wholesale-800ml-thermos-carafe","8":"product_tag-wholesale-1200ml-thermos-carafe","9":"product_tag-wholesale-stainless-steel-liner-thermos-carafe","11":"first","12":"instock","13":"shipping-taxable","14":"product-type-simple"},"_links":{"self":[{"href":"https:\/\/moyahousehold.com\/pt\/wp-json\/wp\/v2\/product\/4720","targetHints":{"allow":["GET"]}}],"collection":[{"href":"https:\/\/moyahousehold.com\/pt\/wp-json\/wp\/v2\/product"}],"about":[{"href":"https:\/\/moyahousehold.com\/pt\/wp-json\/wp\/v2\/types\/product"}],"replies":[{"embeddable":true,"href":"https:\/\/moyahousehold.com\/pt\/wp-json\/wp\/v2\/comments?post=4720"}],"version-history":[{"count":2,"href":"https:\/\/moyahousehold.com\/pt\/wp-json\/wp\/v2\/product\/4720\/revisions"}],"predecessor-version":[{"id":13019,"href":"https:\/\/moyahousehold.com\/pt\/wp-json\/wp\/v2\/product\/4720\/revisions\/13019"}],"wp:featuredmedia":[{"embeddable":true,"href":"https:\/\/moyahousehold.com\/pt\/wp-json\/wp\/v2\/media\/10020"}],"wp:attachment":[{"href":"https:\/\/moyahousehold.com\/pt\/wp-json\/wp\/v2\/media?parent=4720"}],"wp:term":[{"taxonomy":"product_cat","embeddable":true,"href":"https:\/\/moyahousehold.com\/pt\/wp-json\/wp\/v2\/product_cat?post=4720"},{"taxonomy":"product_tag","embeddable":true,"href":"https:\/\/moyahousehold.com\/pt\/wp-json\/wp\/v2\/product_tag?post=4720"}],"curies":[{"name":"wp","href":"https:\/\/api.w.org\/{rel}","templated":true}]}}