{"id":4762,"date":"2024-05-17T08:20:47","date_gmt":"2024-05-17T08:20:47","guid":{"rendered":"https:\/\/moyahousehold.com\/?post_type=product&#038;p=4762"},"modified":"2024-08-07T02:23:27","modified_gmt":"2024-08-07T02:23:27","slug":"wholesale-custom-mixing-bowls","status":"publish","type":"product","link":"https:\/\/moyahousehold.com\/pt\/produto\/tacas-misturadoras-personalizadas-por-atacado\/","title":{"rendered":"Conjunto de ta\u00e7as misturadoras de cozinha Nice em a\u00e7o inoxid\u00e1vel com 3 pe\u00e7as"},"content":{"rendered":"<div class=\"wp-block-columns is-layout-flex wp-container-core-columns-is-layout-9d6595d7 wp-block-columns-is-layout-flex\">\n<div class=\"wp-block-column is-layout-flow wp-block-column-is-layout-flow\">\n<h2 class=\"wp-block-heading\">Dimens\u00f5es das ta\u00e7as misturadoras de cozinha em a\u00e7o inoxid\u00e1vel <\/h2>\n\n\n\n<figure class=\"wp-block-table\"><table class=\"has-fixed-layout\"><tbody><tr><td>N\u00famero do modelo<\/td><td>Material<\/td><td>Cor<\/td><td>Capacidade<\/td><td>Tamanho do produto\/cm<\/td><td>Tamanho da caixa exterior\/cm<\/td><td>N.W.\/kg<\/td><td>Peso bruto\/kg\/por caixa<\/td><\/tr><tr><td>MYQH004<\/td><td rowspan=\"3\">201<\/td><td rowspan=\"3\">Rosa\/branco\/amarelo\/roxo\/azul<\/td><td>20CM<\/td><td>21*21*9.8<\/td><td>43*22*39<\/td><td>0.24<\/td><td>14.4<\/td><\/tr><tr><td>MYQH005<\/td><td>24CM<\/td><td>25.2*25.2*10.6<\/td><td>51*26*50<\/td><td>0.25<\/td><td>12<\/td><\/tr><tr><td>MYQH006<\/td><td>28CM<\/td><td>28.9*28.9*11.8<\/td><td>59*30*55<\/td><td>0.45<\/td><td>11.6<\/td><\/tr><\/tbody><\/table><\/figure>\n\n\n\n<h2 class=\"wp-block-heading\" style=\"font-size:25px\">Op\u00e7\u00f5es de ta\u00e7as misturadoras de cozinha personalizadas<\/h2>\n\n\n\n<p><strong>Log\u00f3tipo<\/strong>: personalizar o log\u00f3tipo da sua marca no produto e na embalagem.<br><strong>Op\u00e7\u00f5es de log\u00f3tipo:<\/strong> log\u00f3tipo impresso, log\u00f3tipo gravado a laser, etc.<br><strong>Padr\u00e3o<\/strong>: Padr\u00f5es de impress\u00e3o.<br><strong>Tecnologia de impress\u00e3o<\/strong>: impress\u00e3o por transfer\u00eancia de \u00e1gua, serigrafia, impress\u00e3o por transfer\u00eancia de calor, etc.<br><strong>Embalagem<\/strong>:caixa de cor.<br><a href=\"https:\/\/moyahousehold.com\/pt\/solucao-personalizada\/\" target=\"_blank\" rel=\"noreferrer noopener\"><strong>Explorar mais personaliza\u00e7\u00e3o<\/strong><\/a><\/p>\n<\/div>\n<\/div>\n\n\n\n<div class=\"wp-block-columns is-layout-flex wp-container-core-columns-is-layout-9d6595d7 wp-block-columns-is-layout-flex\">\n<div class=\"wp-block-column is-layout-flow wp-block-column-is-layout-flow\">\n<figure class=\"wp-block-image size-full\"><img fetchpriority=\"high\" decoding=\"async\" width=\"785\" height=\"780\" src=\"https:\/\/moyahousehold.com\/wp-content\/uploads\/2024\/05\/wholesale-mixing-bowls-2.webp\" alt=\"ta\u00e7as de mistura personalizadas por atacado\" class=\"wp-image-4785\" srcset=\"https:\/\/moyahousehold.com\/wp-content\/uploads\/2024\/05\/wholesale-mixing-bowls-2.webp 785w, https:\/\/moyahousehold.com\/wp-content\/uploads\/2024\/05\/wholesale-mixing-bowls-2-300x298.webp 300w, https:\/\/moyahousehold.com\/wp-content\/uploads\/2024\/05\/wholesale-mixing-bowls-2-150x150.webp 150w, https:\/\/moyahousehold.com\/wp-content\/uploads\/2024\/05\/wholesale-mixing-bowls-2-768x763.webp 768w, https:\/\/moyahousehold.com\/wp-content\/uploads\/2024\/05\/wholesale-mixing-bowls-2-285x283.webp 285w, https:\/\/moyahousehold.com\/wp-content\/uploads\/2024\/05\/wholesale-mixing-bowls-2-660x656.webp 660w\" sizes=\"(max-width: 785px) 100vw, 785px\" \/><\/figure>\n<\/div>\n\n\n\n<div class=\"wp-block-column is-layout-flow wp-block-column-is-layout-flow\">\n<figure class=\"wp-block-image size-full\"><img decoding=\"async\" width=\"795\" height=\"787\" src=\"https:\/\/moyahousehold.com\/wp-content\/uploads\/2024\/05\/wholesale-mixing-bowls.webp\" alt=\"ta\u00e7as de mistura personalizadas por atacado\" class=\"wp-image-4786\" srcset=\"https:\/\/moyahousehold.com\/wp-content\/uploads\/2024\/05\/wholesale-mixing-bowls.webp 795w, https:\/\/moyahousehold.com\/wp-content\/uploads\/2024\/05\/wholesale-mixing-bowls-300x297.webp 300w, https:\/\/moyahousehold.com\/wp-content\/uploads\/2024\/05\/wholesale-mixing-bowls-768x760.webp 768w, https:\/\/moyahousehold.com\/wp-content\/uploads\/2024\/05\/wholesale-mixing-bowls-285x282.webp 285w, https:\/\/moyahousehold.com\/wp-content\/uploads\/2024\/05\/wholesale-mixing-bowls-660x653.webp 660w, https:\/\/moyahousehold.com\/wp-content\/uploads\/2024\/05\/wholesale-mixing-bowls-150x148.webp 150w\" sizes=\"(max-width: 795px) 100vw, 795px\" \/><\/figure>\n<\/div>\n<\/div>","protected":false},"excerpt":{"rendered":"<p>Estas ta\u00e7as de mistura para cozinha s\u00e3o feitas de a\u00e7o inoxid\u00e1vel 304 de qualidade alimentar, que \u00e9 muito dur\u00e1vel e tem um aspeto colorido e agrad\u00e1vel. S\u00e3o muito apelativas em qualquer cen\u00e1rio. S\u00e3o muito adequadas para utiliza\u00e7\u00e3o em casa, em restaurantes e em festas. O conjunto de ta\u00e7as de mistura para cozinha \u00e9 fornecido em 3 tamanhos, desde bater ovos a misturar saladas, podendo satisfazer as suas necessidades e sendo uma ferramenta eficaz para melhorar a prepara\u00e7\u00e3o das suas refei\u00e7\u00f5es.<\/p>\n<h3>Caracter\u00edsticas e vantagens da ta\u00e7a misturadora<\/h3>\n<p>1. Os nossos produtos s\u00e3o fabricados em a\u00e7o antiferrugem de qualidade alimentar com forte resist\u00eancia \u00e0 corros\u00e3o, o que pode prevenir eficazmente a ferrugem e garantir que podem permanecer brilhantes e novos ap\u00f3s uma utiliza\u00e7\u00e3o a longo prazo.<br \/>2. Os materiais de qualidade alimentar n\u00e3o cont\u00eam subst\u00e2ncias nocivas e n\u00e3o reagem quimicamente com os alimentos, assegurando que cada dentada de comida \u00e9 pura e livre de polui\u00e7\u00e3o, permitindo-lhe a si e \u00e0 sua fam\u00edlia desfrutar de comida saud\u00e1vel e deliciosa.<br \/>3. A superf\u00edcie desta ta\u00e7a misturadora de cozinha em a\u00e7o inoxid\u00e1vel adopta uma tecnologia avan\u00e7ada de escovagem mate, o que melhora muito a beleza do produto e aumenta o conforto da m\u00e3o.<br \/>4. O tratamento mate pode reduzir eficazmente os res\u00edduos de impress\u00f5es digitais e manchas, tornando o produto mais f\u00e1cil de limpar e manter na utiliza\u00e7\u00e3o di\u00e1ria, e mantendo sempre uma apar\u00eancia de alta qualidade.<br \/>5. A parede interior do recipiente de mistura para cozinha tem uma marca de escala para o ajudar a controlar facilmente a quantidade de alimentos. Ajuda os chefes de cozinha e o pessoal de servi\u00e7o a trabalhar de forma mais eficiente, assegura que a quantidade \u00e9 sempre a correta e n\u00e3o desperdi\u00e7a ingredientes.<br \/>6. Este copo misturador de cozinha em a\u00e7o inoxid\u00e1vel tem um design \u00fanico de porta de desvio, que torna o processo de verter mais suave, assegurando que o l\u00edquido pode fluir suavemente sempre que \u00e9 utilizado, e mant\u00e9m efetivamente a cozinha limpa.<br \/>7. como um fabricante de tigela de mistura de cozinha, podemos cutsomize qualquer capacidade para voc\u00ea, entre em contato conosco para nos dizer sua necessidade.<\/p>","protected":false},"featured_media":7885,"comment_status":"open","ping_status":"closed","template":"","meta":[],"product_cat":[55],"product_tag":[],"class_list":{"0":"post-4762","1":"product","2":"type-product","3":"status-publish","4":"has-post-thumbnail","6":"product_cat-salad-bowl-wholesale","8":"first","9":"instock","10":"shipping-taxable","11":"product-type-simple"},"_links":{"self":[{"href":"https:\/\/moyahousehold.com\/pt\/wp-json\/wp\/v2\/product\/4762","targetHints":{"allow":["GET"]}}],"collection":[{"href":"https:\/\/moyahousehold.com\/pt\/wp-json\/wp\/v2\/product"}],"about":[{"href":"https:\/\/moyahousehold.com\/pt\/wp-json\/wp\/v2\/types\/product"}],"replies":[{"embeddable":true,"href":"https:\/\/moyahousehold.com\/pt\/wp-json\/wp\/v2\/comments?post=4762"}],"version-history":[{"count":0,"href":"https:\/\/moyahousehold.com\/pt\/wp-json\/wp\/v2\/product\/4762\/revisions"}],"wp:featuredmedia":[{"embeddable":true,"href":"https:\/\/moyahousehold.com\/pt\/wp-json\/wp\/v2\/media\/7885"}],"wp:attachment":[{"href":"https:\/\/moyahousehold.com\/pt\/wp-json\/wp\/v2\/media?parent=4762"}],"wp:term":[{"taxonomy":"product_cat","embeddable":true,"href":"https:\/\/moyahousehold.com\/pt\/wp-json\/wp\/v2\/product_cat?post=4762"},{"taxonomy":"product_tag","embeddable":true,"href":"https:\/\/moyahousehold.com\/pt\/wp-json\/wp\/v2\/product_tag?post=4762"}],"curies":[{"name":"wp","href":"https:\/\/api.w.org\/{rel}","templated":true}]}}