{"id":4804,"date":"2024-05-17T10:21:26","date_gmt":"2024-05-17T10:21:26","guid":{"rendered":"https:\/\/moyahousehold.com\/?post_type=product&#038;p=4804"},"modified":"2026-04-14T02:17:29","modified_gmt":"2026-04-14T02:17:29","slug":"wholesale-stainless-steel-food-containers-in-bulk","status":"publish","type":"product","link":"https:\/\/moyahousehold.com\/pt\/produto\/wholesale-stainless-steel-food-containers-in-bulk\/","title":{"rendered":"Recipientes de a\u00e7o inoxid\u00e1vel para prepara\u00e7\u00e3o de refei\u00e7\u00f5es a pre\u00e7o de f\u00e1brica por atacado"},"content":{"rendered":"<h3 class=\"wp-block-heading\">Par\u00e2metros dos recipientes para alimentos<\/h3>\n\n\n\n<figure class=\"wp-block-table\"><table class=\"has-fixed-layout\"><tbody><tr><td><strong>Item<\/strong><\/td><td>Material<\/td><td>Cor<\/td><td>Capacidade<\/td><td>Lid Type<\/td><td>Dimension\/CM<\/td><td>PCS\/Caixa<\/td><td>N.W.\/PCS<\/td><\/tr><tr><td>MYJD027<\/td><td rowspan=\"6\">304 + PP<\/td><td rowspan=\"6\">Black lid + Steel body<\/td><td>550ml<\/td><td>Flat Lid<\/td><td>17*12.5*6<\/td><td>120<\/td><td>0.18<\/td><\/tr><tr><td>MYJD028<\/td><td>850ml<\/td><td>Flat Lid<\/td><td>19*14*6.8<\/td><td>96<\/td><td>0.26<\/td><\/tr><tr><td>MYJD029<\/td><td>1800ml<\/td><td>Flat Lid<\/td><td>22.5*17.5*7.8<\/td><td>60<\/td><td>0.39<\/td><\/tr><tr><td>MYJD030<\/td><td>550ml<\/td><td>High Lid<\/td><td>17*12.5*6<\/td><td>120<\/td><td>0.19<\/td><\/tr><tr><td>MYJD031<\/td><td>850ml<\/td><td>High Lid<\/td><td>19*14*7.2<\/td><td>96<\/td><td>0.27<\/td><\/tr><tr><td>MYJD032<\/td><td>1800ml<\/td><td>Tampa preta com pega<\/td><td>22.5*17.5*9<\/td><td>60<\/td><td>0.42<\/td><\/tr><\/tbody><\/table><\/figure>\n\n\n\n<h3 class=\"wp-block-heading\">Op\u00e7\u00f5es de recipientes para alimentos personalizados<\/h3>\n\n\n\n<p><strong>Log\u00f3tipo<\/strong>: Custom your brand logo on product and package.<br><strong>Tampa<\/strong>: PP lid<br><strong>Logo Options<\/strong>: Printed logo, laser engraved logo, etc.<br><strong>Padr\u00e3o<\/strong>: Printing patterns on food storage containers.<br><strong>Printing Technology<\/strong>: Water transfer printing, silk screen printing, heat transfer printing, etc.<br><strong>Embalagem<\/strong>: Caixa de cor<br><a href=\"https:\/\/moyahousehold.com\/pt\/solucao-personalizada\/\" data-type=\"page\" data-id=\"2817\"><strong>Explorar mais personaliza\u00e7\u00e3o<\/strong><\/a><\/p>\n\n\n\n<div class=\"wp-block-columns is-layout-flex wp-container-core-columns-is-layout-9d6595d7 wp-block-columns-is-layout-flex\">\n<div class=\"wp-block-column is-layout-flow wp-block-column-is-layout-flow\">\n<figure class=\"wp-block-image size-full\"><img fetchpriority=\"high\" decoding=\"async\" width=\"3560\" height=\"3560\" src=\"https:\/\/moyahousehold.com\/wp-content\/uploads\/2024\/05\/stainless-steel-meal-prep-containers-detail-1.webp\" alt=\"recipientes de a\u00e7o inoxid\u00e1vel para prepara\u00e7\u00e3o de refei\u00e7\u00f5es pormenor (1)\" class=\"wp-image-7814\" srcset=\"https:\/\/moyahousehold.com\/wp-content\/uploads\/2024\/05\/stainless-steel-meal-prep-containers-detail-1.webp 3560w, https:\/\/moyahousehold.com\/wp-content\/uploads\/2024\/05\/stainless-steel-meal-prep-containers-detail-1-300x300.webp 300w, https:\/\/moyahousehold.com\/wp-content\/uploads\/2024\/05\/stainless-steel-meal-prep-containers-detail-1-150x150.webp 150w, https:\/\/moyahousehold.com\/wp-content\/uploads\/2024\/05\/stainless-steel-meal-prep-containers-detail-1-768x768.webp 768w, https:\/\/moyahousehold.com\/wp-content\/uploads\/2024\/05\/stainless-steel-meal-prep-containers-detail-1-12x12.webp 12w, https:\/\/moyahousehold.com\/wp-content\/uploads\/2024\/05\/stainless-steel-meal-prep-containers-detail-1-285x285.webp 285w, https:\/\/moyahousehold.com\/wp-content\/uploads\/2024\/05\/stainless-steel-meal-prep-containers-detail-1-1600x1600.webp 1600w, https:\/\/moyahousehold.com\/wp-content\/uploads\/2024\/05\/stainless-steel-meal-prep-containers-detail-1-270x270.webp 270w, https:\/\/moyahousehold.com\/wp-content\/uploads\/2024\/05\/stainless-steel-meal-prep-containers-detail-1-540x540.webp 540w, https:\/\/moyahousehold.com\/wp-content\/uploads\/2024\/05\/stainless-steel-meal-prep-containers-detail-1-660x660.webp 660w\" sizes=\"(max-width: 3560px) 100vw, 3560px\" \/><\/figure>\n<\/div>\n\n\n\n<div class=\"wp-block-column is-layout-flow wp-block-column-is-layout-flow\">\n<figure class=\"wp-block-image size-full\"><img decoding=\"async\" width=\"3579\" height=\"3579\" src=\"https:\/\/moyahousehold.com\/wp-content\/uploads\/2024\/05\/stainless-steel-meal-prep-containers-detail-2.webp\" alt=\"recipientes de a\u00e7o inoxid\u00e1vel para prepara\u00e7\u00e3o de refei\u00e7\u00f5es pormenor (2)\" class=\"wp-image-7815\" srcset=\"https:\/\/moyahousehold.com\/wp-content\/uploads\/2024\/05\/stainless-steel-meal-prep-containers-detail-2.webp 3579w, https:\/\/moyahousehold.com\/wp-content\/uploads\/2024\/05\/stainless-steel-meal-prep-containers-detail-2-300x300.webp 300w, https:\/\/moyahousehold.com\/wp-content\/uploads\/2024\/05\/stainless-steel-meal-prep-containers-detail-2-150x150.webp 150w, https:\/\/moyahousehold.com\/wp-content\/uploads\/2024\/05\/stainless-steel-meal-prep-containers-detail-2-768x768.webp 768w, https:\/\/moyahousehold.com\/wp-content\/uploads\/2024\/05\/stainless-steel-meal-prep-containers-detail-2-12x12.webp 12w, https:\/\/moyahousehold.com\/wp-content\/uploads\/2024\/05\/stainless-steel-meal-prep-containers-detail-2-285x285.webp 285w, https:\/\/moyahousehold.com\/wp-content\/uploads\/2024\/05\/stainless-steel-meal-prep-containers-detail-2-1600x1600.webp 1600w, https:\/\/moyahousehold.com\/wp-content\/uploads\/2024\/05\/stainless-steel-meal-prep-containers-detail-2-270x270.webp 270w, https:\/\/moyahousehold.com\/wp-content\/uploads\/2024\/05\/stainless-steel-meal-prep-containers-detail-2-540x540.webp 540w, https:\/\/moyahousehold.com\/wp-content\/uploads\/2024\/05\/stainless-steel-meal-prep-containers-detail-2-660x660.webp 660w\" sizes=\"(max-width: 3579px) 100vw, 3579px\" \/><\/figure>\n<\/div>\n<\/div>\n\n\n\n<div class=\"wp-block-columns is-layout-flex wp-container-core-columns-is-layout-9d6595d7 wp-block-columns-is-layout-flex\">\n<div class=\"wp-block-column is-layout-flow wp-block-column-is-layout-flow\">\n<figure class=\"wp-block-image size-full\"><img decoding=\"async\" width=\"3583\" height=\"5315\" src=\"https:\/\/moyahousehold.com\/wp-content\/uploads\/2024\/05\/JD-220315\u5c0f\u659c\u8fb9\u4fdd\u9c9c\u76d2-31.jpg\" alt=\"MOYA SUS304 Stainless Steel Insulated Food Storage Containers, Leak-Proof Fresh-Keeping Set with Multi Compartments for Camping &amp; Meal Prep\" class=\"wp-image-13026\" srcset=\"https:\/\/moyahousehold.com\/wp-content\/uploads\/2024\/05\/JD-220315\u5c0f\u659c\u8fb9\u4fdd\u9c9c\u76d2-31.jpg 3583w, https:\/\/moyahousehold.com\/wp-content\/uploads\/2024\/05\/JD-220315\u5c0f\u659c\u8fb9\u4fdd\u9c9c\u76d2-31-202x300.jpg 202w, https:\/\/moyahousehold.com\/wp-content\/uploads\/2024\/05\/JD-220315\u5c0f\u659c\u8fb9\u4fdd\u9c9c\u76d2-31-768x1139.jpg 768w, https:\/\/moyahousehold.com\/wp-content\/uploads\/2024\/05\/JD-220315\u5c0f\u659c\u8fb9\u4fdd\u9c9c\u76d2-31-8x12.jpg 8w, https:\/\/moyahousehold.com\/wp-content\/uploads\/2024\/05\/JD-220315\u5c0f\u659c\u8fb9\u4fdd\u9c9c\u76d2-31-285x423.jpg 285w, https:\/\/moyahousehold.com\/wp-content\/uploads\/2024\/05\/JD-220315\u5c0f\u659c\u8fb9\u4fdd\u9c9c\u76d2-31-1600x2373.jpg 1600w, https:\/\/moyahousehold.com\/wp-content\/uploads\/2024\/05\/JD-220315\u5c0f\u659c\u8fb9\u4fdd\u9c9c\u76d2-31-445x660.jpg 445w, https:\/\/moyahousehold.com\/wp-content\/uploads\/2024\/05\/JD-220315\u5c0f\u659c\u8fb9\u4fdd\u9c9c\u76d2-31-101x150.jpg 101w\" sizes=\"(max-width: 3583px) 100vw, 3583px\" \/><\/figure>\n<\/div>\n\n\n\n<div class=\"wp-block-column is-layout-flow wp-block-column-is-layout-flow\">\n<figure class=\"wp-block-image size-full\"><img loading=\"lazy\" decoding=\"async\" width=\"3608\" height=\"5292\" src=\"https:\/\/moyahousehold.com\/wp-content\/uploads\/2024\/05\/JD-220315\u5c0f\u659c\u8fb9\u4fdd\u9c9c\u76d2-32.jpg\" alt=\"MOYA SUS304 Stainless Steel Insulated Food Storage Containers, Leak-Proof Fresh-Keeping Set with Multi Compartments for Camping &amp; Meal Prep\" class=\"wp-image-13028\" srcset=\"https:\/\/moyahousehold.com\/wp-content\/uploads\/2024\/05\/JD-220315\u5c0f\u659c\u8fb9\u4fdd\u9c9c\u76d2-32.jpg 3608w, https:\/\/moyahousehold.com\/wp-content\/uploads\/2024\/05\/JD-220315\u5c0f\u659c\u8fb9\u4fdd\u9c9c\u76d2-32-205x300.jpg 205w, https:\/\/moyahousehold.com\/wp-content\/uploads\/2024\/05\/JD-220315\u5c0f\u659c\u8fb9\u4fdd\u9c9c\u76d2-32-768x1126.jpg 768w, https:\/\/moyahousehold.com\/wp-content\/uploads\/2024\/05\/JD-220315\u5c0f\u659c\u8fb9\u4fdd\u9c9c\u76d2-32-8x12.jpg 8w, https:\/\/moyahousehold.com\/wp-content\/uploads\/2024\/05\/JD-220315\u5c0f\u659c\u8fb9\u4fdd\u9c9c\u76d2-32-285x418.jpg 285w, https:\/\/moyahousehold.com\/wp-content\/uploads\/2024\/05\/JD-220315\u5c0f\u659c\u8fb9\u4fdd\u9c9c\u76d2-32-1600x2347.jpg 1600w, https:\/\/moyahousehold.com\/wp-content\/uploads\/2024\/05\/JD-220315\u5c0f\u659c\u8fb9\u4fdd\u9c9c\u76d2-32-450x660.jpg 450w, https:\/\/moyahousehold.com\/wp-content\/uploads\/2024\/05\/JD-220315\u5c0f\u659c\u8fb9\u4fdd\u9c9c\u76d2-32-102x150.jpg 102w\" sizes=\"(max-width: 3608px) 100vw, 3608px\" \/><\/figure>\n<\/div>\n<\/div>","protected":false},"excerpt":{"rendered":"<p>Os nossos recipientes de a\u00e7o inoxid\u00e1vel para prepara\u00e7\u00e3o de refei\u00e7\u00f5es t\u00eam um excelente desempenho de veda\u00e7\u00e3o e podem efetivamente manter os alimentos frescos. Os recipientes s\u00e3o mais leves, o que \u00e9 muito conveniente para transportar ou armazenar alimentos em casa. S\u00e3o feitos de a\u00e7o inoxid\u00e1vel seguro de qualidade alimentar, dur\u00e1vel, amigo do ambiente e n\u00e3o t\u00f3xico, e podem ser reutilizados. A vida \u00fatil m\u00e9dia \u00e9 superior a 20 anos, ajudando a reduzir a produ\u00e7\u00e3o de res\u00edduos descart\u00e1veis e a proteger o ambiente terrestre.<\/p>\n<h3>Carater\u00edsticas e vantagens dos recipientes para alimentos em a\u00e7o inoxid\u00e1vel por grosso<\/h3>\n<h3><strong>Food-Grade 304 Stainless Steel<\/strong><\/h3>\n<p>Stainless steel meal prep containers are made of food-grade 304 stainless steel, which is not easy to breed bacteria and is safer to use.<\/p>\n<p><strong>Wide Seal, Leak Proof<\/strong><\/p>\n<p>This stainless steel meal prep container has a widened sealing silicone ring, which fits tightly and is leak-proof and moisture-proof in all directions.<\/p>\n<h3><strong>Warp-Resistant Lid, Easy Open<\/strong><\/h3>\n<p>It is equipped with a thickened lid that is not easy to deform, with breathable buttons and small ears on the edge, which is easy to open and close the lid.<\/p>\n<p><strong><a href=\"https:\/\/moyahousehold.com\/pt\/solucao-personalizada\/\">Fornecemos solu\u00e7\u00f5es de contentores alimentares personalizados OEM&amp;ODM.\u00a0<\/a><\/strong><\/p>","protected":false},"featured_media":7808,"comment_status":"open","ping_status":"closed","template":"","meta":[],"product_cat":[57],"product_tag":[96,99],"class_list":{"0":"post-4804","1":"product","2":"type-product","3":"status-publish","4":"has-post-thumbnail","6":"product_cat-food-storage-container-wholesale","7":"product_tag-wholesale-multi-compartment-storage-food-containers","8":"product_tag-wholesale-rectangle-food-storage-containers","10":"first","11":"instock","12":"shipping-taxable","13":"product-type-simple"},"_links":{"self":[{"href":"https:\/\/moyahousehold.com\/pt\/wp-json\/wp\/v2\/product\/4804","targetHints":{"allow":["GET"]}}],"collection":[{"href":"https:\/\/moyahousehold.com\/pt\/wp-json\/wp\/v2\/product"}],"about":[{"href":"https:\/\/moyahousehold.com\/pt\/wp-json\/wp\/v2\/types\/product"}],"replies":[{"embeddable":true,"href":"https:\/\/moyahousehold.com\/pt\/wp-json\/wp\/v2\/comments?post=4804"}],"version-history":[{"count":8,"href":"https:\/\/moyahousehold.com\/pt\/wp-json\/wp\/v2\/product\/4804\/revisions"}],"predecessor-version":[{"id":13040,"href":"https:\/\/moyahousehold.com\/pt\/wp-json\/wp\/v2\/product\/4804\/revisions\/13040"}],"wp:featuredmedia":[{"embeddable":true,"href":"https:\/\/moyahousehold.com\/pt\/wp-json\/wp\/v2\/media\/7808"}],"wp:attachment":[{"href":"https:\/\/moyahousehold.com\/pt\/wp-json\/wp\/v2\/media?parent=4804"}],"wp:term":[{"taxonomy":"product_cat","embeddable":true,"href":"https:\/\/moyahousehold.com\/pt\/wp-json\/wp\/v2\/product_cat?post=4804"},{"taxonomy":"product_tag","embeddable":true,"href":"https:\/\/moyahousehold.com\/pt\/wp-json\/wp\/v2\/product_tag?post=4804"}],"curies":[{"name":"wp","href":"https:\/\/api.w.org\/{rel}","templated":true}]}}