{"id":4823,"date":"2024-05-20T08:29:11","date_gmt":"2024-05-20T08:29:11","guid":{"rendered":"https:\/\/moyahousehold.com\/?post_type=product&#038;p=4823"},"modified":"2025-02-05T10:20:38","modified_gmt":"2025-02-05T10:20:38","slug":"large-stainless-steel-food-containers-with-lids","status":"publish","type":"product","link":"https:\/\/moyahousehold.com\/pt\/produto\/recipientes-de-armazenagem-de-alimentos-personalizaveis-com-tampa\/","title":{"rendered":"Recipientes grandes de a\u00e7o inoxid\u00e1vel para alimentos com tampa: um bom recipiente para congelar alimentos"},"content":{"rendered":"<div class=\"wp-block-columns is-layout-flex wp-container-core-columns-is-layout-9d6595d7 wp-block-columns-is-layout-flex\">\n<div class=\"wp-block-column is-layout-flow wp-block-column-is-layout-flow\">\n<h3 class=\"wp-block-heading\">Par\u00e2metros do recipiente de a\u00e7o inoxid\u00e1vel para alimentos<\/h3>\n\n\n\n<figure class=\"wp-block-table\"><table class=\"has-fixed-layout\"><tbody><tr><td>N\u00famero do modelo<\/td><td>Material<\/td><td>Cor<\/td><td>Capacidade<\/td><td>Tamanho do produto<\/td><td>Dimens\u00f5es da caixa exterior<\/td><td>QTY\/CTN<\/td><td>N.W.<\/td><td>G.W.<\/td><\/tr><tr><td>MYJD033<\/td><td>304+PP<\/td><td rowspan=\"3\">Tampa preta,<br>corpo de a\u00e7o<br>(tampa alta)<\/td><td>550ml<\/td><td>15*11.5*7.5<\/td><td>60*50*53<\/td><td>120<\/td><td>0.27<\/td><td>56.4<\/td><\/tr><tr><td>MYJD034<\/td><td>304+PP<\/td><td>850ml<\/td><td>17.5*13*8<\/td><td>61*58*60<\/td><td>96<\/td><td>0.22<\/td><td>40.32<\/td><\/tr><tr><td>MYJD035<\/td><td>304+PP<\/td><td>1500ml<\/td><td>20.5*15*10.5<\/td><td>67*66*45<\/td><td>60<\/td><td>0.35<\/td><td>33<\/td><\/tr><tr><td>MYJD036<\/td><td>304+PP<\/td><td rowspan=\"2\">Tampa preta com pega<br>corpo de a\u00e7o<br>(tampa alta)<\/td><td>2800ml<\/td><td>23.5*19.5*13<\/td><td>68*67*69.5<\/td><td>36<\/td><td>0.47<\/td><td>24.12<\/td><\/tr><tr><td>MYJD037<\/td><td>304+PP<\/td><td>5000ml<\/td><td>29*21.5*15<\/td><td>65*46*60<\/td><td>24<\/td><td>0.89<\/td><td>26.16<\/td><\/tr><\/tbody><\/table><\/figure>\n<\/div>\n<\/div>\n\n\n\n<h3 class=\"wp-block-heading\">Op\u00e7\u00f5es de recipientes para alimentos personalizados<\/h3>\n\n\n\n<p><strong>Log\u00f3tipo<\/strong>: personalize o log\u00f3tipo da sua marca em recipientes e embalagens para alimentos.<br><strong>Tampa<\/strong>: Escolha tampas de vidro ou tampas PP para os seus recipientes de armazenamento de alimentos em a\u00e7o inoxid\u00e1vel<br><strong>Op\u00e7\u00f5es de log\u00f3tipo<\/strong>: Fornecemos m\u00e9todos de grava\u00e7\u00e3o a laser ou de transfer\u00eancia de calor para adicionar o seu log\u00f3tipo aos recipientes de armazenamento de alimentos<br><strong>Padr\u00e3o<\/strong>: padr\u00f5es de impress\u00e3o em recipientes de armazenagem de alimentos.<br><strong>Tecnologia de impress\u00e3o<\/strong>: Fornecemos transfer\u00eancia de ecr\u00e3, transfer\u00eancia de calor e impress\u00e3o por transfer\u00eancia de \u00e1gua para adicionar padr\u00f5es aos seus produtos.<br><strong>Embalagem: <\/strong>Pode enviar-nos o ficheiro e n\u00f3s personalizaremos a caixa de cor do recipiente para alimentos para si.<br><a href=\"https:\/\/moyahousehold.com\/pt\/solucao-personalizada\/\"><strong>Explore mais solu\u00e7\u00f5es personalizadas de contentores para alimentos.<\/strong><\/a><\/p>\n\n\n\n<div class=\"wp-block-columns is-layout-flex wp-container-core-columns-is-layout-9d6595d7 wp-block-columns-is-layout-flex\">\n<div class=\"wp-block-column is-layout-flow wp-block-column-is-layout-flow\">\n<figure class=\"wp-block-image size-full\"><img fetchpriority=\"high\" decoding=\"async\" width=\"1500\" height=\"1500\" src=\"https:\/\/moyahousehold.com\/wp-content\/uploads\/2024\/05\/large-stainless-steel-food-container-series-1.jpg\" alt=\"s\u00e9rie de recipientes para alimentos grandes em a\u00e7o inoxid\u00e1vel (1)\" class=\"wp-image-9132\" srcset=\"https:\/\/moyahousehold.com\/wp-content\/uploads\/2024\/05\/large-stainless-steel-food-container-series-1.jpg 1500w, https:\/\/moyahousehold.com\/wp-content\/uploads\/2024\/05\/large-stainless-steel-food-container-series-1-300x300.jpg 300w, https:\/\/moyahousehold.com\/wp-content\/uploads\/2024\/05\/large-stainless-steel-food-container-series-1-150x150.jpg 150w, https:\/\/moyahousehold.com\/wp-content\/uploads\/2024\/05\/large-stainless-steel-food-container-series-1-768x768.jpg 768w, https:\/\/moyahousehold.com\/wp-content\/uploads\/2024\/05\/large-stainless-steel-food-container-series-1-12x12.jpg 12w, https:\/\/moyahousehold.com\/wp-content\/uploads\/2024\/05\/large-stainless-steel-food-container-series-1-285x285.jpg 285w, https:\/\/moyahousehold.com\/wp-content\/uploads\/2024\/05\/large-stainless-steel-food-container-series-1-270x270.jpg 270w, https:\/\/moyahousehold.com\/wp-content\/uploads\/2024\/05\/large-stainless-steel-food-container-series-1-540x540.jpg 540w, https:\/\/moyahousehold.com\/wp-content\/uploads\/2024\/05\/large-stainless-steel-food-container-series-1-660x660.jpg 660w\" sizes=\"(max-width: 1500px) 100vw, 1500px\" \/><\/figure>\n<\/div>\n\n\n\n<div class=\"wp-block-column is-layout-flow wp-block-column-is-layout-flow\">\n<figure class=\"wp-block-image size-full\"><img decoding=\"async\" width=\"1500\" height=\"1500\" src=\"https:\/\/moyahousehold.com\/wp-content\/uploads\/2024\/05\/large-stainless-steel-food-container-series-2.jpg\" alt=\"s\u00e9rie de recipientes para alimentos grandes em a\u00e7o inoxid\u00e1vel (2)\" class=\"wp-image-9133\" srcset=\"https:\/\/moyahousehold.com\/wp-content\/uploads\/2024\/05\/large-stainless-steel-food-container-series-2.jpg 1500w, https:\/\/moyahousehold.com\/wp-content\/uploads\/2024\/05\/large-stainless-steel-food-container-series-2-300x300.jpg 300w, https:\/\/moyahousehold.com\/wp-content\/uploads\/2024\/05\/large-stainless-steel-food-container-series-2-150x150.jpg 150w, https:\/\/moyahousehold.com\/wp-content\/uploads\/2024\/05\/large-stainless-steel-food-container-series-2-768x768.jpg 768w, https:\/\/moyahousehold.com\/wp-content\/uploads\/2024\/05\/large-stainless-steel-food-container-series-2-12x12.jpg 12w, https:\/\/moyahousehold.com\/wp-content\/uploads\/2024\/05\/large-stainless-steel-food-container-series-2-285x285.jpg 285w, https:\/\/moyahousehold.com\/wp-content\/uploads\/2024\/05\/large-stainless-steel-food-container-series-2-270x270.jpg 270w, https:\/\/moyahousehold.com\/wp-content\/uploads\/2024\/05\/large-stainless-steel-food-container-series-2-540x540.jpg 540w, https:\/\/moyahousehold.com\/wp-content\/uploads\/2024\/05\/large-stainless-steel-food-container-series-2-660x660.jpg 660w\" sizes=\"(max-width: 1500px) 100vw, 1500px\" \/><\/figure>\n<\/div>\n<\/div>\n\n\n\n<div class=\"wp-block-columns is-layout-flex wp-container-core-columns-is-layout-9d6595d7 wp-block-columns-is-layout-flex\">\n<div class=\"wp-block-column is-layout-flow wp-block-column-is-layout-flow\"><\/div>\n\n\n\n<div class=\"wp-block-column is-layout-flow wp-block-column-is-layout-flow\"><\/div>\n<\/div>","protected":false},"excerpt":{"rendered":"<p>Recipientes para alimentos de grande capacidade em a\u00e7o inoxid\u00e1vel por atacado, feitos de a\u00e7o inoxid\u00e1vel espessado e recipientes de armazenamento de alimentos em a\u00e7o inoxid\u00e1vel com tampas espessadas, muito adequados para uso frequente, como hot\u00e9is, restaurantes e outros locais. Podem ser utilizados para armazenar alimentos congelados, alimentos s\u00f3lidos e outros tipos de alimentos. Modelo de grande capacidade MYJD035-037 com um design de pega, muito f\u00e1cil de utilizar, o design de prensa \u00e0 volta da tampa pode ajud\u00e1-lo a selar facilmente os alimentos. Contacte-nos para obter um or\u00e7amento.<\/p>\n<h3>Caracter\u00edsticas e vantagens dos recipientes de armazenagem de alimentos\u00a0<\/h3>\n<p><strong>Material de a\u00e7o inoxid\u00e1vel 304 de qualidade alimentar:<\/strong> Esta lancheira grande em a\u00e7o inoxid\u00e1vel \u00e9 fabricada em a\u00e7o inoxid\u00e1vel 304, que \u00e9 dur\u00e1vel, resistente \u00e0 corros\u00e3o e n\u00e3o cont\u00e9m subst\u00e2ncias nocivas, garantindo uma utiliza\u00e7\u00e3o mais segura.<\/p>\n<p><strong>Material em a\u00e7o inoxid\u00e1vel espessado:<\/strong> \u00c9 utilizado a\u00e7o inoxid\u00e1vel espessado, que \u00e9 mais dur\u00e1vel do que os recipientes de armazenamento de alimentos em a\u00e7o inoxid\u00e1vel normais e \u00e9 muito adequado para armazenar alimentos congelados em restaurantes e hot\u00e9is.<\/p>\n<p><strong>Tampa em material PP de qualidade alimentar:<\/strong> A tampa est\u00e1 equipada com um design de encaixe para garantir a firmeza da tampa, evitar fugas de alimentos e facilitar a utiliza\u00e7\u00e3o di\u00e1ria.<\/p>\n<p><strong>F\u00e1cil de limpar e duradouro:<\/strong> A parede interior do recipiente para alimentos adopta um processo de eletr\u00f3lise e a superf\u00edcie \u00e9 lisa e redonda, o que facilita a limpeza. N\u00e3o h\u00e1 odor residual durante a conserva\u00e7\u00e3o dos alimentos, mantendo-os frescos.<\/p>\n<p><strong>Anel de silicone de veda\u00e7\u00e3o alargado:<\/strong> A tampa est\u00e1 equipada com um anel de silicone alargado para garantir um ajuste apertado, proporcionar uma fun\u00e7\u00e3o completa \u00e0 prova de fugas, impedir eficazmente a entrada de vapor de \u00e1gua externo e manter os alimentos secos.<\/p>\n<p><strong>Servi\u00e7o de personaliza\u00e7\u00e3o OEM&amp;ODM:<\/strong> Fornecemos servi\u00e7os profissionais de personaliza\u00e7\u00e3o OEM&amp;ODM para criar recipientes para alimentos em a\u00e7o inoxid\u00e1vel exclusivos de acordo com as necessidades do cliente para garantir que os seus requisitos personalizados s\u00e3o cumpridos.<\/p>","protected":false},"featured_media":9272,"comment_status":"closed","ping_status":"closed","template":"","meta":[],"product_cat":[57],"product_tag":[99],"class_list":{"0":"post-4823","1":"product","2":"type-product","3":"status-publish","4":"has-post-thumbnail","6":"product_cat-food-storage-container-wholesale","7":"product_tag-wholesale-rectangle-food-storage-containers","9":"first","10":"instock","11":"shipping-taxable","12":"product-type-simple"},"_links":{"self":[{"href":"https:\/\/moyahousehold.com\/pt\/wp-json\/wp\/v2\/product\/4823","targetHints":{"allow":["GET"]}}],"collection":[{"href":"https:\/\/moyahousehold.com\/pt\/wp-json\/wp\/v2\/product"}],"about":[{"href":"https:\/\/moyahousehold.com\/pt\/wp-json\/wp\/v2\/types\/product"}],"replies":[{"embeddable":true,"href":"https:\/\/moyahousehold.com\/pt\/wp-json\/wp\/v2\/comments?post=4823"}],"version-history":[{"count":0,"href":"https:\/\/moyahousehold.com\/pt\/wp-json\/wp\/v2\/product\/4823\/revisions"}],"wp:featuredmedia":[{"embeddable":true,"href":"https:\/\/moyahousehold.com\/pt\/wp-json\/wp\/v2\/media\/9272"}],"wp:attachment":[{"href":"https:\/\/moyahousehold.com\/pt\/wp-json\/wp\/v2\/media?parent=4823"}],"wp:term":[{"taxonomy":"product_cat","embeddable":true,"href":"https:\/\/moyahousehold.com\/pt\/wp-json\/wp\/v2\/product_cat?post=4823"},{"taxonomy":"product_tag","embeddable":true,"href":"https:\/\/moyahousehold.com\/pt\/wp-json\/wp\/v2\/product_tag?post=4823"}],"curies":[{"name":"wp","href":"https:\/\/api.w.org\/{rel}","templated":true}]}}