{"id":4860,"date":"2024-05-21T03:56:43","date_gmt":"2024-05-21T03:56:43","guid":{"rendered":"https:\/\/moyahousehold.com\/?post_type=product&#038;p=4860"},"modified":"2025-02-05T10:18:25","modified_gmt":"2025-02-05T10:18:25","slug":"wholesale-food-storage-containers-commercial","status":"publish","type":"product","link":"https:\/\/moyahousehold.com\/pt\/produto\/wholesale-food-storage-containers-commercial\/","title":{"rendered":"Recipientes de armazenamento de alimentos para cozinha comercial por atacado a granel com marcador de data"},"content":{"rendered":"<h3 class=\"wp-block-heading\">Par\u00e2metros dos recipientes de armazenagem de alimentos para cozinha comercial<\/h3>\n\n\n\n<p><strong>Material:<\/strong>A\u00e7o inoxid\u00e1vel 304 + PP<br><strong>Cor:<\/strong>Tampa transl\u00facida bege\/caqui, corpo em a\u00e7o<\/p>\n\n\n\n<div class=\"wp-block-columns is-layout-flex wp-container-core-columns-is-layout-9d6595d7 wp-block-columns-is-layout-flex\">\n<div class=\"wp-block-column is-layout-flow wp-block-column-is-layout-flow\">\n<div class=\"wp-block-columns is-layout-flex wp-container-core-columns-is-layout-9d6595d7 wp-block-columns-is-layout-flex\">\n<div class=\"wp-block-column is-layout-flow wp-block-column-is-layout-flow\">\n<p><strong>N\u00famero do modelo:MYJD044<\/strong><br>Capacidade: 300ml<br>Dimens\u00e3o do produto: 11,6\u00d79,5\u00d75cm<br>Dimens\u00e3o da caixa exterior:60\u00d739\u00d727cm<br>Quantidade por caixa:100<br>Peso l\u00edquido: 0,11 kg<br>Peso bruto por caixa: 12,88 kg<br><strong>N\u00famero do modelo:MYJD045<\/strong><br>Capacidade: 500ml<br>Dimens\u00e3o do produto: 11,6\u00d79,5\u00d77,5<br>Dimens\u00e3o da caixa exterior:60\u00d739,5\u00d732,5cm<br>Quantidade por caixa:80<br>Peso l\u00edquido: 0,12 kg<br>Peso bruto por caixa: 10,93 kg<br>tipo de tampa:tampa alta com pega<br><strong>N\u00famero do modelo:MYJD046<\/strong><br>Capacidade: 600ml<br>Dimens\u00e3o do produto: 11,6\u00d79,5\u00d79,5cm<br>Dimens\u00e3o da caixa exterior:60\u00d739\u00d740cm<br>Quantidade por caixa:80<br>Peso l\u00edquido: 0,16 kg<br>Peso bruto por caixa:14kg<br><strong>N\u00famero do modelo:MYJD047<\/strong><br>Capacidade: 700ml<br>Dimens\u00e3o do produto: 19\u00d711,7\u00d75cm<br>Dimens\u00e3o da caixa exterior:60\u00d739\u00d741,5cm<br>Quantidade por caixa:80<br>Peso l\u00edquido: 0,21 kg<br>Peso bruto por caixa: 17,67 kg<br><strong>N\u00famero do modelo:MYJD048<\/strong><br>Capacidade: 1100ml<br>Dimens\u00e3o do produto: 19\u00d711,7\u00d77,5cm<br>Dimens\u00e3o da caixa exterior:60\u00d739,5\u00d746,5cm<br>Quantidade por caixa:60<br>Peso l\u00edquido: 0,23 kg<br>Peso bruto por caixa: 15,28 kg<\/p>\n<\/div>\n\n\n\n<div class=\"wp-block-column is-layout-flow wp-block-column-is-layout-flow\">\n<p><strong>N\u00famero do modelo:MYJD049<\/strong><br>Capacidade: 1400ml<br>Dimens\u00e3o do produto: 19\u00d711,7\u00d79,5cm<br>Dimens\u00e3o da caixa exterior:60\u00d739,5\u00d749,5cm<br>Quantidade por caixa:60<br>Peso l\u00edquido: 0,28 kg<br>Peso bruto por caixa: 17,97 kg<br><strong>N\u00famero do modelo:MYJD050<\/strong><br>Capacidade: 1700ml<br>Dimens\u00e3o do produto: 23,5\u00d719,1\u00d75,6cm<br>Dimens\u00e3o da caixa exterior:59x48x54,5cm<br>Quantidade por caixa:48<br>Peso l\u00edquido: 0,39 kg<br>Peso bruto por caixa: 20,36 kg<br><strong>N\u00famero do modelo:MYJD051<\/strong><br>Capacidade: 2400ml<br>Dimens\u00e3o do produto: 23,5\u00d719,1\u00d77,6cm<br>Dimens\u00e3o da caixa exterior:59\u00d748\u00d761,5cm<br>Quantidade por caixa:48<br>Peso l\u00edquido: 0,42 kg<br>Peso bruto por caixa: 23,5 kg<br><strong>N\u00famero do modelo:MYJD052<\/strong><br>Capacidade: 3200ml<br>Dimens\u00e3o do produto: 23,5\u00d7<em>19.1<\/em>\u00d79,6cm<br>Dimens\u00e3o da caixa exterior:59\u00d748\u00d759cm<br>Quantidade por caixa:36<br>Peso l\u00edquido: 0,46 kg<br>Peso bruto por caixa: 18,35 kg<\/p>\n<\/div>\n<\/div>\n<\/div>\n<\/div>\n\n\n\n<h3 class=\"wp-block-heading\">Op\u00e7\u00f5es de recipientes comerciais personalizados para armazenamento de alimentos<\/h3>\n\n\n\n<p><strong>Log\u00f3tipo:<\/strong> personalizar o log\u00f3tipo da sua marca no produto e na embalagem.<br><strong>Tampa: <\/strong>Tampa de vidro, tampa PP<br><strong>Op\u00e7\u00f5es de log\u00f3tipo: <\/strong>log\u00f3tipo impresso, log\u00f3tipo gravado a laser, etc.<br><strong>Padr\u00e3o:<\/strong> padr\u00f5es de impress\u00e3o em contentores de armazenagem de alimentos.<br><strong>Tecnologia de impress\u00e3o:<\/strong> impress\u00e3o por transfer\u00eancia de \u00e1gua, serigrafia, impress\u00e3o por transfer\u00eancia de calor, etc.<br><strong>Embalagem: <\/strong>caixa de cor<br><a href=\"https:\/\/moyahousehold.com\/pt\/solucao-personalizada\/\" data-type=\"page\" data-id=\"2817\"><strong>Saiba mais sobre as solu\u00e7\u00f5es personalizadas de contentores para alimentos. <\/strong><\/a><\/p>\n\n\n\n<div class=\"wp-block-columns is-layout-flex wp-container-core-columns-is-layout-9d6595d7 wp-block-columns-is-layout-flex\">\n<div class=\"wp-block-column is-layout-flow wp-block-column-is-layout-flow\">\n<figure class=\"wp-block-image size-full\"><img fetchpriority=\"high\" decoding=\"async\" width=\"1500\" height=\"1500\" src=\"https:\/\/moyahousehold.com\/wp-content\/uploads\/2024\/05\/commercial-kitchen-food-storage-containers-1.jpg\" alt=\"recipientes de armazenamento de alimentos para cozinha comercial (1)\" class=\"wp-image-9191\" srcset=\"https:\/\/moyahousehold.com\/wp-content\/uploads\/2024\/05\/commercial-kitchen-food-storage-containers-1.jpg 1500w, https:\/\/moyahousehold.com\/wp-content\/uploads\/2024\/05\/commercial-kitchen-food-storage-containers-1-300x300.jpg 300w, https:\/\/moyahousehold.com\/wp-content\/uploads\/2024\/05\/commercial-kitchen-food-storage-containers-1-150x150.jpg 150w, https:\/\/moyahousehold.com\/wp-content\/uploads\/2024\/05\/commercial-kitchen-food-storage-containers-1-768x768.jpg 768w, https:\/\/moyahousehold.com\/wp-content\/uploads\/2024\/05\/commercial-kitchen-food-storage-containers-1-12x12.jpg 12w, https:\/\/moyahousehold.com\/wp-content\/uploads\/2024\/05\/commercial-kitchen-food-storage-containers-1-285x285.jpg 285w, https:\/\/moyahousehold.com\/wp-content\/uploads\/2024\/05\/commercial-kitchen-food-storage-containers-1-270x270.jpg 270w, https:\/\/moyahousehold.com\/wp-content\/uploads\/2024\/05\/commercial-kitchen-food-storage-containers-1-540x540.jpg 540w, https:\/\/moyahousehold.com\/wp-content\/uploads\/2024\/05\/commercial-kitchen-food-storage-containers-1-660x660.jpg 660w\" sizes=\"(max-width: 1500px) 100vw, 1500px\" \/><\/figure>\n<\/div>\n\n\n\n<div class=\"wp-block-column is-layout-flow wp-block-column-is-layout-flow\">\n<figure class=\"wp-block-image size-full\"><img decoding=\"async\" width=\"1500\" height=\"1500\" src=\"https:\/\/moyahousehold.com\/wp-content\/uploads\/2024\/05\/commercial-kitchen-food-storage-containers-2.jpg\" alt=\"recipientes de armazenagem de alimentos para cozinha comercial (2)\" class=\"wp-image-9192\" srcset=\"https:\/\/moyahousehold.com\/wp-content\/uploads\/2024\/05\/commercial-kitchen-food-storage-containers-2.jpg 1500w, https:\/\/moyahousehold.com\/wp-content\/uploads\/2024\/05\/commercial-kitchen-food-storage-containers-2-300x300.jpg 300w, https:\/\/moyahousehold.com\/wp-content\/uploads\/2024\/05\/commercial-kitchen-food-storage-containers-2-150x150.jpg 150w, https:\/\/moyahousehold.com\/wp-content\/uploads\/2024\/05\/commercial-kitchen-food-storage-containers-2-768x768.jpg 768w, https:\/\/moyahousehold.com\/wp-content\/uploads\/2024\/05\/commercial-kitchen-food-storage-containers-2-12x12.jpg 12w, https:\/\/moyahousehold.com\/wp-content\/uploads\/2024\/05\/commercial-kitchen-food-storage-containers-2-285x285.jpg 285w, https:\/\/moyahousehold.com\/wp-content\/uploads\/2024\/05\/commercial-kitchen-food-storage-containers-2-270x270.jpg 270w, https:\/\/moyahousehold.com\/wp-content\/uploads\/2024\/05\/commercial-kitchen-food-storage-containers-2-540x540.jpg 540w, https:\/\/moyahousehold.com\/wp-content\/uploads\/2024\/05\/commercial-kitchen-food-storage-containers-2-660x660.jpg 660w\" sizes=\"(max-width: 1500px) 100vw, 1500px\" \/><\/figure>\n<\/div>\n<\/div>\n\n\n\n<p><\/p>","protected":false},"excerpt":{"rendered":"<p>Os recipientes de armazenamento comercial de alimentos em a\u00e7o inoxid\u00e1vel por atacado, concebidos para a ind\u00fastria de restaura\u00e7\u00e3o em grande escala, feitos de materiais de alta qualidade, armazenam e protegem eficazmente a frescura e a qualidade de v\u00e1rios ingredientes. A superf\u00edcie do recipiente \u00e9 tratada por processo eletrol\u00edtico, o que reduz muito o tempo necess\u00e1rio para a limpeza, o que \u00e9 muito adequado para cozinhas comerciais que precisam de uso frequente. Contacte-nos para um or\u00e7amento.<\/p>\n<h3>Carater\u00edsticas e vantagens dos recipientes para armazenagem comercial de alimentos<\/h3>\n<p><strong>Material em a\u00e7o inoxid\u00e1vel 304:<\/strong> Fabricado em a\u00e7o inoxid\u00e1vel 304 de alta qualidade, o recipiente comercial de armazenamento de alimentos \u00e9 resistente e dur\u00e1vel, garantindo que n\u00e3o enferruja ap\u00f3s uma utiliza\u00e7\u00e3o a longo prazo, \u00e9 seguro e inofensivo e adequado para armazenar todos os tipos de alimentos.<\/p>\n<p><strong>Design mais espesso e atualizado:<\/strong> Ap\u00f3s o espessamento, os recipientes de armazenamento de alimentos para cozinha comercial t\u00eam uma maior resist\u00eancia a altas temperaturas e \u00e0 corros\u00e3o, podem suportar mudan\u00e7as de temperatura mais elevadas e utiliza\u00e7\u00e3o a longo prazo, e n\u00e3o s\u00e3o f\u00e1ceis de deformar.<\/p>\n<p><strong>Est\u00e3o dispon\u00edveis v\u00e1rias especifica\u00e7\u00f5es:<\/strong> Est\u00e3o dispon\u00edveis nove especifica\u00e7\u00f5es diferentes para satisfazer diferentes necessidades. Quer seja um almo\u00e7o de trabalho, um piquenique de viagem ou uma necessidade de armazenamento de alimentos num restaurante, pode encontrar o tamanho certo.<\/p>\n<p><strong>Recomenda-se a utiliza\u00e7\u00e3o com sacos de gelo:<\/strong> Para manter os alimentos frescos e frescos, recomenda-se a utiliza\u00e7\u00e3o de sacos de gelo, que s\u00e3o adequados para manter os alimentos frescos durante muito tempo em tempo quente.<\/p>\n<p><strong>Adequado para uma variedade de alimentos: <\/strong>Estes recipientes de cozinha em a\u00e7o inoxid\u00e1vel s\u00e3o muito adequados para armazenar uma variedade de alimentos, incluindo l\u00edquidos, produtos secos, molhos, sopas, etc. Devido \u00e0 sua impermeabilidade, podem proteger eficazmente o sabor e a textura dos alimentos.<\/p>\n<p><strong>F\u00e1cil de empilhar e armazenar:<\/strong> Estes recipientes para alimentos comerciais em a\u00e7o inoxid\u00e1vel foram concebidos para serem empilhados de modo a poupar espa\u00e7o de armazenamento, sendo especialmente adequados para ambientes comerciais, como restaurantes e f\u00e1bricas de processamento de alimentos, que requerem muito espa\u00e7o de armazenamento.<\/p>\n<p>&nbsp;<\/p>","protected":false},"featured_media":9166,"comment_status":"open","ping_status":"closed","template":"","meta":[],"product_cat":[57],"product_tag":[95,99],"class_list":{"0":"post-4860","1":"product","2":"type-product","3":"status-publish","4":"has-post-thumbnail","6":"product_cat-food-storage-container-wholesale","7":"product_tag-wholesale-food-storage-containers-with-date-dial","8":"product_tag-wholesale-rectangle-food-storage-containers","10":"first","11":"instock","12":"shipping-taxable","13":"product-type-simple"},"_links":{"self":[{"href":"https:\/\/moyahousehold.com\/pt\/wp-json\/wp\/v2\/product\/4860","targetHints":{"allow":["GET"]}}],"collection":[{"href":"https:\/\/moyahousehold.com\/pt\/wp-json\/wp\/v2\/product"}],"about":[{"href":"https:\/\/moyahousehold.com\/pt\/wp-json\/wp\/v2\/types\/product"}],"replies":[{"embeddable":true,"href":"https:\/\/moyahousehold.com\/pt\/wp-json\/wp\/v2\/comments?post=4860"}],"version-history":[{"count":0,"href":"https:\/\/moyahousehold.com\/pt\/wp-json\/wp\/v2\/product\/4860\/revisions"}],"wp:featuredmedia":[{"embeddable":true,"href":"https:\/\/moyahousehold.com\/pt\/wp-json\/wp\/v2\/media\/9166"}],"wp:attachment":[{"href":"https:\/\/moyahousehold.com\/pt\/wp-json\/wp\/v2\/media?parent=4860"}],"wp:term":[{"taxonomy":"product_cat","embeddable":true,"href":"https:\/\/moyahousehold.com\/pt\/wp-json\/wp\/v2\/product_cat?post=4860"},{"taxonomy":"product_tag","embeddable":true,"href":"https:\/\/moyahousehold.com\/pt\/wp-json\/wp\/v2\/product_tag?post=4860"}],"curies":[{"name":"wp","href":"https:\/\/api.w.org\/{rel}","templated":true}]}}