{"id":4874,"date":"2024-05-21T08:02:33","date_gmt":"2024-05-21T08:02:33","guid":{"rendered":"https:\/\/moyahousehold.com\/?post_type=product&#038;p=4874"},"modified":"2025-02-05T10:17:46","modified_gmt":"2025-02-05T10:17:46","slug":"wholesale-premium-stainless-steel-food-storage-containers","status":"publish","type":"product","link":"https:\/\/moyahousehold.com\/pt\/produto\/wholesale-premium-stainless-steel-food-storage-containers\/","title":{"rendered":"Recipientes de armazenamento de alimentos em a\u00e7o inoxid\u00e1vel de qualidade superior por atacado"},"content":{"rendered":"<div class=\"wp-block-columns is-layout-flex wp-container-core-columns-is-layout-9d6595d7 wp-block-columns-is-layout-flex\">\n<div class=\"wp-block-column is-layout-flow wp-block-column-is-layout-flow\">\n<h3 class=\"wp-block-heading\">Par\u00e2metros dos recipientes de armazenamento de alimentos em a\u00e7o inoxid\u00e1vel por atacado<\/h3>\n<\/div>\n<\/div>\n\n\n\n<figure class=\"wp-block-table\"><table><tbody><tr><td><\/td><td>Capacidade<\/td><td>Tamanho do produto<\/td><td>Tamanho da caixa exterior<\/td><td>Quantidade por caixa<\/td><td>N.W<\/td><td>G.W\/Caixa<\/td><\/tr><tr><td>MYJD062<\/td><td>300ml<\/td><td>11.6*9.5*5<\/td><td>60*39*27<\/td><td>100<\/td><td>0.11&nbsp;<\/td><td>12.88<\/td><\/tr><tr><td>MYJD063<\/td><td>500ml<\/td><td>11.6*9.5*7.5<\/td><td>60*39.5*32.5<\/td><td>80<\/td><td>0.12&nbsp;<\/td><td>10.93<\/td><\/tr><tr><td>MYJD064<\/td><td>600ml<\/td><td>11.6*9.5*9.5<\/td><td>60*39*40<\/td><td>80<\/td><td>0.16&nbsp;<\/td><td>14<\/td><\/tr><tr><td>MYJD065<\/td><td>700ml<\/td><td>19*11.7*5<\/td><td>60*39*41.5<\/td><td>80<\/td><td>0.21&nbsp;<\/td><td>17.67<\/td><\/tr><tr><td>MYJD066<\/td><td>1100ml<\/td><td>19*11.7*7.5<\/td><td>60*39.5*46.5<\/td><td>60<\/td><td>0.23&nbsp;<\/td><td>15.28<\/td><\/tr><tr><td>MYJD067<\/td><td>1400ml<\/td><td>19*11.7*9.5<\/td><td>60*39.5*49.5<\/td><td>60<\/td><td>0.28&nbsp;<\/td><td>17.97<\/td><\/tr><tr><td>MYJD068<\/td><td>1700ml<\/td><td>23.5*19.1*5.6<\/td><td>59*48*54.5<\/td><td>48<\/td><td>0.39&nbsp;<\/td><td>20.36<\/td><\/tr><tr><td>MYJD069<\/td><td>2400ml<\/td><td>23.5*19.1*7.6<\/td><td>59*48*61.5<\/td><td>48<\/td><td>0.42&nbsp;<\/td><td>23.5<\/td><\/tr><tr><td>MYJD070<\/td><td>3200ml<\/td><td>23.5*19.1*9.6<\/td><td>59*48*59<\/td><td>36<\/td><td>0.46&nbsp;<\/td><td>18.35<\/td><\/tr><\/tbody><\/table><\/figure>\n\n\n\n<h3 class=\"wp-block-heading\">Op\u00e7\u00f5es de recipientes de armazenamento de alimentos personalizados<\/h3>\n\n\n\n<p><strong>Log\u00f3tipo<\/strong>: personalizar o log\u00f3tipo da sua marca no produto e na embalagem.<br><strong>Tampa<\/strong>: Tampa de vidro, tampa PP<br><strong>Op\u00e7\u00f5es de log\u00f3tipo<\/strong>: log\u00f3tipo impresso, log\u00f3tipo gravado a laser, etc.<br><strong>Padr\u00e3o<\/strong>: padr\u00f5es de impress\u00e3o em recipientes de armazenagem de alimentos.<br><strong>Tecnologia de impress\u00e3o<\/strong>: impress\u00e3o por transfer\u00eancia de \u00e1gua, serigrafia, impress\u00e3o por transfer\u00eancia de calor, etc.<br><strong>Embalagem<\/strong>:caixa de cor<br><a href=\"https:\/\/moyahousehold.com\/pt\/solucao-personalizada\/\" data-type=\"page\" data-id=\"2817\"><strong>Explorar mais personaliza\u00e7\u00e3o<\/strong><\/a><\/p>\n\n\n\n<div class=\"wp-block-columns is-layout-flex wp-container-core-columns-is-layout-9d6595d7 wp-block-columns-is-layout-flex\">\n<div class=\"wp-block-column is-layout-flow wp-block-column-is-layout-flow\">\n<figure class=\"wp-block-image size-full\"><img fetchpriority=\"high\" decoding=\"async\" width=\"566\" height=\"566\" src=\"https:\/\/moyahousehold.com\/wp-content\/uploads\/2024\/05\/food-storage-container-wholesale-1.webp\" alt=\"recipiente de armazenagem de alimentos por atacado\" class=\"wp-image-4885\" srcset=\"https:\/\/moyahousehold.com\/wp-content\/uploads\/2024\/05\/food-storage-container-wholesale-1.webp 566w, https:\/\/moyahousehold.com\/wp-content\/uploads\/2024\/05\/food-storage-container-wholesale-1-300x300.webp 300w, https:\/\/moyahousehold.com\/wp-content\/uploads\/2024\/05\/food-storage-container-wholesale-1-150x150.webp 150w, https:\/\/moyahousehold.com\/wp-content\/uploads\/2024\/05\/food-storage-container-wholesale-1-285x285.webp 285w, https:\/\/moyahousehold.com\/wp-content\/uploads\/2024\/05\/food-storage-container-wholesale-1-270x270.webp 270w, https:\/\/moyahousehold.com\/wp-content\/uploads\/2024\/05\/food-storage-container-wholesale-1-540x540.webp 540w\" sizes=\"(max-width: 566px) 100vw, 566px\" \/><\/figure>\n<\/div>\n\n\n\n<div class=\"wp-block-column is-layout-flow wp-block-column-is-layout-flow\">\n<figure class=\"wp-block-image size-full\"><img decoding=\"async\" width=\"569\" height=\"567\" src=\"https:\/\/moyahousehold.com\/wp-content\/uploads\/2024\/05\/food-storage-container-wholesale-2.webp\" alt=\"recipiente de armazenagem de alimentos por atacado\" class=\"wp-image-4886\" srcset=\"https:\/\/moyahousehold.com\/wp-content\/uploads\/2024\/05\/food-storage-container-wholesale-2.webp 569w, https:\/\/moyahousehold.com\/wp-content\/uploads\/2024\/05\/food-storage-container-wholesale-2-300x300.webp 300w, https:\/\/moyahousehold.com\/wp-content\/uploads\/2024\/05\/food-storage-container-wholesale-2-150x150.webp 150w, https:\/\/moyahousehold.com\/wp-content\/uploads\/2024\/05\/food-storage-container-wholesale-2-285x284.webp 285w, https:\/\/moyahousehold.com\/wp-content\/uploads\/2024\/05\/food-storage-container-wholesale-2-270x270.webp 270w\" sizes=\"(max-width: 569px) 100vw, 569px\" \/><\/figure>\n<\/div>\n<\/div>\n\n\n\n<div class=\"wp-block-columns is-layout-flex wp-container-core-columns-is-layout-9d6595d7 wp-block-columns-is-layout-flex\">\n<div class=\"wp-block-column is-layout-flow wp-block-column-is-layout-flow\">\n<figure class=\"wp-block-image size-full\"><img decoding=\"async\" width=\"570\" height=\"571\" src=\"https:\/\/moyahousehold.com\/wp-content\/uploads\/2024\/05\/food-storage-container-wholesale-3.webp\" alt=\"recipiente de armazenagem de alimentos por atacado\" class=\"wp-image-4887\" srcset=\"https:\/\/moyahousehold.com\/wp-content\/uploads\/2024\/05\/food-storage-container-wholesale-3.webp 570w, https:\/\/moyahousehold.com\/wp-content\/uploads\/2024\/05\/food-storage-container-wholesale-3-300x300.webp 300w, https:\/\/moyahousehold.com\/wp-content\/uploads\/2024\/05\/food-storage-container-wholesale-3-150x150.webp 150w, https:\/\/moyahousehold.com\/wp-content\/uploads\/2024\/05\/food-storage-container-wholesale-3-285x286.webp 285w, https:\/\/moyahousehold.com\/wp-content\/uploads\/2024\/05\/food-storage-container-wholesale-3-270x270.webp 270w, https:\/\/moyahousehold.com\/wp-content\/uploads\/2024\/05\/food-storage-container-wholesale-3-540x540.webp 540w\" sizes=\"(max-width: 570px) 100vw, 570px\" \/><\/figure>\n<\/div>\n\n\n\n<div class=\"wp-block-column is-layout-flow wp-block-column-is-layout-flow\">\n<figure class=\"wp-block-image size-full\"><img loading=\"lazy\" decoding=\"async\" width=\"559\" height=\"566\" src=\"https:\/\/moyahousehold.com\/wp-content\/uploads\/2024\/05\/food-storage-container-wholesale-4.webp\" alt=\"recipiente de armazenagem de alimentos por atacado\" class=\"wp-image-4888\" srcset=\"https:\/\/moyahousehold.com\/wp-content\/uploads\/2024\/05\/food-storage-container-wholesale-4.webp 559w, https:\/\/moyahousehold.com\/wp-content\/uploads\/2024\/05\/food-storage-container-wholesale-4-296x300.webp 296w, https:\/\/moyahousehold.com\/wp-content\/uploads\/2024\/05\/food-storage-container-wholesale-4-285x289.webp 285w, https:\/\/moyahousehold.com\/wp-content\/uploads\/2024\/05\/food-storage-container-wholesale-4-148x150.webp 148w\" sizes=\"(max-width: 559px) 100vw, 559px\" \/><\/figure>\n<\/div>\n<\/div>","protected":false},"excerpt":{"rendered":"<p>Fornecemos recipientes de armazenamento de alimentos em a\u00e7o inoxid\u00e1vel por atacado, com uma variedade de especifica\u00e7\u00f5es, capacidades e designs \u00e0 escolha. Estes recipientes de armazenamento de alimentos s\u00e3o feitos de a\u00e7o inoxid\u00e1vel de alta qualidade com m\u00f3dulos de registo de tempo para garantir a seguran\u00e7a e a frescura dos alimentos. Em compara\u00e7\u00e3o com os materiais pl\u00e1sticos, os recipientes de armazenagem de alimentos em a\u00e7o inoxid\u00e1vel s\u00e3o mais duradouros e seguros. N\u00e3o s\u00f3 vendemos por atacado recipientes de armazenamento de alimentos em a\u00e7o inoxid\u00e1vel com especifica\u00e7\u00f5es fixas, mas tamb\u00e9m podemos personalizar o logotipo, tamanho, embalagem, capacidade, tampa para recipientes de armazenamento de alimentos de acordo com suas necessidades.<\/p>\n<h3>Carater\u00edsticas e vantagens do recipiente de armazenamento de alimentos em a\u00e7o inoxid\u00e1vel<\/h3>\n<p>1. concebido com recipientes para alimentos Janpan, pode ser utilizado como uma lancheira japonesa. Quando viajar, adicione arroz requintado para desfrutar de um momento de lazer.<\/p>\n<p>2. Este recipiente de armazenamento de alimentos por atacado \u00e9 feito de a\u00e7o inoxid\u00e1vel de alta qualidade. Comparado com os recipientes de pl\u00e1stico comuns, tem uma vida \u00fatil mais longa e n\u00e3o \u00e9 f\u00e1cil de ser arranhado. A vida \u00fatil normal \u00e9 de mais de 20 anos.<\/p>\n<p>3. este recipiente de armazenamento de alimentos \u00e9 feito de a\u00e7o inoxid\u00e1vel melhorado e engrossado, que \u00e9 mais resistente a altas temperaturas e \u00e0 corros\u00e3o do que os recipientes de a\u00e7o inoxid\u00e1vel comuns; \u00e9 mais dur\u00e1vel;<\/p>\n<p>4. este recipiente de armazenamento de alimentos por atacado tem um anel de silicone de veda\u00e7\u00e3o alargado, que se encaixa firmemente e pode ser completamente \u00e0 prova de vazamento.<\/p>\n<p>5. a tampa deste recipiente de armazenamento de alimentos \u00e9 uma tampa espessa que n\u00e3o se deforma facilmente. Tem um bot\u00e3o respir\u00e1vel e um pequeno interrutor na extremidade para facilitar a abertura e o fecho da tampa.<\/p>\n<p>6. existem nove especifica\u00e7\u00f5es \u00e0 escolha, e pode ser emparelhado com um saco de arruma\u00e7\u00e3o quando o transportar, o que o pode manter quente e fresco;<\/p>\n<p>7. recomenda-se a sua utiliza\u00e7\u00e3o em combina\u00e7\u00e3o com um saco de gelo para o manter fresco!<\/p>\n<p>8. n\u00f3s tamb\u00e9m fornecemos servi\u00e7o de recipientes de armazenamento de alimentos por atacado para pequenas encomendas.<br \/><strong><br \/><a href=\"https:\/\/moyahousehold.com\/pt\/solucao-personalizada\/\">9. n\u00f3s fornecemos OEM &amp; ODM solu\u00e7\u00e3o personalizada de recipientes de armazenamento de alimentos.<\/a><\/strong><\/p>","protected":false},"featured_media":7748,"comment_status":"open","ping_status":"closed","template":"","meta":[],"product_cat":[57],"product_tag":[95,99],"class_list":{"0":"post-4874","1":"product","2":"type-product","3":"status-publish","4":"has-post-thumbnail","6":"product_cat-food-storage-container-wholesale","7":"product_tag-wholesale-food-storage-containers-with-date-dial","8":"product_tag-wholesale-rectangle-food-storage-containers","10":"first","11":"instock","12":"shipping-taxable","13":"product-type-simple"},"_links":{"self":[{"href":"https:\/\/moyahousehold.com\/pt\/wp-json\/wp\/v2\/product\/4874","targetHints":{"allow":["GET"]}}],"collection":[{"href":"https:\/\/moyahousehold.com\/pt\/wp-json\/wp\/v2\/product"}],"about":[{"href":"https:\/\/moyahousehold.com\/pt\/wp-json\/wp\/v2\/types\/product"}],"replies":[{"embeddable":true,"href":"https:\/\/moyahousehold.com\/pt\/wp-json\/wp\/v2\/comments?post=4874"}],"version-history":[{"count":0,"href":"https:\/\/moyahousehold.com\/pt\/wp-json\/wp\/v2\/product\/4874\/revisions"}],"wp:featuredmedia":[{"embeddable":true,"href":"https:\/\/moyahousehold.com\/pt\/wp-json\/wp\/v2\/media\/7748"}],"wp:attachment":[{"href":"https:\/\/moyahousehold.com\/pt\/wp-json\/wp\/v2\/media?parent=4874"}],"wp:term":[{"taxonomy":"product_cat","embeddable":true,"href":"https:\/\/moyahousehold.com\/pt\/wp-json\/wp\/v2\/product_cat?post=4874"},{"taxonomy":"product_tag","embeddable":true,"href":"https:\/\/moyahousehold.com\/pt\/wp-json\/wp\/v2\/product_tag?post=4874"}],"curies":[{"name":"wp","href":"https:\/\/api.w.org\/{rel}","templated":true}]}}