{"id":4891,"date":"2024-05-21T08:53:30","date_gmt":"2024-05-21T08:53:30","guid":{"rendered":"https:\/\/moyahousehold.com\/?post_type=product&#038;p=4891"},"modified":"2026-04-04T08:40:13","modified_gmt":"2026-04-04T08:40:13","slug":"bulk-food-storage-container-with-glass-lid-wholesale","status":"publish","type":"product","link":"https:\/\/moyahousehold.com\/pt\/produto\/bulk-food-storage-container-with-glass-lid-wholesale\/","title":{"rendered":"Wholesale Japanese-Style SUS304 Fresh Food Container | Leakproof &amp; Glass Lids Bulk Supply"},"content":{"rendered":"<div class=\"wp-block-columns is-layout-flex wp-container-core-columns-is-layout-9d6595d7 wp-block-columns-is-layout-flex\">\n<div class=\"wp-block-column is-layout-flow wp-block-column-is-layout-flow\">\n<h3 class=\"wp-block-heading\">Par\u00e2metros do recipiente de a\u00e7o inoxid\u00e1vel para alimentos frescos<\/h3>\n<\/div>\n<\/div>\n\n\n\n<figure class=\"wp-block-table\"><table><tbody><tr><td>Item<\/td><td>Material<\/td><td>Cor<\/td><td>Capacidade<\/td><td>Tamanho do produto<\/td><td>Quantity Per Case<\/td><td>N.W\/PCS<\/td><td>G.W\/Caixa<\/td><\/tr><tr><td>MYJD077<\/td><td rowspan=\"9\">SUS304+Glass Lid<\/td><td rowspan=\"9\">Beige\/khaki<\/td><td>300ml<\/td><td>11.6*9.5*5<\/td><td>100<\/td><td>0.18<\/td><td>38<\/td><\/tr><tr><td>MYJD078<\/td><td>500ml<\/td><td>11.6*9.5*7.5<\/td><td>80<\/td><td>0.2<\/td><td>32<\/td><\/tr><tr><td>MYJD079<\/td><td>600ml<\/td><td>11.6*9.5*9.5<\/td><td>80<\/td><td>0.23<\/td><td>34.4<\/td><\/tr><tr><td>MYJD080<\/td><td>700ml<\/td><td>19*11.7*5<\/td><td>80<\/td><td>0.36<\/td><td>44.8<\/td><\/tr><tr><td>MYJD081<\/td><td>1100ml<\/td><td>19*11.7*7.5<\/td><td>60<\/td><td>0.38<\/td><td>34.8<\/td><\/tr><tr><td>MYJD082<\/td><td>1400ml<\/td><td>19*11.7*8.9<\/td><td>60<\/td><td>0.43<\/td><td>37.8<\/td><\/tr><tr><td>MYJD083<\/td><td>1700ml<\/td><td>23.6*19.2*5<\/td><td>48<\/td><td>0.7<\/td><td>43.2<\/td><\/tr><tr><td>MYJD084<\/td><td>2400ml<\/td><td>23.6*19.2*7<\/td><td>48<\/td><td>0.73<\/td><td>44.64<\/td><\/tr><tr><td>MYJD085<\/td><td>3200ml<\/td><td>23.6*19.5*9<\/td><td>36<\/td><td>0.8<\/td><td>36<\/td><\/tr><\/tbody><\/table><\/figure>\n\n\n\n<h3 class=\"wp-block-heading\">Op\u00e7\u00f5es de recipientes para alimentos personalizados<\/h3>\n\n\n\n<p><strong>Log\u00f3tipo: <\/strong>Customize your brand logo on product and package.<br><strong>Tampa:<\/strong> Tampa de vidro, tampa PP<br><strong>Logo Options:<\/strong> Printed logo, laser engraved logo and more<br><strong>Padr\u00e3o: <\/strong>Printing patterns on stainless steel food contaners.<br><strong>Printing Technology:<\/strong> Water transfer printing,silk screen printing, heat transfer printing and more<br><strong>Embalagem:<\/strong> Color box<br><a href=\"https:\/\/moyahousehold.com\/pt\/solucao-personalizada\/\" data-type=\"page\" data-id=\"2817\"><strong>Explore mais op\u00e7\u00f5es de recipientes para alimentos personalizados<\/strong><\/a><\/p>\n\n\n\n<div class=\"wp-block-columns is-layout-flex wp-container-core-columns-is-layout-9d6595d7 wp-block-columns-is-layout-flex\">\n<div class=\"wp-block-column is-layout-flow wp-block-column-is-layout-flow\">\n<figure class=\"wp-block-image size-full\"><img fetchpriority=\"high\" decoding=\"async\" width=\"566\" height=\"576\" src=\"https:\/\/moyahousehold.com\/wp-content\/uploads\/2024\/05\/bulk-food-storage-containers-whosale4.png\" alt=\"recipientes de armazenagem de alimentos a granel \u00e0 venda por atacado\" class=\"wp-image-4910\" srcset=\"https:\/\/moyahousehold.com\/wp-content\/uploads\/2024\/05\/bulk-food-storage-containers-whosale4.png 566w, https:\/\/moyahousehold.com\/wp-content\/uploads\/2024\/05\/bulk-food-storage-containers-whosale4-295x300.png 295w, https:\/\/moyahousehold.com\/wp-content\/uploads\/2024\/05\/bulk-food-storage-containers-whosale4-285x290.png 285w, https:\/\/moyahousehold.com\/wp-content\/uploads\/2024\/05\/bulk-food-storage-containers-whosale4-147x150.png 147w\" sizes=\"(max-width: 566px) 100vw, 566px\" \/><\/figure>\n<\/div>\n\n\n\n<div class=\"wp-block-column is-layout-flow wp-block-column-is-layout-flow\">\n<figure class=\"wp-block-image size-full\"><img decoding=\"async\" width=\"566\" height=\"571\" src=\"https:\/\/moyahousehold.com\/wp-content\/uploads\/2024\/05\/bulk-food-storage-containers-whosale7.webp\" alt=\"recipientes de armazenagem de alimentos a granel \u00e0 venda por atacado\" class=\"wp-image-4909\" srcset=\"https:\/\/moyahousehold.com\/wp-content\/uploads\/2024\/05\/bulk-food-storage-containers-whosale7.webp 566w, https:\/\/moyahousehold.com\/wp-content\/uploads\/2024\/05\/bulk-food-storage-containers-whosale7-297x300.webp 297w, https:\/\/moyahousehold.com\/wp-content\/uploads\/2024\/05\/bulk-food-storage-containers-whosale7-150x150.webp 150w, https:\/\/moyahousehold.com\/wp-content\/uploads\/2024\/05\/bulk-food-storage-containers-whosale7-285x288.webp 285w\" sizes=\"(max-width: 566px) 100vw, 566px\" \/><\/figure>\n<\/div>\n<\/div>\n\n\n\n<div class=\"wp-block-columns is-layout-flex wp-container-core-columns-is-layout-9d6595d7 wp-block-columns-is-layout-flex\">\n<div class=\"wp-block-column is-layout-flow wp-block-column-is-layout-flow\">\n<figure class=\"wp-block-image size-full\"><img decoding=\"async\" width=\"567\" height=\"575\" src=\"https:\/\/moyahousehold.com\/wp-content\/uploads\/2024\/05\/bulk-food-storage-containers-whosale6.webp\" alt=\"recipientes de armazenagem de alimentos a granel \u00e0 venda por atacado\" class=\"wp-image-4913\" srcset=\"https:\/\/moyahousehold.com\/wp-content\/uploads\/2024\/05\/bulk-food-storage-containers-whosale6.webp 567w, https:\/\/moyahousehold.com\/wp-content\/uploads\/2024\/05\/bulk-food-storage-containers-whosale6-296x300.webp 296w, https:\/\/moyahousehold.com\/wp-content\/uploads\/2024\/05\/bulk-food-storage-containers-whosale6-285x289.webp 285w, https:\/\/moyahousehold.com\/wp-content\/uploads\/2024\/05\/bulk-food-storage-containers-whosale6-148x150.webp 148w\" sizes=\"(max-width: 567px) 100vw, 567px\" \/><\/figure>\n<\/div>\n\n\n\n<div class=\"wp-block-column is-layout-flow wp-block-column-is-layout-flow\">\n<figure class=\"wp-block-image size-full\"><img loading=\"lazy\" decoding=\"async\" width=\"572\" height=\"572\" src=\"https:\/\/moyahousehold.com\/wp-content\/uploads\/2024\/05\/bulk-food-storage-containers-whosale5.webp\" alt=\"recipientes de armazenagem de alimentos a granel \u00e0 venda por atacado\" class=\"wp-image-4912\" srcset=\"https:\/\/moyahousehold.com\/wp-content\/uploads\/2024\/05\/bulk-food-storage-containers-whosale5.webp 572w, https:\/\/moyahousehold.com\/wp-content\/uploads\/2024\/05\/bulk-food-storage-containers-whosale5-300x300.webp 300w, https:\/\/moyahousehold.com\/wp-content\/uploads\/2024\/05\/bulk-food-storage-containers-whosale5-150x150.webp 150w, https:\/\/moyahousehold.com\/wp-content\/uploads\/2024\/05\/bulk-food-storage-containers-whosale5-285x285.webp 285w, https:\/\/moyahousehold.com\/wp-content\/uploads\/2024\/05\/bulk-food-storage-containers-whosale5-270x270.webp 270w, https:\/\/moyahousehold.com\/wp-content\/uploads\/2024\/05\/bulk-food-storage-containers-whosale5-540x540.webp 540w\" sizes=\"(max-width: 572px) 100vw, 572px\" \/><\/figure>\n<\/div>\n<\/div>\n\n\n\n<p><\/p>","protected":false},"excerpt":{"rendered":"<p>Recipiente para alimentos frescos em a\u00e7o inoxid\u00e1vel por atacado com tampa de vidro, com excelente desempenho de veda\u00e7\u00e3o, boa resist\u00eancia ao frio e ao calor e resist\u00eancia \u00e0 corros\u00e3o, adequado para preserva\u00e7\u00e3o e armazenamento de alimentos em cozinhas dom\u00e9sticas e ind\u00fastrias de catering. Fornecemos servi\u00e7os de contentores para alimentos por atacado e personalizados. Bem-vindo a contactar-nos.<\/p>\n<h3>Carater\u00edsticas e vantagens do recipiente de a\u00e7o inoxid\u00e1vel para alimentos frescos<\/h3>\n<p><strong>Material Advantages:<\/strong> Este recipiente para alimentos frescos \u00e9 feito de a\u00e7o inoxid\u00e1vel 304, que tem uma boa resist\u00eancia a altas e baixas temperaturas, adapta-se a uma variedade de ambientes e tem uma forte resist\u00eancia \u00e0 corros\u00e3o, o que pode manter os alimentos frescos durante muito tempo.<\/p>\n<p><strong>Sealing Characteristics<\/strong>: O recipiente para alimentos frescos est\u00e1 equipado com um anel de veda\u00e7\u00e3o de silicone para evitar eficazmente a fuga de l\u00edquidos, tornando-o seguro para transportar e evitar que os alimentos se entornem.<\/p>\n<p><strong>Fresh-keeping Function:<\/strong> O recipiente para alimentos frescos em a\u00e7o inoxid\u00e1vel tem uma condu\u00e7\u00e3o de calor r\u00e1pida, pelo que o ar frio enche rapidamente o recipiente, bloqueia rapidamente a frescura dos alimentos e prolonga o prazo de validade.<\/p>\n<p><strong>Visual Design:<\/strong> A tampa de vidro transparente facilita a visualiza\u00e7\u00e3o dos alimentos no recipiente, o que \u00e9 conveniente para a utiliza\u00e7\u00e3o e gest\u00e3o.<\/p>\n<p><strong>Ventilation Hole Design:<\/strong> A tampa de vidro tem uma abertura de silicone, que pode ser aberta antes de abrir a tampa para manter a circula\u00e7\u00e3o de ar e evitar odores.<\/p>\n<p><strong>Various Specifications:<\/strong> MOYA stainless steel food container manufacturer provides a variety of different specifications to meet various capacity requirements and different uses.<\/p>","protected":false},"featured_media":6873,"comment_status":"open","ping_status":"closed","template":"","meta":[],"product_cat":[57],"product_tag":[99],"class_list":{"0":"post-4891","1":"product","2":"type-product","3":"status-publish","4":"has-post-thumbnail","6":"product_cat-food-storage-container-wholesale","7":"product_tag-wholesale-rectangle-food-storage-containers","9":"first","10":"instock","11":"shipping-taxable","12":"product-type-simple"},"_links":{"self":[{"href":"https:\/\/moyahousehold.com\/pt\/wp-json\/wp\/v2\/product\/4891","targetHints":{"allow":["GET"]}}],"collection":[{"href":"https:\/\/moyahousehold.com\/pt\/wp-json\/wp\/v2\/product"}],"about":[{"href":"https:\/\/moyahousehold.com\/pt\/wp-json\/wp\/v2\/types\/product"}],"replies":[{"embeddable":true,"href":"https:\/\/moyahousehold.com\/pt\/wp-json\/wp\/v2\/comments?post=4891"}],"version-history":[{"count":0,"href":"https:\/\/moyahousehold.com\/pt\/wp-json\/wp\/v2\/product\/4891\/revisions"}],"wp:featuredmedia":[{"embeddable":true,"href":"https:\/\/moyahousehold.com\/pt\/wp-json\/wp\/v2\/media\/6873"}],"wp:attachment":[{"href":"https:\/\/moyahousehold.com\/pt\/wp-json\/wp\/v2\/media?parent=4891"}],"wp:term":[{"taxonomy":"product_cat","embeddable":true,"href":"https:\/\/moyahousehold.com\/pt\/wp-json\/wp\/v2\/product_cat?post=4891"},{"taxonomy":"product_tag","embeddable":true,"href":"https:\/\/moyahousehold.com\/pt\/wp-json\/wp\/v2\/product_tag?post=4891"}],"curies":[{"name":"wp","href":"https:\/\/api.w.org\/{rel}","templated":true}]}}