{"id":4933,"date":"2024-05-22T01:26:04","date_gmt":"2024-05-22T01:26:04","guid":{"rendered":"https:\/\/moyahousehold.com\/?post_type=product&#038;p=4933"},"modified":"2026-04-14T07:52:49","modified_gmt":"2026-04-14T07:52:49","slug":"wholesale-microwave-safe-stainless-steel-food-containers","status":"publish","type":"product","link":"https:\/\/moyahousehold.com\/pt\/produto\/recipientes-metalicos-grandes-para-alimentos-por-atacado\/","title":{"rendered":"Wholesale Microwave Safe Stainless Steel Food Containers | 680ML &#8211; 2200ML | Support ODM &amp; OEM Service"},"content":{"rendered":"<figure class=\"wp-block-image size-full\"><img fetchpriority=\"high\" decoding=\"async\" width=\"5472\" height=\"3648\" src=\"https:\/\/moyahousehold.com\/wp-content\/uploads\/2024\/05\/SC-\u4fdd\u9c9c\u76d2-67.jpg\" alt=\"MOYA SUS304 Stainless Steel Insulated Food Storage Containers, Leak-Proof Fresh-Keeping Set with Multi Compartments for Camping &amp; Meal Prep\" class=\"wp-image-13061\" srcset=\"https:\/\/moyahousehold.com\/wp-content\/uploads\/2024\/05\/SC-\u4fdd\u9c9c\u76d2-67.jpg 5472w, https:\/\/moyahousehold.com\/wp-content\/uploads\/2024\/05\/SC-\u4fdd\u9c9c\u76d2-67-300x200.jpg 300w, https:\/\/moyahousehold.com\/wp-content\/uploads\/2024\/05\/SC-\u4fdd\u9c9c\u76d2-67-768x512.jpg 768w, https:\/\/moyahousehold.com\/wp-content\/uploads\/2024\/05\/SC-\u4fdd\u9c9c\u76d2-67-18x12.jpg 18w, https:\/\/moyahousehold.com\/wp-content\/uploads\/2024\/05\/SC-\u4fdd\u9c9c\u76d2-67-285x190.jpg 285w, https:\/\/moyahousehold.com\/wp-content\/uploads\/2024\/05\/SC-\u4fdd\u9c9c\u76d2-67-1600x1067.jpg 1600w, https:\/\/moyahousehold.com\/wp-content\/uploads\/2024\/05\/SC-\u4fdd\u9c9c\u76d2-67-660x440.jpg 660w, https:\/\/moyahousehold.com\/wp-content\/uploads\/2024\/05\/SC-\u4fdd\u9c9c\u76d2-67-150x100.jpg 150w\" sizes=\"(max-width: 5472px) 100vw, 5472px\" \/><\/figure>\n\n\n\n<div class=\"wp-block-columns is-layout-flex wp-container-core-columns-is-layout-9d6595d7 wp-block-columns-is-layout-flex\">\n<div class=\"wp-block-column is-layout-flow wp-block-column-is-layout-flow\">\n<h3 class=\"wp-block-heading\">Recipiente para alimentos em a\u00e7o inoxid\u00e1vel para micro-ondas Par\u00e2metros<\/h3>\n<\/div>\n<\/div>\n\n\n\n<figure class=\"wp-block-table\"><table><tbody><tr><td>Item<\/td><td>Material<\/td><td>Cor<\/td><td>Capacidade<\/td><td>Tamanho do produto<\/td><td>PCS\/Caixa<\/td><td>N.W<\/td><td>G.W\/Caixa<\/td><\/tr><tr><td>MYSC005<\/td><td rowspan=\"6\">304 + PP<\/td><td rowspan=\"6\">Nature\/Beige\/Khaki<\/td><td>680ml<\/td><td>20*14*6<\/td><td>80<\/td><td>0.3<\/td><td>32<\/td><\/tr><tr><td>MYSC006<\/td><td>1200ml<\/td><td>20*14*8.8<\/td><td>60<\/td><td>0.33<\/td><td>25.8<\/td><\/tr><tr><td>MYSC007<\/td><td>1500ml<\/td><td>20*14*10.8<\/td><td>50<\/td><td>0.36<\/td><td>23<\/td><\/tr><tr><td>MYSC008<\/td><td>1000ml<\/td><td>22*16*6<\/td><td>80<\/td><td>0.35<\/td><td>36<\/td><\/tr><tr><td>MYSC009<\/td><td>1600ml<\/td><td>22*16*9<\/td><td>60<\/td><td>0.39<\/td><td>29.4<\/td><\/tr><tr><td>MYSC010<\/td><td>2200ml<\/td><td>22*16*12<\/td><td>50<\/td><td>0.43<\/td><td>26.5<\/td><\/tr><\/tbody><\/table><\/figure>\n\n\n\n<h3 class=\"wp-block-heading\">Op\u00e7\u00f5es de recipientes para alimentos personalizados<\/h3>\n\n\n\n<p><strong>Log\u00f3tipo<\/strong>: Customize your brand logo on food container and packaging.<br><strong>Tampa:<\/strong> Tampa de vidro, tampa PP<br><strong>Logo Options<\/strong>: Printed logo, laser engraved logo, etc.<br><strong>Padr\u00e3o<\/strong>: Printing patterns on food storage containers.<br><strong>Printing Technology<\/strong>: Water transfer printing, silk screen printing, heat transfer printing, etc.<br><strong>Embalagem<\/strong>: Caixa de cor<br><a href=\"https:\/\/moyahousehold.com\/pt\/solucao-personalizada\/\" data-type=\"page\" data-id=\"2817\"><strong>Explore mais personaliza\u00e7\u00f5es de recipientes para alimentos<\/strong><\/a><\/p>\n\n\n\n<div class=\"wp-block-columns is-layout-flex wp-container-core-columns-is-layout-9d6595d7 wp-block-columns-is-layout-flex\">\n<div class=\"wp-block-column is-layout-flow wp-block-column-is-layout-flow\">\n<figure class=\"wp-block-image size-full\"><img decoding=\"async\" width=\"1500\" height=\"1500\" src=\"https:\/\/moyahousehold.com\/wp-content\/uploads\/2024\/05\/microwavable-stainless-steel-food-container-1.jpg\" alt=\"recipiente para alimentos em a\u00e7o inoxid\u00e1vel para micro-ondas (1)\" class=\"wp-image-9264\" srcset=\"https:\/\/moyahousehold.com\/wp-content\/uploads\/2024\/05\/microwavable-stainless-steel-food-container-1.jpg 1500w, https:\/\/moyahousehold.com\/wp-content\/uploads\/2024\/05\/microwavable-stainless-steel-food-container-1-300x300.jpg 300w, https:\/\/moyahousehold.com\/wp-content\/uploads\/2024\/05\/microwavable-stainless-steel-food-container-1-150x150.jpg 150w, https:\/\/moyahousehold.com\/wp-content\/uploads\/2024\/05\/microwavable-stainless-steel-food-container-1-768x768.jpg 768w, https:\/\/moyahousehold.com\/wp-content\/uploads\/2024\/05\/microwavable-stainless-steel-food-container-1-12x12.jpg 12w, https:\/\/moyahousehold.com\/wp-content\/uploads\/2024\/05\/microwavable-stainless-steel-food-container-1-285x285.jpg 285w, https:\/\/moyahousehold.com\/wp-content\/uploads\/2024\/05\/microwavable-stainless-steel-food-container-1-270x270.jpg 270w, https:\/\/moyahousehold.com\/wp-content\/uploads\/2024\/05\/microwavable-stainless-steel-food-container-1-540x540.jpg 540w, https:\/\/moyahousehold.com\/wp-content\/uploads\/2024\/05\/microwavable-stainless-steel-food-container-1-660x660.jpg 660w\" sizes=\"(max-width: 1500px) 100vw, 1500px\" \/><\/figure>\n<\/div>\n\n\n\n<div class=\"wp-block-column is-layout-flow wp-block-column-is-layout-flow\">\n<figure class=\"wp-block-image size-full\"><img decoding=\"async\" width=\"1500\" height=\"1500\" src=\"https:\/\/moyahousehold.com\/wp-content\/uploads\/2024\/05\/microwavable-stainless-steel-food-container-2.jpg\" alt=\"recipiente para alimentos em a\u00e7o inoxid\u00e1vel para micro-ondas (2)\" class=\"wp-image-9265\" srcset=\"https:\/\/moyahousehold.com\/wp-content\/uploads\/2024\/05\/microwavable-stainless-steel-food-container-2.jpg 1500w, https:\/\/moyahousehold.com\/wp-content\/uploads\/2024\/05\/microwavable-stainless-steel-food-container-2-300x300.jpg 300w, https:\/\/moyahousehold.com\/wp-content\/uploads\/2024\/05\/microwavable-stainless-steel-food-container-2-150x150.jpg 150w, https:\/\/moyahousehold.com\/wp-content\/uploads\/2024\/05\/microwavable-stainless-steel-food-container-2-768x768.jpg 768w, https:\/\/moyahousehold.com\/wp-content\/uploads\/2024\/05\/microwavable-stainless-steel-food-container-2-12x12.jpg 12w, https:\/\/moyahousehold.com\/wp-content\/uploads\/2024\/05\/microwavable-stainless-steel-food-container-2-285x285.jpg 285w, https:\/\/moyahousehold.com\/wp-content\/uploads\/2024\/05\/microwavable-stainless-steel-food-container-2-270x270.jpg 270w, https:\/\/moyahousehold.com\/wp-content\/uploads\/2024\/05\/microwavable-stainless-steel-food-container-2-540x540.jpg 540w, https:\/\/moyahousehold.com\/wp-content\/uploads\/2024\/05\/microwavable-stainless-steel-food-container-2-660x660.jpg 660w\" sizes=\"(max-width: 1500px) 100vw, 1500px\" \/><\/figure>\n<\/div>\n<\/div>\n\n\n\n<div class=\"wp-block-columns is-layout-flex wp-container-core-columns-is-layout-9d6595d7 wp-block-columns-is-layout-flex\">\n<div class=\"wp-block-column is-layout-flow wp-block-column-is-layout-flow\">\n<figure class=\"wp-block-image size-full\"><img loading=\"lazy\" decoding=\"async\" width=\"4160\" height=\"6240\" src=\"https:\/\/moyahousehold.com\/wp-content\/uploads\/2024\/05\/SC-\u4fdd\u9c9c\u76d2-209.jpg\" alt=\"MOYA SUS304 Stainless Steel Insulated Food Storage Containers, Leak-Proof Fresh-Keeping Set with Multi Compartments for Camping &amp; Meal Prep\" class=\"wp-image-13057\" srcset=\"https:\/\/moyahousehold.com\/wp-content\/uploads\/2024\/05\/SC-\u4fdd\u9c9c\u76d2-209.jpg 4160w, https:\/\/moyahousehold.com\/wp-content\/uploads\/2024\/05\/SC-\u4fdd\u9c9c\u76d2-209-200x300.jpg 200w, https:\/\/moyahousehold.com\/wp-content\/uploads\/2024\/05\/SC-\u4fdd\u9c9c\u76d2-209-768x1152.jpg 768w, https:\/\/moyahousehold.com\/wp-content\/uploads\/2024\/05\/SC-\u4fdd\u9c9c\u76d2-209-8x12.jpg 8w, https:\/\/moyahousehold.com\/wp-content\/uploads\/2024\/05\/SC-\u4fdd\u9c9c\u76d2-209-285x428.jpg 285w, https:\/\/moyahousehold.com\/wp-content\/uploads\/2024\/05\/SC-\u4fdd\u9c9c\u76d2-209-1600x2400.jpg 1600w, https:\/\/moyahousehold.com\/wp-content\/uploads\/2024\/05\/SC-\u4fdd\u9c9c\u76d2-209-440x660.jpg 440w, https:\/\/moyahousehold.com\/wp-content\/uploads\/2024\/05\/SC-\u4fdd\u9c9c\u76d2-209-100x150.jpg 100w\" sizes=\"(max-width: 4160px) 100vw, 4160px\" \/><\/figure>\n<\/div>\n\n\n\n<div class=\"wp-block-column is-layout-flow wp-block-column-is-layout-flow\">\n<figure class=\"wp-block-image size-full\"><img loading=\"lazy\" decoding=\"async\" width=\"4160\" height=\"6240\" src=\"https:\/\/moyahousehold.com\/wp-content\/uploads\/2024\/05\/SC-\u4fdd\u9c9c\u76d2-210.jpg\" alt=\"MOYA SUS304 Stainless Steel Insulated Food Storage Containers, Leak-Proof Fresh-Keeping Set with Multi Compartments for Camping &amp; Meal Prep\" class=\"wp-image-13058\" srcset=\"https:\/\/moyahousehold.com\/wp-content\/uploads\/2024\/05\/SC-\u4fdd\u9c9c\u76d2-210.jpg 4160w, https:\/\/moyahousehold.com\/wp-content\/uploads\/2024\/05\/SC-\u4fdd\u9c9c\u76d2-210-200x300.jpg 200w, https:\/\/moyahousehold.com\/wp-content\/uploads\/2024\/05\/SC-\u4fdd\u9c9c\u76d2-210-768x1152.jpg 768w, https:\/\/moyahousehold.com\/wp-content\/uploads\/2024\/05\/SC-\u4fdd\u9c9c\u76d2-210-8x12.jpg 8w, https:\/\/moyahousehold.com\/wp-content\/uploads\/2024\/05\/SC-\u4fdd\u9c9c\u76d2-210-285x428.jpg 285w, https:\/\/moyahousehold.com\/wp-content\/uploads\/2024\/05\/SC-\u4fdd\u9c9c\u76d2-210-1600x2400.jpg 1600w, https:\/\/moyahousehold.com\/wp-content\/uploads\/2024\/05\/SC-\u4fdd\u9c9c\u76d2-210-440x660.jpg 440w, https:\/\/moyahousehold.com\/wp-content\/uploads\/2024\/05\/SC-\u4fdd\u9c9c\u76d2-210-100x150.jpg 100w\" sizes=\"(max-width: 4160px) 100vw, 4160px\" \/><\/figure>\n<\/div>\n<\/div>\n\n\n\n<div class=\"wp-block-columns is-layout-flex wp-container-core-columns-is-layout-9d6595d7 wp-block-columns-is-layout-flex\">\n<div class=\"wp-block-column is-layout-flow wp-block-column-is-layout-flow\"><\/div>\n\n\n\n<div class=\"wp-block-column is-layout-flow wp-block-column-is-layout-flow\"><\/div>\n<\/div>","protected":false},"excerpt":{"rendered":"<p>O recipiente para alimentos de a\u00e7o inoxid\u00e1vel para micro-ondas por atacado melhora muito a conveni\u00eancia da vida. Oferecemos op\u00e7\u00f5es de atacado de v\u00e1rias especifica\u00e7\u00f5es e capacidades, incluindo 680ml a 2200ml, feitas de a\u00e7o inoxid\u00e1vel de qualidade alimentar, adequadas para uso comercial e dom\u00e9stico. Como um fabricante de recipientes para alimentos, n\u00f3s apoiamos servi\u00e7os personalizados e podemos adicionar logotipos de marcas ou projetar embalagens exclusivas de acordo com suas necessidades. Pode contactar-nos.<\/p>\n<h3>Carater\u00edsticas e vantagens do recipiente para alimentos em a\u00e7o inoxid\u00e1vel para micro-ondas<\/h3>\n<p><strong>Grande capacidade:<\/strong> Em compara\u00e7\u00e3o com os recipientes para alimentos comuns no mercado, oferecemos uma variedade de op\u00e7\u00f5es de tamanho, incluindo recipientes para alimentos em a\u00e7o inoxid\u00e1vel de grande capacidade.<\/p>\n<p><strong>Conce\u00e7\u00e3o do m\u00f3dulo de tempo:<\/strong> O m\u00f3dulo de registo de tempo na tampa deste recipiente para alimentos em a\u00e7o inoxid\u00e1vel pode ajud\u00e1-lo a registar melhor a data de armazenamento e a garantir a frescura dos ingredientes.<\/p>\n<p><strong>Design \u00e0 prova de fugas:<\/strong> Este recipiente para alimentos em a\u00e7o inoxid\u00e1vel para micro-ondas est\u00e1 equipado com um anel de silicone espessado, que n\u00e3o verter\u00e1 mesmo que seja invertido.<\/p>\n<p><strong>Micro-ondas:<\/strong> Com um design especial, este recipiente para alimentos pode ser colocado diretamente no micro-ondas para aquecimento, sem transferir alimentos da caixa para outros recipientes, melhorando consideravelmente a comodidade de utiliza\u00e7\u00e3o.<\/p>","protected":false},"featured_media":9251,"comment_status":"closed","ping_status":"closed","template":"","meta":[],"product_cat":[57],"product_tag":[95,106,99],"class_list":{"0":"post-4933","1":"product","2":"type-product","3":"status-publish","4":"has-post-thumbnail","6":"product_cat-food-storage-container-wholesale","7":"product_tag-wholesale-food-storage-containers-with-date-dial","8":"product_tag-microwavable-food-storage-containers","9":"product_tag-wholesale-rectangle-food-storage-containers","11":"first","12":"instock","13":"shipping-taxable","14":"product-type-simple"},"_links":{"self":[{"href":"https:\/\/moyahousehold.com\/pt\/wp-json\/wp\/v2\/product\/4933","targetHints":{"allow":["GET"]}}],"collection":[{"href":"https:\/\/moyahousehold.com\/pt\/wp-json\/wp\/v2\/product"}],"about":[{"href":"https:\/\/moyahousehold.com\/pt\/wp-json\/wp\/v2\/types\/product"}],"replies":[{"embeddable":true,"href":"https:\/\/moyahousehold.com\/pt\/wp-json\/wp\/v2\/comments?post=4933"}],"version-history":[{"count":3,"href":"https:\/\/moyahousehold.com\/pt\/wp-json\/wp\/v2\/product\/4933\/revisions"}],"predecessor-version":[{"id":13075,"href":"https:\/\/moyahousehold.com\/pt\/wp-json\/wp\/v2\/product\/4933\/revisions\/13075"}],"wp:featuredmedia":[{"embeddable":true,"href":"https:\/\/moyahousehold.com\/pt\/wp-json\/wp\/v2\/media\/9251"}],"wp:attachment":[{"href":"https:\/\/moyahousehold.com\/pt\/wp-json\/wp\/v2\/media?parent=4933"}],"wp:term":[{"taxonomy":"product_cat","embeddable":true,"href":"https:\/\/moyahousehold.com\/pt\/wp-json\/wp\/v2\/product_cat?post=4933"},{"taxonomy":"product_tag","embeddable":true,"href":"https:\/\/moyahousehold.com\/pt\/wp-json\/wp\/v2\/product_tag?post=4933"}],"curies":[{"name":"wp","href":"https:\/\/api.w.org\/{rel}","templated":true}]}}