{"id":4957,"date":"2024-05-22T01:57:05","date_gmt":"2024-05-22T01:57:05","guid":{"rendered":"https:\/\/moyahousehold.com\/?post_type=product&#038;p=4957"},"modified":"2025-03-05T10:21:28","modified_gmt":"2025-03-05T10:21:28","slug":"custom-square-metal-containers-with-handle-wholesale","status":"publish","type":"product","link":"https:\/\/moyahousehold.com\/pt\/produto\/custom-square-metal-containers-with-handle-wholesale\/","title":{"rendered":"Recipientes para alimentos quadrados de a\u00e7o inoxid\u00e1vel por atacado com tampas e pegas"},"content":{"rendered":"<h2 class=\"wp-block-heading\">Recipiente quadrado de a\u00e7o inoxid\u00e1vel para alimentos Par\u00e2metros<\/h2>\n\n\n\n<p><strong>Material<\/strong>:304+PP      <strong>Cor<\/strong>:A\u00e7o <\/p>\n\n\n\n<figure class=\"wp-block-table\"><table><tbody><tr><td>N\u00famero do modelo<\/td><td>Capacidade<\/td><td>Tamanho do produto<\/td><td>Tamanho da caixa exterior<\/td><td>Quantidade por caixa<\/td><td>N.W<\/td><td>G.W\/Caixa<\/td><\/tr><tr><td>MYJX001<\/td><td>1200ml<\/td><td>17.5*17.5*8.5<\/td><td>74*44*55<\/td><td>60<\/td><td>0.36<\/td><td>23.6<\/td><\/tr><tr><td>MYJX002<\/td><td>1600ml<\/td><td>17.5*17.5*10.5<\/td><td>74*44*56<\/td><td>48<\/td><td>0.39<\/td><td>20.72<\/td><\/tr><tr><td>MYJX003<\/td><td>2300ml<\/td><td>21.5*21.5*11.5<\/td><td>68*56*68<\/td><td>45<\/td><td>0.51<\/td><td>24.95<\/td><\/tr><tr><td>MYJX004<\/td><td>3000ml<\/td><td>21.5*21.5*12<\/td><td>68*53*68<\/td><td>36<\/td><td>0.56<\/td><td>22.16<\/td><\/tr><\/tbody><\/table><\/figure>\n\n\n\n<h3 class=\"wp-block-heading\">Op\u00e7\u00f5es de recipientes para alimentos personalizados<\/h3>\n\n\n\n<p><strong>Log\u00f3tipo<\/strong>: personalize o log\u00f3tipo da sua marca em recipientes e embalagens para alimentos.<br><strong>Tampa<\/strong>: Tampa de vidro, tampa PP<br><strong>Op\u00e7\u00f5es de log\u00f3tipo<\/strong>: log\u00f3tipo impresso, log\u00f3tipo gravado a laser, etc.<br><strong>Padr\u00e3o<\/strong>: padr\u00f5es de impress\u00e3o em recipientes de armazenagem de alimentos.<br><strong>Tecnologia de impress\u00e3o<\/strong>: impress\u00e3o por transfer\u00eancia de \u00e1gua, serigrafia, impress\u00e3o por transfer\u00eancia de calor, etc.<br><strong>Embalagem<\/strong>:caixa de cor<br><a href=\"https:\/\/moyahousehold.com\/pt\/solucao-personalizada\/\" data-type=\"page\" data-id=\"2817\"><strong>Saiba mais sobre as solu\u00e7\u00f5es personalizadas de recipientes para alimentos<\/strong><\/a><\/p>\n\n\n\n<div class=\"wp-block-columns is-layout-flex wp-container-core-columns-is-layout-9d6595d7 wp-block-columns-is-layout-flex\">\n<div class=\"wp-block-column is-layout-flow wp-block-column-is-layout-flow\">\n<figure class=\"wp-block-image size-full\"><img fetchpriority=\"high\" decoding=\"async\" width=\"1500\" height=\"1500\" src=\"https:\/\/moyahousehold.com\/wp-content\/uploads\/2024\/05\/stainlss-steel-square-food-container-display-1.jpg\" alt=\"expositor quadrado de a\u00e7o inoxid\u00e1vel para alimentos (1)\" class=\"wp-image-9094\" srcset=\"https:\/\/moyahousehold.com\/wp-content\/uploads\/2024\/05\/stainlss-steel-square-food-container-display-1.jpg 1500w, https:\/\/moyahousehold.com\/wp-content\/uploads\/2024\/05\/stainlss-steel-square-food-container-display-1-300x300.jpg 300w, https:\/\/moyahousehold.com\/wp-content\/uploads\/2024\/05\/stainlss-steel-square-food-container-display-1-150x150.jpg 150w, https:\/\/moyahousehold.com\/wp-content\/uploads\/2024\/05\/stainlss-steel-square-food-container-display-1-768x768.jpg 768w, https:\/\/moyahousehold.com\/wp-content\/uploads\/2024\/05\/stainlss-steel-square-food-container-display-1-12x12.jpg 12w, https:\/\/moyahousehold.com\/wp-content\/uploads\/2024\/05\/stainlss-steel-square-food-container-display-1-285x285.jpg 285w, https:\/\/moyahousehold.com\/wp-content\/uploads\/2024\/05\/stainlss-steel-square-food-container-display-1-270x270.jpg 270w, https:\/\/moyahousehold.com\/wp-content\/uploads\/2024\/05\/stainlss-steel-square-food-container-display-1-540x540.jpg 540w, https:\/\/moyahousehold.com\/wp-content\/uploads\/2024\/05\/stainlss-steel-square-food-container-display-1-660x660.jpg 660w\" sizes=\"(max-width: 1500px) 100vw, 1500px\" \/><\/figure>\n<\/div>\n\n\n\n<div class=\"wp-block-column is-layout-flow wp-block-column-is-layout-flow\">\n<figure class=\"wp-block-image size-full\"><img decoding=\"async\" width=\"1500\" height=\"1500\" src=\"https:\/\/moyahousehold.com\/wp-content\/uploads\/2024\/05\/stainlss-steel-square-food-container-display-2.jpg\" alt=\"expositor quadrado de a\u00e7o inoxid\u00e1vel para alimentos (2)\" class=\"wp-image-9095\" srcset=\"https:\/\/moyahousehold.com\/wp-content\/uploads\/2024\/05\/stainlss-steel-square-food-container-display-2.jpg 1500w, https:\/\/moyahousehold.com\/wp-content\/uploads\/2024\/05\/stainlss-steel-square-food-container-display-2-300x300.jpg 300w, https:\/\/moyahousehold.com\/wp-content\/uploads\/2024\/05\/stainlss-steel-square-food-container-display-2-150x150.jpg 150w, https:\/\/moyahousehold.com\/wp-content\/uploads\/2024\/05\/stainlss-steel-square-food-container-display-2-768x768.jpg 768w, https:\/\/moyahousehold.com\/wp-content\/uploads\/2024\/05\/stainlss-steel-square-food-container-display-2-12x12.jpg 12w, https:\/\/moyahousehold.com\/wp-content\/uploads\/2024\/05\/stainlss-steel-square-food-container-display-2-285x285.jpg 285w, https:\/\/moyahousehold.com\/wp-content\/uploads\/2024\/05\/stainlss-steel-square-food-container-display-2-270x270.jpg 270w, https:\/\/moyahousehold.com\/wp-content\/uploads\/2024\/05\/stainlss-steel-square-food-container-display-2-540x540.jpg 540w, https:\/\/moyahousehold.com\/wp-content\/uploads\/2024\/05\/stainlss-steel-square-food-container-display-2-660x660.jpg 660w\" sizes=\"(max-width: 1500px) 100vw, 1500px\" \/><\/figure>\n<\/div>\n<\/div>","protected":false},"excerpt":{"rendered":"<p>Recipiente para alimentos quadrado em a\u00e7o inoxid\u00e1vel com pega, este recipiente para alimentos est\u00e1 equipado com uma tampa transparente vis\u00edvel e espessa, facilitando a armazenagem e a sele\u00e7\u00e3o dos alimentos. Pode ser utilizado para armazenar alimentos \u00e0 temperatura ambiente, armazenar alimentos congelados, como lancheira e muitos outros fins. Bem-vindo a contactar-nos para um or\u00e7amento.<\/p>\n<h3>Carater\u00edsticas do Recipiente quadrado de a\u00e7o inoxid\u00e1vel para alimentos<\/h3>\n<p><strong>Selado e estanque:<\/strong> Este recipiente quadrado para alimentos tem um anel de veda\u00e7\u00e3o de silicone incorporado, que \u00e9 \u00e0 prova de fugas em todas as direc\u00e7\u00f5es e prolonga eficazmente a frescura dos alimentos.<\/p>\n<p><strong>Materiais de alta qualidade:<\/strong> O recipiente quadrado para alimentos \u00e9 feito de a\u00e7o inoxid\u00e1vel 304, que tem propriedades antibacterianas, garantindo a seguran\u00e7a dos alimentos e prolongando eficazmente o prazo de validade.<\/p>\n<p><strong>F\u00e1cil de limpar:<\/strong> Este recipiente para alimentos \u00e9 polido e n\u00e3o \u00e9 f\u00e1cil deixar manchas na superf\u00edcie. \u00c9 f\u00e1cil de limpar e tamb\u00e9m pode ser lavado na m\u00e1quina de lavar lou\u00e7a para poupar tempo.<\/p>\n<p><strong>Pega confort\u00e1vel:<\/strong> Este recipiente para alimentos est\u00e1 equipado com uma pega de armazenamento dobr\u00e1vel, que \u00e9 confort\u00e1vel de segurar e n\u00e3o ocupa espa\u00e7o quando n\u00e3o est\u00e1 a ser utilizado.<\/p>\n<p><strong>Cobertura visual espessada<\/strong>: Equipado com uma tampa transparente em PP, pode verificar o estado dos alimentos na caixa em qualquer altura. Melhor classifica\u00e7\u00e3o dos alimentos.<\/p>\n<p>&nbsp;<\/p>","protected":false},"featured_media":9091,"comment_status":"open","ping_status":"closed","template":"","meta":[],"product_cat":[57],"product_tag":[95,107,100],"class_list":{"0":"post-4957","1":"product","2":"type-product","3":"status-publish","4":"has-post-thumbnail","6":"product_cat-food-storage-container-wholesale","7":"product_tag-wholesale-food-storage-containers-with-date-dial","8":"product_tag-large-stainless-steel-food-storage-containers","9":"product_tag-wholesale-square-food-storage-containers","11":"first","12":"instock","13":"shipping-taxable","14":"product-type-simple"},"_links":{"self":[{"href":"https:\/\/moyahousehold.com\/pt\/wp-json\/wp\/v2\/product\/4957","targetHints":{"allow":["GET"]}}],"collection":[{"href":"https:\/\/moyahousehold.com\/pt\/wp-json\/wp\/v2\/product"}],"about":[{"href":"https:\/\/moyahousehold.com\/pt\/wp-json\/wp\/v2\/types\/product"}],"replies":[{"embeddable":true,"href":"https:\/\/moyahousehold.com\/pt\/wp-json\/wp\/v2\/comments?post=4957"}],"version-history":[{"count":0,"href":"https:\/\/moyahousehold.com\/pt\/wp-json\/wp\/v2\/product\/4957\/revisions"}],"wp:featuredmedia":[{"embeddable":true,"href":"https:\/\/moyahousehold.com\/pt\/wp-json\/wp\/v2\/media\/9091"}],"wp:attachment":[{"href":"https:\/\/moyahousehold.com\/pt\/wp-json\/wp\/v2\/media?parent=4957"}],"wp:term":[{"taxonomy":"product_cat","embeddable":true,"href":"https:\/\/moyahousehold.com\/pt\/wp-json\/wp\/v2\/product_cat?post=4957"},{"taxonomy":"product_tag","embeddable":true,"href":"https:\/\/moyahousehold.com\/pt\/wp-json\/wp\/v2\/product_tag?post=4957"}],"curies":[{"name":"wp","href":"https:\/\/api.w.org\/{rel}","templated":true}]}}