{"id":4968,"date":"2024-05-22T02:46:14","date_gmt":"2024-05-22T02:46:14","guid":{"rendered":"https:\/\/moyahousehold.com\/?post_type=product&#038;p=4968"},"modified":"2025-03-05T10:21:38","modified_gmt":"2025-03-05T10:21:38","slug":"wholesale-stainless-steel-rectangle-food-container","status":"publish","type":"product","link":"https:\/\/moyahousehold.com\/pt\/produto\/recipiente-para-alimentos-retangular-de-aco-inoxidavel-por-atacado\/","title":{"rendered":"Recipientes para alimentos em a\u00e7o inoxid\u00e1vel para restaurantes Recipientes para alimentos comerciais: Os melhores contentores para congelar alimentos"},"content":{"rendered":"<div class=\"wp-block-columns is-layout-flex wp-container-core-columns-is-layout-9d6595d7 wp-block-columns-is-layout-flex\">\n<div class=\"wp-block-column is-layout-flow wp-block-column-is-layout-flow\">\n<h3 class=\"wp-block-heading\">Recipiente comercial de a\u00e7o inoxid\u00e1vel para alimentos Par\u00e2metros<\/h3>\n<\/div>\n<\/div>\n\n\n\n<p><strong>Material<\/strong>:304+PP  <strong>Cor<\/strong>:A\u00e7o<\/p>\n\n\n\n<figure class=\"wp-block-table\"><table><tbody><tr><td>N\u00famero do modelo<\/td><td>Capacidade<\/td><td>Tamanho do produto<\/td><td>Tamanho da caixa exterior<\/td><td>Quantidade por caixa<\/td><td>N.W<\/td><td>G.W\/Caixa<\/td><\/tr><tr><td>MYJX005<\/td><td>1700ml<\/td><td>23*16*8.5<\/td><td>71*49*51<\/td><td>48<\/td><td>0.42<\/td><td>22.16<\/td><\/tr><tr><td>MYJX006<\/td><td>2100ml<\/td><td>23*16*10.5<\/td><td>77*49*51<\/td><td>42<\/td><td>0.46<\/td><td>21.32<\/td><\/tr><tr><td>MYJX007<\/td><td>3200ml<\/td><td>27.5*19*11.5<\/td><td>44*57*60<\/td><td>36<\/td><td>0.61<\/td><td>23.96<\/td><\/tr><tr><td>MYJX008<\/td><td>3900ml<\/td><td>27.5*19*12.5<\/td><td>66*57*60<\/td><td>30<\/td><td>0.65<\/td><td>21.5<\/td><\/tr><\/tbody><\/table><\/figure>\n\n\n\n<h3 class=\"wp-block-heading\">Op\u00e7\u00f5es de recipientes para alimentos em a\u00e7o inoxid\u00e1vel personalizados<\/h3>\n\n\n\n<p><strong>Log\u00f3tipo<\/strong>: personalizar o log\u00f3tipo da sua marca no produto e na embalagem.<br><strong>Tampa<\/strong>: Tampa de vidro, tampa PP<br><strong>Op\u00e7\u00f5es de log\u00f3tipo<\/strong>: log\u00f3tipo impresso, log\u00f3tipo gravado a laser, etc.<br><strong>Padr\u00e3o<\/strong>: padr\u00f5es de impress\u00e3o em recipientes de armazenagem de alimentos.<br><strong>Tecnologia de impress\u00e3o<\/strong>: impress\u00e3o por transfer\u00eancia de \u00e1gua, serigrafia, impress\u00e3o por transfer\u00eancia de calor, etc.<br><strong>Embalagem<\/strong>:caixa de cor<br><a href=\"https:\/\/moyahousehold.com\/pt\/solucao-personalizada\/\" data-type=\"page\" data-id=\"2817\"><strong>Saiba mais sobre as solu\u00e7\u00f5es personalizadas de contentores para alimentos.<\/strong><\/a><\/p>\n\n\n\n<div class=\"wp-block-columns is-layout-flex wp-container-core-columns-is-layout-9d6595d7 wp-block-columns-is-layout-flex\">\n<div class=\"wp-block-column is-layout-flow wp-block-column-is-layout-flow\">\n<figure class=\"wp-block-image size-full\"><img fetchpriority=\"high\" decoding=\"async\" width=\"1400\" height=\"1400\" src=\"https:\/\/moyahousehold.com\/wp-content\/uploads\/2024\/05\/Stainless-Steel-Commercial-Food-Container-2.jpg\" alt=\"Recipiente comercial para alimentos em a\u00e7o inoxid\u00e1vel (2)\" class=\"wp-image-9140\" srcset=\"https:\/\/moyahousehold.com\/wp-content\/uploads\/2024\/05\/Stainless-Steel-Commercial-Food-Container-2.jpg 1400w, https:\/\/moyahousehold.com\/wp-content\/uploads\/2024\/05\/Stainless-Steel-Commercial-Food-Container-2-300x300.jpg 300w, https:\/\/moyahousehold.com\/wp-content\/uploads\/2024\/05\/Stainless-Steel-Commercial-Food-Container-2-150x150.jpg 150w, https:\/\/moyahousehold.com\/wp-content\/uploads\/2024\/05\/Stainless-Steel-Commercial-Food-Container-2-768x768.jpg 768w, https:\/\/moyahousehold.com\/wp-content\/uploads\/2024\/05\/Stainless-Steel-Commercial-Food-Container-2-12x12.jpg 12w, https:\/\/moyahousehold.com\/wp-content\/uploads\/2024\/05\/Stainless-Steel-Commercial-Food-Container-2-285x285.jpg 285w, https:\/\/moyahousehold.com\/wp-content\/uploads\/2024\/05\/Stainless-Steel-Commercial-Food-Container-2-270x270.jpg 270w, https:\/\/moyahousehold.com\/wp-content\/uploads\/2024\/05\/Stainless-Steel-Commercial-Food-Container-2-540x540.jpg 540w, https:\/\/moyahousehold.com\/wp-content\/uploads\/2024\/05\/Stainless-Steel-Commercial-Food-Container-2-660x660.jpg 660w\" sizes=\"(max-width: 1400px) 100vw, 1400px\" \/><\/figure>\n<\/div>\n\n\n\n<div class=\"wp-block-column is-layout-flow wp-block-column-is-layout-flow\">\n<figure class=\"wp-block-image size-full\"><img decoding=\"async\" width=\"1400\" height=\"1400\" src=\"https:\/\/moyahousehold.com\/wp-content\/uploads\/2024\/05\/Stainless-Steel-Commercial-Food-Container-1.jpg\" alt=\"Recipiente comercial para alimentos em a\u00e7o inoxid\u00e1vel (1)\" class=\"wp-image-9139\" srcset=\"https:\/\/moyahousehold.com\/wp-content\/uploads\/2024\/05\/Stainless-Steel-Commercial-Food-Container-1.jpg 1400w, https:\/\/moyahousehold.com\/wp-content\/uploads\/2024\/05\/Stainless-Steel-Commercial-Food-Container-1-300x300.jpg 300w, https:\/\/moyahousehold.com\/wp-content\/uploads\/2024\/05\/Stainless-Steel-Commercial-Food-Container-1-150x150.jpg 150w, https:\/\/moyahousehold.com\/wp-content\/uploads\/2024\/05\/Stainless-Steel-Commercial-Food-Container-1-768x768.jpg 768w, https:\/\/moyahousehold.com\/wp-content\/uploads\/2024\/05\/Stainless-Steel-Commercial-Food-Container-1-12x12.jpg 12w, https:\/\/moyahousehold.com\/wp-content\/uploads\/2024\/05\/Stainless-Steel-Commercial-Food-Container-1-285x285.jpg 285w, https:\/\/moyahousehold.com\/wp-content\/uploads\/2024\/05\/Stainless-Steel-Commercial-Food-Container-1-270x270.jpg 270w, https:\/\/moyahousehold.com\/wp-content\/uploads\/2024\/05\/Stainless-Steel-Commercial-Food-Container-1-540x540.jpg 540w, https:\/\/moyahousehold.com\/wp-content\/uploads\/2024\/05\/Stainless-Steel-Commercial-Food-Container-1-660x660.jpg 660w\" sizes=\"(max-width: 1400px) 100vw, 1400px\" \/><\/figure>\n<\/div>\n<\/div>\n\n\n\n<div class=\"wp-block-columns is-layout-flex wp-container-core-columns-is-layout-9d6595d7 wp-block-columns-is-layout-flex\">\n<div class=\"wp-block-column is-layout-flow wp-block-column-is-layout-flow\"><\/div>\n\n\n\n<div class=\"wp-block-column is-layout-flow wp-block-column-is-layout-flow\"><\/div>\n<\/div>","protected":false},"excerpt":{"rendered":"<p>Oferecemos uma variedade de recipientes para alimentos em a\u00e7o inoxid\u00e1vel, de 1700 ml a 3900 ml, diferentes capacidades podem satisfazer as suas necessidades de armazenamento. Este recipiente para alimentos em a\u00e7o inoxid\u00e1vel \u00e9 particularmente adequado para cozinhas dom\u00e9sticas, piqueniques ao ar livre, restaurantes e outras ocasi\u00f5es, conveniente para armazenar e transportar alimentos. O design da pega \u00e9 ergon\u00f3mico, confort\u00e1vel de segurar e f\u00e1cil de transportar. Bem-vindo a contactar-nos.<\/p>\n<h3>Carater\u00edsticas e vantagens do recipiente comercial de a\u00e7o inoxid\u00e1vel para alimentos\u00a0<\/h3>\n<p><strong>Material de alta qualidade<\/strong>: O recipiente comercial retangular em a\u00e7o inoxid\u00e1vel para alimentos \u00e9 fabricado em a\u00e7o inoxid\u00e1vel 304, que possui uma excelente resist\u00eancia \u00e0 corros\u00e3o e durabilidade e um bonito brilho met\u00e1lico, podendo manter o seu brilho mesmo ap\u00f3s uma utiliza\u00e7\u00e3o prolongada.<\/p>\n<p><strong>Design \u00e0 prova de fugas<\/strong>: O anel de veda\u00e7\u00e3o de silicone de alta qualidade incorporado garante que este recipiente xfood em a\u00e7o inoxid\u00e1vel \u00e9 \u00e0 prova de fugas em todas as direc\u00e7\u00f5es, impedindo eficazmente a fuga de alimentos e l\u00edquidos e mantendo os alimentos frescos e higi\u00e9nicos.<\/p>\n<p><strong>Desenho de capa transparente<\/strong>: A tampa transparente feita de material pp de qualidade alimentar ajuda os utilizadores a verem melhor os alimentos armazenados no recipiente e reduz a abertura desnecess\u00e1ria.<\/p>\n<p><strong>V\u00e1rias especifica\u00e7\u00f5es dispon\u00edveis<\/strong>: Est\u00e3o dispon\u00edveis v\u00e1rios tamanhos e op\u00e7\u00f5es de capacidade para satisfazer as necessidades de diferentes utilizadores. \u00c9 adequado para v\u00e1rias ocasi\u00f5es, como cozinhas dom\u00e9sticas, piqueniques ao ar livre, restaurantes, escolas, escrit\u00f3rios, etc.<\/p>\n<p><strong>Suporte de amostras<\/strong>: Fornecemos amostras deste recipiente retangular de a\u00e7o inoxid\u00e1vel para alimentos<\/p>\n<p><strong>Servi\u00e7o personalizado:<\/strong> N\u00e3o s\u00f3 fornecemos servi\u00e7os de recipientes para alimentos por atacado, mas tamb\u00e9m ajudamos os clientes a desenvolver solu\u00e7\u00f5es personalizadas de recipientes para alimentos. Para mais detalhes, por favor contacte-nos.<\/p>","protected":false},"featured_media":9141,"comment_status":"closed","ping_status":"closed","template":"","meta":[],"product_cat":[57],"product_tag":[107,99],"class_list":{"0":"post-4968","1":"product","2":"type-product","3":"status-publish","4":"has-post-thumbnail","6":"product_cat-food-storage-container-wholesale","7":"product_tag-large-stainless-steel-food-storage-containers","8":"product_tag-wholesale-rectangle-food-storage-containers","10":"first","11":"instock","12":"shipping-taxable","13":"product-type-simple"},"_links":{"self":[{"href":"https:\/\/moyahousehold.com\/pt\/wp-json\/wp\/v2\/product\/4968","targetHints":{"allow":["GET"]}}],"collection":[{"href":"https:\/\/moyahousehold.com\/pt\/wp-json\/wp\/v2\/product"}],"about":[{"href":"https:\/\/moyahousehold.com\/pt\/wp-json\/wp\/v2\/types\/product"}],"replies":[{"embeddable":true,"href":"https:\/\/moyahousehold.com\/pt\/wp-json\/wp\/v2\/comments?post=4968"}],"version-history":[{"count":0,"href":"https:\/\/moyahousehold.com\/pt\/wp-json\/wp\/v2\/product\/4968\/revisions"}],"wp:featuredmedia":[{"embeddable":true,"href":"https:\/\/moyahousehold.com\/pt\/wp-json\/wp\/v2\/media\/9141"}],"wp:attachment":[{"href":"https:\/\/moyahousehold.com\/pt\/wp-json\/wp\/v2\/media?parent=4968"}],"wp:term":[{"taxonomy":"product_cat","embeddable":true,"href":"https:\/\/moyahousehold.com\/pt\/wp-json\/wp\/v2\/product_cat?post=4968"},{"taxonomy":"product_tag","embeddable":true,"href":"https:\/\/moyahousehold.com\/pt\/wp-json\/wp\/v2\/product_tag?post=4968"}],"curies":[{"name":"wp","href":"https:\/\/api.w.org\/{rel}","templated":true}]}}