{"id":4979,"date":"2024-05-22T03:02:37","date_gmt":"2024-05-22T03:02:37","guid":{"rendered":"https:\/\/moyahousehold.com\/?post_type=product&#038;p=4979"},"modified":"2025-03-05T10:12:08","modified_gmt":"2025-03-05T10:12:08","slug":"full-range-of-customized-stainless-steel-food-containers","status":"publish","type":"product","link":"https:\/\/moyahousehold.com\/pt\/produto\/full-range-of-customized-stainless-steel-food-containers\/","title":{"rendered":"Contentores de a\u00e7o inoxid\u00e1vel personalizados para alimentos: Impress\u00e3o do log\u00f3tipo e design do pacote para recipientes para alimentos a granel"},"content":{"rendered":"<div class=\"wp-block-columns is-layout-flex wp-container-core-columns-is-layout-9d6595d7 wp-block-columns-is-layout-flex\">\n<div class=\"wp-block-column is-layout-flow wp-block-column-is-layout-flow\">\n<h3 class=\"wp-block-heading\">Par\u00e2metros dos recipientes para alimentos personalizados<\/h3>\n<\/div>\n<\/div>\n\n\n\n<p><strong>Material<\/strong>:304+PE    <strong>Cor<\/strong>:A\u00e7o<\/p>\n\n\n\n<figure class=\"wp-block-table\"><table><tbody><tr><td>N\u00famero do modelo<\/td><td>Capacidade<\/td><td>Tamanho do produto<\/td><td>Tamanho da caixa exterior<\/td><td>Quantidade por caixa<\/td><td>N.W<\/td><td>G.W\/Caixa<\/td><\/tr><tr><td>MYZT001<\/td><td>700ml<\/td><td>16.1*11.9*4.4<\/td><td>51*50*34.5<\/td><td>84<\/td><td>0.19<\/td><td>17.96<\/td><\/tr><tr><td>MYZT002<\/td><td>1100ml<\/td><td>19.6*14.9*4.8<\/td><td>62*41*38<\/td><td>56<\/td><td>0.27<\/td><td>17.12<\/td><\/tr><tr><td>MYZT003<\/td><td>1700ml<\/td><td>23.7*18.2*5.4<\/td><td>57*49*45<\/td><td>42<\/td><td>0.4<\/td><td>18.8<\/td><\/tr><tr><td>MYZT004<\/td><td>1000ml<\/td><td>16.1*11.9*6.6<\/td><td>51*50*43.5<\/td><td>72<\/td><td>0.3<\/td><td>23.6<\/td><\/tr><tr><td>MYZT005<\/td><td>1800ml<\/td><td>19.6*14.9*7.8<\/td><td>62*41*51<\/td><td>48<\/td><td>0.35<\/td><td>18.8<\/td><\/tr><tr><td>MYZT006<\/td><td>3000ml<\/td><td>23.7*18.2*8.8<\/td><td>59*49*57<\/td><td>36<\/td><td>0.5<\/td><td>20<\/td><\/tr><\/tbody><\/table><\/figure>\n\n\n\n<h3 class=\"wp-block-heading\">Op\u00e7\u00f5es de recipientes para alimentos personalizados<\/h3>\n\n\n\n<p><strong>Log\u00f3tipo<\/strong>: personalizar o log\u00f3tipo da sua marca em recipientes e embalagens de alimentos.<br><strong>Tampa<\/strong>: Escolha tampas de vidro ou tampas de PP para os seus recipientes para alimentos em a\u00e7o inoxid\u00e1vel<br><strong>Op\u00e7\u00f5es de log\u00f3tipo<\/strong>: Fornecemos m\u00e9todos de grava\u00e7\u00e3o a laser ou de transfer\u00eancia t\u00e9rmica para adicionar o seu log\u00f3tipo aos recipientes para alimentos<br><strong>Padr\u00e3o<\/strong>: padr\u00f5es de impress\u00e3o em recipientes de armazenagem de alimentos.<br><strong>Tecnologia de impress\u00e3o<\/strong>: Fornecemos transfer\u00eancia de ecr\u00e3, transfer\u00eancia de calor e impress\u00e3o por transfer\u00eancia de \u00e1gua para adicionar padr\u00f5es aos seus produtos.<br><strong>Embalagem<\/strong>Pode enviar-nos o ficheiro e n\u00f3s personalizaremos a caixa de cor do recipiente para alimentos para si<br><a href=\"https:\/\/moyahousehold.com\/pt\/solucao-personalizada\/\" data-type=\"page\" data-id=\"2817\"><strong>Explorar mais personaliza\u00e7\u00e3o<\/strong><\/a><\/p>\n\n\n\n<div class=\"wp-block-columns is-layout-flex wp-container-core-columns-is-layout-9d6595d7 wp-block-columns-is-layout-flex\">\n<div class=\"wp-block-column is-layout-flow wp-block-column-is-layout-flow\">\n<figure class=\"wp-block-image size-full\"><img fetchpriority=\"high\" decoding=\"async\" width=\"601\" height=\"594\" src=\"https:\/\/moyahousehold.com\/wp-content\/uploads\/2024\/05\/customized-food-containers-1.webp\" alt=\"recipientes personalizados para alimentos (1)\" class=\"wp-image-6941\" srcset=\"https:\/\/moyahousehold.com\/wp-content\/uploads\/2024\/05\/customized-food-containers-1.webp 601w, https:\/\/moyahousehold.com\/wp-content\/uploads\/2024\/05\/customized-food-containers-1-300x297.webp 300w, https:\/\/moyahousehold.com\/wp-content\/uploads\/2024\/05\/customized-food-containers-1-12x12.webp 12w, https:\/\/moyahousehold.com\/wp-content\/uploads\/2024\/05\/customized-food-containers-1-285x282.webp 285w, https:\/\/moyahousehold.com\/wp-content\/uploads\/2024\/05\/customized-food-containers-1-150x148.webp 150w\" sizes=\"(max-width: 601px) 100vw, 601px\" \/><\/figure>\n<\/div>\n\n\n\n<div class=\"wp-block-column is-layout-flow wp-block-column-is-layout-flow\">\n<figure class=\"wp-block-image size-full\"><img decoding=\"async\" width=\"597\" height=\"587\" src=\"https:\/\/moyahousehold.com\/wp-content\/uploads\/2024\/05\/customized-food-containers-2.webp\" alt=\"recipientes para alimentos personalizados (2)\" class=\"wp-image-6942\" srcset=\"https:\/\/moyahousehold.com\/wp-content\/uploads\/2024\/05\/customized-food-containers-2.webp 597w, https:\/\/moyahousehold.com\/wp-content\/uploads\/2024\/05\/customized-food-containers-2-300x295.webp 300w, https:\/\/moyahousehold.com\/wp-content\/uploads\/2024\/05\/customized-food-containers-2-12x12.webp 12w, https:\/\/moyahousehold.com\/wp-content\/uploads\/2024\/05\/customized-food-containers-2-285x280.webp 285w, https:\/\/moyahousehold.com\/wp-content\/uploads\/2024\/05\/customized-food-containers-2-150x147.webp 150w\" sizes=\"(max-width: 597px) 100vw, 597px\" \/><\/figure>\n<\/div>\n<\/div>\n\n\n\n<div class=\"wp-block-columns is-layout-flex wp-container-core-columns-is-layout-9d6595d7 wp-block-columns-is-layout-flex\">\n<div class=\"wp-block-column is-layout-flow wp-block-column-is-layout-flow\">\n<figure class=\"wp-block-image size-full\"><img decoding=\"async\" width=\"596\" height=\"594\" src=\"https:\/\/moyahousehold.com\/wp-content\/uploads\/2024\/05\/customized-food-containers-3.webp\" alt=\"recipientes para alimentos personalizados (3)\" class=\"wp-image-6943\" srcset=\"https:\/\/moyahousehold.com\/wp-content\/uploads\/2024\/05\/customized-food-containers-3.webp 596w, https:\/\/moyahousehold.com\/wp-content\/uploads\/2024\/05\/customized-food-containers-3-300x300.webp 300w, https:\/\/moyahousehold.com\/wp-content\/uploads\/2024\/05\/customized-food-containers-3-150x150.webp 150w, https:\/\/moyahousehold.com\/wp-content\/uploads\/2024\/05\/customized-food-containers-3-12x12.webp 12w, https:\/\/moyahousehold.com\/wp-content\/uploads\/2024\/05\/customized-food-containers-3-285x284.webp 285w, https:\/\/moyahousehold.com\/wp-content\/uploads\/2024\/05\/customized-food-containers-3-270x270.webp 270w\" sizes=\"(max-width: 596px) 100vw, 596px\" \/><\/figure>\n<\/div>\n\n\n\n<div class=\"wp-block-column is-layout-flow wp-block-column-is-layout-flow\">\n<figure class=\"wp-block-image size-full\"><img loading=\"lazy\" decoding=\"async\" width=\"595\" height=\"589\" src=\"https:\/\/moyahousehold.com\/wp-content\/uploads\/2024\/05\/customized-food-containers-4.webp\" alt=\"recipientes para alimentos personalizados (4)\" class=\"wp-image-6944\" srcset=\"https:\/\/moyahousehold.com\/wp-content\/uploads\/2024\/05\/customized-food-containers-4.webp 595w, https:\/\/moyahousehold.com\/wp-content\/uploads\/2024\/05\/customized-food-containers-4-300x297.webp 300w, https:\/\/moyahousehold.com\/wp-content\/uploads\/2024\/05\/customized-food-containers-4-12x12.webp 12w, https:\/\/moyahousehold.com\/wp-content\/uploads\/2024\/05\/customized-food-containers-4-285x282.webp 285w, https:\/\/moyahousehold.com\/wp-content\/uploads\/2024\/05\/customized-food-containers-4-150x148.webp 150w\" sizes=\"(max-width: 595px) 100vw, 595px\" \/><\/figure>\n<\/div>\n<\/div>","protected":false},"excerpt":{"rendered":"<p>Conhe\u00e7a os nossos contentores personalizados em a\u00e7o inoxid\u00e1vel. Fornecemos log\u00f3tipos de contentores personalizados, embalagens de produtos, capacidade e servi\u00e7os de tamanho. Pode saber mais sobre recipientes personalizados para alimentos atrav\u00e9s do nosso <a href=\"https:\/\/moyahousehold.com\/pt\/solucao-personalizada\/\" target=\"_blank\" rel=\"noopener\">solu\u00e7\u00e3o cuctom<\/a>. Ao formular solu\u00e7\u00f5es de recipientes para alimentos profundamente personalizadas, as suas necessidades ser\u00e3o perfeitamente apresentadas.<\/p>\n<h3>Carater\u00edsticas dos recipientes para alimentos personalizados<\/h3>\n<p>Este recipiente personaliz\u00e1vel para alimentos \u00e9 feito de a\u00e7o inoxid\u00e1vel 304, que \u00e9 f\u00e1cil de limpar e inodoro. O interior \u00e9 polido electroliticamente para impedir verdadeiramente o crescimento de bact\u00e9rias.<\/p>\n<p>Pode escolher ou personalizar uma variedade de especifica\u00e7\u00f5es para uma correspond\u00eancia livre para satisfazer as suas v\u00e1rias necessidades de armazenamento.<\/p>\n<p>O recipiente para alimentos adopta um design arredondado em todos os lados, o que o torna mais confort\u00e1vel de segurar e f\u00e1cil de pegar sem magoar as m\u00e3os.<\/p>\n<p>O desenho em relevo nos quatro lados do fundo pode aumentar a fric\u00e7\u00e3o quando colocado na secret\u00e1ria para evitar que escorregue, e este desenho pode evitar que o recipiente para alimentos se cole \u00e0 superf\u00edcie do frigor\u00edfico depois de congelado.<\/p>\n<p>Aceitamos encomendas de pequenos lotes para o ajudar a compreender melhor o feedback do mercado aquando da venda.<\/p>\n<p>O fabricante de recipientes para alimentos em a\u00e7o inoxid\u00e1vel Moya oferece-lhe solu\u00e7\u00f5es de personaliza\u00e7\u00e3o flex\u00edveis para o ajudar a personalizar melhor os seus produtos e melhorar a sua imagem de marca.<\/p>","protected":false},"featured_media":7669,"comment_status":"closed","ping_status":"closed","template":"","meta":[],"product_cat":[57],"product_tag":[106,99],"class_list":{"0":"post-4979","1":"product","2":"type-product","3":"status-publish","4":"has-post-thumbnail","6":"product_cat-food-storage-container-wholesale","7":"product_tag-microwavable-food-storage-containers","8":"product_tag-wholesale-rectangle-food-storage-containers","10":"first","11":"instock","12":"shipping-taxable","13":"product-type-simple"},"_links":{"self":[{"href":"https:\/\/moyahousehold.com\/pt\/wp-json\/wp\/v2\/product\/4979","targetHints":{"allow":["GET"]}}],"collection":[{"href":"https:\/\/moyahousehold.com\/pt\/wp-json\/wp\/v2\/product"}],"about":[{"href":"https:\/\/moyahousehold.com\/pt\/wp-json\/wp\/v2\/types\/product"}],"replies":[{"embeddable":true,"href":"https:\/\/moyahousehold.com\/pt\/wp-json\/wp\/v2\/comments?post=4979"}],"version-history":[{"count":0,"href":"https:\/\/moyahousehold.com\/pt\/wp-json\/wp\/v2\/product\/4979\/revisions"}],"wp:featuredmedia":[{"embeddable":true,"href":"https:\/\/moyahousehold.com\/pt\/wp-json\/wp\/v2\/media\/7669"}],"wp:attachment":[{"href":"https:\/\/moyahousehold.com\/pt\/wp-json\/wp\/v2\/media?parent=4979"}],"wp:term":[{"taxonomy":"product_cat","embeddable":true,"href":"https:\/\/moyahousehold.com\/pt\/wp-json\/wp\/v2\/product_cat?post=4979"},{"taxonomy":"product_tag","embeddable":true,"href":"https:\/\/moyahousehold.com\/pt\/wp-json\/wp\/v2\/product_tag?post=4979"}],"curies":[{"name":"wp","href":"https:\/\/api.w.org\/{rel}","templated":true}]}}