{"id":4995,"date":"2024-05-22T03:23:32","date_gmt":"2024-05-22T03:23:32","guid":{"rendered":"https:\/\/moyahousehold.com\/?post_type=product&#038;p=4995"},"modified":"2025-03-05T10:11:51","modified_gmt":"2025-03-05T10:11:51","slug":"stylish-round-food-storage-container-wholesale","status":"publish","type":"product","link":"https:\/\/moyahousehold.com\/pt\/produto\/stylish-round-food-storage-container-wholesale\/","title":{"rendered":"Recipiente redondo elegante para armazenamento de alimentos por atacado"},"content":{"rendered":"<div class=\"wp-block-columns is-layout-flex wp-container-core-columns-is-layout-9d6595d7 wp-block-columns-is-layout-flex\">\n<div class=\"wp-block-column is-layout-flow wp-block-column-is-layout-flow\">\n<h3 class=\"wp-block-heading\">Par\u00e2metros do recipiente redondo de armazenagem de alimentos<\/h3>\n<\/div>\n<\/div>\n\n\n\n<p><strong>Material<\/strong>:304+PE  <strong>Cor<\/strong>:A\u00e7o<\/p>\n\n\n\n<figure class=\"wp-block-table\"><table><tbody><tr><td>N\u00famero do modelo<\/td><td>Capacidade<\/td><td>Tamanho do produto<\/td><td>Tamanho da caixa exterior<\/td><td>Quantidade por caixa<\/td><td>N.W<\/td><td>G.W\/Caixa<\/td><\/tr><tr><td>MYZT007<\/td><td>500ml<\/td><td>10.6*10.6*6.3<\/td><td>56*45*43<\/td><td>120<\/td><td>0.3<\/td><td>38<\/td><\/tr><tr><td>MYZT008<\/td><td>750ml<\/td><td>10.6*10.6*7.3<\/td><td>56*45*46<\/td><td>80<\/td><td>0.2<\/td><td>18<\/td><\/tr><tr><td>MYZT009<\/td><td>1350ml<\/td><td>14.6*14.6*9.2<\/td><td>61*46*48<\/td><td>60<\/td><td>0.25<\/td><td>17<\/td><\/tr><\/tbody><\/table><\/figure>\n\n\n\n<h3 class=\"wp-block-heading\">Op\u00e7\u00f5es de recipientes redondos personalizados para armazenamento de alimentos<\/h3>\n\n\n\n<p><strong>Log\u00f3tipo<\/strong>: personalizar o log\u00f3tipo da sua marca no produto e na embalagem.<br><strong>Tampa<\/strong>: Tampa de vidro, tampa PP<br><strong>Op\u00e7\u00f5es de log\u00f3tipo<\/strong>: log\u00f3tipo impresso, log\u00f3tipo gravado a laser, etc.<br><strong>Padr\u00e3o<\/strong>: padr\u00f5es de impress\u00e3o em recipientes de armazenagem de alimentos.<br><strong>Tecnologia de impress\u00e3o<\/strong>: impress\u00e3o por transfer\u00eancia de \u00e1gua, serigrafia, impress\u00e3o por transfer\u00eancia de calor, etc.<br><strong>Embalagem<\/strong>:caixa de cor<br><a href=\"https:\/\/moyahousehold.com\/pt\/solucao-personalizada\/\" data-type=\"page\" data-id=\"2817\"><strong>Explorar mais personaliza\u00e7\u00e3o<\/strong><\/a><\/p>\n\n\n\n<div class=\"wp-block-columns is-layout-flex wp-container-core-columns-is-layout-9d6595d7 wp-block-columns-is-layout-flex\">\n<div class=\"wp-block-column is-layout-flow wp-block-column-is-layout-flow\">\n<figure class=\"wp-block-image size-full\"><img fetchpriority=\"high\" decoding=\"async\" width=\"590\" height=\"592\" src=\"https:\/\/moyahousehold.com\/wp-content\/uploads\/2024\/05\/Round-food-container-wholesale-4.webp\" alt=\"Recipiente redondo para alimentos por atacado \" class=\"wp-image-5006\" srcset=\"https:\/\/moyahousehold.com\/wp-content\/uploads\/2024\/05\/Round-food-container-wholesale-4.webp 590w, https:\/\/moyahousehold.com\/wp-content\/uploads\/2024\/05\/Round-food-container-wholesale-4-300x300.webp 300w, https:\/\/moyahousehold.com\/wp-content\/uploads\/2024\/05\/Round-food-container-wholesale-4-150x150.webp 150w, https:\/\/moyahousehold.com\/wp-content\/uploads\/2024\/05\/Round-food-container-wholesale-4-285x286.webp 285w, https:\/\/moyahousehold.com\/wp-content\/uploads\/2024\/05\/Round-food-container-wholesale-4-270x270.webp 270w\" sizes=\"(max-width: 590px) 100vw, 590px\" \/><\/figure>\n<\/div>\n\n\n\n<div class=\"wp-block-column is-layout-flow wp-block-column-is-layout-flow\">\n<figure class=\"wp-block-image size-full\"><img decoding=\"async\" width=\"591\" height=\"595\" src=\"https:\/\/moyahousehold.com\/wp-content\/uploads\/2024\/05\/Round-food-container-wholesale-3.webp\" alt=\"Recipiente redondo para alimentos por atacado\" class=\"wp-image-5005\" srcset=\"https:\/\/moyahousehold.com\/wp-content\/uploads\/2024\/05\/Round-food-container-wholesale-3.webp 591w, https:\/\/moyahousehold.com\/wp-content\/uploads\/2024\/05\/Round-food-container-wholesale-3-298x300.webp 298w, https:\/\/moyahousehold.com\/wp-content\/uploads\/2024\/05\/Round-food-container-wholesale-3-150x150.webp 150w, https:\/\/moyahousehold.com\/wp-content\/uploads\/2024\/05\/Round-food-container-wholesale-3-285x287.webp 285w\" sizes=\"(max-width: 591px) 100vw, 591px\" \/><\/figure>\n<\/div>\n<\/div>","protected":false},"excerpt":{"rendered":"<p>Recipientes redondos para alimentos por grosso - Fornecemos recipientes redondos para alimentos por grosso em v\u00e1rias especifica\u00e7\u00f5es. Cada recipiente est\u00e1 equipado com uma tampa de veda\u00e7\u00e3o de alta qualidade para garantir que os alimentos s\u00e3o frescos e higi\u00e9nicos. O design redondo \u00e9 f\u00e1cil de armazenar e transportar, o que \u00e9 ideal para catering, hot\u00e9is e cozinhas dom\u00e9sticas. escolher. Escolha os nossos recipientes herm\u00e9ticos de armazenamento de alimentos para tornar o seu armazenamento de alimentos mais eficiente, seguro e conveniente.<\/p>\n<h3>Carater\u00edsticas e vantagens do recipiente redondo de armazenagem de alimentos<\/h3>\n<p>Material de a\u00e7o inoxid\u00e1vel 304, v\u00e1rias especifica\u00e7\u00f5es podem ser livremente combinadas, congelamento r\u00e1pido, f\u00e1cil de limpar sem odor, polimento eletrol\u00edtico, anti-molde e anti-bacteriano.<\/p>\n<p>O design da pequena tampa auricular torna a abertura e o fecho mais c\u00f3modos.<\/p>\n<p>Bordos e cantos lisos, f\u00e1ceis de manusear sem magoar as m\u00e3os, com o fundo elevado nos quatro lados para evitar a ader\u00eancia \u00e0 superf\u00edcie do frigor\u00edfico ap\u00f3s a congela\u00e7\u00e3o, dificultando o deslizamento.<\/p>\n<p>Aprofundar a conce\u00e7\u00e3o de alta capacidade para uma melhor capacidade.<\/p>\n<p><strong><a href=\"https:\/\/moyahousehold.com\/pt\/solucao-personalizada\/\">suporte a solu\u00e7\u00f5es de contentores alimentares personalizados OEM&amp;ODM<\/a><\/strong><\/p>","protected":false},"featured_media":7796,"comment_status":"open","ping_status":"closed","template":"","meta":[],"product_cat":[57],"product_tag":[106,98],"class_list":{"0":"post-4995","1":"product","2":"type-product","3":"status-publish","4":"has-post-thumbnail","6":"product_cat-food-storage-container-wholesale","7":"product_tag-microwavable-food-storage-containers","8":"product_tag-wholesale-round-food-storage-containers","10":"first","11":"instock","12":"shipping-taxable","13":"product-type-simple"},"_links":{"self":[{"href":"https:\/\/moyahousehold.com\/pt\/wp-json\/wp\/v2\/product\/4995","targetHints":{"allow":["GET"]}}],"collection":[{"href":"https:\/\/moyahousehold.com\/pt\/wp-json\/wp\/v2\/product"}],"about":[{"href":"https:\/\/moyahousehold.com\/pt\/wp-json\/wp\/v2\/types\/product"}],"replies":[{"embeddable":true,"href":"https:\/\/moyahousehold.com\/pt\/wp-json\/wp\/v2\/comments?post=4995"}],"version-history":[{"count":0,"href":"https:\/\/moyahousehold.com\/pt\/wp-json\/wp\/v2\/product\/4995\/revisions"}],"wp:featuredmedia":[{"embeddable":true,"href":"https:\/\/moyahousehold.com\/pt\/wp-json\/wp\/v2\/media\/7796"}],"wp:attachment":[{"href":"https:\/\/moyahousehold.com\/pt\/wp-json\/wp\/v2\/media?parent=4995"}],"wp:term":[{"taxonomy":"product_cat","embeddable":true,"href":"https:\/\/moyahousehold.com\/pt\/wp-json\/wp\/v2\/product_cat?post=4995"},{"taxonomy":"product_tag","embeddable":true,"href":"https:\/\/moyahousehold.com\/pt\/wp-json\/wp\/v2\/product_tag?post=4995"}],"curies":[{"name":"wp","href":"https:\/\/api.w.org\/{rel}","templated":true}]}}