{"id":5016,"date":"2024-05-22T06:04:02","date_gmt":"2024-05-22T06:04:02","guid":{"rendered":"https:\/\/moyahousehold.com\/?post_type=product&#038;p=5016"},"modified":"2025-02-05T08:44:21","modified_gmt":"2025-02-05T08:44:21","slug":"wholesale-rectangular-lunch-boxes-in-bulk","status":"publish","type":"product","link":"https:\/\/moyahousehold.com\/pt\/produto\/wholesale-rectangular-lunch-boxes-in-bulk\/","title":{"rendered":"Lancheira retangular por atacado a granel - Fornecedor e fabricante de lancheira de a\u00e7o inoxid\u00e1vel MOYA"},"content":{"rendered":"<div class=\"wp-block-columns is-layout-flex wp-container-core-columns-is-layout-9d6595d7 wp-block-columns-is-layout-flex\">\n<div class=\"wp-block-column is-layout-flow wp-block-column-is-layout-flow\">\n<h3 class=\"wp-block-heading\">Lancheiras rectangulares Par\u00e2metros <\/h3>\n<\/div>\n<\/div>\n\n\n\n<p><strong>Material<\/strong>:304+PP  <strong>Cor<\/strong>Verde\/amarelo<\/p>\n\n\n\n<figure class=\"wp-block-table\"><table><tbody><tr><td>N\u00famero do modelo<\/td><td>Capacidade<\/td><td>Tamanho do produto<\/td><td>Tamanho da caixa exterior<\/td><td>Quantidade por caixa<\/td><td>N.W<\/td><td>G.W\/Caixa<\/td><\/tr><tr><td>MYJD099<\/td><td>550ML<\/td><td>14.5*10*7.5&nbsp;<\/td><td>60*50*53<\/td><td>60<\/td><td>0.25<\/td><td>26.4<\/td><\/tr><tr><td>MYJD100<\/td><td>850ML<\/td><td>17*11.8*8<\/td><td>61*58*60<\/td><td>48<\/td><td>0.35<\/td><td>26.28<\/td><\/tr><tr><td>MYJD101<\/td><td>1800ML<br>com pega<\/td><td>19.8*14.5*10<\/td><td>67*66*45<\/td><td>36<\/td><td>0.53<\/td><td>42<\/td><\/tr><\/tbody><\/table><\/figure>\n\n\n\n<h3 class=\"wp-block-heading\">Op\u00e7\u00f5es de lancheiras personalizadas<\/h3>\n\n\n\n<p><strong>Log\u00f3tipo<\/strong>: personalizar o log\u00f3tipo da sua marca nas lancheiras e na embalagem.<br><strong>Tampa<\/strong>: Tampa de vidro, tampa PP<br><strong>Op\u00e7\u00f5es de log\u00f3tipo<\/strong>: log\u00f3tipo impresso, log\u00f3tipo gravado a laser, etc.<br><strong>Padr\u00e3o<\/strong>: padr\u00f5es de impress\u00e3o em lancheiras rectangulares e embalagens.<br><strong>Tecnologia de impress\u00e3o:<\/strong> impress\u00e3o por transfer\u00eancia de \u00e1gua, serigrafia, impress\u00e3o por transfer\u00eancia de calor, etc.<br><strong>Embalagem<\/strong>:caixa de cor<br><a href=\"https:\/\/moyahousehold.com\/pt\/solucao-personalizada\/\" data-type=\"page\" data-id=\"2817\"><strong>Saiba mais sobre as solu\u00e7\u00f5es de lancheiras personalizadas <\/strong><\/a><\/p>\n\n\n\n<div class=\"wp-block-columns is-layout-flex wp-container-core-columns-is-layout-9d6595d7 wp-block-columns-is-layout-flex\">\n<div class=\"wp-block-column is-layout-flow wp-block-column-is-layout-flow\">\n<figure class=\"wp-block-image size-full\"><img fetchpriority=\"high\" decoding=\"async\" width=\"2656\" height=\"2658\" src=\"https:\/\/moyahousehold.com\/wp-content\/uploads\/2024\/05\/stainless-steel-lunch-box-supplier-2.jpg\" alt=\"fornecedor de lancheiras em a\u00e7o inoxid\u00e1vel (2)\" class=\"wp-image-7604\" srcset=\"https:\/\/moyahousehold.com\/wp-content\/uploads\/2024\/05\/stainless-steel-lunch-box-supplier-2.jpg 2656w, https:\/\/moyahousehold.com\/wp-content\/uploads\/2024\/05\/stainless-steel-lunch-box-supplier-2-300x300.jpg 300w, https:\/\/moyahousehold.com\/wp-content\/uploads\/2024\/05\/stainless-steel-lunch-box-supplier-2-150x150.jpg 150w, https:\/\/moyahousehold.com\/wp-content\/uploads\/2024\/05\/stainless-steel-lunch-box-supplier-2-768x769.jpg 768w, https:\/\/moyahousehold.com\/wp-content\/uploads\/2024\/05\/stainless-steel-lunch-box-supplier-2-12x12.jpg 12w, https:\/\/moyahousehold.com\/wp-content\/uploads\/2024\/05\/stainless-steel-lunch-box-supplier-2-285x285.jpg 285w, https:\/\/moyahousehold.com\/wp-content\/uploads\/2024\/05\/stainless-steel-lunch-box-supplier-2-1600x1601.jpg 1600w, https:\/\/moyahousehold.com\/wp-content\/uploads\/2024\/05\/stainless-steel-lunch-box-supplier-2-270x270.jpg 270w, https:\/\/moyahousehold.com\/wp-content\/uploads\/2024\/05\/stainless-steel-lunch-box-supplier-2-540x540.jpg 540w, https:\/\/moyahousehold.com\/wp-content\/uploads\/2024\/05\/stainless-steel-lunch-box-supplier-2-660x660.jpg 660w\" sizes=\"(max-width: 2656px) 100vw, 2656px\" \/><\/figure>\n<\/div>\n\n\n\n<div class=\"wp-block-column is-layout-flow wp-block-column-is-layout-flow\">\n<figure class=\"wp-block-image size-full\"><img decoding=\"async\" width=\"2656\" height=\"2658\" src=\"https:\/\/moyahousehold.com\/wp-content\/uploads\/2024\/05\/stainless-steel-lunch-box-supplier-4.jpg\" alt=\"fornecedor de lancheiras em a\u00e7o inoxid\u00e1vel (4)\" class=\"wp-image-7606\" srcset=\"https:\/\/moyahousehold.com\/wp-content\/uploads\/2024\/05\/stainless-steel-lunch-box-supplier-4.jpg 2656w, https:\/\/moyahousehold.com\/wp-content\/uploads\/2024\/05\/stainless-steel-lunch-box-supplier-4-300x300.jpg 300w, https:\/\/moyahousehold.com\/wp-content\/uploads\/2024\/05\/stainless-steel-lunch-box-supplier-4-150x150.jpg 150w, https:\/\/moyahousehold.com\/wp-content\/uploads\/2024\/05\/stainless-steel-lunch-box-supplier-4-768x769.jpg 768w, https:\/\/moyahousehold.com\/wp-content\/uploads\/2024\/05\/stainless-steel-lunch-box-supplier-4-12x12.jpg 12w, https:\/\/moyahousehold.com\/wp-content\/uploads\/2024\/05\/stainless-steel-lunch-box-supplier-4-285x285.jpg 285w, https:\/\/moyahousehold.com\/wp-content\/uploads\/2024\/05\/stainless-steel-lunch-box-supplier-4-1600x1601.jpg 1600w, https:\/\/moyahousehold.com\/wp-content\/uploads\/2024\/05\/stainless-steel-lunch-box-supplier-4-270x270.jpg 270w, https:\/\/moyahousehold.com\/wp-content\/uploads\/2024\/05\/stainless-steel-lunch-box-supplier-4-540x540.jpg 540w, https:\/\/moyahousehold.com\/wp-content\/uploads\/2024\/05\/stainless-steel-lunch-box-supplier-4-660x660.jpg 660w\" sizes=\"(max-width: 2656px) 100vw, 2656px\" \/><\/figure>\n<\/div>\n<\/div>","protected":false},"excerpt":{"rendered":"<p>MOYA \u00e9 um fornecedor e fabricante de lancheira de a\u00e7o inoxid\u00e1vel na China. N\u00f3s fornecemos produtos de alta qualidade de lancheira retangular por atacado. As nossas lancheiras de a\u00e7o inoxid\u00e1vel s\u00e3o feitas de a\u00e7o inoxid\u00e1vel 304 de qualidade alimentar, que \u00e9 resistente \u00e0 corros\u00e3o, f\u00e1cil de limpar e equipado com pegas ergon\u00f3micas. S\u00e3o f\u00e1ceis de transportar e adequadas para casa, escola, escrit\u00f3rio, piqueniques ao ar livre e restaurantes. Escolha MOYA como seu fornecedor de lancheira de a\u00e7o inoxid\u00e1vel de alta qualidade, iremos fornecer-lhe os melhores servi\u00e7os por atacado e personalizados, entre em contato conosco para pre\u00e7os competitivos.<\/p>\n<h3>Carater\u00edsticas e vantagens das lancheiras rectangulares<\/h3>\n<p><strong>Servi\u00e7o de alta qualidade<\/strong>: Como principal fornecedor de lancheira de a\u00e7o inoxid\u00e1vel da China, a nossa equipa fornece-lhe o melhor servi\u00e7o de lancheira por atacado, fornecendo amostras gr\u00e1tis, assist\u00eancia administrativa, etc.<\/p>\n<p><strong>Solu\u00e7\u00e3o personalizada OEM&amp;ODM<\/strong>: A nossa f\u00e1brica de lancheiras em a\u00e7o inoxid\u00e1vel concebe uma solu\u00e7\u00e3o personalizada que satisfaz as suas necessidades e produz produtos que cumprem as normas internacionais e o reconhecimento do mercado.<\/p>\n<p><strong>Design de estilo simples<\/strong>: As nossas lancheiras adoptam um design de estilo minimalista e uma combina\u00e7\u00e3o de cores limpas e frescas, e o aspeto geral \u00e9 elegante e bonito<\/p>\n<p><strong>Material de qualidade alimentar<\/strong>: As nossas lancheiras de a\u00e7o inoxid\u00e1vel s\u00e3o feitas de a\u00e7o inoxid\u00e1vel 304 de qualidade alimentar, que \u00e9 robusto e dur\u00e1vel, anti-queda e resistente \u00e0 corros\u00e3o, garantindo uma utiliza\u00e7\u00e3o segura e saud\u00e1vel.<\/p>\n<p><strong>Conce\u00e7\u00e3o compartimentada<\/strong>: O interior da lancheira adopta um design compartimentado, que \u00e9 conveniente para o armazenamento de alimentos, sem sabor cruzado e com uma correspond\u00eancia nutricional mais conveniente e razo\u00e1vel.<\/p>\n<p><strong>Especifica\u00e7\u00f5es completas<\/strong>: Fornecer uma variedade de especifica\u00e7\u00f5es, os utilizadores podem combinar e utilizar livremente para satisfazer diferentes necessidades.<\/p>\n<p><strong>F\u00e1cil de executar<\/strong>: A lancheira est\u00e1 equipada com um fecho de quatro lados e um anel de silicone, o que \u00e9 mais c\u00f3modo de transportar e garante que os alimentos n\u00e3o vazam.<\/p>\n<p><strong>Veda\u00e7\u00e3o de camada dupla<\/strong>: Design de veda\u00e7\u00e3o de camada dupla, mais seguro para transportar consigo, manter os alimentos frescos.<\/p>\n<p><strong>Leve e resistente<\/strong>: A lancheira tem um design simples e pr\u00e1tico, \u00e9 leve e resistente, adequada para a conserva\u00e7\u00e3o di\u00e1ria de alimentos e para muitas outras utiliza\u00e7\u00f5es.<\/p>\n<p><strong><a href=\"https:\/\/moyahousehold.com\/pt\/solucao-personalizada\/\">\u00a0Saiba mais sobre o servi\u00e7o personalizado OEM&amp;ODM<\/a><\/strong><\/p>","protected":false},"featured_media":8937,"comment_status":"closed","ping_status":"closed","template":"","meta":[],"product_cat":[58],"product_tag":[87,92],"class_list":{"0":"post-5016","1":"product","2":"type-product","3":"status-publish","4":"has-post-thumbnail","6":"product_cat-lunch-box-wholesale","7":"product_tag-wholesale-multi-compartment-lunch-box","8":"product_tag-wholesale-rectangle-lunch-box","10":"first","11":"instock","12":"shipping-taxable","13":"product-type-simple"},"_links":{"self":[{"href":"https:\/\/moyahousehold.com\/pt\/wp-json\/wp\/v2\/product\/5016","targetHints":{"allow":["GET"]}}],"collection":[{"href":"https:\/\/moyahousehold.com\/pt\/wp-json\/wp\/v2\/product"}],"about":[{"href":"https:\/\/moyahousehold.com\/pt\/wp-json\/wp\/v2\/types\/product"}],"replies":[{"embeddable":true,"href":"https:\/\/moyahousehold.com\/pt\/wp-json\/wp\/v2\/comments?post=5016"}],"version-history":[{"count":0,"href":"https:\/\/moyahousehold.com\/pt\/wp-json\/wp\/v2\/product\/5016\/revisions"}],"wp:featuredmedia":[{"embeddable":true,"href":"https:\/\/moyahousehold.com\/pt\/wp-json\/wp\/v2\/media\/8937"}],"wp:attachment":[{"href":"https:\/\/moyahousehold.com\/pt\/wp-json\/wp\/v2\/media?parent=5016"}],"wp:term":[{"taxonomy":"product_cat","embeddable":true,"href":"https:\/\/moyahousehold.com\/pt\/wp-json\/wp\/v2\/product_cat?post=5016"},{"taxonomy":"product_tag","embeddable":true,"href":"https:\/\/moyahousehold.com\/pt\/wp-json\/wp\/v2\/product_tag?post=5016"}],"curies":[{"name":"wp","href":"https:\/\/api.w.org\/{rel}","templated":true}]}}